{"id":33158,"date":"2024-10-24T09:37:38","date_gmt":"2024-10-24T09:37:38","guid":{"rendered":"https:\/\/www.iceireland.com\/academic-management-and-alignment-with-the-common-european-framework-of-reference-for-languages-cefr\/"},"modified":"2026-03-13T15:53:36","modified_gmt":"2026-03-13T15:53:36","slug":"academic-management-and-alignment-with-the-common-european-framework-of-reference-for-languages-cefr","status":"publish","type":"page","link":"https:\/\/www.iceireland.com\/es\/academic-management-and-alignment-with-the-common-european-framework-of-reference-for-languages-cefr\/","title":{"rendered":"Gesti\u00f3n acad\u00e9mica y alineaci\u00f3n con el Marco Com\u00fan Europeo de Referencia para las Lenguas (MCER)"},"content":{"rendered":"\t\t<div data-elementor-type=\"wp-page\" data-elementor-id=\"33158\" class=\"elementor elementor-33158 elementor-28168\" data-elementor-post-type=\"page\">\n\t\t\t\t\t\t<section class=\"elementor-section elementor-top-section elementor-element elementor-element-d4125d9 elementor-section-boxed elementor-section-height-default elementor-section-height-default\" data-id=\"d4125d9\" data-element_type=\"section\" data-e-type=\"section\">\n\t\t\t\t\t\t<div class=\"elementor-container elementor-column-gap-default\">\n\t\t\t\t\t<div class=\"elementor-column elementor-col-100 elementor-top-column elementor-element elementor-element-5323e80\" data-id=\"5323e80\" data-element_type=\"column\" data-e-type=\"column\">\n\t\t\t<div class=\"elementor-widget-wrap elementor-element-populated\">\n\t\t\t\t\t\t<div class=\"elementor-element elementor-element-ea69dc5 elementor-widget elementor-widget-text-editor\" data-id=\"ea69dc5\" data-element_type=\"widget\" data-e-type=\"widget\" data-widget_type=\"text-editor.default\">\n\t\t\t\t<div class=\"elementor-widget-container\">\n\t\t\t\t\t\t\t\t\t<h3><strong>Marco Com\u00fan Europeo de Referencia para las Lenguas (MCER).<\/strong><\/h3><p><strong> <\/strong><\/p><p><strong>El ICE alinea sus cursos y evaluaciones con el Marco Com\u00fan Europeo de Referencia para las Lenguas (MCER) para garantizar un alto nivel educativo y coherencia. Este compromiso favorece el \u00e9xito de los estudiantes y cumple los criterios de acreditaci\u00f3n de QQI. <\/strong><\/p><p>En el Irish College of English (ICE), nuestros sistemas de gesti\u00f3n acad\u00e9mica est\u00e1n dise\u00f1ados para mantener los m\u00e1s altos niveles de excelencia educativa y garantizar la alineaci\u00f3n con el Marco Com\u00fan Europeo de Referencia para las Lenguas (MCER) en todos los aspectos de nuestros programas. Un elemento central de nuestro enfoque es un marco estructurado que abarca el desarrollo del plan de estudios, las metodolog\u00edas de ense\u00f1anza, las pr\u00e1cticas de evaluaci\u00f3n y los mecanismos de apoyo al alumno. Para m\u00e1s informaci\u00f3n, consulta nuestro Manual de garant\u00eda de calidad.  <\/p><p><strong> <\/strong><\/p><p> <\/p>\t\t\t\t\t\t\t\t<\/div>\n\t\t\t\t<\/div>\n\t\t\t\t\t<\/div>\n\t\t<\/div>\n\t\t\t\t\t<\/div>\n\t\t<\/section>\n\t\t\t\t<section class=\"elementor-section elementor-top-section elementor-element elementor-element-9466ba0 elementor-section-boxed elementor-section-height-default elementor-section-height-default\" data-id=\"9466ba0\" data-element_type=\"section\" data-e-type=\"section\">\n\t\t\t\t\t\t<div class=\"elementor-container elementor-column-gap-default\">\n\t\t\t\t\t<div class=\"elementor-column elementor-col-100 elementor-top-column elementor-element elementor-element-e07671a\" data-id=\"e07671a\" data-element_type=\"column\" data-e-type=\"column\">\n\t\t\t<div class=\"elementor-widget-wrap elementor-element-populated\">\n\t\t\t\t\t\t<div class=\"elementor-element elementor-element-f5372b9 elementor-widget elementor-widget-image\" data-id=\"f5372b9\" data-element_type=\"widget\" data-e-type=\"widget\" data-widget_type=\"image.default\">\n\t\t\t\t<div class=\"elementor-widget-container\">\n\t\t\t\t\t\t\t\t\t\t\t\t\t\t\t<img fetchpriority=\"high\" decoding=\"async\" width=\"673\" height=\"1024\" src=\"https:\/\/www.iceireland.com\/wp-content\/uploads\/2026\/03\/CEFR-Journey-673x1024.jpg\" class=\"attachment-large size-large wp-image-35663\" alt=\"CEFR\" srcset=\"https:\/\/www.iceireland.com\/wp-content\/uploads\/2026\/03\/CEFR-Journey-673x1024.jpg 673w, https:\/\/www.iceireland.com\/wp-content\/uploads\/2026\/03\/CEFR-Journey-197x300.jpg 197w, https:\/\/www.iceireland.com\/wp-content\/uploads\/2026\/03\/CEFR-Journey-768x1168.jpg 768w, https:\/\/www.iceireland.com\/wp-content\/uploads\/2026\/03\/CEFR-Journey.jpg 800w\" sizes=\"(max-width: 673px) 100vw, 673px\" \/>\t\t\t\t\t\t\t\t\t\t\t\t\t\t\t<\/div>\n\t\t\t\t<\/div>\n\t\t\t\t\t<\/div>\n\t\t<\/div>\n\t\t\t\t\t<\/div>\n\t\t<\/section>\n\t\t\t\t<section class=\"elementor-section elementor-top-section elementor-element elementor-element-1cd95d8 elementor-section-boxed elementor-section-height-default elementor-section-height-default\" data-id=\"1cd95d8\" data-element_type=\"section\" data-e-type=\"section\">\n\t\t\t\t\t\t<div class=\"elementor-container elementor-column-gap-default\">\n\t\t\t\t\t<div class=\"elementor-column elementor-col-100 elementor-top-column elementor-element elementor-element-8bfee5b\" data-id=\"8bfee5b\" data-element_type=\"column\" data-e-type=\"column\">\n\t\t\t<div class=\"elementor-widget-wrap elementor-element-populated\">\n\t\t\t\t\t\t<div class=\"elementor-element elementor-element-1b6b42d elementor-widget elementor-widget-text-editor\" data-id=\"1b6b42d\" data-element_type=\"widget\" data-e-type=\"widget\" data-widget_type=\"text-editor.default\">\n\t\t\t\t<div class=\"elementor-widget-container\">\n\t\t\t\t\t\t\t\t\t<p><strong>Sobre el MCER<\/strong><\/p><p>El MCER se elabor\u00f3 para proporcionar una base com\u00fan para la descripci\u00f3n expl\u00edcita de objetivos, contenidos y m\u00e9todos en la ense\u00f1anza de segundas lenguas o lenguas extranjeras.<\/p><p>El MCER<\/p><p>adopta un enfoque orientado a la acci\u00f3n, describiendo los resultados del aprendizaje de idiomas en t\u00e9rminos de uso de la lengua;<\/p><p>tiene tres dimensiones principales: las actividades ling\u00fc\u00edsticas, los \u00e1mbitos en los que se producen y las competencias a las que recurrimos cuando las realizamos;<\/p><p>divide las actividades ling\u00fc\u00edsticas en cuatro tipos: recepci\u00f3n (escuchar y leer), producci\u00f3n (oral y escrita), interacci\u00f3n (oral y escrita) y mediaci\u00f3n (traducir e interpretar);<\/p><p>proporciona una descripci\u00f3n taxon\u00f3mica de cuatro \u00e1mbitos de uso de la lengua -p\u00fablico, personal, educativo y profesional- para cada uno de los cuales especifica lugares, instituciones, personas, objetos, acontecimientos, operaciones y textos.<\/p><p>Para la recepci\u00f3n, la producci\u00f3n, la interacci\u00f3n y algunas competencias, el MCER define seis niveles de referencia comunes (A1, A2, B1, B2, C1, C2), utilizando descriptores \u00abpuede hacer\u00bb para definir la competencia del alumno\/usuario en cada nivel.<\/p><p>Los niveles comunes de referencia proporcionan una base para comparar planes de estudios, libros de texto, cursos y ex\u00e1menes de segundas lenguas o lenguas extranjeras. Junto con el resto del aparato descriptivo del MCER, tambi\u00e9n pueden utilizarse para apoyar el dise\u00f1o de planes de estudios, programas de ense\u00f1anza, materiales de aprendizaje e instrumentos de evaluaci\u00f3n. <\/p><p>La autoevaluaci\u00f3n, que es una caracter\u00edstica central del PEL, proporciona el v\u00ednculo esencial entre el PEL y el MCER. La autoevaluaci\u00f3n se lleva a cabo mediante listas de control de descriptores \u00abPuedo\u00bb ordenadas por actividad ling\u00fc\u00edstica y nivel de referencia com\u00fan (biograf\u00eda ling\u00fc\u00edstica) y resumidas con referencia a la tabla de autoevaluaci\u00f3n del MCER (pasaporte ling\u00fc\u00edstico). <\/p><p>El Irish College of English ofrece los niveles A2 a C1, con resultados de aprendizaje definidos en Descriptores espec\u00edficos \u00abCan do\u00bb tanto para nuestros Programas Junior como para Adultos.<\/p>\t\t\t\t\t\t\t\t<\/div>\n\t\t\t\t<\/div>\n\t\t\t\t\t<\/div>\n\t\t<\/div>\n\t\t\t\t\t<\/div>\n\t\t<\/section>\n\t\t\t\t<section class=\"elementor-section elementor-top-section elementor-element elementor-element-e131066 elementor-section-boxed elementor-section-height-default elementor-section-height-default\" data-id=\"e131066\" data-element_type=\"section\" data-e-type=\"section\">\n\t\t\t\t\t\t<div class=\"elementor-container elementor-column-gap-default\">\n\t\t\t\t\t<div class=\"elementor-column elementor-col-100 elementor-top-column elementor-element elementor-element-dc21c32\" data-id=\"dc21c32\" data-element_type=\"column\" data-e-type=\"column\">\n\t\t\t<div class=\"elementor-widget-wrap elementor-element-populated\">\n\t\t\t\t\t\t<div class=\"elementor-element elementor-element-c073d7a elementor-widget elementor-widget-spacer\" data-id=\"c073d7a\" data-element_type=\"widget\" data-e-type=\"widget\" data-widget_type=\"spacer.default\">\n\t\t\t\t<div class=\"elementor-widget-container\">\n\t\t\t\t\t\t\t<div class=\"elementor-spacer\">\n\t\t\t<div class=\"elementor-spacer-inner\"><\/div>\n\t\t<\/div>\n\t\t\t\t\t\t<\/div>\n\t\t\t\t<\/div>\n\t\t\t\t\t<\/div>\n\t\t<\/div>\n\t\t\t\t\t<\/div>\n\t\t<\/section>\n\t\t\t\t<\/div>\n\t\t","protected":false},"excerpt":{"rendered":"<p>Marco Com\u00fan Europeo de Referencia para las Lenguas (MCER). El ICE alinea sus cursos y evaluaciones con el Marco Com\u00fan Europeo de Referencia para las Lenguas (MCER) para garantizar un alto nivel educativo y coherencia. Este compromiso favorece el \u00e9xito de los estudiantes y cumple los criterios de acreditaci\u00f3n de QQI. En el Irish College [&hellip;]<\/p>\n","protected":false},"author":3,"featured_media":0,"parent":0,"menu_order":0,"comment_status":"closed","ping_status":"closed","template":"","meta":{"content-type":"","footnotes":""},"class_list":["post-33158","page","type-page","status-publish","hentry"],"yoast_head":"<!-- This site is optimized with the Yoast SEO plugin v27.3 - https:\/\/yoast.com\/product\/yoast-seo-wordpress\/ -->\n<title>Gesti\u00f3n acad\u00e9mica y alineaci\u00f3n con el Marco Com\u00fan Europeo de Referencia para las Lenguas (MCER) - Irish College of English<\/title>\n<meta name=\"robots\" content=\"index, follow, max-snippet:-1, max-image-preview:large, max-video-preview:-1\" \/>\n<link rel=\"canonical\" href=\"https:\/\/www.iceireland.com\/es\/academic-management-and-alignment-with-the-common-european-framework-of-reference-for-languages-cefr\/\" \/>\n<meta property=\"og:locale\" content=\"es_ES\" \/>\n<meta property=\"og:type\" content=\"article\" \/>\n<meta property=\"og:title\" content=\"Gesti\u00f3n acad\u00e9mica y alineaci\u00f3n con el Marco Com\u00fan Europeo de Referencia para las Lenguas (MCER) - Irish College of English\" \/>\n<meta property=\"og:description\" content=\"Marco Com\u00fan Europeo de Referencia para las Lenguas (MCER). El ICE alinea sus cursos y evaluaciones con el Marco Com\u00fan Europeo de Referencia para las Lenguas (MCER) para garantizar un alto nivel educativo y coherencia. Este compromiso favorece el \u00e9xito de los estudiantes y cumple los criterios de acreditaci\u00f3n de QQI. En el Irish College [&hellip;]\" \/>\n<meta property=\"og:url\" content=\"https:\/\/www.iceireland.com\/es\/academic-management-and-alignment-with-the-common-european-framework-of-reference-for-languages-cefr\/\" \/>\n<meta property=\"og:site_name\" content=\"Irish College of English\" \/>\n<meta property=\"article:modified_time\" content=\"2026-03-13T15:53:36+00:00\" \/>\n<meta property=\"og:image\" content=\"https:\/\/www.iceireland.com\/wp-content\/uploads\/2026\/03\/CEFR-Journey.jpg\" \/>\n\t<meta property=\"og:image:width\" content=\"800\" \/>\n\t<meta property=\"og:image:height\" content=\"1217\" \/>\n\t<meta property=\"og:image:type\" content=\"image\/jpeg\" \/>\n<meta name=\"twitter:label1\" content=\"Tiempo de lectura\" \/>\n\t<meta name=\"twitter:data1\" content=\"3 minutos\" \/>\n<script type=\"application\/ld+json\" class=\"yoast-schema-graph\">{\"@context\":\"https:\\\/\\\/schema.org\",\"@graph\":[{\"@type\":\"WebPage\",\"@id\":\"https:\\\/\\\/www.iceireland.com\\\/es\\\/academic-management-and-alignment-with-the-common-european-framework-of-reference-for-languages-cefr\\\/\",\"url\":\"https:\\\/\\\/www.iceireland.com\\\/es\\\/academic-management-and-alignment-with-the-common-european-framework-of-reference-for-languages-cefr\\\/\",\"name\":\"Gesti\u00f3n acad\u00e9mica y alineaci\u00f3n con el Marco Com\u00fan Europeo de Referencia para las Lenguas (MCER) - Irish College of English\",\"isPartOf\":{\"@id\":\"https:\\\/\\\/www.iceireland.com\\\/es\\\/#website\"},\"primaryImageOfPage\":{\"@id\":\"https:\\\/\\\/www.iceireland.com\\\/es\\\/academic-management-and-alignment-with-the-common-european-framework-of-reference-for-languages-cefr\\\/#primaryimage\"},\"image\":{\"@id\":\"https:\\\/\\\/www.iceireland.com\\\/es\\\/academic-management-and-alignment-with-the-common-european-framework-of-reference-for-languages-cefr\\\/#primaryimage\"},\"thumbnailUrl\":\"https:\\\/\\\/www.iceireland.com\\\/wp-content\\\/uploads\\\/2026\\\/03\\\/CEFR-Journey-673x1024.jpg\",\"datePublished\":\"2024-10-24T09:37:38+00:00\",\"dateModified\":\"2026-03-13T15:53:36+00:00\",\"breadcrumb\":{\"@id\":\"https:\\\/\\\/www.iceireland.com\\\/es\\\/academic-management-and-alignment-with-the-common-european-framework-of-reference-for-languages-cefr\\\/#breadcrumb\"},\"inLanguage\":\"es\",\"potentialAction\":[{\"@type\":\"ReadAction\",\"target\":[\"https:\\\/\\\/www.iceireland.com\\\/es\\\/academic-management-and-alignment-with-the-common-european-framework-of-reference-for-languages-cefr\\\/\"]}]},{\"@type\":\"ImageObject\",\"inLanguage\":\"es\",\"@id\":\"https:\\\/\\\/www.iceireland.com\\\/es\\\/academic-management-and-alignment-with-the-common-european-framework-of-reference-for-languages-cefr\\\/#primaryimage\",\"url\":\"https:\\\/\\\/www.iceireland.com\\\/wp-content\\\/uploads\\\/2026\\\/03\\\/CEFR-Journey-673x1024.jpg\",\"contentUrl\":\"https:\\\/\\\/www.iceireland.com\\\/wp-content\\\/uploads\\\/2026\\\/03\\\/CEFR-Journey-673x1024.jpg\"},{\"@type\":\"BreadcrumbList\",\"@id\":\"https:\\\/\\\/www.iceireland.com\\\/es\\\/academic-management-and-alignment-with-the-common-european-framework-of-reference-for-languages-cefr\\\/#breadcrumb\",\"itemListElement\":[{\"@type\":\"ListItem\",\"position\":1,\"name\":\"Home\",\"item\":\"https:\\\/\\\/www.iceireland.com\\\/es\\\/\"},{\"@type\":\"ListItem\",\"position\":2,\"name\":\"Gesti\u00f3n acad\u00e9mica y alineaci\u00f3n con el Marco Com\u00fan Europeo de Referencia para las Lenguas (MCER)\"}]},{\"@type\":\"WebSite\",\"@id\":\"https:\\\/\\\/www.iceireland.com\\\/es\\\/#website\",\"url\":\"https:\\\/\\\/www.iceireland.com\\\/es\\\/\",\"name\":\"Irish College of English\",\"description\":\"English School in Dublin, Malahide\",\"publisher\":{\"@id\":\"https:\\\/\\\/www.iceireland.com\\\/es\\\/#organization\"},\"potentialAction\":[{\"@type\":\"SearchAction\",\"target\":{\"@type\":\"EntryPoint\",\"urlTemplate\":\"https:\\\/\\\/www.iceireland.com\\\/es\\\/?s={search_term_string}\"},\"query-input\":{\"@type\":\"PropertyValueSpecification\",\"valueRequired\":true,\"valueName\":\"search_term_string\"}}],\"inLanguage\":\"es\"},{\"@type\":\"Organization\",\"@id\":\"https:\\\/\\\/www.iceireland.com\\\/es\\\/#organization\",\"name\":\"Irish College of English\",\"url\":\"https:\\\/\\\/www.iceireland.com\\\/es\\\/\",\"logo\":{\"@type\":\"ImageObject\",\"inLanguage\":\"es\",\"@id\":\"https:\\\/\\\/www.iceireland.com\\\/es\\\/#\\\/schema\\\/logo\\\/image\\\/\",\"url\":\"https:\\\/\\\/www.iceireland.com\\\/wp-content\\\/uploads\\\/2022\\\/03\\\/logo.png\",\"contentUrl\":\"https:\\\/\\\/www.iceireland.com\\\/wp-content\\\/uploads\\\/2022\\\/03\\\/logo.png\",\"width\":593,\"height\":92,\"caption\":\"Irish College of English\"},\"image\":{\"@id\":\"https:\\\/\\\/www.iceireland.com\\\/es\\\/#\\\/schema\\\/logo\\\/image\\\/\"}}]}<\/script>\n<!-- \/ Yoast SEO plugin. -->","yoast_head_json":{"title":"Gesti\u00f3n acad\u00e9mica y alineaci\u00f3n con el Marco Com\u00fan Europeo de Referencia para las Lenguas (MCER) - Irish College of English","robots":{"index":"index","follow":"follow","max-snippet":"max-snippet:-1","max-image-preview":"max-image-preview:large","max-video-preview":"max-video-preview:-1"},"canonical":"https:\/\/www.iceireland.com\/es\/academic-management-and-alignment-with-the-common-european-framework-of-reference-for-languages-cefr\/","og_locale":"es_ES","og_type":"article","og_title":"Gesti\u00f3n acad\u00e9mica y alineaci\u00f3n con el Marco Com\u00fan Europeo de Referencia para las Lenguas (MCER) - Irish College of English","og_description":"Marco Com\u00fan Europeo de Referencia para las Lenguas (MCER). El ICE alinea sus cursos y evaluaciones con el Marco Com\u00fan Europeo de Referencia para las Lenguas (MCER) para garantizar un alto nivel educativo y coherencia. Este compromiso favorece el \u00e9xito de los estudiantes y cumple los criterios de acreditaci\u00f3n de QQI. En el Irish College [&hellip;]","og_url":"https:\/\/www.iceireland.com\/es\/academic-management-and-alignment-with-the-common-european-framework-of-reference-for-languages-cefr\/","og_site_name":"Irish College of English","article_modified_time":"2026-03-13T15:53:36+00:00","og_image":[{"width":800,"height":1217,"url":"https:\/\/www.iceireland.com\/wp-content\/uploads\/2026\/03\/CEFR-Journey.jpg","type":"image\/jpeg"}],"twitter_misc":{"Tiempo de lectura":"3 minutos"},"schema":{"@context":"https:\/\/schema.org","@graph":[{"@type":"WebPage","@id":"https:\/\/www.iceireland.com\/es\/academic-management-and-alignment-with-the-common-european-framework-of-reference-for-languages-cefr\/","url":"https:\/\/www.iceireland.com\/es\/academic-management-and-alignment-with-the-common-european-framework-of-reference-for-languages-cefr\/","name":"Gesti\u00f3n acad\u00e9mica y alineaci\u00f3n con el Marco Com\u00fan Europeo de Referencia para las Lenguas (MCER) - Irish College of English","isPartOf":{"@id":"https:\/\/www.iceireland.com\/es\/#website"},"primaryImageOfPage":{"@id":"https:\/\/www.iceireland.com\/es\/academic-management-and-alignment-with-the-common-european-framework-of-reference-for-languages-cefr\/#primaryimage"},"image":{"@id":"https:\/\/www.iceireland.com\/es\/academic-management-and-alignment-with-the-common-european-framework-of-reference-for-languages-cefr\/#primaryimage"},"thumbnailUrl":"https:\/\/www.iceireland.com\/wp-content\/uploads\/2026\/03\/CEFR-Journey-673x1024.jpg","datePublished":"2024-10-24T09:37:38+00:00","dateModified":"2026-03-13T15:53:36+00:00","breadcrumb":{"@id":"https:\/\/www.iceireland.com\/es\/academic-management-and-alignment-with-the-common-european-framework-of-reference-for-languages-cefr\/#breadcrumb"},"inLanguage":"es","potentialAction":[{"@type":"ReadAction","target":["https:\/\/www.iceireland.com\/es\/academic-management-and-alignment-with-the-common-european-framework-of-reference-for-languages-cefr\/"]}]},{"@type":"ImageObject","inLanguage":"es","@id":"https:\/\/www.iceireland.com\/es\/academic-management-and-alignment-with-the-common-european-framework-of-reference-for-languages-cefr\/#primaryimage","url":"https:\/\/www.iceireland.com\/wp-content\/uploads\/2026\/03\/CEFR-Journey-673x1024.jpg","contentUrl":"https:\/\/www.iceireland.com\/wp-content\/uploads\/2026\/03\/CEFR-Journey-673x1024.jpg"},{"@type":"BreadcrumbList","@id":"https:\/\/www.iceireland.com\/es\/academic-management-and-alignment-with-the-common-european-framework-of-reference-for-languages-cefr\/#breadcrumb","itemListElement":[{"@type":"ListItem","position":1,"name":"Home","item":"https:\/\/www.iceireland.com\/es\/"},{"@type":"ListItem","position":2,"name":"Gesti\u00f3n acad\u00e9mica y alineaci\u00f3n con el Marco Com\u00fan Europeo de Referencia para las Lenguas (MCER)"}]},{"@type":"WebSite","@id":"https:\/\/www.iceireland.com\/es\/#website","url":"https:\/\/www.iceireland.com\/es\/","name":"Irish College of English","description":"English School in Dublin, Malahide","publisher":{"@id":"https:\/\/www.iceireland.com\/es\/#organization"},"potentialAction":[{"@type":"SearchAction","target":{"@type":"EntryPoint","urlTemplate":"https:\/\/www.iceireland.com\/es\/?s={search_term_string}"},"query-input":{"@type":"PropertyValueSpecification","valueRequired":true,"valueName":"search_term_string"}}],"inLanguage":"es"},{"@type":"Organization","@id":"https:\/\/www.iceireland.com\/es\/#organization","name":"Irish College of English","url":"https:\/\/www.iceireland.com\/es\/","logo":{"@type":"ImageObject","inLanguage":"es","@id":"https:\/\/www.iceireland.com\/es\/#\/schema\/logo\/image\/","url":"https:\/\/www.iceireland.com\/wp-content\/uploads\/2022\/03\/logo.png","contentUrl":"https:\/\/www.iceireland.com\/wp-content\/uploads\/2022\/03\/logo.png","width":593,"height":92,"caption":"Irish College of English"},"image":{"@id":"https:\/\/www.iceireland.com\/es\/#\/schema\/logo\/image\/"}}]}},"_links":{"self":[{"href":"https:\/\/www.iceireland.com\/es\/wp-json\/wp\/v2\/pages\/33158","targetHints":{"allow":["GET"]}}],"collection":[{"href":"https:\/\/www.iceireland.com\/es\/wp-json\/wp\/v2\/pages"}],"about":[{"href":"https:\/\/www.iceireland.com\/es\/wp-json\/wp\/v2\/types\/page"}],"author":[{"embeddable":true,"href":"https:\/\/www.iceireland.com\/es\/wp-json\/wp\/v2\/users\/3"}],"replies":[{"embeddable":true,"href":"https:\/\/www.iceireland.com\/es\/wp-json\/wp\/v2\/comments?post=33158"}],"version-history":[{"count":2,"href":"https:\/\/www.iceireland.com\/es\/wp-json\/wp\/v2\/pages\/33158\/revisions"}],"predecessor-version":[{"id":35717,"href":"https:\/\/www.iceireland.com\/es\/wp-json\/wp\/v2\/pages\/33158\/revisions\/35717"}],"wp:attachment":[{"href":"https:\/\/www.iceireland.com\/es\/wp-json\/wp\/v2\/media?parent=33158"}],"curies":[{"name":"wp","href":"https:\/\/api.w.org\/{rel}","templated":true}]}}