{"id":33166,"date":"2024-08-14T09:14:18","date_gmt":"2024-08-14T09:14:18","guid":{"rendered":"https:\/\/www.iceireland.com\/access-transfer-and-progression-adult-courses\/"},"modified":"2026-01-30T18:26:34","modified_gmt":"2026-01-30T18:26:34","slug":"access-transfer-and-progression-adult-courses","status":"publish","type":"page","link":"https:\/\/www.iceireland.com\/es\/access-transfer-and-progression-adult-courses\/","title":{"rendered":"Acceso, Transferencia y Progresi\u00f3n &#8211; Cursos para Adultos"},"content":{"rendered":"\t\t<div data-elementor-type=\"wp-page\" data-elementor-id=\"33166\" class=\"elementor elementor-33166 elementor-27311\" data-elementor-post-type=\"page\">\n\t\t\t\t\t\t<section class=\"elementor-section elementor-top-section elementor-element elementor-element-3e74ae5 elementor-section-boxed elementor-section-height-default elementor-section-height-default\" data-id=\"3e74ae5\" data-element_type=\"section\" data-e-type=\"section\">\n\t\t\t\t\t\t<div class=\"elementor-container elementor-column-gap-default\">\n\t\t\t\t\t<div class=\"elementor-column elementor-col-100 elementor-top-column elementor-element elementor-element-f15b9c2\" data-id=\"f15b9c2\" data-element_type=\"column\" data-e-type=\"column\">\n\t\t\t<div class=\"elementor-widget-wrap elementor-element-populated\">\n\t\t\t\t\t\t<div class=\"elementor-element elementor-element-de548c2 elementor-widget elementor-widget-text-editor\" data-id=\"de548c2\" data-element_type=\"widget\" data-e-type=\"widget\" data-widget_type=\"text-editor.default\">\n\t\t\t\t<div class=\"elementor-widget-container\">\n\t\t\t\t\t\t\t\t\t<h2><strong>Acceso, Transferencia y Progresi\u00f3n &#8211; Cursos para Adultos<\/strong><\/h2><p><strong>Accede a<\/strong><\/p><p>Criterios de admisi\u00f3n:<\/p><p>Nuestro proceso de admisi\u00f3n est\u00e1 dise\u00f1ado para ser inclusivo y transparente, y se adhiere a criterios claros tanto para los estudiantes j\u00f3venes como para los adultos, garantizando la igualdad de oportunidades para todos los solicitantes. La informaci\u00f3n sobre nuestros programas y procedimientos de admisi\u00f3n se comunica con claridad y se pone a disposici\u00f3n de los futuros alumnos, garantizando la transparencia y la accesibilidad. <\/p><ul><li>La informaci\u00f3n sobre nuestros cursos est\u00e1 disponible en nuestro sitio web y tambi\u00e9n a trav\u00e9s de nuestro equipo de inscripciones.<\/li><li>Los estudiantes\/padres\/tutores u organizadores de grupos pueden solicitarlo en l\u00ednea a trav\u00e9s de nuestro sistema de reservas o del formulario de solicitud de grupos<\/li><li>Tambi\u00e9n aceptamos consultas directas y contacto por correo electr\u00f3nico o tel\u00e9fono o en persona en nuestra escuela de Malahide<\/li><li>Proporcionamos amplia informaci\u00f3n previa a la reserva, incluidos folletos, formularios de reserva e informaci\u00f3n adicional.<\/li><\/ul><p>Apoyo a alumnos diversos:<\/p><p>Nos comprometemos a proporcionar adaptaciones razonables y servicios de apoyo a los alumnos y evaluaremos caso por caso qu\u00e9 necesidades adicionales podemos apoyar dentro de nuestros programas. Nuestra pol\u00edtica sobre condiciones m\u00e9dicas y necesidades adicionales puede consultarse en nuestro sitio web, en el Manual de Garant\u00eda de Calidad, por todas las partes interesadas.   <\/p><p> <\/p><p><strong>Transferencia<\/strong><\/p><p>Transferencia interna:<\/p><p>Los alumnos pueden solicitar transferencias internas entre cursos o niveles, en funci\u00f3n de la disponibilidad y de la capacidad demostrada por el alumno.<\/p><p>Transferencia externa:<\/p><p>Las solicitudes de alumnos que se unan a nosotros procedentes de otras escuelas de idiomas o instituciones se estudiar\u00e1n caso por caso, teniendo en cuenta los conocimientos ling\u00fc\u00edsticos previos y el contenido del curso.<\/p><p>Procedimientos de transferencia:<\/p><p>Los alumnos que deseen trasladarse a otro programa o nivel, pueden comunicarlo a su profesor o a admisiones\/recepci\u00f3n. El Responsable Acad\u00e9mico debatir\u00e1 el traslado con su profesor en relaci\u00f3n con su idoneidad acad\u00e9mica para dicho traslado y con las operaciones relativas a los espacios y tomar\u00e1 una decisi\u00f3n que comunicar\u00e1 al alumno junto con su razonamiento. <\/p><p> <\/p><p><strong>Progresi\u00f3n<\/strong><\/p><p>Progresi\u00f3n acad\u00e9mica:<\/p><p>Apoyamos la progresi\u00f3n acad\u00e9mica de los alumnos bas\u00e1ndonos en la finalizaci\u00f3n con \u00e9xito de los objetivos del curso alineados con el MCER.<\/p><p>Procedimientos de progresi\u00f3n:<\/p><ul><li>Las evaluaciones peri\u00f3dicas y los comentarios har\u00e1n un seguimiento del progreso de los alumnos conforme al MCER y, cuando un profesor considere que un alumno est\u00e1 preparado para pasar al siguiente nivel, se lo comunicar\u00e1 y se pondr\u00e1 en marcha un plan.<\/li><li>Hay carteles sobre la progresi\u00f3n en los tablones de anuncios de los alumnos y en algunos manuales.<\/li><li>Al finalizar el curso, los alumnos reciben un certificado de aptitud y un informe individual de seguimiento de su progreso con respecto a los descriptores \u00abpuede hacer\u00bb del MCER.<\/li><\/ul><p>El Prop\u00f3sito de los Programas de Cursos y los Resultados de Aprendizaje Pretendidos se describen para cada programa de curso.<\/p>\t\t\t\t\t\t\t\t<\/div>\n\t\t\t\t<\/div>\n\t\t\t\t\t<\/div>\n\t\t<\/div>\n\t\t\t\t\t<\/div>\n\t\t<\/section>\n\t\t\t\t<section class=\"elementor-section elementor-top-section elementor-element elementor-element-e7e679c elementor-section-boxed elementor-section-height-default elementor-section-height-default\" data-id=\"e7e679c\" data-element_type=\"section\" data-e-type=\"section\">\n\t\t\t\t\t\t<div class=\"elementor-container elementor-column-gap-default\">\n\t\t\t\t\t<div class=\"elementor-column elementor-col-100 elementor-top-column elementor-element elementor-element-c46311f\" data-id=\"c46311f\" data-element_type=\"column\" data-e-type=\"column\">\n\t\t\t<div class=\"elementor-widget-wrap elementor-element-populated\">\n\t\t\t\t\t\t<div class=\"elementor-element elementor-element-d944837 elementor-widget elementor-widget-spacer\" data-id=\"d944837\" data-element_type=\"widget\" data-e-type=\"widget\" data-widget_type=\"spacer.default\">\n\t\t\t\t<div class=\"elementor-widget-container\">\n\t\t\t\t\t\t\t<div class=\"elementor-spacer\">\n\t\t\t<div class=\"elementor-spacer-inner\"><\/div>\n\t\t<\/div>\n\t\t\t\t\t\t<\/div>\n\t\t\t\t<\/div>\n\t\t\t\t\t<\/div>\n\t\t<\/div>\n\t\t\t\t\t<\/div>\n\t\t<\/section>\n\t\t\t\t<section class=\"elementor-section elementor-top-section elementor-element elementor-element-8507fe4 elementor-section-boxed elementor-section-height-default elementor-section-height-default\" data-id=\"8507fe4\" data-element_type=\"section\" data-e-type=\"section\">\n\t\t\t\t\t\t<div class=\"elementor-container elementor-column-gap-default\">\n\t\t\t\t\t<div class=\"elementor-column elementor-col-100 elementor-top-column elementor-element elementor-element-5cedeef\" data-id=\"5cedeef\" data-element_type=\"column\" data-e-type=\"column\">\n\t\t\t<div class=\"elementor-widget-wrap elementor-element-populated\">\n\t\t\t\t\t\t<div class=\"elementor-element elementor-element-67ee8c4 elementor-widget elementor-widget-image\" data-id=\"67ee8c4\" data-element_type=\"widget\" data-e-type=\"widget\" data-widget_type=\"image.default\">\n\t\t\t\t<div class=\"elementor-widget-container\">\n\t\t\t\t\t\t\t\t\t\t\t\t\t\t\t<img fetchpriority=\"high\" decoding=\"async\" width=\"800\" height=\"566\" src=\"https:\/\/www.iceireland.com\/wp-content\/uploads\/2025\/11\/Adult-Student-CEFR-pathway-at-ICE-1024x724.png\" class=\"attachment-large size-large wp-image-31622\" alt=\"\" srcset=\"https:\/\/www.iceireland.com\/wp-content\/uploads\/2025\/11\/Adult-Student-CEFR-pathway-at-ICE-1024x724.png 1024w, https:\/\/www.iceireland.com\/wp-content\/uploads\/2025\/11\/Adult-Student-CEFR-pathway-at-ICE-300x212.png 300w, https:\/\/www.iceireland.com\/wp-content\/uploads\/2025\/11\/Adult-Student-CEFR-pathway-at-ICE-768x543.png 768w, https:\/\/www.iceireland.com\/wp-content\/uploads\/2025\/11\/Adult-Student-CEFR-pathway-at-ICE-1536x1086.png 1536w, https:\/\/www.iceireland.com\/wp-content\/uploads\/2025\/11\/Adult-Student-CEFR-pathway-at-ICE-2048x1448.png 2048w\" sizes=\"(max-width: 800px) 100vw, 800px\" \/>\t\t\t\t\t\t\t\t\t\t\t\t\t\t\t<\/div>\n\t\t\t\t<\/div>\n\t\t\t\t\t<\/div>\n\t\t<\/div>\n\t\t\t\t\t<\/div>\n\t\t<\/section>\n\t\t\t\t<section class=\"elementor-section elementor-top-section elementor-element elementor-element-ca5c80e elementor-section-boxed elementor-section-height-default elementor-section-height-default\" data-id=\"ca5c80e\" data-element_type=\"section\" data-e-type=\"section\">\n\t\t\t\t\t\t<div class=\"elementor-container elementor-column-gap-default\">\n\t\t\t\t\t<div class=\"elementor-column elementor-col-100 elementor-top-column elementor-element elementor-element-856ef30\" data-id=\"856ef30\" data-element_type=\"column\" data-e-type=\"column\">\n\t\t\t<div class=\"elementor-widget-wrap elementor-element-populated\">\n\t\t\t\t\t\t<div class=\"elementor-element elementor-element-dc8efe8 elementor-widget elementor-widget-spacer\" data-id=\"dc8efe8\" data-element_type=\"widget\" data-e-type=\"widget\" data-widget_type=\"spacer.default\">\n\t\t\t\t<div class=\"elementor-widget-container\">\n\t\t\t\t\t\t\t<div class=\"elementor-spacer\">\n\t\t\t<div class=\"elementor-spacer-inner\"><\/div>\n\t\t<\/div>\n\t\t\t\t\t\t<\/div>\n\t\t\t\t<\/div>\n\t\t\t\t\t<\/div>\n\t\t<\/div>\n\t\t\t\t\t<\/div>\n\t\t<\/section>\n\t\t\t\t<\/div>\n\t\t","protected":false},"excerpt":{"rendered":"<p>Acceso, Transferencia y Progresi\u00f3n &#8211; Cursos para Adultos Accede a Criterios de admisi\u00f3n: Nuestro proceso de admisi\u00f3n est\u00e1 dise\u00f1ado para ser inclusivo y transparente, y se adhiere a criterios claros tanto para los estudiantes j\u00f3venes como para los adultos, garantizando la igualdad de oportunidades para todos los solicitantes. La informaci\u00f3n sobre nuestros programas y procedimientos [&hellip;]<\/p>\n","protected":false},"author":3,"featured_media":0,"parent":0,"menu_order":0,"comment_status":"closed","ping_status":"closed","template":"","meta":{"content-type":"","footnotes":""},"class_list":["post-33166","page","type-page","status-publish","hentry"],"yoast_head":"<!-- This site is optimized with the Yoast SEO plugin v27.3 - https:\/\/yoast.com\/product\/yoast-seo-wordpress\/ -->\n<title>Acceso, Transferencia y Progresi\u00f3n - Cursos para Adultos - Irish College of English<\/title>\n<meta name=\"robots\" content=\"index, follow, max-snippet:-1, max-image-preview:large, max-video-preview:-1\" \/>\n<link rel=\"canonical\" href=\"https:\/\/www.iceireland.com\/es\/access-transfer-and-progression-adult-courses\/\" \/>\n<meta property=\"og:locale\" content=\"es_ES\" \/>\n<meta property=\"og:type\" content=\"article\" \/>\n<meta property=\"og:title\" content=\"Acceso, Transferencia y Progresi\u00f3n - Cursos para Adultos - Irish College of English\" \/>\n<meta property=\"og:description\" content=\"Acceso, Transferencia y Progresi\u00f3n &#8211; Cursos para Adultos Accede a Criterios de admisi\u00f3n: Nuestro proceso de admisi\u00f3n est\u00e1 dise\u00f1ado para ser inclusivo y transparente, y se adhiere a criterios claros tanto para los estudiantes j\u00f3venes como para los adultos, garantizando la igualdad de oportunidades para todos los solicitantes. La informaci\u00f3n sobre nuestros programas y procedimientos [&hellip;]\" \/>\n<meta property=\"og:url\" content=\"https:\/\/www.iceireland.com\/es\/access-transfer-and-progression-adult-courses\/\" \/>\n<meta property=\"og:site_name\" content=\"Irish College of English\" \/>\n<meta property=\"article:modified_time\" content=\"2026-01-30T18:26:34+00:00\" \/>\n<meta property=\"og:image\" content=\"https:\/\/www.iceireland.com\/wp-content\/uploads\/2025\/11\/Adult-Student-CEFR-pathway-at-ICE-scaled.png\" \/>\n\t<meta property=\"og:image:width\" content=\"2560\" \/>\n\t<meta property=\"og:image:height\" content=\"1810\" \/>\n\t<meta property=\"og:image:type\" content=\"image\/png\" \/>\n<meta name=\"twitter:label1\" content=\"Tiempo de lectura\" \/>\n\t<meta name=\"twitter:data1\" content=\"3 minutos\" \/>\n<script type=\"application\/ld+json\" class=\"yoast-schema-graph\">{\"@context\":\"https:\\\/\\\/schema.org\",\"@graph\":[{\"@type\":\"WebPage\",\"@id\":\"https:\\\/\\\/www.iceireland.com\\\/es\\\/access-transfer-and-progression-adult-courses\\\/\",\"url\":\"https:\\\/\\\/www.iceireland.com\\\/es\\\/access-transfer-and-progression-adult-courses\\\/\",\"name\":\"Acceso, Transferencia y Progresi\u00f3n - Cursos para Adultos - Irish College of English\",\"isPartOf\":{\"@id\":\"https:\\\/\\\/www.iceireland.com\\\/es\\\/#website\"},\"primaryImageOfPage\":{\"@id\":\"https:\\\/\\\/www.iceireland.com\\\/es\\\/access-transfer-and-progression-adult-courses\\\/#primaryimage\"},\"image\":{\"@id\":\"https:\\\/\\\/www.iceireland.com\\\/es\\\/access-transfer-and-progression-adult-courses\\\/#primaryimage\"},\"thumbnailUrl\":\"https:\\\/\\\/www.iceireland.com\\\/wp-content\\\/uploads\\\/2025\\\/11\\\/Adult-Student-CEFR-pathway-at-ICE-1024x724.png\",\"datePublished\":\"2024-08-14T09:14:18+00:00\",\"dateModified\":\"2026-01-30T18:26:34+00:00\",\"breadcrumb\":{\"@id\":\"https:\\\/\\\/www.iceireland.com\\\/es\\\/access-transfer-and-progression-adult-courses\\\/#breadcrumb\"},\"inLanguage\":\"es\",\"potentialAction\":[{\"@type\":\"ReadAction\",\"target\":[\"https:\\\/\\\/www.iceireland.com\\\/es\\\/access-transfer-and-progression-adult-courses\\\/\"]}]},{\"@type\":\"ImageObject\",\"inLanguage\":\"es\",\"@id\":\"https:\\\/\\\/www.iceireland.com\\\/es\\\/access-transfer-and-progression-adult-courses\\\/#primaryimage\",\"url\":\"https:\\\/\\\/www.iceireland.com\\\/wp-content\\\/uploads\\\/2025\\\/11\\\/Adult-Student-CEFR-pathway-at-ICE-1024x724.png\",\"contentUrl\":\"https:\\\/\\\/www.iceireland.com\\\/wp-content\\\/uploads\\\/2025\\\/11\\\/Adult-Student-CEFR-pathway-at-ICE-1024x724.png\"},{\"@type\":\"BreadcrumbList\",\"@id\":\"https:\\\/\\\/www.iceireland.com\\\/es\\\/access-transfer-and-progression-adult-courses\\\/#breadcrumb\",\"itemListElement\":[{\"@type\":\"ListItem\",\"position\":1,\"name\":\"Home\",\"item\":\"https:\\\/\\\/www.iceireland.com\\\/es\\\/\"},{\"@type\":\"ListItem\",\"position\":2,\"name\":\"Acceso, Transferencia y Progresi\u00f3n &#8211; Cursos para Adultos\"}]},{\"@type\":\"WebSite\",\"@id\":\"https:\\\/\\\/www.iceireland.com\\\/es\\\/#website\",\"url\":\"https:\\\/\\\/www.iceireland.com\\\/es\\\/\",\"name\":\"Irish College of English\",\"description\":\"English School in Dublin, Malahide\",\"publisher\":{\"@id\":\"https:\\\/\\\/www.iceireland.com\\\/es\\\/#organization\"},\"potentialAction\":[{\"@type\":\"SearchAction\",\"target\":{\"@type\":\"EntryPoint\",\"urlTemplate\":\"https:\\\/\\\/www.iceireland.com\\\/es\\\/?s={search_term_string}\"},\"query-input\":{\"@type\":\"PropertyValueSpecification\",\"valueRequired\":true,\"valueName\":\"search_term_string\"}}],\"inLanguage\":\"es\"},{\"@type\":\"Organization\",\"@id\":\"https:\\\/\\\/www.iceireland.com\\\/es\\\/#organization\",\"name\":\"Irish College of English\",\"url\":\"https:\\\/\\\/www.iceireland.com\\\/es\\\/\",\"logo\":{\"@type\":\"ImageObject\",\"inLanguage\":\"es\",\"@id\":\"https:\\\/\\\/www.iceireland.com\\\/es\\\/#\\\/schema\\\/logo\\\/image\\\/\",\"url\":\"https:\\\/\\\/www.iceireland.com\\\/wp-content\\\/uploads\\\/2022\\\/03\\\/logo.png\",\"contentUrl\":\"https:\\\/\\\/www.iceireland.com\\\/wp-content\\\/uploads\\\/2022\\\/03\\\/logo.png\",\"width\":593,\"height\":92,\"caption\":\"Irish College of English\"},\"image\":{\"@id\":\"https:\\\/\\\/www.iceireland.com\\\/es\\\/#\\\/schema\\\/logo\\\/image\\\/\"}}]}<\/script>\n<!-- \/ Yoast SEO plugin. -->","yoast_head_json":{"title":"Acceso, Transferencia y Progresi\u00f3n - Cursos para Adultos - Irish College of English","robots":{"index":"index","follow":"follow","max-snippet":"max-snippet:-1","max-image-preview":"max-image-preview:large","max-video-preview":"max-video-preview:-1"},"canonical":"https:\/\/www.iceireland.com\/es\/access-transfer-and-progression-adult-courses\/","og_locale":"es_ES","og_type":"article","og_title":"Acceso, Transferencia y Progresi\u00f3n - Cursos para Adultos - Irish College of English","og_description":"Acceso, Transferencia y Progresi\u00f3n &#8211; Cursos para Adultos Accede a Criterios de admisi\u00f3n: Nuestro proceso de admisi\u00f3n est\u00e1 dise\u00f1ado para ser inclusivo y transparente, y se adhiere a criterios claros tanto para los estudiantes j\u00f3venes como para los adultos, garantizando la igualdad de oportunidades para todos los solicitantes. La informaci\u00f3n sobre nuestros programas y procedimientos [&hellip;]","og_url":"https:\/\/www.iceireland.com\/es\/access-transfer-and-progression-adult-courses\/","og_site_name":"Irish College of English","article_modified_time":"2026-01-30T18:26:34+00:00","og_image":[{"width":2560,"height":1810,"url":"https:\/\/www.iceireland.com\/wp-content\/uploads\/2025\/11\/Adult-Student-CEFR-pathway-at-ICE-scaled.png","type":"image\/png"}],"twitter_misc":{"Tiempo de lectura":"3 minutos"},"schema":{"@context":"https:\/\/schema.org","@graph":[{"@type":"WebPage","@id":"https:\/\/www.iceireland.com\/es\/access-transfer-and-progression-adult-courses\/","url":"https:\/\/www.iceireland.com\/es\/access-transfer-and-progression-adult-courses\/","name":"Acceso, Transferencia y Progresi\u00f3n - Cursos para Adultos - Irish College of English","isPartOf":{"@id":"https:\/\/www.iceireland.com\/es\/#website"},"primaryImageOfPage":{"@id":"https:\/\/www.iceireland.com\/es\/access-transfer-and-progression-adult-courses\/#primaryimage"},"image":{"@id":"https:\/\/www.iceireland.com\/es\/access-transfer-and-progression-adult-courses\/#primaryimage"},"thumbnailUrl":"https:\/\/www.iceireland.com\/wp-content\/uploads\/2025\/11\/Adult-Student-CEFR-pathway-at-ICE-1024x724.png","datePublished":"2024-08-14T09:14:18+00:00","dateModified":"2026-01-30T18:26:34+00:00","breadcrumb":{"@id":"https:\/\/www.iceireland.com\/es\/access-transfer-and-progression-adult-courses\/#breadcrumb"},"inLanguage":"es","potentialAction":[{"@type":"ReadAction","target":["https:\/\/www.iceireland.com\/es\/access-transfer-and-progression-adult-courses\/"]}]},{"@type":"ImageObject","inLanguage":"es","@id":"https:\/\/www.iceireland.com\/es\/access-transfer-and-progression-adult-courses\/#primaryimage","url":"https:\/\/www.iceireland.com\/wp-content\/uploads\/2025\/11\/Adult-Student-CEFR-pathway-at-ICE-1024x724.png","contentUrl":"https:\/\/www.iceireland.com\/wp-content\/uploads\/2025\/11\/Adult-Student-CEFR-pathway-at-ICE-1024x724.png"},{"@type":"BreadcrumbList","@id":"https:\/\/www.iceireland.com\/es\/access-transfer-and-progression-adult-courses\/#breadcrumb","itemListElement":[{"@type":"ListItem","position":1,"name":"Home","item":"https:\/\/www.iceireland.com\/es\/"},{"@type":"ListItem","position":2,"name":"Acceso, Transferencia y Progresi\u00f3n &#8211; Cursos para Adultos"}]},{"@type":"WebSite","@id":"https:\/\/www.iceireland.com\/es\/#website","url":"https:\/\/www.iceireland.com\/es\/","name":"Irish College of English","description":"English School in Dublin, Malahide","publisher":{"@id":"https:\/\/www.iceireland.com\/es\/#organization"},"potentialAction":[{"@type":"SearchAction","target":{"@type":"EntryPoint","urlTemplate":"https:\/\/www.iceireland.com\/es\/?s={search_term_string}"},"query-input":{"@type":"PropertyValueSpecification","valueRequired":true,"valueName":"search_term_string"}}],"inLanguage":"es"},{"@type":"Organization","@id":"https:\/\/www.iceireland.com\/es\/#organization","name":"Irish College of English","url":"https:\/\/www.iceireland.com\/es\/","logo":{"@type":"ImageObject","inLanguage":"es","@id":"https:\/\/www.iceireland.com\/es\/#\/schema\/logo\/image\/","url":"https:\/\/www.iceireland.com\/wp-content\/uploads\/2022\/03\/logo.png","contentUrl":"https:\/\/www.iceireland.com\/wp-content\/uploads\/2022\/03\/logo.png","width":593,"height":92,"caption":"Irish College of English"},"image":{"@id":"https:\/\/www.iceireland.com\/es\/#\/schema\/logo\/image\/"}}]}},"_links":{"self":[{"href":"https:\/\/www.iceireland.com\/es\/wp-json\/wp\/v2\/pages\/33166","targetHints":{"allow":["GET"]}}],"collection":[{"href":"https:\/\/www.iceireland.com\/es\/wp-json\/wp\/v2\/pages"}],"about":[{"href":"https:\/\/www.iceireland.com\/es\/wp-json\/wp\/v2\/types\/page"}],"author":[{"embeddable":true,"href":"https:\/\/www.iceireland.com\/es\/wp-json\/wp\/v2\/users\/3"}],"replies":[{"embeddable":true,"href":"https:\/\/www.iceireland.com\/es\/wp-json\/wp\/v2\/comments?post=33166"}],"version-history":[{"count":1,"href":"https:\/\/www.iceireland.com\/es\/wp-json\/wp\/v2\/pages\/33166\/revisions"}],"predecessor-version":[{"id":33167,"href":"https:\/\/www.iceireland.com\/es\/wp-json\/wp\/v2\/pages\/33166\/revisions\/33167"}],"wp:attachment":[{"href":"https:\/\/www.iceireland.com\/es\/wp-json\/wp\/v2\/media?parent=33166"}],"curies":[{"name":"wp","href":"https:\/\/api.w.org\/{rel}","templated":true}]}}