{"id":33175,"date":"2024-08-14T08:50:50","date_gmt":"2024-08-14T08:50:50","guid":{"rendered":"https:\/\/www.iceireland.com\/course-purpose-intended-learning-outcome-junior-students\/"},"modified":"2026-01-30T18:26:35","modified_gmt":"2026-01-30T18:26:35","slug":"course-purpose-intended-learning-outcome-junior-students","status":"publish","type":"page","link":"https:\/\/www.iceireland.com\/es\/course-purpose-intended-learning-outcome-junior-students\/","title":{"rendered":"Finalidad del curso y resultados de aprendizaje previstos &#8211; Alumnos junior"},"content":{"rendered":"\t\t<div data-elementor-type=\"wp-page\" data-elementor-id=\"33175\" class=\"elementor elementor-33175 elementor-27291\" data-elementor-post-type=\"page\">\n\t\t\t\t\t\t<section class=\"elementor-section elementor-top-section elementor-element elementor-element-4a5cdd0 elementor-section-boxed elementor-section-height-default elementor-section-height-default\" data-id=\"4a5cdd0\" data-element_type=\"section\" data-e-type=\"section\">\n\t\t\t\t\t\t<div class=\"elementor-container elementor-column-gap-default\">\n\t\t\t\t\t<div class=\"elementor-column elementor-col-100 elementor-top-column elementor-element elementor-element-6d05157\" data-id=\"6d05157\" data-element_type=\"column\" data-e-type=\"column\">\n\t\t\t<div class=\"elementor-widget-wrap elementor-element-populated\">\n\t\t\t\t\t\t<div class=\"elementor-element elementor-element-6115213 elementor-widget elementor-widget-text-editor\" data-id=\"6115213\" data-element_type=\"widget\" data-e-type=\"widget\" data-widget_type=\"text-editor.default\">\n\t\t\t\t<div class=\"elementor-widget-container\">\n\t\t\t\t\t\t\t\t\t<h2>Prop\u00f3sito del curso y resultados previstos del aprendizaje &#8211; Campamentos de verano junior<\/h2><p>Prop\u00f3sito<\/p><p>El objetivo de nuestros Programas Junior es proporcionar a los j\u00f3venes estudiantes un entorno atractivo y de apoyo para mejorar sus conocimientos de ingl\u00e9s. Siguiendo un plan de estudios estructurado basado en la escala del MCER, el campamento pretende ayudar a los alumnos a lograr progresos cuantificables en su dominio de la lengua. Estos programas est\u00e1n dise\u00f1ados no s\u00f3lo para mejorar las capacidades acad\u00e9micas de los alumnos, sino tambi\u00e9n para fomentar su confianza y entusiasmo a la hora de utilizar el ingl\u00e9s en situaciones cotidianas. Mediante actividades interactivas como debates en grupo, juegos de rol y proyectos, junto con un elemento intercultural que expone a los estudiantes a diversas culturas y perspectivas, el campamento pretende crear una experiencia de aprendizaje hol\u00edstica. Adem\u00e1s, para los que se alojen con familias de acogida, la inmersi\u00f3n ofrecer\u00e1 aut\u00e9nticas oportunidades de practicar el ingl\u00e9s y participar en intercambios culturales, enriqueciendo a\u00fan m\u00e1s su comprensi\u00f3n y apreciaci\u00f3n de la lengua y su contexto cultural.    <\/p><p>Cada programa incluye un variado programa de actividades, en el que nuestros experimentados monitores gu\u00edan a los alumnos en visitas a lugares de inter\u00e9s, facilitando el aprendizaje experimental y la apreciaci\u00f3n cultural. Adem\u00e1s de visitar lugares de inter\u00e9s cultural, el campamento incluye deportes, actividades recreativas y divertidas sesiones interactivas dise\u00f1adas para fomentar el trabajo en equipo, la creatividad y el compromiso. <\/p><p>Algunos programas ofrecen horas de estudio adicionales y se centran en determinados deportes, como la equitaci\u00f3n o la vela, lo que permite una experiencia m\u00e1s personalizada con fines espec\u00edficos.<\/p><p> <\/p><p>Resultados de aprendizaje previstos<\/p><p>El objetivo de aprendizaje de nuestros Programas Junior es mejorar el dominio del ingl\u00e9s de los estudiantes mediante el avance de sus destrezas en la escala del Marco Com\u00fan Europeo de Referencia para las Lenguas (MCER). A trav\u00e9s de un plan de estudios din\u00e1mico y envolvente, los estudiantes desarrollar\u00e1n sus capacidades de lectura, escritura, expresi\u00f3n oral y comprensi\u00f3n auditiva, con el objetivo de progresar en su competencia ling\u00fc\u00edstica hasta el nivel actual del MCER o hasta el siguiente nivel del MCER, dependiendo de su nivel de entrada y del tiempo que lleven en el programa. El curso se centrar\u00e1 en la comunicaci\u00f3n pr\u00e1ctica, la ampliaci\u00f3n del vocabulario y la precisi\u00f3n gramatical, garantizando que los estudiantes adquieran confianza y fluidez en contextos de la vida real, al tiempo que se fomenta el amor por la lengua inglesa.  <\/p>\t\t\t\t\t\t\t\t<\/div>\n\t\t\t\t<\/div>\n\t\t\t\t\t<\/div>\n\t\t<\/div>\n\t\t\t\t\t<\/div>\n\t\t<\/section>\n\t\t\t\t<section class=\"elementor-section elementor-top-section elementor-element elementor-element-5afb7b7 elementor-section-boxed elementor-section-height-default elementor-section-height-default\" data-id=\"5afb7b7\" data-element_type=\"section\" data-e-type=\"section\">\n\t\t\t\t\t\t<div class=\"elementor-container elementor-column-gap-default\">\n\t\t\t\t\t<div class=\"elementor-column elementor-col-100 elementor-top-column elementor-element elementor-element-1810e58\" data-id=\"1810e58\" data-element_type=\"column\" data-e-type=\"column\">\n\t\t\t<div class=\"elementor-widget-wrap elementor-element-populated\">\n\t\t\t\t\t\t<div class=\"elementor-element elementor-element-4d2a221 elementor-widget elementor-widget-spacer\" data-id=\"4d2a221\" data-element_type=\"widget\" data-e-type=\"widget\" data-widget_type=\"spacer.default\">\n\t\t\t\t<div class=\"elementor-widget-container\">\n\t\t\t\t\t\t\t<div class=\"elementor-spacer\">\n\t\t\t<div class=\"elementor-spacer-inner\"><\/div>\n\t\t<\/div>\n\t\t\t\t\t\t<\/div>\n\t\t\t\t<\/div>\n\t\t\t\t\t<\/div>\n\t\t<\/div>\n\t\t\t\t\t<\/div>\n\t\t<\/section>\n\t\t\t\t<\/div>\n\t\t","protected":false},"excerpt":{"rendered":"<p>Prop\u00f3sito del curso y resultados previstos del aprendizaje &#8211; Campamentos de verano junior Prop\u00f3sito El objetivo de nuestros Programas Junior es proporcionar a los j\u00f3venes estudiantes un entorno atractivo y de apoyo para mejorar sus conocimientos de ingl\u00e9s. Siguiendo un plan de estudios estructurado basado en la escala del MCER, el campamento pretende ayudar a [&hellip;]<\/p>\n","protected":false},"author":3,"featured_media":0,"parent":0,"menu_order":0,"comment_status":"closed","ping_status":"closed","template":"","meta":{"content-type":"","footnotes":""},"class_list":["post-33175","page","type-page","status-publish","hentry"],"yoast_head":"<!-- This site is optimized with the Yoast SEO plugin v27.3 - https:\/\/yoast.com\/product\/yoast-seo-wordpress\/ -->\n<title>Finalidad del curso y resultados de aprendizaje previstos - Alumnos junior - Irish College of English<\/title>\n<meta name=\"robots\" content=\"index, follow, max-snippet:-1, max-image-preview:large, max-video-preview:-1\" \/>\n<link rel=\"canonical\" href=\"https:\/\/www.iceireland.com\/es\/course-purpose-intended-learning-outcome-junior-students\/\" \/>\n<meta property=\"og:locale\" content=\"es_ES\" \/>\n<meta property=\"og:type\" content=\"article\" \/>\n<meta property=\"og:title\" content=\"Finalidad del curso y resultados de aprendizaje previstos - Alumnos junior - Irish College of English\" \/>\n<meta property=\"og:description\" content=\"Prop\u00f3sito del curso y resultados previstos del aprendizaje &#8211; Campamentos de verano junior Prop\u00f3sito El objetivo de nuestros Programas Junior es proporcionar a los j\u00f3venes estudiantes un entorno atractivo y de apoyo para mejorar sus conocimientos de ingl\u00e9s. Siguiendo un plan de estudios estructurado basado en la escala del MCER, el campamento pretende ayudar a [&hellip;]\" \/>\n<meta property=\"og:url\" content=\"https:\/\/www.iceireland.com\/es\/course-purpose-intended-learning-outcome-junior-students\/\" \/>\n<meta property=\"og:site_name\" content=\"Irish College of English\" \/>\n<meta property=\"article:modified_time\" content=\"2026-01-30T18:26:35+00:00\" \/>\n<meta name=\"twitter:label1\" content=\"Tiempo de lectura\" \/>\n\t<meta name=\"twitter:data1\" content=\"2 minutos\" \/>\n<script type=\"application\/ld+json\" class=\"yoast-schema-graph\">{\"@context\":\"https:\\\/\\\/schema.org\",\"@graph\":[{\"@type\":\"WebPage\",\"@id\":\"https:\\\/\\\/www.iceireland.com\\\/es\\\/course-purpose-intended-learning-outcome-junior-students\\\/\",\"url\":\"https:\\\/\\\/www.iceireland.com\\\/es\\\/course-purpose-intended-learning-outcome-junior-students\\\/\",\"name\":\"Finalidad del curso y resultados de aprendizaje previstos - Alumnos junior - Irish College of English\",\"isPartOf\":{\"@id\":\"https:\\\/\\\/www.iceireland.com\\\/es\\\/#website\"},\"datePublished\":\"2024-08-14T08:50:50+00:00\",\"dateModified\":\"2026-01-30T18:26:35+00:00\",\"breadcrumb\":{\"@id\":\"https:\\\/\\\/www.iceireland.com\\\/es\\\/course-purpose-intended-learning-outcome-junior-students\\\/#breadcrumb\"},\"inLanguage\":\"es\",\"potentialAction\":[{\"@type\":\"ReadAction\",\"target\":[\"https:\\\/\\\/www.iceireland.com\\\/es\\\/course-purpose-intended-learning-outcome-junior-students\\\/\"]}]},{\"@type\":\"BreadcrumbList\",\"@id\":\"https:\\\/\\\/www.iceireland.com\\\/es\\\/course-purpose-intended-learning-outcome-junior-students\\\/#breadcrumb\",\"itemListElement\":[{\"@type\":\"ListItem\",\"position\":1,\"name\":\"Home\",\"item\":\"https:\\\/\\\/www.iceireland.com\\\/es\\\/\"},{\"@type\":\"ListItem\",\"position\":2,\"name\":\"Finalidad del curso y resultados de aprendizaje previstos &#8211; Alumnos junior\"}]},{\"@type\":\"WebSite\",\"@id\":\"https:\\\/\\\/www.iceireland.com\\\/es\\\/#website\",\"url\":\"https:\\\/\\\/www.iceireland.com\\\/es\\\/\",\"name\":\"Irish College of English\",\"description\":\"English School in Dublin, Malahide\",\"publisher\":{\"@id\":\"https:\\\/\\\/www.iceireland.com\\\/es\\\/#organization\"},\"potentialAction\":[{\"@type\":\"SearchAction\",\"target\":{\"@type\":\"EntryPoint\",\"urlTemplate\":\"https:\\\/\\\/www.iceireland.com\\\/es\\\/?s={search_term_string}\"},\"query-input\":{\"@type\":\"PropertyValueSpecification\",\"valueRequired\":true,\"valueName\":\"search_term_string\"}}],\"inLanguage\":\"es\"},{\"@type\":\"Organization\",\"@id\":\"https:\\\/\\\/www.iceireland.com\\\/es\\\/#organization\",\"name\":\"Irish College of English\",\"url\":\"https:\\\/\\\/www.iceireland.com\\\/es\\\/\",\"logo\":{\"@type\":\"ImageObject\",\"inLanguage\":\"es\",\"@id\":\"https:\\\/\\\/www.iceireland.com\\\/es\\\/#\\\/schema\\\/logo\\\/image\\\/\",\"url\":\"https:\\\/\\\/www.iceireland.com\\\/wp-content\\\/uploads\\\/2022\\\/03\\\/logo.png\",\"contentUrl\":\"https:\\\/\\\/www.iceireland.com\\\/wp-content\\\/uploads\\\/2022\\\/03\\\/logo.png\",\"width\":593,\"height\":92,\"caption\":\"Irish College of English\"},\"image\":{\"@id\":\"https:\\\/\\\/www.iceireland.com\\\/es\\\/#\\\/schema\\\/logo\\\/image\\\/\"}}]}<\/script>\n<!-- \/ Yoast SEO plugin. -->","yoast_head_json":{"title":"Finalidad del curso y resultados de aprendizaje previstos - Alumnos junior - Irish College of English","robots":{"index":"index","follow":"follow","max-snippet":"max-snippet:-1","max-image-preview":"max-image-preview:large","max-video-preview":"max-video-preview:-1"},"canonical":"https:\/\/www.iceireland.com\/es\/course-purpose-intended-learning-outcome-junior-students\/","og_locale":"es_ES","og_type":"article","og_title":"Finalidad del curso y resultados de aprendizaje previstos - Alumnos junior - Irish College of English","og_description":"Prop\u00f3sito del curso y resultados previstos del aprendizaje &#8211; Campamentos de verano junior Prop\u00f3sito El objetivo de nuestros Programas Junior es proporcionar a los j\u00f3venes estudiantes un entorno atractivo y de apoyo para mejorar sus conocimientos de ingl\u00e9s. Siguiendo un plan de estudios estructurado basado en la escala del MCER, el campamento pretende ayudar a [&hellip;]","og_url":"https:\/\/www.iceireland.com\/es\/course-purpose-intended-learning-outcome-junior-students\/","og_site_name":"Irish College of English","article_modified_time":"2026-01-30T18:26:35+00:00","twitter_misc":{"Tiempo de lectura":"2 minutos"},"schema":{"@context":"https:\/\/schema.org","@graph":[{"@type":"WebPage","@id":"https:\/\/www.iceireland.com\/es\/course-purpose-intended-learning-outcome-junior-students\/","url":"https:\/\/www.iceireland.com\/es\/course-purpose-intended-learning-outcome-junior-students\/","name":"Finalidad del curso y resultados de aprendizaje previstos - Alumnos junior - Irish College of English","isPartOf":{"@id":"https:\/\/www.iceireland.com\/es\/#website"},"datePublished":"2024-08-14T08:50:50+00:00","dateModified":"2026-01-30T18:26:35+00:00","breadcrumb":{"@id":"https:\/\/www.iceireland.com\/es\/course-purpose-intended-learning-outcome-junior-students\/#breadcrumb"},"inLanguage":"es","potentialAction":[{"@type":"ReadAction","target":["https:\/\/www.iceireland.com\/es\/course-purpose-intended-learning-outcome-junior-students\/"]}]},{"@type":"BreadcrumbList","@id":"https:\/\/www.iceireland.com\/es\/course-purpose-intended-learning-outcome-junior-students\/#breadcrumb","itemListElement":[{"@type":"ListItem","position":1,"name":"Home","item":"https:\/\/www.iceireland.com\/es\/"},{"@type":"ListItem","position":2,"name":"Finalidad del curso y resultados de aprendizaje previstos &#8211; Alumnos junior"}]},{"@type":"WebSite","@id":"https:\/\/www.iceireland.com\/es\/#website","url":"https:\/\/www.iceireland.com\/es\/","name":"Irish College of English","description":"English School in Dublin, Malahide","publisher":{"@id":"https:\/\/www.iceireland.com\/es\/#organization"},"potentialAction":[{"@type":"SearchAction","target":{"@type":"EntryPoint","urlTemplate":"https:\/\/www.iceireland.com\/es\/?s={search_term_string}"},"query-input":{"@type":"PropertyValueSpecification","valueRequired":true,"valueName":"search_term_string"}}],"inLanguage":"es"},{"@type":"Organization","@id":"https:\/\/www.iceireland.com\/es\/#organization","name":"Irish College of English","url":"https:\/\/www.iceireland.com\/es\/","logo":{"@type":"ImageObject","inLanguage":"es","@id":"https:\/\/www.iceireland.com\/es\/#\/schema\/logo\/image\/","url":"https:\/\/www.iceireland.com\/wp-content\/uploads\/2022\/03\/logo.png","contentUrl":"https:\/\/www.iceireland.com\/wp-content\/uploads\/2022\/03\/logo.png","width":593,"height":92,"caption":"Irish College of English"},"image":{"@id":"https:\/\/www.iceireland.com\/es\/#\/schema\/logo\/image\/"}}]}},"_links":{"self":[{"href":"https:\/\/www.iceireland.com\/es\/wp-json\/wp\/v2\/pages\/33175","targetHints":{"allow":["GET"]}}],"collection":[{"href":"https:\/\/www.iceireland.com\/es\/wp-json\/wp\/v2\/pages"}],"about":[{"href":"https:\/\/www.iceireland.com\/es\/wp-json\/wp\/v2\/types\/page"}],"author":[{"embeddable":true,"href":"https:\/\/www.iceireland.com\/es\/wp-json\/wp\/v2\/users\/3"}],"replies":[{"embeddable":true,"href":"https:\/\/www.iceireland.com\/es\/wp-json\/wp\/v2\/comments?post=33175"}],"version-history":[{"count":1,"href":"https:\/\/www.iceireland.com\/es\/wp-json\/wp\/v2\/pages\/33175\/revisions"}],"predecessor-version":[{"id":33177,"href":"https:\/\/www.iceireland.com\/es\/wp-json\/wp\/v2\/pages\/33175\/revisions\/33177"}],"wp:attachment":[{"href":"https:\/\/www.iceireland.com\/es\/wp-json\/wp\/v2\/media?parent=33175"}],"curies":[{"name":"wp","href":"https:\/\/api.w.org\/{rel}","templated":true}]}}