{"id":33183,"date":"2024-08-13T15:03:55","date_gmt":"2024-08-13T15:03:55","guid":{"rendered":"https:\/\/www.iceireland.com\/student-support-and-engagement\/"},"modified":"2026-01-30T18:26:41","modified_gmt":"2026-01-30T18:26:41","slug":"student-support-and-engagement","status":"publish","type":"page","link":"https:\/\/www.iceireland.com\/es\/student-support-and-engagement\/","title":{"rendered":"Apoyo y participaci\u00f3n de los estudiantes"},"content":{"rendered":"\t\t<div data-elementor-type=\"wp-page\" data-elementor-id=\"33183\" class=\"elementor elementor-33183 elementor-27273\" data-elementor-post-type=\"page\">\n\t\t\t\t\t\t<section class=\"elementor-section elementor-top-section elementor-element elementor-element-1e7adfc elementor-section-boxed elementor-section-height-default elementor-section-height-default\" data-id=\"1e7adfc\" data-element_type=\"section\" data-e-type=\"section\">\n\t\t\t\t\t\t<div class=\"elementor-container elementor-column-gap-default\">\n\t\t\t\t\t<div class=\"elementor-column elementor-col-100 elementor-top-column elementor-element elementor-element-46edb3c\" data-id=\"46edb3c\" data-element_type=\"column\" data-e-type=\"column\">\n\t\t\t<div class=\"elementor-widget-wrap elementor-element-populated\">\n\t\t\t\t\t\t<div class=\"elementor-element elementor-element-bace280 elementor-widget elementor-widget-text-editor\" data-id=\"bace280\" data-element_type=\"widget\" data-e-type=\"widget\" data-widget_type=\"text-editor.default\">\n\t\t\t\t<div class=\"elementor-widget-container\">\n\t\t\t\t\t\t\t\t\t<h2><strong>Apoyo y compromiso de los estudiantes:<\/strong><\/h2><p>El ICE se compromete a proporcionar servicios de apoyo para ayudar a los estudiantes a alcanzar sus objetivos de aprendizaje de idiomas. Esto incluye asesoramiento acad\u00e9mico, tutor\u00edas y apoyo adicional para estudiantes con necesidades especiales. Apoyamos la progresi\u00f3n acad\u00e9mica de los alumnos bas\u00e1ndonos en la finalizaci\u00f3n con \u00e9xito de los objetivos del curso alineados con el MCER.  <\/p><p> <\/p><ul><li>Promovemos la participaci\u00f3n activa de los estudiantes mediante actividades interactivas en clase, proyectos en grupo y oportunidades extraescolares como clubes de idiomas y actos culturales.<\/li><li>Comentarios peri\u00f3dicos: El ICE fomenta la comunicaci\u00f3n abierta entre alumnos y profesores, buscando opiniones sobre la eficacia de la ense\u00f1anza, el contenido de los cursos y la experiencia general de aprendizaje para informar sobre los esfuerzos de mejora continua.<\/li><li>Para obtener m\u00e1s informaci\u00f3n sobre el Apoyo, incluida la vida en Irlanda y los eventos, consulta <a href=\"https:\/\/www.iceireland.com\/es\/useful-information-and-supports\/\">https:\/\/www.iceireland.com\/useful-information-and-supports\/.<\/a><\/li><\/ul>\t\t\t\t\t\t\t\t<\/div>\n\t\t\t\t<\/div>\n\t\t\t\t\t<\/div>\n\t\t<\/div>\n\t\t\t\t\t<\/div>\n\t\t<\/section>\n\t\t\t\t<section class=\"elementor-section elementor-top-section elementor-element elementor-element-ed51cea elementor-section-boxed elementor-section-height-default elementor-section-height-default\" data-id=\"ed51cea\" data-element_type=\"section\" data-e-type=\"section\">\n\t\t\t\t\t\t<div class=\"elementor-container elementor-column-gap-default\">\n\t\t\t\t\t<div class=\"elementor-column elementor-col-100 elementor-top-column elementor-element elementor-element-b78c5e0\" data-id=\"b78c5e0\" data-element_type=\"column\" data-e-type=\"column\">\n\t\t\t<div class=\"elementor-widget-wrap elementor-element-populated\">\n\t\t\t\t\t\t<div class=\"elementor-element elementor-element-93c6b21 elementor-widget elementor-widget-spacer\" data-id=\"93c6b21\" data-element_type=\"widget\" data-e-type=\"widget\" data-widget_type=\"spacer.default\">\n\t\t\t\t<div class=\"elementor-widget-container\">\n\t\t\t\t\t\t\t<div class=\"elementor-spacer\">\n\t\t\t<div class=\"elementor-spacer-inner\"><\/div>\n\t\t<\/div>\n\t\t\t\t\t\t<\/div>\n\t\t\t\t<\/div>\n\t\t\t\t\t<\/div>\n\t\t<\/div>\n\t\t\t\t\t<\/div>\n\t\t<\/section>\n\t\t\t\t<\/div>\n\t\t","protected":false},"excerpt":{"rendered":"<p>Apoyo y compromiso de los estudiantes: El ICE se compromete a proporcionar servicios de apoyo para ayudar a los estudiantes a alcanzar sus objetivos de aprendizaje de idiomas. Esto incluye asesoramiento acad\u00e9mico, tutor\u00edas y apoyo adicional para estudiantes con necesidades especiales. Apoyamos la progresi\u00f3n acad\u00e9mica de los alumnos bas\u00e1ndonos en la finalizaci\u00f3n con \u00e9xito de [&hellip;]<\/p>\n","protected":false},"author":3,"featured_media":0,"parent":0,"menu_order":0,"comment_status":"closed","ping_status":"closed","template":"","meta":{"content-type":"","footnotes":""},"class_list":["post-33183","page","type-page","status-publish","hentry"],"yoast_head":"<!-- This site is optimized with the Yoast SEO plugin v27.3 - https:\/\/yoast.com\/product\/yoast-seo-wordpress\/ -->\n<title>Apoyo y participaci\u00f3n de los estudiantes - Irish College of English<\/title>\n<meta name=\"robots\" content=\"index, follow, max-snippet:-1, max-image-preview:large, max-video-preview:-1\" \/>\n<link rel=\"canonical\" href=\"https:\/\/www.iceireland.com\/es\/student-support-and-engagement\/\" \/>\n<meta property=\"og:locale\" content=\"es_ES\" \/>\n<meta property=\"og:type\" content=\"article\" \/>\n<meta property=\"og:title\" content=\"Apoyo y participaci\u00f3n de los estudiantes - Irish College of English\" \/>\n<meta property=\"og:description\" content=\"Apoyo y compromiso de los estudiantes: El ICE se compromete a proporcionar servicios de apoyo para ayudar a los estudiantes a alcanzar sus objetivos de aprendizaje de idiomas. Esto incluye asesoramiento acad\u00e9mico, tutor\u00edas y apoyo adicional para estudiantes con necesidades especiales. Apoyamos la progresi\u00f3n acad\u00e9mica de los alumnos bas\u00e1ndonos en la finalizaci\u00f3n con \u00e9xito de [&hellip;]\" \/>\n<meta property=\"og:url\" content=\"https:\/\/www.iceireland.com\/es\/student-support-and-engagement\/\" \/>\n<meta property=\"og:site_name\" content=\"Irish College of English\" \/>\n<meta property=\"article:modified_time\" content=\"2026-01-30T18:26:41+00:00\" \/>\n<meta name=\"twitter:label1\" content=\"Tiempo de lectura\" \/>\n\t<meta name=\"twitter:data1\" content=\"1 minuto\" \/>\n<script type=\"application\/ld+json\" class=\"yoast-schema-graph\">{\"@context\":\"https:\\\/\\\/schema.org\",\"@graph\":[{\"@type\":\"WebPage\",\"@id\":\"https:\\\/\\\/www.iceireland.com\\\/es\\\/student-support-and-engagement\\\/\",\"url\":\"https:\\\/\\\/www.iceireland.com\\\/es\\\/student-support-and-engagement\\\/\",\"name\":\"Apoyo y participaci\u00f3n de los estudiantes - Irish College of English\",\"isPartOf\":{\"@id\":\"https:\\\/\\\/www.iceireland.com\\\/es\\\/#website\"},\"datePublished\":\"2024-08-13T15:03:55+00:00\",\"dateModified\":\"2026-01-30T18:26:41+00:00\",\"breadcrumb\":{\"@id\":\"https:\\\/\\\/www.iceireland.com\\\/es\\\/student-support-and-engagement\\\/#breadcrumb\"},\"inLanguage\":\"es\",\"potentialAction\":[{\"@type\":\"ReadAction\",\"target\":[\"https:\\\/\\\/www.iceireland.com\\\/es\\\/student-support-and-engagement\\\/\"]}]},{\"@type\":\"BreadcrumbList\",\"@id\":\"https:\\\/\\\/www.iceireland.com\\\/es\\\/student-support-and-engagement\\\/#breadcrumb\",\"itemListElement\":[{\"@type\":\"ListItem\",\"position\":1,\"name\":\"Home\",\"item\":\"https:\\\/\\\/www.iceireland.com\\\/es\\\/\"},{\"@type\":\"ListItem\",\"position\":2,\"name\":\"Apoyo y participaci\u00f3n de los estudiantes\"}]},{\"@type\":\"WebSite\",\"@id\":\"https:\\\/\\\/www.iceireland.com\\\/es\\\/#website\",\"url\":\"https:\\\/\\\/www.iceireland.com\\\/es\\\/\",\"name\":\"Irish College of English\",\"description\":\"English School in Dublin, Malahide\",\"publisher\":{\"@id\":\"https:\\\/\\\/www.iceireland.com\\\/es\\\/#organization\"},\"potentialAction\":[{\"@type\":\"SearchAction\",\"target\":{\"@type\":\"EntryPoint\",\"urlTemplate\":\"https:\\\/\\\/www.iceireland.com\\\/es\\\/?s={search_term_string}\"},\"query-input\":{\"@type\":\"PropertyValueSpecification\",\"valueRequired\":true,\"valueName\":\"search_term_string\"}}],\"inLanguage\":\"es\"},{\"@type\":\"Organization\",\"@id\":\"https:\\\/\\\/www.iceireland.com\\\/es\\\/#organization\",\"name\":\"Irish College of English\",\"url\":\"https:\\\/\\\/www.iceireland.com\\\/es\\\/\",\"logo\":{\"@type\":\"ImageObject\",\"inLanguage\":\"es\",\"@id\":\"https:\\\/\\\/www.iceireland.com\\\/es\\\/#\\\/schema\\\/logo\\\/image\\\/\",\"url\":\"https:\\\/\\\/www.iceireland.com\\\/wp-content\\\/uploads\\\/2022\\\/03\\\/logo.png\",\"contentUrl\":\"https:\\\/\\\/www.iceireland.com\\\/wp-content\\\/uploads\\\/2022\\\/03\\\/logo.png\",\"width\":593,\"height\":92,\"caption\":\"Irish College of English\"},\"image\":{\"@id\":\"https:\\\/\\\/www.iceireland.com\\\/es\\\/#\\\/schema\\\/logo\\\/image\\\/\"}}]}<\/script>\n<!-- \/ Yoast SEO plugin. -->","yoast_head_json":{"title":"Apoyo y participaci\u00f3n de los estudiantes - Irish College of English","robots":{"index":"index","follow":"follow","max-snippet":"max-snippet:-1","max-image-preview":"max-image-preview:large","max-video-preview":"max-video-preview:-1"},"canonical":"https:\/\/www.iceireland.com\/es\/student-support-and-engagement\/","og_locale":"es_ES","og_type":"article","og_title":"Apoyo y participaci\u00f3n de los estudiantes - Irish College of English","og_description":"Apoyo y compromiso de los estudiantes: El ICE se compromete a proporcionar servicios de apoyo para ayudar a los estudiantes a alcanzar sus objetivos de aprendizaje de idiomas. Esto incluye asesoramiento acad\u00e9mico, tutor\u00edas y apoyo adicional para estudiantes con necesidades especiales. Apoyamos la progresi\u00f3n acad\u00e9mica de los alumnos bas\u00e1ndonos en la finalizaci\u00f3n con \u00e9xito de [&hellip;]","og_url":"https:\/\/www.iceireland.com\/es\/student-support-and-engagement\/","og_site_name":"Irish College of English","article_modified_time":"2026-01-30T18:26:41+00:00","twitter_misc":{"Tiempo de lectura":"1 minuto"},"schema":{"@context":"https:\/\/schema.org","@graph":[{"@type":"WebPage","@id":"https:\/\/www.iceireland.com\/es\/student-support-and-engagement\/","url":"https:\/\/www.iceireland.com\/es\/student-support-and-engagement\/","name":"Apoyo y participaci\u00f3n de los estudiantes - Irish College of English","isPartOf":{"@id":"https:\/\/www.iceireland.com\/es\/#website"},"datePublished":"2024-08-13T15:03:55+00:00","dateModified":"2026-01-30T18:26:41+00:00","breadcrumb":{"@id":"https:\/\/www.iceireland.com\/es\/student-support-and-engagement\/#breadcrumb"},"inLanguage":"es","potentialAction":[{"@type":"ReadAction","target":["https:\/\/www.iceireland.com\/es\/student-support-and-engagement\/"]}]},{"@type":"BreadcrumbList","@id":"https:\/\/www.iceireland.com\/es\/student-support-and-engagement\/#breadcrumb","itemListElement":[{"@type":"ListItem","position":1,"name":"Home","item":"https:\/\/www.iceireland.com\/es\/"},{"@type":"ListItem","position":2,"name":"Apoyo y participaci\u00f3n de los estudiantes"}]},{"@type":"WebSite","@id":"https:\/\/www.iceireland.com\/es\/#website","url":"https:\/\/www.iceireland.com\/es\/","name":"Irish College of English","description":"English School in Dublin, Malahide","publisher":{"@id":"https:\/\/www.iceireland.com\/es\/#organization"},"potentialAction":[{"@type":"SearchAction","target":{"@type":"EntryPoint","urlTemplate":"https:\/\/www.iceireland.com\/es\/?s={search_term_string}"},"query-input":{"@type":"PropertyValueSpecification","valueRequired":true,"valueName":"search_term_string"}}],"inLanguage":"es"},{"@type":"Organization","@id":"https:\/\/www.iceireland.com\/es\/#organization","name":"Irish College of English","url":"https:\/\/www.iceireland.com\/es\/","logo":{"@type":"ImageObject","inLanguage":"es","@id":"https:\/\/www.iceireland.com\/es\/#\/schema\/logo\/image\/","url":"https:\/\/www.iceireland.com\/wp-content\/uploads\/2022\/03\/logo.png","contentUrl":"https:\/\/www.iceireland.com\/wp-content\/uploads\/2022\/03\/logo.png","width":593,"height":92,"caption":"Irish College of English"},"image":{"@id":"https:\/\/www.iceireland.com\/es\/#\/schema\/logo\/image\/"}}]}},"_links":{"self":[{"href":"https:\/\/www.iceireland.com\/es\/wp-json\/wp\/v2\/pages\/33183","targetHints":{"allow":["GET"]}}],"collection":[{"href":"https:\/\/www.iceireland.com\/es\/wp-json\/wp\/v2\/pages"}],"about":[{"href":"https:\/\/www.iceireland.com\/es\/wp-json\/wp\/v2\/types\/page"}],"author":[{"embeddable":true,"href":"https:\/\/www.iceireland.com\/es\/wp-json\/wp\/v2\/users\/3"}],"replies":[{"embeddable":true,"href":"https:\/\/www.iceireland.com\/es\/wp-json\/wp\/v2\/comments?post=33183"}],"version-history":[{"count":1,"href":"https:\/\/www.iceireland.com\/es\/wp-json\/wp\/v2\/pages\/33183\/revisions"}],"predecessor-version":[{"id":33185,"href":"https:\/\/www.iceireland.com\/es\/wp-json\/wp\/v2\/pages\/33183\/revisions\/33185"}],"wp:attachment":[{"href":"https:\/\/www.iceireland.com\/es\/wp-json\/wp\/v2\/media?parent=33183"}],"curies":[{"name":"wp","href":"https:\/\/api.w.org\/{rel}","templated":true}]}}