{"id":33212,"date":"2024-08-13T14:18:49","date_gmt":"2024-08-13T14:18:49","guid":{"rendered":"https:\/\/www.iceireland.com\/course-purpose-intended-learning-outcomes-adult-courses\/"},"modified":"2026-01-30T18:26:48","modified_gmt":"2026-01-30T18:26:48","slug":"course-purpose-intended-learning-outcomes-adult-courses","status":"publish","type":"page","link":"https:\/\/www.iceireland.com\/es\/course-purpose-intended-learning-outcomes-adult-courses\/","title":{"rendered":"Prop\u00f3sito del curso y resultados de aprendizaje previstos &#8211; Cursos para adultos"},"content":{"rendered":"\t\t<div data-elementor-type=\"wp-page\" data-elementor-id=\"33212\" class=\"elementor elementor-33212 elementor-27245\" data-elementor-post-type=\"page\">\n\t\t\t\t\t\t<section class=\"elementor-section elementor-top-section elementor-element elementor-element-edee056 elementor-section-boxed elementor-section-height-default elementor-section-height-default\" data-id=\"edee056\" data-element_type=\"section\" data-e-type=\"section\">\n\t\t\t\t\t\t<div class=\"elementor-container elementor-column-gap-default\">\n\t\t\t\t\t<div class=\"elementor-column elementor-col-100 elementor-top-column elementor-element elementor-element-7b200fb\" data-id=\"7b200fb\" data-element_type=\"column\" data-e-type=\"column\">\n\t\t\t<div class=\"elementor-widget-wrap elementor-element-populated\">\n\t\t\t\t\t\t<div class=\"elementor-element elementor-element-05f6122 elementor-widget elementor-widget-text-editor\" data-id=\"05f6122\" data-element_type=\"widget\" data-e-type=\"widget\" data-widget_type=\"text-editor.default\">\n\t\t\t\t<div class=\"elementor-widget-container\">\n\t\t\t\t\t\t\t\t\t<h2>Prop\u00f3sito del curso y resultados de aprendizaje previstos &#8211; Cursos para adultos<\/h2><p> <\/p><p>Prop\u00f3sito<\/p><p>El objetivo de nuestros cursos para adultos es proporcionarles un entorno completo y flexible para mejorar sus conocimientos de ingl\u00e9s. Siguiendo un plan de estudios estructurado basado en la escala del MCER, el curso pretende ayudar a los participantes a lograr progresos mensurables en su dominio del idioma, atendiendo a diversos objetivos personales y profesionales. Aunque nuestro objetivo principal es mejorar la capacidad de nuestros alumnos para comunicarse eficazmente en ingl\u00e9s, tambi\u00e9n nos centramos en dotarles de las destrezas ling\u00fc\u00edsticas necesarias para el lugar de trabajo, los programas universitarios y la integraci\u00f3n social. Los adultos pueden adaptar su programa para a\u00f1adir clases particulares adicionales, lo que les permite aumentar la intensidad de su programa. Los adultos tambi\u00e9n pueden asistir a nuestros programas sociales y de actividades para adultos, a\u00f1adiendo un elemento intercultural y tur\u00edstico a su experiencia. Adem\u00e1s, el programa ofrece la posibilidad de alojarse con anfitriones locales, lo que proporciona aut\u00e9nticas oportunidades de practicar ingl\u00e9s y experimentar una inmersi\u00f3n cultural, mejorando su comprensi\u00f3n y apreciaci\u00f3n generales del idioma en contextos del mundo real.     <\/p><p> <\/p><p>Resultados de aprendizaje previstos<\/p><p>Los resultados de aprendizaje previstos de nuestro curso de ingl\u00e9s para adultos son garantizar que los alumnos alcancen un dominio completo y pr\u00e1ctico de la lengua, que facilite una comunicaci\u00f3n eficaz en diversos contextos. Al final del curso, los alumnos deber\u00e1n ser capaces de demostrar una mayor competencia en comprensi\u00f3n oral, expresi\u00f3n oral, lectura y escritura, adaptada a su nivel espec\u00edfico del MCER. Estar\u00e1n preparados para entender y participar en conversaciones cotidianas, expresar sus pensamientos e ideas con claridad y comprender textos escritos de diversa complejidad. Adem\u00e1s, los alumnos desarrollar\u00e1n la capacidad de escribir textos coherentes y estructurados, incluidos correos electr\u00f3nicos, informes y ensayos, adecuados a su nivel de competencia.   <\/p><p>M\u00e1s all\u00e1 de las destrezas ling\u00fc\u00edsticas, el curso pretende mejorar la competencia cultural de los alumnos y su capacidad para desenvolverse en entornos sociales y profesionales de habla inglesa. Los alumnos conocer\u00e1n mejor las normas culturales, las expresiones idiom\u00e1ticas y el uso de la lengua en contextos espec\u00edficos, lo que les permitir\u00e1 interactuar con mayor eficacia y confianza. El curso tambi\u00e9n pretende aumentar las posibilidades de empleo de los alumnos proporcion\u00e1ndoles vocabulario y habilidades comunicativas, lo que les abrir\u00e1 mayores oportunidades profesionales. En general, el curso aspira a capacitar a los alumnos para alcanzar sus objetivos personales, profesionales y acad\u00e9micos mediante una base s\u00f3lida en el dominio de la lengua inglesa y la comprensi\u00f3n cultural.   <\/p>\t\t\t\t\t\t\t\t<\/div>\n\t\t\t\t<\/div>\n\t\t\t\t\t<\/div>\n\t\t<\/div>\n\t\t\t\t\t<\/div>\n\t\t<\/section>\n\t\t\t\t<\/div>\n\t\t","protected":false},"excerpt":{"rendered":"<p>Prop\u00f3sito del curso y resultados de aprendizaje previstos &#8211; Cursos para adultos Prop\u00f3sito El objetivo de nuestros cursos para adultos es proporcionarles un entorno completo y flexible para mejorar sus conocimientos de ingl\u00e9s. Siguiendo un plan de estudios estructurado basado en la escala del MCER, el curso pretende ayudar a los participantes a lograr progresos [&hellip;]<\/p>\n","protected":false},"author":3,"featured_media":0,"parent":0,"menu_order":0,"comment_status":"closed","ping_status":"closed","template":"","meta":{"content-type":"","footnotes":""},"class_list":["post-33212","page","type-page","status-publish","hentry"],"yoast_head":"<!-- This site is optimized with the Yoast SEO plugin v27.3 - https:\/\/yoast.com\/product\/yoast-seo-wordpress\/ -->\n<title>Prop\u00f3sito del curso y resultados de aprendizaje previstos - Cursos para adultos - Irish College of English<\/title>\n<meta name=\"robots\" content=\"index, follow, max-snippet:-1, max-image-preview:large, max-video-preview:-1\" \/>\n<link rel=\"canonical\" href=\"https:\/\/www.iceireland.com\/es\/course-purpose-intended-learning-outcomes-adult-courses\/\" \/>\n<meta property=\"og:locale\" content=\"es_ES\" \/>\n<meta property=\"og:type\" content=\"article\" \/>\n<meta property=\"og:title\" content=\"Prop\u00f3sito del curso y resultados de aprendizaje previstos - Cursos para adultos - Irish College of English\" \/>\n<meta property=\"og:description\" content=\"Prop\u00f3sito del curso y resultados de aprendizaje previstos &#8211; Cursos para adultos Prop\u00f3sito El objetivo de nuestros cursos para adultos es proporcionarles un entorno completo y flexible para mejorar sus conocimientos de ingl\u00e9s. Siguiendo un plan de estudios estructurado basado en la escala del MCER, el curso pretende ayudar a los participantes a lograr progresos [&hellip;]\" \/>\n<meta property=\"og:url\" content=\"https:\/\/www.iceireland.com\/es\/course-purpose-intended-learning-outcomes-adult-courses\/\" \/>\n<meta property=\"og:site_name\" content=\"Irish College of English\" \/>\n<meta property=\"article:modified_time\" content=\"2026-01-30T18:26:48+00:00\" \/>\n<meta name=\"twitter:label1\" content=\"Tiempo de lectura\" \/>\n\t<meta name=\"twitter:data1\" content=\"2 minutos\" \/>\n<script type=\"application\/ld+json\" class=\"yoast-schema-graph\">{\"@context\":\"https:\\\/\\\/schema.org\",\"@graph\":[{\"@type\":\"WebPage\",\"@id\":\"https:\\\/\\\/www.iceireland.com\\\/es\\\/course-purpose-intended-learning-outcomes-adult-courses\\\/\",\"url\":\"https:\\\/\\\/www.iceireland.com\\\/es\\\/course-purpose-intended-learning-outcomes-adult-courses\\\/\",\"name\":\"Prop\u00f3sito del curso y resultados de aprendizaje previstos - Cursos para adultos - Irish College of English\",\"isPartOf\":{\"@id\":\"https:\\\/\\\/www.iceireland.com\\\/es\\\/#website\"},\"datePublished\":\"2024-08-13T14:18:49+00:00\",\"dateModified\":\"2026-01-30T18:26:48+00:00\",\"breadcrumb\":{\"@id\":\"https:\\\/\\\/www.iceireland.com\\\/es\\\/course-purpose-intended-learning-outcomes-adult-courses\\\/#breadcrumb\"},\"inLanguage\":\"es\",\"potentialAction\":[{\"@type\":\"ReadAction\",\"target\":[\"https:\\\/\\\/www.iceireland.com\\\/es\\\/course-purpose-intended-learning-outcomes-adult-courses\\\/\"]}]},{\"@type\":\"BreadcrumbList\",\"@id\":\"https:\\\/\\\/www.iceireland.com\\\/es\\\/course-purpose-intended-learning-outcomes-adult-courses\\\/#breadcrumb\",\"itemListElement\":[{\"@type\":\"ListItem\",\"position\":1,\"name\":\"Home\",\"item\":\"https:\\\/\\\/www.iceireland.com\\\/es\\\/\"},{\"@type\":\"ListItem\",\"position\":2,\"name\":\"Prop\u00f3sito del curso y resultados de aprendizaje previstos &#8211; Cursos para adultos\"}]},{\"@type\":\"WebSite\",\"@id\":\"https:\\\/\\\/www.iceireland.com\\\/es\\\/#website\",\"url\":\"https:\\\/\\\/www.iceireland.com\\\/es\\\/\",\"name\":\"Irish College of English\",\"description\":\"English School in Dublin, Malahide\",\"publisher\":{\"@id\":\"https:\\\/\\\/www.iceireland.com\\\/es\\\/#organization\"},\"potentialAction\":[{\"@type\":\"SearchAction\",\"target\":{\"@type\":\"EntryPoint\",\"urlTemplate\":\"https:\\\/\\\/www.iceireland.com\\\/es\\\/?s={search_term_string}\"},\"query-input\":{\"@type\":\"PropertyValueSpecification\",\"valueRequired\":true,\"valueName\":\"search_term_string\"}}],\"inLanguage\":\"es\"},{\"@type\":\"Organization\",\"@id\":\"https:\\\/\\\/www.iceireland.com\\\/es\\\/#organization\",\"name\":\"Irish College of English\",\"url\":\"https:\\\/\\\/www.iceireland.com\\\/es\\\/\",\"logo\":{\"@type\":\"ImageObject\",\"inLanguage\":\"es\",\"@id\":\"https:\\\/\\\/www.iceireland.com\\\/es\\\/#\\\/schema\\\/logo\\\/image\\\/\",\"url\":\"https:\\\/\\\/www.iceireland.com\\\/wp-content\\\/uploads\\\/2022\\\/03\\\/logo.png\",\"contentUrl\":\"https:\\\/\\\/www.iceireland.com\\\/wp-content\\\/uploads\\\/2022\\\/03\\\/logo.png\",\"width\":593,\"height\":92,\"caption\":\"Irish College of English\"},\"image\":{\"@id\":\"https:\\\/\\\/www.iceireland.com\\\/es\\\/#\\\/schema\\\/logo\\\/image\\\/\"}}]}<\/script>\n<!-- \/ Yoast SEO plugin. -->","yoast_head_json":{"title":"Prop\u00f3sito del curso y resultados de aprendizaje previstos - Cursos para adultos - Irish College of English","robots":{"index":"index","follow":"follow","max-snippet":"max-snippet:-1","max-image-preview":"max-image-preview:large","max-video-preview":"max-video-preview:-1"},"canonical":"https:\/\/www.iceireland.com\/es\/course-purpose-intended-learning-outcomes-adult-courses\/","og_locale":"es_ES","og_type":"article","og_title":"Prop\u00f3sito del curso y resultados de aprendizaje previstos - Cursos para adultos - Irish College of English","og_description":"Prop\u00f3sito del curso y resultados de aprendizaje previstos &#8211; Cursos para adultos Prop\u00f3sito El objetivo de nuestros cursos para adultos es proporcionarles un entorno completo y flexible para mejorar sus conocimientos de ingl\u00e9s. Siguiendo un plan de estudios estructurado basado en la escala del MCER, el curso pretende ayudar a los participantes a lograr progresos [&hellip;]","og_url":"https:\/\/www.iceireland.com\/es\/course-purpose-intended-learning-outcomes-adult-courses\/","og_site_name":"Irish College of English","article_modified_time":"2026-01-30T18:26:48+00:00","twitter_misc":{"Tiempo de lectura":"2 minutos"},"schema":{"@context":"https:\/\/schema.org","@graph":[{"@type":"WebPage","@id":"https:\/\/www.iceireland.com\/es\/course-purpose-intended-learning-outcomes-adult-courses\/","url":"https:\/\/www.iceireland.com\/es\/course-purpose-intended-learning-outcomes-adult-courses\/","name":"Prop\u00f3sito del curso y resultados de aprendizaje previstos - Cursos para adultos - Irish College of English","isPartOf":{"@id":"https:\/\/www.iceireland.com\/es\/#website"},"datePublished":"2024-08-13T14:18:49+00:00","dateModified":"2026-01-30T18:26:48+00:00","breadcrumb":{"@id":"https:\/\/www.iceireland.com\/es\/course-purpose-intended-learning-outcomes-adult-courses\/#breadcrumb"},"inLanguage":"es","potentialAction":[{"@type":"ReadAction","target":["https:\/\/www.iceireland.com\/es\/course-purpose-intended-learning-outcomes-adult-courses\/"]}]},{"@type":"BreadcrumbList","@id":"https:\/\/www.iceireland.com\/es\/course-purpose-intended-learning-outcomes-adult-courses\/#breadcrumb","itemListElement":[{"@type":"ListItem","position":1,"name":"Home","item":"https:\/\/www.iceireland.com\/es\/"},{"@type":"ListItem","position":2,"name":"Prop\u00f3sito del curso y resultados de aprendizaje previstos &#8211; Cursos para adultos"}]},{"@type":"WebSite","@id":"https:\/\/www.iceireland.com\/es\/#website","url":"https:\/\/www.iceireland.com\/es\/","name":"Irish College of English","description":"English School in Dublin, Malahide","publisher":{"@id":"https:\/\/www.iceireland.com\/es\/#organization"},"potentialAction":[{"@type":"SearchAction","target":{"@type":"EntryPoint","urlTemplate":"https:\/\/www.iceireland.com\/es\/?s={search_term_string}"},"query-input":{"@type":"PropertyValueSpecification","valueRequired":true,"valueName":"search_term_string"}}],"inLanguage":"es"},{"@type":"Organization","@id":"https:\/\/www.iceireland.com\/es\/#organization","name":"Irish College of English","url":"https:\/\/www.iceireland.com\/es\/","logo":{"@type":"ImageObject","inLanguage":"es","@id":"https:\/\/www.iceireland.com\/es\/#\/schema\/logo\/image\/","url":"https:\/\/www.iceireland.com\/wp-content\/uploads\/2022\/03\/logo.png","contentUrl":"https:\/\/www.iceireland.com\/wp-content\/uploads\/2022\/03\/logo.png","width":593,"height":92,"caption":"Irish College of English"},"image":{"@id":"https:\/\/www.iceireland.com\/es\/#\/schema\/logo\/image\/"}}]}},"_links":{"self":[{"href":"https:\/\/www.iceireland.com\/es\/wp-json\/wp\/v2\/pages\/33212","targetHints":{"allow":["GET"]}}],"collection":[{"href":"https:\/\/www.iceireland.com\/es\/wp-json\/wp\/v2\/pages"}],"about":[{"href":"https:\/\/www.iceireland.com\/es\/wp-json\/wp\/v2\/types\/page"}],"author":[{"embeddable":true,"href":"https:\/\/www.iceireland.com\/es\/wp-json\/wp\/v2\/users\/3"}],"replies":[{"embeddable":true,"href":"https:\/\/www.iceireland.com\/es\/wp-json\/wp\/v2\/comments?post=33212"}],"version-history":[{"count":1,"href":"https:\/\/www.iceireland.com\/es\/wp-json\/wp\/v2\/pages\/33212\/revisions"}],"predecessor-version":[{"id":33213,"href":"https:\/\/www.iceireland.com\/es\/wp-json\/wp\/v2\/pages\/33212\/revisions\/33213"}],"wp:attachment":[{"href":"https:\/\/www.iceireland.com\/es\/wp-json\/wp\/v2\/media?parent=33212"}],"curies":[{"name":"wp","href":"https:\/\/api.w.org\/{rel}","templated":true}]}}