{"id":33263,"date":"2024-04-30T10:45:33","date_gmt":"2024-04-30T10:45:33","guid":{"rendered":"https:\/\/www.iceireland.com\/ayp-attendance-consequence-and-expulsion\/"},"modified":"2026-01-30T18:27:13","modified_gmt":"2026-01-30T18:27:13","slug":"ayp-attendance-consequence-and-expulsion","status":"publish","type":"page","link":"https:\/\/www.iceireland.com\/es\/ayp-attendance-consequence-and-expulsion\/","title":{"rendered":"AYP Asistencia, Consecuencia y Expulsi\u00f3n"},"content":{"rendered":"\t\t<div data-elementor-type=\"wp-page\" data-elementor-id=\"33263\" class=\"elementor elementor-33263 elementor-26681\" data-elementor-post-type=\"page\">\n\t\t\t\t\t\t<section class=\"elementor-section elementor-top-section elementor-element elementor-element-38e15fa elementor-section-boxed elementor-section-height-default elementor-section-height-default\" data-id=\"38e15fa\" data-element_type=\"section\" data-e-type=\"section\">\n\t\t\t\t\t\t<div class=\"elementor-container elementor-column-gap-default\">\n\t\t\t\t\t<div class=\"elementor-column elementor-col-100 elementor-top-column elementor-element elementor-element-7619e07\" data-id=\"7619e07\" data-element_type=\"column\" data-e-type=\"column\">\n\t\t\t<div class=\"elementor-widget-wrap elementor-element-populated\">\n\t\t\t\t\t\t<div class=\"elementor-element elementor-element-a855156 elementor-widget elementor-widget-spacer\" data-id=\"a855156\" data-element_type=\"widget\" data-e-type=\"widget\" data-widget_type=\"spacer.default\">\n\t\t\t\t<div class=\"elementor-widget-container\">\n\t\t\t\t\t\t\t<div class=\"elementor-spacer\">\n\t\t\t<div class=\"elementor-spacer-inner\"><\/div>\n\t\t<\/div>\n\t\t\t\t\t\t<\/div>\n\t\t\t\t<\/div>\n\t\t\t\t\t<\/div>\n\t\t<\/div>\n\t\t\t\t\t<\/div>\n\t\t<\/section>\n\t\t\t\t<section class=\"elementor-section elementor-top-section elementor-element elementor-element-e146597 elementor-section-boxed elementor-section-height-default elementor-section-height-default\" data-id=\"e146597\" data-element_type=\"section\" data-e-type=\"section\">\n\t\t\t\t\t\t<div class=\"elementor-container elementor-column-gap-default\">\n\t\t\t\t\t<div class=\"elementor-column elementor-col-100 elementor-top-column elementor-element elementor-element-5e0f0d3\" data-id=\"5e0f0d3\" data-element_type=\"column\" data-e-type=\"column\">\n\t\t\t<div class=\"elementor-widget-wrap elementor-element-populated\">\n\t\t\t\t\t\t<div class=\"elementor-element elementor-element-51fc137 elementor-widget elementor-widget-text-editor\" data-id=\"51fc137\" data-element_type=\"widget\" data-e-type=\"widget\" data-widget_type=\"text-editor.default\">\n\t\t\t\t<div class=\"elementor-widget-container\">\n\t\t\t\t\t\t\t\t\t<h4><strong>AYP Asistencia, Consecuencia y Expulsi\u00f3n<\/strong><\/h4><p>En el Irish College of English, nos comprometemos a fomentar un entorno respetuoso, solidario e integrador. Todos los estudiantes deben cumplir nuestro <strong>C\u00f3digo de Conducta Estudiantil<\/strong>, que promueve un comportamiento respetuoso en todos los \u00e1mbitos de la vida escolar y del campamento, incluidas las aulas, las actividades dentro y fuera del centro, el alojamiento y durante las excursiones. Este c\u00f3digo, que puede consultarse aqu\u00ed, en el Manual del Estudiante, promueve la seguridad, el bienestar y la experiencia positiva de todos los estudiantes, el personal, los anfitriones y la comunidad local.  <strong> <\/strong><\/p><p><strong>C\u00f3digos clave:<\/strong><\/p><p>Se espera que los alumnos:<\/p><ul><li>Trata a los compa\u00f1eros, al personal y a las familias de acogida con respeto.<\/li><li>Sigue las instrucciones de profesores, monitores de actividades y proveedores de alojamiento.<\/li><li>Respeta en todo momento las directrices de seguridad y las pol\u00edticas de la universidad.<\/li><li>Respeta la propiedad ajena y el medio ambiente.<\/li><\/ul><p>Nos esforzamos por guiar a los alumnos en el mantenimiento de estas normas mediante una comunicaci\u00f3n clara y un refuerzo positivo. Sin embargo, los comportamientos inaceptables se tratar\u00e1n de forma r\u00e1pida y adecuada. <\/p><p>Nuestra Pol\u00edtica Disciplinaria y de Expulsi\u00f3n garantiza que todos los miembros de nuestra comunidad reciban un trato justo y que los comportamientos inadecuados se aborden con prontitud y eficacia. Las revisiones peri\u00f3dicas de esta pol\u00edtica garantizan su adecuaci\u00f3n a nuestro compromiso de mantener un entorno de aprendizaje positivo. En el Irish College of English, creemos en el fomento de una cultura de respeto, responsabilidad y rendici\u00f3n de cuentas, y esta pol\u00edtica refleja nuestra dedicaci\u00f3n a mantener estos principios.  <\/p><h4> <\/h4><h4>Procedimientos para tratar el comportamiento inaceptable<\/h4><p><strong>Intervenci\u00f3n inicial:<\/strong><\/p><p>Los incidentes leves se tratar\u00e1n mediante advertencias verbales o escritas, con instrucciones claras para corregir la conducta.<\/p><p>En el caso de los alumnos menores, los padres\/tutores pueden ser informados en esta fase.<\/p><p><strong>Escalada:<\/strong><\/p><p>Las infracciones repetidas o graves del c\u00f3digo dar\u00e1n lugar a una revisi\u00f3n formal por parte del equipo directivo de la escuela o de los miembros del equipo que est\u00e9n disponibles.<\/p><p>Las consecuencias pueden incluir una advertencia, restricciones en las actividades, cambios en el alojamiento o suspensi\u00f3n temporal, y se comunicar\u00e1n r\u00e1pidamente al alumno, junto con el razonamiento del equipo.<\/p><p>Si el comportamiento contin\u00faa, se proceder\u00e1 a la expulsi\u00f3n.<\/p><p><strong>Expulsi\u00f3n inmediata:<\/strong><\/p><p>Las faltas graves, como poner en peligro a otros, robar, intimidar o abusar de drogas o alcohol, pueden dar lugar a la expulsi\u00f3n inmediata.<\/p><p>Infracciones continuadas de lo que se considera un comportamiento inaceptable tras o despu\u00e9s de una advertencia inicial por parte de un miembro del personal\/l\u00edder del propio grupo.<\/p><p>Los alumnos menores de edad deben ser recogidos puntualmente por sus padres\/tutores o por un representante designado, o se deben organizar vuelos a casa seg\u00fan sea necesario.<\/p><p>Los estudiantes adultos deben desalojar su alojamiento y tomar medidas alternativas inmediatamente.<\/p><p>Las infracciones graves de conducta, especialmente las que impliquen actividades ilegales, pueden implicar a autoridades externas cuando sea necesario.<\/p><p><strong> <\/strong><\/p><h4><strong>Absentismo y expulsi\u00f3n de alumnos en programas AYP  <\/strong><\/h4><p class=\"cvGsUA direction-ltr align-start para-style-body\"><span class=\"a_GcMg font-feature-liga-off font-feature-clig-off font-feature-calt-off text-decoration-none text-strikethrough-none\">Horario y asistencia a clase:<\/span><\/p><ul><li><span class=\"a_GcMg font-feature-liga-off font-feature-clig-off font-feature-calt-off text-decoration-none text-strikethrough-none\">Las clases se imparten de lunes a viernes de 9.15 a 12.30 horas.<\/span><\/li><li><span class=\"a_GcMg font-feature-liga-off font-feature-clig-off font-feature-calt-off text-decoration-none text-strikethrough-none\">La asistencia se toma diariamente en clase.<\/span><\/li><li><span class=\"a_GcMg font-feature-liga-off font-feature-clig-off font-feature-calt-off text-decoration-none text-strikethrough-none\">Los alumnos deben llegar a tiempo y asistir a la clase completa para que se les marque como presentes.<\/span><\/li><\/ul><p class=\"cvGsUA direction-ltr align-start para-style-body\"><span class=\"a_GcMg font-feature-liga-off font-feature-clig-off font-feature-calt-off text-decoration-none text-strikethrough-none\">Requisito m\u00ednimo de asistencia:<\/span><\/p><ul><li><span class=\"a_GcMg font-feature-liga-off font-feature-clig-off font-feature-calt-off text-decoration-none text-strikethrough-none\">Existe un requisito de asistencia m\u00ednima obligatoria del 85%.<\/span><\/li><\/ul><div> <\/div><p class=\"cvGsUA direction-ltr align-start para-style-body\"><span class=\"a_GcMg font-feature-liga-off font-feature-clig-off font-feature-calt-off text-decoration-none text-strikethrough-none\">Informar al Servicio de Inmigraci\u00f3n:<\/span><\/p><ul><li><span class=\"a_GcMg font-feature-liga-off font-feature-clig-off font-feature-calt-off text-decoration-none text-strikethrough-none\">Se env\u00eda un informe semanal de asistencia al servicio de inmigraci\u00f3n.<\/span><\/li><li><span class=\"a_GcMg font-feature-liga-off font-feature-clig-off font-feature-calt-off text-decoration-none text-strikethrough-none\">Si un alumno tiene un 25% o m\u00e1s de faltas sin certificar en las seis primeras semanas, esta informaci\u00f3n se comunicar\u00e1 al INIS\/GNIB.<\/span><\/li><li><span class=\"a_GcMg font-feature-liga-off font-feature-clig-off font-feature-calt-off text-decoration-none text-strikethrough-none\">Si un alumno no puede recuperar la asistencia hasta un m\u00ednimo del 85% antes de que finalice el programa, se le informar\u00e1 de que no cumple los requisitos de asistencia.<\/span><\/li><li><span class=\"a_GcMg font-feature-liga-off font-feature-clig-off font-feature-calt-off text-decoration-none text-strikethrough-none\">Este hecho se comunicar\u00e1 al servicio de inmigraci\u00f3n.<\/span><\/li><\/ul><div> <\/div><p class=\"cvGsUA direction-ltr align-start para-style-body\"><span class=\"a_GcMg font-feature-liga-off font-feature-clig-off font-feature-calt-off text-decoration-none text-strikethrough-none\">No hay mecanismo para recuperar las ausencias no certificadas:<\/span><\/p><ul><li><span class=\"a_GcMg font-feature-liga-off font-feature-clig-off font-feature-calt-off text-decoration-none text-strikethrough-none\">No se permite ning\u00fan mecanismo para que los alumnos recuperen las ausencias no certificadas mediante clases adicionales, ni durante ni despu\u00e9s de la finalizaci\u00f3n del programa.<\/span><\/li><\/ul><p class=\"cvGsUA direction-ltr align-start para-style-body\"><span class=\"a_GcMg font-feature-liga-off font-feature-clig-off font-feature-calt-off text-decoration-none text-strikethrough-none\"> <\/span><\/p><p class=\"cvGsUA direction-ltr align-start para-style-body\"><span class=\"a_GcMg font-feature-liga-off font-feature-clig-off font-feature-calt-off text-decoration-none text-strikethrough-none\">Carta de asistencia final:<\/span><\/p><ul><li><span class=\"a_GcMg font-feature-liga-off font-feature-clig-off font-feature-calt-off text-decoration-none text-strikethrough-none\">Al final del curso se emitir\u00e1 una carta confirmando la asistencia final.<\/span><\/li><\/ul><div> <\/div><p class=\"cvGsUA direction-ltr align-start para-style-body\"><span class=\"a_GcMg font-feature-liga-off font-feature-clig-off font-feature-calt-off text-decoration-none text-strikethrough-none\">Absentismo y expulsi\u00f3n<\/span><\/p><p class=\"cvGsUA direction-ltr align-start para-style-body\"><span class=\"a_GcMg font-feature-liga-off font-feature-clig-off font-feature-calt-off text-decoration-none text-strikethrough-none\">Sistema de aviso de asistencia:<\/span><\/p><ul><li><span class=\"a_GcMg font-feature-liga-off font-feature-clig-off font-feature-calt-off text-decoration-none text-strikethrough-none\">La asistencia se controla semanalmente, y los alumnos que no alcancen el 75% de asistencia recibir\u00e1n un correo electr\u00f3nico de advertencia.<\/span><\/li><li><span class=\"a_GcMg font-feature-liga-off font-feature-clig-off font-feature-calt-off text-decoration-none text-strikethrough-none\">Tras la primera advertencia, si la asistencia del alumno no mejora, se emitir\u00e1 una segunda advertencia y se programar\u00e1 una reuni\u00f3n con la direcci\u00f3n del centro.<\/span><\/li><li><span class=\"a_GcMg font-feature-liga-off font-feature-clig-off font-feature-calt-off text-decoration-none text-strikethrough-none\">El incumplimiento continuado de los requisitos de asistencia dar\u00e1 lugar a una advertencia final, y el estudiante podr\u00e1 ser denunciado al INIS\/GNIB y expulsado del programa ILEP.<\/span><\/li><li><span class=\"a_GcMg font-feature-liga-off font-feature-clig-off font-feature-calt-off text-decoration-none text-strikethrough-none\">Esta decisi\u00f3n quedar\u00e1 a discreci\u00f3n del Director de Operaciones, Ian McElhinney.<\/span><\/li><\/ul><p class=\"cvGsUA direction-ltr align-start para-style-body\"><span class=\"a_GcMg font-feature-liga-off font-feature-clig-off font-feature-calt-off text-decoration-none text-strikethrough-none\"> <\/span><\/p><p class=\"cvGsUA direction-ltr align-start para-style-body\"><span class=\"a_GcMg font-feature-liga-off font-feature-clig-off font-feature-calt-off text-decoration-none text-strikethrough-none\">Consecuencias de la expulsi\u00f3n:<\/span><\/p><ul><li><span class=\"a_GcMg font-feature-liga-off font-feature-clig-off font-feature-calt-off text-decoration-none text-strikethrough-none\">No mejorar la asistencia a un nivel aceptable supondr\u00e1 la expulsi\u00f3n del programa ILEP.<\/span><\/li><li><span class=\"a_GcMg font-feature-liga-off font-feature-clig-off font-feature-calt-off text-decoration-none text-strikethrough-none\">Las consecuencias son la ausencia de certificado, la no devoluci\u00f3n del dinero y la notificaci\u00f3n al INIS (Servicio Irland\u00e9s de Naturalizaci\u00f3n e Inmigraci\u00f3n).<\/span><\/li><\/ul><p class=\"cvGsUA direction-ltr align-start para-style-body\"><span class=\"a_GcMg font-feature-liga-off font-feature-clig-off font-feature-calt-off text-decoration-none text-strikethrough-none\">Ausencias justificadas<\/span><\/p><ul><li><span class=\"a_GcMg font-feature-liga-off font-feature-clig-off font-feature-calt-off text-decoration-none text-strikethrough-none\">Definici\u00f3n de ausencias justificadas:<\/span><ul><li><span class=\"a_GcMg font-feature-liga-off font-feature-clig-off font-feature-calt-off text-decoration-none text-strikethrough-none\">Las ausencias pueden justificarse en caso de:<\/span><ul><li><span class=\"a_GcMg font-feature-liga-off font-feature-clig-off font-feature-calt-off text-decoration-none text-strikethrough-none\">Enfermedad, Enfermedad grave, Fallecimiento de un familiar<\/span><\/li><\/ul><\/li><\/ul><\/li><\/ul><p class=\"cvGsUA direction-ltr align-start para-style-body\"><span class=\"a_GcMg font-feature-liga-off font-feature-clig-off font-feature-calt-off text-decoration-none text-strikethrough-none\"> <\/span><\/p><p class=\"cvGsUA direction-ltr align-start para-style-body\"><span class=\"a_GcMg font-feature-liga-off font-feature-clig-off font-feature-calt-off text-decoration-none text-strikethrough-none\">Notificaci\u00f3n y documentaci\u00f3n justificativa<\/span><\/p><ul><li class=\"cvGsUA direction-ltr align-start para-style-body\"><span class=\"a_GcMg font-feature-liga-off font-feature-clig-off font-feature-calt-off text-decoration-none text-strikethrough-none\">Los estudiantes deben notificar al colegio por correo electr\u00f3nico en caso de ausencias justificadas.<\/span><\/li><li class=\"cvGsUA direction-ltr align-start para-style-body\"><span class=\"a_GcMg font-feature-liga-off font-feature-clig-off font-feature-calt-off text-decoration-none text-strikethrough-none\">Se solicitar\u00e1 y valorar\u00e1 la documentaci\u00f3n justificativa.<\/span><\/li><\/ul><p class=\"cvGsUA direction-ltr align-start para-style-body\"><span class=\"a_GcMg font-feature-liga-off font-feature-clig-off font-feature-calt-off text-decoration-none text-strikethrough-none\">Documentaci\u00f3n justificativa aceptable:<\/span><\/p><ul><li><span class=\"a_GcMg font-feature-liga-off font-feature-clig-off font-feature-calt-off text-decoration-none text-strikethrough-none\">Enfermedad: Certificado m\u00e9dico<\/span><\/li><li><span class=\"a_GcMg font-feature-liga-off font-feature-clig-off font-feature-calt-off text-decoration-none text-strikethrough-none\">Enfermedad grave de un familiar: Certificado m\u00e9dico<\/span><\/li><li><span class=\"a_GcMg font-feature-liga-off font-feature-clig-off font-feature-calt-off text-decoration-none text-strikethrough-none\">Duelo: Pruebas de duelo.<\/span><\/li><\/ul><p><strong> <\/strong><\/p><h4><strong>Proceso de recurso<\/strong><\/h4><p>Los alumnos y, en el caso de los juniors, sus padres\/tutores, pueden recurrir una decisi\u00f3n tras una expulsi\u00f3n. El proceso de apelaci\u00f3n incluye <\/p><p>Presentar una apelaci\u00f3n por escrito al director del colegio en un plazo de 5 d\u00edas laborables a partir de la expulsi\u00f3n.<\/p><p>El Consejo de Administraci\u00f3n evaluar\u00e1 el recurso teniendo en cuenta toda la informaci\u00f3n pertinente.<\/p><p>Se comunicar\u00e1 una decisi\u00f3n en un plazo de 7 d\u00edas laborables a partir de la presentaci\u00f3n del recurso.<\/p><p>La decisi\u00f3n del Consejo de Administraci\u00f3n es inapelable.<\/p>\t\t\t\t\t\t\t\t<\/div>\n\t\t\t\t<\/div>\n\t\t\t\t\t<\/div>\n\t\t<\/div>\n\t\t\t\t\t<\/div>\n\t\t<\/section>\n\t\t\t\t<section class=\"elementor-section elementor-top-section elementor-element elementor-element-52ed7a0 elementor-section-boxed elementor-section-height-default elementor-section-height-default\" data-id=\"52ed7a0\" data-element_type=\"section\" data-e-type=\"section\">\n\t\t\t\t\t\t<div class=\"elementor-container elementor-column-gap-default\">\n\t\t\t\t\t<div class=\"elementor-column elementor-col-100 elementor-top-column elementor-element elementor-element-99a519b\" data-id=\"99a519b\" data-element_type=\"column\" data-e-type=\"column\">\n\t\t\t<div class=\"elementor-widget-wrap elementor-element-populated\">\n\t\t\t\t\t\t<div class=\"elementor-element elementor-element-81a94e8 elementor-widget elementor-widget-spacer\" data-id=\"81a94e8\" data-element_type=\"widget\" data-e-type=\"widget\" data-widget_type=\"spacer.default\">\n\t\t\t\t<div class=\"elementor-widget-container\">\n\t\t\t\t\t\t\t<div class=\"elementor-spacer\">\n\t\t\t<div class=\"elementor-spacer-inner\"><\/div>\n\t\t<\/div>\n\t\t\t\t\t\t<\/div>\n\t\t\t\t<\/div>\n\t\t\t\t\t<\/div>\n\t\t<\/div>\n\t\t\t\t\t<\/div>\n\t\t<\/section>\n\t\t\t\t<\/div>\n\t\t","protected":false},"excerpt":{"rendered":"<p>AYP Asistencia, Consecuencia y Expulsi\u00f3n En el Irish College of English, nos comprometemos a fomentar un entorno respetuoso, solidario e integrador. Todos los estudiantes deben cumplir nuestro C\u00f3digo de Conducta Estudiantil, que promueve un comportamiento respetuoso en todos los \u00e1mbitos de la vida escolar y del campamento, incluidas las aulas, las actividades dentro y fuera [&hellip;]<\/p>\n","protected":false},"author":3,"featured_media":0,"parent":0,"menu_order":0,"comment_status":"closed","ping_status":"closed","template":"","meta":{"content-type":"","footnotes":""},"class_list":["post-33263","page","type-page","status-publish","hentry"],"yoast_head":"<!-- This site is optimized with the Yoast SEO plugin v27.3 - https:\/\/yoast.com\/product\/yoast-seo-wordpress\/ -->\n<title>AYP Asistencia, Consecuencia y Expulsi\u00f3n - Irish College of English<\/title>\n<meta name=\"robots\" content=\"index, follow, max-snippet:-1, max-image-preview:large, max-video-preview:-1\" \/>\n<link rel=\"canonical\" href=\"https:\/\/www.iceireland.com\/es\/ayp-attendance-consequence-and-expulsion\/\" \/>\n<meta property=\"og:locale\" content=\"es_ES\" \/>\n<meta property=\"og:type\" content=\"article\" \/>\n<meta property=\"og:title\" content=\"AYP Asistencia, Consecuencia y Expulsi\u00f3n - Irish College of English\" \/>\n<meta property=\"og:description\" content=\"AYP Asistencia, Consecuencia y Expulsi\u00f3n En el Irish College of English, nos comprometemos a fomentar un entorno respetuoso, solidario e integrador. Todos los estudiantes deben cumplir nuestro C\u00f3digo de Conducta Estudiantil, que promueve un comportamiento respetuoso en todos los \u00e1mbitos de la vida escolar y del campamento, incluidas las aulas, las actividades dentro y fuera [&hellip;]\" \/>\n<meta property=\"og:url\" content=\"https:\/\/www.iceireland.com\/es\/ayp-attendance-consequence-and-expulsion\/\" \/>\n<meta property=\"og:site_name\" content=\"Irish College of English\" \/>\n<meta property=\"article:modified_time\" content=\"2026-01-30T18:27:13+00:00\" \/>\n<meta name=\"twitter:label1\" content=\"Tiempo de lectura\" \/>\n\t<meta name=\"twitter:data1\" content=\"5 minutos\" \/>\n<script type=\"application\/ld+json\" class=\"yoast-schema-graph\">{\"@context\":\"https:\\\/\\\/schema.org\",\"@graph\":[{\"@type\":\"WebPage\",\"@id\":\"https:\\\/\\\/www.iceireland.com\\\/es\\\/ayp-attendance-consequence-and-expulsion\\\/\",\"url\":\"https:\\\/\\\/www.iceireland.com\\\/es\\\/ayp-attendance-consequence-and-expulsion\\\/\",\"name\":\"AYP Asistencia, Consecuencia y Expulsi\u00f3n - Irish College of English\",\"isPartOf\":{\"@id\":\"https:\\\/\\\/www.iceireland.com\\\/es\\\/#website\"},\"datePublished\":\"2024-04-30T10:45:33+00:00\",\"dateModified\":\"2026-01-30T18:27:13+00:00\",\"breadcrumb\":{\"@id\":\"https:\\\/\\\/www.iceireland.com\\\/es\\\/ayp-attendance-consequence-and-expulsion\\\/#breadcrumb\"},\"inLanguage\":\"es\",\"potentialAction\":[{\"@type\":\"ReadAction\",\"target\":[\"https:\\\/\\\/www.iceireland.com\\\/es\\\/ayp-attendance-consequence-and-expulsion\\\/\"]}]},{\"@type\":\"BreadcrumbList\",\"@id\":\"https:\\\/\\\/www.iceireland.com\\\/es\\\/ayp-attendance-consequence-and-expulsion\\\/#breadcrumb\",\"itemListElement\":[{\"@type\":\"ListItem\",\"position\":1,\"name\":\"Home\",\"item\":\"https:\\\/\\\/www.iceireland.com\\\/es\\\/\"},{\"@type\":\"ListItem\",\"position\":2,\"name\":\"AYP Asistencia, Consecuencia y Expulsi\u00f3n\"}]},{\"@type\":\"WebSite\",\"@id\":\"https:\\\/\\\/www.iceireland.com\\\/es\\\/#website\",\"url\":\"https:\\\/\\\/www.iceireland.com\\\/es\\\/\",\"name\":\"Irish College of English\",\"description\":\"English School in Dublin, Malahide\",\"publisher\":{\"@id\":\"https:\\\/\\\/www.iceireland.com\\\/es\\\/#organization\"},\"potentialAction\":[{\"@type\":\"SearchAction\",\"target\":{\"@type\":\"EntryPoint\",\"urlTemplate\":\"https:\\\/\\\/www.iceireland.com\\\/es\\\/?s={search_term_string}\"},\"query-input\":{\"@type\":\"PropertyValueSpecification\",\"valueRequired\":true,\"valueName\":\"search_term_string\"}}],\"inLanguage\":\"es\"},{\"@type\":\"Organization\",\"@id\":\"https:\\\/\\\/www.iceireland.com\\\/es\\\/#organization\",\"name\":\"Irish College of English\",\"url\":\"https:\\\/\\\/www.iceireland.com\\\/es\\\/\",\"logo\":{\"@type\":\"ImageObject\",\"inLanguage\":\"es\",\"@id\":\"https:\\\/\\\/www.iceireland.com\\\/es\\\/#\\\/schema\\\/logo\\\/image\\\/\",\"url\":\"https:\\\/\\\/www.iceireland.com\\\/wp-content\\\/uploads\\\/2022\\\/03\\\/logo.png\",\"contentUrl\":\"https:\\\/\\\/www.iceireland.com\\\/wp-content\\\/uploads\\\/2022\\\/03\\\/logo.png\",\"width\":593,\"height\":92,\"caption\":\"Irish College of English\"},\"image\":{\"@id\":\"https:\\\/\\\/www.iceireland.com\\\/es\\\/#\\\/schema\\\/logo\\\/image\\\/\"}}]}<\/script>\n<!-- \/ Yoast SEO plugin. -->","yoast_head_json":{"title":"AYP Asistencia, Consecuencia y Expulsi\u00f3n - Irish College of English","robots":{"index":"index","follow":"follow","max-snippet":"max-snippet:-1","max-image-preview":"max-image-preview:large","max-video-preview":"max-video-preview:-1"},"canonical":"https:\/\/www.iceireland.com\/es\/ayp-attendance-consequence-and-expulsion\/","og_locale":"es_ES","og_type":"article","og_title":"AYP Asistencia, Consecuencia y Expulsi\u00f3n - Irish College of English","og_description":"AYP Asistencia, Consecuencia y Expulsi\u00f3n En el Irish College of English, nos comprometemos a fomentar un entorno respetuoso, solidario e integrador. Todos los estudiantes deben cumplir nuestro C\u00f3digo de Conducta Estudiantil, que promueve un comportamiento respetuoso en todos los \u00e1mbitos de la vida escolar y del campamento, incluidas las aulas, las actividades dentro y fuera [&hellip;]","og_url":"https:\/\/www.iceireland.com\/es\/ayp-attendance-consequence-and-expulsion\/","og_site_name":"Irish College of English","article_modified_time":"2026-01-30T18:27:13+00:00","twitter_misc":{"Tiempo de lectura":"5 minutos"},"schema":{"@context":"https:\/\/schema.org","@graph":[{"@type":"WebPage","@id":"https:\/\/www.iceireland.com\/es\/ayp-attendance-consequence-and-expulsion\/","url":"https:\/\/www.iceireland.com\/es\/ayp-attendance-consequence-and-expulsion\/","name":"AYP Asistencia, Consecuencia y Expulsi\u00f3n - Irish College of English","isPartOf":{"@id":"https:\/\/www.iceireland.com\/es\/#website"},"datePublished":"2024-04-30T10:45:33+00:00","dateModified":"2026-01-30T18:27:13+00:00","breadcrumb":{"@id":"https:\/\/www.iceireland.com\/es\/ayp-attendance-consequence-and-expulsion\/#breadcrumb"},"inLanguage":"es","potentialAction":[{"@type":"ReadAction","target":["https:\/\/www.iceireland.com\/es\/ayp-attendance-consequence-and-expulsion\/"]}]},{"@type":"BreadcrumbList","@id":"https:\/\/www.iceireland.com\/es\/ayp-attendance-consequence-and-expulsion\/#breadcrumb","itemListElement":[{"@type":"ListItem","position":1,"name":"Home","item":"https:\/\/www.iceireland.com\/es\/"},{"@type":"ListItem","position":2,"name":"AYP Asistencia, Consecuencia y Expulsi\u00f3n"}]},{"@type":"WebSite","@id":"https:\/\/www.iceireland.com\/es\/#website","url":"https:\/\/www.iceireland.com\/es\/","name":"Irish College of English","description":"English School in Dublin, Malahide","publisher":{"@id":"https:\/\/www.iceireland.com\/es\/#organization"},"potentialAction":[{"@type":"SearchAction","target":{"@type":"EntryPoint","urlTemplate":"https:\/\/www.iceireland.com\/es\/?s={search_term_string}"},"query-input":{"@type":"PropertyValueSpecification","valueRequired":true,"valueName":"search_term_string"}}],"inLanguage":"es"},{"@type":"Organization","@id":"https:\/\/www.iceireland.com\/es\/#organization","name":"Irish College of English","url":"https:\/\/www.iceireland.com\/es\/","logo":{"@type":"ImageObject","inLanguage":"es","@id":"https:\/\/www.iceireland.com\/es\/#\/schema\/logo\/image\/","url":"https:\/\/www.iceireland.com\/wp-content\/uploads\/2022\/03\/logo.png","contentUrl":"https:\/\/www.iceireland.com\/wp-content\/uploads\/2022\/03\/logo.png","width":593,"height":92,"caption":"Irish College of English"},"image":{"@id":"https:\/\/www.iceireland.com\/es\/#\/schema\/logo\/image\/"}}]}},"_links":{"self":[{"href":"https:\/\/www.iceireland.com\/es\/wp-json\/wp\/v2\/pages\/33263","targetHints":{"allow":["GET"]}}],"collection":[{"href":"https:\/\/www.iceireland.com\/es\/wp-json\/wp\/v2\/pages"}],"about":[{"href":"https:\/\/www.iceireland.com\/es\/wp-json\/wp\/v2\/types\/page"}],"author":[{"embeddable":true,"href":"https:\/\/www.iceireland.com\/es\/wp-json\/wp\/v2\/users\/3"}],"replies":[{"embeddable":true,"href":"https:\/\/www.iceireland.com\/es\/wp-json\/wp\/v2\/comments?post=33263"}],"version-history":[{"count":1,"href":"https:\/\/www.iceireland.com\/es\/wp-json\/wp\/v2\/pages\/33263\/revisions"}],"predecessor-version":[{"id":33265,"href":"https:\/\/www.iceireland.com\/es\/wp-json\/wp\/v2\/pages\/33263\/revisions\/33265"}],"wp:attachment":[{"href":"https:\/\/www.iceireland.com\/es\/wp-json\/wp\/v2\/media?parent=33263"}],"curies":[{"name":"wp","href":"https:\/\/api.w.org\/{rel}","templated":true}]}}