{"id":33273,"date":"2024-04-30T09:25:48","date_gmt":"2024-04-30T09:25:48","guid":{"rendered":"https:\/\/www.iceireland.com\/ayp-students-information\/"},"modified":"2026-01-30T18:27:13","modified_gmt":"2026-01-30T18:27:13","slug":"ayp-students-information","status":"publish","type":"page","link":"https:\/\/www.iceireland.com\/es\/ayp-students-information\/","title":{"rendered":"Informaci\u00f3n para estudiantes AYP"},"content":{"rendered":"\t\t<div data-elementor-type=\"wp-page\" data-elementor-id=\"33273\" class=\"elementor elementor-33273 elementor-26655\" data-elementor-post-type=\"page\">\n\t\t\t\t\t\t<section class=\"elementor-section elementor-top-section elementor-element elementor-element-243d41d elementor-section-boxed elementor-section-height-default elementor-section-height-default\" data-id=\"243d41d\" data-element_type=\"section\" data-e-type=\"section\">\n\t\t\t\t\t\t<div class=\"elementor-container elementor-column-gap-default\">\n\t\t\t\t\t<div class=\"elementor-column elementor-col-100 elementor-top-column elementor-element elementor-element-676ff18\" data-id=\"676ff18\" data-element_type=\"column\" data-e-type=\"column\">\n\t\t\t<div class=\"elementor-widget-wrap elementor-element-populated\">\n\t\t\t\t\t\t<div class=\"elementor-element elementor-element-bbd609a elementor-widget elementor-widget-heading\" data-id=\"bbd609a\" data-element_type=\"widget\" data-e-type=\"widget\" data-widget_type=\"heading.default\">\n\t\t\t\t<div class=\"elementor-widget-container\">\n\t\t\t\t\t<h2 class=\"elementor-heading-title elementor-size-default\">AYP Informaci\u00f3n del estudiante<\/h2>\t\t\t\t<\/div>\n\t\t\t\t<\/div>\n\t\t\t\t\t<\/div>\n\t\t<\/div>\n\t\t\t\t\t<\/div>\n\t\t<\/section>\n\t\t\t\t<section class=\"elementor-section elementor-top-section elementor-element elementor-element-063f3d2 elementor-section-boxed elementor-section-height-default elementor-section-height-default\" data-id=\"063f3d2\" data-element_type=\"section\" data-e-type=\"section\">\n\t\t\t\t\t\t<div class=\"elementor-container elementor-column-gap-default\">\n\t\t\t\t\t<div class=\"elementor-column elementor-col-100 elementor-top-column elementor-element elementor-element-13de86c\" data-id=\"13de86c\" data-element_type=\"column\" data-e-type=\"column\">\n\t\t\t<div class=\"elementor-widget-wrap elementor-element-populated\">\n\t\t\t\t\t\t<div class=\"elementor-element elementor-element-d1f6baf elementor-widget elementor-widget-text-editor\" data-id=\"d1f6baf\" data-element_type=\"widget\" data-e-type=\"widget\" data-widget_type=\"text-editor.default\">\n\t\t\t\t<div class=\"elementor-widget-container\">\n\t\t\t\t\t\t\t\t\t<p>El Programa de A\u00f1o Acad\u00e9mico es un curso de 35 semanas (25 semanas de curso) para estudiantes no pertenecientes al EEE. Este curso est\u00e1 incluido en la Lista Provisional de Programas Elegibles (ILEP) y es adecuado para estudiantes no pertenecientes al EEE que deseen trabajar y estudiar. Los estudiantes se presentan a un examen reconocido al final del curso (IELTS). <\/p><p> <\/p><p><strong>Trabajo y vacaciones<\/strong><\/p><p>A\u00f1o acad\u00e9mico Los estudiantes pueden trabajar hasta 20 horas semanales durante el curso y hasta 40 horas semanales durante las vacaciones de junio a septiembre y del 15 de diciembre al 15 de enero.  <\/p><p>Los estudiantes deben completar 25 semanas de curso en un periodo de 8 meses. Las 10 semanas restantes son de vacaciones. Hay 3 semanas de vacaciones obligatorias por Navidad, el resto de las vacaciones se tomar\u00e1n al completar las 25 semanas de curso. Las vacaciones que un estudiante desee tomar fuera de esos periodos deben reservarse durante la primera semana de curso.     <\/p><p> <\/p><p><strong><em>Detalles del curso<\/em><\/strong><em> <\/em><\/p><p><strong><em>Programa del A\u00f1o Acad\u00e9mico: Ingl\u00e9s General + IELTS<\/em><\/strong><em> <\/em><\/p><ul><li><em>25 semanas de matr\u00edcula<\/em><\/li><li><em>15 horas semanales<\/em><\/li><li><em>Max. 15 alumnos por clase<\/em><\/li><li><em>Edad m\u00ednima: 18 a\u00f1os<\/em><\/li><\/ul><p><em> <\/em><\/p><p><strong>Nota<\/strong>: A partir del 30 de junio de 2025, los importes de las pruebas de apoyo econ\u00f3mico para los nacionales sin obligaci\u00f3n de visado aumentar\u00e1n como se indica a continuaci\u00f3n, para equipararse a los de los nacionales con obligaci\u00f3n de visado.<\/p><ul><li>833 euros al mes o 6.665 euros (en total) para cursos que den lugar a una residencia de 8 meses o menos.<\/li><\/ul><p><strong><em>Niveles<\/em><\/strong><\/p><p><em> <\/em><\/p><table><tbody><tr><td width=\"208\"><p><strong><em>Nivel de entrada<\/em><\/strong><\/p><p><strong><em> <\/em><\/strong><\/p><\/td><td width=\"208\"><p><strong><em>Nivel de salida previsto<\/em><\/strong><\/p><p><strong><em> <\/em><\/strong><\/p><\/td><td width=\"208\"><p><strong><em>Opciones de examen<\/em><\/strong><\/p><p><strong><em> <\/em><\/strong><\/p><\/td><\/tr><tr><td width=\"208\"><p><em>Preintermedio (A2)  <\/em><\/p><p><em> <\/em><\/p><\/td><td width=\"208\"><p><em>Intermedio (B1)<\/em><\/p><\/td><td width=\"208\"><p><em>PET de Cambridge<\/em><\/p><\/td><\/tr><tr><td width=\"208\"><p><em>Intermedio (B1)<\/em><\/p><p><em> <\/em><\/p><\/td><td width=\"208\"><p><em>Intermedio alto (B2)<\/em><\/p><\/td><td width=\"208\"><p><em>IELTS  <\/em><\/p><\/td><\/tr><tr><td width=\"208\"><p><em>Intermedio alto (B2)<\/em><\/p><p><em> <\/em><\/p><\/td><td width=\"208\"><p><em>Avanzado (C1)<\/em><\/p><\/td><td width=\"208\"><p><em>IELTS<\/em><\/p><\/td><\/tr><tr><td width=\"208\"><p><em>Avanzado (C1)<\/em><\/p><p><em> <\/em><\/p><\/td><td width=\"208\"><p><em>Avanzado (C1)<\/em><\/p><\/td><td width=\"208\"><p><em>IELTS<\/em><\/p><\/td><\/tr><\/tbody><\/table><p><em>Haz nuestro <\/em><a href=\"https:\/\/iceireland.typeform.com\/to\/J4KRFk\">Prueba en l\u00ednea<\/a> <em>y te confirmaremos tu nivel.<\/em><\/p><p> <\/p><p><strong><em>Horario de clase: <\/em><\/strong>De lunes a viernes: de 9.15 a 12.30 horas<\/p><p><strong>Vacaciones de Navidad 2025<\/strong>: Del 15 de diciembre al 2 de enero<\/p><p><strong>D\u00edas festivos 2025<\/strong>: 3 de febrero, 17 de marzo, 21 de abril, 5 de mayo, 2 de junio, 4 de agosto, 27 de octubre<\/p><p> <\/p><p><strong><em>Precios de los cursos<\/em><\/strong><em> <\/em><\/p><p><em>Precio del curso: 3710<\/em><em> <\/em><\/p><p><em>Las tasas incluyen:<\/em><em> <\/em><\/p><ul><li>25 semanas de matr\u00edcula<\/li><li>Inscripci\u00f3n<\/li><li>Libro del curso<\/li><li>Seguro m\u00e9dico<\/li><li>Protecci\u00f3n del alumno<\/li><li>IELTS<\/li><\/ul><p><em> <\/em><\/p><p><em> <\/em><\/p><p><strong><em>Ex\u00e1menes<\/em><em> <\/em><\/strong><\/p><p>Los alumnos realizar\u00e1n el examen IELTS al final del curso.<\/p><p> <\/p><p><strong><em>Asistencia<\/em><\/strong><em> <\/em><\/p><p>Los alumnos deben mantener un nivel de asistencia del 85%.<em> <\/em><\/p><p><em> <\/em><\/p><p><strong><em>Trabajo y vacaciones<\/em><\/strong><em> <\/em><\/p><p>Los estudiantes del A\u00f1o Acad\u00e9mico deben completar 25 semanas de curso en un periodo de 8 meses. Las 10 semanas restantes son de vacaciones. <\/p><p>Hay 3 semanas de vacaciones obligatorias por Navidad, el resto de las vacaciones se tomar\u00e1n al completar las 25 semanas de curso, cualquier vacaci\u00f3n que un estudiante desee tomar fuera de estos periodos debe reservarse durante la primera semana de curso.<\/p><p>Los estudiantes del A\u00f1o Acad\u00e9mico tienen derecho a trabajar 20 horas semanales durante el curso y 40 horas semanales durante las vacaciones que se tomen de junio a septiembre y del<sup>15<\/sup> de diciembre al<sup>15 de<\/sup> enero.<\/p><p><em> <\/em><\/p><p><strong><em>Alojamiento<\/em><\/strong><em> <\/em><\/p><p>Podemos organizar alojamiento en familia en Malahide o en una de las ciudades de los alrededores pr\u00f3ximas a Malahide, a entre 10 y 30 minutos en autob\u00fas o tren de la escuela. El coste es de 280 euros por semana, con todas las comidas incluidas. El alojamiento en familia est\u00e1 sujeto a disponibilidad, con una reserva inicial m\u00e1xima de 4 semanas.  <\/p><p><em>  Este curso  <\/em><\/p>\t\t\t\t\t\t\t\t<\/div>\n\t\t\t\t<\/div>\n\t\t\t\t\t<\/div>\n\t\t<\/div>\n\t\t\t\t\t<\/div>\n\t\t<\/section>\n\t\t\t\t<section class=\"elementor-section elementor-top-section elementor-element elementor-element-2c19fd8 elementor-section-boxed elementor-section-height-default elementor-section-height-default\" data-id=\"2c19fd8\" data-element_type=\"section\" data-e-type=\"section\">\n\t\t\t\t\t\t<div class=\"elementor-container elementor-column-gap-default\">\n\t\t\t\t\t<div class=\"elementor-column elementor-col-100 elementor-top-column elementor-element elementor-element-8322d7f\" data-id=\"8322d7f\" data-element_type=\"column\" data-e-type=\"column\">\n\t\t\t<div class=\"elementor-widget-wrap elementor-element-populated\">\n\t\t\t\t\t\t<div class=\"elementor-element elementor-element-7a47391 elementor-widget elementor-widget-text-editor\" data-id=\"7a47391\" data-element_type=\"widget\" data-e-type=\"widget\" data-widget_type=\"text-editor.default\">\n\t\t\t\t<div class=\"elementor-widget-container\">\n\t\t\t\t\t\t\t\t\t<div class=\"fusion-text fusion-text-5\"><p><strong>ILEP<\/strong><\/p><p>La Lista provisional de programas admisibles (ILEP) es una lista de programas de ense\u00f1anza superior aprobados, elaborada por el Ministerio de Justicia e Inmigraci\u00f3n irland\u00e9s.<\/p><p>Los proveedores de educaci\u00f3n que no est\u00e9n en el ILEP no pueden impartir cursos a estudiantes de fuera del EEE.  <span style=\"color: var( --e-global-color-text ); font-family: var( --e-global-typography-text-font-family ), Sans-serif; font-weight: var( --e-global-typography-text-font-weight );\">Los nacionales de pa\u00edses no pertenecientes al EEE que pretendan estudiar durante m\u00e1s de 90 d\u00edas deben matricularse en un curso incluido en el ILEP. El curso debe ser un programa diurno a tiempo completo, y no un programa a tiempo parcial o a distancia. <\/span><\/p><p>Todos los proveedores de ense\u00f1anza, incluidas las universidades, los institutos y las academias de ingl\u00e9s, deben cumplir determinadas normas y requisitos para que sus cursos se incluyan en el ILEP.<\/p><p>Por ejemplo, los proveedores de educaci\u00f3n deben disponer de pol\u00edticas adecuadas para:<\/p><ul><li>Reembolso de las tasas de estudiante y otros pagos en caso de denegaci\u00f3n de tu visado de estudiante<\/li><li>Controlar la asistencia a clase y la puntualidad<\/li><li>Abordar el absentismo y la expulsi\u00f3n<\/li><li>Baja por enfermedad de los estudiantes<\/li><li>Vacaciones y descansos de los estudiantes<\/li><li>Inscribir a los alumnos en los ex\u00e1menes de fin de programa<\/li><li>Evaluaciones y ex\u00e1menes de los alumnos<\/li><\/ul><p>Adem\u00e1s de esto, todos los proveedores de educaci\u00f3n deben proporcionar protecci\u00f3n a sus alumnos, tambi\u00e9n conocida como Protecci\u00f3n del Alumno Matriculado. Esto significa que habr\u00e1 medidas para que contin\u00faes tus estudios en otro lugar o recibas el reembolso de tus gastos y tasas si tu curso finaliza prematuramente. <\/p><p>La carta de aceptaci\u00f3n del proveedor de educaci\u00f3n que hayas elegido debe indicar claramente que est\u00e1s protegido por acuerdos de protecci\u00f3n del alumno. Si los acuerdos de protecci\u00f3n del alumno son a trav\u00e9s de un r\u00e9gimen de seguros, tu proveedor de educaci\u00f3n debe darte un certificado de prueba de protecci\u00f3n del alumno que demuestre que est\u00e1s cubierto. <\/p><p>Si est\u00e1s matriculado en un curso de ingl\u00e9s del ILEP, se te puede conceder un permiso \u00fanico de inmigraci\u00f3n de hasta ocho meses.  <span style=\"color: var( --e-global-color-text ); font-family: var( --e-global-typography-text-font-family ), Sans-serif; font-weight: var( --e-global-typography-text-font-weight );\">Puedes hacer hasta un m\u00e1ximo de tres cursos de lengua inglesa, cada uno de ocho meses de duraci\u00f3n, por un total de 24 meses de permiso de inmigraci\u00f3n en total.<\/span><\/p><p>Ten en cuenta que tendr\u00e1s que cumplir los requisitos de asistencia y realizar un examen de fin de programa por cada curso que realices para renovar cada vez tu permiso de estudiante.<\/p><p>Si deseas permanecer como estudiante una vez finalizado tu permiso de inmigraci\u00f3n, debes matricularte en un programa de ense\u00f1anza superior que figure en el ILEP.<\/p><p data-wahfont=\"19\">El sitio <strong><a role=\"link\" href=\"https:\/\/www.irishimmigration.ie\/coming-to-study-in-ireland\/what-are-my-study-options\/a-third-level-course-or-a-language-course\/\" data-wahfont=\"19\">Lista provisional de programas admisibles (ILEP)<\/a><\/strong> contiene la lista actual de programas aprobados.<\/p><p data-wahfont=\"19\">Una vez que te matricules en un curso de estudios aprobado, podr\u00e1s solicitar un permiso de inmigraci\u00f3n para estudiar en Irlanda.  <span style=\"color: var( --e-global-color-text ); font-family: var( --e-global-typography-text-font-family ), Sans-serif; font-weight: var( --e-global-typography-text-font-weight );\">Si te matriculas en un programa de lengua inglesa incluido en el ILEP, puedes solicitar un permiso de inmigraci\u00f3n Sello 2 de hasta ocho meses. Debes: <\/span><\/p><ul><li data-wahfont=\"19\">matricularse en un programa de al menos 25 semanas de duraci\u00f3n<\/li><li data-wahfont=\"19\">asistir a clase al menos 15 horas a la semana<\/li><li data-wahfont=\"19\">asistir al menos al 85% de tus clases<\/li><li data-wahfont=\"19\">realizar un examen de fin de programa.<\/li><\/ul><p> <\/p><p data-wahfont=\"19\"><span style=\"color: var( --e-global-color-text ); font-family: var( --e-global-typography-text-font-family ), Sans-serif; font-weight: var( --e-global-typography-text-font-weight );\">Los estudiantes internacionales pueden trabajar en Irlanda sin tener que solicitar un visado de trabajo aparte. Sin embargo, existen restricciones en cuanto al n\u00famero de horas que podr\u00e1s trabajar. <\/span><\/p><\/div><p>Durante el periodo lectivo, podr\u00e1s trabajar hasta 20 horas semanales. Sin embargo, durante las vacaciones (junio, julio, agosto y septiembre, y entre el 15 de diciembre y el 15 de enero) podr\u00e1s trabajar hasta 40 horas semanales. <\/p><p data-wahfont=\"19\"> <\/p>\t\t\t\t\t\t\t\t<\/div>\n\t\t\t\t<\/div>\n\t\t\t\t\t<\/div>\n\t\t<\/div>\n\t\t\t\t\t<\/div>\n\t\t<\/section>\n\t\t\t\t<\/div>\n\t\t","protected":false},"excerpt":{"rendered":"<p>AYP Informaci\u00f3n del estudiante El Programa de A\u00f1o Acad\u00e9mico es un curso de 35 semanas (25 semanas de curso) para estudiantes no pertenecientes al EEE. Este curso est\u00e1 incluido en la Lista Provisional de Programas Elegibles (ILEP) y es adecuado para estudiantes no pertenecientes al EEE que deseen trabajar y estudiar. Los estudiantes se presentan [&hellip;]<\/p>\n","protected":false},"author":3,"featured_media":0,"parent":0,"menu_order":0,"comment_status":"closed","ping_status":"closed","template":"","meta":{"content-type":"","footnotes":""},"class_list":["post-33273","page","type-page","status-publish","hentry"],"yoast_head":"<!-- This site is optimized with the Yoast SEO plugin v27.3 - https:\/\/yoast.com\/product\/yoast-seo-wordpress\/ -->\n<title>Informaci\u00f3n para estudiantes AYP - Irish College of English<\/title>\n<meta name=\"robots\" content=\"index, follow, max-snippet:-1, max-image-preview:large, max-video-preview:-1\" \/>\n<link rel=\"canonical\" href=\"https:\/\/www.iceireland.com\/es\/ayp-students-information\/\" \/>\n<meta property=\"og:locale\" content=\"es_ES\" \/>\n<meta property=\"og:type\" content=\"article\" \/>\n<meta property=\"og:title\" content=\"Informaci\u00f3n para estudiantes AYP - Irish College of English\" \/>\n<meta property=\"og:description\" content=\"AYP Informaci\u00f3n del estudiante El Programa de A\u00f1o Acad\u00e9mico es un curso de 35 semanas (25 semanas de curso) para estudiantes no pertenecientes al EEE. Este curso est\u00e1 incluido en la Lista Provisional de Programas Elegibles (ILEP) y es adecuado para estudiantes no pertenecientes al EEE que deseen trabajar y estudiar. Los estudiantes se presentan [&hellip;]\" \/>\n<meta property=\"og:url\" content=\"https:\/\/www.iceireland.com\/es\/ayp-students-information\/\" \/>\n<meta property=\"og:site_name\" content=\"Irish College of English\" \/>\n<meta property=\"article:modified_time\" content=\"2026-01-30T18:27:13+00:00\" \/>\n<meta name=\"twitter:label1\" content=\"Tiempo de lectura\" \/>\n\t<meta name=\"twitter:data1\" content=\"6 minutos\" \/>\n<script type=\"application\/ld+json\" class=\"yoast-schema-graph\">{\"@context\":\"https:\\\/\\\/schema.org\",\"@graph\":[{\"@type\":\"WebPage\",\"@id\":\"https:\\\/\\\/www.iceireland.com\\\/es\\\/ayp-students-information\\\/\",\"url\":\"https:\\\/\\\/www.iceireland.com\\\/es\\\/ayp-students-information\\\/\",\"name\":\"Informaci\u00f3n para estudiantes AYP - Irish College of English\",\"isPartOf\":{\"@id\":\"https:\\\/\\\/www.iceireland.com\\\/es\\\/#website\"},\"datePublished\":\"2024-04-30T09:25:48+00:00\",\"dateModified\":\"2026-01-30T18:27:13+00:00\",\"breadcrumb\":{\"@id\":\"https:\\\/\\\/www.iceireland.com\\\/es\\\/ayp-students-information\\\/#breadcrumb\"},\"inLanguage\":\"es\",\"potentialAction\":[{\"@type\":\"ReadAction\",\"target\":[\"https:\\\/\\\/www.iceireland.com\\\/es\\\/ayp-students-information\\\/\"]}]},{\"@type\":\"BreadcrumbList\",\"@id\":\"https:\\\/\\\/www.iceireland.com\\\/es\\\/ayp-students-information\\\/#breadcrumb\",\"itemListElement\":[{\"@type\":\"ListItem\",\"position\":1,\"name\":\"Home\",\"item\":\"https:\\\/\\\/www.iceireland.com\\\/es\\\/\"},{\"@type\":\"ListItem\",\"position\":2,\"name\":\"Informaci\u00f3n para estudiantes AYP\"}]},{\"@type\":\"WebSite\",\"@id\":\"https:\\\/\\\/www.iceireland.com\\\/es\\\/#website\",\"url\":\"https:\\\/\\\/www.iceireland.com\\\/es\\\/\",\"name\":\"Irish College of English\",\"description\":\"English School in Dublin, Malahide\",\"publisher\":{\"@id\":\"https:\\\/\\\/www.iceireland.com\\\/es\\\/#organization\"},\"potentialAction\":[{\"@type\":\"SearchAction\",\"target\":{\"@type\":\"EntryPoint\",\"urlTemplate\":\"https:\\\/\\\/www.iceireland.com\\\/es\\\/?s={search_term_string}\"},\"query-input\":{\"@type\":\"PropertyValueSpecification\",\"valueRequired\":true,\"valueName\":\"search_term_string\"}}],\"inLanguage\":\"es\"},{\"@type\":\"Organization\",\"@id\":\"https:\\\/\\\/www.iceireland.com\\\/es\\\/#organization\",\"name\":\"Irish College of English\",\"url\":\"https:\\\/\\\/www.iceireland.com\\\/es\\\/\",\"logo\":{\"@type\":\"ImageObject\",\"inLanguage\":\"es\",\"@id\":\"https:\\\/\\\/www.iceireland.com\\\/es\\\/#\\\/schema\\\/logo\\\/image\\\/\",\"url\":\"https:\\\/\\\/www.iceireland.com\\\/wp-content\\\/uploads\\\/2022\\\/03\\\/logo.png\",\"contentUrl\":\"https:\\\/\\\/www.iceireland.com\\\/wp-content\\\/uploads\\\/2022\\\/03\\\/logo.png\",\"width\":593,\"height\":92,\"caption\":\"Irish College of English\"},\"image\":{\"@id\":\"https:\\\/\\\/www.iceireland.com\\\/es\\\/#\\\/schema\\\/logo\\\/image\\\/\"}}]}<\/script>\n<!-- \/ Yoast SEO plugin. -->","yoast_head_json":{"title":"Informaci\u00f3n para estudiantes AYP - Irish College of English","robots":{"index":"index","follow":"follow","max-snippet":"max-snippet:-1","max-image-preview":"max-image-preview:large","max-video-preview":"max-video-preview:-1"},"canonical":"https:\/\/www.iceireland.com\/es\/ayp-students-information\/","og_locale":"es_ES","og_type":"article","og_title":"Informaci\u00f3n para estudiantes AYP - Irish College of English","og_description":"AYP Informaci\u00f3n del estudiante El Programa de A\u00f1o Acad\u00e9mico es un curso de 35 semanas (25 semanas de curso) para estudiantes no pertenecientes al EEE. Este curso est\u00e1 incluido en la Lista Provisional de Programas Elegibles (ILEP) y es adecuado para estudiantes no pertenecientes al EEE que deseen trabajar y estudiar. Los estudiantes se presentan [&hellip;]","og_url":"https:\/\/www.iceireland.com\/es\/ayp-students-information\/","og_site_name":"Irish College of English","article_modified_time":"2026-01-30T18:27:13+00:00","twitter_misc":{"Tiempo de lectura":"6 minutos"},"schema":{"@context":"https:\/\/schema.org","@graph":[{"@type":"WebPage","@id":"https:\/\/www.iceireland.com\/es\/ayp-students-information\/","url":"https:\/\/www.iceireland.com\/es\/ayp-students-information\/","name":"Informaci\u00f3n para estudiantes AYP - Irish College of English","isPartOf":{"@id":"https:\/\/www.iceireland.com\/es\/#website"},"datePublished":"2024-04-30T09:25:48+00:00","dateModified":"2026-01-30T18:27:13+00:00","breadcrumb":{"@id":"https:\/\/www.iceireland.com\/es\/ayp-students-information\/#breadcrumb"},"inLanguage":"es","potentialAction":[{"@type":"ReadAction","target":["https:\/\/www.iceireland.com\/es\/ayp-students-information\/"]}]},{"@type":"BreadcrumbList","@id":"https:\/\/www.iceireland.com\/es\/ayp-students-information\/#breadcrumb","itemListElement":[{"@type":"ListItem","position":1,"name":"Home","item":"https:\/\/www.iceireland.com\/es\/"},{"@type":"ListItem","position":2,"name":"Informaci\u00f3n para estudiantes AYP"}]},{"@type":"WebSite","@id":"https:\/\/www.iceireland.com\/es\/#website","url":"https:\/\/www.iceireland.com\/es\/","name":"Irish College of English","description":"English School in Dublin, Malahide","publisher":{"@id":"https:\/\/www.iceireland.com\/es\/#organization"},"potentialAction":[{"@type":"SearchAction","target":{"@type":"EntryPoint","urlTemplate":"https:\/\/www.iceireland.com\/es\/?s={search_term_string}"},"query-input":{"@type":"PropertyValueSpecification","valueRequired":true,"valueName":"search_term_string"}}],"inLanguage":"es"},{"@type":"Organization","@id":"https:\/\/www.iceireland.com\/es\/#organization","name":"Irish College of English","url":"https:\/\/www.iceireland.com\/es\/","logo":{"@type":"ImageObject","inLanguage":"es","@id":"https:\/\/www.iceireland.com\/es\/#\/schema\/logo\/image\/","url":"https:\/\/www.iceireland.com\/wp-content\/uploads\/2022\/03\/logo.png","contentUrl":"https:\/\/www.iceireland.com\/wp-content\/uploads\/2022\/03\/logo.png","width":593,"height":92,"caption":"Irish College of English"},"image":{"@id":"https:\/\/www.iceireland.com\/es\/#\/schema\/logo\/image\/"}}]}},"_links":{"self":[{"href":"https:\/\/www.iceireland.com\/es\/wp-json\/wp\/v2\/pages\/33273","targetHints":{"allow":["GET"]}}],"collection":[{"href":"https:\/\/www.iceireland.com\/es\/wp-json\/wp\/v2\/pages"}],"about":[{"href":"https:\/\/www.iceireland.com\/es\/wp-json\/wp\/v2\/types\/page"}],"author":[{"embeddable":true,"href":"https:\/\/www.iceireland.com\/es\/wp-json\/wp\/v2\/users\/3"}],"replies":[{"embeddable":true,"href":"https:\/\/www.iceireland.com\/es\/wp-json\/wp\/v2\/comments?post=33273"}],"version-history":[{"count":1,"href":"https:\/\/www.iceireland.com\/es\/wp-json\/wp\/v2\/pages\/33273\/revisions"}],"predecessor-version":[{"id":33275,"href":"https:\/\/www.iceireland.com\/es\/wp-json\/wp\/v2\/pages\/33273\/revisions\/33275"}],"wp:attachment":[{"href":"https:\/\/www.iceireland.com\/es\/wp-json\/wp\/v2\/media?parent=33273"}],"curies":[{"name":"wp","href":"https:\/\/api.w.org\/{rel}","templated":true}]}}