{"id":33318,"date":"2024-04-30T08:28:30","date_gmt":"2024-04-30T08:28:30","guid":{"rendered":"https:\/\/www.iceireland.com\/adult-student-events-activity-programme\/"},"modified":"2026-01-30T18:27:29","modified_gmt":"2026-01-30T18:27:29","slug":"adult-student-events-activity-programme","status":"publish","type":"page","link":"https:\/\/www.iceireland.com\/es\/adult-student-events-activity-programme\/","title":{"rendered":"Programa de actividades y eventos para estudiantes adultos"},"content":{"rendered":"\t\t<div data-elementor-type=\"wp-page\" data-elementor-id=\"33318\" class=\"elementor elementor-33318 elementor-26633\" data-elementor-post-type=\"page\">\n\t\t\t\t\t\t<section class=\"elementor-section elementor-top-section elementor-element elementor-element-621842e elementor-section-boxed elementor-section-height-default elementor-section-height-default\" data-id=\"621842e\" data-element_type=\"section\" data-e-type=\"section\">\n\t\t\t\t\t\t<div class=\"elementor-container elementor-column-gap-default\">\n\t\t\t\t\t<div class=\"elementor-column elementor-col-100 elementor-top-column elementor-element elementor-element-9248c5c\" data-id=\"9248c5c\" data-element_type=\"column\" data-e-type=\"column\">\n\t\t\t<div class=\"elementor-widget-wrap elementor-element-populated\">\n\t\t\t\t\t\t<div class=\"elementor-element elementor-element-833c559 elementor-widget elementor-widget-heading\" data-id=\"833c559\" data-element_type=\"widget\" data-e-type=\"widget\" data-widget_type=\"heading.default\">\n\t\t\t\t<div class=\"elementor-widget-container\">\n\t\t\t\t\t<h2 class=\"elementor-heading-title elementor-size-default\">Programa de actividades y eventos para estudiantes adultos<\/h2>\t\t\t\t<\/div>\n\t\t\t\t<\/div>\n\t\t\t\t\t<\/div>\n\t\t<\/div>\n\t\t\t\t\t<\/div>\n\t\t<\/section>\n\t\t\t\t<section class=\"elementor-section elementor-top-section elementor-element elementor-element-cc16b05 elementor-section-boxed elementor-section-height-default elementor-section-height-default\" data-id=\"cc16b05\" data-element_type=\"section\" data-e-type=\"section\">\n\t\t\t\t\t\t<div class=\"elementor-container elementor-column-gap-default\">\n\t\t\t\t\t<div class=\"elementor-column elementor-col-100 elementor-top-column elementor-element elementor-element-af502e2\" data-id=\"af502e2\" data-element_type=\"column\" data-e-type=\"column\">\n\t\t\t<div class=\"elementor-widget-wrap elementor-element-populated\">\n\t\t\t\t\t\t<div class=\"elementor-element elementor-element-6cab296 elementor-widget elementor-widget-text-editor\" data-id=\"6cab296\" data-element_type=\"widget\" data-e-type=\"widget\" data-widget_type=\"text-editor.default\">\n\t\t\t\t<div class=\"elementor-widget-container\">\n\t\t\t\t\t\t\t\t\t<p>Nuestro Programa de Eventos y Actividades para Estudiantes Adultos es un apoyo adicional que el ICE ofrece a los estudiantes adultos para mejorar su estancia en nuestra escuela y ayudarles a integrarse con sus compa\u00f1eros, profesores y la comunidad en general.<\/p><p>Los procedimientos administrativos de las actividades implican la formulaci\u00f3n de evaluaciones de riesgos, la aplicaci\u00f3n de pol\u00edticas de supervisi\u00f3n y ratio, la gesti\u00f3n de actividades y tareas vinculadas a los programas acad\u00e9micos y la garant\u00eda de asistencia.<\/p><p> <\/p><h4 style=\"text-align: center;\"><strong>Programa semanal de actividades<\/strong><\/h4><p>Cada semana se publicar\u00e1 en el Tabl\u00f3n de Anuncios una lista de actividades y costes. Proporcionamos un monitor gratuito para acompa\u00f1ar a los estudiantes, que pagar\u00e1n su propio transporte y las entradas, si procede. <\/p><p>Hay una hoja de inscripci\u00f3n y los alumnos pueden registrar su inter\u00e9s en asistir a una actividad.<\/p>\t\t\t\t\t\t\t\t<\/div>\n\t\t\t\t<\/div>\n\t\t\t\t<div class=\"elementor-element elementor-element-da527fb elementor-widget elementor-widget-image\" data-id=\"da527fb\" data-element_type=\"widget\" data-e-type=\"widget\" data-widget_type=\"image.default\">\n\t\t\t\t<div class=\"elementor-widget-container\">\n\t\t\t\t\t\t\t\t\t\t\t\t\t\t\t<img fetchpriority=\"high\" decoding=\"async\" width=\"800\" height=\"534\" src=\"https:\/\/www.iceireland.com\/wp-content\/uploads\/2024\/10\/30th-Oct-10th-Nov-2-1024x683.png\" class=\"attachment-large size-large wp-image-28138\" alt=\"\" srcset=\"https:\/\/www.iceireland.com\/wp-content\/uploads\/2024\/10\/30th-Oct-10th-Nov-2-1024x683.png 1024w, https:\/\/www.iceireland.com\/wp-content\/uploads\/2024\/10\/30th-Oct-10th-Nov-2-300x200.png 300w, https:\/\/www.iceireland.com\/wp-content\/uploads\/2024\/10\/30th-Oct-10th-Nov-2-768x512.png 768w, https:\/\/www.iceireland.com\/wp-content\/uploads\/2024\/10\/30th-Oct-10th-Nov-2-1536x1024.png 1536w, https:\/\/www.iceireland.com\/wp-content\/uploads\/2024\/10\/30th-Oct-10th-Nov-2-2048x1365.png 2048w\" sizes=\"(max-width: 800px) 100vw, 800px\" \/>\t\t\t\t\t\t\t\t\t\t\t\t\t\t\t<\/div>\n\t\t\t\t<\/div>\n\t\t\t\t\t<\/div>\n\t\t<\/div>\n\t\t\t\t\t<\/div>\n\t\t<\/section>\n\t\t\t\t<section class=\"elementor-section elementor-top-section elementor-element elementor-element-7fdc1ab elementor-section-boxed elementor-section-height-default elementor-section-height-default\" data-id=\"7fdc1ab\" data-element_type=\"section\" data-e-type=\"section\">\n\t\t\t\t\t\t<div class=\"elementor-container elementor-column-gap-default\">\n\t\t\t\t\t<div class=\"elementor-column elementor-col-100 elementor-top-column elementor-element elementor-element-754cf18\" data-id=\"754cf18\" data-element_type=\"column\" data-e-type=\"column\">\n\t\t\t<div class=\"elementor-widget-wrap elementor-element-populated\">\n\t\t\t\t\t\t<div class=\"elementor-element elementor-element-ba17b63 elementor-widget elementor-widget-text-editor\" data-id=\"ba17b63\" data-element_type=\"widget\" data-e-type=\"widget\" data-widget_type=\"text-editor.default\">\n\t\t\t\t<div class=\"elementor-widget-container\">\n\t\t\t\t\t\t\t\t\t<h4 style=\"text-align: center;\"><span style=\"color: #339966;\"><strong>Conciencia intercultural y cultural en la CIE<\/strong><\/span><\/h4><p class=\"cvGsUA direction-ltr align-start para-style-body\"><span class=\"OYPEnA font-feature-liga-off font-feature-clig-off font-feature-calt-off text-decoration-none text-strikethrough-none\">En el Irish College of English creemos que aprender ingl\u00e9s va m\u00e1s all\u00e1 del aula. Se trata tambi\u00e9n de comprender diferentes culturas, conectar con los dem\u00e1s y compartir experiencias. Nuestros M\u00f3dulos de Cultura Irlandesa est\u00e1n dise\u00f1ados para introducirte en la rica historia, tradiciones y forma de vida de Irlanda, desde el folclore y la m\u00fasica irlandeses hasta la celebraci\u00f3n de fiestas como el D\u00eda de San Patricio y Halloween, ambas muy arraigadas en la cultura irlandesa.  <\/span><\/p><p class=\"cvGsUA direction-ltr align-start para-style-body\"><span class=\"OYPEnA font-feature-liga-off font-feature-clig-off font-feature-calt-off text-decoration-none text-strikethrough-none\">Para fomentar la interacci\u00f3n social y ayudar a los estudiantes a conocerse, ofrecemos caf\u00e9, t\u00e9 y galletas gratis durante los descansos. Esto crea un espacio acogedor donde puedes relajarte, charlar con tus compa\u00f1eros y compartir culturas. <\/span><\/p><p class=\"cvGsUA direction-ltr align-start para-style-body\"><span class=\"OYPEnA font-feature-liga-off font-feature-clig-off font-feature-calt-off text-decoration-none text-strikethrough-none\">Tambi\u00e9n organizamos diversos actos interculturales a lo largo del a\u00f1o, como el D\u00eda Mundial de la Alimentaci\u00f3n, en el que se invita a los alumnos a traer un plato de su pa\u00eds de origen, y el D\u00eda Internacional de la Mujer, que celebra las aportaciones de las mujeres de todas las culturas. Celebramos las fiestas mundiales junto con las irlandesas, como Navidad, Pascua y el D\u00eda Mundial del Medio Ambiente, fomentando una comunidad que valora la diversidad y el respeto mutuo. <\/span><\/p><p class=\"cvGsUA direction-ltr align-start para-style-body\"><span class=\"OYPEnA font-feature-liga-off font-feature-clig-off font-feature-calt-off text-decoration-none text-strikethrough-none\">En el ICE, aprender ingl\u00e9s es un viaje enriquecido por las culturas y amistades que encontrar\u00e1s por el camino.<\/span><\/p><p> <\/p><p class=\"cvGsUA direction-ltr align-start para-style-body\" style=\"text-align: center;\"><strong><span class=\"OYPEnA font-feature-liga-off font-feature-clig-off font-feature-calt-off text-decoration-none text-strikethrough-none\">Inmersi\u00f3n cultural completa con anfitriones irlandeses<\/span><\/strong><\/p><p class=\"cvGsUA direction-ltr align-start para-style-body\"><span class=\"OYPEnA font-feature-liga-off font-feature-clig-off font-feature-calt-off text-decoration-none text-strikethrough-none\">Algunos estudiantes tambi\u00e9n tienen la oportunidad \u00fanica de alojarse con familias irlandesas cuidadosamente seleccionadas, que les ofrecen una inmersi\u00f3n total en la cultura local. Vivir con anfitriones irlandeses permite a los estudiantes experimentar la vida cotidiana irlandesa de primera mano, practicar sus conocimientos ling\u00fc\u00edsticos en entornos reales y comprender mejor las costumbres y tradiciones locales. <\/span><\/p><p> <\/p><p class=\"cvGsUA direction-ltr align-start para-style-body\" style=\"text-align: center;\"><strong><span class=\"OYPEnA font-feature-liga-off font-feature-clig-off font-feature-calt-off text-decoration-none text-strikethrough-none\">Sensibilizaci\u00f3n cultural a trav\u00e9s del trabajo y la integraci\u00f3n social en Irlanda<\/span><\/strong><\/p><p class=\"cvGsUA direction-ltr align-start para-style-body\"><span class=\"OYPEnA font-feature-liga-off font-feature-clig-off font-feature-calt-off text-decoration-none text-strikethrough-none\">Para los adultos que estudian en Irlanda, la oportunidad de trabajar y participar en grupos sociales locales desempe\u00f1a un papel vital en el fomento de la conciencia cultural. Estas experiencias proporcionan a los estudiantes una exposici\u00f3n pr\u00e1ctica y real a la sociedad irlandesa, lo que les permite establecer conexiones m\u00e1s profundas y desarrollar una comprensi\u00f3n m\u00e1s matizada de la cultura local. <\/span><\/p><h4 style=\"text-align: center;\"><span style=\"color: #339966;\"><strong>Eventos locales<\/strong><\/span><\/h4><p>Disponemos de una p\u00e1gina de recursos con enlaces a sitios \u00fatiles que te ayudar\u00e1n a mantenerte informado sobre los acontecimientos de inter\u00e9s que tienen lugar en nuestra localidad y en Dubl\u00edn; consulta www.iceireland.com\/events<\/p>\t\t\t\t\t\t\t\t<\/div>\n\t\t\t\t<\/div>\n\t\t\t\t\t<\/div>\n\t\t<\/div>\n\t\t\t\t\t<\/div>\n\t\t<\/section>\n\t\t\t\t<section class=\"elementor-section elementor-top-section elementor-element elementor-element-80cf46b elementor-section-boxed elementor-section-height-default elementor-section-height-default\" data-id=\"80cf46b\" data-element_type=\"section\" data-e-type=\"section\">\n\t\t\t\t\t\t<div class=\"elementor-container elementor-column-gap-default\">\n\t\t\t\t\t<div class=\"elementor-column elementor-col-100 elementor-top-column elementor-element elementor-element-25370cf\" data-id=\"25370cf\" data-element_type=\"column\" data-e-type=\"column\">\n\t\t\t<div class=\"elementor-widget-wrap elementor-element-populated\">\n\t\t\t\t\t\t<div class=\"elementor-element elementor-element-6cfad06 elementor-widget elementor-widget-spacer\" data-id=\"6cfad06\" data-element_type=\"widget\" data-e-type=\"widget\" data-widget_type=\"spacer.default\">\n\t\t\t\t<div class=\"elementor-widget-container\">\n\t\t\t\t\t\t\t<div class=\"elementor-spacer\">\n\t\t\t<div class=\"elementor-spacer-inner\"><\/div>\n\t\t<\/div>\n\t\t\t\t\t\t<\/div>\n\t\t\t\t<\/div>\n\t\t\t\t\t<\/div>\n\t\t<\/div>\n\t\t\t\t\t<\/div>\n\t\t<\/section>\n\t\t\t\t<section class=\"elementor-section elementor-top-section elementor-element elementor-element-475a9f4 elementor-section-boxed elementor-section-height-default elementor-section-height-default\" data-id=\"475a9f4\" data-element_type=\"section\" data-e-type=\"section\">\n\t\t\t\t\t\t<div class=\"elementor-container elementor-column-gap-default\">\n\t\t\t\t\t<div class=\"elementor-column elementor-col-100 elementor-top-column elementor-element elementor-element-f08c36c\" data-id=\"f08c36c\" data-element_type=\"column\" data-e-type=\"column\">\n\t\t\t<div class=\"elementor-widget-wrap elementor-element-populated\">\n\t\t\t\t\t\t<div class=\"elementor-element elementor-element-af1be0d elementor-widget elementor-widget-image\" data-id=\"af1be0d\" data-element_type=\"widget\" data-e-type=\"widget\" data-widget_type=\"image.default\">\n\t\t\t\t<div class=\"elementor-widget-container\">\n\t\t\t\t\t\t\t\t\t\t\t\t\t\t\t<img decoding=\"async\" width=\"724\" height=\"1024\" src=\"https:\/\/www.iceireland.com\/wp-content\/uploads\/2024\/09\/Events-1-724x1024.png\" class=\"attachment-large size-large wp-image-27991\" alt=\"\" srcset=\"https:\/\/www.iceireland.com\/wp-content\/uploads\/2024\/09\/Events-1-724x1024.png 724w, https:\/\/www.iceireland.com\/wp-content\/uploads\/2024\/09\/Events-1-212x300.png 212w, https:\/\/www.iceireland.com\/wp-content\/uploads\/2024\/09\/Events-1-768x1086.png 768w, https:\/\/www.iceireland.com\/wp-content\/uploads\/2024\/09\/Events-1-1086x1536.png 1086w, https:\/\/www.iceireland.com\/wp-content\/uploads\/2024\/09\/Events-1-1448x2048.png 1448w, https:\/\/www.iceireland.com\/wp-content\/uploads\/2024\/09\/Events-1.png 1587w\" sizes=\"(max-width: 724px) 100vw, 724px\" \/>\t\t\t\t\t\t\t\t\t\t\t\t\t\t\t<\/div>\n\t\t\t\t<\/div>\n\t\t\t\t\t<\/div>\n\t\t<\/div>\n\t\t\t\t\t<\/div>\n\t\t<\/section>\n\t\t\t\t<\/div>\n\t\t","protected":false},"excerpt":{"rendered":"<p>Programa de actividades y eventos para estudiantes adultos Nuestro Programa de Eventos y Actividades para Estudiantes Adultos es un apoyo adicional que el ICE ofrece a los estudiantes adultos para mejorar su estancia en nuestra escuela y ayudarles a integrarse con sus compa\u00f1eros, profesores y la comunidad en general. Los procedimientos administrativos de las actividades [&hellip;]<\/p>\n","protected":false},"author":3,"featured_media":0,"parent":0,"menu_order":0,"comment_status":"closed","ping_status":"closed","template":"","meta":{"content-type":"","footnotes":""},"class_list":["post-33318","page","type-page","status-publish","hentry"],"yoast_head":"<!-- This site is optimized with the Yoast SEO plugin v27.3 - https:\/\/yoast.com\/product\/yoast-seo-wordpress\/ -->\n<title>Programa de actividades y eventos para estudiantes adultos - Irish College of English<\/title>\n<meta name=\"robots\" content=\"index, follow, max-snippet:-1, max-image-preview:large, max-video-preview:-1\" \/>\n<link rel=\"canonical\" href=\"https:\/\/www.iceireland.com\/es\/adult-student-events-activity-programme\/\" \/>\n<meta property=\"og:locale\" content=\"es_ES\" \/>\n<meta property=\"og:type\" content=\"article\" \/>\n<meta property=\"og:title\" content=\"Programa de actividades y eventos para estudiantes adultos - Irish College of English\" \/>\n<meta property=\"og:description\" content=\"Programa de actividades y eventos para estudiantes adultos Nuestro Programa de Eventos y Actividades para Estudiantes Adultos es un apoyo adicional que el ICE ofrece a los estudiantes adultos para mejorar su estancia en nuestra escuela y ayudarles a integrarse con sus compa\u00f1eros, profesores y la comunidad en general. Los procedimientos administrativos de las actividades [&hellip;]\" \/>\n<meta property=\"og:url\" content=\"https:\/\/www.iceireland.com\/es\/adult-student-events-activity-programme\/\" \/>\n<meta property=\"og:site_name\" content=\"Irish College of English\" \/>\n<meta property=\"article:modified_time\" content=\"2026-01-30T18:27:29+00:00\" \/>\n<meta property=\"og:image\" content=\"https:\/\/www.iceireland.com\/wp-content\/uploads\/2024\/10\/30th-Oct-10th-Nov-2-1024x683.png\" \/>\n\t<meta property=\"og:image:width\" content=\"1024\" \/>\n\t<meta property=\"og:image:height\" content=\"683\" \/>\n\t<meta property=\"og:image:type\" content=\"image\/png\" \/>\n<meta name=\"twitter:label1\" content=\"Tiempo de lectura\" \/>\n\t<meta name=\"twitter:data1\" content=\"3 minutos\" \/>\n<script type=\"application\/ld+json\" class=\"yoast-schema-graph\">{\"@context\":\"https:\\\/\\\/schema.org\",\"@graph\":[{\"@type\":\"WebPage\",\"@id\":\"https:\\\/\\\/www.iceireland.com\\\/es\\\/adult-student-events-activity-programme\\\/\",\"url\":\"https:\\\/\\\/www.iceireland.com\\\/es\\\/adult-student-events-activity-programme\\\/\",\"name\":\"Programa de actividades y eventos para estudiantes adultos - Irish College of English\",\"isPartOf\":{\"@id\":\"https:\\\/\\\/www.iceireland.com\\\/es\\\/#website\"},\"primaryImageOfPage\":{\"@id\":\"https:\\\/\\\/www.iceireland.com\\\/es\\\/adult-student-events-activity-programme\\\/#primaryimage\"},\"image\":{\"@id\":\"https:\\\/\\\/www.iceireland.com\\\/es\\\/adult-student-events-activity-programme\\\/#primaryimage\"},\"thumbnailUrl\":\"https:\\\/\\\/www.iceireland.com\\\/wp-content\\\/uploads\\\/2024\\\/10\\\/30th-Oct-10th-Nov-2-1024x683.png\",\"datePublished\":\"2024-04-30T08:28:30+00:00\",\"dateModified\":\"2026-01-30T18:27:29+00:00\",\"breadcrumb\":{\"@id\":\"https:\\\/\\\/www.iceireland.com\\\/es\\\/adult-student-events-activity-programme\\\/#breadcrumb\"},\"inLanguage\":\"es\",\"potentialAction\":[{\"@type\":\"ReadAction\",\"target\":[\"https:\\\/\\\/www.iceireland.com\\\/es\\\/adult-student-events-activity-programme\\\/\"]}]},{\"@type\":\"ImageObject\",\"inLanguage\":\"es\",\"@id\":\"https:\\\/\\\/www.iceireland.com\\\/es\\\/adult-student-events-activity-programme\\\/#primaryimage\",\"url\":\"https:\\\/\\\/www.iceireland.com\\\/wp-content\\\/uploads\\\/2024\\\/10\\\/30th-Oct-10th-Nov-2-1024x683.png\",\"contentUrl\":\"https:\\\/\\\/www.iceireland.com\\\/wp-content\\\/uploads\\\/2024\\\/10\\\/30th-Oct-10th-Nov-2-1024x683.png\"},{\"@type\":\"BreadcrumbList\",\"@id\":\"https:\\\/\\\/www.iceireland.com\\\/es\\\/adult-student-events-activity-programme\\\/#breadcrumb\",\"itemListElement\":[{\"@type\":\"ListItem\",\"position\":1,\"name\":\"Home\",\"item\":\"https:\\\/\\\/www.iceireland.com\\\/es\\\/\"},{\"@type\":\"ListItem\",\"position\":2,\"name\":\"Programa de actividades y eventos para estudiantes adultos\"}]},{\"@type\":\"WebSite\",\"@id\":\"https:\\\/\\\/www.iceireland.com\\\/es\\\/#website\",\"url\":\"https:\\\/\\\/www.iceireland.com\\\/es\\\/\",\"name\":\"Irish College of English\",\"description\":\"English School in Dublin, Malahide\",\"publisher\":{\"@id\":\"https:\\\/\\\/www.iceireland.com\\\/es\\\/#organization\"},\"potentialAction\":[{\"@type\":\"SearchAction\",\"target\":{\"@type\":\"EntryPoint\",\"urlTemplate\":\"https:\\\/\\\/www.iceireland.com\\\/es\\\/?s={search_term_string}\"},\"query-input\":{\"@type\":\"PropertyValueSpecification\",\"valueRequired\":true,\"valueName\":\"search_term_string\"}}],\"inLanguage\":\"es\"},{\"@type\":\"Organization\",\"@id\":\"https:\\\/\\\/www.iceireland.com\\\/es\\\/#organization\",\"name\":\"Irish College of English\",\"url\":\"https:\\\/\\\/www.iceireland.com\\\/es\\\/\",\"logo\":{\"@type\":\"ImageObject\",\"inLanguage\":\"es\",\"@id\":\"https:\\\/\\\/www.iceireland.com\\\/es\\\/#\\\/schema\\\/logo\\\/image\\\/\",\"url\":\"https:\\\/\\\/www.iceireland.com\\\/wp-content\\\/uploads\\\/2022\\\/03\\\/logo.png\",\"contentUrl\":\"https:\\\/\\\/www.iceireland.com\\\/wp-content\\\/uploads\\\/2022\\\/03\\\/logo.png\",\"width\":593,\"height\":92,\"caption\":\"Irish College of English\"},\"image\":{\"@id\":\"https:\\\/\\\/www.iceireland.com\\\/es\\\/#\\\/schema\\\/logo\\\/image\\\/\"}}]}<\/script>\n<!-- \/ Yoast SEO plugin. -->","yoast_head_json":{"title":"Programa de actividades y eventos para estudiantes adultos - Irish College of English","robots":{"index":"index","follow":"follow","max-snippet":"max-snippet:-1","max-image-preview":"max-image-preview:large","max-video-preview":"max-video-preview:-1"},"canonical":"https:\/\/www.iceireland.com\/es\/adult-student-events-activity-programme\/","og_locale":"es_ES","og_type":"article","og_title":"Programa de actividades y eventos para estudiantes adultos - Irish College of English","og_description":"Programa de actividades y eventos para estudiantes adultos Nuestro Programa de Eventos y Actividades para Estudiantes Adultos es un apoyo adicional que el ICE ofrece a los estudiantes adultos para mejorar su estancia en nuestra escuela y ayudarles a integrarse con sus compa\u00f1eros, profesores y la comunidad en general. Los procedimientos administrativos de las actividades [&hellip;]","og_url":"https:\/\/www.iceireland.com\/es\/adult-student-events-activity-programme\/","og_site_name":"Irish College of English","article_modified_time":"2026-01-30T18:27:29+00:00","og_image":[{"width":1024,"height":683,"url":"https:\/\/www.iceireland.com\/wp-content\/uploads\/2024\/10\/30th-Oct-10th-Nov-2-1024x683.png","type":"image\/png"}],"twitter_misc":{"Tiempo de lectura":"3 minutos"},"schema":{"@context":"https:\/\/schema.org","@graph":[{"@type":"WebPage","@id":"https:\/\/www.iceireland.com\/es\/adult-student-events-activity-programme\/","url":"https:\/\/www.iceireland.com\/es\/adult-student-events-activity-programme\/","name":"Programa de actividades y eventos para estudiantes adultos - Irish College of English","isPartOf":{"@id":"https:\/\/www.iceireland.com\/es\/#website"},"primaryImageOfPage":{"@id":"https:\/\/www.iceireland.com\/es\/adult-student-events-activity-programme\/#primaryimage"},"image":{"@id":"https:\/\/www.iceireland.com\/es\/adult-student-events-activity-programme\/#primaryimage"},"thumbnailUrl":"https:\/\/www.iceireland.com\/wp-content\/uploads\/2024\/10\/30th-Oct-10th-Nov-2-1024x683.png","datePublished":"2024-04-30T08:28:30+00:00","dateModified":"2026-01-30T18:27:29+00:00","breadcrumb":{"@id":"https:\/\/www.iceireland.com\/es\/adult-student-events-activity-programme\/#breadcrumb"},"inLanguage":"es","potentialAction":[{"@type":"ReadAction","target":["https:\/\/www.iceireland.com\/es\/adult-student-events-activity-programme\/"]}]},{"@type":"ImageObject","inLanguage":"es","@id":"https:\/\/www.iceireland.com\/es\/adult-student-events-activity-programme\/#primaryimage","url":"https:\/\/www.iceireland.com\/wp-content\/uploads\/2024\/10\/30th-Oct-10th-Nov-2-1024x683.png","contentUrl":"https:\/\/www.iceireland.com\/wp-content\/uploads\/2024\/10\/30th-Oct-10th-Nov-2-1024x683.png"},{"@type":"BreadcrumbList","@id":"https:\/\/www.iceireland.com\/es\/adult-student-events-activity-programme\/#breadcrumb","itemListElement":[{"@type":"ListItem","position":1,"name":"Home","item":"https:\/\/www.iceireland.com\/es\/"},{"@type":"ListItem","position":2,"name":"Programa de actividades y eventos para estudiantes adultos"}]},{"@type":"WebSite","@id":"https:\/\/www.iceireland.com\/es\/#website","url":"https:\/\/www.iceireland.com\/es\/","name":"Irish College of English","description":"English School in Dublin, Malahide","publisher":{"@id":"https:\/\/www.iceireland.com\/es\/#organization"},"potentialAction":[{"@type":"SearchAction","target":{"@type":"EntryPoint","urlTemplate":"https:\/\/www.iceireland.com\/es\/?s={search_term_string}"},"query-input":{"@type":"PropertyValueSpecification","valueRequired":true,"valueName":"search_term_string"}}],"inLanguage":"es"},{"@type":"Organization","@id":"https:\/\/www.iceireland.com\/es\/#organization","name":"Irish College of English","url":"https:\/\/www.iceireland.com\/es\/","logo":{"@type":"ImageObject","inLanguage":"es","@id":"https:\/\/www.iceireland.com\/es\/#\/schema\/logo\/image\/","url":"https:\/\/www.iceireland.com\/wp-content\/uploads\/2022\/03\/logo.png","contentUrl":"https:\/\/www.iceireland.com\/wp-content\/uploads\/2022\/03\/logo.png","width":593,"height":92,"caption":"Irish College of English"},"image":{"@id":"https:\/\/www.iceireland.com\/es\/#\/schema\/logo\/image\/"}}]}},"_links":{"self":[{"href":"https:\/\/www.iceireland.com\/es\/wp-json\/wp\/v2\/pages\/33318","targetHints":{"allow":["GET"]}}],"collection":[{"href":"https:\/\/www.iceireland.com\/es\/wp-json\/wp\/v2\/pages"}],"about":[{"href":"https:\/\/www.iceireland.com\/es\/wp-json\/wp\/v2\/types\/page"}],"author":[{"embeddable":true,"href":"https:\/\/www.iceireland.com\/es\/wp-json\/wp\/v2\/users\/3"}],"replies":[{"embeddable":true,"href":"https:\/\/www.iceireland.com\/es\/wp-json\/wp\/v2\/comments?post=33318"}],"version-history":[{"count":1,"href":"https:\/\/www.iceireland.com\/es\/wp-json\/wp\/v2\/pages\/33318\/revisions"}],"predecessor-version":[{"id":33320,"href":"https:\/\/www.iceireland.com\/es\/wp-json\/wp\/v2\/pages\/33318\/revisions\/33320"}],"wp:attachment":[{"href":"https:\/\/www.iceireland.com\/es\/wp-json\/wp\/v2\/media?parent=33318"}],"curies":[{"name":"wp","href":"https:\/\/api.w.org\/{rel}","templated":true}]}}