{"id":33465,"date":"2024-04-29T15:19:22","date_gmt":"2024-04-29T15:19:22","guid":{"rendered":"https:\/\/www.iceireland.com\/student-welfare-officers\/"},"modified":"2026-01-30T18:28:10","modified_gmt":"2026-01-30T18:28:10","slug":"student-welfare-officers","status":"publish","type":"page","link":"https:\/\/www.iceireland.com\/es\/student-welfare-officers\/","title":{"rendered":"Responsables de Bienestar Estudiantil"},"content":{"rendered":"\t\t<div data-elementor-type=\"wp-page\" data-elementor-id=\"33465\" class=\"elementor elementor-33465 elementor-26570\" data-elementor-post-type=\"page\">\n\t\t\t\t\t\t<section class=\"elementor-section elementor-top-section elementor-element elementor-element-763889f elementor-section-boxed elementor-section-height-default elementor-section-height-default\" data-id=\"763889f\" data-element_type=\"section\" data-e-type=\"section\">\n\t\t\t\t\t\t<div class=\"elementor-container elementor-column-gap-default\">\n\t\t\t\t\t<div class=\"elementor-column elementor-col-100 elementor-top-column elementor-element elementor-element-6be54b6\" data-id=\"6be54b6\" data-element_type=\"column\" data-e-type=\"column\">\n\t\t\t<div class=\"elementor-widget-wrap elementor-element-populated\">\n\t\t\t\t\t\t<div class=\"elementor-element elementor-element-cc41595 elementor-widget elementor-widget-heading\" data-id=\"cc41595\" data-element_type=\"widget\" data-e-type=\"widget\" data-widget_type=\"heading.default\">\n\t\t\t\t<div class=\"elementor-widget-container\">\n\t\t\t\t\t<h2 class=\"elementor-heading-title elementor-size-default\">Funcionarios de Bienestar Estudiantil - \u00a1Estamos aqu\u00ed para ayudar!<\/h2>\t\t\t\t<\/div>\n\t\t\t\t<\/div>\n\t\t\t\t\t<\/div>\n\t\t<\/div>\n\t\t\t\t\t<\/div>\n\t\t<\/section>\n\t\t\t\t<section class=\"elementor-section elementor-top-section elementor-element elementor-element-7f70896 elementor-section-boxed elementor-section-height-default elementor-section-height-default\" data-id=\"7f70896\" data-element_type=\"section\" data-e-type=\"section\">\n\t\t\t\t\t\t<div class=\"elementor-container elementor-column-gap-default\">\n\t\t\t\t\t<div class=\"elementor-column elementor-col-100 elementor-top-column elementor-element elementor-element-2de0e58\" data-id=\"2de0e58\" data-element_type=\"column\" data-e-type=\"column\">\n\t\t\t<div class=\"elementor-widget-wrap elementor-element-populated\">\n\t\t\t\t\t\t<div class=\"elementor-element elementor-element-4aba74e elementor-widget elementor-widget-text-editor\" data-id=\"4aba74e\" data-element_type=\"widget\" data-e-type=\"widget\" data-widget_type=\"text-editor.default\">\n\t\t\t\t<div class=\"elementor-widget-container\">\n\t\t\t\t\t\t\t\t\t<p>En el Irish College of English contamos con funcionarios de Bienestar Estudiantil que est\u00e1n aqu\u00ed para ayudarte.<\/p><p>En el Irish College of English, el bienestar de los estudiantes es nuestra m\u00e1xima prioridad. Entendemos que estudiar en el extranjero puede ser a la vez emocionante y desafiante, por lo que contamos con funcionarios dedicados al Bienestar Estudiantil dispuestos a apoyarte en cada paso del camino. <\/p><p>Nuestro equipo, que incluye oficiales espec\u00edficos para adultos y j\u00f3venes, est\u00e1 aqu\u00ed para garantizar que tu estancia con nosotros no s\u00f3lo sea satisfactoria desde el punto de vista acad\u00e9mico, sino tambi\u00e9n enriquecedora desde el punto de vista personal. Si echas de menos tu hogar, tienes dificultades acad\u00e9micas o simplemente necesitas a alguien con quien hablar, nuestras puertas -y nuestros corazones- est\u00e1n siempre abiertos. <\/p><p>Adem\u00e1s de nuestros servicios de apoyo est\u00e1ndar, disponemos de recursos financieros para ayudar a los estudiantes en circunstancias espec\u00edficas.<\/p><p>Responsable de Bienestar de Estudiantes Adultos &#8211; Ian Mc Elhinney &#8211; <a href=\"mailto:ianmcelhinney@iceireland.com\">ianmcelhinney@iceireland.com<\/a><\/p><p>Responsable principal de bienestar juvenil y DLP &#8211; Susan Mc Elhinney <a href=\"mailto:info@iceland.com\">info@iceland.com<\/a><\/p><p>Nuestras residencias cuentan con Responsables de Bienestar Estudiantil adicionales, descritos en el Manual espec\u00edfico para estudiantes de residencias.<\/p>\t\t\t\t\t\t\t\t<\/div>\n\t\t\t\t<\/div>\n\t\t\t\t\t<\/div>\n\t\t<\/div>\n\t\t\t\t\t<\/div>\n\t\t<\/section>\n\t\t\t\t<\/div>\n\t\t","protected":false},"excerpt":{"rendered":"<p>Funcionarios de Bienestar Estudiantil &#8211; \u00a1Estamos aqu\u00ed para ayudar! En el Irish College of English contamos con funcionarios de Bienestar Estudiantil que est\u00e1n aqu\u00ed para ayudarte. En el Irish College of English, el bienestar de los estudiantes es nuestra m\u00e1xima prioridad. Entendemos que estudiar en el extranjero puede ser a la vez emocionante y desafiante, [&hellip;]<\/p>\n","protected":false},"author":3,"featured_media":0,"parent":0,"menu_order":0,"comment_status":"closed","ping_status":"closed","template":"","meta":{"content-type":"","footnotes":""},"class_list":["post-33465","page","type-page","status-publish","hentry"],"yoast_head":"<!-- This site is optimized with the Yoast SEO plugin v27.3 - https:\/\/yoast.com\/product\/yoast-seo-wordpress\/ -->\n<title>Responsables de Bienestar Estudiantil - Irish College of English<\/title>\n<meta name=\"robots\" content=\"index, follow, max-snippet:-1, max-image-preview:large, max-video-preview:-1\" \/>\n<link rel=\"canonical\" href=\"https:\/\/www.iceireland.com\/es\/student-welfare-officers\/\" \/>\n<meta property=\"og:locale\" content=\"es_ES\" \/>\n<meta property=\"og:type\" content=\"article\" \/>\n<meta property=\"og:title\" content=\"Responsables de Bienestar Estudiantil - Irish College of English\" \/>\n<meta property=\"og:description\" content=\"Funcionarios de Bienestar Estudiantil &#8211; \u00a1Estamos aqu\u00ed para ayudar! En el Irish College of English contamos con funcionarios de Bienestar Estudiantil que est\u00e1n aqu\u00ed para ayudarte. En el Irish College of English, el bienestar de los estudiantes es nuestra m\u00e1xima prioridad. Entendemos que estudiar en el extranjero puede ser a la vez emocionante y desafiante, [&hellip;]\" \/>\n<meta property=\"og:url\" content=\"https:\/\/www.iceireland.com\/es\/student-welfare-officers\/\" \/>\n<meta property=\"og:site_name\" content=\"Irish College of English\" \/>\n<meta property=\"article:modified_time\" content=\"2026-01-30T18:28:10+00:00\" \/>\n<meta name=\"twitter:label1\" content=\"Tiempo de lectura\" \/>\n\t<meta name=\"twitter:data1\" content=\"1 minuto\" \/>\n<script type=\"application\/ld+json\" class=\"yoast-schema-graph\">{\"@context\":\"https:\\\/\\\/schema.org\",\"@graph\":[{\"@type\":\"WebPage\",\"@id\":\"https:\\\/\\\/www.iceireland.com\\\/es\\\/student-welfare-officers\\\/\",\"url\":\"https:\\\/\\\/www.iceireland.com\\\/es\\\/student-welfare-officers\\\/\",\"name\":\"Responsables de Bienestar Estudiantil - Irish College of English\",\"isPartOf\":{\"@id\":\"https:\\\/\\\/www.iceireland.com\\\/es\\\/#website\"},\"datePublished\":\"2024-04-29T15:19:22+00:00\",\"dateModified\":\"2026-01-30T18:28:10+00:00\",\"breadcrumb\":{\"@id\":\"https:\\\/\\\/www.iceireland.com\\\/es\\\/student-welfare-officers\\\/#breadcrumb\"},\"inLanguage\":\"es\",\"potentialAction\":[{\"@type\":\"ReadAction\",\"target\":[\"https:\\\/\\\/www.iceireland.com\\\/es\\\/student-welfare-officers\\\/\"]}]},{\"@type\":\"BreadcrumbList\",\"@id\":\"https:\\\/\\\/www.iceireland.com\\\/es\\\/student-welfare-officers\\\/#breadcrumb\",\"itemListElement\":[{\"@type\":\"ListItem\",\"position\":1,\"name\":\"Home\",\"item\":\"https:\\\/\\\/www.iceireland.com\\\/es\\\/\"},{\"@type\":\"ListItem\",\"position\":2,\"name\":\"Responsables de Bienestar Estudiantil\"}]},{\"@type\":\"WebSite\",\"@id\":\"https:\\\/\\\/www.iceireland.com\\\/es\\\/#website\",\"url\":\"https:\\\/\\\/www.iceireland.com\\\/es\\\/\",\"name\":\"Irish College of English\",\"description\":\"English School in Dublin, Malahide\",\"publisher\":{\"@id\":\"https:\\\/\\\/www.iceireland.com\\\/es\\\/#organization\"},\"potentialAction\":[{\"@type\":\"SearchAction\",\"target\":{\"@type\":\"EntryPoint\",\"urlTemplate\":\"https:\\\/\\\/www.iceireland.com\\\/es\\\/?s={search_term_string}\"},\"query-input\":{\"@type\":\"PropertyValueSpecification\",\"valueRequired\":true,\"valueName\":\"search_term_string\"}}],\"inLanguage\":\"es\"},{\"@type\":\"Organization\",\"@id\":\"https:\\\/\\\/www.iceireland.com\\\/es\\\/#organization\",\"name\":\"Irish College of English\",\"url\":\"https:\\\/\\\/www.iceireland.com\\\/es\\\/\",\"logo\":{\"@type\":\"ImageObject\",\"inLanguage\":\"es\",\"@id\":\"https:\\\/\\\/www.iceireland.com\\\/es\\\/#\\\/schema\\\/logo\\\/image\\\/\",\"url\":\"https:\\\/\\\/www.iceireland.com\\\/wp-content\\\/uploads\\\/2022\\\/03\\\/logo.png\",\"contentUrl\":\"https:\\\/\\\/www.iceireland.com\\\/wp-content\\\/uploads\\\/2022\\\/03\\\/logo.png\",\"width\":593,\"height\":92,\"caption\":\"Irish College of English\"},\"image\":{\"@id\":\"https:\\\/\\\/www.iceireland.com\\\/es\\\/#\\\/schema\\\/logo\\\/image\\\/\"}}]}<\/script>\n<!-- \/ Yoast SEO plugin. -->","yoast_head_json":{"title":"Responsables de Bienestar Estudiantil - Irish College of English","robots":{"index":"index","follow":"follow","max-snippet":"max-snippet:-1","max-image-preview":"max-image-preview:large","max-video-preview":"max-video-preview:-1"},"canonical":"https:\/\/www.iceireland.com\/es\/student-welfare-officers\/","og_locale":"es_ES","og_type":"article","og_title":"Responsables de Bienestar Estudiantil - Irish College of English","og_description":"Funcionarios de Bienestar Estudiantil &#8211; \u00a1Estamos aqu\u00ed para ayudar! En el Irish College of English contamos con funcionarios de Bienestar Estudiantil que est\u00e1n aqu\u00ed para ayudarte. En el Irish College of English, el bienestar de los estudiantes es nuestra m\u00e1xima prioridad. Entendemos que estudiar en el extranjero puede ser a la vez emocionante y desafiante, [&hellip;]","og_url":"https:\/\/www.iceireland.com\/es\/student-welfare-officers\/","og_site_name":"Irish College of English","article_modified_time":"2026-01-30T18:28:10+00:00","twitter_misc":{"Tiempo de lectura":"1 minuto"},"schema":{"@context":"https:\/\/schema.org","@graph":[{"@type":"WebPage","@id":"https:\/\/www.iceireland.com\/es\/student-welfare-officers\/","url":"https:\/\/www.iceireland.com\/es\/student-welfare-officers\/","name":"Responsables de Bienestar Estudiantil - Irish College of English","isPartOf":{"@id":"https:\/\/www.iceireland.com\/es\/#website"},"datePublished":"2024-04-29T15:19:22+00:00","dateModified":"2026-01-30T18:28:10+00:00","breadcrumb":{"@id":"https:\/\/www.iceireland.com\/es\/student-welfare-officers\/#breadcrumb"},"inLanguage":"es","potentialAction":[{"@type":"ReadAction","target":["https:\/\/www.iceireland.com\/es\/student-welfare-officers\/"]}]},{"@type":"BreadcrumbList","@id":"https:\/\/www.iceireland.com\/es\/student-welfare-officers\/#breadcrumb","itemListElement":[{"@type":"ListItem","position":1,"name":"Home","item":"https:\/\/www.iceireland.com\/es\/"},{"@type":"ListItem","position":2,"name":"Responsables de Bienestar Estudiantil"}]},{"@type":"WebSite","@id":"https:\/\/www.iceireland.com\/es\/#website","url":"https:\/\/www.iceireland.com\/es\/","name":"Irish College of English","description":"English School in Dublin, Malahide","publisher":{"@id":"https:\/\/www.iceireland.com\/es\/#organization"},"potentialAction":[{"@type":"SearchAction","target":{"@type":"EntryPoint","urlTemplate":"https:\/\/www.iceireland.com\/es\/?s={search_term_string}"},"query-input":{"@type":"PropertyValueSpecification","valueRequired":true,"valueName":"search_term_string"}}],"inLanguage":"es"},{"@type":"Organization","@id":"https:\/\/www.iceireland.com\/es\/#organization","name":"Irish College of English","url":"https:\/\/www.iceireland.com\/es\/","logo":{"@type":"ImageObject","inLanguage":"es","@id":"https:\/\/www.iceireland.com\/es\/#\/schema\/logo\/image\/","url":"https:\/\/www.iceireland.com\/wp-content\/uploads\/2022\/03\/logo.png","contentUrl":"https:\/\/www.iceireland.com\/wp-content\/uploads\/2022\/03\/logo.png","width":593,"height":92,"caption":"Irish College of English"},"image":{"@id":"https:\/\/www.iceireland.com\/es\/#\/schema\/logo\/image\/"}}]}},"_links":{"self":[{"href":"https:\/\/www.iceireland.com\/es\/wp-json\/wp\/v2\/pages\/33465","targetHints":{"allow":["GET"]}}],"collection":[{"href":"https:\/\/www.iceireland.com\/es\/wp-json\/wp\/v2\/pages"}],"about":[{"href":"https:\/\/www.iceireland.com\/es\/wp-json\/wp\/v2\/types\/page"}],"author":[{"embeddable":true,"href":"https:\/\/www.iceireland.com\/es\/wp-json\/wp\/v2\/users\/3"}],"replies":[{"embeddable":true,"href":"https:\/\/www.iceireland.com\/es\/wp-json\/wp\/v2\/comments?post=33465"}],"version-history":[{"count":1,"href":"https:\/\/www.iceireland.com\/es\/wp-json\/wp\/v2\/pages\/33465\/revisions"}],"predecessor-version":[{"id":33466,"href":"https:\/\/www.iceireland.com\/es\/wp-json\/wp\/v2\/pages\/33465\/revisions\/33466"}],"wp:attachment":[{"href":"https:\/\/www.iceireland.com\/es\/wp-json\/wp\/v2\/media?parent=33465"}],"curies":[{"name":"wp","href":"https:\/\/api.w.org\/{rel}","templated":true}]}}