{"id":33501,"date":"2023-12-13T15:55:40","date_gmt":"2023-12-13T15:55:40","guid":{"rendered":"https:\/\/www.iceireland.com\/useful-information-and-supports\/student-conduct-guidelines\/"},"modified":"2026-01-30T18:28:52","modified_gmt":"2026-01-30T18:28:52","slug":"student-conduct-guidelines","status":"publish","type":"page","link":"https:\/\/www.iceireland.com\/es\/useful-information-and-supports\/student-conduct-guidelines\/","title":{"rendered":"Directrices de conducta estudiantil"},"content":{"rendered":"\t\t<div data-elementor-type=\"wp-page\" data-elementor-id=\"33501\" class=\"elementor elementor-33501 elementor-25944\" data-elementor-post-type=\"page\">\n\t\t\t\t\t\t<section class=\"elementor-section elementor-top-section elementor-element elementor-element-aee0803 elementor-section-boxed elementor-section-height-default elementor-section-height-default\" data-id=\"aee0803\" data-element_type=\"section\" data-e-type=\"section\">\n\t\t\t\t\t\t<div class=\"elementor-container elementor-column-gap-default\">\n\t\t\t\t\t<div class=\"elementor-column elementor-col-100 elementor-top-column elementor-element elementor-element-f943711\" data-id=\"f943711\" data-element_type=\"column\" data-e-type=\"column\">\n\t\t\t<div class=\"elementor-widget-wrap elementor-element-populated\">\n\t\t\t\t\t\t<div class=\"elementor-element elementor-element-06255c6 elementor-widget elementor-widget-heading\" data-id=\"06255c6\" data-element_type=\"widget\" data-e-type=\"widget\" data-widget_type=\"heading.default\">\n\t\t\t\t<div class=\"elementor-widget-container\">\n\t\t\t\t\t<h2 class=\"elementor-heading-title elementor-size-default\">Directrices de conducta estudiantil<\/h2>\t\t\t\t<\/div>\n\t\t\t\t<\/div>\n\t\t\t\t\t<\/div>\n\t\t<\/div>\n\t\t\t\t\t<\/div>\n\t\t<\/section>\n\t\t\t\t<section class=\"elementor-section elementor-top-section elementor-element elementor-element-7d91f86 elementor-section-boxed elementor-section-height-default elementor-section-height-default\" data-id=\"7d91f86\" data-element_type=\"section\" data-e-type=\"section\">\n\t\t\t\t\t\t<div class=\"elementor-container elementor-column-gap-default\">\n\t\t\t\t\t<div class=\"elementor-column elementor-col-100 elementor-top-column elementor-element elementor-element-9f50e6f\" data-id=\"9f50e6f\" data-element_type=\"column\" data-e-type=\"column\">\n\t\t\t<div class=\"elementor-widget-wrap elementor-element-populated\">\n\t\t\t\t\t\t<div class=\"elementor-element elementor-element-bd6847d elementor-widget elementor-widget-text-editor\" data-id=\"bd6847d\" data-element_type=\"widget\" data-e-type=\"widget\" data-widget_type=\"text-editor.default\">\n\t\t\t\t<div class=\"elementor-widget-container\">\n\t\t\t\t\t\t\t\t\t<p><span style=\"font-weight: 400;\">El Irish College of English se compromete a ofrecer un servicio de educaci\u00f3n y formaci\u00f3n de calidad en un entorno que fomente el respeto, la cooperaci\u00f3n y la diversidad. Antes de su llegada, todos los estudiantes recibir\u00e1n un manual del estudiante.   <\/span><\/p><p>Consulta en tu manual el c\u00f3digo de conducta correspondiente.<\/p><p> <\/p><p> <\/p>\t\t\t\t\t\t\t\t<\/div>\n\t\t\t\t<\/div>\n\t\t\t\t\t<\/div>\n\t\t<\/div>\n\t\t\t\t\t<\/div>\n\t\t<\/section>\n\t\t\t\t<\/div>\n\t\t","protected":false},"excerpt":{"rendered":"<p>Directrices de conducta estudiantil El Irish College of English se compromete a ofrecer un servicio de educaci\u00f3n y formaci\u00f3n de calidad en un entorno que fomente el respeto, la cooperaci\u00f3n y la diversidad. Antes de su llegada, todos los estudiantes recibir\u00e1n un manual del estudiante. Consulta en tu manual el c\u00f3digo de conducta correspondiente.<\/p>\n","protected":false},"author":3,"featured_media":0,"parent":32476,"menu_order":0,"comment_status":"closed","ping_status":"closed","template":"","meta":{"content-type":"","footnotes":""},"class_list":["post-33501","page","type-page","status-publish","hentry"],"yoast_head":"<!-- This site is optimized with the Yoast SEO plugin v27.3 - https:\/\/yoast.com\/product\/yoast-seo-wordpress\/ -->\n<title>Directrices de conducta estudiantil - Irish College of English<\/title>\n<meta name=\"robots\" content=\"noindex, follow\" \/>\n<meta property=\"og:locale\" content=\"es_ES\" \/>\n<meta property=\"og:type\" content=\"article\" \/>\n<meta property=\"og:title\" content=\"Directrices de conducta estudiantil - Irish College of English\" \/>\n<meta property=\"og:description\" content=\"Directrices de conducta estudiantil El Irish College of English se compromete a ofrecer un servicio de educaci\u00f3n y formaci\u00f3n de calidad en un entorno que fomente el respeto, la cooperaci\u00f3n y la diversidad. Antes de su llegada, todos los estudiantes recibir\u00e1n un manual del estudiante. Consulta en tu manual el c\u00f3digo de conducta correspondiente.\" \/>\n<meta property=\"og:url\" content=\"https:\/\/www.iceireland.com\/es\/useful-information-and-supports\/student-conduct-guidelines\/\" \/>\n<meta property=\"og:site_name\" content=\"Irish College of English\" \/>\n<meta property=\"article:modified_time\" content=\"2026-01-30T18:28:52+00:00\" \/>\n<script type=\"application\/ld+json\" class=\"yoast-schema-graph\">{\"@context\":\"https:\\\/\\\/schema.org\",\"@graph\":[{\"@type\":\"WebPage\",\"@id\":\"https:\\\/\\\/www.iceireland.com\\\/es\\\/useful-information-and-supports\\\/student-conduct-guidelines\\\/\",\"url\":\"https:\\\/\\\/www.iceireland.com\\\/es\\\/useful-information-and-supports\\\/student-conduct-guidelines\\\/\",\"name\":\"Directrices de conducta estudiantil - Irish College of English\",\"isPartOf\":{\"@id\":\"https:\\\/\\\/www.iceireland.com\\\/es\\\/#website\"},\"datePublished\":\"2023-12-13T15:55:40+00:00\",\"dateModified\":\"2026-01-30T18:28:52+00:00\",\"breadcrumb\":{\"@id\":\"https:\\\/\\\/www.iceireland.com\\\/es\\\/useful-information-and-supports\\\/student-conduct-guidelines\\\/#breadcrumb\"},\"inLanguage\":\"es\",\"potentialAction\":[{\"@type\":\"ReadAction\",\"target\":[\"https:\\\/\\\/www.iceireland.com\\\/es\\\/useful-information-and-supports\\\/student-conduct-guidelines\\\/\"]}]},{\"@type\":\"BreadcrumbList\",\"@id\":\"https:\\\/\\\/www.iceireland.com\\\/es\\\/useful-information-and-supports\\\/student-conduct-guidelines\\\/#breadcrumb\",\"itemListElement\":[{\"@type\":\"ListItem\",\"position\":1,\"name\":\"Home\",\"item\":\"https:\\\/\\\/www.iceireland.com\\\/es\\\/\"},{\"@type\":\"ListItem\",\"position\":2,\"name\":\"Informaci\u00f3n \u00fatil y ayudas\",\"item\":\"https:\\\/\\\/www.iceireland.com\\\/es\\\/useful-information-and-supports\\\/\"},{\"@type\":\"ListItem\",\"position\":3,\"name\":\"Directrices de conducta estudiantil\"}]},{\"@type\":\"WebSite\",\"@id\":\"https:\\\/\\\/www.iceireland.com\\\/es\\\/#website\",\"url\":\"https:\\\/\\\/www.iceireland.com\\\/es\\\/\",\"name\":\"Irish College of English\",\"description\":\"English School in Dublin, Malahide\",\"publisher\":{\"@id\":\"https:\\\/\\\/www.iceireland.com\\\/es\\\/#organization\"},\"potentialAction\":[{\"@type\":\"SearchAction\",\"target\":{\"@type\":\"EntryPoint\",\"urlTemplate\":\"https:\\\/\\\/www.iceireland.com\\\/es\\\/?s={search_term_string}\"},\"query-input\":{\"@type\":\"PropertyValueSpecification\",\"valueRequired\":true,\"valueName\":\"search_term_string\"}}],\"inLanguage\":\"es\"},{\"@type\":\"Organization\",\"@id\":\"https:\\\/\\\/www.iceireland.com\\\/es\\\/#organization\",\"name\":\"Irish College of English\",\"url\":\"https:\\\/\\\/www.iceireland.com\\\/es\\\/\",\"logo\":{\"@type\":\"ImageObject\",\"inLanguage\":\"es\",\"@id\":\"https:\\\/\\\/www.iceireland.com\\\/es\\\/#\\\/schema\\\/logo\\\/image\\\/\",\"url\":\"https:\\\/\\\/www.iceireland.com\\\/wp-content\\\/uploads\\\/2022\\\/03\\\/logo.png\",\"contentUrl\":\"https:\\\/\\\/www.iceireland.com\\\/wp-content\\\/uploads\\\/2022\\\/03\\\/logo.png\",\"width\":593,\"height\":92,\"caption\":\"Irish College of English\"},\"image\":{\"@id\":\"https:\\\/\\\/www.iceireland.com\\\/es\\\/#\\\/schema\\\/logo\\\/image\\\/\"}}]}<\/script>\n<!-- \/ Yoast SEO plugin. -->","yoast_head_json":{"title":"Directrices de conducta estudiantil - Irish College of English","robots":{"index":"noindex","follow":"follow"},"og_locale":"es_ES","og_type":"article","og_title":"Directrices de conducta estudiantil - Irish College of English","og_description":"Directrices de conducta estudiantil El Irish College of English se compromete a ofrecer un servicio de educaci\u00f3n y formaci\u00f3n de calidad en un entorno que fomente el respeto, la cooperaci\u00f3n y la diversidad. Antes de su llegada, todos los estudiantes recibir\u00e1n un manual del estudiante. Consulta en tu manual el c\u00f3digo de conducta correspondiente.","og_url":"https:\/\/www.iceireland.com\/es\/useful-information-and-supports\/student-conduct-guidelines\/","og_site_name":"Irish College of English","article_modified_time":"2026-01-30T18:28:52+00:00","schema":{"@context":"https:\/\/schema.org","@graph":[{"@type":"WebPage","@id":"https:\/\/www.iceireland.com\/es\/useful-information-and-supports\/student-conduct-guidelines\/","url":"https:\/\/www.iceireland.com\/es\/useful-information-and-supports\/student-conduct-guidelines\/","name":"Directrices de conducta estudiantil - Irish College of English","isPartOf":{"@id":"https:\/\/www.iceireland.com\/es\/#website"},"datePublished":"2023-12-13T15:55:40+00:00","dateModified":"2026-01-30T18:28:52+00:00","breadcrumb":{"@id":"https:\/\/www.iceireland.com\/es\/useful-information-and-supports\/student-conduct-guidelines\/#breadcrumb"},"inLanguage":"es","potentialAction":[{"@type":"ReadAction","target":["https:\/\/www.iceireland.com\/es\/useful-information-and-supports\/student-conduct-guidelines\/"]}]},{"@type":"BreadcrumbList","@id":"https:\/\/www.iceireland.com\/es\/useful-information-and-supports\/student-conduct-guidelines\/#breadcrumb","itemListElement":[{"@type":"ListItem","position":1,"name":"Home","item":"https:\/\/www.iceireland.com\/es\/"},{"@type":"ListItem","position":2,"name":"Informaci\u00f3n \u00fatil y ayudas","item":"https:\/\/www.iceireland.com\/es\/useful-information-and-supports\/"},{"@type":"ListItem","position":3,"name":"Directrices de conducta estudiantil"}]},{"@type":"WebSite","@id":"https:\/\/www.iceireland.com\/es\/#website","url":"https:\/\/www.iceireland.com\/es\/","name":"Irish College of English","description":"English School in Dublin, Malahide","publisher":{"@id":"https:\/\/www.iceireland.com\/es\/#organization"},"potentialAction":[{"@type":"SearchAction","target":{"@type":"EntryPoint","urlTemplate":"https:\/\/www.iceireland.com\/es\/?s={search_term_string}"},"query-input":{"@type":"PropertyValueSpecification","valueRequired":true,"valueName":"search_term_string"}}],"inLanguage":"es"},{"@type":"Organization","@id":"https:\/\/www.iceireland.com\/es\/#organization","name":"Irish College of English","url":"https:\/\/www.iceireland.com\/es\/","logo":{"@type":"ImageObject","inLanguage":"es","@id":"https:\/\/www.iceireland.com\/es\/#\/schema\/logo\/image\/","url":"https:\/\/www.iceireland.com\/wp-content\/uploads\/2022\/03\/logo.png","contentUrl":"https:\/\/www.iceireland.com\/wp-content\/uploads\/2022\/03\/logo.png","width":593,"height":92,"caption":"Irish College of English"},"image":{"@id":"https:\/\/www.iceireland.com\/es\/#\/schema\/logo\/image\/"}}]}},"_links":{"self":[{"href":"https:\/\/www.iceireland.com\/es\/wp-json\/wp\/v2\/pages\/33501","targetHints":{"allow":["GET"]}}],"collection":[{"href":"https:\/\/www.iceireland.com\/es\/wp-json\/wp\/v2\/pages"}],"about":[{"href":"https:\/\/www.iceireland.com\/es\/wp-json\/wp\/v2\/types\/page"}],"author":[{"embeddable":true,"href":"https:\/\/www.iceireland.com\/es\/wp-json\/wp\/v2\/users\/3"}],"replies":[{"embeddable":true,"href":"https:\/\/www.iceireland.com\/es\/wp-json\/wp\/v2\/comments?post=33501"}],"version-history":[{"count":1,"href":"https:\/\/www.iceireland.com\/es\/wp-json\/wp\/v2\/pages\/33501\/revisions"}],"predecessor-version":[{"id":33502,"href":"https:\/\/www.iceireland.com\/es\/wp-json\/wp\/v2\/pages\/33501\/revisions\/33502"}],"up":[{"embeddable":true,"href":"https:\/\/www.iceireland.com\/es\/wp-json\/wp\/v2\/pages\/32476"}],"wp:attachment":[{"href":"https:\/\/www.iceireland.com\/es\/wp-json\/wp\/v2\/media?parent=33501"}],"curies":[{"name":"wp","href":"https:\/\/api.w.org\/{rel}","templated":true}]}}