{"id":33508,"date":"2023-12-13T15:53:32","date_gmt":"2023-12-13T15:53:32","guid":{"rendered":"https:\/\/www.iceireland.com\/useful-information-and-supports\/join-our-governance-committee\/"},"modified":"2026-01-30T18:28:51","modified_gmt":"2026-01-30T18:28:51","slug":"join-our-governance-committee","status":"publish","type":"page","link":"https:\/\/www.iceireland.com\/es\/useful-information-and-supports\/join-our-governance-committee\/","title":{"rendered":"\u00danete a nuestro Comit\u00e9 de Gobernanza"},"content":{"rendered":"\t\t<div data-elementor-type=\"wp-page\" data-elementor-id=\"33508\" class=\"elementor elementor-33508 elementor-25939\" data-elementor-post-type=\"page\">\n\t\t\t\t\t\t<section class=\"elementor-section elementor-top-section elementor-element elementor-element-27a9624 elementor-section-boxed elementor-section-height-default elementor-section-height-default\" data-id=\"27a9624\" data-element_type=\"section\" data-e-type=\"section\">\n\t\t\t\t\t\t<div class=\"elementor-container elementor-column-gap-default\">\n\t\t\t\t\t<div class=\"elementor-column elementor-col-100 elementor-top-column elementor-element elementor-element-02c8789\" data-id=\"02c8789\" data-element_type=\"column\" data-e-type=\"column\">\n\t\t\t<div class=\"elementor-widget-wrap elementor-element-populated\">\n\t\t\t\t\t\t<div class=\"elementor-element elementor-element-90a231f elementor-widget elementor-widget-heading\" data-id=\"90a231f\" data-element_type=\"widget\" data-e-type=\"widget\" data-widget_type=\"heading.default\">\n\t\t\t\t<div class=\"elementor-widget-container\">\n\t\t\t\t\t<h2 class=\"elementor-heading-title elementor-size-default\">\u00danete a nuestro Comit\u00e9 de Gobernanza Acad\u00e9mica<\/h2>\t\t\t\t<\/div>\n\t\t\t\t<\/div>\n\t\t\t\t\t<\/div>\n\t\t<\/div>\n\t\t\t\t\t<\/div>\n\t\t<\/section>\n\t\t\t\t<section class=\"elementor-section elementor-top-section elementor-element elementor-element-fb073b1 elementor-section-boxed elementor-section-height-default elementor-section-height-default\" data-id=\"fb073b1\" data-element_type=\"section\" data-e-type=\"section\">\n\t\t\t\t\t\t<div class=\"elementor-container elementor-column-gap-default\">\n\t\t\t\t\t<div class=\"elementor-column elementor-col-100 elementor-top-column elementor-element elementor-element-1ad22e0\" data-id=\"1ad22e0\" data-element_type=\"column\" data-e-type=\"column\">\n\t\t\t<div class=\"elementor-widget-wrap elementor-element-populated\">\n\t\t\t\t\t\t<div class=\"elementor-element elementor-element-2480859 elementor-widget elementor-widget-text-editor\" data-id=\"2480859\" data-element_type=\"widget\" data-e-type=\"widget\" data-widget_type=\"text-editor.default\">\n\t\t\t\t<div class=\"elementor-widget-container\">\n\t\t\t\t\t\t\t\t\t<p>El Comit\u00e9 de Gobierno Acad\u00e9mico del Irish College of English se re\u00fane dos veces al a\u00f1o para supervisar y mejorar las normas y pol\u00edticas acad\u00e9micas de nuestra instituci\u00f3n. Compuesto por personal docente, personal acad\u00e9mico, administradores y un representante de los estudiantes, este comit\u00e9 desempe\u00f1a un papel fundamental en la configuraci\u00f3n de la experiencia educativa de nuestros estudiantes. <\/p><p>Formar parte del Comit\u00e9 de Gobierno Acad\u00e9mico ofrece a los estudiantes una oportunidad \u00fanica para:<\/p><p>Defender a sus compa\u00f1eros: Como representante de los estudiantes, las personas tienen la oportunidad de expresar las preocupaciones, sugerencias y perspectivas de sus compa\u00f1eros, incluidos los estudiantes junior, garantizando que sus voces se oigan en los niveles m\u00e1s altos de la toma de decisiones.<\/p><p>Contribuir a la excelencia acad\u00e9mica: Participando activamente en los debates y decisiones relativos al desarrollo del plan de estudios, los m\u00e9todos de evaluaci\u00f3n y las pol\u00edticas acad\u00e9micas, los estudiantes pueden contribuir a mantener y mejorar la calidad de la educaci\u00f3n que imparte la universidad.<\/p><p>Adquirir habilidades de liderazgo y gobernanza: Servir en el Comit\u00e9 de Gobierno Acad\u00e9mico proporciona una valiosa experiencia en liderazgo, trabajo en equipo y gobierno, que son habilidades altamente transferibles aplicables en diversos entornos personales y profesionales.<\/p><p>Moldea el Futuro de la CIE: Los estudiantes tienen la oportunidad de influir en la direcci\u00f3n y las iniciativas futuras de la escuela, desempe\u00f1ando un papel en la configuraci\u00f3n de un entorno que promueva el aprendizaje, la innovaci\u00f3n y el \u00e9xito de los estudiantes.<\/p><p>En esencia, formar parte del Comit\u00e9 de Gobierno Acad\u00e9mico capacita a los estudiantes para tener un impacto significativo en su trayectoria educativa y contribuir a la excelencia acad\u00e9mica general del Irish College of English.<\/p>\t\t\t\t\t\t\t\t<\/div>\n\t\t\t\t<\/div>\n\t\t\t\t\t<\/div>\n\t\t<\/div>\n\t\t\t\t\t<\/div>\n\t\t<\/section>\n\t\t\t\t<\/div>\n\t\t","protected":false},"excerpt":{"rendered":"<p>\u00danete a nuestro Comit\u00e9 de Gobernanza Acad\u00e9mica El Comit\u00e9 de Gobierno Acad\u00e9mico del Irish College of English se re\u00fane dos veces al a\u00f1o para supervisar y mejorar las normas y pol\u00edticas acad\u00e9micas de nuestra instituci\u00f3n. Compuesto por personal docente, personal acad\u00e9mico, administradores y un representante de los estudiantes, este comit\u00e9 desempe\u00f1a un papel fundamental en [&hellip;]<\/p>\n","protected":false},"author":3,"featured_media":0,"parent":32476,"menu_order":0,"comment_status":"closed","ping_status":"closed","template":"","meta":{"content-type":"","footnotes":""},"class_list":["post-33508","page","type-page","status-publish","hentry"],"yoast_head":"<!-- This site is optimized with the Yoast SEO plugin v27.3 - https:\/\/yoast.com\/product\/yoast-seo-wordpress\/ -->\n<title>\u00danete a nuestro Comit\u00e9 de Gobernanza - Irish College of English<\/title>\n<meta name=\"robots\" content=\"noindex, follow\" \/>\n<meta property=\"og:locale\" content=\"es_ES\" \/>\n<meta property=\"og:type\" content=\"article\" \/>\n<meta property=\"og:title\" content=\"\u00danete a nuestro Comit\u00e9 de Gobernanza - Irish College of English\" \/>\n<meta property=\"og:description\" content=\"\u00danete a nuestro Comit\u00e9 de Gobernanza Acad\u00e9mica El Comit\u00e9 de Gobierno Acad\u00e9mico del Irish College of English se re\u00fane dos veces al a\u00f1o para supervisar y mejorar las normas y pol\u00edticas acad\u00e9micas de nuestra instituci\u00f3n. Compuesto por personal docente, personal acad\u00e9mico, administradores y un representante de los estudiantes, este comit\u00e9 desempe\u00f1a un papel fundamental en [&hellip;]\" \/>\n<meta property=\"og:url\" content=\"https:\/\/www.iceireland.com\/es\/useful-information-and-supports\/join-our-governance-committee\/\" \/>\n<meta property=\"og:site_name\" content=\"Irish College of English\" \/>\n<meta property=\"article:modified_time\" content=\"2026-01-30T18:28:51+00:00\" \/>\n<meta name=\"twitter:label1\" content=\"Tiempo de lectura\" \/>\n\t<meta name=\"twitter:data1\" content=\"2 minutos\" \/>\n<script type=\"application\/ld+json\" class=\"yoast-schema-graph\">{\"@context\":\"https:\\\/\\\/schema.org\",\"@graph\":[{\"@type\":\"WebPage\",\"@id\":\"https:\\\/\\\/www.iceireland.com\\\/es\\\/useful-information-and-supports\\\/join-our-governance-committee\\\/\",\"url\":\"https:\\\/\\\/www.iceireland.com\\\/es\\\/useful-information-and-supports\\\/join-our-governance-committee\\\/\",\"name\":\"\u00danete a nuestro Comit\u00e9 de Gobernanza - Irish College of English\",\"isPartOf\":{\"@id\":\"https:\\\/\\\/www.iceireland.com\\\/es\\\/#website\"},\"datePublished\":\"2023-12-13T15:53:32+00:00\",\"dateModified\":\"2026-01-30T18:28:51+00:00\",\"breadcrumb\":{\"@id\":\"https:\\\/\\\/www.iceireland.com\\\/es\\\/useful-information-and-supports\\\/join-our-governance-committee\\\/#breadcrumb\"},\"inLanguage\":\"es\",\"potentialAction\":[{\"@type\":\"ReadAction\",\"target\":[\"https:\\\/\\\/www.iceireland.com\\\/es\\\/useful-information-and-supports\\\/join-our-governance-committee\\\/\"]}]},{\"@type\":\"BreadcrumbList\",\"@id\":\"https:\\\/\\\/www.iceireland.com\\\/es\\\/useful-information-and-supports\\\/join-our-governance-committee\\\/#breadcrumb\",\"itemListElement\":[{\"@type\":\"ListItem\",\"position\":1,\"name\":\"Home\",\"item\":\"https:\\\/\\\/www.iceireland.com\\\/es\\\/\"},{\"@type\":\"ListItem\",\"position\":2,\"name\":\"Informaci\u00f3n \u00fatil y ayudas\",\"item\":\"https:\\\/\\\/www.iceireland.com\\\/es\\\/useful-information-and-supports\\\/\"},{\"@type\":\"ListItem\",\"position\":3,\"name\":\"\u00danete a nuestro Comit\u00e9 de Gobernanza\"}]},{\"@type\":\"WebSite\",\"@id\":\"https:\\\/\\\/www.iceireland.com\\\/es\\\/#website\",\"url\":\"https:\\\/\\\/www.iceireland.com\\\/es\\\/\",\"name\":\"Irish College of English\",\"description\":\"English School in Dublin, Malahide\",\"publisher\":{\"@id\":\"https:\\\/\\\/www.iceireland.com\\\/es\\\/#organization\"},\"potentialAction\":[{\"@type\":\"SearchAction\",\"target\":{\"@type\":\"EntryPoint\",\"urlTemplate\":\"https:\\\/\\\/www.iceireland.com\\\/es\\\/?s={search_term_string}\"},\"query-input\":{\"@type\":\"PropertyValueSpecification\",\"valueRequired\":true,\"valueName\":\"search_term_string\"}}],\"inLanguage\":\"es\"},{\"@type\":\"Organization\",\"@id\":\"https:\\\/\\\/www.iceireland.com\\\/es\\\/#organization\",\"name\":\"Irish College of English\",\"url\":\"https:\\\/\\\/www.iceireland.com\\\/es\\\/\",\"logo\":{\"@type\":\"ImageObject\",\"inLanguage\":\"es\",\"@id\":\"https:\\\/\\\/www.iceireland.com\\\/es\\\/#\\\/schema\\\/logo\\\/image\\\/\",\"url\":\"https:\\\/\\\/www.iceireland.com\\\/wp-content\\\/uploads\\\/2022\\\/03\\\/logo.png\",\"contentUrl\":\"https:\\\/\\\/www.iceireland.com\\\/wp-content\\\/uploads\\\/2022\\\/03\\\/logo.png\",\"width\":593,\"height\":92,\"caption\":\"Irish College of English\"},\"image\":{\"@id\":\"https:\\\/\\\/www.iceireland.com\\\/es\\\/#\\\/schema\\\/logo\\\/image\\\/\"}}]}<\/script>\n<!-- \/ Yoast SEO plugin. -->","yoast_head_json":{"title":"\u00danete a nuestro Comit\u00e9 de Gobernanza - Irish College of English","robots":{"index":"noindex","follow":"follow"},"og_locale":"es_ES","og_type":"article","og_title":"\u00danete a nuestro Comit\u00e9 de Gobernanza - Irish College of English","og_description":"\u00danete a nuestro Comit\u00e9 de Gobernanza Acad\u00e9mica El Comit\u00e9 de Gobierno Acad\u00e9mico del Irish College of English se re\u00fane dos veces al a\u00f1o para supervisar y mejorar las normas y pol\u00edticas acad\u00e9micas de nuestra instituci\u00f3n. Compuesto por personal docente, personal acad\u00e9mico, administradores y un representante de los estudiantes, este comit\u00e9 desempe\u00f1a un papel fundamental en [&hellip;]","og_url":"https:\/\/www.iceireland.com\/es\/useful-information-and-supports\/join-our-governance-committee\/","og_site_name":"Irish College of English","article_modified_time":"2026-01-30T18:28:51+00:00","twitter_misc":{"Tiempo de lectura":"2 minutos"},"schema":{"@context":"https:\/\/schema.org","@graph":[{"@type":"WebPage","@id":"https:\/\/www.iceireland.com\/es\/useful-information-and-supports\/join-our-governance-committee\/","url":"https:\/\/www.iceireland.com\/es\/useful-information-and-supports\/join-our-governance-committee\/","name":"\u00danete a nuestro Comit\u00e9 de Gobernanza - Irish College of English","isPartOf":{"@id":"https:\/\/www.iceireland.com\/es\/#website"},"datePublished":"2023-12-13T15:53:32+00:00","dateModified":"2026-01-30T18:28:51+00:00","breadcrumb":{"@id":"https:\/\/www.iceireland.com\/es\/useful-information-and-supports\/join-our-governance-committee\/#breadcrumb"},"inLanguage":"es","potentialAction":[{"@type":"ReadAction","target":["https:\/\/www.iceireland.com\/es\/useful-information-and-supports\/join-our-governance-committee\/"]}]},{"@type":"BreadcrumbList","@id":"https:\/\/www.iceireland.com\/es\/useful-information-and-supports\/join-our-governance-committee\/#breadcrumb","itemListElement":[{"@type":"ListItem","position":1,"name":"Home","item":"https:\/\/www.iceireland.com\/es\/"},{"@type":"ListItem","position":2,"name":"Informaci\u00f3n \u00fatil y ayudas","item":"https:\/\/www.iceireland.com\/es\/useful-information-and-supports\/"},{"@type":"ListItem","position":3,"name":"\u00danete a nuestro Comit\u00e9 de Gobernanza"}]},{"@type":"WebSite","@id":"https:\/\/www.iceireland.com\/es\/#website","url":"https:\/\/www.iceireland.com\/es\/","name":"Irish College of English","description":"English School in Dublin, Malahide","publisher":{"@id":"https:\/\/www.iceireland.com\/es\/#organization"},"potentialAction":[{"@type":"SearchAction","target":{"@type":"EntryPoint","urlTemplate":"https:\/\/www.iceireland.com\/es\/?s={search_term_string}"},"query-input":{"@type":"PropertyValueSpecification","valueRequired":true,"valueName":"search_term_string"}}],"inLanguage":"es"},{"@type":"Organization","@id":"https:\/\/www.iceireland.com\/es\/#organization","name":"Irish College of English","url":"https:\/\/www.iceireland.com\/es\/","logo":{"@type":"ImageObject","inLanguage":"es","@id":"https:\/\/www.iceireland.com\/es\/#\/schema\/logo\/image\/","url":"https:\/\/www.iceireland.com\/wp-content\/uploads\/2022\/03\/logo.png","contentUrl":"https:\/\/www.iceireland.com\/wp-content\/uploads\/2022\/03\/logo.png","width":593,"height":92,"caption":"Irish College of English"},"image":{"@id":"https:\/\/www.iceireland.com\/es\/#\/schema\/logo\/image\/"}}]}},"_links":{"self":[{"href":"https:\/\/www.iceireland.com\/es\/wp-json\/wp\/v2\/pages\/33508","targetHints":{"allow":["GET"]}}],"collection":[{"href":"https:\/\/www.iceireland.com\/es\/wp-json\/wp\/v2\/pages"}],"about":[{"href":"https:\/\/www.iceireland.com\/es\/wp-json\/wp\/v2\/types\/page"}],"author":[{"embeddable":true,"href":"https:\/\/www.iceireland.com\/es\/wp-json\/wp\/v2\/users\/3"}],"replies":[{"embeddable":true,"href":"https:\/\/www.iceireland.com\/es\/wp-json\/wp\/v2\/comments?post=33508"}],"version-history":[{"count":1,"href":"https:\/\/www.iceireland.com\/es\/wp-json\/wp\/v2\/pages\/33508\/revisions"}],"predecessor-version":[{"id":33510,"href":"https:\/\/www.iceireland.com\/es\/wp-json\/wp\/v2\/pages\/33508\/revisions\/33510"}],"up":[{"embeddable":true,"href":"https:\/\/www.iceireland.com\/es\/wp-json\/wp\/v2\/pages\/32476"}],"wp:attachment":[{"href":"https:\/\/www.iceireland.com\/es\/wp-json\/wp\/v2\/media?parent=33508"}],"curies":[{"name":"wp","href":"https:\/\/api.w.org\/{rel}","templated":true}]}}