{"id":31889,"date":"2014-10-20T08:44:14","date_gmt":"2014-10-20T08:44:14","guid":{"rendered":"https:\/\/www.iceireland.com\/homestay-ireland\/"},"modified":"2014-10-20T08:44:14","modified_gmt":"2014-10-20T08:44:14","slug":"homestay-ireland","status":"publish","type":"page","link":"https:\/\/www.iceireland.com\/fr\/homestay-ireland\/","title":{"rendered":"Home Stay Ireland et h\u00e9bergement r\u00e9sidentiel"},"content":{"rendered":"<h2>H\u00e9bergement en famille d&rsquo;accueil<\/h2>\n<blockquote>\n<h4><span style=\"color: #808080;\">Des familles d&rsquo;accueil de qualit\u00e9, amicales et accueillantes, toutes situ\u00e9es \u00e0 <strong>distance de marche ou \u00e0 un tr\u00e8s court trajet en bus de<\/strong> notre \u00e9cole.<br \/>\n<\/span><\/h4>\n<h4><span style=\"color: #808080;\">Nous garantissons une seule nationalit\u00e9 par famille d&rsquo;accueil. La plupart des familles d&rsquo;accueil accueillent 2 ou 3 \u00e9tudiants.<br \/>\n<\/span><\/h4>\n<h4><span style=\"color: #808080;\">H\u00e9bergement des \u00e9tudiants adultes et juniors dans des familles d&rsquo;accueil tout au long de l&rsquo;ann\u00e9e<br \/>\n<\/span><\/h4>\n<h4><span style=\"color: #808080;\">Un coordinateur des familles d&rsquo;accueil est en place toute l&rsquo;ann\u00e9e pour garantir la qualit\u00e9 et la charte des familles d&rsquo;accueil.<\/span><\/h4>\n<\/blockquote>\n<p>&nbsp;<\/p>\n<p><strong>S\u00e9jours de qualit\u00e9 en famille d&rsquo;accueil avec l&rsquo;Irish College of English<\/strong>. Familles d&rsquo;accueil irlandaises sympathiques et accueillantes avec des chambres confortables \u00e0 quelques pas de nos \u00e9coles d&rsquo;anglais. <\/p>\n<p>L&rsquo;<strong>h\u00e9bergement en famille d&rsquo;accueil <\/strong>est organis\u00e9 pour les \u00e9tudiants qui souhaitent vivre dans une famille irlandaise pour un<strong> s\u00e9jour v\u00e9ritablement linguistique en Irlande<\/strong>. Les Irlandais ont une tradition d&rsquo;hospitalit\u00e9 et de chaleur. Cette tradition est reconnue dans le monde entier et a \u00e9t\u00e9 un facteur important pour attirer des milliers d&rsquo;\u00e9tudiants \u00e0 \u00e9tudier l&rsquo;anglais en Irlande.  <\/p>\n<p>La <strong>qualit\u00e9 de l&rsquo;h\u00e9bergement<\/strong> est une priorit\u00e9 pour l&rsquo;Irish College of English. Nous sommes tr\u00e8s bien situ\u00e9s<span style=\"color: #000000;\"> et Malahide est l&rsquo;un<\/span> des quartiers les plus prestigieux de Dublin, ce qui fait de nous un choix id\u00e9al pour l&rsquo;h\u00e9bergement en famille d&rsquo;accueil. Nous n&rsquo;utilisons que des familles d&rsquo;accueil situ\u00e9es \u00e0 distance de marche de nos \u00e9coles et, comme nous fonctionnons toute l&rsquo;ann\u00e9e, nous <strong>\u00e9tablissons de solides relations avec la communaut\u00e9<\/strong> et avec toutes nos familles d&rsquo;accueil.  <\/p>\n<p>Un membre du personnel se consacre \u00e0 plein temps aux visites et \u00e0 l&rsquo;assurance de la qualit\u00e9 de nos s\u00e9jours en famille d&rsquo;accueil. <strong>Le bien-\u00eatre des \u00e9tudiants est notre principale pr\u00e9occupation<\/strong> et nous choisissons nos familles avec le plus grand soin pour leur assurer un maximum de confort. En outre, nous avons mis en place une charte des s\u00e9jours en famille d&rsquo;accueil qui d\u00e9finit clairement les normes et nos politiques concernant tous les s\u00e9jours en famille d&rsquo;accueil. Les \u00e9tudiants peuvent \u00eatre plac\u00e9s avec d&rsquo;autres \u00e9tudiants internationaux, ce qui leur permet de nouer de nouvelles amiti\u00e9s avec des jeunes du monde entier. Nous pouvons garantir aux \u00e9tudiants un excellent s\u00e9jour en famille d&rsquo;accueil et les commentaires de nos \u00e9tudiants en t\u00e9moignent.   <\/p>\n<p>La <strong>pension compl\u00e8te <\/strong>comprend le <strong>petit-d\u00e9jeuner, le panier-repas et le repas du soir<\/strong>, l&rsquo;accent \u00e9tant mis sur un r\u00e9gime alimentaire nutritif. Les \u00e9tudiants deviennent membres de la famille pour la dur\u00e9e de leur s\u00e9jour et s&rsquo;int\u00e8grent \u00e0 la vie familiale normale, en socialisant et en mangeant avec la famille. <\/p>\n<p>&nbsp;<\/p>\n<h3><span style=\"color: #808080;\"><strong><span style=\"color: #000000;\">Un foyer \u00e0 part enti\u00e8re<\/span><\/strong><\/span><\/h3>\n<h4><strong>Une journ\u00e9e typique dans la famille d&rsquo;accueil d&rsquo;un \u00e9tudiant<\/strong><\/h4>\n<ul>\n<li><strong><span style=\"color: #808080;\">Les \u00e9tudiants sont r\u00e9veill\u00e9s par leur m\u00e8re d&rsquo;accueil, prennent une douche et un petit d\u00e9jeuner.<\/span><\/strong><\/li>\n<li><strong><span style=\"color: #808080;\">Les \u00e9l\u00e8ves re\u00e7oivent un panier-repas pour la journ\u00e9e.<\/span><\/strong><\/li>\n<li><strong><span style=\"color: #808080;\">Les \u00e9l\u00e8ves se rendent \u00e0 pied \u00e0 l&rsquo;\u00e9cole et rentrent chez eux vers 18 heures, apr\u00e8s leur programme de cours et d&rsquo;activit\u00e9s.<\/span><\/strong><\/li>\n<li><strong><span style=\"color: #808080;\">De retour chez eux, les \u00e9tudiants d\u00eenent avec leur famille d&rsquo;accueil et discutent de ce qui s&rsquo;est pass\u00e9 ce jour-l\u00e0.<\/span><\/strong><\/li>\n<li><strong><span style=\"color: #808080;\">Les \u00e9tudiants peuvent passer la soir\u00e9e \u00e0 se d\u00e9tendre et \u00e0 discuter avec la famille ou \u00e0 rencontrer des amis dans la localit\u00e9.<\/span><\/strong><\/li>\n<li><strong><span style=\"color: #808080;\">Les juniors ont un couvre-feu strict de 21h30 qui s&rsquo;applique \u00e0 l&rsquo;heure \u00e0 laquelle tous les \u00e9l\u00e8ves doivent \u00eatre rentr\u00e9s chez eux.<br \/>\n<\/span><\/strong><\/li>\n<li><strong><span style=\"color: #808080;\">Les jeunes et les familles ont acc\u00e8s 24 heures sur 24 \u00e0 un num\u00e9ro de t\u00e9l\u00e9phone d&rsquo;urgence et un membre de notre \u00e9quipe est toujours pr\u00eat \u00e0 les aider.<\/span><\/strong><\/li>\n<\/ul>\n<p>&nbsp;<\/p>\n<p><a href=\"http:\/\/bit.ly\/30uWaD3\"><img fetchpriority=\"high\" decoding=\"async\" class=\"alignleft wp-image-5111\" style=\"margin-right: 25px;\" src=\"https:\/\/www.iceireland.com\/wp-content\/uploads\/2019\/09\/3-2-182x300.jpg\" alt=\"\" width=\"212\" height=\"350\" srcset=\"https:\/\/www.iceireland.com\/wp-content\/uploads\/2019\/09\/3-2-182x300.jpg 182w, https:\/\/www.iceireland.com\/wp-content\/uploads\/2019\/09\/3-2.jpg 424w\" sizes=\"(max-width: 212px) 100vw, 212px\" \/><\/a> <a href=\"http:\/\/bit.ly\/2kwaCet\"><img decoding=\"async\" class=\"alignleft wp-image-5110\" style=\"margin-right: 25px;\" src=\"https:\/\/www.iceireland.com\/wp-content\/uploads\/2019\/09\/junior-summer-camp-in-dublin-150x150.jpg\" alt=\"\" width=\"212\" height=\"350\"><\/a> <a href=\"http:\/\/bit.ly\/2P6BBvt\"><img decoding=\"async\" class=\"alignleft wp-image-5109\" style=\"margin-right: 25px;\" src=\"https:\/\/www.iceireland.com\/wp-content\/uploads\/2019\/09\/1-1-182x300.jpg\" alt=\"\" width=\"212\" height=\"350\" srcset=\"https:\/\/www.iceireland.com\/wp-content\/uploads\/2019\/09\/1-1-182x300.jpg 182w, https:\/\/www.iceireland.com\/wp-content\/uploads\/2019\/09\/1-1.jpg 424w\" sizes=\"(max-width: 212px) 100vw, 212px\" \/><\/a> <a href=\"https:\/\/www.iceireland.com\/wp-content\/uploads\/2019\/08\/English-Courses-and-Fees-2021.pdf\"><img loading=\"lazy\" decoding=\"async\" class=\"alignleft wp-image-5112\" style=\"margin-right: 25px;\" src=\"https:\/\/www.iceireland.com\/wp-content\/uploads\/2019\/09\/english-courses-dublin-182x300.jpg\" alt=\"\" width=\"212\" height=\"350\" srcset=\"https:\/\/www.iceireland.com\/wp-content\/uploads\/2019\/09\/english-courses-dublin-182x300.jpg 182w, https:\/\/www.iceireland.com\/wp-content\/uploads\/2019\/09\/english-courses-dublin.jpg 424w\" sizes=\"(max-width: 212px) 100vw, 212px\" \/><\/a> <a href=\"mailto:info@iceireland.com\"><img loading=\"lazy\" decoding=\"async\" class=\"alignleft wp-image-4832\" src=\"https:\/\/www.iceireland.com\/wp-content\/uploads\/2019\/08\/BOOK-NOW-e1567611851930.jpg\" alt=\"\" width=\"212\" height=\"300\"><\/a><\/p>\n<p>&nbsp;<\/p>\n<p>&nbsp;<\/p>\n<p>&nbsp;<\/p>\n<p>&nbsp;<\/p>\n<p>&nbsp;<\/p>\n","protected":false},"excerpt":{"rendered":"<p>H\u00e9bergement en famille d&rsquo;accueil Des familles d&rsquo;accueil de qualit\u00e9, amicales et accueillantes, toutes situ\u00e9es \u00e0 distance de marche ou \u00e0 un tr\u00e8s court trajet en bus de notre \u00e9cole. Nous garantissons une seule nationalit\u00e9 par famille d&rsquo;accueil. La plupart des familles d&rsquo;accueil accueillent 2 ou 3 \u00e9tudiants. H\u00e9bergement des \u00e9tudiants adultes et juniors dans des [&hellip;]<\/p>\n","protected":false},"author":1,"featured_media":0,"parent":0,"menu_order":0,"comment_status":"open","ping_status":"closed","template":"","meta":{"content-type":"","footnotes":""},"class_list":["post-31889","page","type-page","status-publish","hentry"],"yoast_head":"<!-- This site is optimized with the Yoast SEO plugin v27.3 - https:\/\/yoast.com\/product\/yoast-seo-wordpress\/ -->\n<title>Homestay Ireland - Cours d&#039;anglais avec h\u00e9bergement<\/title>\n<meta name=\"description\" content=\"Suivez un cours d&#039;anglais \u00e0 l&#039;Irish College of English et faites l&#039;exp\u00e9rience d&#039;un h\u00e9bergement en famille d&#039;accueil irlandaise amicale et accueillante, le tout \u00e0 distance de marche ou \u00e0 un tr\u00e8s court trajet en bus.\" \/>\n<meta name=\"robots\" content=\"index, follow, max-snippet:-1, max-image-preview:large, max-video-preview:-1\" \/>\n<link rel=\"canonical\" href=\"https:\/\/www.iceireland.com\/fr\/homestay-ireland\/\" \/>\n<meta property=\"og:locale\" content=\"fr_FR\" \/>\n<meta property=\"og:type\" content=\"article\" \/>\n<meta property=\"og:title\" content=\"Homestay Ireland - Cours d&#039;anglais avec h\u00e9bergement\" \/>\n<meta property=\"og:description\" content=\"Suivez un cours d&#039;anglais \u00e0 l&#039;Irish College of English et faites l&#039;exp\u00e9rience d&#039;un h\u00e9bergement en famille d&#039;accueil irlandaise amicale et accueillante, le tout \u00e0 distance de marche ou \u00e0 un tr\u00e8s court trajet en bus.\" \/>\n<meta property=\"og:url\" content=\"https:\/\/www.iceireland.com\/fr\/homestay-ireland\/\" \/>\n<meta property=\"og:site_name\" content=\"Irish College of English\" \/>\n<meta property=\"og:image\" content=\"https:\/\/www.iceireland.com\/wp-content\/uploads\/2019\/09\/3-2.jpg\" \/>\n\t<meta property=\"og:image:width\" content=\"424\" \/>\n\t<meta property=\"og:image:height\" content=\"700\" \/>\n\t<meta property=\"og:image:type\" content=\"image\/jpeg\" \/>\n<meta name=\"twitter:label1\" content=\"Dur\u00e9e de lecture estim\u00e9e\" \/>\n\t<meta name=\"twitter:data1\" content=\"3 minutes\" \/>\n<script type=\"application\/ld+json\" class=\"yoast-schema-graph\">{\"@context\":\"https:\\\/\\\/schema.org\",\"@graph\":[{\"@type\":\"WebPage\",\"@id\":\"https:\\\/\\\/www.iceireland.com\\\/fr\\\/homestay-ireland\\\/\",\"url\":\"https:\\\/\\\/www.iceireland.com\\\/fr\\\/homestay-ireland\\\/\",\"name\":\"Homestay Ireland - Cours d'anglais avec h\u00e9bergement\",\"isPartOf\":{\"@id\":\"https:\\\/\\\/www.iceireland.com\\\/fr\\\/#website\"},\"primaryImageOfPage\":{\"@id\":\"https:\\\/\\\/www.iceireland.com\\\/fr\\\/homestay-ireland\\\/#primaryimage\"},\"image\":{\"@id\":\"https:\\\/\\\/www.iceireland.com\\\/fr\\\/homestay-ireland\\\/#primaryimage\"},\"thumbnailUrl\":\"https:\\\/\\\/www.iceireland.com\\\/wp-content\\\/uploads\\\/2019\\\/09\\\/3-2-182x300.jpg\",\"datePublished\":\"2014-10-20T08:44:14+00:00\",\"description\":\"Suivez un cours d'anglais \u00e0 l'Irish College of English et faites l'exp\u00e9rience d'un h\u00e9bergement en famille d'accueil irlandaise amicale et accueillante, le tout \u00e0 distance de marche ou \u00e0 un tr\u00e8s court trajet en bus.\",\"breadcrumb\":{\"@id\":\"https:\\\/\\\/www.iceireland.com\\\/fr\\\/homestay-ireland\\\/#breadcrumb\"},\"inLanguage\":\"fr-FR\",\"potentialAction\":[{\"@type\":\"ReadAction\",\"target\":[\"https:\\\/\\\/www.iceireland.com\\\/fr\\\/homestay-ireland\\\/\"]}]},{\"@type\":\"ImageObject\",\"inLanguage\":\"fr-FR\",\"@id\":\"https:\\\/\\\/www.iceireland.com\\\/fr\\\/homestay-ireland\\\/#primaryimage\",\"url\":\"https:\\\/\\\/www.iceireland.com\\\/wp-content\\\/uploads\\\/2019\\\/09\\\/3-2-182x300.jpg\",\"contentUrl\":\"https:\\\/\\\/www.iceireland.com\\\/wp-content\\\/uploads\\\/2019\\\/09\\\/3-2-182x300.jpg\"},{\"@type\":\"BreadcrumbList\",\"@id\":\"https:\\\/\\\/www.iceireland.com\\\/fr\\\/homestay-ireland\\\/#breadcrumb\",\"itemListElement\":[{\"@type\":\"ListItem\",\"position\":1,\"name\":\"Home\",\"item\":\"https:\\\/\\\/www.iceireland.com\\\/fr\\\/\"},{\"@type\":\"ListItem\",\"position\":2,\"name\":\"Home Stay Ireland et h\u00e9bergement r\u00e9sidentiel\"}]},{\"@type\":\"WebSite\",\"@id\":\"https:\\\/\\\/www.iceireland.com\\\/fr\\\/#website\",\"url\":\"https:\\\/\\\/www.iceireland.com\\\/fr\\\/\",\"name\":\"Irish College of English\",\"description\":\"English School in Dublin, Malahide\",\"publisher\":{\"@id\":\"https:\\\/\\\/www.iceireland.com\\\/fr\\\/#organization\"},\"potentialAction\":[{\"@type\":\"SearchAction\",\"target\":{\"@type\":\"EntryPoint\",\"urlTemplate\":\"https:\\\/\\\/www.iceireland.com\\\/fr\\\/?s={search_term_string}\"},\"query-input\":{\"@type\":\"PropertyValueSpecification\",\"valueRequired\":true,\"valueName\":\"search_term_string\"}}],\"inLanguage\":\"fr-FR\"},{\"@type\":\"Organization\",\"@id\":\"https:\\\/\\\/www.iceireland.com\\\/fr\\\/#organization\",\"name\":\"Irish College of English\",\"url\":\"https:\\\/\\\/www.iceireland.com\\\/fr\\\/\",\"logo\":{\"@type\":\"ImageObject\",\"inLanguage\":\"fr-FR\",\"@id\":\"https:\\\/\\\/www.iceireland.com\\\/fr\\\/#\\\/schema\\\/logo\\\/image\\\/\",\"url\":\"https:\\\/\\\/www.iceireland.com\\\/wp-content\\\/uploads\\\/2022\\\/03\\\/logo.png\",\"contentUrl\":\"https:\\\/\\\/www.iceireland.com\\\/wp-content\\\/uploads\\\/2022\\\/03\\\/logo.png\",\"width\":593,\"height\":92,\"caption\":\"Irish College of English\"},\"image\":{\"@id\":\"https:\\\/\\\/www.iceireland.com\\\/fr\\\/#\\\/schema\\\/logo\\\/image\\\/\"}}]}<\/script>\n<!-- \/ Yoast SEO plugin. -->","yoast_head_json":{"title":"Homestay Ireland - Cours d'anglais avec h\u00e9bergement","description":"Suivez un cours d'anglais \u00e0 l'Irish College of English et faites l'exp\u00e9rience d'un h\u00e9bergement en famille d'accueil irlandaise amicale et accueillante, le tout \u00e0 distance de marche ou \u00e0 un tr\u00e8s court trajet en bus.","robots":{"index":"index","follow":"follow","max-snippet":"max-snippet:-1","max-image-preview":"max-image-preview:large","max-video-preview":"max-video-preview:-1"},"canonical":"https:\/\/www.iceireland.com\/fr\/homestay-ireland\/","og_locale":"fr_FR","og_type":"article","og_title":"Homestay Ireland - Cours d'anglais avec h\u00e9bergement","og_description":"Suivez un cours d'anglais \u00e0 l'Irish College of English et faites l'exp\u00e9rience d'un h\u00e9bergement en famille d'accueil irlandaise amicale et accueillante, le tout \u00e0 distance de marche ou \u00e0 un tr\u00e8s court trajet en bus.","og_url":"https:\/\/www.iceireland.com\/fr\/homestay-ireland\/","og_site_name":"Irish College of English","og_image":[{"width":424,"height":700,"url":"https:\/\/www.iceireland.com\/wp-content\/uploads\/2019\/09\/3-2.jpg","type":"image\/jpeg"}],"twitter_misc":{"Dur\u00e9e de lecture estim\u00e9e":"3 minutes"},"schema":{"@context":"https:\/\/schema.org","@graph":[{"@type":"WebPage","@id":"https:\/\/www.iceireland.com\/fr\/homestay-ireland\/","url":"https:\/\/www.iceireland.com\/fr\/homestay-ireland\/","name":"Homestay Ireland - Cours d'anglais avec h\u00e9bergement","isPartOf":{"@id":"https:\/\/www.iceireland.com\/fr\/#website"},"primaryImageOfPage":{"@id":"https:\/\/www.iceireland.com\/fr\/homestay-ireland\/#primaryimage"},"image":{"@id":"https:\/\/www.iceireland.com\/fr\/homestay-ireland\/#primaryimage"},"thumbnailUrl":"https:\/\/www.iceireland.com\/wp-content\/uploads\/2019\/09\/3-2-182x300.jpg","datePublished":"2014-10-20T08:44:14+00:00","description":"Suivez un cours d'anglais \u00e0 l'Irish College of English et faites l'exp\u00e9rience d'un h\u00e9bergement en famille d'accueil irlandaise amicale et accueillante, le tout \u00e0 distance de marche ou \u00e0 un tr\u00e8s court trajet en bus.","breadcrumb":{"@id":"https:\/\/www.iceireland.com\/fr\/homestay-ireland\/#breadcrumb"},"inLanguage":"fr-FR","potentialAction":[{"@type":"ReadAction","target":["https:\/\/www.iceireland.com\/fr\/homestay-ireland\/"]}]},{"@type":"ImageObject","inLanguage":"fr-FR","@id":"https:\/\/www.iceireland.com\/fr\/homestay-ireland\/#primaryimage","url":"https:\/\/www.iceireland.com\/wp-content\/uploads\/2019\/09\/3-2-182x300.jpg","contentUrl":"https:\/\/www.iceireland.com\/wp-content\/uploads\/2019\/09\/3-2-182x300.jpg"},{"@type":"BreadcrumbList","@id":"https:\/\/www.iceireland.com\/fr\/homestay-ireland\/#breadcrumb","itemListElement":[{"@type":"ListItem","position":1,"name":"Home","item":"https:\/\/www.iceireland.com\/fr\/"},{"@type":"ListItem","position":2,"name":"Home Stay Ireland et h\u00e9bergement r\u00e9sidentiel"}]},{"@type":"WebSite","@id":"https:\/\/www.iceireland.com\/fr\/#website","url":"https:\/\/www.iceireland.com\/fr\/","name":"Irish College of English","description":"English School in Dublin, Malahide","publisher":{"@id":"https:\/\/www.iceireland.com\/fr\/#organization"},"potentialAction":[{"@type":"SearchAction","target":{"@type":"EntryPoint","urlTemplate":"https:\/\/www.iceireland.com\/fr\/?s={search_term_string}"},"query-input":{"@type":"PropertyValueSpecification","valueRequired":true,"valueName":"search_term_string"}}],"inLanguage":"fr-FR"},{"@type":"Organization","@id":"https:\/\/www.iceireland.com\/fr\/#organization","name":"Irish College of English","url":"https:\/\/www.iceireland.com\/fr\/","logo":{"@type":"ImageObject","inLanguage":"fr-FR","@id":"https:\/\/www.iceireland.com\/fr\/#\/schema\/logo\/image\/","url":"https:\/\/www.iceireland.com\/wp-content\/uploads\/2022\/03\/logo.png","contentUrl":"https:\/\/www.iceireland.com\/wp-content\/uploads\/2022\/03\/logo.png","width":593,"height":92,"caption":"Irish College of English"},"image":{"@id":"https:\/\/www.iceireland.com\/fr\/#\/schema\/logo\/image\/"}}]}},"_links":{"self":[{"href":"https:\/\/www.iceireland.com\/fr\/wp-json\/wp\/v2\/pages\/31889","targetHints":{"allow":["GET"]}}],"collection":[{"href":"https:\/\/www.iceireland.com\/fr\/wp-json\/wp\/v2\/pages"}],"about":[{"href":"https:\/\/www.iceireland.com\/fr\/wp-json\/wp\/v2\/types\/page"}],"author":[{"embeddable":true,"href":"https:\/\/www.iceireland.com\/fr\/wp-json\/wp\/v2\/users\/1"}],"replies":[{"embeddable":true,"href":"https:\/\/www.iceireland.com\/fr\/wp-json\/wp\/v2\/comments?post=31889"}],"version-history":[{"count":0,"href":"https:\/\/www.iceireland.com\/fr\/wp-json\/wp\/v2\/pages\/31889\/revisions"}],"wp:attachment":[{"href":"https:\/\/www.iceireland.com\/fr\/wp-json\/wp\/v2\/media?parent=31889"}],"curies":[{"name":"wp","href":"https:\/\/api.w.org\/{rel}","templated":true}]}}