{"id":31929,"date":"2014-10-20T13:40:15","date_gmt":"2014-10-20T13:40:15","guid":{"rendered":"https:\/\/www.iceireland.com\/useful-info\/cultural-and-social-programmes\/"},"modified":"2014-10-20T13:40:15","modified_gmt":"2014-10-20T13:40:15","slug":"cultural-and-social-programmes","status":"publish","type":"page","link":"https:\/\/www.iceireland.com\/fr\/useful-info\/cultural-and-social-programmes\/","title":{"rendered":"Activit\u00e9s et \u00e9v\u00e9nements pour adultes, programmes culturels et sociaux"},"content":{"rendered":"<h3>Programmes culturels et sociaux<\/h3>\n<p>\u00c0 l&rsquo;Irish College of English, nous encourageons les \u00e9tudiants \u00e0 avoir une vie sociale active, \u00e0 se m\u00e9langer avec des \u00e9tudiants de toutes nationalit\u00e9s et des Irlandais, et \u00e0 avoir l&rsquo;occasion de visiter certains des sites culturels, historiques et naturels les plus c\u00e9l\u00e8bres d&rsquo;Irlande.<\/p>\n<p>\u00c0 l&rsquo;\u00e9cole, nous organisons des cours de conversation gratuits, des visites de la ville un jour par semaine, des soir\u00e9es dans des pubs ou des f\u00eates \u00e0 l&rsquo;int\u00e9rieur de l&rsquo;\u00e9cole.<\/p>\n<p>Les visites et excursions que nous organisons r\u00e9guli\u00e8rement et auxquelles les \u00e9tudiants peuvent participer sont gratuites ou les \u00e9tudiants ne paient que les droits d&rsquo;entr\u00e9e. Il s&rsquo;agit notamment de l&rsquo;orientation vers le centre-ville de Dublin, de visites d&rsquo;attractions touristiques telles que le Trinity College, le Guinness Storehouse, de voyages en autocar le samedi en dehors de Dublin, etc. <\/p>\n<p>Nous disposons \u00e9galement d&rsquo;un tableau d&rsquo;affichage r\u00e9pertoriant les \u00e9v\u00e9nements int\u00e9ressants qui se d\u00e9roulent dans tout le pays, des id\u00e9es de voyages pour le week-end, etc.<\/p>\n<p>Notre personnel est toujours heureux d&rsquo;aider les \u00e9tudiants \u00e0 organiser des visites, etc. Suivez-nous sur les m\u00e9dias sociaux pour conna\u00eetre les derni\u00e8res nouvelles et activit\u00e9s sociales. <\/p>\n<h3>Programme social pour adultes<\/h3>\n<p>\u00c0 l&rsquo;Irish College of English, les \u00e9tudiants jouissent d&rsquo;une vie sociale anim\u00e9e. Avec trois pubs \u00e0 deux minutes \u00e0 pied de l&rsquo;\u00e9cole, ce n&rsquo;est pas difficile ! Le centre ville de Dublin n&rsquo;est qu&rsquo;\u00e0 20 minutes en train, il est donc facile de profiter des grandes soir\u00e9es de la grande ville.  <\/p>\n<p>L&rsquo;\u00e9cole jouit d&rsquo;une atmosph\u00e8re conviviale et il est toujours facile de se faire de nouveaux amis. Bien que nous n&rsquo;ayons pas de programme social organis\u00e9, l&rsquo;\u00e9cole dispose d&rsquo;un tableau d&rsquo;affichage des voyages et des activit\u00e9s sociales qui propose des \u00e9v\u00e9nements et des id\u00e9es. <\/p>\n<p>Pendant les mois d&rsquo;\u00e9t\u00e9, nous proposons des excursions hebdomadaires le samedi aux \u00e9tudiants adultes. Les excursions incluent Kilkenny, Glendalough et Belfast. <\/p>\n","protected":false},"excerpt":{"rendered":"<p>Programmes culturels et sociaux \u00c0 l&rsquo;Irish College of English, nous encourageons les \u00e9tudiants \u00e0 avoir une vie sociale active, \u00e0 se m\u00e9langer avec des \u00e9tudiants de toutes nationalit\u00e9s et des Irlandais, et \u00e0 avoir l&rsquo;occasion de visiter certains des sites culturels, historiques et naturels les plus c\u00e9l\u00e8bres d&rsquo;Irlande. \u00c0 l&rsquo;\u00e9cole, nous organisons des cours de [&hellip;]<\/p>\n","protected":false},"author":1,"featured_media":0,"parent":31916,"menu_order":0,"comment_status":"open","ping_status":"open","template":"","meta":{"content-type":"","footnotes":""},"class_list":["post-31929","page","type-page","status-publish","hentry"],"yoast_head":"<!-- This site is optimized with the Yoast SEO plugin v27.3 - https:\/\/yoast.com\/product\/yoast-seo-wordpress\/ -->\n<title>Activit\u00e9s et \u00e9v\u00e9nements pour adultes, programmes culturels et sociaux - Irish College of English<\/title>\n<meta name=\"description\" content=\"\u00c0 l&#039;Irish College of English, nous encourageons les \u00e9tudiants \u00e0 avoir une vie sociale active, \u00e0 se m\u00e9langer avec des \u00e9tudiants de toutes nationalit\u00e9s et des Irlandais, et \u00e0 avoir l&#039;occasion de d\u00e9couvrir une partie de l&#039;Irlande.\" \/>\n<meta name=\"robots\" content=\"index, follow, max-snippet:-1, max-image-preview:large, max-video-preview:-1\" \/>\n<link rel=\"canonical\" href=\"https:\/\/www.iceireland.com\/fr\/useful-info\/cultural-and-social-programmes\/\" \/>\n<meta property=\"og:locale\" content=\"fr_FR\" \/>\n<meta property=\"og:type\" content=\"article\" \/>\n<meta property=\"og:title\" content=\"Activit\u00e9s et \u00e9v\u00e9nements pour adultes, programmes culturels et sociaux - Irish College of English\" \/>\n<meta property=\"og:description\" content=\"\u00c0 l&#039;Irish College of English, nous encourageons les \u00e9tudiants \u00e0 avoir une vie sociale active, \u00e0 se m\u00e9langer avec des \u00e9tudiants de toutes nationalit\u00e9s et des Irlandais, et \u00e0 avoir l&#039;occasion de d\u00e9couvrir une partie de l&#039;Irlande.\" \/>\n<meta property=\"og:url\" content=\"https:\/\/www.iceireland.com\/fr\/useful-info\/cultural-and-social-programmes\/\" \/>\n<meta property=\"og:site_name\" content=\"Irish College of English\" \/>\n<meta name=\"twitter:label1\" content=\"Dur\u00e9e de lecture estim\u00e9e\" \/>\n\t<meta name=\"twitter:data1\" content=\"2 minutes\" \/>\n<script type=\"application\/ld+json\" class=\"yoast-schema-graph\">{\"@context\":\"https:\\\/\\\/schema.org\",\"@graph\":[{\"@type\":\"WebPage\",\"@id\":\"https:\\\/\\\/www.iceireland.com\\\/fr\\\/useful-info\\\/cultural-and-social-programmes\\\/\",\"url\":\"https:\\\/\\\/www.iceireland.com\\\/fr\\\/useful-info\\\/cultural-and-social-programmes\\\/\",\"name\":\"Activit\u00e9s et \u00e9v\u00e9nements pour adultes, programmes culturels et sociaux - Irish College of English\",\"isPartOf\":{\"@id\":\"https:\\\/\\\/www.iceireland.com\\\/fr\\\/#website\"},\"datePublished\":\"2014-10-20T13:40:15+00:00\",\"description\":\"\u00c0 l'Irish College of English, nous encourageons les \u00e9tudiants \u00e0 avoir une vie sociale active, \u00e0 se m\u00e9langer avec des \u00e9tudiants de toutes nationalit\u00e9s et des Irlandais, et \u00e0 avoir l'occasion de d\u00e9couvrir une partie de l'Irlande.\",\"breadcrumb\":{\"@id\":\"https:\\\/\\\/www.iceireland.com\\\/fr\\\/useful-info\\\/cultural-and-social-programmes\\\/#breadcrumb\"},\"inLanguage\":\"fr-FR\",\"potentialAction\":[{\"@type\":\"ReadAction\",\"target\":[\"https:\\\/\\\/www.iceireland.com\\\/fr\\\/useful-info\\\/cultural-and-social-programmes\\\/\"]}]},{\"@type\":\"BreadcrumbList\",\"@id\":\"https:\\\/\\\/www.iceireland.com\\\/fr\\\/useful-info\\\/cultural-and-social-programmes\\\/#breadcrumb\",\"itemListElement\":[{\"@type\":\"ListItem\",\"position\":1,\"name\":\"Home\",\"item\":\"https:\\\/\\\/www.iceireland.com\\\/fr\\\/\"},{\"@type\":\"ListItem\",\"position\":2,\"name\":\"Informations utiles\",\"item\":\"https:\\\/\\\/www.iceireland.com\\\/fr\\\/useful-info\\\/\"},{\"@type\":\"ListItem\",\"position\":3,\"name\":\"Activit\u00e9s et \u00e9v\u00e9nements pour adultes, programmes culturels et sociaux\"}]},{\"@type\":\"WebSite\",\"@id\":\"https:\\\/\\\/www.iceireland.com\\\/fr\\\/#website\",\"url\":\"https:\\\/\\\/www.iceireland.com\\\/fr\\\/\",\"name\":\"Irish College of English\",\"description\":\"English School in Dublin, Malahide\",\"publisher\":{\"@id\":\"https:\\\/\\\/www.iceireland.com\\\/fr\\\/#organization\"},\"potentialAction\":[{\"@type\":\"SearchAction\",\"target\":{\"@type\":\"EntryPoint\",\"urlTemplate\":\"https:\\\/\\\/www.iceireland.com\\\/fr\\\/?s={search_term_string}\"},\"query-input\":{\"@type\":\"PropertyValueSpecification\",\"valueRequired\":true,\"valueName\":\"search_term_string\"}}],\"inLanguage\":\"fr-FR\"},{\"@type\":\"Organization\",\"@id\":\"https:\\\/\\\/www.iceireland.com\\\/fr\\\/#organization\",\"name\":\"Irish College of English\",\"url\":\"https:\\\/\\\/www.iceireland.com\\\/fr\\\/\",\"logo\":{\"@type\":\"ImageObject\",\"inLanguage\":\"fr-FR\",\"@id\":\"https:\\\/\\\/www.iceireland.com\\\/fr\\\/#\\\/schema\\\/logo\\\/image\\\/\",\"url\":\"https:\\\/\\\/www.iceireland.com\\\/wp-content\\\/uploads\\\/2022\\\/03\\\/logo.png\",\"contentUrl\":\"https:\\\/\\\/www.iceireland.com\\\/wp-content\\\/uploads\\\/2022\\\/03\\\/logo.png\",\"width\":593,\"height\":92,\"caption\":\"Irish College of English\"},\"image\":{\"@id\":\"https:\\\/\\\/www.iceireland.com\\\/fr\\\/#\\\/schema\\\/logo\\\/image\\\/\"}}]}<\/script>\n<!-- \/ Yoast SEO plugin. -->","yoast_head_json":{"title":"Activit\u00e9s et \u00e9v\u00e9nements pour adultes, programmes culturels et sociaux - Irish College of English","description":"\u00c0 l'Irish College of English, nous encourageons les \u00e9tudiants \u00e0 avoir une vie sociale active, \u00e0 se m\u00e9langer avec des \u00e9tudiants de toutes nationalit\u00e9s et des Irlandais, et \u00e0 avoir l'occasion de d\u00e9couvrir une partie de l'Irlande.","robots":{"index":"index","follow":"follow","max-snippet":"max-snippet:-1","max-image-preview":"max-image-preview:large","max-video-preview":"max-video-preview:-1"},"canonical":"https:\/\/www.iceireland.com\/fr\/useful-info\/cultural-and-social-programmes\/","og_locale":"fr_FR","og_type":"article","og_title":"Activit\u00e9s et \u00e9v\u00e9nements pour adultes, programmes culturels et sociaux - Irish College of English","og_description":"\u00c0 l'Irish College of English, nous encourageons les \u00e9tudiants \u00e0 avoir une vie sociale active, \u00e0 se m\u00e9langer avec des \u00e9tudiants de toutes nationalit\u00e9s et des Irlandais, et \u00e0 avoir l'occasion de d\u00e9couvrir une partie de l'Irlande.","og_url":"https:\/\/www.iceireland.com\/fr\/useful-info\/cultural-and-social-programmes\/","og_site_name":"Irish College of English","twitter_misc":{"Dur\u00e9e de lecture estim\u00e9e":"2 minutes"},"schema":{"@context":"https:\/\/schema.org","@graph":[{"@type":"WebPage","@id":"https:\/\/www.iceireland.com\/fr\/useful-info\/cultural-and-social-programmes\/","url":"https:\/\/www.iceireland.com\/fr\/useful-info\/cultural-and-social-programmes\/","name":"Activit\u00e9s et \u00e9v\u00e9nements pour adultes, programmes culturels et sociaux - Irish College of English","isPartOf":{"@id":"https:\/\/www.iceireland.com\/fr\/#website"},"datePublished":"2014-10-20T13:40:15+00:00","description":"\u00c0 l'Irish College of English, nous encourageons les \u00e9tudiants \u00e0 avoir une vie sociale active, \u00e0 se m\u00e9langer avec des \u00e9tudiants de toutes nationalit\u00e9s et des Irlandais, et \u00e0 avoir l'occasion de d\u00e9couvrir une partie de l'Irlande.","breadcrumb":{"@id":"https:\/\/www.iceireland.com\/fr\/useful-info\/cultural-and-social-programmes\/#breadcrumb"},"inLanguage":"fr-FR","potentialAction":[{"@type":"ReadAction","target":["https:\/\/www.iceireland.com\/fr\/useful-info\/cultural-and-social-programmes\/"]}]},{"@type":"BreadcrumbList","@id":"https:\/\/www.iceireland.com\/fr\/useful-info\/cultural-and-social-programmes\/#breadcrumb","itemListElement":[{"@type":"ListItem","position":1,"name":"Home","item":"https:\/\/www.iceireland.com\/fr\/"},{"@type":"ListItem","position":2,"name":"Informations utiles","item":"https:\/\/www.iceireland.com\/fr\/useful-info\/"},{"@type":"ListItem","position":3,"name":"Activit\u00e9s et \u00e9v\u00e9nements pour adultes, programmes culturels et sociaux"}]},{"@type":"WebSite","@id":"https:\/\/www.iceireland.com\/fr\/#website","url":"https:\/\/www.iceireland.com\/fr\/","name":"Irish College of English","description":"English School in Dublin, Malahide","publisher":{"@id":"https:\/\/www.iceireland.com\/fr\/#organization"},"potentialAction":[{"@type":"SearchAction","target":{"@type":"EntryPoint","urlTemplate":"https:\/\/www.iceireland.com\/fr\/?s={search_term_string}"},"query-input":{"@type":"PropertyValueSpecification","valueRequired":true,"valueName":"search_term_string"}}],"inLanguage":"fr-FR"},{"@type":"Organization","@id":"https:\/\/www.iceireland.com\/fr\/#organization","name":"Irish College of English","url":"https:\/\/www.iceireland.com\/fr\/","logo":{"@type":"ImageObject","inLanguage":"fr-FR","@id":"https:\/\/www.iceireland.com\/fr\/#\/schema\/logo\/image\/","url":"https:\/\/www.iceireland.com\/wp-content\/uploads\/2022\/03\/logo.png","contentUrl":"https:\/\/www.iceireland.com\/wp-content\/uploads\/2022\/03\/logo.png","width":593,"height":92,"caption":"Irish College of English"},"image":{"@id":"https:\/\/www.iceireland.com\/fr\/#\/schema\/logo\/image\/"}}]}},"_links":{"self":[{"href":"https:\/\/www.iceireland.com\/fr\/wp-json\/wp\/v2\/pages\/31929","targetHints":{"allow":["GET"]}}],"collection":[{"href":"https:\/\/www.iceireland.com\/fr\/wp-json\/wp\/v2\/pages"}],"about":[{"href":"https:\/\/www.iceireland.com\/fr\/wp-json\/wp\/v2\/types\/page"}],"author":[{"embeddable":true,"href":"https:\/\/www.iceireland.com\/fr\/wp-json\/wp\/v2\/users\/1"}],"replies":[{"embeddable":true,"href":"https:\/\/www.iceireland.com\/fr\/wp-json\/wp\/v2\/comments?post=31929"}],"version-history":[{"count":0,"href":"https:\/\/www.iceireland.com\/fr\/wp-json\/wp\/v2\/pages\/31929\/revisions"}],"up":[{"embeddable":true,"href":"https:\/\/www.iceireland.com\/fr\/wp-json\/wp\/v2\/pages\/31916"}],"wp:attachment":[{"href":"https:\/\/www.iceireland.com\/fr\/wp-json\/wp\/v2\/media?parent=31929"}],"curies":[{"name":"wp","href":"https:\/\/api.w.org\/{rel}","templated":true}]}}