{"id":32122,"date":"2014-10-20T09:11:13","date_gmt":"2014-10-20T09:11:13","guid":{"rendered":"https:\/\/www.iceireland.com\/learn-english-ireland-host-family\/"},"modified":"2014-10-20T09:11:13","modified_gmt":"2014-10-20T09:11:13","slug":"learn-english-ireland-host-family","status":"publish","type":"page","link":"https:\/\/www.iceireland.com\/fr\/learn-english-ireland-host-family\/","title":{"rendered":"Apprendre l&rsquo;anglais en Irlande Famille d&rsquo;accueil"},"content":{"rendered":"<h2><strong>H\u00e9bergement en famille d&rsquo;accueil  <\/strong><\/h2>\n<p><strong style=\"color: #339966; line-height: 1.5;\"> <\/strong><\/p>\n<blockquote>\n<h4 style=\"text-align: justify;\"><span style=\"color: #808080;\">Familles accueillantes et de qualit\u00e9, toutes \u00e0 distance de marche ou \u00e0 tr\u00e8s courte distance en bus de notre \u00e9cole.<\/span><\/h4>\n<h4 style=\"text-align: justify;\"><span style=\"color: #808080;\">La plupart des familles accueillent deux ou trois \u00e9tudiants<\/span><\/h4>\n<h4 style=\"text-align: justify;\"><span style=\"color: #808080;\">Coordonnateur des familles d&rsquo;accueil toute l&rsquo;ann\u00e9e assurant la qualit\u00e9, charte des familles d&rsquo;accueil en place<\/span><\/h4>\n<\/blockquote>\n<h3 style=\"text-align: justify;\"><\/h3>\n<p style=\"text-align: justify;\"><strong>Familles d&rsquo;accueil de qualit\u00e9 avec l&rsquo;Irish College of English &#8211;<\/strong> Apprenez l&rsquo;anglais dans notre \u00e9cole de langue anglaise de qualit\u00e9 et logez dans des<strong>familles d&rsquo;<\/strong> <strong>accueil irlandaises amicales et accueillantes <\/strong> avec des chambres confortables \u00e0 distance de marche ou \u00e0 un tr\u00e8s court trajet en bus de nos \u00e9coles d&rsquo;anglais.  <strong><br \/>\n<\/strong><\/p>\n<p style=\"text-align: justify;\">Nous organisons des s\u00e9jours pour les \u00e9tudiants qui souhaitent vivre dans une famille irlandaise pour un s\u00e9jour v\u00e9ritablement linguistique en Irlande. Les Irlandais ont une tradition d&rsquo;hospitalit\u00e9 et de chaleur. Cette tradition est reconnue dans le monde entier et a \u00e9t\u00e9 un facteur majeur pour attirer des milliers d&rsquo;\u00e9tudiants \u00e0 \u00e9tudier l&rsquo;anglais en Irlande. La qualit\u00e9 de l&rsquo;h\u00e9bergement est une priorit\u00e9 pour l&rsquo;Irish College of English. Nous sommes tr\u00e8s bien situ\u00e9s et Malahide est l&rsquo;un des quartiers les plus prestigieux de Dublin. Nous ne faisons appel qu&rsquo;\u00e0 des familles d&rsquo;accueil situ\u00e9es \u00e0 distance de marche ou \u00e0 un tr\u00e8s court trajet en bus de nos \u00e9coles. Comme nous fonctionnons toute l&rsquo;ann\u00e9e, nous \u00e9tablissons de solides relations avec la communaut\u00e9 et avec toutes nos familles d&rsquo;accueil. Un membre de notre personnel se consacre \u00e0 plein temps aux visites et \u00e0 l&rsquo;assurance de la qualit\u00e9 de nos s\u00e9jours en famille d&rsquo;accueil.      <\/p>\n<p style=\"text-align: justify;\"><strong>Le bien-\u00eatre des \u00e9tudiants est notre principale pr\u00e9occupation<\/strong> et nous choisissons nos familles avec le plus grand soin afin de leur assurer un maximum de confort. En outre, nous avons mis en place une charte du s\u00e9jour en famille d&rsquo;accueil qui d\u00e9finit clairement les normes et nos politiques concernant tous les programmes de familles d&rsquo;accueil de Learn English Ireland. Les \u00e9tudiants peuvent \u00eatre plac\u00e9s avec d&rsquo;autres \u00e9tudiants internationaux, ce qui leur permet de d\u00e9velopper de nouvelles amiti\u00e9s avec des jeunes du monde entier. Nous pouvons garantir aux \u00e9tudiants un excellent s\u00e9jour en famille d&rsquo;accueil et les commentaires de nos \u00e9tudiants en t\u00e9moignent. La pension compl\u00e8te comprend le petit-d\u00e9jeuner, le panier-repas et le repas du soir, l&rsquo;accent \u00e9tant mis sur un r\u00e9gime alimentaire nutritif. Les \u00e9tudiants deviennent membres de la famille pour la dur\u00e9e de leur s\u00e9jour et s&rsquo;int\u00e8grent \u00e0 la vie familiale normale. Nous pouvons garantir aux \u00e9tudiants un excellent s\u00e9jour en famille d&rsquo;accueil et les commentaires de nos \u00e9tudiants en t\u00e9moignent.      <\/p>\n<p>La majorit\u00e9 des familles d&rsquo;accueil accueillent de 1 \u00e0 3 \u00e9tudiants \u00e0 la fois. Si vous avez des demandes particuli\u00e8res   <a href=\"https:\/\/www.iceireland.com\/wp-content\/uploads\/2014\/10\/Homestay-for-Teenagers-on-Junior-English-Summer-Camps-Ireland.jpg\"><img fetchpriority=\"high\" decoding=\"async\" class=\"alignright wp-image-1827\" title=\"H\u00e9bergement en famille d'accueil pour adolescents dans le cadre d'un camp d'\u00e9t\u00e9 d'anglais junior en Irlande\" src=\"https:\/\/www.iceireland.com\/wp-content\/uploads\/2014\/10\/Homestay-for-Teenagers-on-Junior-English-Summer-Camps-Ireland.jpg\" alt=\"H\u00e9bergement en famille d'accueil pour adolescents dans le cadre d'un camp d'\u00e9t\u00e9 d'anglais junior en Irlande\" width=\"533\" height=\"445\" srcset=\"https:\/\/www.iceireland.com\/wp-content\/uploads\/2014\/10\/Homestay-for-Teenagers-on-Junior-English-Summer-Camps-Ireland.jpg 572w, https:\/\/www.iceireland.com\/wp-content\/uploads\/2014\/10\/Homestay-for-Teenagers-on-Junior-English-Summer-Camps-Ireland-300x250.jpg 300w\" sizes=\"(max-width: 533px) 100vw, 533px\" \/><\/a>En ce qui concerne l&rsquo;h\u00e9bergement en famille d&rsquo;accueil, nous sommes heureux d&rsquo;essayer de r\u00e9pondre \u00e0 ces exigences dans la mesure du possible. Tous les logements des familles d&rsquo;accueil sont accessibles \u00e0 pied ou par un tr\u00e8s court trajet en bus depuis notre \u00e9cole et ont \u00e9t\u00e9 contr\u00f4l\u00e9s par notre personnel. <\/p>\n<h3><\/h3>\n<h3>Une journ\u00e9e typique dans une famille d&rsquo;accueil \u00ab\u00a0Un chez-soi\u00a0\u00bb.<\/h3>\n<ul>\n<li><strong><span style=\"color: #808080;\">Les \u00e9tudiants sont r\u00e9veill\u00e9s par leur m\u00e8re d&rsquo;accueil, prennent une douche et un petit d\u00e9jeuner.<\/span><\/strong><\/li>\n<li><strong><span style=\"color: #808080;\">Les \u00e9l\u00e8ves re\u00e7oivent un panier-repas pour la journ\u00e9e<\/span><\/strong><\/li>\n<li><strong><span style=\"color: #808080;\">Les \u00e9l\u00e8ves se rendent \u00e0 l&rsquo;\u00e9cole \u00e0 pied ou font un tr\u00e8s court trajet en bus et rentrent chez eux vers 18 heures apr\u00e8s leur programme d&rsquo;enseignement et d&rsquo;activit\u00e9s. <\/span><\/strong><strong><span style=\"color: #808080;\">rentrent chez eux vers 18 heures, apr\u00e8s leur programme de cours et d&rsquo;activit\u00e9s.<\/span><\/strong><\/li>\n<li><strong><span style=\"color: #808080;\">De retour chez eux, les \u00e9tudiants d\u00eenent avec leur famille d&rsquo;accueil et discutent de ce qui s&rsquo;est pass\u00e9 ce jour-l\u00e0<\/span><\/strong><\/li>\n<li><strong><span style=\"color: #808080;\">Les \u00e9tudiants peuvent passer la soir\u00e9e <\/span><\/strong><strong><span style=\"color: #808080;\">\u00e0 se d\u00e9tendre et \u00e0 discuter avec la famille ou \u00e0 rencontrer des amis dans la localit\u00e9.<\/span><\/strong><\/li>\n<li><strong><span style=\"color: #808080;\">Un couvre-feu strict de 21h30 s&rsquo;applique, date \u00e0 laquelle tous les \u00e9l\u00e8ves doivent \u00eatre rentr\u00e9s chez eux.<\/span><\/strong><\/li>\n<li><strong><span style=\"color: #808080;\">Les \u00e9tudiants et les familles ont acc\u00e8s 24 heures sur 24 \u00e0 un num\u00e9ro de t\u00e9l\u00e9phone d&rsquo;urgence et un membre de notre \u00e9quipe est toujours disponible pour les aider.<\/span><\/strong><\/li>\n<\/ul>\n<h2><\/h2>\n","protected":false},"excerpt":{"rendered":"<p>H\u00e9bergement en famille d&rsquo;accueil Familles accueillantes et de qualit\u00e9, toutes \u00e0 distance de marche ou \u00e0 tr\u00e8s courte distance en bus de notre \u00e9cole. La plupart des familles accueillent deux ou trois \u00e9tudiants Coordonnateur des familles d&rsquo;accueil toute l&rsquo;ann\u00e9e assurant la qualit\u00e9, charte des familles d&rsquo;accueil en place Familles d&rsquo;accueil de qualit\u00e9 avec l&rsquo;Irish College [&hellip;]<\/p>\n","protected":false},"author":1,"featured_media":0,"parent":0,"menu_order":0,"comment_status":"open","ping_status":"open","template":"","meta":{"content-type":"","footnotes":""},"class_list":["post-32122","page","type-page","status-publish","hentry"],"yoast_head":"<!-- This site is optimized with the Yoast SEO plugin v27.3 - https:\/\/yoast.com\/product\/yoast-seo-wordpress\/ -->\n<title>Apprendre l&#039;anglais en Irlande Famille d&#039;accueil \u00e0 distance de marche\/tr\u00e8s court trajet en bus<\/title>\n<meta name=\"description\" content=\"R\u00e9servez un camp d&#039;\u00e9t\u00e9 pour jeunes anglais aupr\u00e8s de l&#039;Irish College of English et soyez assur\u00e9 d&#039;un h\u00e9bergement de qualit\u00e9 en famille d&#039;accueil \u00e0 quelques pas ou \u00e0 un tr\u00e8s court trajet en bus de notre \u00e9cole.\" \/>\n<meta name=\"robots\" content=\"index, follow, max-snippet:-1, max-image-preview:large, max-video-preview:-1\" \/>\n<link rel=\"canonical\" href=\"https:\/\/www.iceireland.com\/fr\/learn-english-ireland-host-family\/\" \/>\n<meta property=\"og:locale\" content=\"fr_FR\" \/>\n<meta property=\"og:type\" content=\"article\" \/>\n<meta property=\"og:title\" content=\"Apprendre l&#039;anglais en Irlande Famille d&#039;accueil \u00e0 distance de marche\/tr\u00e8s court trajet en bus\" \/>\n<meta property=\"og:description\" content=\"R\u00e9servez un camp d&#039;\u00e9t\u00e9 pour jeunes anglais aupr\u00e8s de l&#039;Irish College of English et soyez assur\u00e9 d&#039;un h\u00e9bergement de qualit\u00e9 en famille d&#039;accueil \u00e0 quelques pas ou \u00e0 un tr\u00e8s court trajet en bus de notre \u00e9cole.\" \/>\n<meta property=\"og:url\" content=\"https:\/\/www.iceireland.com\/fr\/learn-english-ireland-host-family\/\" \/>\n<meta property=\"og:site_name\" content=\"Irish College of English\" \/>\n<meta property=\"og:image\" content=\"https:\/\/www.iceireland.com\/wp-content\/uploads\/2014\/10\/Homestay-for-Teenagers-on-Junior-English-Summer-Camps-Ireland.jpg\" \/>\n\t<meta property=\"og:image:width\" content=\"572\" \/>\n\t<meta property=\"og:image:height\" content=\"477\" \/>\n\t<meta property=\"og:image:type\" content=\"image\/jpeg\" \/>\n<meta name=\"twitter:label1\" content=\"Dur\u00e9e de lecture estim\u00e9e\" \/>\n\t<meta name=\"twitter:data1\" content=\"3 minutes\" \/>\n<script type=\"application\/ld+json\" class=\"yoast-schema-graph\">{\"@context\":\"https:\\\/\\\/schema.org\",\"@graph\":[{\"@type\":\"WebPage\",\"@id\":\"https:\\\/\\\/www.iceireland.com\\\/fr\\\/learn-english-ireland-host-family\\\/\",\"url\":\"https:\\\/\\\/www.iceireland.com\\\/fr\\\/learn-english-ireland-host-family\\\/\",\"name\":\"Apprendre l'anglais en Irlande Famille d'accueil \u00e0 distance de marche\\\/tr\u00e8s court trajet en bus\",\"isPartOf\":{\"@id\":\"https:\\\/\\\/www.iceireland.com\\\/fr\\\/#website\"},\"primaryImageOfPage\":{\"@id\":\"https:\\\/\\\/www.iceireland.com\\\/fr\\\/learn-english-ireland-host-family\\\/#primaryimage\"},\"image\":{\"@id\":\"https:\\\/\\\/www.iceireland.com\\\/fr\\\/learn-english-ireland-host-family\\\/#primaryimage\"},\"thumbnailUrl\":\"https:\\\/\\\/www.iceireland.com\\\/wp-content\\\/uploads\\\/2014\\\/10\\\/Homestay-for-Teenagers-on-Junior-English-Summer-Camps-Ireland.jpg\",\"datePublished\":\"2014-10-20T09:11:13+00:00\",\"description\":\"R\u00e9servez un camp d'\u00e9t\u00e9 pour jeunes anglais aupr\u00e8s de l'Irish College of English et soyez assur\u00e9 d'un h\u00e9bergement de qualit\u00e9 en famille d'accueil \u00e0 quelques pas ou \u00e0 un tr\u00e8s court trajet en bus de notre \u00e9cole.\",\"breadcrumb\":{\"@id\":\"https:\\\/\\\/www.iceireland.com\\\/fr\\\/learn-english-ireland-host-family\\\/#breadcrumb\"},\"inLanguage\":\"fr-FR\",\"potentialAction\":[{\"@type\":\"ReadAction\",\"target\":[\"https:\\\/\\\/www.iceireland.com\\\/fr\\\/learn-english-ireland-host-family\\\/\"]}]},{\"@type\":\"ImageObject\",\"inLanguage\":\"fr-FR\",\"@id\":\"https:\\\/\\\/www.iceireland.com\\\/fr\\\/learn-english-ireland-host-family\\\/#primaryimage\",\"url\":\"https:\\\/\\\/www.iceireland.com\\\/wp-content\\\/uploads\\\/2014\\\/10\\\/Homestay-for-Teenagers-on-Junior-English-Summer-Camps-Ireland.jpg\",\"contentUrl\":\"https:\\\/\\\/www.iceireland.com\\\/wp-content\\\/uploads\\\/2014\\\/10\\\/Homestay-for-Teenagers-on-Junior-English-Summer-Camps-Ireland.jpg\"},{\"@type\":\"BreadcrumbList\",\"@id\":\"https:\\\/\\\/www.iceireland.com\\\/fr\\\/learn-english-ireland-host-family\\\/#breadcrumb\",\"itemListElement\":[{\"@type\":\"ListItem\",\"position\":1,\"name\":\"Home\",\"item\":\"https:\\\/\\\/www.iceireland.com\\\/fr\\\/\"},{\"@type\":\"ListItem\",\"position\":2,\"name\":\"Apprendre l&rsquo;anglais en Irlande Famille d&rsquo;accueil\"}]},{\"@type\":\"WebSite\",\"@id\":\"https:\\\/\\\/www.iceireland.com\\\/fr\\\/#website\",\"url\":\"https:\\\/\\\/www.iceireland.com\\\/fr\\\/\",\"name\":\"Irish College of English\",\"description\":\"English School in Dublin, Malahide\",\"publisher\":{\"@id\":\"https:\\\/\\\/www.iceireland.com\\\/fr\\\/#organization\"},\"potentialAction\":[{\"@type\":\"SearchAction\",\"target\":{\"@type\":\"EntryPoint\",\"urlTemplate\":\"https:\\\/\\\/www.iceireland.com\\\/fr\\\/?s={search_term_string}\"},\"query-input\":{\"@type\":\"PropertyValueSpecification\",\"valueRequired\":true,\"valueName\":\"search_term_string\"}}],\"inLanguage\":\"fr-FR\"},{\"@type\":\"Organization\",\"@id\":\"https:\\\/\\\/www.iceireland.com\\\/fr\\\/#organization\",\"name\":\"Irish College of English\",\"url\":\"https:\\\/\\\/www.iceireland.com\\\/fr\\\/\",\"logo\":{\"@type\":\"ImageObject\",\"inLanguage\":\"fr-FR\",\"@id\":\"https:\\\/\\\/www.iceireland.com\\\/fr\\\/#\\\/schema\\\/logo\\\/image\\\/\",\"url\":\"https:\\\/\\\/www.iceireland.com\\\/wp-content\\\/uploads\\\/2022\\\/03\\\/logo.png\",\"contentUrl\":\"https:\\\/\\\/www.iceireland.com\\\/wp-content\\\/uploads\\\/2022\\\/03\\\/logo.png\",\"width\":593,\"height\":92,\"caption\":\"Irish College of English\"},\"image\":{\"@id\":\"https:\\\/\\\/www.iceireland.com\\\/fr\\\/#\\\/schema\\\/logo\\\/image\\\/\"}}]}<\/script>\n<!-- \/ Yoast SEO plugin. -->","yoast_head_json":{"title":"Apprendre l'anglais en Irlande Famille d'accueil \u00e0 distance de marche\/tr\u00e8s court trajet en bus","description":"R\u00e9servez un camp d'\u00e9t\u00e9 pour jeunes anglais aupr\u00e8s de l'Irish College of English et soyez assur\u00e9 d'un h\u00e9bergement de qualit\u00e9 en famille d'accueil \u00e0 quelques pas ou \u00e0 un tr\u00e8s court trajet en bus de notre \u00e9cole.","robots":{"index":"index","follow":"follow","max-snippet":"max-snippet:-1","max-image-preview":"max-image-preview:large","max-video-preview":"max-video-preview:-1"},"canonical":"https:\/\/www.iceireland.com\/fr\/learn-english-ireland-host-family\/","og_locale":"fr_FR","og_type":"article","og_title":"Apprendre l'anglais en Irlande Famille d'accueil \u00e0 distance de marche\/tr\u00e8s court trajet en bus","og_description":"R\u00e9servez un camp d'\u00e9t\u00e9 pour jeunes anglais aupr\u00e8s de l'Irish College of English et soyez assur\u00e9 d'un h\u00e9bergement de qualit\u00e9 en famille d'accueil \u00e0 quelques pas ou \u00e0 un tr\u00e8s court trajet en bus de notre \u00e9cole.","og_url":"https:\/\/www.iceireland.com\/fr\/learn-english-ireland-host-family\/","og_site_name":"Irish College of English","og_image":[{"width":572,"height":477,"url":"https:\/\/www.iceireland.com\/wp-content\/uploads\/2014\/10\/Homestay-for-Teenagers-on-Junior-English-Summer-Camps-Ireland.jpg","type":"image\/jpeg"}],"twitter_misc":{"Dur\u00e9e de lecture estim\u00e9e":"3 minutes"},"schema":{"@context":"https:\/\/schema.org","@graph":[{"@type":"WebPage","@id":"https:\/\/www.iceireland.com\/fr\/learn-english-ireland-host-family\/","url":"https:\/\/www.iceireland.com\/fr\/learn-english-ireland-host-family\/","name":"Apprendre l'anglais en Irlande Famille d'accueil \u00e0 distance de marche\/tr\u00e8s court trajet en bus","isPartOf":{"@id":"https:\/\/www.iceireland.com\/fr\/#website"},"primaryImageOfPage":{"@id":"https:\/\/www.iceireland.com\/fr\/learn-english-ireland-host-family\/#primaryimage"},"image":{"@id":"https:\/\/www.iceireland.com\/fr\/learn-english-ireland-host-family\/#primaryimage"},"thumbnailUrl":"https:\/\/www.iceireland.com\/wp-content\/uploads\/2014\/10\/Homestay-for-Teenagers-on-Junior-English-Summer-Camps-Ireland.jpg","datePublished":"2014-10-20T09:11:13+00:00","description":"R\u00e9servez un camp d'\u00e9t\u00e9 pour jeunes anglais aupr\u00e8s de l'Irish College of English et soyez assur\u00e9 d'un h\u00e9bergement de qualit\u00e9 en famille d'accueil \u00e0 quelques pas ou \u00e0 un tr\u00e8s court trajet en bus de notre \u00e9cole.","breadcrumb":{"@id":"https:\/\/www.iceireland.com\/fr\/learn-english-ireland-host-family\/#breadcrumb"},"inLanguage":"fr-FR","potentialAction":[{"@type":"ReadAction","target":["https:\/\/www.iceireland.com\/fr\/learn-english-ireland-host-family\/"]}]},{"@type":"ImageObject","inLanguage":"fr-FR","@id":"https:\/\/www.iceireland.com\/fr\/learn-english-ireland-host-family\/#primaryimage","url":"https:\/\/www.iceireland.com\/wp-content\/uploads\/2014\/10\/Homestay-for-Teenagers-on-Junior-English-Summer-Camps-Ireland.jpg","contentUrl":"https:\/\/www.iceireland.com\/wp-content\/uploads\/2014\/10\/Homestay-for-Teenagers-on-Junior-English-Summer-Camps-Ireland.jpg"},{"@type":"BreadcrumbList","@id":"https:\/\/www.iceireland.com\/fr\/learn-english-ireland-host-family\/#breadcrumb","itemListElement":[{"@type":"ListItem","position":1,"name":"Home","item":"https:\/\/www.iceireland.com\/fr\/"},{"@type":"ListItem","position":2,"name":"Apprendre l&rsquo;anglais en Irlande Famille d&rsquo;accueil"}]},{"@type":"WebSite","@id":"https:\/\/www.iceireland.com\/fr\/#website","url":"https:\/\/www.iceireland.com\/fr\/","name":"Irish College of English","description":"English School in Dublin, Malahide","publisher":{"@id":"https:\/\/www.iceireland.com\/fr\/#organization"},"potentialAction":[{"@type":"SearchAction","target":{"@type":"EntryPoint","urlTemplate":"https:\/\/www.iceireland.com\/fr\/?s={search_term_string}"},"query-input":{"@type":"PropertyValueSpecification","valueRequired":true,"valueName":"search_term_string"}}],"inLanguage":"fr-FR"},{"@type":"Organization","@id":"https:\/\/www.iceireland.com\/fr\/#organization","name":"Irish College of English","url":"https:\/\/www.iceireland.com\/fr\/","logo":{"@type":"ImageObject","inLanguage":"fr-FR","@id":"https:\/\/www.iceireland.com\/fr\/#\/schema\/logo\/image\/","url":"https:\/\/www.iceireland.com\/wp-content\/uploads\/2022\/03\/logo.png","contentUrl":"https:\/\/www.iceireland.com\/wp-content\/uploads\/2022\/03\/logo.png","width":593,"height":92,"caption":"Irish College of English"},"image":{"@id":"https:\/\/www.iceireland.com\/fr\/#\/schema\/logo\/image\/"}}]}},"_links":{"self":[{"href":"https:\/\/www.iceireland.com\/fr\/wp-json\/wp\/v2\/pages\/32122","targetHints":{"allow":["GET"]}}],"collection":[{"href":"https:\/\/www.iceireland.com\/fr\/wp-json\/wp\/v2\/pages"}],"about":[{"href":"https:\/\/www.iceireland.com\/fr\/wp-json\/wp\/v2\/types\/page"}],"author":[{"embeddable":true,"href":"https:\/\/www.iceireland.com\/fr\/wp-json\/wp\/v2\/users\/1"}],"replies":[{"embeddable":true,"href":"https:\/\/www.iceireland.com\/fr\/wp-json\/wp\/v2\/comments?post=32122"}],"version-history":[{"count":0,"href":"https:\/\/www.iceireland.com\/fr\/wp-json\/wp\/v2\/pages\/32122\/revisions"}],"wp:attachment":[{"href":"https:\/\/www.iceireland.com\/fr\/wp-json\/wp\/v2\/media?parent=32122"}],"curies":[{"name":"wp","href":"https:\/\/api.w.org\/{rel}","templated":true}]}}