{"id":32221,"date":"2014-10-20T13:45:06","date_gmt":"2014-10-20T13:45:06","guid":{"rendered":"https:\/\/www.iceireland.com\/useful-info\/english-language-school-in-dublin-ireland\/"},"modified":"2014-10-20T13:45:06","modified_gmt":"2014-10-20T13:45:06","slug":"english-language-school-in-dublin-ireland","status":"publish","type":"page","link":"https:\/\/www.iceireland.com\/fr\/useful-info\/english-language-school-in-dublin-ireland\/","title":{"rendered":"\u00c9cole d&rsquo;anglais \u00e0 Dublin (Irlande)"},"content":{"rendered":"<h3>Centre d&rsquo;\u00e9tudes anglaises pour l&rsquo;excellence<\/h3>\n<p>Cr\u00e9\u00e9 en 1992 en tant qu&rsquo;\u00e9cole d&rsquo;anglais \u00e0 Dublin, en Irlande, l&rsquo;Irish College of English est un prestataire d&rsquo;enseignement de qualit\u00e9 et est reconnu par le minist\u00e8re de l&rsquo;\u00c9ducation comme ayant des \u00e9coles d&rsquo;anglais ouvertes toute l&rsquo;ann\u00e9e pour l&rsquo;enseignement de l&rsquo;anglais en tant que langue \u00e9trang\u00e8re. Nos programmes sont soigneusement con\u00e7us pour r\u00e9pondre aux besoins de nos apprenants et chaque \u00e9tudiant est \u00e9valu\u00e9 \u00e0 son arriv\u00e9e et plac\u00e9 dans une classe appropri\u00e9e. \u00c0 la fin d&rsquo;un cours, les \u00e9tudiants re\u00e7oivent un rapport de sortie individuel et un certificat de r\u00e9ussite.  <\/p>\n<h3>Du niveau \u00e9l\u00e9mentaire au niveau avanc\u00e9<\/h3>\n<p>Les classes vont du niveau \u00e9l\u00e9mentaire au niveau avanc\u00e9 et tous les \u00e9tudiants sont test\u00e9s \u00e0 leur arriv\u00e9e et plac\u00e9s dans la classe qui correspond le mieux \u00e0 leur niveau d&rsquo;anglais. Tous les cours de notre \u00e9cole de langues sont ax\u00e9s sur la communication par l&rsquo;interm\u00e9diaire de l&rsquo;anglais parl\u00e9 et \u00e9crit. Nos enseignants hautement qualifi\u00e9s fixent aux \u00e9tudiants des objectifs d&rsquo;apprentissage clairs et utilisent les meilleures techniques pour leur permettre de s&rsquo;entra\u00eener \u00e0 parler, \u00e9crire, \u00e9couter, lire et ma\u00eetriser la grammaire de la langue anglaise.  <\/p>\n<h3>Les facteurs des \u00e9coles de langue anglaise de l&rsquo;ICE qui aident nos \u00e9tudiants \u00e0 exceller :<\/h3>\n<ul>\n<li>Les \u00e9tudiants participent \u00e0 des activit\u00e9s de communication pour d\u00e9velopper leur capacit\u00e9 \u00e0 parler, \u00e9couter, lire et \u00e9crire en anglais. L&rsquo;accent est mis sur l&rsquo;utilisation de textes et de mat\u00e9riels authentiques pour d\u00e9velopper la conscience culturelle des \u00e9tudiants au cours de leur formation \u00e0 l&rsquo;Irish College of English. <\/li>\n<li>L&rsquo;\u00e9valuation continue et le passage d&rsquo;un niveau de classe \u00e0 l&rsquo;autre garantissent que les \u00e9l\u00e8ves apprennent toujours au rythme le mieux adapt\u00e9 \u00e0 leurs besoins.<\/li>\n<li>Nos enseignants d\u00e9vou\u00e9s offrent un soutien et un encadrement excellents aux \u00e9tudiants et sont toujours disponibles pour les aider et leur fournir du mat\u00e9riel suppl\u00e9mentaire.<\/li>\n<li>Sur demande, nous pouvons proposer des cours individuels adapt\u00e9s aux besoins sp\u00e9cifiques des \u00e9tudiants.<\/li>\n<li>Les \u00e9tudiants ont acc\u00e8s \u00e0 la biblioth\u00e8que, \u00e0 l&rsquo;Internet \u00e0 haut d\u00e9bit et au courrier \u00e9lectronique pour les aider \u00e0 d\u00e9velopper leurs comp\u00e9tences en anglais.<\/li>\n<\/ul>\n<h3>Professeurs d&rsquo;anglais professionnels<\/h3>\n<p>Nos enseignants sont tous professionnellement qualifi\u00e9s, titulaires d&rsquo;un dipl\u00f4me primaire et d&rsquo;une qualification TEFL (Teaching English as a Foreign Language) reconnue, et sont des professeurs d&rsquo;anglais natifs exp\u00e9riment\u00e9s. Les excellents commentaires de nos \u00e9tudiants t\u00e9moignent de la qualit\u00e9 de notre enseignement et des efforts d\u00e9ploy\u00e9s par nos enseignants pour s&rsquo;assurer que chaque \u00e9tudiant est motiv\u00e9 et progresse bien en classe. Notre philosophie d&rsquo;enseignement est de faire en sorte que les cours ne soient pas seulement \u00e9ducatifs mais aussi amusants et divertissants, ce qui favorise l&rsquo;apprentissage dans une atmosph\u00e8re d\u00e9tendue.  <\/p>\n<h3>\u00c9cole d&rsquo;anglais moderne de Dublin<\/h3>\n<p>Les \u00e9tudiants qui apprennent l&rsquo;anglais \u00e0 l&rsquo;Irish College of English peuvent profiter des excellentes installations des \u00e9coles de langues modernes et des centres d&rsquo;\u00e9tudes anglaises (CES) de haute qualit\u00e9. Les centres de langues sont lumineux et spacieux et ont \u00e9t\u00e9 r\u00e9cemment r\u00e9nov\u00e9s. Nos salles de classe peuvent accueillir un maximum de 15 \u00e9tudiants et tous les \u00e9tudiants disposent d&rsquo;un bureau individuel. Nous disposons d&rsquo;une grande salle pour les \u00e9tudiants, que nous utilisons r\u00e9guli\u00e8rement pour des activit\u00e9s de groupe lorsque les classes se r\u00e9unissent. Elle peut \u00e9galement servir d&rsquo;espace d&rsquo;\u00e9tude pour les \u00e9tudiants. Les \u00e9coles disposent d&rsquo;un espace commun pour les \u00e9tudiants, avec des chaises confortables et un acc\u00e8s gratuit \u00e0 l&rsquo;internet \u00e0 haut d\u00e9bit. C&rsquo;est un bon endroit pour rencontrer d&rsquo;autres \u00e9tudiants et se d\u00e9tendre entre les cours.      <\/p>\n<p>Nous disposons \u00e9galement d&rsquo;une biblioth\u00e8que o\u00f9 les \u00e9tudiants ont acc\u00e8s \u00e0 une grande vari\u00e9t\u00e9 de livres d&rsquo;anglais, y compris des livres d&rsquo;apprentissage, des best-sellers et des livres d&rsquo;int\u00e9r\u00eat irlandais. Nos enseignants ont \u00e9galement acc\u00e8s aux derni\u00e8res technologies en mati\u00e8re d&rsquo;outils de formation audiovisuels pour l&rsquo;enseignement des langues en classe. <\/p>\n","protected":false},"excerpt":{"rendered":"<p>Centre d&rsquo;\u00e9tudes anglaises pour l&rsquo;excellence Cr\u00e9\u00e9 en 1992 en tant qu&rsquo;\u00e9cole d&rsquo;anglais \u00e0 Dublin, en Irlande, l&rsquo;Irish College of English est un prestataire d&rsquo;enseignement de qualit\u00e9 et est reconnu par le minist\u00e8re de l&rsquo;\u00c9ducation comme ayant des \u00e9coles d&rsquo;anglais ouvertes toute l&rsquo;ann\u00e9e pour l&rsquo;enseignement de l&rsquo;anglais en tant que langue \u00e9trang\u00e8re. Nos programmes sont soigneusement [&hellip;]<\/p>\n","protected":false},"author":1,"featured_media":0,"parent":31916,"menu_order":0,"comment_status":"open","ping_status":"open","template":"","meta":{"content-type":"","footnotes":""},"class_list":["post-32221","page","type-page","status-publish","hentry"],"yoast_head":"<!-- This site is optimized with the Yoast SEO plugin v27.3 - https:\/\/yoast.com\/product\/yoast-seo-wordpress\/ -->\n<title>\u00c9cole d&#039;anglais \u00e0 Dublin (Irlande)<\/title>\n<meta name=\"description\" content=\"Cr\u00e9\u00e9 en 1992 en tant qu&#039;\u00e9cole d&#039;anglais \u00e0 Dublin, en Irlande, l&#039;Irish College of English est un prestataire d&#039;enseignement de qualit\u00e9 et est reconnu par le minist\u00e8re de l&#039;\u00e9ducation.\" \/>\n<meta name=\"robots\" content=\"index, follow, max-snippet:-1, max-image-preview:large, max-video-preview:-1\" \/>\n<link rel=\"canonical\" href=\"https:\/\/www.iceireland.com\/fr\/useful-info\/english-language-school-in-dublin-ireland\/\" \/>\n<meta property=\"og:locale\" content=\"fr_FR\" \/>\n<meta property=\"og:type\" content=\"article\" \/>\n<meta property=\"og:title\" content=\"\u00c9cole d&#039;anglais \u00e0 Dublin (Irlande)\" \/>\n<meta property=\"og:description\" content=\"Cr\u00e9\u00e9 en 1992 en tant qu&#039;\u00e9cole d&#039;anglais \u00e0 Dublin, en Irlande, l&#039;Irish College of English est un prestataire d&#039;enseignement de qualit\u00e9 et est reconnu par le minist\u00e8re de l&#039;\u00e9ducation.\" \/>\n<meta property=\"og:url\" content=\"https:\/\/www.iceireland.com\/fr\/useful-info\/english-language-school-in-dublin-ireland\/\" \/>\n<meta property=\"og:site_name\" content=\"Irish College of English\" \/>\n<meta name=\"twitter:label1\" content=\"Dur\u00e9e de lecture estim\u00e9e\" \/>\n\t<meta name=\"twitter:data1\" content=\"3 minutes\" \/>\n<script type=\"application\/ld+json\" class=\"yoast-schema-graph\">{\"@context\":\"https:\\\/\\\/schema.org\",\"@graph\":[{\"@type\":\"WebPage\",\"@id\":\"https:\\\/\\\/www.iceireland.com\\\/fr\\\/useful-info\\\/english-language-school-in-dublin-ireland\\\/\",\"url\":\"https:\\\/\\\/www.iceireland.com\\\/fr\\\/useful-info\\\/english-language-school-in-dublin-ireland\\\/\",\"name\":\"\u00c9cole d'anglais \u00e0 Dublin (Irlande)\",\"isPartOf\":{\"@id\":\"https:\\\/\\\/www.iceireland.com\\\/fr\\\/#website\"},\"datePublished\":\"2014-10-20T13:45:06+00:00\",\"description\":\"Cr\u00e9\u00e9 en 1992 en tant qu'\u00e9cole d'anglais \u00e0 Dublin, en Irlande, l'Irish College of English est un prestataire d'enseignement de qualit\u00e9 et est reconnu par le minist\u00e8re de l'\u00e9ducation.\",\"breadcrumb\":{\"@id\":\"https:\\\/\\\/www.iceireland.com\\\/fr\\\/useful-info\\\/english-language-school-in-dublin-ireland\\\/#breadcrumb\"},\"inLanguage\":\"fr-FR\",\"potentialAction\":[{\"@type\":\"ReadAction\",\"target\":[\"https:\\\/\\\/www.iceireland.com\\\/fr\\\/useful-info\\\/english-language-school-in-dublin-ireland\\\/\"]}]},{\"@type\":\"BreadcrumbList\",\"@id\":\"https:\\\/\\\/www.iceireland.com\\\/fr\\\/useful-info\\\/english-language-school-in-dublin-ireland\\\/#breadcrumb\",\"itemListElement\":[{\"@type\":\"ListItem\",\"position\":1,\"name\":\"Home\",\"item\":\"https:\\\/\\\/www.iceireland.com\\\/fr\\\/\"},{\"@type\":\"ListItem\",\"position\":2,\"name\":\"Informations utiles\",\"item\":\"https:\\\/\\\/www.iceireland.com\\\/fr\\\/useful-info\\\/\"},{\"@type\":\"ListItem\",\"position\":3,\"name\":\"\u00c9cole d&rsquo;anglais \u00e0 Dublin (Irlande)\"}]},{\"@type\":\"WebSite\",\"@id\":\"https:\\\/\\\/www.iceireland.com\\\/fr\\\/#website\",\"url\":\"https:\\\/\\\/www.iceireland.com\\\/fr\\\/\",\"name\":\"Irish College of English\",\"description\":\"English School in Dublin, Malahide\",\"publisher\":{\"@id\":\"https:\\\/\\\/www.iceireland.com\\\/fr\\\/#organization\"},\"potentialAction\":[{\"@type\":\"SearchAction\",\"target\":{\"@type\":\"EntryPoint\",\"urlTemplate\":\"https:\\\/\\\/www.iceireland.com\\\/fr\\\/?s={search_term_string}\"},\"query-input\":{\"@type\":\"PropertyValueSpecification\",\"valueRequired\":true,\"valueName\":\"search_term_string\"}}],\"inLanguage\":\"fr-FR\"},{\"@type\":\"Organization\",\"@id\":\"https:\\\/\\\/www.iceireland.com\\\/fr\\\/#organization\",\"name\":\"Irish College of English\",\"url\":\"https:\\\/\\\/www.iceireland.com\\\/fr\\\/\",\"logo\":{\"@type\":\"ImageObject\",\"inLanguage\":\"fr-FR\",\"@id\":\"https:\\\/\\\/www.iceireland.com\\\/fr\\\/#\\\/schema\\\/logo\\\/image\\\/\",\"url\":\"https:\\\/\\\/www.iceireland.com\\\/wp-content\\\/uploads\\\/2022\\\/03\\\/logo.png\",\"contentUrl\":\"https:\\\/\\\/www.iceireland.com\\\/wp-content\\\/uploads\\\/2022\\\/03\\\/logo.png\",\"width\":593,\"height\":92,\"caption\":\"Irish College of English\"},\"image\":{\"@id\":\"https:\\\/\\\/www.iceireland.com\\\/fr\\\/#\\\/schema\\\/logo\\\/image\\\/\"}}]}<\/script>\n<!-- \/ Yoast SEO plugin. -->","yoast_head_json":{"title":"\u00c9cole d'anglais \u00e0 Dublin (Irlande)","description":"Cr\u00e9\u00e9 en 1992 en tant qu'\u00e9cole d'anglais \u00e0 Dublin, en Irlande, l'Irish College of English est un prestataire d'enseignement de qualit\u00e9 et est reconnu par le minist\u00e8re de l'\u00e9ducation.","robots":{"index":"index","follow":"follow","max-snippet":"max-snippet:-1","max-image-preview":"max-image-preview:large","max-video-preview":"max-video-preview:-1"},"canonical":"https:\/\/www.iceireland.com\/fr\/useful-info\/english-language-school-in-dublin-ireland\/","og_locale":"fr_FR","og_type":"article","og_title":"\u00c9cole d'anglais \u00e0 Dublin (Irlande)","og_description":"Cr\u00e9\u00e9 en 1992 en tant qu'\u00e9cole d'anglais \u00e0 Dublin, en Irlande, l'Irish College of English est un prestataire d'enseignement de qualit\u00e9 et est reconnu par le minist\u00e8re de l'\u00e9ducation.","og_url":"https:\/\/www.iceireland.com\/fr\/useful-info\/english-language-school-in-dublin-ireland\/","og_site_name":"Irish College of English","twitter_misc":{"Dur\u00e9e de lecture estim\u00e9e":"3 minutes"},"schema":{"@context":"https:\/\/schema.org","@graph":[{"@type":"WebPage","@id":"https:\/\/www.iceireland.com\/fr\/useful-info\/english-language-school-in-dublin-ireland\/","url":"https:\/\/www.iceireland.com\/fr\/useful-info\/english-language-school-in-dublin-ireland\/","name":"\u00c9cole d'anglais \u00e0 Dublin (Irlande)","isPartOf":{"@id":"https:\/\/www.iceireland.com\/fr\/#website"},"datePublished":"2014-10-20T13:45:06+00:00","description":"Cr\u00e9\u00e9 en 1992 en tant qu'\u00e9cole d'anglais \u00e0 Dublin, en Irlande, l'Irish College of English est un prestataire d'enseignement de qualit\u00e9 et est reconnu par le minist\u00e8re de l'\u00e9ducation.","breadcrumb":{"@id":"https:\/\/www.iceireland.com\/fr\/useful-info\/english-language-school-in-dublin-ireland\/#breadcrumb"},"inLanguage":"fr-FR","potentialAction":[{"@type":"ReadAction","target":["https:\/\/www.iceireland.com\/fr\/useful-info\/english-language-school-in-dublin-ireland\/"]}]},{"@type":"BreadcrumbList","@id":"https:\/\/www.iceireland.com\/fr\/useful-info\/english-language-school-in-dublin-ireland\/#breadcrumb","itemListElement":[{"@type":"ListItem","position":1,"name":"Home","item":"https:\/\/www.iceireland.com\/fr\/"},{"@type":"ListItem","position":2,"name":"Informations utiles","item":"https:\/\/www.iceireland.com\/fr\/useful-info\/"},{"@type":"ListItem","position":3,"name":"\u00c9cole d&rsquo;anglais \u00e0 Dublin (Irlande)"}]},{"@type":"WebSite","@id":"https:\/\/www.iceireland.com\/fr\/#website","url":"https:\/\/www.iceireland.com\/fr\/","name":"Irish College of English","description":"English School in Dublin, Malahide","publisher":{"@id":"https:\/\/www.iceireland.com\/fr\/#organization"},"potentialAction":[{"@type":"SearchAction","target":{"@type":"EntryPoint","urlTemplate":"https:\/\/www.iceireland.com\/fr\/?s={search_term_string}"},"query-input":{"@type":"PropertyValueSpecification","valueRequired":true,"valueName":"search_term_string"}}],"inLanguage":"fr-FR"},{"@type":"Organization","@id":"https:\/\/www.iceireland.com\/fr\/#organization","name":"Irish College of English","url":"https:\/\/www.iceireland.com\/fr\/","logo":{"@type":"ImageObject","inLanguage":"fr-FR","@id":"https:\/\/www.iceireland.com\/fr\/#\/schema\/logo\/image\/","url":"https:\/\/www.iceireland.com\/wp-content\/uploads\/2022\/03\/logo.png","contentUrl":"https:\/\/www.iceireland.com\/wp-content\/uploads\/2022\/03\/logo.png","width":593,"height":92,"caption":"Irish College of English"},"image":{"@id":"https:\/\/www.iceireland.com\/fr\/#\/schema\/logo\/image\/"}}]}},"_links":{"self":[{"href":"https:\/\/www.iceireland.com\/fr\/wp-json\/wp\/v2\/pages\/32221","targetHints":{"allow":["GET"]}}],"collection":[{"href":"https:\/\/www.iceireland.com\/fr\/wp-json\/wp\/v2\/pages"}],"about":[{"href":"https:\/\/www.iceireland.com\/fr\/wp-json\/wp\/v2\/types\/page"}],"author":[{"embeddable":true,"href":"https:\/\/www.iceireland.com\/fr\/wp-json\/wp\/v2\/users\/1"}],"replies":[{"embeddable":true,"href":"https:\/\/www.iceireland.com\/fr\/wp-json\/wp\/v2\/comments?post=32221"}],"version-history":[{"count":0,"href":"https:\/\/www.iceireland.com\/fr\/wp-json\/wp\/v2\/pages\/32221\/revisions"}],"up":[{"embeddable":true,"href":"https:\/\/www.iceireland.com\/fr\/wp-json\/wp\/v2\/pages\/31916"}],"wp:attachment":[{"href":"https:\/\/www.iceireland.com\/fr\/wp-json\/wp\/v2\/media?parent=32221"}],"curies":[{"name":"wp","href":"https:\/\/api.w.org\/{rel}","templated":true}]}}