{"id":32247,"date":"2014-11-12T15:03:17","date_gmt":"2014-11-12T15:03:17","guid":{"rendered":"https:\/\/www.iceireland.com\/study-abroad-host-family\/"},"modified":"2026-01-30T16:38:29","modified_gmt":"2026-01-30T16:38:29","slug":"study-abroad-host-family","status":"publish","type":"page","link":"https:\/\/www.iceireland.com\/fr\/study-abroad-host-family\/","title":{"rendered":"Famille d&rsquo;accueil adulte"},"content":{"rendered":"\t\t<div data-elementor-type=\"wp-page\" data-elementor-id=\"32247\" class=\"elementor elementor-32247 elementor-657\" data-elementor-post-type=\"page\">\n\t\t\t\t\t\t<section class=\"elementor-section elementor-top-section elementor-element elementor-element-4e9cc1c elementor-section-content-middle elementor-section-boxed elementor-section-height-default elementor-section-height-default\" data-id=\"4e9cc1c\" data-element_type=\"section\" data-e-type=\"section\">\n\t\t\t\t\t\t<div class=\"elementor-container elementor-column-gap-no\">\n\t\t\t\t\t<div class=\"elementor-column elementor-col-100 elementor-top-column elementor-element elementor-element-142e06c\" data-id=\"142e06c\" data-element_type=\"column\" data-e-type=\"column\">\n\t\t\t<div class=\"elementor-widget-wrap elementor-element-populated\">\n\t\t\t\t\t\t<div class=\"elementor-element elementor-element-0fa216a elementor-widget elementor-widget-heading\" data-id=\"0fa216a\" data-element_type=\"widget\" data-e-type=\"widget\" data-widget_type=\"heading.default\">\n\t\t\t\t<div class=\"elementor-widget-container\">\n\t\t\t\t\t<h1 class=\"elementor-heading-title elementor-size-default\">H\u00e9bergement en famille d'accueil<\/h1>\t\t\t\t<\/div>\n\t\t\t\t<\/div>\n\t\t\t\t\t<\/div>\n\t\t<\/div>\n\t\t\t\t\t<\/div>\n\t\t<\/section>\n\t\t\t\t<section class=\"elementor-section elementor-top-section elementor-element elementor-element-a56626b elementor-section-content-middle elementor-section-stretched elementor-section-boxed elementor-section-height-default elementor-section-height-default\" data-id=\"a56626b\" data-element_type=\"section\" data-e-type=\"section\" data-settings=\"{&quot;background_background&quot;:&quot;classic&quot;,&quot;stretch_section&quot;:&quot;section-stretched&quot;}\">\n\t\t\t\t\t\t<div class=\"elementor-container elementor-column-gap-no\">\n\t\t\t\t\t<div class=\"elementor-column elementor-col-50 elementor-top-column elementor-element elementor-element-ad9d52d\" data-id=\"ad9d52d\" data-element_type=\"column\" data-e-type=\"column\" data-settings=\"{&quot;background_background&quot;:&quot;classic&quot;}\">\n\t\t\t<div class=\"elementor-widget-wrap elementor-element-populated\">\n\t\t\t\t\t\t<div class=\"elementor-element elementor-element-2d974c4 elementor-widget elementor-widget-spacer\" data-id=\"2d974c4\" data-element_type=\"widget\" data-e-type=\"widget\" data-widget_type=\"spacer.default\">\n\t\t\t\t<div class=\"elementor-widget-container\">\n\t\t\t\t\t\t\t<div class=\"elementor-spacer\">\n\t\t\t<div class=\"elementor-spacer-inner\"><\/div>\n\t\t<\/div>\n\t\t\t\t\t\t<\/div>\n\t\t\t\t<\/div>\n\t\t\t\t\t<\/div>\n\t\t<\/div>\n\t\t\t\t<div class=\"elementor-column elementor-col-50 elementor-top-column elementor-element elementor-element-158f932\" data-id=\"158f932\" data-element_type=\"column\" data-e-type=\"column\" data-settings=\"{&quot;background_background&quot;:&quot;classic&quot;}\">\n\t\t\t<div class=\"elementor-widget-wrap elementor-element-populated\">\n\t\t\t\t\t\t<section class=\"elementor-section elementor-inner-section elementor-element elementor-element-80348ba elementor-section-boxed elementor-section-height-default elementor-section-height-default\" data-id=\"80348ba\" data-element_type=\"section\" data-e-type=\"section\">\n\t\t\t\t\t\t<div class=\"elementor-container elementor-column-gap-default\">\n\t\t\t\t\t<div class=\"elementor-column elementor-col-100 elementor-inner-column elementor-element elementor-element-2dd7c50\" data-id=\"2dd7c50\" data-element_type=\"column\" data-e-type=\"column\">\n\t\t\t<div class=\"elementor-widget-wrap\">\n\t\t\t\t\t\t\t<\/div>\n\t\t<\/div>\n\t\t\t\t\t<\/div>\n\t\t<\/section>\n\t\t\t\t<div class=\"elementor-element elementor-element-5967be2 elementor-widget elementor-widget-text-editor\" data-id=\"5967be2\" data-element_type=\"widget\" data-e-type=\"widget\" data-widget_type=\"text-editor.default\">\n\t\t\t\t<div class=\"elementor-widget-container\">\n\t\t\t\t\t\t\t\t\t<p>Des h\u00f4tes irlandais sympathiques et accueillants, des chambres confortables \u00e0 quelques minutes \u00e0 pied ou \u00e0 courte distance en bus ou en train de notre \u00e9cole, vous permettront de vivre une exp\u00e9rience id\u00e9ale.<\/p><ul><li>Pension compl\u00e8te<\/li><li>Chambre individuelle<\/li><li>280 \u20ac par semaine<\/li><li>Distance de marche ou court trajet en bus\/train<\/li><\/ul>\t\t\t\t\t\t\t\t<\/div>\n\t\t\t\t<\/div>\n\t\t\t\t<section class=\"elementor-section elementor-inner-section elementor-element elementor-element-490ae53 elementor-section-boxed elementor-section-height-default elementor-section-height-default\" data-id=\"490ae53\" data-element_type=\"section\" data-e-type=\"section\">\n\t\t\t\t\t\t<div class=\"elementor-container elementor-column-gap-default\">\n\t\t\t\t\t<div class=\"elementor-column elementor-col-100 elementor-inner-column elementor-element elementor-element-97768cf\" data-id=\"97768cf\" data-element_type=\"column\" data-e-type=\"column\">\n\t\t\t<div class=\"elementor-widget-wrap\">\n\t\t\t\t\t\t\t<\/div>\n\t\t<\/div>\n\t\t\t\t\t<\/div>\n\t\t<\/section>\n\t\t\t\t\t<\/div>\n\t\t<\/div>\n\t\t\t\t\t<\/div>\n\t\t<\/section>\n\t\t\t\t<section class=\"elementor-section elementor-top-section elementor-element elementor-element-f70dfe6 elementor-section-boxed elementor-section-height-default elementor-section-height-default\" data-id=\"f70dfe6\" data-element_type=\"section\" data-e-type=\"section\">\n\t\t\t\t\t\t<div class=\"elementor-container elementor-column-gap-default\">\n\t\t\t\t\t<div class=\"elementor-column elementor-col-100 elementor-top-column elementor-element elementor-element-b370312\" data-id=\"b370312\" data-element_type=\"column\" data-e-type=\"column\">\n\t\t\t<div class=\"elementor-widget-wrap elementor-element-populated\">\n\t\t\t\t\t\t<div class=\"elementor-element elementor-element-02494d1 elementor-widget elementor-widget-spacer\" data-id=\"02494d1\" data-element_type=\"widget\" data-e-type=\"widget\" data-widget_type=\"spacer.default\">\n\t\t\t\t<div class=\"elementor-widget-container\">\n\t\t\t\t\t\t\t<div class=\"elementor-spacer\">\n\t\t\t<div class=\"elementor-spacer-inner\"><\/div>\n\t\t<\/div>\n\t\t\t\t\t\t<\/div>\n\t\t\t\t<\/div>\n\t\t\t\t\t<\/div>\n\t\t<\/div>\n\t\t\t\t\t<\/div>\n\t\t<\/section>\n\t\t\t\t<section class=\"elementor-section elementor-top-section elementor-element elementor-element-1ac13f3d elementor-section-boxed elementor-section-height-default elementor-section-height-default\" data-id=\"1ac13f3d\" data-element_type=\"section\" data-e-type=\"section\">\n\t\t\t\t\t\t<div class=\"elementor-container elementor-column-gap-default\">\n\t\t\t\t\t<div class=\"elementor-column elementor-col-100 elementor-top-column elementor-element elementor-element-2548a6dd\" data-id=\"2548a6dd\" data-element_type=\"column\" data-e-type=\"column\">\n\t\t\t<div class=\"elementor-widget-wrap elementor-element-populated\">\n\t\t\t\t\t\t<div class=\"elementor-element elementor-element-61fd282e elementor-widget elementor-widget-text-editor\" data-id=\"61fd282e\" data-element_type=\"widget\" data-e-type=\"widget\" data-widget_type=\"text-editor.default\">\n\t\t\t\t<div class=\"elementor-widget-container\">\n\t\t\t\t\t\t\t\t\t<div id=\"page-view\" class=\"full-width\"> <\/div><h2>Autres options d&rsquo;h\u00e9bergement :<\/h2><p> <\/p><h4 class=\"full-width\"><strong>H\u00e9bergement h\u00f4telier<\/strong><\/h4><p>Le Grand Hotel est un magnifique h\u00f4tel 4 \u00e9toiles situ\u00e9 dans le centre de Malahide et \u00e0 quelques minutes \u00e0 pied de notre \u00e9cole.<\/p><p><strong><a href=\"http:\/\/www.thegrand.ie\" target=\"_blank\" rel=\"noopener noreferrer\">www.thegrand.ie<\/a><\/strong><\/p><h4> <\/h4><h4><strong>Airbnb<\/strong><\/h4><p>Cherchez dans des r\u00e9gions comme Malahide, Swords, Portmarnock pour voir ce qui est propos\u00e9.<\/p><p><strong><a href=\"http:\/\/www.airbnb.ie\" target=\"_blank\" rel=\"noopener noreferrer\">www.airbnb.ie<\/a><\/strong><\/p><h4> <\/h4><h4><strong>Louer une chambre ou un appartement<\/strong><\/h4><p>Cherchez dans des r\u00e9gions comme Malahide, Swords, Portmarnock pour voir ce qui est propos\u00e9.<\/p><p><strong><a href=\"http:\/\/www.daft.ie\" target=\"_blank\" rel=\"noopener noreferrer\">www.daft.ie<\/a><\/strong><\/p>\t\t\t\t\t\t\t\t<\/div>\n\t\t\t\t<\/div>\n\t\t\t\t\t<\/div>\n\t\t<\/div>\n\t\t\t\t\t<\/div>\n\t\t<\/section>\n\t\t\t\t<\/div>\n\t\t","protected":false},"excerpt":{"rendered":"<p>H\u00e9bergement en famille d&rsquo;accueil Des h\u00f4tes irlandais sympathiques et accueillants, des chambres confortables \u00e0 quelques minutes \u00e0 pied ou \u00e0 courte distance en bus ou en train de notre \u00e9cole, vous permettront de vivre une exp\u00e9rience id\u00e9ale. Pension compl\u00e8te Chambre individuelle 280 \u20ac par semaine Distance de marche ou court trajet en bus\/train Autres options [&hellip;]<\/p>\n","protected":false},"author":3,"featured_media":0,"parent":0,"menu_order":0,"comment_status":"open","ping_status":"closed","template":"","meta":{"content-type":"","footnotes":""},"class_list":["post-32247","page","type-page","status-publish","hentry"],"yoast_head":"<!-- This site is optimized with the Yoast SEO plugin v27.3 - https:\/\/yoast.com\/product\/yoast-seo-wordpress\/ -->\n<title>\u00c9tudier \u00e0 l&#039;\u00e9tranger - H\u00e9bergement de qualit\u00e9 en famille d&#039;accueil<\/title>\n<meta name=\"description\" content=\"Immergez-vous dans la langue - R\u00e9servez un s\u00e9jour d&#039;\u00e9tudes en anglais et profitez de familles d&#039;accueil formidables \u00e0 quelques pas ou \u00e0 un tr\u00e8s court trajet en bus de l&#039;\u00e9cole dans la belle ville de Malahide et ses environs \u00e0 Dublin.\" \/>\n<meta name=\"robots\" content=\"index, follow, max-snippet:-1, max-image-preview:large, max-video-preview:-1\" \/>\n<link rel=\"canonical\" href=\"https:\/\/www.iceireland.com\/fr\/study-abroad-host-family\/\" \/>\n<meta property=\"og:locale\" content=\"fr_FR\" \/>\n<meta property=\"og:type\" content=\"article\" \/>\n<meta property=\"og:title\" content=\"\u00c9tudier \u00e0 l&#039;\u00e9tranger - H\u00e9bergement de qualit\u00e9 en famille d&#039;accueil\" \/>\n<meta property=\"og:description\" content=\"Immergez-vous dans la langue - R\u00e9servez un s\u00e9jour d&#039;\u00e9tudes en anglais et profitez de familles d&#039;accueil formidables \u00e0 quelques pas ou \u00e0 un tr\u00e8s court trajet en bus de l&#039;\u00e9cole dans la belle ville de Malahide et ses environs \u00e0 Dublin.\" \/>\n<meta property=\"og:url\" content=\"https:\/\/www.iceireland.com\/fr\/study-abroad-host-family\/\" \/>\n<meta property=\"og:site_name\" content=\"Irish College of English\" \/>\n<meta property=\"article:modified_time\" content=\"2026-01-30T16:38:29+00:00\" \/>\n<meta name=\"twitter:label1\" content=\"Dur\u00e9e de lecture estim\u00e9e\" \/>\n\t<meta name=\"twitter:data1\" content=\"1 minute\" \/>\n<script type=\"application\/ld+json\" class=\"yoast-schema-graph\">{\"@context\":\"https:\\\/\\\/schema.org\",\"@graph\":[{\"@type\":\"WebPage\",\"@id\":\"https:\\\/\\\/www.iceireland.com\\\/fr\\\/study-abroad-host-family\\\/\",\"url\":\"https:\\\/\\\/www.iceireland.com\\\/fr\\\/study-abroad-host-family\\\/\",\"name\":\"\u00c9tudier \u00e0 l'\u00e9tranger - H\u00e9bergement de qualit\u00e9 en famille d'accueil\",\"isPartOf\":{\"@id\":\"https:\\\/\\\/www.iceireland.com\\\/fr\\\/#website\"},\"datePublished\":\"2014-11-12T15:03:17+00:00\",\"dateModified\":\"2026-01-30T16:38:29+00:00\",\"description\":\"Immergez-vous dans la langue - R\u00e9servez un s\u00e9jour d'\u00e9tudes en anglais et profitez de familles d'accueil formidables \u00e0 quelques pas ou \u00e0 un tr\u00e8s court trajet en bus de l'\u00e9cole dans la belle ville de Malahide et ses environs \u00e0 Dublin.\",\"breadcrumb\":{\"@id\":\"https:\\\/\\\/www.iceireland.com\\\/fr\\\/study-abroad-host-family\\\/#breadcrumb\"},\"inLanguage\":\"fr-FR\",\"potentialAction\":[{\"@type\":\"ReadAction\",\"target\":[\"https:\\\/\\\/www.iceireland.com\\\/fr\\\/study-abroad-host-family\\\/\"]}]},{\"@type\":\"BreadcrumbList\",\"@id\":\"https:\\\/\\\/www.iceireland.com\\\/fr\\\/study-abroad-host-family\\\/#breadcrumb\",\"itemListElement\":[{\"@type\":\"ListItem\",\"position\":1,\"name\":\"Home\",\"item\":\"https:\\\/\\\/www.iceireland.com\\\/fr\\\/\"},{\"@type\":\"ListItem\",\"position\":2,\"name\":\"Famille d&rsquo;accueil adulte\"}]},{\"@type\":\"WebSite\",\"@id\":\"https:\\\/\\\/www.iceireland.com\\\/fr\\\/#website\",\"url\":\"https:\\\/\\\/www.iceireland.com\\\/fr\\\/\",\"name\":\"Irish College of English\",\"description\":\"English School in Dublin, Malahide\",\"publisher\":{\"@id\":\"https:\\\/\\\/www.iceireland.com\\\/fr\\\/#organization\"},\"potentialAction\":[{\"@type\":\"SearchAction\",\"target\":{\"@type\":\"EntryPoint\",\"urlTemplate\":\"https:\\\/\\\/www.iceireland.com\\\/fr\\\/?s={search_term_string}\"},\"query-input\":{\"@type\":\"PropertyValueSpecification\",\"valueRequired\":true,\"valueName\":\"search_term_string\"}}],\"inLanguage\":\"fr-FR\"},{\"@type\":\"Organization\",\"@id\":\"https:\\\/\\\/www.iceireland.com\\\/fr\\\/#organization\",\"name\":\"Irish College of English\",\"url\":\"https:\\\/\\\/www.iceireland.com\\\/fr\\\/\",\"logo\":{\"@type\":\"ImageObject\",\"inLanguage\":\"fr-FR\",\"@id\":\"https:\\\/\\\/www.iceireland.com\\\/fr\\\/#\\\/schema\\\/logo\\\/image\\\/\",\"url\":\"https:\\\/\\\/www.iceireland.com\\\/wp-content\\\/uploads\\\/2022\\\/03\\\/logo.png\",\"contentUrl\":\"https:\\\/\\\/www.iceireland.com\\\/wp-content\\\/uploads\\\/2022\\\/03\\\/logo.png\",\"width\":593,\"height\":92,\"caption\":\"Irish College of English\"},\"image\":{\"@id\":\"https:\\\/\\\/www.iceireland.com\\\/fr\\\/#\\\/schema\\\/logo\\\/image\\\/\"}}]}<\/script>\n<!-- \/ Yoast SEO plugin. -->","yoast_head_json":{"title":"\u00c9tudier \u00e0 l'\u00e9tranger - H\u00e9bergement de qualit\u00e9 en famille d'accueil","description":"Immergez-vous dans la langue - R\u00e9servez un s\u00e9jour d'\u00e9tudes en anglais et profitez de familles d'accueil formidables \u00e0 quelques pas ou \u00e0 un tr\u00e8s court trajet en bus de l'\u00e9cole dans la belle ville de Malahide et ses environs \u00e0 Dublin.","robots":{"index":"index","follow":"follow","max-snippet":"max-snippet:-1","max-image-preview":"max-image-preview:large","max-video-preview":"max-video-preview:-1"},"canonical":"https:\/\/www.iceireland.com\/fr\/study-abroad-host-family\/","og_locale":"fr_FR","og_type":"article","og_title":"\u00c9tudier \u00e0 l'\u00e9tranger - H\u00e9bergement de qualit\u00e9 en famille d'accueil","og_description":"Immergez-vous dans la langue - R\u00e9servez un s\u00e9jour d'\u00e9tudes en anglais et profitez de familles d'accueil formidables \u00e0 quelques pas ou \u00e0 un tr\u00e8s court trajet en bus de l'\u00e9cole dans la belle ville de Malahide et ses environs \u00e0 Dublin.","og_url":"https:\/\/www.iceireland.com\/fr\/study-abroad-host-family\/","og_site_name":"Irish College of English","article_modified_time":"2026-01-30T16:38:29+00:00","twitter_misc":{"Dur\u00e9e de lecture estim\u00e9e":"1 minute"},"schema":{"@context":"https:\/\/schema.org","@graph":[{"@type":"WebPage","@id":"https:\/\/www.iceireland.com\/fr\/study-abroad-host-family\/","url":"https:\/\/www.iceireland.com\/fr\/study-abroad-host-family\/","name":"\u00c9tudier \u00e0 l'\u00e9tranger - H\u00e9bergement de qualit\u00e9 en famille d'accueil","isPartOf":{"@id":"https:\/\/www.iceireland.com\/fr\/#website"},"datePublished":"2014-11-12T15:03:17+00:00","dateModified":"2026-01-30T16:38:29+00:00","description":"Immergez-vous dans la langue - R\u00e9servez un s\u00e9jour d'\u00e9tudes en anglais et profitez de familles d'accueil formidables \u00e0 quelques pas ou \u00e0 un tr\u00e8s court trajet en bus de l'\u00e9cole dans la belle ville de Malahide et ses environs \u00e0 Dublin.","breadcrumb":{"@id":"https:\/\/www.iceireland.com\/fr\/study-abroad-host-family\/#breadcrumb"},"inLanguage":"fr-FR","potentialAction":[{"@type":"ReadAction","target":["https:\/\/www.iceireland.com\/fr\/study-abroad-host-family\/"]}]},{"@type":"BreadcrumbList","@id":"https:\/\/www.iceireland.com\/fr\/study-abroad-host-family\/#breadcrumb","itemListElement":[{"@type":"ListItem","position":1,"name":"Home","item":"https:\/\/www.iceireland.com\/fr\/"},{"@type":"ListItem","position":2,"name":"Famille d&rsquo;accueil adulte"}]},{"@type":"WebSite","@id":"https:\/\/www.iceireland.com\/fr\/#website","url":"https:\/\/www.iceireland.com\/fr\/","name":"Irish College of English","description":"English School in Dublin, Malahide","publisher":{"@id":"https:\/\/www.iceireland.com\/fr\/#organization"},"potentialAction":[{"@type":"SearchAction","target":{"@type":"EntryPoint","urlTemplate":"https:\/\/www.iceireland.com\/fr\/?s={search_term_string}"},"query-input":{"@type":"PropertyValueSpecification","valueRequired":true,"valueName":"search_term_string"}}],"inLanguage":"fr-FR"},{"@type":"Organization","@id":"https:\/\/www.iceireland.com\/fr\/#organization","name":"Irish College of English","url":"https:\/\/www.iceireland.com\/fr\/","logo":{"@type":"ImageObject","inLanguage":"fr-FR","@id":"https:\/\/www.iceireland.com\/fr\/#\/schema\/logo\/image\/","url":"https:\/\/www.iceireland.com\/wp-content\/uploads\/2022\/03\/logo.png","contentUrl":"https:\/\/www.iceireland.com\/wp-content\/uploads\/2022\/03\/logo.png","width":593,"height":92,"caption":"Irish College of English"},"image":{"@id":"https:\/\/www.iceireland.com\/fr\/#\/schema\/logo\/image\/"}}]}},"_links":{"self":[{"href":"https:\/\/www.iceireland.com\/fr\/wp-json\/wp\/v2\/pages\/32247","targetHints":{"allow":["GET"]}}],"collection":[{"href":"https:\/\/www.iceireland.com\/fr\/wp-json\/wp\/v2\/pages"}],"about":[{"href":"https:\/\/www.iceireland.com\/fr\/wp-json\/wp\/v2\/types\/page"}],"author":[{"embeddable":true,"href":"https:\/\/www.iceireland.com\/fr\/wp-json\/wp\/v2\/users\/3"}],"replies":[{"embeddable":true,"href":"https:\/\/www.iceireland.com\/fr\/wp-json\/wp\/v2\/comments?post=32247"}],"version-history":[{"count":2,"href":"https:\/\/www.iceireland.com\/fr\/wp-json\/wp\/v2\/pages\/32247\/revisions"}],"predecessor-version":[{"id":32305,"href":"https:\/\/www.iceireland.com\/fr\/wp-json\/wp\/v2\/pages\/32247\/revisions\/32305"}],"wp:attachment":[{"href":"https:\/\/www.iceireland.com\/fr\/wp-json\/wp\/v2\/media?parent=32247"}],"curies":[{"name":"wp","href":"https:\/\/api.w.org\/{rel}","templated":true}]}}