{"id":32293,"date":"2014-10-20T08:40:07","date_gmt":"2014-10-20T08:40:07","guid":{"rendered":"https:\/\/www.iceireland.com\/study-english-in-ireland\/"},"modified":"2014-10-20T08:40:07","modified_gmt":"2014-10-20T08:40:07","slug":"study-english-in-ireland","status":"publish","type":"page","link":"https:\/\/www.iceireland.com\/fr\/study-english-in-ireland\/","title":{"rendered":"\u00c9tudier l&rsquo;anglais en Irlande"},"content":{"rendered":"<h2>\u00c9tudier l&rsquo;anglais en Irlande<\/h2>\n<p>Notre succursale de Malahide se trouve \u00e0 seulement 20 minutes du <strong>centre ville de Dublin<\/strong> et \u00e0 10 minutes de l&rsquo;a\u00e9roport de Dublin. L&rsquo;Irish College of English est tr\u00e8s pratique et accessible pour apprendre l&rsquo;anglais et passer du bon temps \u00e0 Dublin. Dublin est l&rsquo;une des <strong>capitales les plus accueillantes au monde<\/strong> et un endroit o\u00f9 il fait bon vivre.  <\/p>\n<p><strong>Des normes \u00e9ducatives \u00e9lev\u00e9es en anglais<\/strong><\/p>\n<p>L&rsquo;Irlande est un endroit id\u00e9al pour \u00e9tudier l&rsquo;anglais et est r\u00e9put\u00e9e pour \u00eatre un pays accueillant et amical. L&rsquo;Irlande est connue pour ses <strong>normes \u00e9lev\u00e9es en mati\u00e8re d&rsquo;apprentissage de l&rsquo;anglais<\/strong> et de qualit\u00e9 de l&rsquo;enseignement. L&rsquo;Irish College of English est un prestataire d&rsquo;enseignement de premier plan, avec deux succursales \u00e0 Dublin, reconnu par le minist\u00e8re de l&rsquo;\u00c9ducation et membre de l&rsquo;IEDM.  <\/p>\n<p><strong>L&rsquo;accent irlandais<\/strong><\/p>\n<p>L&rsquo;accent irlandais, en particulier l&rsquo;accent de Dublin, est <strong>clair et facile \u00e0 comprendre<\/strong>. Cela rend vos \u00e9tudes d&rsquo;anglais plus faciles et plus agr\u00e9ables lorsque vous utilisez la langue avec des locaux au quotidien, pendant votre s\u00e9jour linguistique \u00e0 Dublin. <\/p>\n<p><strong>Paysages rafra\u00eechissants<\/strong><\/p>\n<p>La beaut\u00e9 rafra\u00eechissante des paysages verdoyants est une autre raison de choisir d&rsquo;\u00e9tudier l&rsquo;anglais en Irlande. La campagne pr\u00e9serv\u00e9e, les longues plages de sable, le littoral spectaculaire, les lacs, les collines et les villages pittoresques font de l&rsquo;Irlande une destination incontournable. L&rsquo;Irlande a \u00e9galement connu une croissance rapide au cours des 20 derni\u00e8res ann\u00e9es et offre des installations et des services de premier ordre. Malgr\u00e9 ces changements, elle n&rsquo;a pas perdu son identit\u00e9 particuli\u00e8re, sa culture ou son sens des valeurs traditionnelles.   <\/p>\n<p><strong>Un accueil chaleureux<\/strong><\/p>\n<p>\u00c9tudiez l&rsquo;anglais en Irlande et vivez une exp\u00e9rience sans pareille. L&rsquo;Irlande a l&rsquo;allure d&rsquo;un village et ses habitants sont amicaux et serviables envers les \u00e9tudiants en langues \u00e9trang\u00e8res et les jeunes. Dublin est l&rsquo;une des capitales les plus passionnantes d&rsquo;Europe. Elle est optimiste et dynamique et sa population est jeune. La sc\u00e8ne sociale y est donc tr\u00e8s anim\u00e9e. Dublin est r\u00e9put\u00e9e pour sa richesse culturelle et musicale. Vous trouverez \u00e0 chaque coin de rue un pub ou un club anim\u00e9 o\u00f9 vous pourrez d\u00e9guster une pinte de Guinness en \u00e9coutant de la musique traditionnelle.     <\/p>\n<p>La ville abrite le c\u00e9l\u00e8bre Trinity College, les mus\u00e9es nationaux, la National Gallery et Temple Bar pour s&rsquo;amuser. Les amateurs de shopping appr\u00e9cieront vraiment l&rsquo;exp\u00e9rience de la vente au d\u00e9tail \u00e0 Dublin. La mer, les montagnes et la campagne se trouvent toutes \u00e0 une heure de route du centre-ville et sont accessibles par les transports publics. Les th\u00e9\u00e2tres de Dublin sont c\u00e9l\u00e8bres dans le monde entier et le National Concert Hall r\u00e9pond \u00e0 tous les go\u00fbts musicaux. Les sports tels que le golf, le tennis et l&rsquo;\u00e9quitation sont tous disponibles, facilement accessibles et proches de la ville. Et n&rsquo;oubliez pas notre accueil, m\u00eame si Dublin est une capitale, contrairement \u00e0 d&rsquo;autres, elle se sent petite et s\u00fbre, il est facile de s&rsquo;y d\u00e9placer et tr\u00e8s vite vous vous sentirez chez vous.     <\/p>\n<p>&nbsp;<\/p>\n<p><a href=\"http:\/\/bit.ly\/30uWaD3\"><img fetchpriority=\"high\" decoding=\"async\" class=\"alignleft wp-image-5111\" style=\"margin-right: 25px;\" src=\"https:\/\/www.iceireland.com\/wp-content\/uploads\/2019\/09\/3-2-182x300.jpg\" alt=\"\" width=\"212\" height=\"350\" srcset=\"https:\/\/www.iceireland.com\/wp-content\/uploads\/2019\/09\/3-2-182x300.jpg 182w, https:\/\/www.iceireland.com\/wp-content\/uploads\/2019\/09\/3-2.jpg 424w\" sizes=\"(max-width: 212px) 100vw, 212px\" \/><\/a> <a href=\"http:\/\/bit.ly\/2kwaCet\"><img decoding=\"async\" class=\"alignleft wp-image-5110\" style=\"margin-right: 25px;\" src=\"https:\/\/www.iceireland.com\/wp-content\/uploads\/2019\/09\/junior-summer-camp-in-dublin-150x150.jpg\" alt=\"\" width=\"212\" height=\"350\"><\/a> <a href=\"http:\/\/bit.ly\/2P6BBvt\"><img decoding=\"async\" class=\"alignleft wp-image-5109\" style=\"margin-right: 25px;\" src=\"https:\/\/www.iceireland.com\/wp-content\/uploads\/2019\/09\/1-1-182x300.jpg\" alt=\"\" width=\"212\" height=\"350\" srcset=\"https:\/\/www.iceireland.com\/wp-content\/uploads\/2019\/09\/1-1-182x300.jpg 182w, https:\/\/www.iceireland.com\/wp-content\/uploads\/2019\/09\/1-1.jpg 424w\" sizes=\"(max-width: 212px) 100vw, 212px\" \/><\/a> <a href=\"https:\/\/www.iceireland.com\/wp-content\/uploads\/2019\/08\/English-Courses-and-Fees-2021.pdf\"><img loading=\"lazy\" decoding=\"async\" class=\"alignleft wp-image-5112\" style=\"margin-right: 25px;\" src=\"https:\/\/www.iceireland.com\/wp-content\/uploads\/2019\/09\/english-courses-dublin-182x300.jpg\" alt=\"\" width=\"212\" height=\"350\" srcset=\"https:\/\/www.iceireland.com\/wp-content\/uploads\/2019\/09\/english-courses-dublin-182x300.jpg 182w, https:\/\/www.iceireland.com\/wp-content\/uploads\/2019\/09\/english-courses-dublin.jpg 424w\" sizes=\"(max-width: 212px) 100vw, 212px\" \/><\/a> <a href=\"mailto:info@iceireland.com\"><img loading=\"lazy\" decoding=\"async\" class=\"alignleft wp-image-4832\" src=\"https:\/\/www.iceireland.com\/wp-content\/uploads\/2019\/08\/BOOK-NOW-e1567611851930.jpg\" alt=\"\" width=\"212\" height=\"300\"><\/a><\/p>\n<p>&nbsp;<\/p>\n<p>&nbsp;<\/p>\n<p>&nbsp;<\/p>\n<p>&nbsp;<\/p>\n<p>&nbsp;<\/p>\n","protected":false},"excerpt":{"rendered":"<p>\u00c9tudier l&rsquo;anglais en Irlande Notre succursale de Malahide se trouve \u00e0 seulement 20 minutes du centre ville de Dublin et \u00e0 10 minutes de l&rsquo;a\u00e9roport de Dublin. L&rsquo;Irish College of English est tr\u00e8s pratique et accessible pour apprendre l&rsquo;anglais et passer du bon temps \u00e0 Dublin. Dublin est l&rsquo;une des capitales les plus accueillantes au [&hellip;]<\/p>\n","protected":false},"author":1,"featured_media":0,"parent":0,"menu_order":0,"comment_status":"open","ping_status":"closed","template":"","meta":{"content-type":"","footnotes":""},"class_list":["post-32293","page","type-page","status-publish","hentry"],"yoast_head":"<!-- This site is optimized with the Yoast SEO plugin v27.3 - https:\/\/yoast.com\/product\/yoast-seo-wordpress\/ -->\n<title>\u00c9tudier l&#039;anglais en Irlande \u00e0 l&#039;Irish College of English - Malahide, Dublin<\/title>\n<meta name=\"description\" content=\"Un pays accueillant et amical, connu pour ses normes \u00e9lev\u00e9es en mati\u00e8re d&#039;apprentissage de l&#039;anglais. Immergez-vous totalement dans l&#039;anglais, choisissez l&#039;Irlande, choisissez-nous.\" \/>\n<meta name=\"robots\" content=\"index, follow, max-snippet:-1, max-image-preview:large, max-video-preview:-1\" \/>\n<link rel=\"canonical\" href=\"https:\/\/www.iceireland.com\/fr\/study-english-in-ireland\/\" \/>\n<meta property=\"og:locale\" content=\"fr_FR\" \/>\n<meta property=\"og:type\" content=\"article\" \/>\n<meta property=\"og:title\" content=\"\u00c9tudier l&#039;anglais en Irlande \u00e0 l&#039;Irish College of English - Malahide, Dublin\" \/>\n<meta property=\"og:description\" content=\"Un pays accueillant et amical, connu pour ses normes \u00e9lev\u00e9es en mati\u00e8re d&#039;apprentissage de l&#039;anglais. Immergez-vous totalement dans l&#039;anglais, choisissez l&#039;Irlande, choisissez-nous.\" \/>\n<meta property=\"og:url\" content=\"https:\/\/www.iceireland.com\/fr\/study-english-in-ireland\/\" \/>\n<meta property=\"og:site_name\" content=\"Irish College of English\" \/>\n<meta property=\"og:image\" content=\"https:\/\/www.iceireland.com\/wp-content\/uploads\/2019\/09\/3-2.jpg\" \/>\n\t<meta property=\"og:image:width\" content=\"424\" \/>\n\t<meta property=\"og:image:height\" content=\"700\" \/>\n\t<meta property=\"og:image:type\" content=\"image\/jpeg\" \/>\n<meta name=\"twitter:label1\" content=\"Dur\u00e9e de lecture estim\u00e9e\" \/>\n\t<meta name=\"twitter:data1\" content=\"3 minutes\" \/>\n<script type=\"application\/ld+json\" class=\"yoast-schema-graph\">{\"@context\":\"https:\\\/\\\/schema.org\",\"@graph\":[{\"@type\":\"WebPage\",\"@id\":\"https:\\\/\\\/www.iceireland.com\\\/fr\\\/study-english-in-ireland\\\/\",\"url\":\"https:\\\/\\\/www.iceireland.com\\\/fr\\\/study-english-in-ireland\\\/\",\"name\":\"\u00c9tudier l'anglais en Irlande \u00e0 l'Irish College of English - Malahide, Dublin\",\"isPartOf\":{\"@id\":\"https:\\\/\\\/www.iceireland.com\\\/fr\\\/#website\"},\"primaryImageOfPage\":{\"@id\":\"https:\\\/\\\/www.iceireland.com\\\/fr\\\/study-english-in-ireland\\\/#primaryimage\"},\"image\":{\"@id\":\"https:\\\/\\\/www.iceireland.com\\\/fr\\\/study-english-in-ireland\\\/#primaryimage\"},\"thumbnailUrl\":\"https:\\\/\\\/www.iceireland.com\\\/wp-content\\\/uploads\\\/2019\\\/09\\\/3-2-182x300.jpg\",\"datePublished\":\"2014-10-20T08:40:07+00:00\",\"description\":\"Un pays accueillant et amical, connu pour ses normes \u00e9lev\u00e9es en mati\u00e8re d'apprentissage de l'anglais. Immergez-vous totalement dans l'anglais, choisissez l'Irlande, choisissez-nous.\",\"breadcrumb\":{\"@id\":\"https:\\\/\\\/www.iceireland.com\\\/fr\\\/study-english-in-ireland\\\/#breadcrumb\"},\"inLanguage\":\"fr-FR\",\"potentialAction\":[{\"@type\":\"ReadAction\",\"target\":[\"https:\\\/\\\/www.iceireland.com\\\/fr\\\/study-english-in-ireland\\\/\"]}]},{\"@type\":\"ImageObject\",\"inLanguage\":\"fr-FR\",\"@id\":\"https:\\\/\\\/www.iceireland.com\\\/fr\\\/study-english-in-ireland\\\/#primaryimage\",\"url\":\"https:\\\/\\\/www.iceireland.com\\\/wp-content\\\/uploads\\\/2019\\\/09\\\/3-2-182x300.jpg\",\"contentUrl\":\"https:\\\/\\\/www.iceireland.com\\\/wp-content\\\/uploads\\\/2019\\\/09\\\/3-2-182x300.jpg\"},{\"@type\":\"BreadcrumbList\",\"@id\":\"https:\\\/\\\/www.iceireland.com\\\/fr\\\/study-english-in-ireland\\\/#breadcrumb\",\"itemListElement\":[{\"@type\":\"ListItem\",\"position\":1,\"name\":\"Home\",\"item\":\"https:\\\/\\\/www.iceireland.com\\\/fr\\\/\"},{\"@type\":\"ListItem\",\"position\":2,\"name\":\"\u00c9tudier l&rsquo;anglais en Irlande\"}]},{\"@type\":\"WebSite\",\"@id\":\"https:\\\/\\\/www.iceireland.com\\\/fr\\\/#website\",\"url\":\"https:\\\/\\\/www.iceireland.com\\\/fr\\\/\",\"name\":\"Irish College of English\",\"description\":\"English School in Dublin, Malahide\",\"publisher\":{\"@id\":\"https:\\\/\\\/www.iceireland.com\\\/fr\\\/#organization\"},\"potentialAction\":[{\"@type\":\"SearchAction\",\"target\":{\"@type\":\"EntryPoint\",\"urlTemplate\":\"https:\\\/\\\/www.iceireland.com\\\/fr\\\/?s={search_term_string}\"},\"query-input\":{\"@type\":\"PropertyValueSpecification\",\"valueRequired\":true,\"valueName\":\"search_term_string\"}}],\"inLanguage\":\"fr-FR\"},{\"@type\":\"Organization\",\"@id\":\"https:\\\/\\\/www.iceireland.com\\\/fr\\\/#organization\",\"name\":\"Irish College of English\",\"url\":\"https:\\\/\\\/www.iceireland.com\\\/fr\\\/\",\"logo\":{\"@type\":\"ImageObject\",\"inLanguage\":\"fr-FR\",\"@id\":\"https:\\\/\\\/www.iceireland.com\\\/fr\\\/#\\\/schema\\\/logo\\\/image\\\/\",\"url\":\"https:\\\/\\\/www.iceireland.com\\\/wp-content\\\/uploads\\\/2022\\\/03\\\/logo.png\",\"contentUrl\":\"https:\\\/\\\/www.iceireland.com\\\/wp-content\\\/uploads\\\/2022\\\/03\\\/logo.png\",\"width\":593,\"height\":92,\"caption\":\"Irish College of English\"},\"image\":{\"@id\":\"https:\\\/\\\/www.iceireland.com\\\/fr\\\/#\\\/schema\\\/logo\\\/image\\\/\"}}]}<\/script>\n<!-- \/ Yoast SEO plugin. -->","yoast_head_json":{"title":"\u00c9tudier l'anglais en Irlande \u00e0 l'Irish College of English - Malahide, Dublin","description":"Un pays accueillant et amical, connu pour ses normes \u00e9lev\u00e9es en mati\u00e8re d'apprentissage de l'anglais. Immergez-vous totalement dans l'anglais, choisissez l'Irlande, choisissez-nous.","robots":{"index":"index","follow":"follow","max-snippet":"max-snippet:-1","max-image-preview":"max-image-preview:large","max-video-preview":"max-video-preview:-1"},"canonical":"https:\/\/www.iceireland.com\/fr\/study-english-in-ireland\/","og_locale":"fr_FR","og_type":"article","og_title":"\u00c9tudier l'anglais en Irlande \u00e0 l'Irish College of English - Malahide, Dublin","og_description":"Un pays accueillant et amical, connu pour ses normes \u00e9lev\u00e9es en mati\u00e8re d'apprentissage de l'anglais. Immergez-vous totalement dans l'anglais, choisissez l'Irlande, choisissez-nous.","og_url":"https:\/\/www.iceireland.com\/fr\/study-english-in-ireland\/","og_site_name":"Irish College of English","og_image":[{"width":424,"height":700,"url":"https:\/\/www.iceireland.com\/wp-content\/uploads\/2019\/09\/3-2.jpg","type":"image\/jpeg"}],"twitter_misc":{"Dur\u00e9e de lecture estim\u00e9e":"3 minutes"},"schema":{"@context":"https:\/\/schema.org","@graph":[{"@type":"WebPage","@id":"https:\/\/www.iceireland.com\/fr\/study-english-in-ireland\/","url":"https:\/\/www.iceireland.com\/fr\/study-english-in-ireland\/","name":"\u00c9tudier l'anglais en Irlande \u00e0 l'Irish College of English - Malahide, Dublin","isPartOf":{"@id":"https:\/\/www.iceireland.com\/fr\/#website"},"primaryImageOfPage":{"@id":"https:\/\/www.iceireland.com\/fr\/study-english-in-ireland\/#primaryimage"},"image":{"@id":"https:\/\/www.iceireland.com\/fr\/study-english-in-ireland\/#primaryimage"},"thumbnailUrl":"https:\/\/www.iceireland.com\/wp-content\/uploads\/2019\/09\/3-2-182x300.jpg","datePublished":"2014-10-20T08:40:07+00:00","description":"Un pays accueillant et amical, connu pour ses normes \u00e9lev\u00e9es en mati\u00e8re d'apprentissage de l'anglais. Immergez-vous totalement dans l'anglais, choisissez l'Irlande, choisissez-nous.","breadcrumb":{"@id":"https:\/\/www.iceireland.com\/fr\/study-english-in-ireland\/#breadcrumb"},"inLanguage":"fr-FR","potentialAction":[{"@type":"ReadAction","target":["https:\/\/www.iceireland.com\/fr\/study-english-in-ireland\/"]}]},{"@type":"ImageObject","inLanguage":"fr-FR","@id":"https:\/\/www.iceireland.com\/fr\/study-english-in-ireland\/#primaryimage","url":"https:\/\/www.iceireland.com\/wp-content\/uploads\/2019\/09\/3-2-182x300.jpg","contentUrl":"https:\/\/www.iceireland.com\/wp-content\/uploads\/2019\/09\/3-2-182x300.jpg"},{"@type":"BreadcrumbList","@id":"https:\/\/www.iceireland.com\/fr\/study-english-in-ireland\/#breadcrumb","itemListElement":[{"@type":"ListItem","position":1,"name":"Home","item":"https:\/\/www.iceireland.com\/fr\/"},{"@type":"ListItem","position":2,"name":"\u00c9tudier l&rsquo;anglais en Irlande"}]},{"@type":"WebSite","@id":"https:\/\/www.iceireland.com\/fr\/#website","url":"https:\/\/www.iceireland.com\/fr\/","name":"Irish College of English","description":"English School in Dublin, Malahide","publisher":{"@id":"https:\/\/www.iceireland.com\/fr\/#organization"},"potentialAction":[{"@type":"SearchAction","target":{"@type":"EntryPoint","urlTemplate":"https:\/\/www.iceireland.com\/fr\/?s={search_term_string}"},"query-input":{"@type":"PropertyValueSpecification","valueRequired":true,"valueName":"search_term_string"}}],"inLanguage":"fr-FR"},{"@type":"Organization","@id":"https:\/\/www.iceireland.com\/fr\/#organization","name":"Irish College of English","url":"https:\/\/www.iceireland.com\/fr\/","logo":{"@type":"ImageObject","inLanguage":"fr-FR","@id":"https:\/\/www.iceireland.com\/fr\/#\/schema\/logo\/image\/","url":"https:\/\/www.iceireland.com\/wp-content\/uploads\/2022\/03\/logo.png","contentUrl":"https:\/\/www.iceireland.com\/wp-content\/uploads\/2022\/03\/logo.png","width":593,"height":92,"caption":"Irish College of English"},"image":{"@id":"https:\/\/www.iceireland.com\/fr\/#\/schema\/logo\/image\/"}}]}},"_links":{"self":[{"href":"https:\/\/www.iceireland.com\/fr\/wp-json\/wp\/v2\/pages\/32293","targetHints":{"allow":["GET"]}}],"collection":[{"href":"https:\/\/www.iceireland.com\/fr\/wp-json\/wp\/v2\/pages"}],"about":[{"href":"https:\/\/www.iceireland.com\/fr\/wp-json\/wp\/v2\/types\/page"}],"author":[{"embeddable":true,"href":"https:\/\/www.iceireland.com\/fr\/wp-json\/wp\/v2\/users\/1"}],"replies":[{"embeddable":true,"href":"https:\/\/www.iceireland.com\/fr\/wp-json\/wp\/v2\/comments?post=32293"}],"version-history":[{"count":0,"href":"https:\/\/www.iceireland.com\/fr\/wp-json\/wp\/v2\/pages\/32293\/revisions"}],"wp:attachment":[{"href":"https:\/\/www.iceireland.com\/fr\/wp-json\/wp\/v2\/media?parent=32293"}],"curies":[{"name":"wp","href":"https:\/\/api.w.org\/{rel}","templated":true}]}}