{"id":32397,"date":"2020-04-27T09:10:23","date_gmt":"2020-04-27T09:10:23","guid":{"rendered":"https:\/\/www.iceireland.com\/english-test\/"},"modified":"2020-04-27T09:10:23","modified_gmt":"2020-04-27T09:10:23","slug":"english-test","status":"publish","type":"page","link":"https:\/\/www.iceireland.com\/fr\/english-test\/","title":{"rendered":"Test d&rsquo;anglais"},"content":{"rendered":"<p>&nbsp;<\/p>\n<style type=\"text\/css\"> html{ margin: 0; height: 90%; overflow: hidden; } iframe{ position: absolute; left:0; right:0; bottom:0; top:0; border:0; } <\/style>\n<p><iframe id=\"typeform-full\" class=\"oc-typeform\" src=\"https:\/\/iceireland.typeform.com\/to\/khoXj5\" width=\"100%\" height=\"90%\" frameborder=\"0\"><span data-mce-type=\"bookmark\" style=\"display: inline-block; width: 0px; overflow: hidden; line-height: 0;\" class=\"mce_SELRES_start\"><\/span><\/iframe> <script type=\"text\/javascript\" src=\"https:\/\/embed.typeform.com\/embed.js\"><\/script><\/p>\n","protected":false},"excerpt":{"rendered":"<p>&nbsp;<\/p>\n","protected":false},"author":3,"featured_media":0,"parent":0,"menu_order":0,"comment_status":"closed","ping_status":"closed","template":"elementor_canvas","meta":{"content-type":"","footnotes":""},"class_list":["post-32397","page","type-page","status-publish","hentry"],"yoast_head":"<!-- This site is optimized with the Yoast SEO plugin v27.3 - https:\/\/yoast.com\/product\/yoast-seo-wordpress\/ -->\n<title>Test d&#039;anglais - Irish College of English<\/title>\n<meta name=\"description\" content=\"Ce test d&#039;anglais nous aidera \u00e0 d\u00e9terminer votre niveau d&#039;anglais. D\u00e9tendez-vous, ouvrez le test et soyez honn\u00eate dans vos r\u00e9ponses ! Nous vous souhaitons bonne chance !\" \/>\n<meta name=\"robots\" content=\"index, follow, max-snippet:-1, max-image-preview:large, max-video-preview:-1\" \/>\n<link rel=\"canonical\" href=\"https:\/\/www.iceireland.com\/fr\/english-test\/\" \/>\n<meta property=\"og:locale\" content=\"fr_FR\" \/>\n<meta property=\"og:type\" content=\"article\" \/>\n<meta property=\"og:title\" content=\"Test d&#039;anglais - Irish College of English\" \/>\n<meta property=\"og:description\" content=\"Ce test d&#039;anglais nous aidera \u00e0 d\u00e9terminer votre niveau d&#039;anglais. D\u00e9tendez-vous, ouvrez le test et soyez honn\u00eate dans vos r\u00e9ponses ! Nous vous souhaitons bonne chance !\" \/>\n<meta property=\"og:url\" content=\"https:\/\/www.iceireland.com\/fr\/english-test\/\" \/>\n<meta property=\"og:site_name\" content=\"Irish College of English\" \/>\n<script type=\"application\/ld+json\" class=\"yoast-schema-graph\">{\"@context\":\"https:\\\/\\\/schema.org\",\"@graph\":[{\"@type\":\"WebPage\",\"@id\":\"https:\\\/\\\/www.iceireland.com\\\/fr\\\/english-test\\\/\",\"url\":\"https:\\\/\\\/www.iceireland.com\\\/fr\\\/english-test\\\/\",\"name\":\"Test d'anglais - Irish College of English\",\"isPartOf\":{\"@id\":\"https:\\\/\\\/www.iceireland.com\\\/fr\\\/#website\"},\"datePublished\":\"2020-04-27T09:10:23+00:00\",\"description\":\"Ce test d'anglais nous aidera \u00e0 d\u00e9terminer votre niveau d'anglais. D\u00e9tendez-vous, ouvrez le test et soyez honn\u00eate dans vos r\u00e9ponses ! Nous vous souhaitons bonne chance !\",\"breadcrumb\":{\"@id\":\"https:\\\/\\\/www.iceireland.com\\\/fr\\\/english-test\\\/#breadcrumb\"},\"inLanguage\":\"fr-FR\",\"potentialAction\":[{\"@type\":\"ReadAction\",\"target\":[\"https:\\\/\\\/www.iceireland.com\\\/fr\\\/english-test\\\/\"]}]},{\"@type\":\"BreadcrumbList\",\"@id\":\"https:\\\/\\\/www.iceireland.com\\\/fr\\\/english-test\\\/#breadcrumb\",\"itemListElement\":[{\"@type\":\"ListItem\",\"position\":1,\"name\":\"Home\",\"item\":\"https:\\\/\\\/www.iceireland.com\\\/fr\\\/\"},{\"@type\":\"ListItem\",\"position\":2,\"name\":\"Test d&#8217;anglais\"}]},{\"@type\":\"WebSite\",\"@id\":\"https:\\\/\\\/www.iceireland.com\\\/fr\\\/#website\",\"url\":\"https:\\\/\\\/www.iceireland.com\\\/fr\\\/\",\"name\":\"Irish College of English\",\"description\":\"English School in Dublin, Malahide\",\"publisher\":{\"@id\":\"https:\\\/\\\/www.iceireland.com\\\/fr\\\/#organization\"},\"potentialAction\":[{\"@type\":\"SearchAction\",\"target\":{\"@type\":\"EntryPoint\",\"urlTemplate\":\"https:\\\/\\\/www.iceireland.com\\\/fr\\\/?s={search_term_string}\"},\"query-input\":{\"@type\":\"PropertyValueSpecification\",\"valueRequired\":true,\"valueName\":\"search_term_string\"}}],\"inLanguage\":\"fr-FR\"},{\"@type\":\"Organization\",\"@id\":\"https:\\\/\\\/www.iceireland.com\\\/fr\\\/#organization\",\"name\":\"Irish College of English\",\"url\":\"https:\\\/\\\/www.iceireland.com\\\/fr\\\/\",\"logo\":{\"@type\":\"ImageObject\",\"inLanguage\":\"fr-FR\",\"@id\":\"https:\\\/\\\/www.iceireland.com\\\/fr\\\/#\\\/schema\\\/logo\\\/image\\\/\",\"url\":\"https:\\\/\\\/www.iceireland.com\\\/wp-content\\\/uploads\\\/2022\\\/03\\\/logo.png\",\"contentUrl\":\"https:\\\/\\\/www.iceireland.com\\\/wp-content\\\/uploads\\\/2022\\\/03\\\/logo.png\",\"width\":593,\"height\":92,\"caption\":\"Irish College of English\"},\"image\":{\"@id\":\"https:\\\/\\\/www.iceireland.com\\\/fr\\\/#\\\/schema\\\/logo\\\/image\\\/\"}}]}<\/script>\n<!-- \/ Yoast SEO plugin. -->","yoast_head_json":{"title":"Test d'anglais - Irish College of English","description":"Ce test d'anglais nous aidera \u00e0 d\u00e9terminer votre niveau d'anglais. D\u00e9tendez-vous, ouvrez le test et soyez honn\u00eate dans vos r\u00e9ponses ! Nous vous souhaitons bonne chance !","robots":{"index":"index","follow":"follow","max-snippet":"max-snippet:-1","max-image-preview":"max-image-preview:large","max-video-preview":"max-video-preview:-1"},"canonical":"https:\/\/www.iceireland.com\/fr\/english-test\/","og_locale":"fr_FR","og_type":"article","og_title":"Test d'anglais - Irish College of English","og_description":"Ce test d'anglais nous aidera \u00e0 d\u00e9terminer votre niveau d'anglais. D\u00e9tendez-vous, ouvrez le test et soyez honn\u00eate dans vos r\u00e9ponses ! Nous vous souhaitons bonne chance !","og_url":"https:\/\/www.iceireland.com\/fr\/english-test\/","og_site_name":"Irish College of English","schema":{"@context":"https:\/\/schema.org","@graph":[{"@type":"WebPage","@id":"https:\/\/www.iceireland.com\/fr\/english-test\/","url":"https:\/\/www.iceireland.com\/fr\/english-test\/","name":"Test d'anglais - Irish College of English","isPartOf":{"@id":"https:\/\/www.iceireland.com\/fr\/#website"},"datePublished":"2020-04-27T09:10:23+00:00","description":"Ce test d'anglais nous aidera \u00e0 d\u00e9terminer votre niveau d'anglais. D\u00e9tendez-vous, ouvrez le test et soyez honn\u00eate dans vos r\u00e9ponses ! Nous vous souhaitons bonne chance !","breadcrumb":{"@id":"https:\/\/www.iceireland.com\/fr\/english-test\/#breadcrumb"},"inLanguage":"fr-FR","potentialAction":[{"@type":"ReadAction","target":["https:\/\/www.iceireland.com\/fr\/english-test\/"]}]},{"@type":"BreadcrumbList","@id":"https:\/\/www.iceireland.com\/fr\/english-test\/#breadcrumb","itemListElement":[{"@type":"ListItem","position":1,"name":"Home","item":"https:\/\/www.iceireland.com\/fr\/"},{"@type":"ListItem","position":2,"name":"Test d&#8217;anglais"}]},{"@type":"WebSite","@id":"https:\/\/www.iceireland.com\/fr\/#website","url":"https:\/\/www.iceireland.com\/fr\/","name":"Irish College of English","description":"English School in Dublin, Malahide","publisher":{"@id":"https:\/\/www.iceireland.com\/fr\/#organization"},"potentialAction":[{"@type":"SearchAction","target":{"@type":"EntryPoint","urlTemplate":"https:\/\/www.iceireland.com\/fr\/?s={search_term_string}"},"query-input":{"@type":"PropertyValueSpecification","valueRequired":true,"valueName":"search_term_string"}}],"inLanguage":"fr-FR"},{"@type":"Organization","@id":"https:\/\/www.iceireland.com\/fr\/#organization","name":"Irish College of English","url":"https:\/\/www.iceireland.com\/fr\/","logo":{"@type":"ImageObject","inLanguage":"fr-FR","@id":"https:\/\/www.iceireland.com\/fr\/#\/schema\/logo\/image\/","url":"https:\/\/www.iceireland.com\/wp-content\/uploads\/2022\/03\/logo.png","contentUrl":"https:\/\/www.iceireland.com\/wp-content\/uploads\/2022\/03\/logo.png","width":593,"height":92,"caption":"Irish College of English"},"image":{"@id":"https:\/\/www.iceireland.com\/fr\/#\/schema\/logo\/image\/"}}]}},"_links":{"self":[{"href":"https:\/\/www.iceireland.com\/fr\/wp-json\/wp\/v2\/pages\/32397","targetHints":{"allow":["GET"]}}],"collection":[{"href":"https:\/\/www.iceireland.com\/fr\/wp-json\/wp\/v2\/pages"}],"about":[{"href":"https:\/\/www.iceireland.com\/fr\/wp-json\/wp\/v2\/types\/page"}],"author":[{"embeddable":true,"href":"https:\/\/www.iceireland.com\/fr\/wp-json\/wp\/v2\/users\/3"}],"replies":[{"embeddable":true,"href":"https:\/\/www.iceireland.com\/fr\/wp-json\/wp\/v2\/comments?post=32397"}],"version-history":[{"count":0,"href":"https:\/\/www.iceireland.com\/fr\/wp-json\/wp\/v2\/pages\/32397\/revisions"}],"wp:attachment":[{"href":"https:\/\/www.iceireland.com\/fr\/wp-json\/wp\/v2\/media?parent=32397"}],"curies":[{"name":"wp","href":"https:\/\/api.w.org\/{rel}","templated":true}]}}