{"id":32403,"date":"2020-04-08T12:23:59","date_gmt":"2020-04-08T12:23:59","guid":{"rendered":"https:\/\/www.iceireland.com\/individual-one-to-one-coaching\/"},"modified":"2026-01-30T16:49:32","modified_gmt":"2026-01-30T16:49:32","slug":"individual-one-to-one-coaching","status":"publish","type":"page","link":"https:\/\/www.iceireland.com\/fr\/individual-one-to-one-coaching\/","title":{"rendered":"Coaching individuel en anglais"},"content":{"rendered":"\t\t<div data-elementor-type=\"wp-page\" data-elementor-id=\"32403\" class=\"elementor elementor-32403 elementor-7107\" data-elementor-post-type=\"page\">\n\t\t\t\t\t\t<section class=\"elementor-section elementor-top-section elementor-element elementor-element-350c672f elementor-section-boxed elementor-section-height-default elementor-section-height-default\" data-id=\"350c672f\" data-element_type=\"section\" data-e-type=\"section\">\n\t\t\t\t\t\t<div class=\"elementor-container elementor-column-gap-default\">\n\t\t\t\t\t<div class=\"elementor-column elementor-col-100 elementor-top-column elementor-element elementor-element-53de478d\" data-id=\"53de478d\" data-element_type=\"column\" data-e-type=\"column\">\n\t\t\t<div class=\"elementor-widget-wrap elementor-element-populated\">\n\t\t\t\t\t\t<div class=\"elementor-element elementor-element-4d62f41d elementor-widget elementor-widget-heading\" data-id=\"4d62f41d\" data-element_type=\"widget\" data-e-type=\"widget\" data-widget_type=\"heading.default\">\n\t\t\t\t<div class=\"elementor-widget-container\">\n\t\t\t\t\t<h4 class=\"elementor-heading-title elementor-size-default\">Coaching individuel en anglais\n\n\n<\/h4>\t\t\t\t<\/div>\n\t\t\t\t<\/div>\n\t\t\t\t<div class=\"elementor-element elementor-element-6288cd48 elementor-widget elementor-widget-text-editor\" data-id=\"6288cd48\" data-element_type=\"widget\" data-e-type=\"widget\" data-widget_type=\"text-editor.default\">\n\t\t\t\t<div class=\"elementor-widget-container\">\n\t\t\t\t\t\t\t\t\t<p>Nous proposons un coaching personnel en ligne pour les individus du monde entier. Ce syst\u00e8me est id\u00e9al si vous n&rsquo;\u00eates pas \u00e0 Dublin ou si vous pr\u00e9f\u00e9rez suivre des cours particuliers depuis votre bureau, chez vous ou en travaillant en dehors du bureau. Tous nos professeurs sont tr\u00e8s exp\u00e9riment\u00e9s, titulaires d&rsquo;une licence et d&rsquo;une qualification reconnue en mati\u00e8re de FLE. Ils ont \u00e9t\u00e9 form\u00e9s par nos soins \u00e0 l&rsquo;accompagnement linguistique personnalis\u00e9 et sont en mesure de dispenser des cours particuliers attrayants et cibl\u00e9s.   <\/p>\t\t\t\t\t\t\t\t<\/div>\n\t\t\t\t<\/div>\n\t\t\t\t\t<\/div>\n\t\t<\/div>\n\t\t\t\t\t<\/div>\n\t\t<\/section>\n\t\t\t\t<section class=\"elementor-section elementor-top-section elementor-element elementor-element-1399b06 elementor-section-boxed elementor-section-height-default elementor-section-height-default\" data-id=\"1399b06\" data-element_type=\"section\" data-e-type=\"section\">\n\t\t\t\t\t\t<div class=\"elementor-container elementor-column-gap-default\">\n\t\t\t\t\t<div class=\"elementor-column elementor-col-25 elementor-top-column elementor-element elementor-element-324666e\" data-id=\"324666e\" data-element_type=\"column\" data-e-type=\"column\">\n\t\t\t<div class=\"elementor-widget-wrap\">\n\t\t\t\t\t\t\t<\/div>\n\t\t<\/div>\n\t\t\t\t<div class=\"elementor-column elementor-col-25 elementor-top-column elementor-element elementor-element-96059d4\" data-id=\"96059d4\" data-element_type=\"column\" data-e-type=\"column\">\n\t\t\t<div class=\"elementor-widget-wrap elementor-element-populated\">\n\t\t\t\t\t\t<div class=\"elementor-element elementor-element-4aa285a elementor-widget elementor-widget-image\" data-id=\"4aa285a\" data-element_type=\"widget\" data-e-type=\"widget\" data-widget_type=\"image.default\">\n\t\t\t\t<div class=\"elementor-widget-container\">\n\t\t\t\t\t\t\t\t\t\t\t\t\t\t\t<img decoding=\"async\" src=\"https:\/\/www.iceireland.com\/wp-content\/uploads\/elementor\/thumbs\/home-courses-img-2-1-onrfxyz65ylmqxexqqsp1ee92fnksyw1yrng9rqpdm.jpg\" title=\"online english courses\" alt=\"online english courses\" loading=\"lazy\" \/>\t\t\t\t\t\t\t\t\t\t\t\t\t\t\t<\/div>\n\t\t\t\t<\/div>\n\t\t\t\t<div class=\"elementor-element elementor-element-64e77895 elementor-widget elementor-widget-heading\" data-id=\"64e77895\" data-element_type=\"widget\" data-e-type=\"widget\" data-widget_type=\"heading.default\">\n\t\t\t\t<div class=\"elementor-widget-container\">\n\t\t\t\t\t<h2 class=\"elementor-heading-title elementor-size-default\">Coaching individuel\n<\/h2>\t\t\t\t<\/div>\n\t\t\t\t<\/div>\n\t\t\t\t<div class=\"elementor-element elementor-element-5d69290c elementor-widget elementor-widget-text-editor\" data-id=\"5d69290c\" data-element_type=\"widget\" data-e-type=\"widget\" data-widget_type=\"text-editor.default\">\n\t\t\t\t<div class=\"elementor-widget-container\">\n\t\t\t\t\t\t\t\t\t<ul><li>Horaires flexibles<\/li><li>D&rsquo;un \u00e0 l&rsquo;autre<\/li><li>Enseignant autochtone qualifi\u00e9<\/li><li>Analyse des besoins individuels<\/li><li>Test au niveau individuel<\/li><li>Plan sur mesure<\/li><li>Correction des devoirs<\/li><li>Examen des r\u00e9sultats<\/li><li>Certificat d&rsquo;aptitude<\/li><li>Soutien continu<\/li><\/ul>\t\t\t\t\t\t\t\t<\/div>\n\t\t\t\t<\/div>\n\t\t\t\t<div class=\"elementor-element elementor-element-5fd5097f elementor-align-center elementor-widget elementor-widget-button\" data-id=\"5fd5097f\" data-element_type=\"widget\" data-e-type=\"widget\" data-widget_type=\"button.default\">\n\t\t\t\t<div class=\"elementor-widget-container\">\n\t\t\t\t\t\t\t\t\t<div class=\"elementor-button-wrapper\">\n\t\t\t\t\t<a class=\"elementor-button elementor-button-link elementor-size-sm\" href=\"https:\/\/beyondfluent.com\/business\/courses\/individual-one-to-one-coaching\/individual-online-training\/\">\n\t\t\t\t\t\t<span class=\"elementor-button-content-wrapper\">\n\t\t\t\t\t\t\t\t\t<span class=\"elementor-button-text\">Plus d'informations<\/span>\n\t\t\t\t\t<\/span>\n\t\t\t\t\t<\/a>\n\t\t\t\t<\/div>\n\t\t\t\t\t\t\t\t<\/div>\n\t\t\t\t<\/div>\n\t\t\t\t\t<\/div>\n\t\t<\/div>\n\t\t\t\t<div class=\"elementor-column elementor-col-25 elementor-top-column elementor-element elementor-element-0d63c9c\" data-id=\"0d63c9c\" data-element_type=\"column\" data-e-type=\"column\" data-settings=\"{&quot;background_background&quot;:&quot;gradient&quot;}\">\n\t\t\t<div class=\"elementor-widget-wrap elementor-element-populated\">\n\t\t\t\t\t\t<div class=\"elementor-element elementor-element-6d32183 elementor-widget elementor-widget-heading\" data-id=\"6d32183\" data-element_type=\"widget\" data-e-type=\"widget\" data-widget_type=\"heading.default\">\n\t\t\t\t<div class=\"elementor-widget-container\">\n\t\t\t\t\t<h2 class=\"elementor-heading-title elementor-size-default\">Essayez votre premier cours gratuitement\n\n<\/h2>\t\t\t\t<\/div>\n\t\t\t\t<\/div>\n\t\t\t\t\t<\/div>\n\t\t<\/div>\n\t\t\t\t<div class=\"elementor-column elementor-col-25 elementor-top-column elementor-element elementor-element-9ed69f8\" data-id=\"9ed69f8\" data-element_type=\"column\" data-e-type=\"column\">\n\t\t\t<div class=\"elementor-widget-wrap\">\n\t\t\t\t\t\t\t<\/div>\n\t\t<\/div>\n\t\t\t\t\t<\/div>\n\t\t<\/section>\n\t\t\t\t<section class=\"elementor-section elementor-top-section elementor-element elementor-element-3244b297 elementor-section-boxed elementor-section-height-default elementor-section-height-default\" data-id=\"3244b297\" data-element_type=\"section\" data-e-type=\"section\">\n\t\t\t\t\t\t<div class=\"elementor-container elementor-column-gap-default\">\n\t\t\t\t\t\t<\/div>\n\t\t<\/section>\n\t\t\t\t<section class=\"elementor-section elementor-top-section elementor-element elementor-element-e71fce8 elementor-section-boxed elementor-section-height-default elementor-section-height-default\" data-id=\"e71fce8\" data-element_type=\"section\" data-e-type=\"section\">\n\t\t\t\t\t\t<div class=\"elementor-container elementor-column-gap-default\">\n\t\t\t\t\t<div class=\"elementor-column elementor-col-100 elementor-top-column elementor-element elementor-element-a352f04\" data-id=\"a352f04\" data-element_type=\"column\" data-e-type=\"column\">\n\t\t\t<div class=\"elementor-widget-wrap elementor-element-populated\">\n\t\t\t\t\t\t<div class=\"elementor-element elementor-element-ab9d69d elementor-widget elementor-widget-html\" data-id=\"ab9d69d\" data-element_type=\"widget\" data-e-type=\"widget\" data-widget_type=\"html.default\">\n\t\t\t\t<div class=\"elementor-widget-container\">\n\t\t\t\t\t<a href=\"https:\/\/www.iceireland.com\/fr\/english-test\/\" target=\"_blank\" rel=\"noopener noreferrer\"><img decoding=\"async\" class=\"aligncenter wp-image-7256 size-full\" src=\"https:\/\/www.iceireland.com\/wp-content\/uploads\/2020\/04\/Screenshot-2020-04-27-at-09.55.03.png\" alt=\"Essayez notre test de niveau\" width=\"353\" height=\"81\" srcset=\"https:\/\/www.iceireland.com\/wp-content\/uploads\/2020\/04\/Screenshot-2020-04-27-at-09.55.03.png 353w, https:\/\/www.iceireland.com\/wp-content\/uploads\/2020\/04\/Screenshot-2020-04-27-at-09.55.03-300x69.png 300w\" sizes=\"(max-width: 353px) 100vw, 353px\" \/><\/a>\t\t\t\t<\/div>\n\t\t\t\t<\/div>\n\t\t\t\t\t<\/div>\n\t\t<\/div>\n\t\t\t\t\t<\/div>\n\t\t<\/section>\n\t\t\t\t<\/div>\n\t\t","protected":false},"excerpt":{"rendered":"<p>Coaching individuel en anglais Nous proposons un coaching personnel en ligne pour les individus du monde entier. Ce syst\u00e8me est id\u00e9al si vous n&rsquo;\u00eates pas \u00e0 Dublin ou si vous pr\u00e9f\u00e9rez suivre des cours particuliers depuis votre bureau, chez vous ou en travaillant en dehors du bureau. Tous nos professeurs sont tr\u00e8s exp\u00e9riment\u00e9s, titulaires d&rsquo;une [&hellip;]<\/p>\n","protected":false},"author":3,"featured_media":0,"parent":0,"menu_order":0,"comment_status":"closed","ping_status":"closed","template":"elementor_header_footer","meta":{"content-type":"","footnotes":""},"class_list":["post-32403","page","type-page","status-publish","hentry"],"yoast_head":"<!-- This site is optimized with the Yoast SEO plugin v27.3 - https:\/\/yoast.com\/product\/yoast-seo-wordpress\/ -->\n<title>Coaching individuel en anglais - Irish College of English<\/title>\n<meta name=\"robots\" content=\"index, follow, max-snippet:-1, max-image-preview:large, max-video-preview:-1\" \/>\n<link rel=\"canonical\" href=\"https:\/\/www.iceireland.com\/fr\/individual-one-to-one-coaching\/\" \/>\n<meta property=\"og:locale\" content=\"fr_FR\" \/>\n<meta property=\"og:type\" content=\"article\" \/>\n<meta property=\"og:title\" content=\"Coaching individuel en anglais - Irish College of English\" \/>\n<meta property=\"og:description\" content=\"Coaching individuel en anglais Nous proposons un coaching personnel en ligne pour les individus du monde entier. Ce syst\u00e8me est id\u00e9al si vous n&rsquo;\u00eates pas \u00e0 Dublin ou si vous pr\u00e9f\u00e9rez suivre des cours particuliers depuis votre bureau, chez vous ou en travaillant en dehors du bureau. Tous nos professeurs sont tr\u00e8s exp\u00e9riment\u00e9s, titulaires d&rsquo;une [&hellip;]\" \/>\n<meta property=\"og:url\" content=\"https:\/\/www.iceireland.com\/fr\/individual-one-to-one-coaching\/\" \/>\n<meta property=\"og:site_name\" content=\"Irish College of English\" \/>\n<meta property=\"article:modified_time\" content=\"2026-01-30T16:49:32+00:00\" \/>\n<meta property=\"og:image\" content=\"https:\/\/www.iceireland.com\/wp-content\/uploads\/elementor\/thumbs\/home-courses-img-2-1-onrfxyz65ylmqxexqqsp1ee92fnksyw1yrng9rqpdm.jpg\" \/>\n<meta name=\"twitter:label1\" content=\"Dur\u00e9e de lecture estim\u00e9e\" \/>\n\t<meta name=\"twitter:data1\" content=\"1 minute\" \/>\n<script type=\"application\/ld+json\" class=\"yoast-schema-graph\">{\"@context\":\"https:\\\/\\\/schema.org\",\"@graph\":[{\"@type\":\"WebPage\",\"@id\":\"https:\\\/\\\/www.iceireland.com\\\/fr\\\/individual-one-to-one-coaching\\\/\",\"url\":\"https:\\\/\\\/www.iceireland.com\\\/fr\\\/individual-one-to-one-coaching\\\/\",\"name\":\"Coaching individuel en anglais - Irish College of English\",\"isPartOf\":{\"@id\":\"https:\\\/\\\/www.iceireland.com\\\/fr\\\/#website\"},\"primaryImageOfPage\":{\"@id\":\"https:\\\/\\\/www.iceireland.com\\\/fr\\\/individual-one-to-one-coaching\\\/#primaryimage\"},\"image\":{\"@id\":\"https:\\\/\\\/www.iceireland.com\\\/fr\\\/individual-one-to-one-coaching\\\/#primaryimage\"},\"thumbnailUrl\":\"https:\\\/\\\/www.iceireland.com\\\/wp-content\\\/uploads\\\/elementor\\\/thumbs\\\/home-courses-img-2-1-onrfxyz65ylmqxexqqsp1ee92fnksyw1yrng9rqpdm.jpg\",\"datePublished\":\"2020-04-08T12:23:59+00:00\",\"dateModified\":\"2026-01-30T16:49:32+00:00\",\"breadcrumb\":{\"@id\":\"https:\\\/\\\/www.iceireland.com\\\/fr\\\/individual-one-to-one-coaching\\\/#breadcrumb\"},\"inLanguage\":\"fr-FR\",\"potentialAction\":[{\"@type\":\"ReadAction\",\"target\":[\"https:\\\/\\\/www.iceireland.com\\\/fr\\\/individual-one-to-one-coaching\\\/\"]}]},{\"@type\":\"ImageObject\",\"inLanguage\":\"fr-FR\",\"@id\":\"https:\\\/\\\/www.iceireland.com\\\/fr\\\/individual-one-to-one-coaching\\\/#primaryimage\",\"url\":\"https:\\\/\\\/www.iceireland.com\\\/wp-content\\\/uploads\\\/elementor\\\/thumbs\\\/home-courses-img-2-1-onrfxyz65ylmqxexqqsp1ee92fnksyw1yrng9rqpdm.jpg\",\"contentUrl\":\"https:\\\/\\\/www.iceireland.com\\\/wp-content\\\/uploads\\\/elementor\\\/thumbs\\\/home-courses-img-2-1-onrfxyz65ylmqxexqqsp1ee92fnksyw1yrng9rqpdm.jpg\"},{\"@type\":\"BreadcrumbList\",\"@id\":\"https:\\\/\\\/www.iceireland.com\\\/fr\\\/individual-one-to-one-coaching\\\/#breadcrumb\",\"itemListElement\":[{\"@type\":\"ListItem\",\"position\":1,\"name\":\"Home\",\"item\":\"https:\\\/\\\/www.iceireland.com\\\/fr\\\/\"},{\"@type\":\"ListItem\",\"position\":2,\"name\":\"Coaching individuel en anglais\"}]},{\"@type\":\"WebSite\",\"@id\":\"https:\\\/\\\/www.iceireland.com\\\/fr\\\/#website\",\"url\":\"https:\\\/\\\/www.iceireland.com\\\/fr\\\/\",\"name\":\"Irish College of English\",\"description\":\"English School in Dublin, Malahide\",\"publisher\":{\"@id\":\"https:\\\/\\\/www.iceireland.com\\\/fr\\\/#organization\"},\"potentialAction\":[{\"@type\":\"SearchAction\",\"target\":{\"@type\":\"EntryPoint\",\"urlTemplate\":\"https:\\\/\\\/www.iceireland.com\\\/fr\\\/?s={search_term_string}\"},\"query-input\":{\"@type\":\"PropertyValueSpecification\",\"valueRequired\":true,\"valueName\":\"search_term_string\"}}],\"inLanguage\":\"fr-FR\"},{\"@type\":\"Organization\",\"@id\":\"https:\\\/\\\/www.iceireland.com\\\/fr\\\/#organization\",\"name\":\"Irish College of English\",\"url\":\"https:\\\/\\\/www.iceireland.com\\\/fr\\\/\",\"logo\":{\"@type\":\"ImageObject\",\"inLanguage\":\"fr-FR\",\"@id\":\"https:\\\/\\\/www.iceireland.com\\\/fr\\\/#\\\/schema\\\/logo\\\/image\\\/\",\"url\":\"https:\\\/\\\/www.iceireland.com\\\/wp-content\\\/uploads\\\/2022\\\/03\\\/logo.png\",\"contentUrl\":\"https:\\\/\\\/www.iceireland.com\\\/wp-content\\\/uploads\\\/2022\\\/03\\\/logo.png\",\"width\":593,\"height\":92,\"caption\":\"Irish College of English\"},\"image\":{\"@id\":\"https:\\\/\\\/www.iceireland.com\\\/fr\\\/#\\\/schema\\\/logo\\\/image\\\/\"}}]}<\/script>\n<!-- \/ Yoast SEO plugin. -->","yoast_head_json":{"title":"Coaching individuel en anglais - Irish College of English","robots":{"index":"index","follow":"follow","max-snippet":"max-snippet:-1","max-image-preview":"max-image-preview:large","max-video-preview":"max-video-preview:-1"},"canonical":"https:\/\/www.iceireland.com\/fr\/individual-one-to-one-coaching\/","og_locale":"fr_FR","og_type":"article","og_title":"Coaching individuel en anglais - Irish College of English","og_description":"Coaching individuel en anglais Nous proposons un coaching personnel en ligne pour les individus du monde entier. Ce syst\u00e8me est id\u00e9al si vous n&rsquo;\u00eates pas \u00e0 Dublin ou si vous pr\u00e9f\u00e9rez suivre des cours particuliers depuis votre bureau, chez vous ou en travaillant en dehors du bureau. Tous nos professeurs sont tr\u00e8s exp\u00e9riment\u00e9s, titulaires d&rsquo;une [&hellip;]","og_url":"https:\/\/www.iceireland.com\/fr\/individual-one-to-one-coaching\/","og_site_name":"Irish College of English","article_modified_time":"2026-01-30T16:49:32+00:00","og_image":[{"url":"https:\/\/www.iceireland.com\/wp-content\/uploads\/elementor\/thumbs\/home-courses-img-2-1-onrfxyz65ylmqxexqqsp1ee92fnksyw1yrng9rqpdm.jpg","type":"","width":"","height":""}],"twitter_misc":{"Dur\u00e9e de lecture estim\u00e9e":"1 minute"},"schema":{"@context":"https:\/\/schema.org","@graph":[{"@type":"WebPage","@id":"https:\/\/www.iceireland.com\/fr\/individual-one-to-one-coaching\/","url":"https:\/\/www.iceireland.com\/fr\/individual-one-to-one-coaching\/","name":"Coaching individuel en anglais - Irish College of English","isPartOf":{"@id":"https:\/\/www.iceireland.com\/fr\/#website"},"primaryImageOfPage":{"@id":"https:\/\/www.iceireland.com\/fr\/individual-one-to-one-coaching\/#primaryimage"},"image":{"@id":"https:\/\/www.iceireland.com\/fr\/individual-one-to-one-coaching\/#primaryimage"},"thumbnailUrl":"https:\/\/www.iceireland.com\/wp-content\/uploads\/elementor\/thumbs\/home-courses-img-2-1-onrfxyz65ylmqxexqqsp1ee92fnksyw1yrng9rqpdm.jpg","datePublished":"2020-04-08T12:23:59+00:00","dateModified":"2026-01-30T16:49:32+00:00","breadcrumb":{"@id":"https:\/\/www.iceireland.com\/fr\/individual-one-to-one-coaching\/#breadcrumb"},"inLanguage":"fr-FR","potentialAction":[{"@type":"ReadAction","target":["https:\/\/www.iceireland.com\/fr\/individual-one-to-one-coaching\/"]}]},{"@type":"ImageObject","inLanguage":"fr-FR","@id":"https:\/\/www.iceireland.com\/fr\/individual-one-to-one-coaching\/#primaryimage","url":"https:\/\/www.iceireland.com\/wp-content\/uploads\/elementor\/thumbs\/home-courses-img-2-1-onrfxyz65ylmqxexqqsp1ee92fnksyw1yrng9rqpdm.jpg","contentUrl":"https:\/\/www.iceireland.com\/wp-content\/uploads\/elementor\/thumbs\/home-courses-img-2-1-onrfxyz65ylmqxexqqsp1ee92fnksyw1yrng9rqpdm.jpg"},{"@type":"BreadcrumbList","@id":"https:\/\/www.iceireland.com\/fr\/individual-one-to-one-coaching\/#breadcrumb","itemListElement":[{"@type":"ListItem","position":1,"name":"Home","item":"https:\/\/www.iceireland.com\/fr\/"},{"@type":"ListItem","position":2,"name":"Coaching individuel en anglais"}]},{"@type":"WebSite","@id":"https:\/\/www.iceireland.com\/fr\/#website","url":"https:\/\/www.iceireland.com\/fr\/","name":"Irish College of English","description":"English School in Dublin, Malahide","publisher":{"@id":"https:\/\/www.iceireland.com\/fr\/#organization"},"potentialAction":[{"@type":"SearchAction","target":{"@type":"EntryPoint","urlTemplate":"https:\/\/www.iceireland.com\/fr\/?s={search_term_string}"},"query-input":{"@type":"PropertyValueSpecification","valueRequired":true,"valueName":"search_term_string"}}],"inLanguage":"fr-FR"},{"@type":"Organization","@id":"https:\/\/www.iceireland.com\/fr\/#organization","name":"Irish College of English","url":"https:\/\/www.iceireland.com\/fr\/","logo":{"@type":"ImageObject","inLanguage":"fr-FR","@id":"https:\/\/www.iceireland.com\/fr\/#\/schema\/logo\/image\/","url":"https:\/\/www.iceireland.com\/wp-content\/uploads\/2022\/03\/logo.png","contentUrl":"https:\/\/www.iceireland.com\/wp-content\/uploads\/2022\/03\/logo.png","width":593,"height":92,"caption":"Irish College of English"},"image":{"@id":"https:\/\/www.iceireland.com\/fr\/#\/schema\/logo\/image\/"}}]}},"_links":{"self":[{"href":"https:\/\/www.iceireland.com\/fr\/wp-json\/wp\/v2\/pages\/32403","targetHints":{"allow":["GET"]}}],"collection":[{"href":"https:\/\/www.iceireland.com\/fr\/wp-json\/wp\/v2\/pages"}],"about":[{"href":"https:\/\/www.iceireland.com\/fr\/wp-json\/wp\/v2\/types\/page"}],"author":[{"embeddable":true,"href":"https:\/\/www.iceireland.com\/fr\/wp-json\/wp\/v2\/users\/3"}],"replies":[{"embeddable":true,"href":"https:\/\/www.iceireland.com\/fr\/wp-json\/wp\/v2\/comments?post=32403"}],"version-history":[{"count":1,"href":"https:\/\/www.iceireland.com\/fr\/wp-json\/wp\/v2\/pages\/32403\/revisions"}],"predecessor-version":[{"id":32404,"href":"https:\/\/www.iceireland.com\/fr\/wp-json\/wp\/v2\/pages\/32403\/revisions\/32404"}],"wp:attachment":[{"href":"https:\/\/www.iceireland.com\/fr\/wp-json\/wp\/v2\/media?parent=32403"}],"curies":[{"name":"wp","href":"https:\/\/api.w.org\/{rel}","templated":true}]}}