{"id":32415,"date":"2020-02-27T10:40:47","date_gmt":"2020-02-27T10:40:47","guid":{"rendered":"https:\/\/www.iceireland.com\/coronavirus-and-irish-college-of-english-programmes\/"},"modified":"2026-01-30T16:49:41","modified_gmt":"2026-01-30T16:49:41","slug":"coronavirus-and-irish-college-of-english-programmes","status":"publish","type":"page","link":"https:\/\/www.iceireland.com\/fr\/coronavirus-and-irish-college-of-english-programmes\/","title":{"rendered":"Coronavirus et programmes de l&rsquo;Irish College of English"},"content":{"rendered":"\t\t<div data-elementor-type=\"wp-page\" data-elementor-id=\"32415\" class=\"elementor elementor-32415 elementor-7011\" data-elementor-post-type=\"page\">\n\t\t\t\t\t\t<section class=\"elementor-section elementor-top-section elementor-element elementor-element-745564da elementor-section-boxed elementor-section-height-default elementor-section-height-default\" data-id=\"745564da\" data-element_type=\"section\" data-e-type=\"section\">\n\t\t\t\t\t\t<div class=\"elementor-container elementor-column-gap-default\">\n\t\t\t\t\t<div class=\"elementor-column elementor-col-100 elementor-top-column elementor-element elementor-element-346afb08\" data-id=\"346afb08\" data-element_type=\"column\" data-e-type=\"column\">\n\t\t\t<div class=\"elementor-widget-wrap elementor-element-populated\">\n\t\t\t\t\t\t<div class=\"elementor-element elementor-element-67097e24 elementor-widget elementor-widget-text-editor\" data-id=\"67097e24\" data-element_type=\"widget\" data-e-type=\"widget\" data-widget_type=\"text-editor.default\">\n\t\t\t\t<div class=\"elementor-widget-container\">\n\t\t\t\t\t\t\t\t\t<p><strong>Dat\u00e9 du 7 mars 2022<\/strong><\/p><p><strong>Programmes Covid-19 et Irish College of English<\/strong><\/p><p style=\"background-image: initial; background-position: initial; background-size: initial; background-repeat: initial; background-attachment: initial; background-origin: initial; background-clip: initial;\"><b><span style=\"font-size: 12pt; font-family: Roboto;\">Excellente nouvelle<\/span><\/b><\/p><p style=\"margin-bottom: 14.4pt; background-image: initial; background-position: initial; background-size: initial; background-repeat: initial; background-attachment: initial; background-origin: initial; background-clip: initial;\"><b><i><span style=\"font-size: 12.0pt; color: #404040; letter-spacing: .15pt;\">Toutes les restrictions COVID-19 ont \u00e9t\u00e9 supprim\u00e9es pour les voyages vers l&rsquo;Irlande. Vous n&rsquo;avez plus besoin de remplir un formulaire de localisation des passagers. Vous n&rsquo;avez plus besoin non plus d&rsquo;une preuve de vaccination ou de gu\u00e9rison, ni d&rsquo;un test COVID-19.  <\/span><\/i><\/b><\/p><p style=\"margin-bottom: 14.4pt; background-image: initial; background-position: initial; background-size: initial; background-repeat: initial; background-attachment: initial; background-origin: initial; background-clip: initial;\"><span style=\"color: #404040; font-size: 12pt; letter-spacing: 0.15pt;\">Il n&rsquo;existe aucune restriction concernant le port de masques ou la distanciation sociale en Irlande.<\/span><\/p><p style=\"margin-bottom: 14.4pt; background-image: initial; background-position: initial; background-size: initial; background-repeat: initial; background-attachment: initial; background-origin: initial; background-clip: initial;\"><span style=\"font-size: 12.0pt; color: #404040; letter-spacing: .15pt;\">Les seules restrictions qui subsistent concernent les  <\/span><span style=\"font-size: 12.0pt; color: black;\">la n\u00e9cessit\u00e9 de s&rsquo;auto-isoler en cas de sympt\u00f4mes et quelques conseils limit\u00e9s en mati\u00e8re de contacts \u00e9troits. Le gouvernement pr\u00e9voit de supprimer progressivement ces derni\u00e8res restrictions. <\/span><\/p><p style=\"margin-bottom: 14.4pt; background-image: initial; background-position: initial; background-size: initial; background-repeat: initial; background-attachment: initial; background-origin: initial; background-clip: initial;\"><span style=\"font-size: 12.0pt; color: black;\">L&rsquo;Irlande a connu un grand succ\u00e8s avec son programme de vaccination. Le taux de participation \u00e0 notre programme de primo-vaccination est sup\u00e9rieur \u00e0 95 % et le taux de participation au programme de vaccination de rappel est actuellement de 70 %. Par cons\u00e9quent, la grande majorit\u00e9 de notre personnel et de nos familles d&rsquo;accueil sont enti\u00e8rement vaccin\u00e9s.   <\/span><\/p><p>L&rsquo;Irlande entre maintenant dans une nouvelle phase avec l&rsquo;assouplissement de la plupart des restrictions concernant Covid-19. La vie a repris son cours normal et les gens ne sont plus oblig\u00e9s de porter des masques ou de se tenir \u00e0 l&rsquo;\u00e9cart de la soci\u00e9t\u00e9. Les seules restrictions qui subsistent concernent les voyages internationaux et l&rsquo;isolement. Nous esp\u00e9rons qu&rsquo;avec le temps, ces restrictions seront \u00e9galement lev\u00e9es.   <\/p><p>Au Irish College of English, la sant\u00e9 et la s\u00e9curit\u00e9 de l&rsquo;ensemble de notre personnel, de nos \u00e9tudiants, de nos familles d&rsquo;accueil et des communaut\u00e9s au sein desquelles nous op\u00e9rons est notre priorit\u00e9. Nous nous tenons au courant de toutes les recommandations gouvernementales relatives \u00e0 Covid-19 et nous suivrons les meilleures pratiques \u00e0 cet \u00e9gard afin de garantir le bien-\u00eatre de l&rsquo;ensemble de notre personnel et de nos clients, aujourd&rsquo;hui et \u00e0 l&rsquo;avenir. <\/p><p>Pour tous nos programmes, nous avons renforc\u00e9 les protocoles de s\u00e9curit\u00e9 et de nettoyage afin de garantir le respect de toutes les directives relatives \u00e0 Covid-19. Toutes nos salles de classe sont \u00e9quip\u00e9es de moniteurs de CO2. Des postes de d\u00e9sinfection des mains sont disponibles dans toute l&rsquo;\u00e9cole. Nous continuerons \u00e0 mettre \u00e0 jour nos politiques et \u00e0 garantir une exp\u00e9rience \u00e9ducative s\u00fbre et agr\u00e9able pour tous.   <\/p><p>L&rsquo;Irlande a \u00e9galement connu un grand succ\u00e8s avec son programme de vaccination. Le taux de participation \u00e0 notre programme de primo-vaccination est sup\u00e9rieur \u00e0 95 % et le taux de participation au programme de vaccination de rappel est actuellement de 65 %. Par cons\u00e9quent, la grande majorit\u00e9 de notre personnel et de nos familles d&rsquo;accueil sont enti\u00e8rement vaccin\u00e9s. La vague actuelle d&rsquo;Omicron a maintenant d\u00e9pass\u00e9 son apog\u00e9e.  <\/p><div><p><a href=\"#\">L&rsquo;\u00e9cole est-elle actuellement ouverte aux cours en pr\u00e9sentiel ?<\/a><\/p><\/div><div><div><p>Oui, tous nos cours et programmes pour adultes et juniors fonctionnent normalement.<\/p><\/div><\/div><div><p><a href=\"#\">Comment l&rsquo;Irish College of English assurera-t-il la s\u00e9curit\u00e9 des \u00e9tudiants et du personnel de l&rsquo;\u00e9cole ?<\/a><\/p><div><p>En suivant strictement les directives du gouvernement irlandais et en se tenant au courant des derniers conseils du Health Service Executive (HSE), nous avons mis en place des mesures qui permettront un retour \u00e0 l&rsquo;\u00e9cole en toute s\u00e9curit\u00e9. Une mesure cl\u00e9 consiste \u00e0 installer des moniteurs de CO2 dans chaque salle de classe afin de garantir une ventilation ad\u00e9quate \u00e0 tout moment. Des plans de nettoyage ont \u00e9t\u00e9 mis en \u0153uvre pour permettre une meilleure protection contre le COVID-19, y compris un nettoyage quotidien approfondi avec d\u00e9sinfection des surfaces potentiellement contamin\u00e9es r\u00e9guli\u00e8rement tout au long de la journ\u00e9e.  <\/p><\/div><\/div><div><p><a href=\"#\">Comment puis-je contacter l&rsquo;\u00e9cole si j&rsquo;ai un probl\u00e8me ?<\/a><\/p><div><p>Vous pouvez appeler ou envoyer un courriel au bureau au 01 8453744 ou info@iceireland.com.<\/p><\/div><\/div><div><p><a href=\"#\">Que dois-je faire si je d\u00e9veloppe des sympt\u00f4mes de COVID-19 ?<\/a><\/p><div><p>Si un \u00e9tudiant pr\u00e9sente les sympt\u00f4mes du COVID-19 : nouvelle toux continue, temp\u00e9rature \u00e9lev\u00e9e ou perte\/changement du sens du go\u00fbt ou de l&rsquo;odorat (anosmie), fatigue, pendant qu&rsquo;il se trouve en Irlande ou pendant son voyage, il doit appeler son prestataire de soins de sant\u00e9 et\/ou sa compagnie d&rsquo;assurance pour discuter de la marche \u00e0 suivre et suivre les conseils de sant\u00e9 publique en vigueur en Irlande \u00e0 ce moment-l\u00e0.<\/p><p>Actuellement, les dispositions suivantes s&rsquo;appliquent :<\/p><ol><li>S&rsquo;isoler (rester \u00e0 l&rsquo;int\u00e9rieur et \u00e9viter tout contact avec d&rsquo;autres personnes)<\/li><li>Si vous avez moins de 39 ans, un test PCR n&rsquo;est pas n\u00e9cessaire. L&rsquo;\u00e9cole fournira gratuitement des tests antig\u00e9niques \u00e0 tout \u00e9l\u00e8ve pr\u00e9sentant des sympt\u00f4mes ou qui est un contact proche. <\/li><\/ol><p>R\u00e9sultat positif<\/p><p>L&rsquo;\u00e9tudiant doit s&rsquo;isoler pendant 7 jours dans une chambre individuelle.<\/p><p>R\u00e9sultat n\u00e9gatif<\/p><p>L&rsquo;\u00e9tudiant doit s&rsquo;isoler dans une chambre individuelle jusqu&rsquo;\u00e0 ce qu&rsquo;il n&rsquo;ait plus de sympt\u00f4mes pendant 48 heures.<\/p><\/div><\/div><div><div><p><a href=\"#\">Quelles sont les r\u00e8gles pour voyager en Irlande ?<\/a><\/p><\/div><\/div><div><div><p><span style=\"font-size: 12pt; font-family: Roboto;\">Pour obtenir des informations actualis\u00e9es sur les voyages en Irlande, veuillez consulter le site :<\/span> <u><\/u><\/p><p><u><span style=\"font-size: 12pt; font-family: Roboto; color: #0563c1; background-image: initial; background-position: initial; background-size: initial; background-repeat: initial; background-attachment: initial; background-origin: initial; background-clip: initial;\"><a style=\"color: #1155cc;\" href=\"https:\/\/urldefense.proofpoint.com\/v2\/url?u=https-3A__www.citizensinformation.ie_en_travel-5Fand-5Frecreation_travel-5Fto-5Fireland_travel-5Fto-5Fireland-5Fduring-5Fcovid.html-23l41d7d&amp;d=DwMFaQ&amp;c=euGZstcaTDllvimEN8b7jXrwqOf-v5A_CdpgnVfiiMM&amp;r=6sF5MjZTTADw7lYvl303WIaH3-wpCL1IW38EiTxvrEI&amp;m=p9OyM7sZ5u0ffIW7UqJVoFDalkDTlJvYoIiyAjolaMU&amp;s=6srtfScuvZoXuxhn7PEbFjN-8wz32DKwysxId8cbKg8&amp;e=\" target=\"_blank\" rel=\"noopener\" data-saferedirecturl=\"https:\/\/www.google.com\/url?q=https:\/\/urldefense.proofpoint.com\/v2\/url?u%3Dhttps-3A__www.citizensinformation.ie_en_travel-5Fand-5Frecreation_travel-5Fto-5Fireland_travel-5Fto-5Fireland-5Fduring-5Fcovid.html-23l41d7d%26d%3DDwMFaQ%26c%3DeuGZstcaTDllvimEN8b7jXrwqOf-v5A_CdpgnVfiiMM%26r%3D6sF5MjZTTADw7lYvl303WIaH3-wpCL1IW38EiTxvrEI%26m%3Dp9OyM7sZ5u0ffIW7UqJVoFDalkDTlJvYoIiyAjolaMU%26s%3D6srtfScuvZoXuxhn7PEbFjN-8wz32DKwysxId8cbKg8%26e%3D&amp;source=gmail&amp;ust=1631951870289000&amp;usg=AFQjCNG-qMUtp6MUmoQ2CVJBiDWXOWGl9A\">https:\/\/www.<wbr><\/wbr>citizensinformation.ie\/en\/<wbr><\/wbr>travel_and_recreation\/travel_<wbr><\/wbr>to_ireland\/travel_to_ireland_<wbr><\/wbr>during_covid.html#l41d7d<\/a><\/span><\/u><\/p><p><span style=\"font-size: 12pt; font-family: Roboto;\">Pour faciliter les d\u00e9placements, nous conseillons \u00e0 tous les \u00e9tudiants de se faire vacciner avec un vaccin approuv\u00e9 par l&rsquo;EMA. En outre, en Irlande, si vous avez \u00e9t\u00e9 compl\u00e8tement vaccin\u00e9 avec un rappel, vous n&rsquo;avez pas besoin de vous auto-isoler si vous \u00eates un contact proche et que vous ne pr\u00e9sentez aucun sympt\u00f4me.   <\/span><\/p><p>Si vous entrez en Irlande en utilisant un test PCR et que vous avez besoin d&rsquo;un autre test 72 heures avant votre d\u00e9part, nous pouvons vous aider \u00e0 l&rsquo;organiser, veuillez nous contacter pour plus d&rsquo;informations.<\/p><\/div><\/div><div><p><a href=\"#\">O\u00f9 puis-je obtenir des conseils sur COVID-19 en tant qu&rsquo;\u00e9tudiant \u00e9tranger ?  <\/a><\/p><div><p>Le Conseil irlandais pour les \u00e9tudiants internationaux (ICOS) a rassembl\u00e9 des informations sur les questions de sant\u00e9, de voyage, d&rsquo;\u00e9ducation et de bien-\u00eatre que les \u00e9tudiants internationaux doivent conna\u00eetre. Si vous avez des questions concernant le COVID-19, vous pouvez appeler le centre de conseil du minist\u00e8re des affaires \u00e9trang\u00e8res au 01 613 1733. <\/p><\/div><\/div><div><p><a href=\"#\">Quelles sont les possibilit\u00e9s d&rsquo;h\u00e9bergement ?<\/a><\/p><div><p>Nous proposons une gamme compl\u00e8te de familles d&rsquo;accueil et d&rsquo;options r\u00e9sidentielles.<\/p><\/div><\/div><div><p><a href=\"#\">Que se passe-t-il si j&rsquo;obtiens Covid-19 pendant mon cours ?<\/a><\/p><div><p>Dans ce cas, le HSE vous demandera de vous isoler. Les \u00e9tudiants doivent tous disposer d&rsquo;une assurance ad\u00e9quate ou de fonds personnels pour couvrir tous les frais suppl\u00e9mentaires qu&rsquo;ils pourraient avoir \u00e0 supporter, y compris l&rsquo;h\u00e9bergement, les frais de subsistance, les changements de vols, etc. <\/p><\/div><\/div><div><p><a href=\"#\">Quelles sont les conditions d&rsquo;annulation si je m&rsquo;inscris \u00e0 un cours et que je ne peux pas y participer ?<\/a><\/p><div><p>Notre garantie \u00ab\u00a0R\u00e9servez en toute confiance\u00a0\u00bb permet aux particuliers et aux groupes qui se rendent en Irlande d&rsquo;annuler sans frais jusqu&rsquo;\u00e0 7 jours avant l&rsquo;arriv\u00e9e. Si vous devez annuler dans les 7 jours pr\u00e9c\u00e9dant votre arriv\u00e9e, nous vous proposerons un report de cours gratuit qui sera valable jusqu&rsquo;\u00e0 la fin de l&rsquo;ann\u00e9e 2023. Aucun remboursement ne sera accord\u00e9 pour les s\u00e9jours annul\u00e9s moins de 7 jours avant l&rsquo;arriv\u00e9e.  <\/p><\/div><\/div>\t\t\t\t\t\t\t\t<\/div>\n\t\t\t\t<\/div>\n\t\t\t\t\t<\/div>\n\t\t<\/div>\n\t\t\t\t\t<\/div>\n\t\t<\/section>\n\t\t\t\t<\/div>\n\t\t","protected":false},"excerpt":{"rendered":"<p>Dat\u00e9 du 7 mars 2022 Programmes Covid-19 et Irish College of English Excellente nouvelle Toutes les restrictions COVID-19 ont \u00e9t\u00e9 supprim\u00e9es pour les voyages vers l&rsquo;Irlande. Vous n&rsquo;avez plus besoin de remplir un formulaire de localisation des passagers. Vous n&rsquo;avez plus besoin non plus d&rsquo;une preuve de vaccination ou de gu\u00e9rison, ni d&rsquo;un test COVID-19. [&hellip;]<\/p>\n","protected":false},"author":3,"featured_media":0,"parent":0,"menu_order":0,"comment_status":"closed","ping_status":"closed","template":"","meta":{"content-type":"","footnotes":""},"class_list":["post-32415","page","type-page","status-publish","hentry"],"yoast_head":"<!-- This site is optimized with the Yoast SEO plugin v27.3 - https:\/\/yoast.com\/product\/yoast-seo-wordpress\/ -->\n<title>Coronavirus et programmes de l&#039;Irish College of English - Irish College of English<\/title>\n<meta name=\"robots\" content=\"index, follow, max-snippet:-1, max-image-preview:large, max-video-preview:-1\" \/>\n<link rel=\"canonical\" href=\"https:\/\/www.iceireland.com\/fr\/coronavirus-and-irish-college-of-english-programmes\/\" \/>\n<meta property=\"og:locale\" content=\"fr_FR\" \/>\n<meta property=\"og:type\" content=\"article\" \/>\n<meta property=\"og:title\" content=\"Coronavirus et programmes de l&#039;Irish College of English - Irish College of English\" \/>\n<meta property=\"og:description\" content=\"Dat\u00e9 du 7 mars 2022 Programmes Covid-19 et Irish College of English Excellente nouvelle Toutes les restrictions COVID-19 ont \u00e9t\u00e9 supprim\u00e9es pour les voyages vers l&rsquo;Irlande. Vous n&rsquo;avez plus besoin de remplir un formulaire de localisation des passagers. Vous n&rsquo;avez plus besoin non plus d&rsquo;une preuve de vaccination ou de gu\u00e9rison, ni d&rsquo;un test COVID-19. [&hellip;]\" \/>\n<meta property=\"og:url\" content=\"https:\/\/www.iceireland.com\/fr\/coronavirus-and-irish-college-of-english-programmes\/\" \/>\n<meta property=\"og:site_name\" content=\"Irish College of English\" \/>\n<meta property=\"article:modified_time\" content=\"2026-01-30T16:49:41+00:00\" \/>\n<meta name=\"twitter:label1\" content=\"Dur\u00e9e de lecture estim\u00e9e\" \/>\n\t<meta name=\"twitter:data1\" content=\"6 minutes\" \/>\n<script type=\"application\/ld+json\" class=\"yoast-schema-graph\">{\"@context\":\"https:\\\/\\\/schema.org\",\"@graph\":[{\"@type\":\"WebPage\",\"@id\":\"https:\\\/\\\/www.iceireland.com\\\/fr\\\/coronavirus-and-irish-college-of-english-programmes\\\/\",\"url\":\"https:\\\/\\\/www.iceireland.com\\\/fr\\\/coronavirus-and-irish-college-of-english-programmes\\\/\",\"name\":\"Coronavirus et programmes de l'Irish College of English - Irish College of English\",\"isPartOf\":{\"@id\":\"https:\\\/\\\/www.iceireland.com\\\/fr\\\/#website\"},\"datePublished\":\"2020-02-27T10:40:47+00:00\",\"dateModified\":\"2026-01-30T16:49:41+00:00\",\"breadcrumb\":{\"@id\":\"https:\\\/\\\/www.iceireland.com\\\/fr\\\/coronavirus-and-irish-college-of-english-programmes\\\/#breadcrumb\"},\"inLanguage\":\"fr-FR\",\"potentialAction\":[{\"@type\":\"ReadAction\",\"target\":[\"https:\\\/\\\/www.iceireland.com\\\/fr\\\/coronavirus-and-irish-college-of-english-programmes\\\/\"]}]},{\"@type\":\"BreadcrumbList\",\"@id\":\"https:\\\/\\\/www.iceireland.com\\\/fr\\\/coronavirus-and-irish-college-of-english-programmes\\\/#breadcrumb\",\"itemListElement\":[{\"@type\":\"ListItem\",\"position\":1,\"name\":\"Home\",\"item\":\"https:\\\/\\\/www.iceireland.com\\\/fr\\\/\"},{\"@type\":\"ListItem\",\"position\":2,\"name\":\"Coronavirus et programmes de l&#8217;Irish College of English\"}]},{\"@type\":\"WebSite\",\"@id\":\"https:\\\/\\\/www.iceireland.com\\\/fr\\\/#website\",\"url\":\"https:\\\/\\\/www.iceireland.com\\\/fr\\\/\",\"name\":\"Irish College of English\",\"description\":\"English School in Dublin, Malahide\",\"publisher\":{\"@id\":\"https:\\\/\\\/www.iceireland.com\\\/fr\\\/#organization\"},\"potentialAction\":[{\"@type\":\"SearchAction\",\"target\":{\"@type\":\"EntryPoint\",\"urlTemplate\":\"https:\\\/\\\/www.iceireland.com\\\/fr\\\/?s={search_term_string}\"},\"query-input\":{\"@type\":\"PropertyValueSpecification\",\"valueRequired\":true,\"valueName\":\"search_term_string\"}}],\"inLanguage\":\"fr-FR\"},{\"@type\":\"Organization\",\"@id\":\"https:\\\/\\\/www.iceireland.com\\\/fr\\\/#organization\",\"name\":\"Irish College of English\",\"url\":\"https:\\\/\\\/www.iceireland.com\\\/fr\\\/\",\"logo\":{\"@type\":\"ImageObject\",\"inLanguage\":\"fr-FR\",\"@id\":\"https:\\\/\\\/www.iceireland.com\\\/fr\\\/#\\\/schema\\\/logo\\\/image\\\/\",\"url\":\"https:\\\/\\\/www.iceireland.com\\\/wp-content\\\/uploads\\\/2022\\\/03\\\/logo.png\",\"contentUrl\":\"https:\\\/\\\/www.iceireland.com\\\/wp-content\\\/uploads\\\/2022\\\/03\\\/logo.png\",\"width\":593,\"height\":92,\"caption\":\"Irish College of English\"},\"image\":{\"@id\":\"https:\\\/\\\/www.iceireland.com\\\/fr\\\/#\\\/schema\\\/logo\\\/image\\\/\"}}]}<\/script>\n<!-- \/ Yoast SEO plugin. -->","yoast_head_json":{"title":"Coronavirus et programmes de l'Irish College of English - Irish College of English","robots":{"index":"index","follow":"follow","max-snippet":"max-snippet:-1","max-image-preview":"max-image-preview:large","max-video-preview":"max-video-preview:-1"},"canonical":"https:\/\/www.iceireland.com\/fr\/coronavirus-and-irish-college-of-english-programmes\/","og_locale":"fr_FR","og_type":"article","og_title":"Coronavirus et programmes de l'Irish College of English - Irish College of English","og_description":"Dat\u00e9 du 7 mars 2022 Programmes Covid-19 et Irish College of English Excellente nouvelle Toutes les restrictions COVID-19 ont \u00e9t\u00e9 supprim\u00e9es pour les voyages vers l&rsquo;Irlande. Vous n&rsquo;avez plus besoin de remplir un formulaire de localisation des passagers. Vous n&rsquo;avez plus besoin non plus d&rsquo;une preuve de vaccination ou de gu\u00e9rison, ni d&rsquo;un test COVID-19. [&hellip;]","og_url":"https:\/\/www.iceireland.com\/fr\/coronavirus-and-irish-college-of-english-programmes\/","og_site_name":"Irish College of English","article_modified_time":"2026-01-30T16:49:41+00:00","twitter_misc":{"Dur\u00e9e de lecture estim\u00e9e":"6 minutes"},"schema":{"@context":"https:\/\/schema.org","@graph":[{"@type":"WebPage","@id":"https:\/\/www.iceireland.com\/fr\/coronavirus-and-irish-college-of-english-programmes\/","url":"https:\/\/www.iceireland.com\/fr\/coronavirus-and-irish-college-of-english-programmes\/","name":"Coronavirus et programmes de l'Irish College of English - Irish College of English","isPartOf":{"@id":"https:\/\/www.iceireland.com\/fr\/#website"},"datePublished":"2020-02-27T10:40:47+00:00","dateModified":"2026-01-30T16:49:41+00:00","breadcrumb":{"@id":"https:\/\/www.iceireland.com\/fr\/coronavirus-and-irish-college-of-english-programmes\/#breadcrumb"},"inLanguage":"fr-FR","potentialAction":[{"@type":"ReadAction","target":["https:\/\/www.iceireland.com\/fr\/coronavirus-and-irish-college-of-english-programmes\/"]}]},{"@type":"BreadcrumbList","@id":"https:\/\/www.iceireland.com\/fr\/coronavirus-and-irish-college-of-english-programmes\/#breadcrumb","itemListElement":[{"@type":"ListItem","position":1,"name":"Home","item":"https:\/\/www.iceireland.com\/fr\/"},{"@type":"ListItem","position":2,"name":"Coronavirus et programmes de l&#8217;Irish College of English"}]},{"@type":"WebSite","@id":"https:\/\/www.iceireland.com\/fr\/#website","url":"https:\/\/www.iceireland.com\/fr\/","name":"Irish College of English","description":"English School in Dublin, Malahide","publisher":{"@id":"https:\/\/www.iceireland.com\/fr\/#organization"},"potentialAction":[{"@type":"SearchAction","target":{"@type":"EntryPoint","urlTemplate":"https:\/\/www.iceireland.com\/fr\/?s={search_term_string}"},"query-input":{"@type":"PropertyValueSpecification","valueRequired":true,"valueName":"search_term_string"}}],"inLanguage":"fr-FR"},{"@type":"Organization","@id":"https:\/\/www.iceireland.com\/fr\/#organization","name":"Irish College of English","url":"https:\/\/www.iceireland.com\/fr\/","logo":{"@type":"ImageObject","inLanguage":"fr-FR","@id":"https:\/\/www.iceireland.com\/fr\/#\/schema\/logo\/image\/","url":"https:\/\/www.iceireland.com\/wp-content\/uploads\/2022\/03\/logo.png","contentUrl":"https:\/\/www.iceireland.com\/wp-content\/uploads\/2022\/03\/logo.png","width":593,"height":92,"caption":"Irish College of English"},"image":{"@id":"https:\/\/www.iceireland.com\/fr\/#\/schema\/logo\/image\/"}}]}},"_links":{"self":[{"href":"https:\/\/www.iceireland.com\/fr\/wp-json\/wp\/v2\/pages\/32415","targetHints":{"allow":["GET"]}}],"collection":[{"href":"https:\/\/www.iceireland.com\/fr\/wp-json\/wp\/v2\/pages"}],"about":[{"href":"https:\/\/www.iceireland.com\/fr\/wp-json\/wp\/v2\/types\/page"}],"author":[{"embeddable":true,"href":"https:\/\/www.iceireland.com\/fr\/wp-json\/wp\/v2\/users\/3"}],"replies":[{"embeddable":true,"href":"https:\/\/www.iceireland.com\/fr\/wp-json\/wp\/v2\/comments?post=32415"}],"version-history":[{"count":1,"href":"https:\/\/www.iceireland.com\/fr\/wp-json\/wp\/v2\/pages\/32415\/revisions"}],"predecessor-version":[{"id":32416,"href":"https:\/\/www.iceireland.com\/fr\/wp-json\/wp\/v2\/pages\/32415\/revisions\/32416"}],"wp:attachment":[{"href":"https:\/\/www.iceireland.com\/fr\/wp-json\/wp\/v2\/media?parent=32415"}],"curies":[{"name":"wp","href":"https:\/\/api.w.org\/{rel}","templated":true}]}}