{"id":32426,"date":"2023-11-29T15:33:01","date_gmt":"2023-11-29T15:33:01","guid":{"rendered":"https:\/\/www.iceireland.com\/induction-orientation\/"},"modified":"2026-01-30T16:50:22","modified_gmt":"2026-01-30T16:50:22","slug":"induction-orientation","status":"publish","type":"page","link":"https:\/\/www.iceireland.com\/fr\/useful-information-and-supports\/induction-orientation\/","title":{"rendered":"Initiation et orientation"},"content":{"rendered":"\t\t<div data-elementor-type=\"wp-page\" data-elementor-id=\"32426\" class=\"elementor elementor-32426 elementor-25711\" data-elementor-post-type=\"page\">\n\t\t\t\t\t\t<section class=\"elementor-section elementor-top-section elementor-element elementor-element-e585a1e elementor-section-boxed elementor-section-height-default elementor-section-height-default\" data-id=\"e585a1e\" data-element_type=\"section\" data-e-type=\"section\">\n\t\t\t\t\t\t<div class=\"elementor-container elementor-column-gap-default\">\n\t\t\t\t\t<div class=\"elementor-column elementor-col-100 elementor-top-column elementor-element elementor-element-655e19e\" data-id=\"655e19e\" data-element_type=\"column\" data-e-type=\"column\">\n\t\t\t<div class=\"elementor-widget-wrap elementor-element-populated\">\n\t\t\t\t\t\t<div class=\"elementor-element elementor-element-3c0f89b elementor-widget elementor-widget-text-editor\" data-id=\"3c0f89b\" data-element_type=\"widget\" data-e-type=\"widget\" data-widget_type=\"text-editor.default\">\n\t\t\t\t<div class=\"elementor-widget-container\">\n\t\t\t\t\t\t\t\t\t<h4>Initiation et orientation<\/h4><p>A l&rsquo;ICE, notre objectif est de veiller \u00e0 ce que tous les \u00e9l\u00e8ves re\u00e7oivent les informations, les ressources et le soutien dont ils ont besoin pour s&rsquo;int\u00e9grer avec succ\u00e8s dans la communaut\u00e9 scolaire, comprendre les attentes et se sentir en confiance alors qu&rsquo;ils entament leur parcours d&rsquo;apprentissage des langues.<\/p><ul><li>Nous aidons les \u00e9tudiants avant leur arriv\u00e9e en leur fournissant toutes les informations dont ils ont besoin pour se pr\u00e9parer et s&rsquo;informer sur leur s\u00e9jour \u00e0 l&rsquo;ICE, y compris les d\u00e9tails du programme, le logement et les d\u00e9tails du transfert si n\u00e9cessaire.<\/li><li>Les \u00e9l\u00e8ves qui ne sont pas encore arriv\u00e9s passeront le test de pr\u00e9-arriv\u00e9e appropri\u00e9.<\/li><li>Les \u00e9tudiants adultes seront invit\u00e9s \u00e0 participer \u00e0 une r\u00e9union avant leur arriv\u00e9e. Cette r\u00e9union portera sur les objectifs et les attentes en mati\u00e8re d&rsquo;apprentissage, une \u00e9valuation orale, l&rsquo;examen des r\u00e9sultats de l&rsquo;\u00e9valuation du placement, une vue d&rsquo;ensemble de la structure du cours et un soutien. <\/li><li>Chaque \u00e9tudiant recevra une copie de notre manuel de l&rsquo;\u00e9tudiant et un lien vers notre manuel d&rsquo;assurance qualit\u00e9 et notre charte du s\u00e9jour \u00e0 domicile (le cas \u00e9ch\u00e9ant). Ces documents permettent aux \u00e9l\u00e8ves et \u00e0 leurs parents ou tuteurs de bien comprendre notre \u00e9cole, nos programmes et nos aides. <\/li><li>\u00c0 l&rsquo;arriv\u00e9e, chaque \u00e9tudiant b\u00e9n\u00e9ficiera d&rsquo;une orientation sp\u00e9cifique \u00e0 son cours, comme indiqu\u00e9 dans votre manuel sp\u00e9cifique ou dans les informations pr\u00e9alables \u00e0 l&rsquo;arriv\u00e9e.<\/li><li>L&rsquo;initiation est un processus continu et notre \u00e9quipe est toujours disponible pour aider les \u00e9tudiants tout au long de leur cursus pour toute question d&rsquo;ordre acad\u00e9mique ou non acad\u00e9mique ou toute autre pr\u00e9occupation.<\/li><li>Nos responsables acad\u00e9miques, le personnel acad\u00e9mique, l&rsquo;\u00e9quipe de r\u00e9ception, les responsables de l&rsquo;h\u00e9bergement, les responsables de l&rsquo;aide sociale et d&rsquo;autres membres du personnel sont tous l\u00e0 pour vous soutenir et vous aider.<\/li><li>Si vous souhaitez obtenir de plus amples informations, veuillez consulter notre Manuel d&rsquo;assurance qualit\u00e9 &#8211; Politique d&rsquo;int\u00e9gration des \u00e9tudiants ou nous contacter \u00e0 l&rsquo;adresse suivante <a href=\"mailto:info@iceireland.com\">: info@iceireland.com<\/a>.  <\/li><\/ul>\t\t\t\t\t\t\t\t<\/div>\n\t\t\t\t<\/div>\n\t\t\t\t\t<\/div>\n\t\t<\/div>\n\t\t\t\t\t<\/div>\n\t\t<\/section>\n\t\t\t\t<section class=\"elementor-section elementor-top-section elementor-element elementor-element-609f049 elementor-section-boxed elementor-section-height-default elementor-section-height-default\" data-id=\"609f049\" data-element_type=\"section\" data-e-type=\"section\">\n\t\t\t\t\t\t<div class=\"elementor-container elementor-column-gap-default\">\n\t\t\t\t\t<div class=\"elementor-column elementor-col-100 elementor-top-column elementor-element elementor-element-04dd031\" data-id=\"04dd031\" data-element_type=\"column\" data-e-type=\"column\">\n\t\t\t<div class=\"elementor-widget-wrap elementor-element-populated\">\n\t\t\t\t\t\t<div class=\"elementor-element elementor-element-bf3c1c1 elementor-widget elementor-widget-spacer\" data-id=\"bf3c1c1\" data-element_type=\"widget\" data-e-type=\"widget\" data-widget_type=\"spacer.default\">\n\t\t\t\t<div class=\"elementor-widget-container\">\n\t\t\t\t\t\t\t<div class=\"elementor-spacer\">\n\t\t\t<div class=\"elementor-spacer-inner\"><\/div>\n\t\t<\/div>\n\t\t\t\t\t\t<\/div>\n\t\t\t\t<\/div>\n\t\t\t\t\t<\/div>\n\t\t<\/div>\n\t\t\t\t\t<\/div>\n\t\t<\/section>\n\t\t\t\t<\/div>\n\t\t","protected":false},"excerpt":{"rendered":"<p>Initiation et orientation A l&rsquo;ICE, notre objectif est de veiller \u00e0 ce que tous les \u00e9l\u00e8ves re\u00e7oivent les informations, les ressources et le soutien dont ils ont besoin pour s&rsquo;int\u00e9grer avec succ\u00e8s dans la communaut\u00e9 scolaire, comprendre les attentes et se sentir en confiance alors qu&rsquo;ils entament leur parcours d&rsquo;apprentissage des langues. Nous aidons les [&hellip;]<\/p>\n","protected":false},"author":3,"featured_media":0,"parent":32468,"menu_order":0,"comment_status":"closed","ping_status":"closed","template":"","meta":{"content-type":"","footnotes":""},"class_list":["post-32426","page","type-page","status-publish","hentry"],"yoast_head":"<!-- This site is optimized with the Yoast SEO plugin v27.3 - https:\/\/yoast.com\/product\/yoast-seo-wordpress\/ -->\n<title>Initiation et orientation - Irish College of English<\/title>\n<meta name=\"robots\" content=\"noindex, follow\" \/>\n<meta property=\"og:locale\" content=\"fr_FR\" \/>\n<meta property=\"og:type\" content=\"article\" \/>\n<meta property=\"og:title\" content=\"Initiation et orientation - Irish College of English\" \/>\n<meta property=\"og:description\" content=\"Initiation et orientation A l&rsquo;ICE, notre objectif est de veiller \u00e0 ce que tous les \u00e9l\u00e8ves re\u00e7oivent les informations, les ressources et le soutien dont ils ont besoin pour s&rsquo;int\u00e9grer avec succ\u00e8s dans la communaut\u00e9 scolaire, comprendre les attentes et se sentir en confiance alors qu&rsquo;ils entament leur parcours d&rsquo;apprentissage des langues. Nous aidons les [&hellip;]\" \/>\n<meta property=\"og:url\" content=\"https:\/\/www.iceireland.com\/fr\/useful-information-and-supports\/induction-orientation\/\" \/>\n<meta property=\"og:site_name\" content=\"Irish College of English\" \/>\n<meta property=\"article:modified_time\" content=\"2026-01-30T16:50:22+00:00\" \/>\n<meta name=\"twitter:label1\" content=\"Dur\u00e9e de lecture estim\u00e9e\" \/>\n\t<meta name=\"twitter:data1\" content=\"2 minutes\" \/>\n<script type=\"application\/ld+json\" class=\"yoast-schema-graph\">{\"@context\":\"https:\\\/\\\/schema.org\",\"@graph\":[{\"@type\":\"WebPage\",\"@id\":\"https:\\\/\\\/www.iceireland.com\\\/fr\\\/useful-information-and-supports\\\/induction-orientation\\\/\",\"url\":\"https:\\\/\\\/www.iceireland.com\\\/fr\\\/useful-information-and-supports\\\/induction-orientation\\\/\",\"name\":\"Initiation et orientation - Irish College of English\",\"isPartOf\":{\"@id\":\"https:\\\/\\\/www.iceireland.com\\\/fr\\\/#website\"},\"datePublished\":\"2023-11-29T15:33:01+00:00\",\"dateModified\":\"2026-01-30T16:50:22+00:00\",\"breadcrumb\":{\"@id\":\"https:\\\/\\\/www.iceireland.com\\\/fr\\\/useful-information-and-supports\\\/induction-orientation\\\/#breadcrumb\"},\"inLanguage\":\"fr-FR\",\"potentialAction\":[{\"@type\":\"ReadAction\",\"target\":[\"https:\\\/\\\/www.iceireland.com\\\/fr\\\/useful-information-and-supports\\\/induction-orientation\\\/\"]}]},{\"@type\":\"BreadcrumbList\",\"@id\":\"https:\\\/\\\/www.iceireland.com\\\/fr\\\/useful-information-and-supports\\\/induction-orientation\\\/#breadcrumb\",\"itemListElement\":[{\"@type\":\"ListItem\",\"position\":1,\"name\":\"Home\",\"item\":\"https:\\\/\\\/www.iceireland.com\\\/fr\\\/\"},{\"@type\":\"ListItem\",\"position\":2,\"name\":\"Informations et soutiens utiles\",\"item\":\"https:\\\/\\\/www.iceireland.com\\\/fr\\\/useful-information-and-supports\\\/\"},{\"@type\":\"ListItem\",\"position\":3,\"name\":\"Initiation et orientation\"}]},{\"@type\":\"WebSite\",\"@id\":\"https:\\\/\\\/www.iceireland.com\\\/fr\\\/#website\",\"url\":\"https:\\\/\\\/www.iceireland.com\\\/fr\\\/\",\"name\":\"Irish College of English\",\"description\":\"English School in Dublin, Malahide\",\"publisher\":{\"@id\":\"https:\\\/\\\/www.iceireland.com\\\/fr\\\/#organization\"},\"potentialAction\":[{\"@type\":\"SearchAction\",\"target\":{\"@type\":\"EntryPoint\",\"urlTemplate\":\"https:\\\/\\\/www.iceireland.com\\\/fr\\\/?s={search_term_string}\"},\"query-input\":{\"@type\":\"PropertyValueSpecification\",\"valueRequired\":true,\"valueName\":\"search_term_string\"}}],\"inLanguage\":\"fr-FR\"},{\"@type\":\"Organization\",\"@id\":\"https:\\\/\\\/www.iceireland.com\\\/fr\\\/#organization\",\"name\":\"Irish College of English\",\"url\":\"https:\\\/\\\/www.iceireland.com\\\/fr\\\/\",\"logo\":{\"@type\":\"ImageObject\",\"inLanguage\":\"fr-FR\",\"@id\":\"https:\\\/\\\/www.iceireland.com\\\/fr\\\/#\\\/schema\\\/logo\\\/image\\\/\",\"url\":\"https:\\\/\\\/www.iceireland.com\\\/wp-content\\\/uploads\\\/2022\\\/03\\\/logo.png\",\"contentUrl\":\"https:\\\/\\\/www.iceireland.com\\\/wp-content\\\/uploads\\\/2022\\\/03\\\/logo.png\",\"width\":593,\"height\":92,\"caption\":\"Irish College of English\"},\"image\":{\"@id\":\"https:\\\/\\\/www.iceireland.com\\\/fr\\\/#\\\/schema\\\/logo\\\/image\\\/\"}}]}<\/script>\n<!-- \/ Yoast SEO plugin. -->","yoast_head_json":{"title":"Initiation et orientation - Irish College of English","robots":{"index":"noindex","follow":"follow"},"og_locale":"fr_FR","og_type":"article","og_title":"Initiation et orientation - Irish College of English","og_description":"Initiation et orientation A l&rsquo;ICE, notre objectif est de veiller \u00e0 ce que tous les \u00e9l\u00e8ves re\u00e7oivent les informations, les ressources et le soutien dont ils ont besoin pour s&rsquo;int\u00e9grer avec succ\u00e8s dans la communaut\u00e9 scolaire, comprendre les attentes et se sentir en confiance alors qu&rsquo;ils entament leur parcours d&rsquo;apprentissage des langues. Nous aidons les [&hellip;]","og_url":"https:\/\/www.iceireland.com\/fr\/useful-information-and-supports\/induction-orientation\/","og_site_name":"Irish College of English","article_modified_time":"2026-01-30T16:50:22+00:00","twitter_misc":{"Dur\u00e9e de lecture estim\u00e9e":"2 minutes"},"schema":{"@context":"https:\/\/schema.org","@graph":[{"@type":"WebPage","@id":"https:\/\/www.iceireland.com\/fr\/useful-information-and-supports\/induction-orientation\/","url":"https:\/\/www.iceireland.com\/fr\/useful-information-and-supports\/induction-orientation\/","name":"Initiation et orientation - Irish College of English","isPartOf":{"@id":"https:\/\/www.iceireland.com\/fr\/#website"},"datePublished":"2023-11-29T15:33:01+00:00","dateModified":"2026-01-30T16:50:22+00:00","breadcrumb":{"@id":"https:\/\/www.iceireland.com\/fr\/useful-information-and-supports\/induction-orientation\/#breadcrumb"},"inLanguage":"fr-FR","potentialAction":[{"@type":"ReadAction","target":["https:\/\/www.iceireland.com\/fr\/useful-information-and-supports\/induction-orientation\/"]}]},{"@type":"BreadcrumbList","@id":"https:\/\/www.iceireland.com\/fr\/useful-information-and-supports\/induction-orientation\/#breadcrumb","itemListElement":[{"@type":"ListItem","position":1,"name":"Home","item":"https:\/\/www.iceireland.com\/fr\/"},{"@type":"ListItem","position":2,"name":"Informations et soutiens utiles","item":"https:\/\/www.iceireland.com\/fr\/useful-information-and-supports\/"},{"@type":"ListItem","position":3,"name":"Initiation et orientation"}]},{"@type":"WebSite","@id":"https:\/\/www.iceireland.com\/fr\/#website","url":"https:\/\/www.iceireland.com\/fr\/","name":"Irish College of English","description":"English School in Dublin, Malahide","publisher":{"@id":"https:\/\/www.iceireland.com\/fr\/#organization"},"potentialAction":[{"@type":"SearchAction","target":{"@type":"EntryPoint","urlTemplate":"https:\/\/www.iceireland.com\/fr\/?s={search_term_string}"},"query-input":{"@type":"PropertyValueSpecification","valueRequired":true,"valueName":"search_term_string"}}],"inLanguage":"fr-FR"},{"@type":"Organization","@id":"https:\/\/www.iceireland.com\/fr\/#organization","name":"Irish College of English","url":"https:\/\/www.iceireland.com\/fr\/","logo":{"@type":"ImageObject","inLanguage":"fr-FR","@id":"https:\/\/www.iceireland.com\/fr\/#\/schema\/logo\/image\/","url":"https:\/\/www.iceireland.com\/wp-content\/uploads\/2022\/03\/logo.png","contentUrl":"https:\/\/www.iceireland.com\/wp-content\/uploads\/2022\/03\/logo.png","width":593,"height":92,"caption":"Irish College of English"},"image":{"@id":"https:\/\/www.iceireland.com\/fr\/#\/schema\/logo\/image\/"}}]}},"_links":{"self":[{"href":"https:\/\/www.iceireland.com\/fr\/wp-json\/wp\/v2\/pages\/32426","targetHints":{"allow":["GET"]}}],"collection":[{"href":"https:\/\/www.iceireland.com\/fr\/wp-json\/wp\/v2\/pages"}],"about":[{"href":"https:\/\/www.iceireland.com\/fr\/wp-json\/wp\/v2\/types\/page"}],"author":[{"embeddable":true,"href":"https:\/\/www.iceireland.com\/fr\/wp-json\/wp\/v2\/users\/3"}],"replies":[{"embeddable":true,"href":"https:\/\/www.iceireland.com\/fr\/wp-json\/wp\/v2\/comments?post=32426"}],"version-history":[{"count":1,"href":"https:\/\/www.iceireland.com\/fr\/wp-json\/wp\/v2\/pages\/32426\/revisions"}],"predecessor-version":[{"id":32428,"href":"https:\/\/www.iceireland.com\/fr\/wp-json\/wp\/v2\/pages\/32426\/revisions\/32428"}],"up":[{"embeddable":true,"href":"https:\/\/www.iceireland.com\/fr\/wp-json\/wp\/v2\/pages\/32468"}],"wp:attachment":[{"href":"https:\/\/www.iceireland.com\/fr\/wp-json\/wp\/v2\/media?parent=32426"}],"curies":[{"name":"wp","href":"https:\/\/api.w.org\/{rel}","templated":true}]}}