{"id":32449,"date":"2023-11-29T15:32:14","date_gmt":"2023-11-29T15:32:14","guid":{"rendered":"https:\/\/www.iceireland.com\/assessment\/"},"modified":"2026-01-30T16:50:22","modified_gmt":"2026-01-30T16:50:22","slug":"assessment","status":"publish","type":"page","link":"https:\/\/www.iceireland.com\/fr\/useful-information-and-supports\/assessment\/","title":{"rendered":"L&rsquo;\u00e9valuation"},"content":{"rendered":"\t\t<div data-elementor-type=\"wp-page\" data-elementor-id=\"32449\" class=\"elementor elementor-32449 elementor-25709\" data-elementor-post-type=\"page\">\n\t\t\t\t\t\t<section class=\"elementor-section elementor-top-section elementor-element elementor-element-0b49e11 elementor-section-boxed elementor-section-height-default elementor-section-height-default\" data-id=\"0b49e11\" data-element_type=\"section\" data-e-type=\"section\">\n\t\t\t\t\t\t<div class=\"elementor-container elementor-column-gap-default\">\n\t\t\t\t\t<div class=\"elementor-column elementor-col-100 elementor-top-column elementor-element elementor-element-9d18d67\" data-id=\"9d18d67\" data-element_type=\"column\" data-e-type=\"column\">\n\t\t\t<div class=\"elementor-widget-wrap elementor-element-populated\">\n\t\t\t\t\t\t<div class=\"elementor-element elementor-element-03ed506 elementor-widget elementor-widget-text-editor\" data-id=\"03ed506\" data-element_type=\"widget\" data-e-type=\"widget\" data-widget_type=\"text-editor.default\">\n\t\t\t\t<div class=\"elementor-widget-container\">\n\t\t\t\t\t\t\t\t\t<p class=\"MsoNormal\"><b><span lang=\"EN-GB\">D\u00e9veloppement de l&rsquo;\u00e9valuation<o:p><\/o:p><\/span><\/b><\/p><p class=\"MsoNormal\" style=\"text-align:justify\"><span lang=\"EN-GB\">Les \u00e9valuations sont\nune partie essentielle de votre parcours d&rsquo;apprentissage, con\u00e7ues pour soutenir vos progr\u00e8s\net renforcer votre confiance dans l&rsquo;utilisation de l&rsquo;anglais. Nous nous concentrons sur toutes les comp\u00e9tences cl\u00e9s du CECR &#8211;\nl&rsquo;\u00e9coute, la lecture, l&rsquo;\u00e9criture et l&rsquo;expression orale &#8211; en proposant une approche \u00e9quilibr\u00e9e de\nl&rsquo;apprentissage des langues. Cela permet aux \u00e9tudiants de d\u00e9velopper des comp\u00e9tences compl\u00e8tes tout en\nidentifiant les domaines \u00e0 am\u00e9liorer.  <o:p><\/o:p><\/span><\/p><p class=\"MsoNormal\" style=\"text-align:justify\"><span lang=\"EN-GB\">Notre m\u00e9thode d&rsquo;\u00e9valuation\nest peu exigeante, ce qui signifie que l&rsquo;accent est mis sur votre apprentissage et votre d\u00e9veloppement plut\u00f4t que sur\nla pression. En mettant l&rsquo;accent sur la participation et le retour d&rsquo;information, nous cr\u00e9ons un environnement\nmotivant o\u00f9 vous vous sentez capable de vous approprier votre\napprentissage. <o:p><\/o:p><\/span><\/p><p class=\"MsoNormal\" style=\"text-align:justify\"><span lang=\"EN-GB\">Les \u00e9tudiants sont\ninitialement \u00e9valu\u00e9s avant leur arriv\u00e9e afin de d\u00e9terminer leur niveau de comp\u00e9tence par le biais d&rsquo;une \u00e9valuation en ligne\nqui est align\u00e9e sur le CECR.<o:p><\/o:p><\/span><\/p><p class=\"MsoNormal\" style=\"text-align:justify\"><span lang=\"EN-GB\">Nos \u00e9tudiants sont\npuis \u00e9valu\u00e9s gr\u00e2ce \u00e0 nos syst\u00e8mes d&rsquo;\u00e9valuation formative et sommative qui garantissent\nla validit\u00e9, la fiabilit\u00e9 et l&rsquo;\u00e9quit\u00e9 de l&rsquo;\u00e9valuation des performances des \u00e9tudiants dans l&rsquo;ensemble des comp\u00e9tences linguistiques\n.<o:p><\/o:p><\/span><\/p><p class=\"MsoNormal\" style=\"line-height:107%\"><b><span lang=\"EN-GB\">\u00c9valuation formative\n<o:p><\/o:p><\/span><\/b><\/p><p class=\"MsoNormal\" style=\"text-align:justify;line-height:107%\"><span lang=\"EN-GB\">L&rsquo;\u00e9valuation formative est un processus continu qui permet de mesurer\nles progr\u00e8s des \u00e9tudiants et de leur fournir un retour d&rsquo;information constructif tout au long de leur s\u00e9jour. Elle\ncomprend des observations en classe, des activit\u00e9s interactives, des quiz et des projets hebdomadaires\n. D&rsquo;autres exemples d&rsquo;\u00e9valuation formative sont l&rsquo;engagement des apprenants\ndans les activit\u00e9s et la capacit\u00e9 des apprenants \u00e0 surmonter les obstacles linguistiques. Ces \u00e9l\u00e9ments sont enregistr\u00e9s sur\net servent de base aux commentaires sur l&rsquo;\u00e9valuation dans le rapport de fin d&rsquo;\u00e9tudes de nos \u00e9tudiants\n.   <o:p><\/o:p><\/span><\/p><p class=\"MsoNormal\"><b><span lang=\"EN-GB\">\u00c9valuation sommative<o:p><\/o:p><\/span><\/b><\/p><p>\n\n\n\n\n\n\n\n\n\n\n\n\n\n\n\n<\/p><p class=\"MsoNormal\" style=\"text-align:justify;line-height:107%\"><span lang=\"EN-GB\">Des \u00e9valuations sommatives sont effectu\u00e9es \u00e0 la fin de chaque semaine pour\nmesurer l&rsquo;apprentissage des \u00e9tudiants sur la base de l&rsquo;unit\u00e9 de base du livre de cours qu&rsquo;ils ont\n\u00e9tudi\u00e9e. Ces tests sont standardis\u00e9s pour garantir la coh\u00e9rence et l&rsquo;\u00e9quit\u00e9 et\nsont list\u00e9s dans le programme des \u00e9tudiants pour les aider \u00e0 se pr\u00e9parer efficacement. <o:p><\/o:p><\/span><\/p>\t\t\t\t\t\t\t\t<\/div>\n\t\t\t\t<\/div>\n\t\t\t\t\t<\/div>\n\t\t<\/div>\n\t\t\t\t\t<\/div>\n\t\t<\/section>\n\t\t\t\t<\/div>\n\t\t","protected":false},"excerpt":{"rendered":"<p>D\u00e9veloppement de l&rsquo;\u00e9valuation Les \u00e9valuations sont une partie essentielle de votre parcours d&rsquo;apprentissage, con\u00e7ues pour soutenir vos progr\u00e8s et renforcer votre confiance dans l&rsquo;utilisation de l&rsquo;anglais. Nous nous concentrons sur toutes les comp\u00e9tences cl\u00e9s du CECR &#8211; l&rsquo;\u00e9coute, la lecture, l&rsquo;\u00e9criture et l&rsquo;expression orale &#8211; en proposant une approche \u00e9quilibr\u00e9e de l&rsquo;apprentissage des langues. Cela [&hellip;]<\/p>\n","protected":false},"author":3,"featured_media":0,"parent":32468,"menu_order":0,"comment_status":"closed","ping_status":"closed","template":"","meta":{"content-type":"","footnotes":""},"class_list":["post-32449","page","type-page","status-publish","hentry"],"yoast_head":"<!-- This site is optimized with the Yoast SEO plugin v27.3 - https:\/\/yoast.com\/product\/yoast-seo-wordpress\/ -->\n<title>L&#039;\u00e9valuation - Irish College of English<\/title>\n<meta name=\"robots\" content=\"noindex, follow\" \/>\n<meta property=\"og:locale\" content=\"fr_FR\" \/>\n<meta property=\"og:type\" content=\"article\" \/>\n<meta property=\"og:title\" content=\"L&#039;\u00e9valuation - Irish College of English\" \/>\n<meta property=\"og:description\" content=\"D\u00e9veloppement de l&rsquo;\u00e9valuation Les \u00e9valuations sont une partie essentielle de votre parcours d&rsquo;apprentissage, con\u00e7ues pour soutenir vos progr\u00e8s et renforcer votre confiance dans l&rsquo;utilisation de l&rsquo;anglais. Nous nous concentrons sur toutes les comp\u00e9tences cl\u00e9s du CECR &#8211; l&rsquo;\u00e9coute, la lecture, l&rsquo;\u00e9criture et l&rsquo;expression orale &#8211; en proposant une approche \u00e9quilibr\u00e9e de l&rsquo;apprentissage des langues. Cela [&hellip;]\" \/>\n<meta property=\"og:url\" content=\"https:\/\/www.iceireland.com\/fr\/useful-information-and-supports\/assessment\/\" \/>\n<meta property=\"og:site_name\" content=\"Irish College of English\" \/>\n<meta property=\"article:modified_time\" content=\"2026-01-30T16:50:22+00:00\" \/>\n<meta name=\"twitter:label1\" content=\"Dur\u00e9e de lecture estim\u00e9e\" \/>\n\t<meta name=\"twitter:data1\" content=\"2 minutes\" \/>\n<script type=\"application\/ld+json\" class=\"yoast-schema-graph\">{\"@context\":\"https:\\\/\\\/schema.org\",\"@graph\":[{\"@type\":\"WebPage\",\"@id\":\"https:\\\/\\\/www.iceireland.com\\\/fr\\\/useful-information-and-supports\\\/assessment\\\/\",\"url\":\"https:\\\/\\\/www.iceireland.com\\\/fr\\\/useful-information-and-supports\\\/assessment\\\/\",\"name\":\"L'\u00e9valuation - Irish College of English\",\"isPartOf\":{\"@id\":\"https:\\\/\\\/www.iceireland.com\\\/fr\\\/#website\"},\"datePublished\":\"2023-11-29T15:32:14+00:00\",\"dateModified\":\"2026-01-30T16:50:22+00:00\",\"breadcrumb\":{\"@id\":\"https:\\\/\\\/www.iceireland.com\\\/fr\\\/useful-information-and-supports\\\/assessment\\\/#breadcrumb\"},\"inLanguage\":\"fr-FR\",\"potentialAction\":[{\"@type\":\"ReadAction\",\"target\":[\"https:\\\/\\\/www.iceireland.com\\\/fr\\\/useful-information-and-supports\\\/assessment\\\/\"]}]},{\"@type\":\"BreadcrumbList\",\"@id\":\"https:\\\/\\\/www.iceireland.com\\\/fr\\\/useful-information-and-supports\\\/assessment\\\/#breadcrumb\",\"itemListElement\":[{\"@type\":\"ListItem\",\"position\":1,\"name\":\"Home\",\"item\":\"https:\\\/\\\/www.iceireland.com\\\/fr\\\/\"},{\"@type\":\"ListItem\",\"position\":2,\"name\":\"Informations et soutiens utiles\",\"item\":\"https:\\\/\\\/www.iceireland.com\\\/fr\\\/useful-information-and-supports\\\/\"},{\"@type\":\"ListItem\",\"position\":3,\"name\":\"L&rsquo;\u00e9valuation\"}]},{\"@type\":\"WebSite\",\"@id\":\"https:\\\/\\\/www.iceireland.com\\\/fr\\\/#website\",\"url\":\"https:\\\/\\\/www.iceireland.com\\\/fr\\\/\",\"name\":\"Irish College of English\",\"description\":\"English School in Dublin, Malahide\",\"publisher\":{\"@id\":\"https:\\\/\\\/www.iceireland.com\\\/fr\\\/#organization\"},\"potentialAction\":[{\"@type\":\"SearchAction\",\"target\":{\"@type\":\"EntryPoint\",\"urlTemplate\":\"https:\\\/\\\/www.iceireland.com\\\/fr\\\/?s={search_term_string}\"},\"query-input\":{\"@type\":\"PropertyValueSpecification\",\"valueRequired\":true,\"valueName\":\"search_term_string\"}}],\"inLanguage\":\"fr-FR\"},{\"@type\":\"Organization\",\"@id\":\"https:\\\/\\\/www.iceireland.com\\\/fr\\\/#organization\",\"name\":\"Irish College of English\",\"url\":\"https:\\\/\\\/www.iceireland.com\\\/fr\\\/\",\"logo\":{\"@type\":\"ImageObject\",\"inLanguage\":\"fr-FR\",\"@id\":\"https:\\\/\\\/www.iceireland.com\\\/fr\\\/#\\\/schema\\\/logo\\\/image\\\/\",\"url\":\"https:\\\/\\\/www.iceireland.com\\\/wp-content\\\/uploads\\\/2022\\\/03\\\/logo.png\",\"contentUrl\":\"https:\\\/\\\/www.iceireland.com\\\/wp-content\\\/uploads\\\/2022\\\/03\\\/logo.png\",\"width\":593,\"height\":92,\"caption\":\"Irish College of English\"},\"image\":{\"@id\":\"https:\\\/\\\/www.iceireland.com\\\/fr\\\/#\\\/schema\\\/logo\\\/image\\\/\"}}]}<\/script>\n<!-- \/ Yoast SEO plugin. -->","yoast_head_json":{"title":"L'\u00e9valuation - Irish College of English","robots":{"index":"noindex","follow":"follow"},"og_locale":"fr_FR","og_type":"article","og_title":"L'\u00e9valuation - Irish College of English","og_description":"D\u00e9veloppement de l&rsquo;\u00e9valuation Les \u00e9valuations sont une partie essentielle de votre parcours d&rsquo;apprentissage, con\u00e7ues pour soutenir vos progr\u00e8s et renforcer votre confiance dans l&rsquo;utilisation de l&rsquo;anglais. Nous nous concentrons sur toutes les comp\u00e9tences cl\u00e9s du CECR &#8211; l&rsquo;\u00e9coute, la lecture, l&rsquo;\u00e9criture et l&rsquo;expression orale &#8211; en proposant une approche \u00e9quilibr\u00e9e de l&rsquo;apprentissage des langues. Cela [&hellip;]","og_url":"https:\/\/www.iceireland.com\/fr\/useful-information-and-supports\/assessment\/","og_site_name":"Irish College of English","article_modified_time":"2026-01-30T16:50:22+00:00","twitter_misc":{"Dur\u00e9e de lecture estim\u00e9e":"2 minutes"},"schema":{"@context":"https:\/\/schema.org","@graph":[{"@type":"WebPage","@id":"https:\/\/www.iceireland.com\/fr\/useful-information-and-supports\/assessment\/","url":"https:\/\/www.iceireland.com\/fr\/useful-information-and-supports\/assessment\/","name":"L'\u00e9valuation - Irish College of English","isPartOf":{"@id":"https:\/\/www.iceireland.com\/fr\/#website"},"datePublished":"2023-11-29T15:32:14+00:00","dateModified":"2026-01-30T16:50:22+00:00","breadcrumb":{"@id":"https:\/\/www.iceireland.com\/fr\/useful-information-and-supports\/assessment\/#breadcrumb"},"inLanguage":"fr-FR","potentialAction":[{"@type":"ReadAction","target":["https:\/\/www.iceireland.com\/fr\/useful-information-and-supports\/assessment\/"]}]},{"@type":"BreadcrumbList","@id":"https:\/\/www.iceireland.com\/fr\/useful-information-and-supports\/assessment\/#breadcrumb","itemListElement":[{"@type":"ListItem","position":1,"name":"Home","item":"https:\/\/www.iceireland.com\/fr\/"},{"@type":"ListItem","position":2,"name":"Informations et soutiens utiles","item":"https:\/\/www.iceireland.com\/fr\/useful-information-and-supports\/"},{"@type":"ListItem","position":3,"name":"L&rsquo;\u00e9valuation"}]},{"@type":"WebSite","@id":"https:\/\/www.iceireland.com\/fr\/#website","url":"https:\/\/www.iceireland.com\/fr\/","name":"Irish College of English","description":"English School in Dublin, Malahide","publisher":{"@id":"https:\/\/www.iceireland.com\/fr\/#organization"},"potentialAction":[{"@type":"SearchAction","target":{"@type":"EntryPoint","urlTemplate":"https:\/\/www.iceireland.com\/fr\/?s={search_term_string}"},"query-input":{"@type":"PropertyValueSpecification","valueRequired":true,"valueName":"search_term_string"}}],"inLanguage":"fr-FR"},{"@type":"Organization","@id":"https:\/\/www.iceireland.com\/fr\/#organization","name":"Irish College of English","url":"https:\/\/www.iceireland.com\/fr\/","logo":{"@type":"ImageObject","inLanguage":"fr-FR","@id":"https:\/\/www.iceireland.com\/fr\/#\/schema\/logo\/image\/","url":"https:\/\/www.iceireland.com\/wp-content\/uploads\/2022\/03\/logo.png","contentUrl":"https:\/\/www.iceireland.com\/wp-content\/uploads\/2022\/03\/logo.png","width":593,"height":92,"caption":"Irish College of English"},"image":{"@id":"https:\/\/www.iceireland.com\/fr\/#\/schema\/logo\/image\/"}}]}},"_links":{"self":[{"href":"https:\/\/www.iceireland.com\/fr\/wp-json\/wp\/v2\/pages\/32449","targetHints":{"allow":["GET"]}}],"collection":[{"href":"https:\/\/www.iceireland.com\/fr\/wp-json\/wp\/v2\/pages"}],"about":[{"href":"https:\/\/www.iceireland.com\/fr\/wp-json\/wp\/v2\/types\/page"}],"author":[{"embeddable":true,"href":"https:\/\/www.iceireland.com\/fr\/wp-json\/wp\/v2\/users\/3"}],"replies":[{"embeddable":true,"href":"https:\/\/www.iceireland.com\/fr\/wp-json\/wp\/v2\/comments?post=32449"}],"version-history":[{"count":1,"href":"https:\/\/www.iceireland.com\/fr\/wp-json\/wp\/v2\/pages\/32449\/revisions"}],"predecessor-version":[{"id":32450,"href":"https:\/\/www.iceireland.com\/fr\/wp-json\/wp\/v2\/pages\/32449\/revisions\/32450"}],"up":[{"embeddable":true,"href":"https:\/\/www.iceireland.com\/fr\/wp-json\/wp\/v2\/pages\/32468"}],"wp:attachment":[{"href":"https:\/\/www.iceireland.com\/fr\/wp-json\/wp\/v2\/media?parent=32449"}],"curies":[{"name":"wp","href":"https:\/\/api.w.org\/{rel}","templated":true}]}}