{"id":32504,"date":"2023-11-28T14:29:02","date_gmt":"2023-11-28T14:29:02","guid":{"rendered":"https:\/\/www.iceireland.com\/useful-information-and-supports\/learner-protection\/"},"modified":"2026-01-30T16:50:53","modified_gmt":"2026-01-30T16:50:53","slug":"learner-protection","status":"publish","type":"page","link":"https:\/\/www.iceireland.com\/fr\/useful-information-and-supports\/learner-protection\/","title":{"rendered":"Protection des apprenants"},"content":{"rendered":"\t\t<div data-elementor-type=\"wp-page\" data-elementor-id=\"32504\" class=\"elementor elementor-32504 elementor-25634\" data-elementor-post-type=\"page\">\n\t\t\t\t\t\t<section class=\"elementor-section elementor-top-section elementor-element elementor-element-f28b19c elementor-section-boxed elementor-section-height-default elementor-section-height-default\" data-id=\"f28b19c\" data-element_type=\"section\" data-e-type=\"section\">\n\t\t\t\t\t\t<div class=\"elementor-container elementor-column-gap-default\">\n\t\t\t\t\t<div class=\"elementor-column elementor-col-100 elementor-top-column elementor-element elementor-element-f788b3d\" data-id=\"f788b3d\" data-element_type=\"column\" data-e-type=\"column\">\n\t\t\t<div class=\"elementor-widget-wrap elementor-element-populated\">\n\t\t\t\t\t\t<div class=\"elementor-element elementor-element-86ec0a2 elementor-widget elementor-widget-heading\" data-id=\"86ec0a2\" data-element_type=\"widget\" data-e-type=\"widget\" data-widget_type=\"heading.default\">\n\t\t\t\t<div class=\"elementor-widget-container\">\n\t\t\t\t\t<h2 class=\"elementor-heading-title elementor-size-default\">Protection des apprenants<\/h2>\t\t\t\t<\/div>\n\t\t\t\t<\/div>\n\t\t\t\t\t<\/div>\n\t\t<\/div>\n\t\t\t\t\t<\/div>\n\t\t<\/section>\n\t\t\t\t<section class=\"elementor-section elementor-top-section elementor-element elementor-element-04766b2 elementor-section-boxed elementor-section-height-default elementor-section-height-default\" data-id=\"04766b2\" data-element_type=\"section\" data-e-type=\"section\">\n\t\t\t\t\t\t<div class=\"elementor-container elementor-column-gap-default\">\n\t\t\t\t\t<div class=\"elementor-column elementor-col-100 elementor-top-column elementor-element elementor-element-731c06c\" data-id=\"731c06c\" data-element_type=\"column\" data-e-type=\"column\">\n\t\t\t<div class=\"elementor-widget-wrap elementor-element-populated\">\n\t\t\t\t\t\t<div class=\"elementor-element elementor-element-a4037cf elementor-widget elementor-widget-text-editor\" data-id=\"a4037cf\" data-element_type=\"widget\" data-e-type=\"widget\" data-widget_type=\"text-editor.default\">\n\t\t\t\t<div class=\"elementor-widget-container\">\n\t\t\t\t\t\t\t\t\t<p>Au Irish College of English, nous accordons la priorit\u00e9 au bien-\u00eatre et \u00e0 la s\u00e9curit\u00e9 de nos \u00e9tudiants.<\/p><p>Dans le cadre de notre engagement \u00e0 fournir un environnement d&rsquo;apprentissage s\u00fbr et favorable, nous fournissons une assurance de protection des apprenants \u00e0 tous les \u00e9tudiants de l&rsquo;ILEP par le biais du programme de protection des apprenants inscrits d&rsquo;Arachas et une protection des apprenants de l&rsquo;IEDM \u00e0 tous les \u00e9tudiants.<\/p><p><strong>Programme de protection des apprenants inscrits d&rsquo;Arachas<\/strong><\/p><p>Cette couverture d&rsquo;assurance, fournie par Aviva Insurance Ireland DAC, est r\u00e9glement\u00e9e par la Banque centrale d&rsquo;Irlande, ce qui garantit les normes de protection les plus \u00e9lev\u00e9es pour nos \u00e9tudiants. Dans le cadre de cette police collective, les \u00e9tudiants sont prot\u00e9g\u00e9s en cas d&rsquo;interruption pr\u00e9matur\u00e9e d&rsquo;un programme. <\/p><p>Conform\u00e9ment \u00e0 la section 5A14 des dispositions applicables aux programmes de langue anglaise, nous veillons \u00e0 ce que nos dispositions en mati\u00e8re de protection des apprenants r\u00e9pondent aux normes n\u00e9cessaires d\u00e9finies par les autorit\u00e9s r\u00e9glementaires. Ces dispositions couvrent les \u00e9tudiants \u00e0 partir du moment de l&rsquo;inscription et du paiement des frais jusqu&rsquo;\u00e0 l&rsquo;ach\u00e8vement du programme et aux examens de fin de programme. <\/p><p><strong>Protection des apprenants<\/strong><\/p><p>En tant que membres de l&rsquo;EEI, nous sommes couverts par le programme de protection des apprenants de l&rsquo;EEI, Study &amp; Protect, et en cas de fermeture d&rsquo;une \u00e9cole, les \u00e9tudiants pourront terminer leurs \u00e9tudes dans une autre \u00e9cole de l&rsquo;EEI sans frais suppl\u00e9mentaires. Le bureau de l&rsquo;EEI facilitera cette d\u00e9marche et le placement dans une autre \u00e9cole de langue de l&rsquo;EEI sera coordonn\u00e9 de mani\u00e8re rapide et sans stress. <\/p><p>Nos accords de protection des apprenants sont structur\u00e9s de mani\u00e8re \u00e0 garantir une couverture compl\u00e8te pour chaque \u00e9tudiant, avec une communication claire des d\u00e9tails de la police et des proc\u00e9dures de r\u00e9clamation fournies par le fournisseur d&rsquo;assurance. En outre, nous adh\u00e9rons \u00e0 des accords de cautionnement acad\u00e9mique pour assurer la continuit\u00e9 de l&rsquo;\u00e9ducation en cas d&rsquo;interruption du programme, avec des lignes directrices strictes en place pour maintenir la transparence et la responsabilit\u00e9.   <\/p><p>Nous comprenons l&rsquo;importance de la transparence et de la responsabilit\u00e9 dans la sauvegarde des int\u00e9r\u00eats de nos \u00e9tudiants, et nous restons d\u00e9termin\u00e9s \u00e0 respecter les normes les plus \u00e9lev\u00e9es en mati\u00e8re de protection des apprenants. Toute proposition de modification de nos dispositions en mati\u00e8re de protection des apprenants est soumise \u00e0 l&rsquo;approbation des autorit\u00e9s comp\u00e9tentes, afin de garantir la s\u00e9curit\u00e9 et le bien-\u00eatre de notre communaut\u00e9 d&rsquo;apprenants. <\/p><p>Au Irish College of English, nous nous engageons \u00e0 fournir non seulement un enseignement de qualit\u00e9, mais aussi une tranquillit\u00e9 d&rsquo;esprit \u00e0 nos \u00e9tudiants et \u00e0 leurs familles gr\u00e2ce \u00e0 de solides mesures de protection des apprenants.<\/p>\t\t\t\t\t\t\t\t<\/div>\n\t\t\t\t<\/div>\n\t\t\t\t\t<\/div>\n\t\t<\/div>\n\t\t\t\t\t<\/div>\n\t\t<\/section>\n\t\t\t\t<\/div>\n\t\t","protected":false},"excerpt":{"rendered":"<p>Protection des apprenants Au Irish College of English, nous accordons la priorit\u00e9 au bien-\u00eatre et \u00e0 la s\u00e9curit\u00e9 de nos \u00e9tudiants. Dans le cadre de notre engagement \u00e0 fournir un environnement d&rsquo;apprentissage s\u00fbr et favorable, nous fournissons une assurance de protection des apprenants \u00e0 tous les \u00e9tudiants de l&rsquo;ILEP par le biais du programme de [&hellip;]<\/p>\n","protected":false},"author":3,"featured_media":0,"parent":32468,"menu_order":0,"comment_status":"closed","ping_status":"closed","template":"","meta":{"content-type":"","footnotes":""},"class_list":["post-32504","page","type-page","status-publish","hentry"],"yoast_head":"<!-- This site is optimized with the Yoast SEO plugin v27.3 - https:\/\/yoast.com\/product\/yoast-seo-wordpress\/ -->\n<title>Protection des apprenants - Irish College of English<\/title>\n<meta name=\"robots\" content=\"noindex, follow\" \/>\n<meta property=\"og:locale\" content=\"fr_FR\" \/>\n<meta property=\"og:type\" content=\"article\" \/>\n<meta property=\"og:title\" content=\"Protection des apprenants - Irish College of English\" \/>\n<meta property=\"og:description\" content=\"Protection des apprenants Au Irish College of English, nous accordons la priorit\u00e9 au bien-\u00eatre et \u00e0 la s\u00e9curit\u00e9 de nos \u00e9tudiants. Dans le cadre de notre engagement \u00e0 fournir un environnement d&rsquo;apprentissage s\u00fbr et favorable, nous fournissons une assurance de protection des apprenants \u00e0 tous les \u00e9tudiants de l&rsquo;ILEP par le biais du programme de [&hellip;]\" \/>\n<meta property=\"og:url\" content=\"https:\/\/www.iceireland.com\/fr\/useful-information-and-supports\/learner-protection\/\" \/>\n<meta property=\"og:site_name\" content=\"Irish College of English\" \/>\n<meta property=\"article:modified_time\" content=\"2026-01-30T16:50:53+00:00\" \/>\n<meta name=\"twitter:label1\" content=\"Dur\u00e9e de lecture estim\u00e9e\" \/>\n\t<meta name=\"twitter:data1\" content=\"2 minutes\" \/>\n<script type=\"application\/ld+json\" class=\"yoast-schema-graph\">{\"@context\":\"https:\\\/\\\/schema.org\",\"@graph\":[{\"@type\":\"WebPage\",\"@id\":\"https:\\\/\\\/www.iceireland.com\\\/fr\\\/useful-information-and-supports\\\/learner-protection\\\/\",\"url\":\"https:\\\/\\\/www.iceireland.com\\\/fr\\\/useful-information-and-supports\\\/learner-protection\\\/\",\"name\":\"Protection des apprenants - Irish College of English\",\"isPartOf\":{\"@id\":\"https:\\\/\\\/www.iceireland.com\\\/fr\\\/#website\"},\"datePublished\":\"2023-11-28T14:29:02+00:00\",\"dateModified\":\"2026-01-30T16:50:53+00:00\",\"breadcrumb\":{\"@id\":\"https:\\\/\\\/www.iceireland.com\\\/fr\\\/useful-information-and-supports\\\/learner-protection\\\/#breadcrumb\"},\"inLanguage\":\"fr-FR\",\"potentialAction\":[{\"@type\":\"ReadAction\",\"target\":[\"https:\\\/\\\/www.iceireland.com\\\/fr\\\/useful-information-and-supports\\\/learner-protection\\\/\"]}]},{\"@type\":\"BreadcrumbList\",\"@id\":\"https:\\\/\\\/www.iceireland.com\\\/fr\\\/useful-information-and-supports\\\/learner-protection\\\/#breadcrumb\",\"itemListElement\":[{\"@type\":\"ListItem\",\"position\":1,\"name\":\"Home\",\"item\":\"https:\\\/\\\/www.iceireland.com\\\/fr\\\/\"},{\"@type\":\"ListItem\",\"position\":2,\"name\":\"Informations et soutiens utiles\",\"item\":\"https:\\\/\\\/www.iceireland.com\\\/fr\\\/useful-information-and-supports\\\/\"},{\"@type\":\"ListItem\",\"position\":3,\"name\":\"Protection des apprenants\"}]},{\"@type\":\"WebSite\",\"@id\":\"https:\\\/\\\/www.iceireland.com\\\/fr\\\/#website\",\"url\":\"https:\\\/\\\/www.iceireland.com\\\/fr\\\/\",\"name\":\"Irish College of English\",\"description\":\"English School in Dublin, Malahide\",\"publisher\":{\"@id\":\"https:\\\/\\\/www.iceireland.com\\\/fr\\\/#organization\"},\"potentialAction\":[{\"@type\":\"SearchAction\",\"target\":{\"@type\":\"EntryPoint\",\"urlTemplate\":\"https:\\\/\\\/www.iceireland.com\\\/fr\\\/?s={search_term_string}\"},\"query-input\":{\"@type\":\"PropertyValueSpecification\",\"valueRequired\":true,\"valueName\":\"search_term_string\"}}],\"inLanguage\":\"fr-FR\"},{\"@type\":\"Organization\",\"@id\":\"https:\\\/\\\/www.iceireland.com\\\/fr\\\/#organization\",\"name\":\"Irish College of English\",\"url\":\"https:\\\/\\\/www.iceireland.com\\\/fr\\\/\",\"logo\":{\"@type\":\"ImageObject\",\"inLanguage\":\"fr-FR\",\"@id\":\"https:\\\/\\\/www.iceireland.com\\\/fr\\\/#\\\/schema\\\/logo\\\/image\\\/\",\"url\":\"https:\\\/\\\/www.iceireland.com\\\/wp-content\\\/uploads\\\/2022\\\/03\\\/logo.png\",\"contentUrl\":\"https:\\\/\\\/www.iceireland.com\\\/wp-content\\\/uploads\\\/2022\\\/03\\\/logo.png\",\"width\":593,\"height\":92,\"caption\":\"Irish College of English\"},\"image\":{\"@id\":\"https:\\\/\\\/www.iceireland.com\\\/fr\\\/#\\\/schema\\\/logo\\\/image\\\/\"}}]}<\/script>\n<!-- \/ Yoast SEO plugin. -->","yoast_head_json":{"title":"Protection des apprenants - Irish College of English","robots":{"index":"noindex","follow":"follow"},"og_locale":"fr_FR","og_type":"article","og_title":"Protection des apprenants - Irish College of English","og_description":"Protection des apprenants Au Irish College of English, nous accordons la priorit\u00e9 au bien-\u00eatre et \u00e0 la s\u00e9curit\u00e9 de nos \u00e9tudiants. Dans le cadre de notre engagement \u00e0 fournir un environnement d&rsquo;apprentissage s\u00fbr et favorable, nous fournissons une assurance de protection des apprenants \u00e0 tous les \u00e9tudiants de l&rsquo;ILEP par le biais du programme de [&hellip;]","og_url":"https:\/\/www.iceireland.com\/fr\/useful-information-and-supports\/learner-protection\/","og_site_name":"Irish College of English","article_modified_time":"2026-01-30T16:50:53+00:00","twitter_misc":{"Dur\u00e9e de lecture estim\u00e9e":"2 minutes"},"schema":{"@context":"https:\/\/schema.org","@graph":[{"@type":"WebPage","@id":"https:\/\/www.iceireland.com\/fr\/useful-information-and-supports\/learner-protection\/","url":"https:\/\/www.iceireland.com\/fr\/useful-information-and-supports\/learner-protection\/","name":"Protection des apprenants - Irish College of English","isPartOf":{"@id":"https:\/\/www.iceireland.com\/fr\/#website"},"datePublished":"2023-11-28T14:29:02+00:00","dateModified":"2026-01-30T16:50:53+00:00","breadcrumb":{"@id":"https:\/\/www.iceireland.com\/fr\/useful-information-and-supports\/learner-protection\/#breadcrumb"},"inLanguage":"fr-FR","potentialAction":[{"@type":"ReadAction","target":["https:\/\/www.iceireland.com\/fr\/useful-information-and-supports\/learner-protection\/"]}]},{"@type":"BreadcrumbList","@id":"https:\/\/www.iceireland.com\/fr\/useful-information-and-supports\/learner-protection\/#breadcrumb","itemListElement":[{"@type":"ListItem","position":1,"name":"Home","item":"https:\/\/www.iceireland.com\/fr\/"},{"@type":"ListItem","position":2,"name":"Informations et soutiens utiles","item":"https:\/\/www.iceireland.com\/fr\/useful-information-and-supports\/"},{"@type":"ListItem","position":3,"name":"Protection des apprenants"}]},{"@type":"WebSite","@id":"https:\/\/www.iceireland.com\/fr\/#website","url":"https:\/\/www.iceireland.com\/fr\/","name":"Irish College of English","description":"English School in Dublin, Malahide","publisher":{"@id":"https:\/\/www.iceireland.com\/fr\/#organization"},"potentialAction":[{"@type":"SearchAction","target":{"@type":"EntryPoint","urlTemplate":"https:\/\/www.iceireland.com\/fr\/?s={search_term_string}"},"query-input":{"@type":"PropertyValueSpecification","valueRequired":true,"valueName":"search_term_string"}}],"inLanguage":"fr-FR"},{"@type":"Organization","@id":"https:\/\/www.iceireland.com\/fr\/#organization","name":"Irish College of English","url":"https:\/\/www.iceireland.com\/fr\/","logo":{"@type":"ImageObject","inLanguage":"fr-FR","@id":"https:\/\/www.iceireland.com\/fr\/#\/schema\/logo\/image\/","url":"https:\/\/www.iceireland.com\/wp-content\/uploads\/2022\/03\/logo.png","contentUrl":"https:\/\/www.iceireland.com\/wp-content\/uploads\/2022\/03\/logo.png","width":593,"height":92,"caption":"Irish College of English"},"image":{"@id":"https:\/\/www.iceireland.com\/fr\/#\/schema\/logo\/image\/"}}]}},"_links":{"self":[{"href":"https:\/\/www.iceireland.com\/fr\/wp-json\/wp\/v2\/pages\/32504","targetHints":{"allow":["GET"]}}],"collection":[{"href":"https:\/\/www.iceireland.com\/fr\/wp-json\/wp\/v2\/pages"}],"about":[{"href":"https:\/\/www.iceireland.com\/fr\/wp-json\/wp\/v2\/types\/page"}],"author":[{"embeddable":true,"href":"https:\/\/www.iceireland.com\/fr\/wp-json\/wp\/v2\/users\/3"}],"replies":[{"embeddable":true,"href":"https:\/\/www.iceireland.com\/fr\/wp-json\/wp\/v2\/comments?post=32504"}],"version-history":[{"count":1,"href":"https:\/\/www.iceireland.com\/fr\/wp-json\/wp\/v2\/pages\/32504\/revisions"}],"predecessor-version":[{"id":32506,"href":"https:\/\/www.iceireland.com\/fr\/wp-json\/wp\/v2\/pages\/32504\/revisions\/32506"}],"up":[{"embeddable":true,"href":"https:\/\/www.iceireland.com\/fr\/wp-json\/wp\/v2\/pages\/32468"}],"wp:attachment":[{"href":"https:\/\/www.iceireland.com\/fr\/wp-json\/wp\/v2\/media?parent=32504"}],"curies":[{"name":"wp","href":"https:\/\/api.w.org\/{rel}","templated":true}]}}