{"id":32708,"date":"2020-06-10T16:47:54","date_gmt":"2020-06-10T16:47:54","guid":{"rendered":"https:\/\/www.iceireland.com\/cours-d-anglais-dublin\/thank-you\/"},"modified":"2026-01-30T16:55:39","modified_gmt":"2026-01-30T16:55:39","slug":"thank-you","status":"publish","type":"page","link":"https:\/\/www.iceireland.com\/fr\/cours-d-anglais-dublin\/thank-you\/","title":{"rendered":"Merci de votre attention"},"content":{"rendered":"\t\t<div data-elementor-type=\"wp-page\" data-elementor-id=\"32708\" class=\"elementor elementor-32708 elementor-7712\" data-elementor-post-type=\"page\">\n\t\t\t\t\t\t<section class=\"elementor-section elementor-top-section elementor-element elementor-element-7fd3a12 elementor-section-boxed elementor-section-height-default elementor-section-height-default\" data-id=\"7fd3a12\" data-element_type=\"section\" data-e-type=\"section\">\n\t\t\t\t\t\t<div class=\"elementor-container elementor-column-gap-default\">\n\t\t\t\t\t<div class=\"elementor-column elementor-col-100 elementor-top-column elementor-element elementor-element-e67a47c\" data-id=\"e67a47c\" data-element_type=\"column\" data-e-type=\"column\">\n\t\t\t<div class=\"elementor-widget-wrap elementor-element-populated\">\n\t\t\t\t\t\t<div class=\"elementor-element elementor-element-9318d61 elementor-widget elementor-widget-heading\" data-id=\"9318d61\" data-element_type=\"widget\" data-e-type=\"widget\" data-widget_type=\"heading.default\">\n\t\t\t\t<div class=\"elementor-widget-container\">\n\t\t\t\t\t<h2 class=\"elementor-heading-title elementor-size-default\">Merci de votre attention !  <\/h2>\t\t\t\t<\/div>\n\t\t\t\t<\/div>\n\t\t\t\t\t<\/div>\n\t\t<\/div>\n\t\t\t\t\t<\/div>\n\t\t<\/section>\n\t\t\t\t<section class=\"elementor-section elementor-top-section elementor-element elementor-element-2d39045 elementor-section-boxed elementor-section-height-default elementor-section-height-default\" data-id=\"2d39045\" data-element_type=\"section\" data-e-type=\"section\">\n\t\t\t\t\t\t<div class=\"elementor-container elementor-column-gap-default\">\n\t\t\t\t\t<div class=\"elementor-column elementor-col-100 elementor-top-column elementor-element elementor-element-bc45557\" data-id=\"bc45557\" data-element_type=\"column\" data-e-type=\"column\">\n\t\t\t<div class=\"elementor-widget-wrap elementor-element-populated\">\n\t\t\t\t\t\t<div class=\"elementor-element elementor-element-7ff4efd elementor-widget elementor-widget-text-editor\" data-id=\"7ff4efd\" data-element_type=\"widget\" data-e-type=\"widget\" data-widget_type=\"text-editor.default\">\n\t\t\t\t<div class=\"elementor-widget-container\">\n\t\t\t\t\t\t\t\t\t<p>Nous vous remercions de nous avoir contact\u00e9s.<\/p><p>Nous vous recontacterons bient\u00f4t ! Nous vous souhaitons une excellente journ\u00e9e ! <\/p>\t\t\t\t\t\t\t\t<\/div>\n\t\t\t\t<\/div>\n\t\t\t\t\t<\/div>\n\t\t<\/div>\n\t\t\t\t\t<\/div>\n\t\t<\/section>\n\t\t\t\t<section class=\"elementor-section elementor-top-section elementor-element elementor-element-b474eed elementor-section-boxed elementor-section-height-default elementor-section-height-default\" data-id=\"b474eed\" data-element_type=\"section\" data-e-type=\"section\">\n\t\t\t\t\t\t<div class=\"elementor-container elementor-column-gap-default\">\n\t\t\t\t\t<div class=\"elementor-column elementor-col-100 elementor-top-column elementor-element elementor-element-7ce60d7\" data-id=\"7ce60d7\" data-element_type=\"column\" data-e-type=\"column\">\n\t\t\t<div class=\"elementor-widget-wrap elementor-element-populated\">\n\t\t\t\t\t\t<div class=\"elementor-element elementor-element-46aeab1 elementor-widget elementor-widget-image\" data-id=\"46aeab1\" data-element_type=\"widget\" data-e-type=\"widget\" data-widget_type=\"image.default\">\n\t\t\t\t<div class=\"elementor-widget-container\">\n\t\t\t\t\t\t\t\t\t\t\t\t\t\t\t<img fetchpriority=\"high\" decoding=\"async\" width=\"300\" height=\"300\" src=\"https:\/\/www.iceireland.com\/wp-content\/uploads\/2020\/06\/sun-300x300.png\" class=\"attachment-medium size-medium wp-image-14056\" alt=\"\" srcset=\"https:\/\/www.iceireland.com\/wp-content\/uploads\/2020\/06\/sun-300x300.png 300w, https:\/\/www.iceireland.com\/wp-content\/uploads\/2020\/06\/sun-150x150.png 150w, https:\/\/www.iceireland.com\/wp-content\/uploads\/2020\/06\/sun.png 512w\" sizes=\"(max-width: 300px) 100vw, 300px\" \/>\t\t\t\t\t\t\t\t\t\t\t\t\t\t\t<\/div>\n\t\t\t\t<\/div>\n\t\t\t\t\t<\/div>\n\t\t<\/div>\n\t\t\t\t\t<\/div>\n\t\t<\/section>\n\t\t\t\t<\/div>\n\t\t","protected":false},"excerpt":{"rendered":"<p>Merci de votre attention ! Nous vous remercions de nous avoir contact\u00e9s. Nous vous recontacterons bient\u00f4t ! Nous vous souhaitons une excellente journ\u00e9e !<\/p>\n","protected":false},"author":3,"featured_media":0,"parent":14296,"menu_order":0,"comment_status":"closed","ping_status":"closed","template":"","meta":{"content-type":"","footnotes":""},"class_list":["post-32708","page","type-page","status-publish","hentry"],"yoast_head":"<!-- This site is optimized with the Yoast SEO plugin v27.3 - https:\/\/yoast.com\/product\/yoast-seo-wordpress\/ -->\n<title>Merci de votre attention - Irish College of English<\/title>\n<meta name=\"robots\" content=\"index, follow, max-snippet:-1, max-image-preview:large, max-video-preview:-1\" \/>\n<link rel=\"canonical\" href=\"https:\/\/www.iceireland.com\/fr\/cours-d-anglais-dublin\/thank-you\/\" \/>\n<meta property=\"og:locale\" content=\"fr_FR\" \/>\n<meta property=\"og:type\" content=\"article\" \/>\n<meta property=\"og:title\" content=\"Merci de votre attention - Irish College of English\" \/>\n<meta property=\"og:description\" content=\"Merci de votre attention ! Nous vous remercions de nous avoir contact\u00e9s. Nous vous recontacterons bient\u00f4t ! Nous vous souhaitons une excellente journ\u00e9e !\" \/>\n<meta property=\"og:url\" content=\"https:\/\/www.iceireland.com\/fr\/cours-d-anglais-dublin\/thank-you\/\" \/>\n<meta property=\"og:site_name\" content=\"Irish College of English\" \/>\n<meta property=\"article:modified_time\" content=\"2026-01-30T16:55:39+00:00\" \/>\n<meta property=\"og:image\" content=\"https:\/\/www.iceireland.com\/wp-content\/uploads\/2020\/06\/sun.png\" \/>\n\t<meta property=\"og:image:width\" content=\"512\" \/>\n\t<meta property=\"og:image:height\" content=\"512\" \/>\n\t<meta property=\"og:image:type\" content=\"image\/png\" \/>\n<script type=\"application\/ld+json\" class=\"yoast-schema-graph\">{\"@context\":\"https:\\\/\\\/schema.org\",\"@graph\":[{\"@type\":\"WebPage\",\"@id\":\"https:\\\/\\\/www.iceireland.com\\\/fr\\\/cours-d-anglais-dublin\\\/thank-you\\\/\",\"url\":\"https:\\\/\\\/www.iceireland.com\\\/fr\\\/cours-d-anglais-dublin\\\/thank-you\\\/\",\"name\":\"Merci de votre attention - Irish College of English\",\"isPartOf\":{\"@id\":\"https:\\\/\\\/www.iceireland.com\\\/fr\\\/#website\"},\"primaryImageOfPage\":{\"@id\":\"https:\\\/\\\/www.iceireland.com\\\/fr\\\/cours-d-anglais-dublin\\\/thank-you\\\/#primaryimage\"},\"image\":{\"@id\":\"https:\\\/\\\/www.iceireland.com\\\/fr\\\/cours-d-anglais-dublin\\\/thank-you\\\/#primaryimage\"},\"thumbnailUrl\":\"https:\\\/\\\/www.iceireland.com\\\/wp-content\\\/uploads\\\/2020\\\/06\\\/sun-300x300.png\",\"datePublished\":\"2020-06-10T16:47:54+00:00\",\"dateModified\":\"2026-01-30T16:55:39+00:00\",\"breadcrumb\":{\"@id\":\"https:\\\/\\\/www.iceireland.com\\\/fr\\\/cours-d-anglais-dublin\\\/thank-you\\\/#breadcrumb\"},\"inLanguage\":\"fr-FR\",\"potentialAction\":[{\"@type\":\"ReadAction\",\"target\":[\"https:\\\/\\\/www.iceireland.com\\\/fr\\\/cours-d-anglais-dublin\\\/thank-you\\\/\"]}]},{\"@type\":\"ImageObject\",\"inLanguage\":\"fr-FR\",\"@id\":\"https:\\\/\\\/www.iceireland.com\\\/fr\\\/cours-d-anglais-dublin\\\/thank-you\\\/#primaryimage\",\"url\":\"https:\\\/\\\/www.iceireland.com\\\/wp-content\\\/uploads\\\/2020\\\/06\\\/sun-300x300.png\",\"contentUrl\":\"https:\\\/\\\/www.iceireland.com\\\/wp-content\\\/uploads\\\/2020\\\/06\\\/sun-300x300.png\"},{\"@type\":\"BreadcrumbList\",\"@id\":\"https:\\\/\\\/www.iceireland.com\\\/fr\\\/cours-d-anglais-dublin\\\/thank-you\\\/#breadcrumb\",\"itemListElement\":[{\"@type\":\"ListItem\",\"position\":1,\"name\":\"Home\",\"item\":\"https:\\\/\\\/www.iceireland.com\\\/fr\\\/\"},{\"@type\":\"ListItem\",\"position\":2,\"name\":\"Cours pour adultes\",\"item\":\"https:\\\/\\\/www.iceireland.com\\\/fr\\\/cours-d-anglais-dublin\\\/\"},{\"@type\":\"ListItem\",\"position\":3,\"name\":\"Merci de votre attention\"}]},{\"@type\":\"WebSite\",\"@id\":\"https:\\\/\\\/www.iceireland.com\\\/fr\\\/#website\",\"url\":\"https:\\\/\\\/www.iceireland.com\\\/fr\\\/\",\"name\":\"Irish College of English\",\"description\":\"English School in Dublin, Malahide\",\"publisher\":{\"@id\":\"https:\\\/\\\/www.iceireland.com\\\/fr\\\/#organization\"},\"potentialAction\":[{\"@type\":\"SearchAction\",\"target\":{\"@type\":\"EntryPoint\",\"urlTemplate\":\"https:\\\/\\\/www.iceireland.com\\\/fr\\\/?s={search_term_string}\"},\"query-input\":{\"@type\":\"PropertyValueSpecification\",\"valueRequired\":true,\"valueName\":\"search_term_string\"}}],\"inLanguage\":\"fr-FR\"},{\"@type\":\"Organization\",\"@id\":\"https:\\\/\\\/www.iceireland.com\\\/fr\\\/#organization\",\"name\":\"Irish College of English\",\"url\":\"https:\\\/\\\/www.iceireland.com\\\/fr\\\/\",\"logo\":{\"@type\":\"ImageObject\",\"inLanguage\":\"fr-FR\",\"@id\":\"https:\\\/\\\/www.iceireland.com\\\/fr\\\/#\\\/schema\\\/logo\\\/image\\\/\",\"url\":\"https:\\\/\\\/www.iceireland.com\\\/wp-content\\\/uploads\\\/2022\\\/03\\\/logo.png\",\"contentUrl\":\"https:\\\/\\\/www.iceireland.com\\\/wp-content\\\/uploads\\\/2022\\\/03\\\/logo.png\",\"width\":593,\"height\":92,\"caption\":\"Irish College of English\"},\"image\":{\"@id\":\"https:\\\/\\\/www.iceireland.com\\\/fr\\\/#\\\/schema\\\/logo\\\/image\\\/\"}}]}<\/script>\n<!-- \/ Yoast SEO plugin. -->","yoast_head_json":{"title":"Merci de votre attention - Irish College of English","robots":{"index":"index","follow":"follow","max-snippet":"max-snippet:-1","max-image-preview":"max-image-preview:large","max-video-preview":"max-video-preview:-1"},"canonical":"https:\/\/www.iceireland.com\/fr\/cours-d-anglais-dublin\/thank-you\/","og_locale":"fr_FR","og_type":"article","og_title":"Merci de votre attention - Irish College of English","og_description":"Merci de votre attention ! Nous vous remercions de nous avoir contact\u00e9s. Nous vous recontacterons bient\u00f4t ! Nous vous souhaitons une excellente journ\u00e9e !","og_url":"https:\/\/www.iceireland.com\/fr\/cours-d-anglais-dublin\/thank-you\/","og_site_name":"Irish College of English","article_modified_time":"2026-01-30T16:55:39+00:00","og_image":[{"width":512,"height":512,"url":"https:\/\/www.iceireland.com\/wp-content\/uploads\/2020\/06\/sun.png","type":"image\/png"}],"schema":{"@context":"https:\/\/schema.org","@graph":[{"@type":"WebPage","@id":"https:\/\/www.iceireland.com\/fr\/cours-d-anglais-dublin\/thank-you\/","url":"https:\/\/www.iceireland.com\/fr\/cours-d-anglais-dublin\/thank-you\/","name":"Merci de votre attention - Irish College of English","isPartOf":{"@id":"https:\/\/www.iceireland.com\/fr\/#website"},"primaryImageOfPage":{"@id":"https:\/\/www.iceireland.com\/fr\/cours-d-anglais-dublin\/thank-you\/#primaryimage"},"image":{"@id":"https:\/\/www.iceireland.com\/fr\/cours-d-anglais-dublin\/thank-you\/#primaryimage"},"thumbnailUrl":"https:\/\/www.iceireland.com\/wp-content\/uploads\/2020\/06\/sun-300x300.png","datePublished":"2020-06-10T16:47:54+00:00","dateModified":"2026-01-30T16:55:39+00:00","breadcrumb":{"@id":"https:\/\/www.iceireland.com\/fr\/cours-d-anglais-dublin\/thank-you\/#breadcrumb"},"inLanguage":"fr-FR","potentialAction":[{"@type":"ReadAction","target":["https:\/\/www.iceireland.com\/fr\/cours-d-anglais-dublin\/thank-you\/"]}]},{"@type":"ImageObject","inLanguage":"fr-FR","@id":"https:\/\/www.iceireland.com\/fr\/cours-d-anglais-dublin\/thank-you\/#primaryimage","url":"https:\/\/www.iceireland.com\/wp-content\/uploads\/2020\/06\/sun-300x300.png","contentUrl":"https:\/\/www.iceireland.com\/wp-content\/uploads\/2020\/06\/sun-300x300.png"},{"@type":"BreadcrumbList","@id":"https:\/\/www.iceireland.com\/fr\/cours-d-anglais-dublin\/thank-you\/#breadcrumb","itemListElement":[{"@type":"ListItem","position":1,"name":"Home","item":"https:\/\/www.iceireland.com\/fr\/"},{"@type":"ListItem","position":2,"name":"Cours pour adultes","item":"https:\/\/www.iceireland.com\/fr\/cours-d-anglais-dublin\/"},{"@type":"ListItem","position":3,"name":"Merci de votre attention"}]},{"@type":"WebSite","@id":"https:\/\/www.iceireland.com\/fr\/#website","url":"https:\/\/www.iceireland.com\/fr\/","name":"Irish College of English","description":"English School in Dublin, Malahide","publisher":{"@id":"https:\/\/www.iceireland.com\/fr\/#organization"},"potentialAction":[{"@type":"SearchAction","target":{"@type":"EntryPoint","urlTemplate":"https:\/\/www.iceireland.com\/fr\/?s={search_term_string}"},"query-input":{"@type":"PropertyValueSpecification","valueRequired":true,"valueName":"search_term_string"}}],"inLanguage":"fr-FR"},{"@type":"Organization","@id":"https:\/\/www.iceireland.com\/fr\/#organization","name":"Irish College of English","url":"https:\/\/www.iceireland.com\/fr\/","logo":{"@type":"ImageObject","inLanguage":"fr-FR","@id":"https:\/\/www.iceireland.com\/fr\/#\/schema\/logo\/image\/","url":"https:\/\/www.iceireland.com\/wp-content\/uploads\/2022\/03\/logo.png","contentUrl":"https:\/\/www.iceireland.com\/wp-content\/uploads\/2022\/03\/logo.png","width":593,"height":92,"caption":"Irish College of English"},"image":{"@id":"https:\/\/www.iceireland.com\/fr\/#\/schema\/logo\/image\/"}}]}},"_links":{"self":[{"href":"https:\/\/www.iceireland.com\/fr\/wp-json\/wp\/v2\/pages\/32708","targetHints":{"allow":["GET"]}}],"collection":[{"href":"https:\/\/www.iceireland.com\/fr\/wp-json\/wp\/v2\/pages"}],"about":[{"href":"https:\/\/www.iceireland.com\/fr\/wp-json\/wp\/v2\/types\/page"}],"author":[{"embeddable":true,"href":"https:\/\/www.iceireland.com\/fr\/wp-json\/wp\/v2\/users\/3"}],"replies":[{"embeddable":true,"href":"https:\/\/www.iceireland.com\/fr\/wp-json\/wp\/v2\/comments?post=32708"}],"version-history":[{"count":1,"href":"https:\/\/www.iceireland.com\/fr\/wp-json\/wp\/v2\/pages\/32708\/revisions"}],"predecessor-version":[{"id":32710,"href":"https:\/\/www.iceireland.com\/fr\/wp-json\/wp\/v2\/pages\/32708\/revisions\/32710"}],"up":[{"embeddable":true,"href":"https:\/\/www.iceireland.com\/fr\/wp-json\/wp\/v2\/pages\/14296"}],"wp:attachment":[{"href":"https:\/\/www.iceireland.com\/fr\/wp-json\/wp\/v2\/media?parent=32708"}],"curies":[{"name":"wp","href":"https:\/\/api.w.org\/{rel}","templated":true}]}}