{"id":32874,"date":"2022-03-22T11:13:00","date_gmt":"2022-03-22T11:13:00","guid":{"rendered":"https:\/\/www.iceireland.com\/hostfamilycharter\/"},"modified":"2022-03-22T11:13:00","modified_gmt":"2022-03-22T11:13:00","slug":"hostfamilycharter","status":"publish","type":"page","link":"https:\/\/www.iceireland.com\/fr\/hostfamilycharter\/","title":{"rendered":"Charte du s\u00e9jour \u00e0 domicile pour les \u00e9tudiants"},"content":{"rendered":"<h2><strong>Charte du s\u00e9jour \u00e0 domicile pour les \u00e9tudiants<\/strong><\/h2>\n<p><strong> <\/strong><\/p>\n<p><strong>Introduction<\/strong><\/p>\n<p>\u00c0 l&rsquo;Irish College of English, nous pensons que l&rsquo;exp\u00e9rience de l&rsquo;h\u00e9bergement en famille d&rsquo;accueil devrait \u00eatre l&rsquo;un des points forts de votre s\u00e9jour parmi nous et, \u00e0 cette fin, nous encourageons tous les \u00e9tudiants, adultes et juniors, \u00e0 tirer le meilleur parti de cette fantastique opportunit\u00e9. Vous allez peut-\u00eatre d\u00e9couvrir la culture irlandaise pour la premi\u00e8re fois et vous devez \u00eatre pr\u00eat \u00e0 vivre et \u00e0 accepter des routines, des repas et des coutumes diff\u00e9rents de ceux auxquels vous \u00eates habitu\u00e9. <\/p>\n<p>&nbsp;<\/p>\n<p><strong>Chiffres importants :<\/strong><\/p>\n<p>Num\u00e9ro de t\u00e9l\u00e9phone du bureau 00353 1 845 3744 (pour les questions g\u00e9n\u00e9rales)<\/p>\n<p>&nbsp;<\/p>\n<p>Il est important de se rappeler que l&rsquo;h\u00e9bergement chez l&rsquo;habitant n&rsquo;est pas la m\u00eame chose qu&rsquo;un s\u00e9jour dans une maison d&rsquo;h\u00f4tes ou un h\u00f4tel. Il s&rsquo;agit d&rsquo;un s\u00e9jour dans une maison amicale et accueillante o\u00f9 les \u00e9tudiants sont trait\u00e9s comme des membres de la famille et auront l&rsquo;occasion de parler anglais et d&rsquo;interagir avec une famille irlandaise. L&rsquo;objectif est que les \u00e9tudiants participent autant que possible \u00e0 la vie de la maison et am\u00e9liorent leur anglais en l&rsquo;utilisant dans des situations de la vie r\u00e9elle. Les \u00e9tudiants doivent se comporter avec respect et courtoisie envers leur h\u00f4te et se conformer aux r\u00e8gles de la maison. La plupart des familles d&rsquo;accueil ont leur propre r\u00e8glement int\u00e9rieur qu&rsquo;elles communiqueront aux \u00e9tudiants au d\u00e9but de leur s\u00e9jour. Ce r\u00e8glement comprendra des informations sur l&rsquo;utilisation de la cuisine, de la salle de bains, de la buanderie, etc. Les \u00e9tudiants sont cens\u00e9s s&rsquo;adapter \u00e0 la routine normale de la maison. Les \u00e9tudiants sont cens\u00e9s s&rsquo;int\u00e9grer dans la routine normale de la maison. Nous disposons d&rsquo;un large \u00e9ventail de familles d&rsquo;accueil diff\u00e9rentes et de dynamiques de m\u00e9nage diff\u00e9rentes, y compris des m\u00e9nages jeunes et vieux, avec ou sans enfants, ainsi que des femmes c\u00e9libataires de tous \u00e2ges.     <\/p>\n<p>&nbsp;<\/p>\n<p><strong>Homestays de qualit\u00e9 :<\/strong><\/p>\n<p>Les \u00e9tudiants sont plac\u00e9s dans des familles d&rsquo;accueil soigneusement s\u00e9lectionn\u00e9es dans notre localit\u00e9, qui ont toutes \u00e9t\u00e9 visit\u00e9es et contr\u00f4l\u00e9es par un membre de l&rsquo;ICE avant d&rsquo;accueillir des \u00e9tudiants. Nous proc\u00e9dons \u00e9galement \u00e0 une \u00e9valuation continue par le biais de formulaires d&rsquo;\u00e9valuation \u00e9crits que tous les \u00e9tudiants remplissent avant leur d\u00e9part. Tous nos h\u00f4tes suivent le processus officiel de v\u00e9rification des ant\u00e9c\u00e9dents (Garda Vetting), organis\u00e9 par notre \u00e9cole.  <\/p>\n<p>&nbsp;<\/p>\n<p><strong>Arriv\u00e9e et d\u00e9part :<\/strong><\/p>\n<p>Si vous faites partie d&rsquo;un groupe, un membre de notre personnel vous accueillera \u00e0 l&rsquo;a\u00e9roport et vous conduira \u00e0 un point d&#8217;embarquement o\u00f9 vous serez pris en charge par votre h\u00f4te. Les personnes qui ont demand\u00e9 un transfert seront accueillies par un membre du personnel et conduites \u00e0 leur famille d&rsquo;accueil. <\/p>\n<p>&nbsp;<\/p>\n<p><strong>Aller \u00e0 l&rsquo;\u00e9cole et en revenir :<\/strong><\/p>\n<ul>\n<li>Votre h\u00f4te vous aidera \u00e0 vous rendre \u00e0 l&rsquo;\u00e9cole le premier matin. Par la suite, les \u00e9tudiants doivent se rendre \u00e0 l&rsquo;\u00e9cole et en revenir par leurs propres moyens.<\/li>\n<\/ul>\n<p><strong> <\/strong><\/p>\n<p><strong>Repas<\/strong><\/p>\n<ul>\n<li>Les repas sont fournis par l&rsquo;h\u00f4te conform\u00e9ment aux habitudes de la maison. Si vous avez des probl\u00e8mes di\u00e9t\u00e9tiques ou des allergies, <u>il est imp\u00e9ratif de nous en informer avant votre arriv\u00e9e<\/u> et nous \u00e9valuerons si nous pouvons r\u00e9pondre \u00e0 vos besoins. Vous devez \u00e9galement savoir que les heures des repas et la nourriture en Irlande peuvent \u00eatre diff\u00e9rentes de celles de votre pays d&rsquo;origine, et vous devez donc profiter de l&rsquo;occasion pour accepter les diff\u00e9rences culturelles. Dites \u00e0 votre h\u00f4te s&rsquo;il y a des aliments que vous n&rsquo;aimez pas en particulier.   <\/li>\n<li>Petit d\u00e9jeuner continental (c\u00e9r\u00e9ales, toasts, jus de fruits, th\u00e9\/caf\u00e9).<\/li>\n<li>Un panier-repas (sandwiches, boisson, fruit et en-cas) &#8211; si vous \u00eates en pension compl\u00e8te.<\/li>\n<li>Le d\u00eener sera le repas habituel de la famille (viande\/poisson\/poulet avec l\u00e9gumes et pommes de terre ou p\u00e2tes avec salade, etc.) C&rsquo;est un bon moment de la journ\u00e9e pour discuter avec l&rsquo;h\u00f4te et pratiquer votre anglais ! Veuillez informer votre h\u00f4te \u00e0 l&rsquo;avance si vous n&rsquo;\u00eates pas \u00e0 la maison pour le d\u00eener. <\/li>\n<\/ul>\n<p><strong> <\/strong><\/p>\n<p><strong> <\/strong><strong>Blanchisserie, linge de maison et serviettes<\/strong><\/p>\n<ul>\n<li>Les h\u00f4tes fourniront aux \u00e9tudiants une serviette \u00e0 leur arriv\u00e9e et leur lit sera fra\u00eechement fait.<\/li>\n<li>Les h\u00f4tes laveront le linge des \u00e9tudiants chaque semaine et la plupart d&rsquo;entre eux montrent aux \u00e9tudiants o\u00f9 placer leurs v\u00eatements \u00e0 laver chaque semaine et leur expliquent le fonctionnement de leur blanchisserie.<\/li>\n<li>Les familles d&rsquo;accueil ne fournissent pas d&rsquo;articles de toilette, vous devez donc les apporter avec vous.<\/li>\n<\/ul>\n<p>&nbsp;<\/p>\n<p><strong>Utilisation de la maison :<\/strong><\/p>\n<ul>\n<li>Les \u00e9tudiants doivent avoir acc\u00e8s \u00e0 une douche par jour dans la famille d&rsquo;accueil, mais doivent respecter le temps qu&rsquo;ils passent dans la salle de bain et la quantit\u00e9 d&rsquo;eau chaude qu&rsquo;ils utilisent, car les maisons sont souvent occup\u00e9es et les \u00e9tudiants doivent \u00eatre conscients des besoins d&rsquo;autrui. Il est \u00e9galement normal de nettoyer la baignoire, la douche ou le lavabo apr\u00e8s chaque utilisation. <\/li>\n<li>Les \u00e9l\u00e8ves ne doivent pas prendre de nourriture dans la cuisine sans permission.<\/li>\n<li>Les \u00e9l\u00e8ves ne sont pas autoris\u00e9s \u00e0 pr\u00e9parer des aliments dans la cuisine.<\/li>\n<li>Les \u00e9tudiants doivent respecter l&rsquo;utilisation des espaces communs, notamment le salon et la salle de t\u00e9l\u00e9vision, et ne doivent pas occuper un espace normalement partag\u00e9 par d&rsquo;autres membres du foyer.<\/li>\n<li>Les \u00e9l\u00e8ves ne sont pas autoris\u00e9s \u00e0 inviter des amis sans autorisation sp\u00e9cifique.<\/li>\n<li>L&rsquo;h\u00f4te est libre de donner ou non une cl\u00e9 de maison aux \u00e9tudiants.<\/li>\n<li>Si un \u00e9tudiant endommage ou casse des objets m\u00e9nagers, les dommages doivent \u00eatre pay\u00e9s par l&rsquo;\u00e9tudiant (s&rsquo;il s&rsquo;agit d&rsquo;un adulte) ou par les parents de l&rsquo;\u00e9tudiant (s&rsquo;il s&rsquo;agit d&rsquo;un junior). L&rsquo;Irish College of English n&rsquo;est pas responsable de ces dommages. <\/li>\n<\/ul>\n<p>&nbsp;<\/p>\n<p><strong>L&rsquo;ordre et les bonnes mani\u00e8res<\/strong><\/p>\n<ul>\n<li>N&rsquo;oubliez pas que vous vivrez dans votre famille d&rsquo;accueil comme un membre de la famille et que vous devez donc garder votre chambre propre et bien rang\u00e9e et proposer \u00e0 votre h\u00f4te de l&rsquo;aider \u00e0 ranger apr\u00e8s le d\u00eener, etc.<\/li>\n<li>En Irlande, il est d&rsquo;usage de toujours dire \u00ab\u00a0please\u00a0\u00bb et \u00ab\u00a0thank you\u00a0\u00bb, \u00ab\u00a0good morning\/evening\u00a0\u00bb, etc. et les h\u00f4tes peuvent \u00eatre offens\u00e9s si vous n&rsquo;utilisez pas ces termes de politesse.<\/li>\n<li>Les niveaux de bruit doivent \u00eatre r\u00e9duits au minimum, en particulier la nuit.<\/li>\n<\/ul>\n<p>&nbsp;<\/p>\n<p><strong>Tabagisme \/ Alcool<\/strong><\/p>\n<ul>\n<li>Les \u00e9tudiants ne sont pas autoris\u00e9s \u00e0 fumer \u00e0 l&rsquo;int\u00e9rieur d&rsquo;une famille d&rsquo;accueil.<\/li>\n<li>Les \u00e9tudiants de moins de 18 ans ou ceux qui participent \u00e0 des programmes scolaires ou d&rsquo;\u00e9t\u00e9 ne sont pas autoris\u00e9s \u00e0 consommer de l&rsquo;alcool, que ce soit \u00e0 l&rsquo;int\u00e9rieur ou \u00e0 l&rsquo;ext\u00e9rieur de leur domicile, et ne doivent pas entrer dans les d\u00e9bits de boissons. Ils ne doivent pas non plus entrer dans les pubs, ind\u00e9pendamment de ce qui est autoris\u00e9 chez eux ou dans leur pays d&rsquo;origine. La consommation d&rsquo;alcool ou de drogues entra\u00eene l&rsquo;exclusion imm\u00e9diate du programme.  <\/li>\n<\/ul>\n<p>&nbsp;<\/p>\n<p><strong>Temps libre<\/strong><\/p>\n<ul>\n<li>Bien que la plupart de nos programmes \u00e0 l&rsquo;ICE aient un emploi du temps charg\u00e9, les \u00e9tudiants ont toujours un peu de temps libre. Les \u00e9tudiants juniors ont du temps libre pour se rendre \u00e0 leur famille d&rsquo;accueil et en revenir, pour les pauses et le temps libre pendant l&rsquo;\u00e9cole et les activit\u00e9s, les soir\u00e9es et les dimanches. <\/li>\n<li>Nous conseillons aux parents d&rsquo;\u00e9l\u00e8ves juniors avant le d\u00e9part de fixer leurs propres limites concernant ce temps libre et la s\u00e9curit\u00e9, car ce temps n&rsquo;est pas surveill\u00e9 par notre personnel. Nous conseillons aux parents de ne pas les autoriser \u00e0 quitter les environs pendant cette p\u00e9riode. Les jeunes ne sont pas autoris\u00e9s \u00e0 se rendre dans la ville de Dublin sans surveillance, ni \u00e0 assister \u00e0 des discoth\u00e8ques ou \u00e0 d&rsquo;autres \u00e9v\u00e9nements de ce type non organis\u00e9s par l&rsquo;ICE.  <\/li>\n<li>Le dimanche est le jour o\u00f9 vous passerez le plus de temps avec votre h\u00f4te. Nous demandons aux \u00e9tudiants de coop\u00e9rer et de r\u00e9server du temps pour \u00eatre avec leur h\u00f4te le dimanche. La plupart des \u00e9tudiants passeront une partie de la journ\u00e9e avec leur h\u00f4te et l&rsquo;autre avec des amis.  <\/li>\n<\/ul>\n<p>&nbsp;<\/p>\n<p><strong>Couvre-feu :<\/strong><\/p>\n<ul>\n<li>Le couvre-feu est fix\u00e9 \u00e0 21h30 pour tous les \u00e9tudiants participant \u00e0 un programme pour la jeunesse, m\u00eame s&rsquo;ils sont \u00e2g\u00e9s de 18 ans.<\/li>\n<li>Il est de la responsabilit\u00e9 de l&rsquo;h\u00f4te de s&rsquo;assurer que les \u00e9tudiants sont rentr\u00e9s \u00e0 21h30. Si un \u00e9tudiant n&rsquo;est pas \u00e0 la maison, l&rsquo;h\u00f4te informera l&rsquo;\u00e9cole en utilisant le num\u00e9ro de t\u00e9l\u00e9phone d&rsquo;urgence. Les \u00e9l\u00e8ves qui ne respectent pas cette r\u00e8gle de couvre-feu seront expuls\u00e9s<strong>.<\/strong> <\/li>\n<li>Les \u00e9tudiants participant \u00e0 un programme pour adultes doivent informer leur h\u00f4te de toute arriv\u00e9e tardive \u00e0 la maison.<\/li>\n<\/ul>\n<p>&nbsp;<\/p>\n<p><strong>Urgences m\u00e9dicales<\/strong><\/p>\n<ul>\n<li>Les h\u00f4tes feront face \u00e0 toute situation d&rsquo;urgence de la m\u00eame mani\u00e8re qu&rsquo;ils le feraient avec un membre de leur propre famille. Il peut s&rsquo;av\u00e9rer n\u00e9cessaire d&rsquo;appeler la police, l&rsquo;ambulance ou le m\u00e9decin. <\/li>\n<li>Si les \u00e9tudiants ont des allergies ou d&rsquo;autres probl\u00e8mes m\u00e9dicaux dont nous sommes inform\u00e9s, nous ferons de notre mieux pour en informer les h\u00f4tes avant leur arriv\u00e9e, mais les \u00e9tudiants doivent \u00e9galement informer leurs h\u00f4tes de toute allergie ou de tout probl\u00e8me m\u00e9dical qu&rsquo;ils jugent appropri\u00e9. L&rsquo;ICE ou les h\u00f4tes ne peuvent \u00eatre tenus responsables du respect des exigences m\u00e9dicales des \u00e9tudiants, qui s&rsquo;installent dans un foyer normal &#8211; veuillez consulter notre politique ci-dessous. <\/li>\n<li>Il existe un service d&rsquo;urgence en dehors des heures de bureau appel\u00e9 <strong>D DOC<\/strong>, ouvert du lundi au vendredi de 18 heures \u00e0 8 heures et 24 heures sur 24 les week-ends et les jours f\u00e9ri\u00e9s. Gr\u00e2ce \u00e0 ce service, vous pouvez parler \u00e0 une infirmi\u00e8re ou \u00e0 un m\u00e9decin ou, si cela s&rsquo;av\u00e8re n\u00e9cessaire, prendre rendez-vous avec un m\u00e9decin g\u00e9n\u00e9raliste. Le num\u00e9ro est le <strong>1850 22 4477.<\/strong>  <\/li>\n<li>Le Coll\u00e8ge irlandais d&rsquo;anglais doit \u00eatre inform\u00e9 de ces situations d&rsquo;urgence.<\/li>\n<li><u>Les \u00e9tudiants europ\u00e9ens doivent \u00eatre munis d&rsquo;une carte europ\u00e9enne d&rsquo;assurance m\u00e9dicale, qui couvre les visites \u00e0 l&rsquo;h\u00f4pital et dans les cabinets priv\u00e9s, ainsi que certaines prescriptions.<\/u><\/li>\n<li><u>Les \u00e9tudiants originaires de pays tiers doivent souscrire une assurance m\u00e9dicale priv\u00e9e pour la dur\u00e9e de leur s\u00e9jour.<\/u><\/li>\n<li>Tous les frais m\u00e9dicaux et les frais connexes doivent \u00eatre pris en charge par l&rsquo;\u00e9tudiant lorsque l&rsquo;assurance ne couvre pas les frais. Les \u00e9tudiants doivent disposer de fonds suffisants pour couvrir les visites n\u00e9cessaires chez le m\u00e9decin, le dentiste, etc. <\/li>\n<\/ul>\n<p>&nbsp;<\/p>\n<p><strong>\u00c9tudiants souffrant d&rsquo;allergies et de maladies chroniques inscrits \u00e0 l&rsquo;Irish College of English<\/strong><\/p>\n<p><strong>Notre politique<\/strong><\/p>\n<p>L&rsquo;Irish College of English a pour politique d&rsquo;agir comme tout parent raisonnablement prudent lorsqu&rsquo;il s&rsquo;agit de faire face \u00e0 une situation d&rsquo;urgence. Cependant, en raison de la courte dur\u00e9e des s\u00e9jours (normalement de 1 \u00e0 4 semaines), nous ne sommes pas en mesure de former le personnel ou les h\u00f4tes \u00e0 la gestion des conditions m\u00e9dicales sp\u00e9cifiques des \u00e9tudiants. <\/p>\n<p>Nous conseillons aux parents ou tuteurs d&rsquo;\u00e9tudiants souffrant d&rsquo;une maladie grave de se demander si leur enfant est suffisamment m\u00fbr en ce qui concerne la gestion de son \u00e9tat de sant\u00e9 pour suivre un cours \u00e0 l&rsquo;\u00e9tranger. Les parents doivent se familiariser avec toutes les informations disponibles sur notre site web \u00e0 l&rsquo;adresse <a href=\"http:\/\/www.iceireland.com\/\">www.iceireland.com.<\/a> Si vous d\u00e9cidez que le programme ne convient pas \u00e0 votre enfant, nous serons heureux d&rsquo;annuler sa r\u00e9servation et de lui rembourser le cours avant son arriv\u00e9e.  <\/p>\n<p>Si les parents ou les tuteurs d\u00e9cident d&rsquo;envoyer leurs enfants dans l&rsquo;un de nos camps, ils reconnaissent que leur enfant est capable de suivre un tel cours. En outre, les parents ou tuteurs sont conscients que l&rsquo;\u00e9cole, son personnel ou ses h\u00f4tes ne peuvent \u00eatre tenus responsables de la m\u00e9dication ou de la pr\u00e9vention des allergies ou d&rsquo;autres conditions. <\/p>\n<p>Les parents doivent savoir que la majorit\u00e9 de notre personnel et de nos animateurs n&rsquo;ont aucune formation m\u00e9dicale. Nous disposons de bo\u00eetes de premiers secours dans chaque centre et un membre du personnel en est responsable. Cette responsabilit\u00e9 ne s&rsquo;\u00e9tend pas aux activit\u00e9s extrascolaires. Il n&rsquo;existe aucune obligation l\u00e9gale ou contractuelle pour un membre du personnel ou un animateur d&rsquo;administrer des m\u00e9dicaments ou de surveiller un \u00e9l\u00e8ve qui prend des m\u00e9dicaments. En cas d&rsquo;urgence, nous attendons de tous nos h\u00f4tes et de notre personnel qu&rsquo;ils agissent comme le ferait un parent raisonnablement prudent. Lorsque des informations sur l&rsquo;\u00e9tat de sant\u00e9 d&rsquo;un \u00e9l\u00e8ve sont fournies au CIE, elles peuvent \u00eatre communiqu\u00e9es dans la mesure du possible au personnel concern\u00e9, aux h\u00f4tes, au personnel m\u00e9dical, etc. mais il est de la responsabilit\u00e9 de l&rsquo;enfant d&rsquo;\u00eatre en mesure de communiquer toutes les informations m\u00e9dicales n\u00e9cessaires sur son \u00e9tat de sant\u00e9.     <\/p>\n<p>&nbsp;<\/p>\n<p><strong>Communication<\/strong><\/p>\n<p>Bien qu&rsquo;il soit peu probable que vous rencontriez des probl\u00e8mes lors d&rsquo;un s\u00e9jour en famille d&rsquo;accueil, voici quelques recommandations en cas de probl\u00e8me. Tout d&rsquo;abord, discutez de tout probl\u00e8me et essayez de trouver une solution entre l&rsquo;\u00e9tudiant et l&rsquo;h\u00f4te. Il est important d&rsquo;examiner le probl\u00e8me des deux points de vue pour trouver une solution. Si le probl\u00e8me persiste ou si vous estimez que vous ne pouvez pas g\u00e9rer la situation, <u>veuillez nous en informer afin que nous puissions r\u00e9soudre le probl\u00e8me pendant votre s\u00e9jour.<\/u> Si l&rsquo;h\u00f4te ou l&rsquo;\u00e9tudiant n&rsquo;est pas satisfait de l&rsquo;arrangement, l&rsquo;Irish College of English placera l&rsquo;\u00e9tudiant dans un autre logement, dans la mesure du possible et si cela s&rsquo;av\u00e8re appropri\u00e9.   <\/p>\n<p>&nbsp;<\/p>\n<p><strong>Veuillez noter :<\/strong><\/p>\n<p>L&rsquo;Irish College of English organise un service de r\u00e9servation de s\u00e9jours chez l&rsquo;habitant afin de faciliter la t\u00e2che des \u00e9tudiants qui souhaitent \u00e9tudier dans notre \u00e9tablissement. Nous avons mis en place des politiques pour nous assurer que les h\u00f4tes sont d&rsquo;un niveau correct et nous recevons des commentaires des \u00e9tudiants sur chaque s\u00e9jour chez l&rsquo;habitant. Ces commentaires ainsi qu&rsquo;une inspection par un membre de l&rsquo;ICE nous permettent de recommander des h\u00f4tes aux \u00e9tudiants. L&rsquo;Irish College of English d\u00e9cline toute responsabilit\u00e9 en cas d&rsquo;incidents survenant pendant le s\u00e9jour chez l&rsquo;habitant ou en cas de dommages ou de pertes subis, etc.  <\/p>\n<p>&nbsp;<\/p>\n<p>&nbsp;<\/p>\n","protected":false},"excerpt":{"rendered":"<p>Charte du s\u00e9jour \u00e0 domicile pour les \u00e9tudiants Introduction \u00c0 l&rsquo;Irish College of English, nous pensons que l&rsquo;exp\u00e9rience de l&rsquo;h\u00e9bergement en famille d&rsquo;accueil devrait \u00eatre l&rsquo;un des points forts de votre s\u00e9jour parmi nous et, \u00e0 cette fin, nous encourageons tous les \u00e9tudiants, adultes et juniors, \u00e0 tirer le meilleur parti de cette fantastique opportunit\u00e9. [&hellip;]<\/p>\n","protected":false},"author":3,"featured_media":0,"parent":0,"menu_order":0,"comment_status":"closed","ping_status":"closed","template":"","meta":{"content-type":"","footnotes":""},"class_list":["post-32874","page","type-page","status-publish","hentry"],"yoast_head":"<!-- This site is optimized with the Yoast SEO plugin v27.3 - https:\/\/yoast.com\/product\/yoast-seo-wordpress\/ -->\n<title>Charte du s\u00e9jour \u00e0 domicile pour les \u00e9tudiants - Irish College of English<\/title>\n<meta name=\"robots\" content=\"index, follow, max-snippet:-1, max-image-preview:large, max-video-preview:-1\" \/>\n<link rel=\"canonical\" href=\"https:\/\/www.iceireland.com\/fr\/hostfamilycharter\/\" \/>\n<meta property=\"og:locale\" content=\"fr_FR\" \/>\n<meta property=\"og:type\" content=\"article\" \/>\n<meta property=\"og:title\" content=\"Charte du s\u00e9jour \u00e0 domicile pour les \u00e9tudiants - Irish College of English\" \/>\n<meta property=\"og:description\" content=\"Charte du s\u00e9jour \u00e0 domicile pour les \u00e9tudiants Introduction \u00c0 l&rsquo;Irish College of English, nous pensons que l&rsquo;exp\u00e9rience de l&rsquo;h\u00e9bergement en famille d&rsquo;accueil devrait \u00eatre l&rsquo;un des points forts de votre s\u00e9jour parmi nous et, \u00e0 cette fin, nous encourageons tous les \u00e9tudiants, adultes et juniors, \u00e0 tirer le meilleur parti de cette fantastique opportunit\u00e9. [&hellip;]\" \/>\n<meta property=\"og:url\" content=\"https:\/\/www.iceireland.com\/fr\/hostfamilycharter\/\" \/>\n<meta property=\"og:site_name\" content=\"Irish College of English\" \/>\n<meta name=\"twitter:label1\" content=\"Dur\u00e9e de lecture estim\u00e9e\" \/>\n\t<meta name=\"twitter:data1\" content=\"12 minutes\" \/>\n<script type=\"application\/ld+json\" class=\"yoast-schema-graph\">{\"@context\":\"https:\\\/\\\/schema.org\",\"@graph\":[{\"@type\":\"WebPage\",\"@id\":\"https:\\\/\\\/www.iceireland.com\\\/fr\\\/hostfamilycharter\\\/\",\"url\":\"https:\\\/\\\/www.iceireland.com\\\/fr\\\/hostfamilycharter\\\/\",\"name\":\"Charte du s\u00e9jour \u00e0 domicile pour les \u00e9tudiants - Irish College of English\",\"isPartOf\":{\"@id\":\"https:\\\/\\\/www.iceireland.com\\\/fr\\\/#website\"},\"datePublished\":\"2022-03-22T11:13:00+00:00\",\"breadcrumb\":{\"@id\":\"https:\\\/\\\/www.iceireland.com\\\/fr\\\/hostfamilycharter\\\/#breadcrumb\"},\"inLanguage\":\"fr-FR\",\"potentialAction\":[{\"@type\":\"ReadAction\",\"target\":[\"https:\\\/\\\/www.iceireland.com\\\/fr\\\/hostfamilycharter\\\/\"]}]},{\"@type\":\"BreadcrumbList\",\"@id\":\"https:\\\/\\\/www.iceireland.com\\\/fr\\\/hostfamilycharter\\\/#breadcrumb\",\"itemListElement\":[{\"@type\":\"ListItem\",\"position\":1,\"name\":\"Home\",\"item\":\"https:\\\/\\\/www.iceireland.com\\\/fr\\\/\"},{\"@type\":\"ListItem\",\"position\":2,\"name\":\"Charte du s\u00e9jour \u00e0 domicile pour les \u00e9tudiants\"}]},{\"@type\":\"WebSite\",\"@id\":\"https:\\\/\\\/www.iceireland.com\\\/fr\\\/#website\",\"url\":\"https:\\\/\\\/www.iceireland.com\\\/fr\\\/\",\"name\":\"Irish College of English\",\"description\":\"English School in Dublin, Malahide\",\"publisher\":{\"@id\":\"https:\\\/\\\/www.iceireland.com\\\/fr\\\/#organization\"},\"potentialAction\":[{\"@type\":\"SearchAction\",\"target\":{\"@type\":\"EntryPoint\",\"urlTemplate\":\"https:\\\/\\\/www.iceireland.com\\\/fr\\\/?s={search_term_string}\"},\"query-input\":{\"@type\":\"PropertyValueSpecification\",\"valueRequired\":true,\"valueName\":\"search_term_string\"}}],\"inLanguage\":\"fr-FR\"},{\"@type\":\"Organization\",\"@id\":\"https:\\\/\\\/www.iceireland.com\\\/fr\\\/#organization\",\"name\":\"Irish College of English\",\"url\":\"https:\\\/\\\/www.iceireland.com\\\/fr\\\/\",\"logo\":{\"@type\":\"ImageObject\",\"inLanguage\":\"fr-FR\",\"@id\":\"https:\\\/\\\/www.iceireland.com\\\/fr\\\/#\\\/schema\\\/logo\\\/image\\\/\",\"url\":\"https:\\\/\\\/www.iceireland.com\\\/wp-content\\\/uploads\\\/2022\\\/03\\\/logo.png\",\"contentUrl\":\"https:\\\/\\\/www.iceireland.com\\\/wp-content\\\/uploads\\\/2022\\\/03\\\/logo.png\",\"width\":593,\"height\":92,\"caption\":\"Irish College of English\"},\"image\":{\"@id\":\"https:\\\/\\\/www.iceireland.com\\\/fr\\\/#\\\/schema\\\/logo\\\/image\\\/\"}}]}<\/script>\n<!-- \/ Yoast SEO plugin. -->","yoast_head_json":{"title":"Charte du s\u00e9jour \u00e0 domicile pour les \u00e9tudiants - Irish College of English","robots":{"index":"index","follow":"follow","max-snippet":"max-snippet:-1","max-image-preview":"max-image-preview:large","max-video-preview":"max-video-preview:-1"},"canonical":"https:\/\/www.iceireland.com\/fr\/hostfamilycharter\/","og_locale":"fr_FR","og_type":"article","og_title":"Charte du s\u00e9jour \u00e0 domicile pour les \u00e9tudiants - Irish College of English","og_description":"Charte du s\u00e9jour \u00e0 domicile pour les \u00e9tudiants Introduction \u00c0 l&rsquo;Irish College of English, nous pensons que l&rsquo;exp\u00e9rience de l&rsquo;h\u00e9bergement en famille d&rsquo;accueil devrait \u00eatre l&rsquo;un des points forts de votre s\u00e9jour parmi nous et, \u00e0 cette fin, nous encourageons tous les \u00e9tudiants, adultes et juniors, \u00e0 tirer le meilleur parti de cette fantastique opportunit\u00e9. [&hellip;]","og_url":"https:\/\/www.iceireland.com\/fr\/hostfamilycharter\/","og_site_name":"Irish College of English","twitter_misc":{"Dur\u00e9e de lecture estim\u00e9e":"12 minutes"},"schema":{"@context":"https:\/\/schema.org","@graph":[{"@type":"WebPage","@id":"https:\/\/www.iceireland.com\/fr\/hostfamilycharter\/","url":"https:\/\/www.iceireland.com\/fr\/hostfamilycharter\/","name":"Charte du s\u00e9jour \u00e0 domicile pour les \u00e9tudiants - Irish College of English","isPartOf":{"@id":"https:\/\/www.iceireland.com\/fr\/#website"},"datePublished":"2022-03-22T11:13:00+00:00","breadcrumb":{"@id":"https:\/\/www.iceireland.com\/fr\/hostfamilycharter\/#breadcrumb"},"inLanguage":"fr-FR","potentialAction":[{"@type":"ReadAction","target":["https:\/\/www.iceireland.com\/fr\/hostfamilycharter\/"]}]},{"@type":"BreadcrumbList","@id":"https:\/\/www.iceireland.com\/fr\/hostfamilycharter\/#breadcrumb","itemListElement":[{"@type":"ListItem","position":1,"name":"Home","item":"https:\/\/www.iceireland.com\/fr\/"},{"@type":"ListItem","position":2,"name":"Charte du s\u00e9jour \u00e0 domicile pour les \u00e9tudiants"}]},{"@type":"WebSite","@id":"https:\/\/www.iceireland.com\/fr\/#website","url":"https:\/\/www.iceireland.com\/fr\/","name":"Irish College of English","description":"English School in Dublin, Malahide","publisher":{"@id":"https:\/\/www.iceireland.com\/fr\/#organization"},"potentialAction":[{"@type":"SearchAction","target":{"@type":"EntryPoint","urlTemplate":"https:\/\/www.iceireland.com\/fr\/?s={search_term_string}"},"query-input":{"@type":"PropertyValueSpecification","valueRequired":true,"valueName":"search_term_string"}}],"inLanguage":"fr-FR"},{"@type":"Organization","@id":"https:\/\/www.iceireland.com\/fr\/#organization","name":"Irish College of English","url":"https:\/\/www.iceireland.com\/fr\/","logo":{"@type":"ImageObject","inLanguage":"fr-FR","@id":"https:\/\/www.iceireland.com\/fr\/#\/schema\/logo\/image\/","url":"https:\/\/www.iceireland.com\/wp-content\/uploads\/2022\/03\/logo.png","contentUrl":"https:\/\/www.iceireland.com\/wp-content\/uploads\/2022\/03\/logo.png","width":593,"height":92,"caption":"Irish College of English"},"image":{"@id":"https:\/\/www.iceireland.com\/fr\/#\/schema\/logo\/image\/"}}]}},"_links":{"self":[{"href":"https:\/\/www.iceireland.com\/fr\/wp-json\/wp\/v2\/pages\/32874","targetHints":{"allow":["GET"]}}],"collection":[{"href":"https:\/\/www.iceireland.com\/fr\/wp-json\/wp\/v2\/pages"}],"about":[{"href":"https:\/\/www.iceireland.com\/fr\/wp-json\/wp\/v2\/types\/page"}],"author":[{"embeddable":true,"href":"https:\/\/www.iceireland.com\/fr\/wp-json\/wp\/v2\/users\/3"}],"replies":[{"embeddable":true,"href":"https:\/\/www.iceireland.com\/fr\/wp-json\/wp\/v2\/comments?post=32874"}],"version-history":[{"count":0,"href":"https:\/\/www.iceireland.com\/fr\/wp-json\/wp\/v2\/pages\/32874\/revisions"}],"wp:attachment":[{"href":"https:\/\/www.iceireland.com\/fr\/wp-json\/wp\/v2\/media?parent=32874"}],"curies":[{"name":"wp","href":"https:\/\/api.w.org\/{rel}","templated":true}]}}