{"id":33057,"date":"2025-08-28T10:59:56","date_gmt":"2025-08-28T10:59:56","guid":{"rendered":"https:\/\/www.iceireland.com\/academic-support\/"},"modified":"2026-01-30T18:25:39","modified_gmt":"2026-01-30T18:25:39","slug":"academic-support","status":"publish","type":"page","link":"https:\/\/www.iceireland.com\/fr\/academic-support\/","title":{"rendered":"Soutien acad\u00e9mique"},"content":{"rendered":"\t\t<div data-elementor-type=\"wp-page\" data-elementor-id=\"33057\" class=\"elementor elementor-33057 elementor-31352\" data-elementor-post-type=\"page\">\n\t\t\t\t\t\t<section class=\"elementor-section elementor-top-section elementor-element elementor-element-b55a7ad elementor-section-boxed elementor-section-height-default elementor-section-height-default\" data-id=\"b55a7ad\" data-element_type=\"section\" data-e-type=\"section\">\n\t\t\t\t\t\t<div class=\"elementor-container elementor-column-gap-default\">\n\t\t\t\t\t<div class=\"elementor-column elementor-col-100 elementor-top-column elementor-element elementor-element-2f2634f\" data-id=\"2f2634f\" data-element_type=\"column\" data-e-type=\"column\">\n\t\t\t<div class=\"elementor-widget-wrap elementor-element-populated\">\n\t\t\t\t\t\t<div class=\"elementor-element elementor-element-edea061 elementor-widget elementor-widget-text-editor\" data-id=\"edea061\" data-element_type=\"widget\" data-e-type=\"widget\" data-widget_type=\"text-editor.default\">\n\t\t\t\t<div class=\"elementor-widget-container\">\n\t\t\t\t\t\t\t\t\t<h4 style=\"font-weight: 400;\">Soutien acad\u00e9mique<\/h4><p style=\"font-weight: 400;\">\u00c0 l&rsquo;ICE, nous proposons un soutien scolaire pour aider les \u00e9tudiants \u00e0 r\u00e9ussir leur parcours d&rsquo;apprentissage des langues. Ces services s&rsquo;adressent \u00e0 diff\u00e9rents styles, niveaux et objectifs d&rsquo;apprentissage et se concentrent souvent sur les comp\u00e9tences linguistiques et sur un d\u00e9veloppement acad\u00e9mique ou professionnel plus large. <\/p><p style=\"font-weight: 400;\">Nous nous engageons \u00e0 fournir des services de soutien pour aider les \u00e9tudiants \u00e0 atteindre leurs objectifs d&rsquo;apprentissage des langues. Ces services comprennent des conseils acad\u00e9miques, du tutorat et un soutien suppl\u00e9mentaire pour les \u00e9tudiants qui ont des besoins additionnels. <\/p><p style=\"font-weight: 400;\">Nous encourageons l&rsquo;engagement actif des \u00e9tudiants par le biais d&rsquo;activit\u00e9s interactives en classe, de projets de groupe et d&rsquo;opportunit\u00e9s extrascolaires telles que des cours de conversation et des \u00e9v\u00e9nements culturels.<\/p><p style=\"font-weight: 400;\">L&rsquo;ICE encourage une communication ouverte entre les \u00e9tudiants et les enseignants, en recherchant un retour d&rsquo;information sur l&rsquo;efficacit\u00e9 de l&rsquo;enseignement, le contenu des cours et l&rsquo;exp\u00e9rience d&rsquo;apprentissage en g\u00e9n\u00e9ral, afin d&rsquo;alimenter les efforts d&rsquo;am\u00e9lioration continue.<\/p><p> <\/p><p style=\"font-weight: 400;\">Vous trouverez ci-dessous des exemples de la mani\u00e8re dont l&rsquo;ICE soutient les \u00e9tudiants adultes sur le plan acad\u00e9mique :<\/p><p> <\/p><p style=\"font-weight: 400;\">D\u00e9veloppement des comp\u00e9tences linguistiques<\/p><ul style=\"font-weight: 400;\"><li>Les cours de conversation hebdomadaires gratuits proposent des s\u00e9ances de pratique r\u00e9guli\u00e8res pour am\u00e9liorer l&rsquo;aisance \u00e0 l&rsquo;oral avec d&rsquo;autres \u00e9tudiants et des locuteurs natifs.<\/li><li>Les cours hebdomadaires d&rsquo;examen IELTS permettent aux \u00e9tudiants de se pr\u00e9parer aux examens et aux autres \u00e9tudiants d&rsquo;avoir un aper\u00e7u du mod\u00e8le d&rsquo;examen.<\/li><\/ul><p> <\/p><p style=\"font-weight: 400;\">Pr\u00e9paration \u00e0 l&rsquo;examen<\/p><ul style=\"font-weight: 400;\"><li>Des cours individualis\u00e9s de pr\u00e9paration \u00e0 l&rsquo;IELTS ou \u00e0 l&rsquo;examen de Cambridge, destin\u00e9s \u00e0 pr\u00e9parer les \u00e9tudiants aux prochains examens standardis\u00e9s de comp\u00e9tence en anglais, sont disponibles en tant que soutien \u00e0 l&rsquo;apprentissage.<\/li><li>Les examens blancs, qui font partie de nos classes d&rsquo;examen IELTS, offrent aux \u00e9tudiants la possibilit\u00e9 de passer des tests r\u00e9els dans des conditions d&rsquo;examen afin de les aider \u00e0 \u00e9valuer leur niveau de pr\u00e9paration et \u00e0 identifier les points \u00e0 am\u00e9liorer. Pour les \u00e9tudiants qui passent d&rsquo;autres examens, notre \u00e9quipe acad\u00e9mique peut les aider \u00e0 acc\u00e9der aux examens blancs. <\/li><\/ul><p> <\/p><p style=\"font-weight: 400;\">Soutien p\u00e9dagogique individualis\u00e9<\/p><ul style=\"font-weight: 400;\"><li>Les objectifs d&rsquo;apprentissage des \u00e9tudiants et les examens externes pr\u00e9vus sont not\u00e9s sur le registre de classe \u00e0 l&rsquo;intention des enseignants afin qu&rsquo;ils puissent aider les \u00e9tudiants \u00e0 les atteindre.<\/li><li>Des cours particuliers sont propos\u00e9s pour offrir un enseignement personnalis\u00e9 ax\u00e9 sur les besoins et les objectifs sp\u00e9cifiques de l&rsquo;\u00e9tudiant.<\/li><li>Le soutien acad\u00e9mique est disponible pour des consultations acad\u00e9miques individuelles, fournissant des conseils sur les questions linguistiques ou les objectifs acad\u00e9miques.<\/li><li>Les \u00e9l\u00e8ves re\u00e7oivent des rapports mensuels sur les processus, qui comportent \u00e9galement un syst\u00e8me simple permettant aux \u00e9l\u00e8ves de contacter notre \u00e9quipe acad\u00e9mique s&rsquo;ils ont besoin d&rsquo;un soutien suppl\u00e9mentaire. En outre, les enseignants soutiennent les \u00e9l\u00e8ves de mani\u00e8re continue et peuvent signaler \u00e0 l&rsquo;\u00e9quipe acad\u00e9mique si les \u00e9l\u00e8ves ont besoin d&rsquo;un soutien suppl\u00e9mentaire en dehors de la salle de classe. <\/li><li>Le coordinateur des programmes acad\u00e9miques veillera \u00e0 ce que le responsable du bien-\u00eatre des \u00e9tudiants et les assistants du responsable du bien-\u00eatre des \u00e9tudiants soient en mesure de fournir un soutien et des conseils concernant les fili\u00e8res d&rsquo;enseignement sup\u00e9rieur et de formation continue, la vie en Irlande et l&rsquo;aide pratique.<\/li><\/ul><p> <\/p><p style=\"font-weight: 400;\">En outre, tous les \u00e9tudiants b\u00e9n\u00e9ficient de :<\/p><p> <\/p><p style=\"font-weight: 400;\">Retour d&rsquo;information et \u00e9valuation<\/p><ul style=\"font-weight: 400;\"><li>\u00c9valuation continue par le biais d&rsquo;\u00e9valuations hebdomadaires, sommatives et formatives et d&rsquo;activit\u00e9s en classe pour suivre les progr\u00e8s des \u00e9l\u00e8ves.<\/li><li>Les enseignants donnent continuellement leur avis aux \u00e9l\u00e8ves et, en outre, les notes d&rsquo;\u00e9valuation sont enregistr\u00e9es et des rapports de progr\u00e8s mensuels sont envoy\u00e9s aux \u00e9l\u00e8ves.<\/li><\/ul><p> <\/p><p style=\"font-weight: 400;\">Ressources pour l&rsquo;autoformation<\/p><ul style=\"font-weight: 400;\"><li>Les enseignants aident les \u00e9l\u00e8ves \u00e0 acc\u00e9der aux manuels, aux cahiers d&rsquo;exercices, aux guides de grammaire et \u00e0 d&rsquo;autres supports d&rsquo;apprentissage.<\/li><li>Notre petite biblioth\u00e8que est facilement accessible et les livres peuvent \u00eatre emprunt\u00e9s selon notre syst\u00e8me d&rsquo;honneur sans aucune formalit\u00e9.<\/li><li>Les \u00e9l\u00e8ves sont initi\u00e9s aux ressources en ligne telles que les applications, les sites web et les plateformes d&rsquo;apprentissage interactives, par exemple English File online.<\/li><\/ul>\t\t\t\t\t\t\t\t<\/div>\n\t\t\t\t<\/div>\n\t\t\t\t\t<\/div>\n\t\t<\/div>\n\t\t\t\t\t<\/div>\n\t\t<\/section>\n\t\t\t\t<section class=\"elementor-section elementor-top-section elementor-element elementor-element-d3ca70a elementor-section-boxed elementor-section-height-default elementor-section-height-default\" data-id=\"d3ca70a\" data-element_type=\"section\" data-e-type=\"section\">\n\t\t\t\t\t\t<div class=\"elementor-container elementor-column-gap-default\">\n\t\t\t\t\t<div class=\"elementor-column elementor-col-100 elementor-top-column elementor-element elementor-element-ea712aa\" data-id=\"ea712aa\" data-element_type=\"column\" data-e-type=\"column\">\n\t\t\t<div class=\"elementor-widget-wrap elementor-element-populated\">\n\t\t\t\t\t\t<div class=\"elementor-element elementor-element-83e9269 elementor-widget elementor-widget-spacer\" data-id=\"83e9269\" data-element_type=\"widget\" data-e-type=\"widget\" data-widget_type=\"spacer.default\">\n\t\t\t\t<div class=\"elementor-widget-container\">\n\t\t\t\t\t\t\t<div class=\"elementor-spacer\">\n\t\t\t<div class=\"elementor-spacer-inner\"><\/div>\n\t\t<\/div>\n\t\t\t\t\t\t<\/div>\n\t\t\t\t<\/div>\n\t\t\t\t\t<\/div>\n\t\t<\/div>\n\t\t\t\t\t<\/div>\n\t\t<\/section>\n\t\t\t\t<\/div>\n\t\t","protected":false},"excerpt":{"rendered":"<p>Soutien acad\u00e9mique \u00c0 l&rsquo;ICE, nous proposons un soutien scolaire pour aider les \u00e9tudiants \u00e0 r\u00e9ussir leur parcours d&rsquo;apprentissage des langues. Ces services s&rsquo;adressent \u00e0 diff\u00e9rents styles, niveaux et objectifs d&rsquo;apprentissage et se concentrent souvent sur les comp\u00e9tences linguistiques et sur un d\u00e9veloppement acad\u00e9mique ou professionnel plus large. Nous nous engageons \u00e0 fournir des services de [&hellip;]<\/p>\n","protected":false},"author":3,"featured_media":0,"parent":0,"menu_order":0,"comment_status":"closed","ping_status":"closed","template":"","meta":{"content-type":"","footnotes":""},"class_list":["post-33057","page","type-page","status-publish","hentry"],"yoast_head":"<!-- This site is optimized with the Yoast SEO plugin v27.3 - https:\/\/yoast.com\/product\/yoast-seo-wordpress\/ -->\n<title>Soutien acad\u00e9mique - Irish College of English<\/title>\n<meta name=\"robots\" content=\"index, follow, max-snippet:-1, max-image-preview:large, max-video-preview:-1\" \/>\n<link rel=\"canonical\" href=\"https:\/\/www.iceireland.com\/fr\/academic-support\/\" \/>\n<meta property=\"og:locale\" content=\"fr_FR\" \/>\n<meta property=\"og:type\" content=\"article\" \/>\n<meta property=\"og:title\" content=\"Soutien acad\u00e9mique - Irish College of English\" \/>\n<meta property=\"og:description\" content=\"Soutien acad\u00e9mique \u00c0 l&rsquo;ICE, nous proposons un soutien scolaire pour aider les \u00e9tudiants \u00e0 r\u00e9ussir leur parcours d&rsquo;apprentissage des langues. Ces services s&rsquo;adressent \u00e0 diff\u00e9rents styles, niveaux et objectifs d&rsquo;apprentissage et se concentrent souvent sur les comp\u00e9tences linguistiques et sur un d\u00e9veloppement acad\u00e9mique ou professionnel plus large. Nous nous engageons \u00e0 fournir des services de [&hellip;]\" \/>\n<meta property=\"og:url\" content=\"https:\/\/www.iceireland.com\/fr\/academic-support\/\" \/>\n<meta property=\"og:site_name\" content=\"Irish College of English\" \/>\n<meta property=\"article:modified_time\" content=\"2026-01-30T18:25:39+00:00\" \/>\n<meta name=\"twitter:label1\" content=\"Dur\u00e9e de lecture estim\u00e9e\" \/>\n\t<meta name=\"twitter:data1\" content=\"3 minutes\" \/>\n<script type=\"application\/ld+json\" class=\"yoast-schema-graph\">{\"@context\":\"https:\\\/\\\/schema.org\",\"@graph\":[{\"@type\":\"WebPage\",\"@id\":\"https:\\\/\\\/www.iceireland.com\\\/fr\\\/academic-support\\\/\",\"url\":\"https:\\\/\\\/www.iceireland.com\\\/fr\\\/academic-support\\\/\",\"name\":\"Soutien acad\u00e9mique - Irish College of English\",\"isPartOf\":{\"@id\":\"https:\\\/\\\/www.iceireland.com\\\/fr\\\/#website\"},\"datePublished\":\"2025-08-28T10:59:56+00:00\",\"dateModified\":\"2026-01-30T18:25:39+00:00\",\"breadcrumb\":{\"@id\":\"https:\\\/\\\/www.iceireland.com\\\/fr\\\/academic-support\\\/#breadcrumb\"},\"inLanguage\":\"fr-FR\",\"potentialAction\":[{\"@type\":\"ReadAction\",\"target\":[\"https:\\\/\\\/www.iceireland.com\\\/fr\\\/academic-support\\\/\"]}]},{\"@type\":\"BreadcrumbList\",\"@id\":\"https:\\\/\\\/www.iceireland.com\\\/fr\\\/academic-support\\\/#breadcrumb\",\"itemListElement\":[{\"@type\":\"ListItem\",\"position\":1,\"name\":\"Home\",\"item\":\"https:\\\/\\\/www.iceireland.com\\\/fr\\\/\"},{\"@type\":\"ListItem\",\"position\":2,\"name\":\"Soutien acad\u00e9mique\"}]},{\"@type\":\"WebSite\",\"@id\":\"https:\\\/\\\/www.iceireland.com\\\/fr\\\/#website\",\"url\":\"https:\\\/\\\/www.iceireland.com\\\/fr\\\/\",\"name\":\"Irish College of English\",\"description\":\"English School in Dublin, Malahide\",\"publisher\":{\"@id\":\"https:\\\/\\\/www.iceireland.com\\\/fr\\\/#organization\"},\"potentialAction\":[{\"@type\":\"SearchAction\",\"target\":{\"@type\":\"EntryPoint\",\"urlTemplate\":\"https:\\\/\\\/www.iceireland.com\\\/fr\\\/?s={search_term_string}\"},\"query-input\":{\"@type\":\"PropertyValueSpecification\",\"valueRequired\":true,\"valueName\":\"search_term_string\"}}],\"inLanguage\":\"fr-FR\"},{\"@type\":\"Organization\",\"@id\":\"https:\\\/\\\/www.iceireland.com\\\/fr\\\/#organization\",\"name\":\"Irish College of English\",\"url\":\"https:\\\/\\\/www.iceireland.com\\\/fr\\\/\",\"logo\":{\"@type\":\"ImageObject\",\"inLanguage\":\"fr-FR\",\"@id\":\"https:\\\/\\\/www.iceireland.com\\\/fr\\\/#\\\/schema\\\/logo\\\/image\\\/\",\"url\":\"https:\\\/\\\/www.iceireland.com\\\/wp-content\\\/uploads\\\/2022\\\/03\\\/logo.png\",\"contentUrl\":\"https:\\\/\\\/www.iceireland.com\\\/wp-content\\\/uploads\\\/2022\\\/03\\\/logo.png\",\"width\":593,\"height\":92,\"caption\":\"Irish College of English\"},\"image\":{\"@id\":\"https:\\\/\\\/www.iceireland.com\\\/fr\\\/#\\\/schema\\\/logo\\\/image\\\/\"}}]}<\/script>\n<!-- \/ Yoast SEO plugin. -->","yoast_head_json":{"title":"Soutien acad\u00e9mique - Irish College of English","robots":{"index":"index","follow":"follow","max-snippet":"max-snippet:-1","max-image-preview":"max-image-preview:large","max-video-preview":"max-video-preview:-1"},"canonical":"https:\/\/www.iceireland.com\/fr\/academic-support\/","og_locale":"fr_FR","og_type":"article","og_title":"Soutien acad\u00e9mique - Irish College of English","og_description":"Soutien acad\u00e9mique \u00c0 l&rsquo;ICE, nous proposons un soutien scolaire pour aider les \u00e9tudiants \u00e0 r\u00e9ussir leur parcours d&rsquo;apprentissage des langues. Ces services s&rsquo;adressent \u00e0 diff\u00e9rents styles, niveaux et objectifs d&rsquo;apprentissage et se concentrent souvent sur les comp\u00e9tences linguistiques et sur un d\u00e9veloppement acad\u00e9mique ou professionnel plus large. Nous nous engageons \u00e0 fournir des services de [&hellip;]","og_url":"https:\/\/www.iceireland.com\/fr\/academic-support\/","og_site_name":"Irish College of English","article_modified_time":"2026-01-30T18:25:39+00:00","twitter_misc":{"Dur\u00e9e de lecture estim\u00e9e":"3 minutes"},"schema":{"@context":"https:\/\/schema.org","@graph":[{"@type":"WebPage","@id":"https:\/\/www.iceireland.com\/fr\/academic-support\/","url":"https:\/\/www.iceireland.com\/fr\/academic-support\/","name":"Soutien acad\u00e9mique - Irish College of English","isPartOf":{"@id":"https:\/\/www.iceireland.com\/fr\/#website"},"datePublished":"2025-08-28T10:59:56+00:00","dateModified":"2026-01-30T18:25:39+00:00","breadcrumb":{"@id":"https:\/\/www.iceireland.com\/fr\/academic-support\/#breadcrumb"},"inLanguage":"fr-FR","potentialAction":[{"@type":"ReadAction","target":["https:\/\/www.iceireland.com\/fr\/academic-support\/"]}]},{"@type":"BreadcrumbList","@id":"https:\/\/www.iceireland.com\/fr\/academic-support\/#breadcrumb","itemListElement":[{"@type":"ListItem","position":1,"name":"Home","item":"https:\/\/www.iceireland.com\/fr\/"},{"@type":"ListItem","position":2,"name":"Soutien acad\u00e9mique"}]},{"@type":"WebSite","@id":"https:\/\/www.iceireland.com\/fr\/#website","url":"https:\/\/www.iceireland.com\/fr\/","name":"Irish College of English","description":"English School in Dublin, Malahide","publisher":{"@id":"https:\/\/www.iceireland.com\/fr\/#organization"},"potentialAction":[{"@type":"SearchAction","target":{"@type":"EntryPoint","urlTemplate":"https:\/\/www.iceireland.com\/fr\/?s={search_term_string}"},"query-input":{"@type":"PropertyValueSpecification","valueRequired":true,"valueName":"search_term_string"}}],"inLanguage":"fr-FR"},{"@type":"Organization","@id":"https:\/\/www.iceireland.com\/fr\/#organization","name":"Irish College of English","url":"https:\/\/www.iceireland.com\/fr\/","logo":{"@type":"ImageObject","inLanguage":"fr-FR","@id":"https:\/\/www.iceireland.com\/fr\/#\/schema\/logo\/image\/","url":"https:\/\/www.iceireland.com\/wp-content\/uploads\/2022\/03\/logo.png","contentUrl":"https:\/\/www.iceireland.com\/wp-content\/uploads\/2022\/03\/logo.png","width":593,"height":92,"caption":"Irish College of English"},"image":{"@id":"https:\/\/www.iceireland.com\/fr\/#\/schema\/logo\/image\/"}}]}},"_links":{"self":[{"href":"https:\/\/www.iceireland.com\/fr\/wp-json\/wp\/v2\/pages\/33057","targetHints":{"allow":["GET"]}}],"collection":[{"href":"https:\/\/www.iceireland.com\/fr\/wp-json\/wp\/v2\/pages"}],"about":[{"href":"https:\/\/www.iceireland.com\/fr\/wp-json\/wp\/v2\/types\/page"}],"author":[{"embeddable":true,"href":"https:\/\/www.iceireland.com\/fr\/wp-json\/wp\/v2\/users\/3"}],"replies":[{"embeddable":true,"href":"https:\/\/www.iceireland.com\/fr\/wp-json\/wp\/v2\/comments?post=33057"}],"version-history":[{"count":1,"href":"https:\/\/www.iceireland.com\/fr\/wp-json\/wp\/v2\/pages\/33057\/revisions"}],"predecessor-version":[{"id":33059,"href":"https:\/\/www.iceireland.com\/fr\/wp-json\/wp\/v2\/pages\/33057\/revisions\/33059"}],"wp:attachment":[{"href":"https:\/\/www.iceireland.com\/fr\/wp-json\/wp\/v2\/media?parent=33057"}],"curies":[{"name":"wp","href":"https:\/\/api.w.org\/{rel}","templated":true}]}}