{"id":33066,"date":"2025-08-28T09:23:09","date_gmt":"2025-08-28T09:23:09","guid":{"rendered":"https:\/\/www.iceireland.com\/visa-immigration-support\/"},"modified":"2026-03-14T11:33:46","modified_gmt":"2026-03-14T11:33:46","slug":"visa-immigration-support","status":"publish","type":"page","link":"https:\/\/www.iceireland.com\/fr\/visa-immigration-support\/","title":{"rendered":"Aide aux visas et \u00e0 l&rsquo;immigration"},"content":{"rendered":"\t\t<div data-elementor-type=\"wp-page\" data-elementor-id=\"33066\" class=\"elementor elementor-33066 elementor-31322\" data-elementor-post-type=\"page\">\n\t\t\t\t\t\t<section class=\"elementor-section elementor-top-section elementor-element elementor-element-ded4c0a elementor-section-boxed elementor-section-height-default elementor-section-height-default\" data-id=\"ded4c0a\" data-element_type=\"section\" data-e-type=\"section\">\n\t\t\t\t\t\t<div class=\"elementor-container elementor-column-gap-default\">\n\t\t\t\t\t<div class=\"elementor-column elementor-col-100 elementor-top-column elementor-element elementor-element-07c7a5c\" data-id=\"07c7a5c\" data-element_type=\"column\" data-e-type=\"column\">\n\t\t\t<div class=\"elementor-widget-wrap elementor-element-populated\">\n\t\t\t\t\t\t<div class=\"elementor-element elementor-element-4254848 elementor-widget elementor-widget-text-editor\" data-id=\"4254848\" data-element_type=\"widget\" data-e-type=\"widget\" data-widget_type=\"text-editor.default\">\n\t\t\t\t<div class=\"elementor-widget-container\">\n\t\t\t\t\t\t\t\t\t<h2><span style=\"color: #808080;\">Aide aux visas et \u00e0 l&rsquo;immigration<\/span><\/h2><p data-start=\"386\" data-end=\"759\"> <\/p><p data-start=\"386\" data-end=\"759\"><span style=\"color: #808080;\"><strong>Devez-vous demander un visa ?<\/strong><\/span><\/p><ul><li data-start=\"386\" data-end=\"759\">Si vous \u00eates originaire d&rsquo;un pays de l&rsquo;UE ou de l&rsquo;EEE, vous n&rsquo;avez pas besoin de visa pour \u00e9tudier en Irlande.<\/li><li>Les \u00e9tudiants non ressortissants de l&rsquo;UE ou de l&rsquo;EEE doivent \u00eatre en possession d&rsquo;une lettre d&rsquo;acceptation et avoir pay\u00e9 les frais d&rsquo;inscription pour \u00e9tudier en Irlande.<\/li><li>Selon votre nationalit\u00e9, vous pouvez \u00e9galement avoir besoin d&rsquo;un visa. <span style=\"color: #808080;\">Pour savoir ce dont vous avez besoin pour entrer en Irlande en fonction de votre nationalit\u00e9, consultez le <span style=\"text-decoration: underline;\"><a style=\"color: #808080; text-decoration: underline;\" href=\"https:\/\/www.irishimmigration.ie\/\" target=\"_blank\" rel=\"noopener\">site web de l&rsquo;immigration irlandaise<\/a><\/span>.<\/span><\/li><li data-start=\"386\" data-end=\"759\">Tous les \u00e9tudiants non ressortissants de l&rsquo;UE ou de l&rsquo;EEE qui restent plus de 90 jours doivent s&rsquo;inscrire aupr\u00e8s de l&rsquo;Irish Immigration (ISD).<\/li><\/ul><div id=\"Requirements\"><div class=\"wrapper wrapper--large content--padding\"><div class=\"rich-text\"><div class=\"rich-text rich-text__narrow\"><div class=\"rich_text__summary\"><p data-block-key=\"8i3qr\"> <\/p><\/div><\/div><\/div><\/div><\/div><div tabindex=\"0\"><span style=\"color: #808080;\"><strong>Si vous avez besoin d&rsquo;un visa pour \u00e9tudier en Irlande<\/strong><\/span><\/div><div tabindex=\"0\"> <\/div><div tabindex=\"0\"><span style=\"color: #808080;\">Vous devez remplir un formulaire de r\u00e9servation et envoyer une copie de votre passeport. Nous vous enverrons une facture pour les frais de cours. Les frais doivent \u00eatre pay\u00e9s par Transfermate et seront conserv\u00e9s dans l&rsquo;attente de la d\u00e9cision concernant le visa. Lorsque le paiement de votre cours sera confirm\u00e9, nous vous enverrons une lettre d&rsquo;acceptation et vous pourrez demander votre visa.  <\/span><\/div><div tabindex=\"0\"> <\/div><div tabindex=\"0\">Les demandes de visa prennent g\u00e9n\u00e9ralement de 6 \u00e0 8 semaines et nous vous recommandons de d\u00e9poser votre demande 3 mois avant la date de d\u00e9but des cours pour \u00e9viter les retards.<\/div><div tabindex=\"0\"> <\/div><div id=\"Application\"><div class=\"wrapper wrapper--large content--padding\"><div class=\"rich-text\"><div class=\"rich-text rich-text__narrow\"><p class=\"story__heading heading--2\"><span style=\"color: #808080;\"><b>Soumission de votre demande de visa<\/b><\/span><\/p><div class=\"rich_text__summary\"> <\/div><div class=\"rich_text__summary\"><p>Pour demander un visa :<\/p><ol><li>Compl\u00e9tez le formulaire de demande en ligne <a href=\"http:\/\/www.visas.inis.gov.ie\/AVATS\/OnlineHome.aspx\">www.visas.inis.gov.ie\/AVATS\/OnlineHome.aspx<\/a><\/li><li>Rassemblez les documents justificatifs, la photo d&rsquo;identit\u00e9 et les frais.<\/li><li>Le syst\u00e8me de candidature en ligne demandera automatiquement aux \u00e9tudiants de soumettre des documents \u00e0 l&rsquo;ambassade.<\/li><\/ol><p>Pour plus d&rsquo;informations sur les demandes de visa, veuillez consulter les pages web suivantes <a href=\"https:\/\/www.dfa.ie\/travel\/visas\/visas-for-ireland\/\">: https:\/\/www.dfa.ie\/travel\/visas\/visas-for-ireland\/<\/a> &amp; <a href=\"http:\/\/www.inis.gov.ie\/en\/INIS\/Pages\/Study\">http:\/\/www.inis.gov.ie\/en\/INIS\/Pages\/Study<\/a><\/p><p data-block-key=\"9or89\"> <\/p><p data-block-key=\"9or89\"><span style=\"color: #808080;\"><strong>Suivi de votre demande<\/strong><\/span><\/p><p data-block-key=\"1md8t\"><span style=\"color: #808080;\">Suivez votre demande en contactant l&rsquo;ambassade ou le consulat aupr\u00e8s duquel elle a \u00e9t\u00e9 d\u00e9pos\u00e9e, en mentionnant le num\u00e9ro de r\u00e9f\u00e9rence de votre demande.<\/span><\/p><p data-block-key=\"7eoon\"><span style=\"color: #808080;\">Si vous avez envoy\u00e9 votre demande \u00e0 Dublin, vous devez <a style=\"color: #808080;\" href=\"https:\/\/www.irishimmigration.ie\/contact-immigration-service-delivery\/\">contacter directement Immigration Service Delivery.<\/a><\/span><\/p><p data-block-key=\"98tpr\"> <\/p><p data-block-key=\"98tpr\"><span style=\"color: #808080;\"><b>Notification<\/b><\/span><\/p><p data-block-key=\"ffqqi\"><span style=\"color: #808080;\">Si vous avez d\u00e9pos\u00e9 votre demande aupr\u00e8s d&rsquo;une ambassade ou d&rsquo;un consulat, ceux-ci vous contacteront une fois que la d\u00e9cision aura \u00e9t\u00e9 prise.<\/span><\/p><p data-block-key=\"3pd3g\"><span style=\"color: #808080;\">Si vous avez d\u00e9pos\u00e9 votre demande directement aupr\u00e8s de l&rsquo;INIS \u00e0 Dublin, ou si votre demande a \u00e9t\u00e9 transmise \u00e0 l&rsquo;INIS pour d\u00e9cision, vous pouvez consulter la liste hebdomadaire des d\u00e9cisions en mati\u00e8re de visa de l&rsquo;Immigraion Service Delivery. <a style=\"color: #808080;\" href=\"https:\/\/www.irishimmigration.ie\/visa-decisions\/\"><b>Visa Decision Weekly Listing (liste hebdomadaire des d\u00e9cisions en mati\u00e8re de visa) de l&rsquo;Immigraion Service Delivery<\/b><\/a> en utilisant votre num\u00e9ro de r\u00e9f\u00e9rence.<\/span><\/p><\/div><p data-block-key=\"3pd3g\"><strong>Si votre demande de visa est refus\u00e9e<\/strong><\/p><p>Les \u00e9tudiants peuvent ne pas obtenir de visa et, en cas d&rsquo;\u00e9chec de la demande de visa, des frais administratifs de 200 euros seront retenus.<\/p><p>Les remboursements ne seront effectu\u00e9s qu&rsquo;apr\u00e8s r\u00e9ception d&rsquo;une lettre de refus de visa de l&rsquo;ambassade.<\/p><div class=\"rich_text__summary\"><p data-block-key=\"3pd3g\"> <\/p><p data-block-key=\"3pd3g\"><strong>Enregistrement des demandes d&rsquo;immigration en Irlande<\/strong><\/p><p data-block-key=\"3pd3g\">Si vous \u00eates un <strong data-start=\"2145\" data-end=\"2192\">\u00e9tudiant non ressortissant de l&rsquo;UE et que vous \u00e9tudiez plus de 90 jours<\/strong>, vous devez vous enregistrer aupr\u00e8s des services d&rsquo;immigration apr\u00e8s votre arriv\u00e9e en Irlande.<\/p><p class=\"cvGsUA direction-ltr align-start para-style-body\"><span class=\"a_GcMg font-feature-liga-off font-feature-clig-off font-feature-calt-off text-decoration-none text-strikethrough-none\">Vous prendrez rendez-vous sur le site web de l&rsquo;immigration irlandaise <\/span><span class=\"a_GcMg font-feature-liga-off font-feature-clig-off font-feature-calt-off text-decoration-none text-strikethrough-none\">https:\/\/portal.irishimmigration.ie\/en\/ <\/span> <\/p><p>Vous aurez besoin des documents suivants lors de votre rendez-vous d&rsquo;inscription ;<\/p><ul><li>Lettre d&rsquo;acceptation confirmant votre formation<\/li><li>Preuve du paiement int\u00e9gral de votre formation<\/li><li>Passeport en cours de validit\u00e9<\/li><li>Assurance m\u00e9dicale priv\u00e9e<\/li><li>Justificatif de domicile en Irlande<\/li><li>Preuve de soutien financier, relev\u00e9 bancaire \u00e0 votre nom avec un solde d&rsquo;au moins 6 665 euros.<\/li><li>Frais d&rsquo;inscription, 300 \u20ac pay\u00e9s par carte de d\u00e9bit\/cr\u00e9dit<\/li><\/ul><div> <\/div><div>Vous recevez une <strong data-start=\"2019\" data-end=\"2056\">carte de permis de s\u00e9jour irlandais (IRP)<\/strong> par courrier dans les semaines qui suivent. Cette carte porte le <strong data-start=\"2107\" data-end=\"2157\">cachet de l&rsquo;immigration (par exemple, le cachet 2 pour les \u00e9tudiants)<\/strong> et la date d&rsquo;expiration.   <\/div><div> <\/div><div>Les \u00e9tudiants peuvent renouveler leur visa deux fois s&rsquo;ils le souhaitent ;<\/div><\/div><ul><li>  S&rsquo;inscrire \u00e0 un autre cours enregistr\u00e9 aupr\u00e8s de l&rsquo;ILEP.<\/li><li>Payer l&rsquo;int\u00e9gralit\u00e9 des frais de cours.<\/li><li>Maintenir un taux d&rsquo;assiduit\u00e9 d&rsquo;au moins 85 %.<\/li><li>Passer un examen reconnu \u00e0 la fin de leur formation (ILETS).<\/li><li>Souscrivez une assurance m\u00e9dicale priv\u00e9e.  <\/li><li>Disposer d&rsquo;un passeport en cours de validit\u00e9.  <\/li><\/ul><div class=\"rich_text__summary\"><div> <\/div><p data-block-key=\"3pd3g\"><strong>Obligations des \u00e9tudiants titulaires d&rsquo;un visa<\/strong><\/p><p data-block-key=\"3pd3g\">Les \u00e9tudiants titulaires d&rsquo;un visa qui participent \u00e0 un cours enregistr\u00e9 aupr\u00e8s de l&rsquo;ILEP doivent :<\/p><ul><li data-block-key=\"3pd3g\">Maintenir un taux d&rsquo;assiduit\u00e9 minimum de 85%.<\/li><li data-block-key=\"3pd3g\">Passer un examen reconnu \u00e0 la fin de leur cursus, l&rsquo;IELTS est inclus dans le programme de l&rsquo;ann\u00e9e acad\u00e9mique.<\/li><li data-block-key=\"3pd3g\">Avoir une assurance m\u00e9dicale valide pour la dur\u00e9e du cours.<\/li><li data-block-key=\"3pd3g\">Assurez-vous que votre passeport est valable plus de 8 mois.<\/li><\/ul><p> <\/p><p><strong>Travail et vacances<\/strong><\/p><p>Les \u00e9tudiants de l&rsquo;ann\u00e9e acad\u00e9mique doivent suivre 25 semaines de cours. Les 8 semaines restantes constituent une p\u00e9riode de vacances. <\/p><p>Il y a un cong\u00e9 obligatoire de 3 semaines pour les vacances de No\u00ebl, le reste des vacances sera pris \u00e0 l&rsquo;issue des 25 semaines de cours, tout cong\u00e9 qu&rsquo;un \u00e9tudiant souhaite prendre en dehors de ces p\u00e9riodes doit \u00eatre r\u00e9serv\u00e9 au cours de la premi\u00e8re semaine de cours.<\/p><p>Les \u00e9tudiants de l&rsquo;ann\u00e9e acad\u00e9mique ont le droit de travailler 20 heures par semaine pendant les cours et 40 heures par semaine pendant les vacances prises de juin \u00e0 septembre et du<sup>15<\/sup> d\u00e9cembre au<sup>15<\/sup> janvier.<\/p><\/div><\/div><\/div><\/div><\/div><p data-start=\"3634\" data-end=\"3727\"> <\/p>\t\t\t\t\t\t\t\t<\/div>\n\t\t\t\t<\/div>\n\t\t\t\t\t<\/div>\n\t\t<\/div>\n\t\t\t\t\t<\/div>\n\t\t<\/section>\n\t\t\t\t<section class=\"elementor-section elementor-top-section elementor-element elementor-element-d3fae5e elementor-section-boxed elementor-section-height-default elementor-section-height-default\" data-id=\"d3fae5e\" data-element_type=\"section\" data-e-type=\"section\">\n\t\t\t\t\t\t<div class=\"elementor-container elementor-column-gap-default\">\n\t\t\t\t\t<div class=\"elementor-column elementor-col-100 elementor-top-column elementor-element elementor-element-b10bd47\" data-id=\"b10bd47\" data-element_type=\"column\" data-e-type=\"column\">\n\t\t\t<div class=\"elementor-widget-wrap elementor-element-populated\">\n\t\t\t\t\t\t<div class=\"elementor-element elementor-element-6d2bda8 elementor-widget elementor-widget-spacer\" data-id=\"6d2bda8\" data-element_type=\"widget\" data-e-type=\"widget\" data-widget_type=\"spacer.default\">\n\t\t\t\t<div class=\"elementor-widget-container\">\n\t\t\t\t\t\t\t<div class=\"elementor-spacer\">\n\t\t\t<div class=\"elementor-spacer-inner\"><\/div>\n\t\t<\/div>\n\t\t\t\t\t\t<\/div>\n\t\t\t\t<\/div>\n\t\t\t\t\t<\/div>\n\t\t<\/div>\n\t\t\t\t\t<\/div>\n\t\t<\/section>\n\t\t\t\t<\/div>\n\t\t","protected":false},"excerpt":{"rendered":"<p>Aide aux visas et \u00e0 l&rsquo;immigration Devez-vous demander un visa ? Si vous \u00eates originaire d&rsquo;un pays de l&rsquo;UE ou de l&rsquo;EEE, vous n&rsquo;avez pas besoin de visa pour \u00e9tudier en Irlande. Les \u00e9tudiants non ressortissants de l&rsquo;UE ou de l&rsquo;EEE doivent \u00eatre en possession d&rsquo;une lettre d&rsquo;acceptation et avoir pay\u00e9 les frais d&rsquo;inscription pour [&hellip;]<\/p>\n","protected":false},"author":3,"featured_media":0,"parent":0,"menu_order":0,"comment_status":"closed","ping_status":"closed","template":"elementor_header_footer","meta":{"content-type":"","footnotes":""},"class_list":["post-33066","page","type-page","status-publish","hentry"],"yoast_head":"<!-- This site is optimized with the Yoast SEO plugin v27.3 - https:\/\/yoast.com\/product\/yoast-seo-wordpress\/ -->\n<title>Aide aux visas et \u00e0 l&#039;immigration - Irish College of English<\/title>\n<meta name=\"robots\" content=\"index, follow, max-snippet:-1, max-image-preview:large, max-video-preview:-1\" \/>\n<link rel=\"canonical\" href=\"https:\/\/www.iceireland.com\/fr\/visa-immigration-support\/\" \/>\n<meta property=\"og:locale\" content=\"fr_FR\" \/>\n<meta property=\"og:type\" content=\"article\" \/>\n<meta property=\"og:title\" content=\"Aide aux visas et \u00e0 l&#039;immigration - Irish College of English\" \/>\n<meta property=\"og:description\" content=\"Aide aux visas et \u00e0 l&rsquo;immigration Devez-vous demander un visa ? Si vous \u00eates originaire d&rsquo;un pays de l&rsquo;UE ou de l&rsquo;EEE, vous n&rsquo;avez pas besoin de visa pour \u00e9tudier en Irlande. Les \u00e9tudiants non ressortissants de l&rsquo;UE ou de l&rsquo;EEE doivent \u00eatre en possession d&rsquo;une lettre d&rsquo;acceptation et avoir pay\u00e9 les frais d&rsquo;inscription pour [&hellip;]\" \/>\n<meta property=\"og:url\" content=\"https:\/\/www.iceireland.com\/fr\/visa-immigration-support\/\" \/>\n<meta property=\"og:site_name\" content=\"Irish College of English\" \/>\n<meta property=\"article:modified_time\" content=\"2026-03-14T11:33:46+00:00\" \/>\n<meta name=\"twitter:label1\" content=\"Dur\u00e9e de lecture estim\u00e9e\" \/>\n\t<meta name=\"twitter:data1\" content=\"4 minutes\" \/>\n<script type=\"application\/ld+json\" class=\"yoast-schema-graph\">{\"@context\":\"https:\\\/\\\/schema.org\",\"@graph\":[{\"@type\":\"WebPage\",\"@id\":\"https:\\\/\\\/www.iceireland.com\\\/fr\\\/visa-immigration-support\\\/\",\"url\":\"https:\\\/\\\/www.iceireland.com\\\/fr\\\/visa-immigration-support\\\/\",\"name\":\"Aide aux visas et \u00e0 l'immigration - Irish College of English\",\"isPartOf\":{\"@id\":\"https:\\\/\\\/www.iceireland.com\\\/fr\\\/#website\"},\"datePublished\":\"2025-08-28T09:23:09+00:00\",\"dateModified\":\"2026-03-14T11:33:46+00:00\",\"breadcrumb\":{\"@id\":\"https:\\\/\\\/www.iceireland.com\\\/fr\\\/visa-immigration-support\\\/#breadcrumb\"},\"inLanguage\":\"fr-FR\",\"potentialAction\":[{\"@type\":\"ReadAction\",\"target\":[\"https:\\\/\\\/www.iceireland.com\\\/fr\\\/visa-immigration-support\\\/\"]}]},{\"@type\":\"BreadcrumbList\",\"@id\":\"https:\\\/\\\/www.iceireland.com\\\/fr\\\/visa-immigration-support\\\/#breadcrumb\",\"itemListElement\":[{\"@type\":\"ListItem\",\"position\":1,\"name\":\"Home\",\"item\":\"https:\\\/\\\/www.iceireland.com\\\/fr\\\/\"},{\"@type\":\"ListItem\",\"position\":2,\"name\":\"Aide aux visas et \u00e0 l&rsquo;immigration\"}]},{\"@type\":\"WebSite\",\"@id\":\"https:\\\/\\\/www.iceireland.com\\\/fr\\\/#website\",\"url\":\"https:\\\/\\\/www.iceireland.com\\\/fr\\\/\",\"name\":\"Irish College of English\",\"description\":\"English School in Dublin, Malahide\",\"publisher\":{\"@id\":\"https:\\\/\\\/www.iceireland.com\\\/fr\\\/#organization\"},\"potentialAction\":[{\"@type\":\"SearchAction\",\"target\":{\"@type\":\"EntryPoint\",\"urlTemplate\":\"https:\\\/\\\/www.iceireland.com\\\/fr\\\/?s={search_term_string}\"},\"query-input\":{\"@type\":\"PropertyValueSpecification\",\"valueRequired\":true,\"valueName\":\"search_term_string\"}}],\"inLanguage\":\"fr-FR\"},{\"@type\":\"Organization\",\"@id\":\"https:\\\/\\\/www.iceireland.com\\\/fr\\\/#organization\",\"name\":\"Irish College of English\",\"url\":\"https:\\\/\\\/www.iceireland.com\\\/fr\\\/\",\"logo\":{\"@type\":\"ImageObject\",\"inLanguage\":\"fr-FR\",\"@id\":\"https:\\\/\\\/www.iceireland.com\\\/fr\\\/#\\\/schema\\\/logo\\\/image\\\/\",\"url\":\"https:\\\/\\\/www.iceireland.com\\\/wp-content\\\/uploads\\\/2022\\\/03\\\/logo.png\",\"contentUrl\":\"https:\\\/\\\/www.iceireland.com\\\/wp-content\\\/uploads\\\/2022\\\/03\\\/logo.png\",\"width\":593,\"height\":92,\"caption\":\"Irish College of English\"},\"image\":{\"@id\":\"https:\\\/\\\/www.iceireland.com\\\/fr\\\/#\\\/schema\\\/logo\\\/image\\\/\"}}]}<\/script>\n<!-- \/ Yoast SEO plugin. -->","yoast_head_json":{"title":"Aide aux visas et \u00e0 l'immigration - Irish College of English","robots":{"index":"index","follow":"follow","max-snippet":"max-snippet:-1","max-image-preview":"max-image-preview:large","max-video-preview":"max-video-preview:-1"},"canonical":"https:\/\/www.iceireland.com\/fr\/visa-immigration-support\/","og_locale":"fr_FR","og_type":"article","og_title":"Aide aux visas et \u00e0 l'immigration - Irish College of English","og_description":"Aide aux visas et \u00e0 l&rsquo;immigration Devez-vous demander un visa ? Si vous \u00eates originaire d&rsquo;un pays de l&rsquo;UE ou de l&rsquo;EEE, vous n&rsquo;avez pas besoin de visa pour \u00e9tudier en Irlande. Les \u00e9tudiants non ressortissants de l&rsquo;UE ou de l&rsquo;EEE doivent \u00eatre en possession d&rsquo;une lettre d&rsquo;acceptation et avoir pay\u00e9 les frais d&rsquo;inscription pour [&hellip;]","og_url":"https:\/\/www.iceireland.com\/fr\/visa-immigration-support\/","og_site_name":"Irish College of English","article_modified_time":"2026-03-14T11:33:46+00:00","twitter_misc":{"Dur\u00e9e de lecture estim\u00e9e":"4 minutes"},"schema":{"@context":"https:\/\/schema.org","@graph":[{"@type":"WebPage","@id":"https:\/\/www.iceireland.com\/fr\/visa-immigration-support\/","url":"https:\/\/www.iceireland.com\/fr\/visa-immigration-support\/","name":"Aide aux visas et \u00e0 l'immigration - Irish College of English","isPartOf":{"@id":"https:\/\/www.iceireland.com\/fr\/#website"},"datePublished":"2025-08-28T09:23:09+00:00","dateModified":"2026-03-14T11:33:46+00:00","breadcrumb":{"@id":"https:\/\/www.iceireland.com\/fr\/visa-immigration-support\/#breadcrumb"},"inLanguage":"fr-FR","potentialAction":[{"@type":"ReadAction","target":["https:\/\/www.iceireland.com\/fr\/visa-immigration-support\/"]}]},{"@type":"BreadcrumbList","@id":"https:\/\/www.iceireland.com\/fr\/visa-immigration-support\/#breadcrumb","itemListElement":[{"@type":"ListItem","position":1,"name":"Home","item":"https:\/\/www.iceireland.com\/fr\/"},{"@type":"ListItem","position":2,"name":"Aide aux visas et \u00e0 l&rsquo;immigration"}]},{"@type":"WebSite","@id":"https:\/\/www.iceireland.com\/fr\/#website","url":"https:\/\/www.iceireland.com\/fr\/","name":"Irish College of English","description":"English School in Dublin, Malahide","publisher":{"@id":"https:\/\/www.iceireland.com\/fr\/#organization"},"potentialAction":[{"@type":"SearchAction","target":{"@type":"EntryPoint","urlTemplate":"https:\/\/www.iceireland.com\/fr\/?s={search_term_string}"},"query-input":{"@type":"PropertyValueSpecification","valueRequired":true,"valueName":"search_term_string"}}],"inLanguage":"fr-FR"},{"@type":"Organization","@id":"https:\/\/www.iceireland.com\/fr\/#organization","name":"Irish College of English","url":"https:\/\/www.iceireland.com\/fr\/","logo":{"@type":"ImageObject","inLanguage":"fr-FR","@id":"https:\/\/www.iceireland.com\/fr\/#\/schema\/logo\/image\/","url":"https:\/\/www.iceireland.com\/wp-content\/uploads\/2022\/03\/logo.png","contentUrl":"https:\/\/www.iceireland.com\/wp-content\/uploads\/2022\/03\/logo.png","width":593,"height":92,"caption":"Irish College of English"},"image":{"@id":"https:\/\/www.iceireland.com\/fr\/#\/schema\/logo\/image\/"}}]}},"_links":{"self":[{"href":"https:\/\/www.iceireland.com\/fr\/wp-json\/wp\/v2\/pages\/33066","targetHints":{"allow":["GET"]}}],"collection":[{"href":"https:\/\/www.iceireland.com\/fr\/wp-json\/wp\/v2\/pages"}],"about":[{"href":"https:\/\/www.iceireland.com\/fr\/wp-json\/wp\/v2\/types\/page"}],"author":[{"embeddable":true,"href":"https:\/\/www.iceireland.com\/fr\/wp-json\/wp\/v2\/users\/3"}],"replies":[{"embeddable":true,"href":"https:\/\/www.iceireland.com\/fr\/wp-json\/wp\/v2\/comments?post=33066"}],"version-history":[{"count":4,"href":"https:\/\/www.iceireland.com\/fr\/wp-json\/wp\/v2\/pages\/33066\/revisions"}],"predecessor-version":[{"id":35746,"href":"https:\/\/www.iceireland.com\/fr\/wp-json\/wp\/v2\/pages\/33066\/revisions\/35746"}],"wp:attachment":[{"href":"https:\/\/www.iceireland.com\/fr\/wp-json\/wp\/v2\/media?parent=33066"}],"curies":[{"name":"wp","href":"https:\/\/api.w.org\/{rel}","templated":true}]}}