{"id":33075,"date":"2025-08-28T09:16:10","date_gmt":"2025-08-28T09:16:10","guid":{"rendered":"https:\/\/www.iceireland.com\/accommodation-support\/"},"modified":"2026-03-13T15:53:29","modified_gmt":"2026-03-13T15:53:29","slug":"accommodation-support","status":"publish","type":"page","link":"https:\/\/www.iceireland.com\/fr\/accommodation-support\/","title":{"rendered":"Soutien \u00e0 l&rsquo;h\u00e9bergement"},"content":{"rendered":"\t\t<div data-elementor-type=\"wp-page\" data-elementor-id=\"33075\" class=\"elementor elementor-33075 elementor-31311\" data-elementor-post-type=\"page\">\n\t\t\t\t\t\t<section class=\"elementor-section elementor-top-section elementor-element elementor-element-325c2a3 elementor-section-boxed elementor-section-height-default elementor-section-height-default\" data-id=\"325c2a3\" data-element_type=\"section\" data-e-type=\"section\">\n\t\t\t\t\t\t<div class=\"elementor-container elementor-column-gap-default\">\n\t\t\t\t\t<div class=\"elementor-column elementor-col-100 elementor-top-column elementor-element elementor-element-8737b22\" data-id=\"8737b22\" data-element_type=\"column\" data-e-type=\"column\">\n\t\t\t<div class=\"elementor-widget-wrap elementor-element-populated\">\n\t\t\t\t\t\t<div class=\"elementor-element elementor-element-cc64c5f elementor-widget elementor-widget-text-editor\" data-id=\"cc64c5f\" data-element_type=\"widget\" data-e-type=\"widget\" data-widget_type=\"text-editor.default\">\n\t\t\t\t<div class=\"elementor-widget-container\">\n\t\t\t\t\t\t\t\t\t<h4>Soutien \u00e0 l&rsquo;h\u00e9bergement<\/h4><p>Nous fournissons de l&rsquo;aide et des informations pour trouver un logement ad\u00e9quat et nous proposons des contr\u00f4les r\u00e9guliers et un soutien aux \u00e9tudiants qui b\u00e9n\u00e9ficient de nos services de logement.<\/p><p>Les \u00e9tudiants adultes peuvent profiter de notre option d&rsquo;h\u00e9bergement chez l&rsquo;habitant.<\/p><p>Les \u00e9tudiants juniors peuvent profiter de nos options d&rsquo;h\u00e9bergement chez l&rsquo;habitant ou en r\u00e9sidence (camps d&rsquo;\u00e9t\u00e9 de l&rsquo;Abbaye de Glenstal et du Clongowes Wood College).<\/p><p>Nous avons mis en place des syst\u00e8mes pour garantir la qualit\u00e9 de notre h\u00e9bergement et nous nous associons \u00e0 des familles locales et \u00e0 certains des meilleurs internats d&rsquo;Irlande pour offrir \u00e0 nos \u00e9tudiants une exp\u00e9rience inoubliable.<\/p><p>Tous les h\u00f4tes et le personnel travaillant dans nos r\u00e9sidences sont contr\u00f4l\u00e9s par la police (garda vetled).<\/p>\t\t\t\t\t\t\t\t<\/div>\n\t\t\t\t<\/div>\n\t\t\t\t\t<\/div>\n\t\t<\/div>\n\t\t\t\t\t<\/div>\n\t\t<\/section>\n\t\t\t\t<section class=\"elementor-section elementor-top-section elementor-element elementor-element-0e09569 elementor-section-boxed elementor-section-height-default elementor-section-height-default\" data-id=\"0e09569\" data-element_type=\"section\" data-e-type=\"section\">\n\t\t\t\t\t\t<div class=\"elementor-container elementor-column-gap-default\">\n\t\t\t\t\t<div class=\"elementor-column elementor-col-100 elementor-top-column elementor-element elementor-element-3473db6\" data-id=\"3473db6\" data-element_type=\"column\" data-e-type=\"column\">\n\t\t\t<div class=\"elementor-widget-wrap elementor-element-populated\">\n\t\t\t\t\t\t<div class=\"elementor-element elementor-element-6fd73ef elementor-widget elementor-widget-spacer\" data-id=\"6fd73ef\" data-element_type=\"widget\" data-e-type=\"widget\" data-widget_type=\"spacer.default\">\n\t\t\t\t<div class=\"elementor-widget-container\">\n\t\t\t\t\t\t\t<div class=\"elementor-spacer\">\n\t\t\t<div class=\"elementor-spacer-inner\"><\/div>\n\t\t<\/div>\n\t\t\t\t\t\t<\/div>\n\t\t\t\t<\/div>\n\t\t\t\t\t<\/div>\n\t\t<\/div>\n\t\t\t\t\t<\/div>\n\t\t<\/section>\n\t\t\t\t<section class=\"elementor-section elementor-top-section elementor-element elementor-element-7b090a1 elementor-section-boxed elementor-section-height-default elementor-section-height-default\" data-id=\"7b090a1\" data-element_type=\"section\" data-e-type=\"section\">\n\t\t\t\t\t\t<div class=\"elementor-container elementor-column-gap-default\">\n\t\t\t\t\t<div class=\"elementor-column elementor-col-100 elementor-top-column elementor-element elementor-element-da26d4a\" data-id=\"da26d4a\" data-element_type=\"column\" data-e-type=\"column\">\n\t\t\t<div class=\"elementor-widget-wrap elementor-element-populated\">\n\t\t\t\t\t\t<div class=\"elementor-element elementor-element-c3d61da elementor-widget elementor-widget-text-editor\" data-id=\"c3d61da\" data-element_type=\"widget\" data-e-type=\"widget\" data-widget_type=\"text-editor.default\">\n\t\t\t\t<div class=\"elementor-widget-container\">\n\t\t\t\t\t\t\t\t\t<div id=\"page-view\" class=\"full-width\"> <\/div><h2>Autres options d&rsquo;h\u00e9bergement :<\/h2><p> <\/p><h4 class=\"full-width\"><strong>H\u00e9bergement h\u00f4telier<\/strong><\/h4><p>Le Grand Hotel est un magnifique h\u00f4tel 4 \u00e9toiles situ\u00e9 dans le centre de Malahide et \u00e0 quelques minutes \u00e0 pied de notre \u00e9cole.<\/p><p><strong><a href=\"http:\/\/www.thegrand.ie\" target=\"_blank\" rel=\"noopener noreferrer\">www.thegrand.ie<\/a><\/strong><\/p><h4> <\/h4><h4><strong>Airbnb<\/strong><\/h4><p>Cherchez dans des r\u00e9gions comme Malahide, Swords, Portmarnock pour voir ce qui est propos\u00e9.<\/p><p><strong><a href=\"http:\/\/www.airbnb.ie\" target=\"_blank\" rel=\"noopener noreferrer\">www.airbnb.ie<\/a><\/strong><\/p><h4> <\/h4><h4><strong>Louer une chambre ou un appartement<\/strong><\/h4><p>Cherchez dans des r\u00e9gions comme Malahide, Swords, Portmarnock pour voir ce qui est propos\u00e9.<\/p><p><strong><a href=\"http:\/\/www.daft.ie\" target=\"_blank\" rel=\"noopener noreferrer\">www.daft.ie<\/a><\/strong><\/p>\t\t\t\t\t\t\t\t<\/div>\n\t\t\t\t<\/div>\n\t\t\t\t\t<\/div>\n\t\t<\/div>\n\t\t\t\t\t<\/div>\n\t\t<\/section>\n\t\t\t\t<\/div>\n\t\t","protected":false},"excerpt":{"rendered":"<p>Soutien \u00e0 l&rsquo;h\u00e9bergement Nous fournissons de l&rsquo;aide et des informations pour trouver un logement ad\u00e9quat et nous proposons des contr\u00f4les r\u00e9guliers et un soutien aux \u00e9tudiants qui b\u00e9n\u00e9ficient de nos services de logement. Les \u00e9tudiants adultes peuvent profiter de notre option d&rsquo;h\u00e9bergement chez l&rsquo;habitant. Les \u00e9tudiants juniors peuvent profiter de nos options d&rsquo;h\u00e9bergement chez l&rsquo;habitant [&hellip;]<\/p>\n","protected":false},"author":3,"featured_media":0,"parent":0,"menu_order":0,"comment_status":"closed","ping_status":"closed","template":"","meta":{"content-type":"","footnotes":""},"class_list":["post-33075","page","type-page","status-publish","hentry"],"yoast_head":"<!-- This site is optimized with the Yoast SEO plugin v27.3 - https:\/\/yoast.com\/product\/yoast-seo-wordpress\/ -->\n<title>Soutien \u00e0 l&#039;h\u00e9bergement - Irish College of English<\/title>\n<meta name=\"robots\" content=\"index, follow, max-snippet:-1, max-image-preview:large, max-video-preview:-1\" \/>\n<link rel=\"canonical\" href=\"https:\/\/www.iceireland.com\/fr\/accommodation-support\/\" \/>\n<meta property=\"og:locale\" content=\"fr_FR\" \/>\n<meta property=\"og:type\" content=\"article\" \/>\n<meta property=\"og:title\" content=\"Soutien \u00e0 l&#039;h\u00e9bergement - Irish College of English\" \/>\n<meta property=\"og:description\" content=\"Soutien \u00e0 l&rsquo;h\u00e9bergement Nous fournissons de l&rsquo;aide et des informations pour trouver un logement ad\u00e9quat et nous proposons des contr\u00f4les r\u00e9guliers et un soutien aux \u00e9tudiants qui b\u00e9n\u00e9ficient de nos services de logement. Les \u00e9tudiants adultes peuvent profiter de notre option d&rsquo;h\u00e9bergement chez l&rsquo;habitant. Les \u00e9tudiants juniors peuvent profiter de nos options d&rsquo;h\u00e9bergement chez l&rsquo;habitant [&hellip;]\" \/>\n<meta property=\"og:url\" content=\"https:\/\/www.iceireland.com\/fr\/accommodation-support\/\" \/>\n<meta property=\"og:site_name\" content=\"Irish College of English\" \/>\n<meta property=\"article:modified_time\" content=\"2026-03-13T15:53:29+00:00\" \/>\n<meta name=\"twitter:label1\" content=\"Dur\u00e9e de lecture estim\u00e9e\" \/>\n\t<meta name=\"twitter:data1\" content=\"1 minute\" \/>\n<script type=\"application\/ld+json\" class=\"yoast-schema-graph\">{\"@context\":\"https:\\\/\\\/schema.org\",\"@graph\":[{\"@type\":\"WebPage\",\"@id\":\"https:\\\/\\\/www.iceireland.com\\\/fr\\\/accommodation-support\\\/\",\"url\":\"https:\\\/\\\/www.iceireland.com\\\/fr\\\/accommodation-support\\\/\",\"name\":\"Soutien \u00e0 l'h\u00e9bergement - Irish College of English\",\"isPartOf\":{\"@id\":\"https:\\\/\\\/www.iceireland.com\\\/fr\\\/#website\"},\"datePublished\":\"2025-08-28T09:16:10+00:00\",\"dateModified\":\"2026-03-13T15:53:29+00:00\",\"breadcrumb\":{\"@id\":\"https:\\\/\\\/www.iceireland.com\\\/fr\\\/accommodation-support\\\/#breadcrumb\"},\"inLanguage\":\"fr-FR\",\"potentialAction\":[{\"@type\":\"ReadAction\",\"target\":[\"https:\\\/\\\/www.iceireland.com\\\/fr\\\/accommodation-support\\\/\"]}]},{\"@type\":\"BreadcrumbList\",\"@id\":\"https:\\\/\\\/www.iceireland.com\\\/fr\\\/accommodation-support\\\/#breadcrumb\",\"itemListElement\":[{\"@type\":\"ListItem\",\"position\":1,\"name\":\"Home\",\"item\":\"https:\\\/\\\/www.iceireland.com\\\/fr\\\/\"},{\"@type\":\"ListItem\",\"position\":2,\"name\":\"Soutien \u00e0 l&rsquo;h\u00e9bergement\"}]},{\"@type\":\"WebSite\",\"@id\":\"https:\\\/\\\/www.iceireland.com\\\/fr\\\/#website\",\"url\":\"https:\\\/\\\/www.iceireland.com\\\/fr\\\/\",\"name\":\"Irish College of English\",\"description\":\"English School in Dublin, Malahide\",\"publisher\":{\"@id\":\"https:\\\/\\\/www.iceireland.com\\\/fr\\\/#organization\"},\"potentialAction\":[{\"@type\":\"SearchAction\",\"target\":{\"@type\":\"EntryPoint\",\"urlTemplate\":\"https:\\\/\\\/www.iceireland.com\\\/fr\\\/?s={search_term_string}\"},\"query-input\":{\"@type\":\"PropertyValueSpecification\",\"valueRequired\":true,\"valueName\":\"search_term_string\"}}],\"inLanguage\":\"fr-FR\"},{\"@type\":\"Organization\",\"@id\":\"https:\\\/\\\/www.iceireland.com\\\/fr\\\/#organization\",\"name\":\"Irish College of English\",\"url\":\"https:\\\/\\\/www.iceireland.com\\\/fr\\\/\",\"logo\":{\"@type\":\"ImageObject\",\"inLanguage\":\"fr-FR\",\"@id\":\"https:\\\/\\\/www.iceireland.com\\\/fr\\\/#\\\/schema\\\/logo\\\/image\\\/\",\"url\":\"https:\\\/\\\/www.iceireland.com\\\/wp-content\\\/uploads\\\/2022\\\/03\\\/logo.png\",\"contentUrl\":\"https:\\\/\\\/www.iceireland.com\\\/wp-content\\\/uploads\\\/2022\\\/03\\\/logo.png\",\"width\":593,\"height\":92,\"caption\":\"Irish College of English\"},\"image\":{\"@id\":\"https:\\\/\\\/www.iceireland.com\\\/fr\\\/#\\\/schema\\\/logo\\\/image\\\/\"}}]}<\/script>\n<!-- \/ Yoast SEO plugin. -->","yoast_head_json":{"title":"Soutien \u00e0 l'h\u00e9bergement - Irish College of English","robots":{"index":"index","follow":"follow","max-snippet":"max-snippet:-1","max-image-preview":"max-image-preview:large","max-video-preview":"max-video-preview:-1"},"canonical":"https:\/\/www.iceireland.com\/fr\/accommodation-support\/","og_locale":"fr_FR","og_type":"article","og_title":"Soutien \u00e0 l'h\u00e9bergement - Irish College of English","og_description":"Soutien \u00e0 l&rsquo;h\u00e9bergement Nous fournissons de l&rsquo;aide et des informations pour trouver un logement ad\u00e9quat et nous proposons des contr\u00f4les r\u00e9guliers et un soutien aux \u00e9tudiants qui b\u00e9n\u00e9ficient de nos services de logement. Les \u00e9tudiants adultes peuvent profiter de notre option d&rsquo;h\u00e9bergement chez l&rsquo;habitant. Les \u00e9tudiants juniors peuvent profiter de nos options d&rsquo;h\u00e9bergement chez l&rsquo;habitant [&hellip;]","og_url":"https:\/\/www.iceireland.com\/fr\/accommodation-support\/","og_site_name":"Irish College of English","article_modified_time":"2026-03-13T15:53:29+00:00","twitter_misc":{"Dur\u00e9e de lecture estim\u00e9e":"1 minute"},"schema":{"@context":"https:\/\/schema.org","@graph":[{"@type":"WebPage","@id":"https:\/\/www.iceireland.com\/fr\/accommodation-support\/","url":"https:\/\/www.iceireland.com\/fr\/accommodation-support\/","name":"Soutien \u00e0 l'h\u00e9bergement - Irish College of English","isPartOf":{"@id":"https:\/\/www.iceireland.com\/fr\/#website"},"datePublished":"2025-08-28T09:16:10+00:00","dateModified":"2026-03-13T15:53:29+00:00","breadcrumb":{"@id":"https:\/\/www.iceireland.com\/fr\/accommodation-support\/#breadcrumb"},"inLanguage":"fr-FR","potentialAction":[{"@type":"ReadAction","target":["https:\/\/www.iceireland.com\/fr\/accommodation-support\/"]}]},{"@type":"BreadcrumbList","@id":"https:\/\/www.iceireland.com\/fr\/accommodation-support\/#breadcrumb","itemListElement":[{"@type":"ListItem","position":1,"name":"Home","item":"https:\/\/www.iceireland.com\/fr\/"},{"@type":"ListItem","position":2,"name":"Soutien \u00e0 l&rsquo;h\u00e9bergement"}]},{"@type":"WebSite","@id":"https:\/\/www.iceireland.com\/fr\/#website","url":"https:\/\/www.iceireland.com\/fr\/","name":"Irish College of English","description":"English School in Dublin, Malahide","publisher":{"@id":"https:\/\/www.iceireland.com\/fr\/#organization"},"potentialAction":[{"@type":"SearchAction","target":{"@type":"EntryPoint","urlTemplate":"https:\/\/www.iceireland.com\/fr\/?s={search_term_string}"},"query-input":{"@type":"PropertyValueSpecification","valueRequired":true,"valueName":"search_term_string"}}],"inLanguage":"fr-FR"},{"@type":"Organization","@id":"https:\/\/www.iceireland.com\/fr\/#organization","name":"Irish College of English","url":"https:\/\/www.iceireland.com\/fr\/","logo":{"@type":"ImageObject","inLanguage":"fr-FR","@id":"https:\/\/www.iceireland.com\/fr\/#\/schema\/logo\/image\/","url":"https:\/\/www.iceireland.com\/wp-content\/uploads\/2022\/03\/logo.png","contentUrl":"https:\/\/www.iceireland.com\/wp-content\/uploads\/2022\/03\/logo.png","width":593,"height":92,"caption":"Irish College of English"},"image":{"@id":"https:\/\/www.iceireland.com\/fr\/#\/schema\/logo\/image\/"}}]}},"_links":{"self":[{"href":"https:\/\/www.iceireland.com\/fr\/wp-json\/wp\/v2\/pages\/33075","targetHints":{"allow":["GET"]}}],"collection":[{"href":"https:\/\/www.iceireland.com\/fr\/wp-json\/wp\/v2\/pages"}],"about":[{"href":"https:\/\/www.iceireland.com\/fr\/wp-json\/wp\/v2\/types\/page"}],"author":[{"embeddable":true,"href":"https:\/\/www.iceireland.com\/fr\/wp-json\/wp\/v2\/users\/3"}],"replies":[{"embeddable":true,"href":"https:\/\/www.iceireland.com\/fr\/wp-json\/wp\/v2\/comments?post=33075"}],"version-history":[{"count":2,"href":"https:\/\/www.iceireland.com\/fr\/wp-json\/wp\/v2\/pages\/33075\/revisions"}],"predecessor-version":[{"id":35709,"href":"https:\/\/www.iceireland.com\/fr\/wp-json\/wp\/v2\/pages\/33075\/revisions\/35709"}],"wp:attachment":[{"href":"https:\/\/www.iceireland.com\/fr\/wp-json\/wp\/v2\/media?parent=33075"}],"curies":[{"name":"wp","href":"https:\/\/api.w.org\/{rel}","templated":true}]}}