{"id":33082,"date":"2025-08-27T17:58:07","date_gmt":"2025-08-27T17:58:07","guid":{"rendered":"https:\/\/www.iceireland.com\/health-and-wellbeing\/"},"modified":"2026-01-30T18:25:52","modified_gmt":"2026-01-30T18:25:52","slug":"health-and-wellbeing","status":"publish","type":"page","link":"https:\/\/www.iceireland.com\/fr\/health-and-wellbeing\/","title":{"rendered":"Sant\u00e9 et bien-\u00eatre"},"content":{"rendered":"\t\t<div data-elementor-type=\"wp-page\" data-elementor-id=\"33082\" class=\"elementor elementor-33082 elementor-31272\" data-elementor-post-type=\"page\">\n\t\t\t\t\t\t<section class=\"elementor-section elementor-top-section elementor-element elementor-element-637dd89 elementor-section-boxed elementor-section-height-default elementor-section-height-default\" data-id=\"637dd89\" data-element_type=\"section\" data-e-type=\"section\">\n\t\t\t\t\t\t<div class=\"elementor-container elementor-column-gap-default\">\n\t\t\t\t\t<div class=\"elementor-column elementor-col-100 elementor-top-column elementor-element elementor-element-2b0fe48\" data-id=\"2b0fe48\" data-element_type=\"column\" data-e-type=\"column\">\n\t\t\t<div class=\"elementor-widget-wrap elementor-element-populated\">\n\t\t\t\t\t\t<div class=\"elementor-element elementor-element-d4a904b elementor-widget elementor-widget-spacer\" data-id=\"d4a904b\" data-element_type=\"widget\" data-e-type=\"widget\" data-widget_type=\"spacer.default\">\n\t\t\t\t<div class=\"elementor-widget-container\">\n\t\t\t\t\t\t\t<div class=\"elementor-spacer\">\n\t\t\t<div class=\"elementor-spacer-inner\"><\/div>\n\t\t<\/div>\n\t\t\t\t\t\t<\/div>\n\t\t\t\t<\/div>\n\t\t\t\t\t<\/div>\n\t\t<\/div>\n\t\t\t\t\t<\/div>\n\t\t<\/section>\n\t\t\t\t<section class=\"elementor-section elementor-top-section elementor-element elementor-element-9817a5e elementor-section-boxed elementor-section-height-default elementor-section-height-default\" data-id=\"9817a5e\" data-element_type=\"section\" data-e-type=\"section\">\n\t\t\t\t\t\t<div class=\"elementor-container elementor-column-gap-default\">\n\t\t\t\t\t<div class=\"elementor-column elementor-col-100 elementor-top-column elementor-element elementor-element-fe0d37a\" data-id=\"fe0d37a\" data-element_type=\"column\" data-e-type=\"column\">\n\t\t\t<div class=\"elementor-widget-wrap elementor-element-populated\">\n\t\t\t\t\t\t<div class=\"elementor-element elementor-element-20e19ca elementor-widget elementor-widget-text-editor\" data-id=\"20e19ca\" data-element_type=\"widget\" data-e-type=\"widget\" data-widget_type=\"text-editor.default\">\n\t\t\t\t<div class=\"elementor-widget-container\">\n\t\t\t\t\t\t\t\t\t<h3><span style=\"color: #808080;\"><strong>Sant\u00e9 et bien-\u00eatre  <\/strong><\/span><\/h3><p><strong> <\/strong><\/p><p><strong>Bien-\u00eatre des \u00e9tudiants<\/strong><\/p><p>Notre politique d&rsquo;aide sociale aux \u00e9tudiants garantit la d\u00e9signation d&rsquo;un responsable de l&rsquo;aide sociale aux \u00e9tudiants pour les aider en cas d&rsquo;urgence et de difficult\u00e9s. Fournir des services d&rsquo;orientation vers des soins de sant\u00e9 mentale sp\u00e9cialis\u00e9s, si n\u00e9cessaire. <\/p><p>Nous offrons des conseils sur l&rsquo;acc\u00e8s aux services de sant\u00e9 en Irlande et aidons les \u00e9tudiants \u00e0 obtenir des informations sur l&rsquo;assurance maladie et les demandes de remboursement.<\/p><p><strong> <\/strong><\/p><p><strong>St<\/strong><strong>Bien-\u00eatre de l&rsquo;\u00e9tudiant<\/strong><\/p><p>Nous aidons nos \u00e9tudiants \u00e0 s&rsquo;installer dans nos programmes et nos camps. Nous avons un m\u00e9lange vari\u00e9 de types d&rsquo;\u00e9tudiants et de dur\u00e9es de s\u00e9jour. La majorit\u00e9 de nos \u00e9tudiants sont des \u00e9tudiants juniors de courte dur\u00e9e. Nous reconnaissons qu&rsquo;en raison de la bri\u00e8vet\u00e9 de nos cours, nous ne sommes pas toujours en mesure d&rsquo;aider les \u00e9tudiants qui ont des besoins permanents et que la meilleure fa\u00e7on d&rsquo;y r\u00e9pondre est de chercher de l&rsquo;aide aupr\u00e8s de leurs amis et de leur famille. Notre \u00e9quipe s&rsquo;engage \u00e0 \u00eatre \u00e9galement disponible et \u00e0 offrir tout soutien raisonnablement possible. Notre responsable de l&rsquo;aide sociale aux \u00e9tudiants peut vous aider sur des questions pratiques.     <\/p><p>Il arrive que des probl\u00e8mes surgissent et qu&rsquo;ils n\u00e9cessitent l&rsquo;intervention d&rsquo;un sp\u00e9cialiste, un soutien ou des connaissances pour \u00eatre r\u00e9solus. Une partie de ce soutien peut \u00eatre fournie au sein de l&rsquo;organisation. Cependant, la r\u00e9solution de certains types de besoins peut d\u00e9passer les ressources et les capacit\u00e9s internes. Dans ce cas, l&rsquo;\u00e9cole indiquera aux \u00e9tudiants o\u00f9 leurs besoins peuvent \u00eatre satisfaits de mani\u00e8re plus appropri\u00e9e. Dans certaines circonstances, nous conseillons aux \u00e9tudiants et \u00e0 leurs parents de rentrer chez eux pour b\u00e9n\u00e9ficier du soutien dont ils ont besoin. Cela s&rsquo;av\u00e8re particuli\u00e8rement n\u00e9cessaire lorsque des \u00e9tudiants juniors rencontrent des probl\u00e8mes de bien-\u00eatre sans rapport avec nos programmes.    <\/p><p><strong> <\/strong><\/p><p><strong>Politique d&rsquo;\u00e9galit\u00e9, de diversit\u00e9 et d&rsquo;inclusion<\/strong><\/p><p>Nous nous engageons fermement \u00e0 favoriser un environnement d&rsquo;apprentissage et de travail inclusif et \u00e9quitable, o\u00f9 la diversit\u00e9 est c\u00e9l\u00e9br\u00e9e et o\u00f9 tous les individus sont respect\u00e9s, valoris\u00e9s et responsabilis\u00e9s. Notre engagement en faveur de l&rsquo;\u00e9galit\u00e9, de la diversit\u00e9 et de l&rsquo;inclusion (EDI) impr\u00e8gne tous les aspects de nos activit\u00e9s, de l&rsquo;engagement des \u00e9tudiants au recrutement du personnel, en passant par l&rsquo;\u00e9laboration des programmes d&rsquo;\u00e9tudes et l&rsquo;engagement de la communaut\u00e9. \u00c0 l&rsquo;ICE, nous pensons que la diversit\u00e9 enrichit l&rsquo;exp\u00e9rience \u00e9ducative, am\u00e9liore la compr\u00e9hension culturelle et cultive un sentiment d&rsquo;appartenance pour toutes les personnes concern\u00e9es.  <\/p><p> <\/p><p><strong>Sant\u00e9 et s\u00e9curit\u00e9<\/strong><strong> <\/strong><\/p><p>Nous nous engageons, dans la mesure du possible, \u00e0 assurer la s\u00e9curit\u00e9, la sant\u00e9 et le bien-\u00eatre au travail de tous les membres du personnel, des \u00e9tudiants, des sous-traitants, des visiteurs et de toute autre personne de l&rsquo;\u00e9cole susceptible d&rsquo;\u00eatre affect\u00e9e par le travail et les activit\u00e9s de l&rsquo;\u00e9cole.<strong> <\/strong><\/p><p><strong> <\/strong><\/p><p><strong>Sauvegarde<\/strong><strong> <\/strong><\/p><p>La CIE s&rsquo;engage \u00e0 respecter son devoir de diligence en mati\u00e8re de sauvegarde, de protection et de promotion du bien-\u00eatre des enfants et \u00e0 veiller \u00e0 ce que les pratiques de sauvegarde refl\u00e8tent les responsabilit\u00e9s statutaires, les orientations gouvernementales et soient conformes aux meilleures pratiques et aux exigences de l&rsquo;IQQ.<\/p><p> <\/p><p><strong>Soutien et services aux \u00e9tudiants<\/strong><\/p><p>L&rsquo;Irish College of English (ICE) s&rsquo;engage \u00e0 fournir un soutien et des services complets \u00e0 ses \u00e9tudiants internationaux afin d&rsquo;assurer leur bien-\u00eatre, leur r\u00e9ussite universitaire et une exp\u00e9rience globalement positive. Cette politique souligne notre engagement \u00e0 offrir des processus d&rsquo;admission transparents, une orientation, un soutien acad\u00e9mique, des services de bien-\u00eatre pour les \u00e9tudiants, une aide au logement, des initiatives d&rsquo;int\u00e9gration culturelle, des canaux de communication efficaces, le respect des obligations l\u00e9gales et des strat\u00e9gies d&rsquo;am\u00e9lioration continue. <\/p><p> <\/p><p><strong>Politique en mati\u00e8re d&rsquo;allergies, d&rsquo;\u00e9tats pathologiques et de besoins suppl\u00e9mentaires<\/strong><\/p><p>Nous nous engageons \u00e0 fournir un environnement inclusif et accueillant pour tous les \u00e9tudiants. Nous nous effor\u00e7ons de r\u00e9pondre \u00e0 un large \u00e9ventail de besoins ; cependant, en raison de la courte dur\u00e9e de nos programmes (g\u00e9n\u00e9ralement de 1 \u00e0 4 semaines), nous ne sommes pas en mesure de fournir des soins m\u00e9dicaux sp\u00e9cialis\u00e9s ou de superviser les \u00e9tudiants souffrant d&rsquo;allergies, de maladies chroniques ou d&rsquo;autres probl\u00e8mes m\u00e9dicaux, ou ayant des besoins suppl\u00e9mentaires. Bien que nous prenions des mesures raisonnables pour partager les informations pertinentes avec les familles d&rsquo;accueil et le personnel r\u00e9sidentiel, la responsabilit\u00e9 finale de la gestion des conditions m\u00e9dicales et des besoins suppl\u00e9mentaires incombe \u00e0 l&rsquo;\u00e9tudiant et \u00e0 ses parents\/tuteurs\/organisateurs de groupe.  <\/p><p> <\/p><p><strong>Supervision<\/strong><\/p><p>Nos camps encouragent les \u00e9tudiants \u00e0 s&rsquo;immerger activement dans la langue anglaise, \u00e0 interagir avec des Irlandais et d&rsquo;autres adolescents et \u00e0 s&rsquo;amuser gr\u00e2ce \u00e0 des activit\u00e9s et des visites culturelles.<\/p><p>La supervision est un r\u00f4le qui contribue \u00e0 assurer la s\u00e9curit\u00e9 de nos \u00e9l\u00e8ves. Notre philosophie de la supervision est de permettre l&rsquo;exploration et l&rsquo;interaction. Les participants \u00e0 nos camps doivent \u00eatre suffisamment m\u00fbrs pour leur \u00e2ge, ind\u00e9pendants, autonomes et responsables. Nous avons mis en place des politiques et des proc\u00e9dures pour cr\u00e9er une atmosph\u00e8re de camp agr\u00e9able et s\u00fbre, mais la vie comporte des risques inh\u00e9rents et nous demandons \u00e0 tous les \u00e9tudiants de prendre les m\u00eames pr\u00e9cautions et de faire preuve de la m\u00eame prudence que dans leur pays d&rsquo;origine.   <\/p><p>Notre mod\u00e8le de supervision est positif et interactif. Nous ne surveillerons pas les \u00e9l\u00e8ves de mani\u00e8re excessive ou intrusive afin de leur permettre de profiter pleinement de l&rsquo;exp\u00e9rience d&rsquo;un camp. Par cons\u00e9quent, les \u00e9l\u00e8ves peuvent \u00eatre expos\u00e9s \u00e0 des risques, commettre des erreurs ou se blesser pendant le camp.  <\/p><p>Dans tous les camps, les \u00e9l\u00e8ves ont du temps libre sans surveillance. Pendant ce temps, ils pourront s&rsquo;adresser aux membres du personnel ou \u00e0 notre num\u00e9ro de t\u00e9l\u00e9phone d&rsquo;urgence, o\u00f9 un membre de notre personnel est disponible 24 heures par jour. <\/p><p> <\/p><p><strong>Protection de l&rsquo;enfance<\/strong><\/p><p>Tous les membres de notre personnel travaillant directement avec des jeunes ont suivi un cours sur la protection des enfants. La formation sur place sera un rappel concernant la protection des \u00e9l\u00e8ves et les responsabilit\u00e9s du personnel. <\/p><p> <\/p><p><strong>Lignes directrices en mati\u00e8re d&rsquo;h\u00e9bergement<\/strong><\/p><p>Les \u00e9tudiants re\u00e7oivent les directives suivantes en mati\u00e8re d&rsquo;h\u00e9bergement :<\/p><p>Home Stay &#8211; Charte Home Stay<\/p><p>R\u00e9sidentiel &#8211; Internat dans le guide des r\u00e9sidences du manuel de l&rsquo;\u00e9tudiant<\/p><p>Le personnel qui g\u00e8re nos r\u00e9sidences peut consulter ces lignes directrices dans notre manuel du personnel.<\/p><p> <\/p><p><strong>Codes de conduite<\/strong><\/p><p>Nos codes de conduite sont communiqu\u00e9s aux parents\/tuteurs\/chefs de groupe et aux \u00e9l\u00e8ves avant leur arriv\u00e9e par le biais de notre formulaire de r\u00e9servation et de notre manuel de l&rsquo;\u00e9l\u00e8ve. Il est essentiel d&rsquo;\u00e9tablir des r\u00e8gles claires et simples <\/p>\t\t\t\t\t\t\t\t<\/div>\n\t\t\t\t<\/div>\n\t\t\t\t\t<\/div>\n\t\t<\/div>\n\t\t\t\t\t<\/div>\n\t\t<\/section>\n\t\t\t\t<section class=\"elementor-section elementor-top-section elementor-element elementor-element-78eee0e elementor-section-boxed elementor-section-height-default elementor-section-height-default\" data-id=\"78eee0e\" data-element_type=\"section\" data-e-type=\"section\">\n\t\t\t\t\t\t<div class=\"elementor-container elementor-column-gap-default\">\n\t\t\t\t\t<div class=\"elementor-column elementor-col-100 elementor-top-column elementor-element elementor-element-1cdbbea\" data-id=\"1cdbbea\" data-element_type=\"column\" data-e-type=\"column\">\n\t\t\t<div class=\"elementor-widget-wrap elementor-element-populated\">\n\t\t\t\t\t\t<div class=\"elementor-element elementor-element-ba89721 elementor-widget elementor-widget-spacer\" data-id=\"ba89721\" data-element_type=\"widget\" data-e-type=\"widget\" data-widget_type=\"spacer.default\">\n\t\t\t\t<div class=\"elementor-widget-container\">\n\t\t\t\t\t\t\t<div class=\"elementor-spacer\">\n\t\t\t<div class=\"elementor-spacer-inner\"><\/div>\n\t\t<\/div>\n\t\t\t\t\t\t<\/div>\n\t\t\t\t<\/div>\n\t\t\t\t\t<\/div>\n\t\t<\/div>\n\t\t\t\t\t<\/div>\n\t\t<\/section>\n\t\t\t\t<section class=\"elementor-section elementor-top-section elementor-element elementor-element-d39cfef elementor-section-boxed elementor-section-height-default elementor-section-height-default\" data-id=\"d39cfef\" data-element_type=\"section\" data-e-type=\"section\">\n\t\t\t\t\t\t<div class=\"elementor-container elementor-column-gap-default\">\n\t\t\t\t\t<div class=\"elementor-column elementor-col-100 elementor-top-column elementor-element elementor-element-3ebc0a2\" data-id=\"3ebc0a2\" data-element_type=\"column\" data-e-type=\"column\">\n\t\t\t<div class=\"elementor-widget-wrap elementor-element-populated\">\n\t\t\t\t\t\t<div class=\"elementor-element elementor-element-c4f2735 elementor-widget elementor-widget-image\" data-id=\"c4f2735\" data-element_type=\"widget\" data-e-type=\"widget\" data-widget_type=\"image.default\">\n\t\t\t\t<div class=\"elementor-widget-container\">\n\t\t\t\t\t\t\t\t\t\t\t\t\t\t\t<img fetchpriority=\"high\" decoding=\"async\" width=\"1448\" height=\"2048\" src=\"https:\/\/www.iceireland.com\/wp-content\/uploads\/2025\/11\/Student-Support-ICE-1448x2048.png\" class=\"attachment-2048x2048 size-2048x2048 wp-image-31635\" alt=\"\" srcset=\"https:\/\/www.iceireland.com\/wp-content\/uploads\/2025\/11\/Student-Support-ICE-1448x2048.png 1448w, https:\/\/www.iceireland.com\/wp-content\/uploads\/2025\/11\/Student-Support-ICE-212x300.png 212w, https:\/\/www.iceireland.com\/wp-content\/uploads\/2025\/11\/Student-Support-ICE-724x1024.png 724w, https:\/\/www.iceireland.com\/wp-content\/uploads\/2025\/11\/Student-Support-ICE-768x1086.png 768w, https:\/\/www.iceireland.com\/wp-content\/uploads\/2025\/11\/Student-Support-ICE-1086x1536.png 1086w, https:\/\/www.iceireland.com\/wp-content\/uploads\/2025\/11\/Student-Support-ICE.png 1655w\" sizes=\"(max-width: 1448px) 100vw, 1448px\" \/>\t\t\t\t\t\t\t\t\t\t\t\t\t\t\t<\/div>\n\t\t\t\t<\/div>\n\t\t\t\t\t<\/div>\n\t\t<\/div>\n\t\t\t\t\t<\/div>\n\t\t<\/section>\n\t\t\t\t<section class=\"elementor-section elementor-top-section elementor-element elementor-element-52aebab elementor-section-boxed elementor-section-height-default elementor-section-height-default\" data-id=\"52aebab\" data-element_type=\"section\" data-e-type=\"section\">\n\t\t\t\t\t\t<div class=\"elementor-container elementor-column-gap-default\">\n\t\t\t\t\t<div class=\"elementor-column elementor-col-100 elementor-top-column elementor-element elementor-element-1c80ec8\" data-id=\"1c80ec8\" data-element_type=\"column\" data-e-type=\"column\">\n\t\t\t<div class=\"elementor-widget-wrap elementor-element-populated\">\n\t\t\t\t\t\t<div class=\"elementor-element elementor-element-54893ad elementor-widget elementor-widget-spacer\" data-id=\"54893ad\" data-element_type=\"widget\" data-e-type=\"widget\" data-widget_type=\"spacer.default\">\n\t\t\t\t<div class=\"elementor-widget-container\">\n\t\t\t\t\t\t\t<div class=\"elementor-spacer\">\n\t\t\t<div class=\"elementor-spacer-inner\"><\/div>\n\t\t<\/div>\n\t\t\t\t\t\t<\/div>\n\t\t\t\t<\/div>\n\t\t\t\t\t<\/div>\n\t\t<\/div>\n\t\t\t\t\t<\/div>\n\t\t<\/section>\n\t\t\t\t<\/div>\n\t\t","protected":false},"excerpt":{"rendered":"<p>Sant\u00e9 et bien-\u00eatre Bien-\u00eatre des \u00e9tudiants Notre politique d&rsquo;aide sociale aux \u00e9tudiants garantit la d\u00e9signation d&rsquo;un responsable de l&rsquo;aide sociale aux \u00e9tudiants pour les aider en cas d&rsquo;urgence et de difficult\u00e9s. Fournir des services d&rsquo;orientation vers des soins de sant\u00e9 mentale sp\u00e9cialis\u00e9s, si n\u00e9cessaire. Nous offrons des conseils sur l&rsquo;acc\u00e8s aux services de sant\u00e9 en [&hellip;]<\/p>\n","protected":false},"author":3,"featured_media":0,"parent":0,"menu_order":0,"comment_status":"closed","ping_status":"closed","template":"","meta":{"content-type":"","footnotes":""},"class_list":["post-33082","page","type-page","status-publish","hentry"],"yoast_head":"<!-- This site is optimized with the Yoast SEO plugin v27.3 - https:\/\/yoast.com\/product\/yoast-seo-wordpress\/ -->\n<title>Sant\u00e9 et bien-\u00eatre - Irish College of English<\/title>\n<meta name=\"robots\" content=\"index, follow, max-snippet:-1, max-image-preview:large, max-video-preview:-1\" \/>\n<link rel=\"canonical\" href=\"https:\/\/www.iceireland.com\/fr\/health-and-wellbeing\/\" \/>\n<meta property=\"og:locale\" content=\"fr_FR\" \/>\n<meta property=\"og:type\" content=\"article\" \/>\n<meta property=\"og:title\" content=\"Sant\u00e9 et bien-\u00eatre - Irish College of English\" \/>\n<meta property=\"og:description\" content=\"Sant\u00e9 et bien-\u00eatre Bien-\u00eatre des \u00e9tudiants Notre politique d&rsquo;aide sociale aux \u00e9tudiants garantit la d\u00e9signation d&rsquo;un responsable de l&rsquo;aide sociale aux \u00e9tudiants pour les aider en cas d&rsquo;urgence et de difficult\u00e9s. Fournir des services d&rsquo;orientation vers des soins de sant\u00e9 mentale sp\u00e9cialis\u00e9s, si n\u00e9cessaire. Nous offrons des conseils sur l&rsquo;acc\u00e8s aux services de sant\u00e9 en [&hellip;]\" \/>\n<meta property=\"og:url\" content=\"https:\/\/www.iceireland.com\/fr\/health-and-wellbeing\/\" \/>\n<meta property=\"og:site_name\" content=\"Irish College of English\" \/>\n<meta property=\"article:modified_time\" content=\"2026-01-30T18:25:52+00:00\" \/>\n<meta property=\"og:image\" content=\"https:\/\/www.iceireland.com\/wp-content\/uploads\/2025\/11\/Student-Support-ICE.png\" \/>\n\t<meta property=\"og:image:width\" content=\"1655\" \/>\n\t<meta property=\"og:image:height\" content=\"2340\" \/>\n\t<meta property=\"og:image:type\" content=\"image\/png\" \/>\n<meta name=\"twitter:label1\" content=\"Dur\u00e9e de lecture estim\u00e9e\" \/>\n\t<meta name=\"twitter:data1\" content=\"6 minutes\" \/>\n<script type=\"application\/ld+json\" class=\"yoast-schema-graph\">{\"@context\":\"https:\\\/\\\/schema.org\",\"@graph\":[{\"@type\":\"WebPage\",\"@id\":\"https:\\\/\\\/www.iceireland.com\\\/fr\\\/health-and-wellbeing\\\/\",\"url\":\"https:\\\/\\\/www.iceireland.com\\\/fr\\\/health-and-wellbeing\\\/\",\"name\":\"Sant\u00e9 et bien-\u00eatre - Irish College of English\",\"isPartOf\":{\"@id\":\"https:\\\/\\\/www.iceireland.com\\\/fr\\\/#website\"},\"primaryImageOfPage\":{\"@id\":\"https:\\\/\\\/www.iceireland.com\\\/fr\\\/health-and-wellbeing\\\/#primaryimage\"},\"image\":{\"@id\":\"https:\\\/\\\/www.iceireland.com\\\/fr\\\/health-and-wellbeing\\\/#primaryimage\"},\"thumbnailUrl\":\"https:\\\/\\\/www.iceireland.com\\\/wp-content\\\/uploads\\\/2025\\\/11\\\/Student-Support-ICE-1448x2048.png\",\"datePublished\":\"2025-08-27T17:58:07+00:00\",\"dateModified\":\"2026-01-30T18:25:52+00:00\",\"breadcrumb\":{\"@id\":\"https:\\\/\\\/www.iceireland.com\\\/fr\\\/health-and-wellbeing\\\/#breadcrumb\"},\"inLanguage\":\"fr-FR\",\"potentialAction\":[{\"@type\":\"ReadAction\",\"target\":[\"https:\\\/\\\/www.iceireland.com\\\/fr\\\/health-and-wellbeing\\\/\"]}]},{\"@type\":\"ImageObject\",\"inLanguage\":\"fr-FR\",\"@id\":\"https:\\\/\\\/www.iceireland.com\\\/fr\\\/health-and-wellbeing\\\/#primaryimage\",\"url\":\"https:\\\/\\\/www.iceireland.com\\\/wp-content\\\/uploads\\\/2025\\\/11\\\/Student-Support-ICE-1448x2048.png\",\"contentUrl\":\"https:\\\/\\\/www.iceireland.com\\\/wp-content\\\/uploads\\\/2025\\\/11\\\/Student-Support-ICE-1448x2048.png\"},{\"@type\":\"BreadcrumbList\",\"@id\":\"https:\\\/\\\/www.iceireland.com\\\/fr\\\/health-and-wellbeing\\\/#breadcrumb\",\"itemListElement\":[{\"@type\":\"ListItem\",\"position\":1,\"name\":\"Home\",\"item\":\"https:\\\/\\\/www.iceireland.com\\\/fr\\\/\"},{\"@type\":\"ListItem\",\"position\":2,\"name\":\"Sant\u00e9 et bien-\u00eatre\"}]},{\"@type\":\"WebSite\",\"@id\":\"https:\\\/\\\/www.iceireland.com\\\/fr\\\/#website\",\"url\":\"https:\\\/\\\/www.iceireland.com\\\/fr\\\/\",\"name\":\"Irish College of English\",\"description\":\"English School in Dublin, Malahide\",\"publisher\":{\"@id\":\"https:\\\/\\\/www.iceireland.com\\\/fr\\\/#organization\"},\"potentialAction\":[{\"@type\":\"SearchAction\",\"target\":{\"@type\":\"EntryPoint\",\"urlTemplate\":\"https:\\\/\\\/www.iceireland.com\\\/fr\\\/?s={search_term_string}\"},\"query-input\":{\"@type\":\"PropertyValueSpecification\",\"valueRequired\":true,\"valueName\":\"search_term_string\"}}],\"inLanguage\":\"fr-FR\"},{\"@type\":\"Organization\",\"@id\":\"https:\\\/\\\/www.iceireland.com\\\/fr\\\/#organization\",\"name\":\"Irish College of English\",\"url\":\"https:\\\/\\\/www.iceireland.com\\\/fr\\\/\",\"logo\":{\"@type\":\"ImageObject\",\"inLanguage\":\"fr-FR\",\"@id\":\"https:\\\/\\\/www.iceireland.com\\\/fr\\\/#\\\/schema\\\/logo\\\/image\\\/\",\"url\":\"https:\\\/\\\/www.iceireland.com\\\/wp-content\\\/uploads\\\/2022\\\/03\\\/logo.png\",\"contentUrl\":\"https:\\\/\\\/www.iceireland.com\\\/wp-content\\\/uploads\\\/2022\\\/03\\\/logo.png\",\"width\":593,\"height\":92,\"caption\":\"Irish College of English\"},\"image\":{\"@id\":\"https:\\\/\\\/www.iceireland.com\\\/fr\\\/#\\\/schema\\\/logo\\\/image\\\/\"}}]}<\/script>\n<!-- \/ Yoast SEO plugin. -->","yoast_head_json":{"title":"Sant\u00e9 et bien-\u00eatre - Irish College of English","robots":{"index":"index","follow":"follow","max-snippet":"max-snippet:-1","max-image-preview":"max-image-preview:large","max-video-preview":"max-video-preview:-1"},"canonical":"https:\/\/www.iceireland.com\/fr\/health-and-wellbeing\/","og_locale":"fr_FR","og_type":"article","og_title":"Sant\u00e9 et bien-\u00eatre - Irish College of English","og_description":"Sant\u00e9 et bien-\u00eatre Bien-\u00eatre des \u00e9tudiants Notre politique d&rsquo;aide sociale aux \u00e9tudiants garantit la d\u00e9signation d&rsquo;un responsable de l&rsquo;aide sociale aux \u00e9tudiants pour les aider en cas d&rsquo;urgence et de difficult\u00e9s. Fournir des services d&rsquo;orientation vers des soins de sant\u00e9 mentale sp\u00e9cialis\u00e9s, si n\u00e9cessaire. Nous offrons des conseils sur l&rsquo;acc\u00e8s aux services de sant\u00e9 en [&hellip;]","og_url":"https:\/\/www.iceireland.com\/fr\/health-and-wellbeing\/","og_site_name":"Irish College of English","article_modified_time":"2026-01-30T18:25:52+00:00","og_image":[{"width":1655,"height":2340,"url":"https:\/\/www.iceireland.com\/wp-content\/uploads\/2025\/11\/Student-Support-ICE.png","type":"image\/png"}],"twitter_misc":{"Dur\u00e9e de lecture estim\u00e9e":"6 minutes"},"schema":{"@context":"https:\/\/schema.org","@graph":[{"@type":"WebPage","@id":"https:\/\/www.iceireland.com\/fr\/health-and-wellbeing\/","url":"https:\/\/www.iceireland.com\/fr\/health-and-wellbeing\/","name":"Sant\u00e9 et bien-\u00eatre - Irish College of English","isPartOf":{"@id":"https:\/\/www.iceireland.com\/fr\/#website"},"primaryImageOfPage":{"@id":"https:\/\/www.iceireland.com\/fr\/health-and-wellbeing\/#primaryimage"},"image":{"@id":"https:\/\/www.iceireland.com\/fr\/health-and-wellbeing\/#primaryimage"},"thumbnailUrl":"https:\/\/www.iceireland.com\/wp-content\/uploads\/2025\/11\/Student-Support-ICE-1448x2048.png","datePublished":"2025-08-27T17:58:07+00:00","dateModified":"2026-01-30T18:25:52+00:00","breadcrumb":{"@id":"https:\/\/www.iceireland.com\/fr\/health-and-wellbeing\/#breadcrumb"},"inLanguage":"fr-FR","potentialAction":[{"@type":"ReadAction","target":["https:\/\/www.iceireland.com\/fr\/health-and-wellbeing\/"]}]},{"@type":"ImageObject","inLanguage":"fr-FR","@id":"https:\/\/www.iceireland.com\/fr\/health-and-wellbeing\/#primaryimage","url":"https:\/\/www.iceireland.com\/wp-content\/uploads\/2025\/11\/Student-Support-ICE-1448x2048.png","contentUrl":"https:\/\/www.iceireland.com\/wp-content\/uploads\/2025\/11\/Student-Support-ICE-1448x2048.png"},{"@type":"BreadcrumbList","@id":"https:\/\/www.iceireland.com\/fr\/health-and-wellbeing\/#breadcrumb","itemListElement":[{"@type":"ListItem","position":1,"name":"Home","item":"https:\/\/www.iceireland.com\/fr\/"},{"@type":"ListItem","position":2,"name":"Sant\u00e9 et bien-\u00eatre"}]},{"@type":"WebSite","@id":"https:\/\/www.iceireland.com\/fr\/#website","url":"https:\/\/www.iceireland.com\/fr\/","name":"Irish College of English","description":"English School in Dublin, Malahide","publisher":{"@id":"https:\/\/www.iceireland.com\/fr\/#organization"},"potentialAction":[{"@type":"SearchAction","target":{"@type":"EntryPoint","urlTemplate":"https:\/\/www.iceireland.com\/fr\/?s={search_term_string}"},"query-input":{"@type":"PropertyValueSpecification","valueRequired":true,"valueName":"search_term_string"}}],"inLanguage":"fr-FR"},{"@type":"Organization","@id":"https:\/\/www.iceireland.com\/fr\/#organization","name":"Irish College of English","url":"https:\/\/www.iceireland.com\/fr\/","logo":{"@type":"ImageObject","inLanguage":"fr-FR","@id":"https:\/\/www.iceireland.com\/fr\/#\/schema\/logo\/image\/","url":"https:\/\/www.iceireland.com\/wp-content\/uploads\/2022\/03\/logo.png","contentUrl":"https:\/\/www.iceireland.com\/wp-content\/uploads\/2022\/03\/logo.png","width":593,"height":92,"caption":"Irish College of English"},"image":{"@id":"https:\/\/www.iceireland.com\/fr\/#\/schema\/logo\/image\/"}}]}},"_links":{"self":[{"href":"https:\/\/www.iceireland.com\/fr\/wp-json\/wp\/v2\/pages\/33082","targetHints":{"allow":["GET"]}}],"collection":[{"href":"https:\/\/www.iceireland.com\/fr\/wp-json\/wp\/v2\/pages"}],"about":[{"href":"https:\/\/www.iceireland.com\/fr\/wp-json\/wp\/v2\/types\/page"}],"author":[{"embeddable":true,"href":"https:\/\/www.iceireland.com\/fr\/wp-json\/wp\/v2\/users\/3"}],"replies":[{"embeddable":true,"href":"https:\/\/www.iceireland.com\/fr\/wp-json\/wp\/v2\/comments?post=33082"}],"version-history":[{"count":1,"href":"https:\/\/www.iceireland.com\/fr\/wp-json\/wp\/v2\/pages\/33082\/revisions"}],"predecessor-version":[{"id":33084,"href":"https:\/\/www.iceireland.com\/fr\/wp-json\/wp\/v2\/pages\/33082\/revisions\/33084"}],"wp:attachment":[{"href":"https:\/\/www.iceireland.com\/fr\/wp-json\/wp\/v2\/media?parent=33082"}],"curies":[{"name":"wp","href":"https:\/\/api.w.org\/{rel}","templated":true}]}}