{"id":33108,"date":"2025-07-28T10:34:51","date_gmt":"2025-07-28T10:34:51","guid":{"rendered":"https:\/\/www.iceireland.com\/student-handbooks-pre-arrival-information\/"},"modified":"2026-01-30T18:25:59","modified_gmt":"2026-01-30T18:25:59","slug":"student-handbooks-pre-arrival-information","status":"publish","type":"page","link":"https:\/\/www.iceireland.com\/fr\/student-handbooks-pre-arrival-information\/","title":{"rendered":"Manuels de l&rsquo;\u00e9tudiant et informations pr\u00e9alables \u00e0 l&rsquo;arriv\u00e9e"},"content":{"rendered":"\t\t<div data-elementor-type=\"wp-page\" data-elementor-id=\"33108\" class=\"elementor elementor-33108 elementor-29704\" data-elementor-post-type=\"page\">\n\t\t\t\t\t\t<section class=\"elementor-section elementor-top-section elementor-element elementor-element-6040813 elementor-section-boxed elementor-section-height-default elementor-section-height-default\" data-id=\"6040813\" data-element_type=\"section\" data-e-type=\"section\">\n\t\t\t\t\t\t<div class=\"elementor-container elementor-column-gap-default\">\n\t\t\t\t\t<div class=\"elementor-column elementor-col-100 elementor-top-column elementor-element elementor-element-4256457\" data-id=\"4256457\" data-element_type=\"column\" data-e-type=\"column\">\n\t\t\t<div class=\"elementor-widget-wrap elementor-element-populated\">\n\t\t\t\t\t\t<div class=\"elementor-element elementor-element-82382b1 elementor-widget elementor-widget-text-editor\" data-id=\"82382b1\" data-element_type=\"widget\" data-e-type=\"widget\" data-widget_type=\"text-editor.default\">\n\t\t\t\t<div class=\"elementor-widget-container\">\n\t\t\t\t\t\t\t\t\t<h2>Manuel de l&rsquo;\u00e9tudiant et pr\u00e9-arriv\u00e9e<\/h2><p class=\"MsoNormal\"><span lang=\"EN-GB\">Informations pr\u00e9alables \u00e0 l&rsquo;arriv\u00e9e :<\/span><\/p><ul style=\"margin-top: 0cm;\" type=\"disc\"><li class=\"MsoNormal\"><span lang=\"EN-GB\">Fournit des informations d\u00e9taill\u00e9es aux \u00e9tudiants potentiels par le biais de mat\u00e9riel de marketing public, y compris des brochures, du contenu de site web et des plateformes de m\u00e9dias sociaux.<\/span><\/li><\/ul><ul style=\"margin-top: 0cm;\" type=\"disc\"><li class=\"MsoNormal\"><span lang=\"EN-GB\">Avant leur arriv\u00e9e, les \u00e9tudiants re\u00e7oivent des documents importants, notamment des informations sur l&rsquo;h\u00e9bergement, les contacts en cas d&rsquo;urgence, les proc\u00e9dures d&rsquo;arriv\u00e9e, les horaires, les transferts depuis l&rsquo;a\u00e9roport et les tests pr\u00e9alables \u00e0 l&rsquo;arriv\u00e9e.<\/span><\/li><\/ul><ul style=\"margin-top: 0cm;\" type=\"disc\"><li class=\"MsoNormal\"><span lang=\"EN-GB\">Tous les \u00e9tudiants recevront \u00e9galement un manuel de l&rsquo;\u00e9tudiant avant leur arriv\u00e9e.  <\/span><\/li><\/ul>\t\t\t\t\t\t\t\t<\/div>\n\t\t\t\t<\/div>\n\t\t\t\t\t<\/div>\n\t\t<\/div>\n\t\t\t\t\t<\/div>\n\t\t<\/section>\n\t\t\t\t<section class=\"elementor-section elementor-top-section elementor-element elementor-element-1e4ce2d elementor-section-boxed elementor-section-height-default elementor-section-height-default\" data-id=\"1e4ce2d\" data-element_type=\"section\" data-e-type=\"section\">\n\t\t\t\t\t\t<div class=\"elementor-container elementor-column-gap-default\">\n\t\t\t\t\t<div class=\"elementor-column elementor-col-100 elementor-top-column elementor-element elementor-element-f85982c\" data-id=\"f85982c\" data-element_type=\"column\" data-e-type=\"column\">\n\t\t\t<div class=\"elementor-widget-wrap elementor-element-populated\">\n\t\t\t\t\t\t<div class=\"elementor-element elementor-element-189f343 elementor-widget elementor-widget-spacer\" data-id=\"189f343\" data-element_type=\"widget\" data-e-type=\"widget\" data-widget_type=\"spacer.default\">\n\t\t\t\t<div class=\"elementor-widget-container\">\n\t\t\t\t\t\t\t<div class=\"elementor-spacer\">\n\t\t\t<div class=\"elementor-spacer-inner\"><\/div>\n\t\t<\/div>\n\t\t\t\t\t\t<\/div>\n\t\t\t\t<\/div>\n\t\t\t\t\t<\/div>\n\t\t<\/div>\n\t\t\t\t\t<\/div>\n\t\t<\/section>\n\t\t\t\t<\/div>\n\t\t","protected":false},"excerpt":{"rendered":"<p>Manuel de l&rsquo;\u00e9tudiant et pr\u00e9-arriv\u00e9e Informations pr\u00e9alables \u00e0 l&rsquo;arriv\u00e9e : Fournit des informations d\u00e9taill\u00e9es aux \u00e9tudiants potentiels par le biais de mat\u00e9riel de marketing public, y compris des brochures, du contenu de site web et des plateformes de m\u00e9dias sociaux. Avant leur arriv\u00e9e, les \u00e9tudiants re\u00e7oivent des documents importants, notamment des informations sur l&rsquo;h\u00e9bergement, les [&hellip;]<\/p>\n","protected":false},"author":3,"featured_media":0,"parent":0,"menu_order":0,"comment_status":"closed","ping_status":"closed","template":"","meta":{"content-type":"","footnotes":""},"class_list":["post-33108","page","type-page","status-publish","hentry"],"yoast_head":"<!-- This site is optimized with the Yoast SEO plugin v27.3 - https:\/\/yoast.com\/product\/yoast-seo-wordpress\/ -->\n<title>Manuels de l&#039;\u00e9tudiant et informations pr\u00e9alables \u00e0 l&#039;arriv\u00e9e - Irish College of English<\/title>\n<meta name=\"robots\" content=\"index, follow, max-snippet:-1, max-image-preview:large, max-video-preview:-1\" \/>\n<link rel=\"canonical\" href=\"https:\/\/www.iceireland.com\/fr\/student-handbooks-pre-arrival-information\/\" \/>\n<meta property=\"og:locale\" content=\"fr_FR\" \/>\n<meta property=\"og:type\" content=\"article\" \/>\n<meta property=\"og:title\" content=\"Manuels de l&#039;\u00e9tudiant et informations pr\u00e9alables \u00e0 l&#039;arriv\u00e9e - Irish College of English\" \/>\n<meta property=\"og:description\" content=\"Manuel de l&rsquo;\u00e9tudiant et pr\u00e9-arriv\u00e9e Informations pr\u00e9alables \u00e0 l&rsquo;arriv\u00e9e : Fournit des informations d\u00e9taill\u00e9es aux \u00e9tudiants potentiels par le biais de mat\u00e9riel de marketing public, y compris des brochures, du contenu de site web et des plateformes de m\u00e9dias sociaux. Avant leur arriv\u00e9e, les \u00e9tudiants re\u00e7oivent des documents importants, notamment des informations sur l&rsquo;h\u00e9bergement, les [&hellip;]\" \/>\n<meta property=\"og:url\" content=\"https:\/\/www.iceireland.com\/fr\/student-handbooks-pre-arrival-information\/\" \/>\n<meta property=\"og:site_name\" content=\"Irish College of English\" \/>\n<meta property=\"article:modified_time\" content=\"2026-01-30T18:25:59+00:00\" \/>\n<meta name=\"twitter:label1\" content=\"Dur\u00e9e de lecture estim\u00e9e\" \/>\n\t<meta name=\"twitter:data1\" content=\"1 minute\" \/>\n<script type=\"application\/ld+json\" class=\"yoast-schema-graph\">{\"@context\":\"https:\\\/\\\/schema.org\",\"@graph\":[{\"@type\":\"WebPage\",\"@id\":\"https:\\\/\\\/www.iceireland.com\\\/fr\\\/student-handbooks-pre-arrival-information\\\/\",\"url\":\"https:\\\/\\\/www.iceireland.com\\\/fr\\\/student-handbooks-pre-arrival-information\\\/\",\"name\":\"Manuels de l'\u00e9tudiant et informations pr\u00e9alables \u00e0 l'arriv\u00e9e - Irish College of English\",\"isPartOf\":{\"@id\":\"https:\\\/\\\/www.iceireland.com\\\/fr\\\/#website\"},\"datePublished\":\"2025-07-28T10:34:51+00:00\",\"dateModified\":\"2026-01-30T18:25:59+00:00\",\"breadcrumb\":{\"@id\":\"https:\\\/\\\/www.iceireland.com\\\/fr\\\/student-handbooks-pre-arrival-information\\\/#breadcrumb\"},\"inLanguage\":\"fr-FR\",\"potentialAction\":[{\"@type\":\"ReadAction\",\"target\":[\"https:\\\/\\\/www.iceireland.com\\\/fr\\\/student-handbooks-pre-arrival-information\\\/\"]}]},{\"@type\":\"BreadcrumbList\",\"@id\":\"https:\\\/\\\/www.iceireland.com\\\/fr\\\/student-handbooks-pre-arrival-information\\\/#breadcrumb\",\"itemListElement\":[{\"@type\":\"ListItem\",\"position\":1,\"name\":\"Home\",\"item\":\"https:\\\/\\\/www.iceireland.com\\\/fr\\\/\"},{\"@type\":\"ListItem\",\"position\":2,\"name\":\"Manuels de l&#8217;\u00e9tudiant et informations pr\u00e9alables \u00e0 l&#8217;arriv\u00e9e\"}]},{\"@type\":\"WebSite\",\"@id\":\"https:\\\/\\\/www.iceireland.com\\\/fr\\\/#website\",\"url\":\"https:\\\/\\\/www.iceireland.com\\\/fr\\\/\",\"name\":\"Irish College of English\",\"description\":\"English School in Dublin, Malahide\",\"publisher\":{\"@id\":\"https:\\\/\\\/www.iceireland.com\\\/fr\\\/#organization\"},\"potentialAction\":[{\"@type\":\"SearchAction\",\"target\":{\"@type\":\"EntryPoint\",\"urlTemplate\":\"https:\\\/\\\/www.iceireland.com\\\/fr\\\/?s={search_term_string}\"},\"query-input\":{\"@type\":\"PropertyValueSpecification\",\"valueRequired\":true,\"valueName\":\"search_term_string\"}}],\"inLanguage\":\"fr-FR\"},{\"@type\":\"Organization\",\"@id\":\"https:\\\/\\\/www.iceireland.com\\\/fr\\\/#organization\",\"name\":\"Irish College of English\",\"url\":\"https:\\\/\\\/www.iceireland.com\\\/fr\\\/\",\"logo\":{\"@type\":\"ImageObject\",\"inLanguage\":\"fr-FR\",\"@id\":\"https:\\\/\\\/www.iceireland.com\\\/fr\\\/#\\\/schema\\\/logo\\\/image\\\/\",\"url\":\"https:\\\/\\\/www.iceireland.com\\\/wp-content\\\/uploads\\\/2022\\\/03\\\/logo.png\",\"contentUrl\":\"https:\\\/\\\/www.iceireland.com\\\/wp-content\\\/uploads\\\/2022\\\/03\\\/logo.png\",\"width\":593,\"height\":92,\"caption\":\"Irish College of English\"},\"image\":{\"@id\":\"https:\\\/\\\/www.iceireland.com\\\/fr\\\/#\\\/schema\\\/logo\\\/image\\\/\"}}]}<\/script>\n<!-- \/ Yoast SEO plugin. -->","yoast_head_json":{"title":"Manuels de l'\u00e9tudiant et informations pr\u00e9alables \u00e0 l'arriv\u00e9e - Irish College of English","robots":{"index":"index","follow":"follow","max-snippet":"max-snippet:-1","max-image-preview":"max-image-preview:large","max-video-preview":"max-video-preview:-1"},"canonical":"https:\/\/www.iceireland.com\/fr\/student-handbooks-pre-arrival-information\/","og_locale":"fr_FR","og_type":"article","og_title":"Manuels de l'\u00e9tudiant et informations pr\u00e9alables \u00e0 l'arriv\u00e9e - Irish College of English","og_description":"Manuel de l&rsquo;\u00e9tudiant et pr\u00e9-arriv\u00e9e Informations pr\u00e9alables \u00e0 l&rsquo;arriv\u00e9e : Fournit des informations d\u00e9taill\u00e9es aux \u00e9tudiants potentiels par le biais de mat\u00e9riel de marketing public, y compris des brochures, du contenu de site web et des plateformes de m\u00e9dias sociaux. Avant leur arriv\u00e9e, les \u00e9tudiants re\u00e7oivent des documents importants, notamment des informations sur l&rsquo;h\u00e9bergement, les [&hellip;]","og_url":"https:\/\/www.iceireland.com\/fr\/student-handbooks-pre-arrival-information\/","og_site_name":"Irish College of English","article_modified_time":"2026-01-30T18:25:59+00:00","twitter_misc":{"Dur\u00e9e de lecture estim\u00e9e":"1 minute"},"schema":{"@context":"https:\/\/schema.org","@graph":[{"@type":"WebPage","@id":"https:\/\/www.iceireland.com\/fr\/student-handbooks-pre-arrival-information\/","url":"https:\/\/www.iceireland.com\/fr\/student-handbooks-pre-arrival-information\/","name":"Manuels de l'\u00e9tudiant et informations pr\u00e9alables \u00e0 l'arriv\u00e9e - Irish College of English","isPartOf":{"@id":"https:\/\/www.iceireland.com\/fr\/#website"},"datePublished":"2025-07-28T10:34:51+00:00","dateModified":"2026-01-30T18:25:59+00:00","breadcrumb":{"@id":"https:\/\/www.iceireland.com\/fr\/student-handbooks-pre-arrival-information\/#breadcrumb"},"inLanguage":"fr-FR","potentialAction":[{"@type":"ReadAction","target":["https:\/\/www.iceireland.com\/fr\/student-handbooks-pre-arrival-information\/"]}]},{"@type":"BreadcrumbList","@id":"https:\/\/www.iceireland.com\/fr\/student-handbooks-pre-arrival-information\/#breadcrumb","itemListElement":[{"@type":"ListItem","position":1,"name":"Home","item":"https:\/\/www.iceireland.com\/fr\/"},{"@type":"ListItem","position":2,"name":"Manuels de l&#8217;\u00e9tudiant et informations pr\u00e9alables \u00e0 l&#8217;arriv\u00e9e"}]},{"@type":"WebSite","@id":"https:\/\/www.iceireland.com\/fr\/#website","url":"https:\/\/www.iceireland.com\/fr\/","name":"Irish College of English","description":"English School in Dublin, Malahide","publisher":{"@id":"https:\/\/www.iceireland.com\/fr\/#organization"},"potentialAction":[{"@type":"SearchAction","target":{"@type":"EntryPoint","urlTemplate":"https:\/\/www.iceireland.com\/fr\/?s={search_term_string}"},"query-input":{"@type":"PropertyValueSpecification","valueRequired":true,"valueName":"search_term_string"}}],"inLanguage":"fr-FR"},{"@type":"Organization","@id":"https:\/\/www.iceireland.com\/fr\/#organization","name":"Irish College of English","url":"https:\/\/www.iceireland.com\/fr\/","logo":{"@type":"ImageObject","inLanguage":"fr-FR","@id":"https:\/\/www.iceireland.com\/fr\/#\/schema\/logo\/image\/","url":"https:\/\/www.iceireland.com\/wp-content\/uploads\/2022\/03\/logo.png","contentUrl":"https:\/\/www.iceireland.com\/wp-content\/uploads\/2022\/03\/logo.png","width":593,"height":92,"caption":"Irish College of English"},"image":{"@id":"https:\/\/www.iceireland.com\/fr\/#\/schema\/logo\/image\/"}}]}},"_links":{"self":[{"href":"https:\/\/www.iceireland.com\/fr\/wp-json\/wp\/v2\/pages\/33108","targetHints":{"allow":["GET"]}}],"collection":[{"href":"https:\/\/www.iceireland.com\/fr\/wp-json\/wp\/v2\/pages"}],"about":[{"href":"https:\/\/www.iceireland.com\/fr\/wp-json\/wp\/v2\/types\/page"}],"author":[{"embeddable":true,"href":"https:\/\/www.iceireland.com\/fr\/wp-json\/wp\/v2\/users\/3"}],"replies":[{"embeddable":true,"href":"https:\/\/www.iceireland.com\/fr\/wp-json\/wp\/v2\/comments?post=33108"}],"version-history":[{"count":1,"href":"https:\/\/www.iceireland.com\/fr\/wp-json\/wp\/v2\/pages\/33108\/revisions"}],"predecessor-version":[{"id":33109,"href":"https:\/\/www.iceireland.com\/fr\/wp-json\/wp\/v2\/pages\/33108\/revisions\/33109"}],"wp:attachment":[{"href":"https:\/\/www.iceireland.com\/fr\/wp-json\/wp\/v2\/media?parent=33108"}],"curies":[{"name":"wp","href":"https:\/\/api.w.org\/{rel}","templated":true}]}}