{"id":33120,"date":"2025-05-27T15:16:31","date_gmt":"2025-05-27T15:16:31","guid":{"rendered":"https:\/\/www.iceireland.com\/home-v2\/"},"modified":"2026-01-30T18:26:03","modified_gmt":"2026-01-30T18:26:03","slug":"home-v2","status":"publish","type":"page","link":"https:\/\/www.iceireland.com\/fr\/home-v2\/","title":{"rendered":"HOME V2"},"content":{"rendered":"\t\t<div data-elementor-type=\"wp-page\" data-elementor-id=\"33120\" class=\"elementor elementor-33120 elementor-29543\" data-elementor-post-type=\"page\">\n\t\t\t\t\t\t<section class=\"elementor-section elementor-top-section elementor-element elementor-element-36c22ca elementor-section-content-middle elementor-section-boxed elementor-section-height-default elementor-section-height-default\" data-id=\"36c22ca\" data-element_type=\"section\" data-e-type=\"section\">\n\t\t\t\t\t\t<div class=\"elementor-container elementor-column-gap-no\">\n\t\t\t\t\t<div class=\"elementor-column elementor-col-100 elementor-top-column elementor-element elementor-element-82caa1e\" data-id=\"82caa1e\" data-element_type=\"column\" data-e-type=\"column\">\n\t\t\t<div class=\"elementor-widget-wrap elementor-element-populated\">\n\t\t\t\t\t\t<div class=\"elementor-element elementor-element-1d9df75 elementor-widget elementor-widget-image\" data-id=\"1d9df75\" data-element_type=\"widget\" data-e-type=\"widget\" data-widget_type=\"image.default\">\n\t\t\t\t<div class=\"elementor-widget-container\">\n\t\t\t\t\t\t\t\t\t\t\t\t\t\t\t<img fetchpriority=\"high\" decoding=\"async\" width=\"216\" height=\"300\" src=\"https:\/\/www.iceireland.com\/wp-content\/uploads\/2024\/04\/Best-Language-School-2024-1-216x300.jpg\" class=\"attachment-medium size-medium wp-image-26518\" alt=\"\" srcset=\"https:\/\/www.iceireland.com\/wp-content\/uploads\/2024\/04\/Best-Language-School-2024-1-216x300.jpg 216w, https:\/\/www.iceireland.com\/wp-content\/uploads\/2024\/04\/Best-Language-School-2024-1.jpg 692w\" sizes=\"(max-width: 216px) 100vw, 216px\" \/>\t\t\t\t\t\t\t\t\t\t\t\t\t\t\t<\/div>\n\t\t\t\t<\/div>\n\t\t\t\t<div class=\"elementor-element elementor-element-9fbe000 elementor-widget elementor-widget-heading\" data-id=\"9fbe000\" data-element_type=\"widget\" data-e-type=\"widget\" data-widget_type=\"heading.default\">\n\t\t\t\t<div class=\"elementor-widget-container\">\n\t\t\t\t\t<h1 class=\"elementor-heading-title elementor-size-default\"><br>Cours d'anglais pour adultes \u00e0 Dublin<\/h1>\t\t\t\t<\/div>\n\t\t\t\t<\/div>\n\t\t\t\t<div class=\"elementor-element elementor-element-b8bf167 elementor-widget elementor-widget-text-editor\" data-id=\"b8bf167\" data-element_type=\"widget\" data-e-type=\"widget\" data-widget_type=\"text-editor.default\">\n\t\t\t\t<div class=\"elementor-widget-container\">\n\t\t\t\t\t\t\t\t\t<p style=\"text-align: center;\">Nous proposons des cours d&rsquo;anglais pour adultes tout au long de l&rsquo;ann\u00e9e dans notre \u00e9cole d&rsquo;anglais \u00e0 Dublin, en Irlande. <span style=\"color: var( --e-global-color-secondary ); font-family: var( --e-global-typography-text-font-family ), Sans-serif;\">Nous sommes reconnus par ACELS, un service de qualit\u00e9 et de qualification irlandais, pour l&rsquo;enseignement de l&rsquo;anglais (ELT), et nous sommes membres de MEI, ce qui offre une protection suppl\u00e9mentaire \u00e0 l&rsquo;apprenant.<\/span><\/p>\t\t\t\t\t\t\t\t<\/div>\n\t\t\t\t<\/div>\n\t\t\t\t<div class=\"elementor-element elementor-element-6476288 elementor-widget elementor-widget-heading\" data-id=\"6476288\" data-element_type=\"widget\" data-e-type=\"widget\" data-widget_type=\"heading.default\">\n\t\t\t\t<div class=\"elementor-widget-container\">\n\t\t\t\t\t<h4 class=\"elementor-heading-title elementor-size-default\">Nos programmes<\/h4>\t\t\t\t<\/div>\n\t\t\t\t<\/div>\n\t\t\t\t\t<\/div>\n\t\t<\/div>\n\t\t\t\t\t<\/div>\n\t\t<\/section>\n\t\t\t\t<section class=\"elementor-section elementor-top-section elementor-element elementor-element-7962fb4 elementor-section-boxed elementor-section-height-default elementor-section-height-default\" data-id=\"7962fb4\" data-element_type=\"section\" data-e-type=\"section\">\n\t\t\t\t\t\t<div class=\"elementor-container elementor-column-gap-default\">\n\t\t\t\t\t<div class=\"elementor-column elementor-col-100 elementor-top-column elementor-element elementor-element-784b12c\" data-id=\"784b12c\" data-element_type=\"column\" data-e-type=\"column\">\n\t\t\t<div class=\"elementor-widget-wrap elementor-element-populated\">\n\t\t\t\t\t\t<section class=\"elementor-section elementor-inner-section elementor-element elementor-element-3fedfed elementor-section-boxed elementor-section-height-default elementor-section-height-default\" data-id=\"3fedfed\" data-element_type=\"section\" data-e-type=\"section\">\n\t\t\t\t\t\t<div class=\"elementor-container elementor-column-gap-default\">\n\t\t\t\t\t<div class=\"elementor-column elementor-col-33 elementor-inner-column elementor-element elementor-element-6b6f0fc\" data-id=\"6b6f0fc\" data-element_type=\"column\" data-e-type=\"column\">\n\t\t\t<div class=\"elementor-widget-wrap elementor-element-populated\">\n\t\t\t\t\t\t<div class=\"elementor-element elementor-element-4db6643 elementor-widget elementor-widget-image\" data-id=\"4db6643\" data-element_type=\"widget\" data-e-type=\"widget\" data-widget_type=\"image.default\">\n\t\t\t\t<div class=\"elementor-widget-container\">\n\t\t\t\t\t\t\t\t\t\t\t\t\t\t\t\t<a href=\"https:\/\/www.iceireland.com\/fr\/cours-d-anglais-dublin\/general-english-ge15\/\">\n\t\t\t\t\t\t\t<img decoding=\"async\" width=\"800\" height=\"534\" src=\"https:\/\/www.iceireland.com\/wp-content\/uploads\/2019\/09\/Best-English-Adult-Courses-Dublin-1024x683.jpg\" class=\"elementor-animation-grow attachment-large size-large wp-image-13500\" alt=\"\" srcset=\"https:\/\/www.iceireland.com\/wp-content\/uploads\/2019\/09\/Best-English-Adult-Courses-Dublin-1024x683.jpg 1024w, https:\/\/www.iceireland.com\/wp-content\/uploads\/2019\/09\/Best-English-Adult-Courses-Dublin-300x200.jpg 300w, https:\/\/www.iceireland.com\/wp-content\/uploads\/2019\/09\/Best-English-Adult-Courses-Dublin-768x512.jpg 768w, https:\/\/www.iceireland.com\/wp-content\/uploads\/2019\/09\/Best-English-Adult-Courses-Dublin.jpg 1500w\" sizes=\"(max-width: 800px) 100vw, 800px\" \/>\t\t\t\t\t\t\t\t<\/a>\n\t\t\t\t\t\t\t\t\t\t\t\t\t\t\t<\/div>\n\t\t\t\t<\/div>\n\t\t\t\t<div class=\"elementor-element elementor-element-52f9e6e elementor-widget elementor-widget-heading\" data-id=\"52f9e6e\" data-element_type=\"widget\" data-e-type=\"widget\" data-widget_type=\"heading.default\">\n\t\t\t\t<div class=\"elementor-widget-container\">\n\t\t\t\t\t<h2 class=\"elementor-heading-title elementor-size-default\"><a href=\"https:\/\/www.iceireland.com\/fr\/cours-d-anglais-dublin\/general-english-ge15\/\" aducattitle=\"\">Anglais g\u00e9n\u00e9ral GE15<\/a><\/h2>\t\t\t\t<\/div>\n\t\t\t\t<\/div>\n\t\t\t\t\t<\/div>\n\t\t<\/div>\n\t\t\t\t<div class=\"elementor-column elementor-col-33 elementor-inner-column elementor-element elementor-element-656c8af\" data-id=\"656c8af\" data-element_type=\"column\" data-e-type=\"column\">\n\t\t\t<div class=\"elementor-widget-wrap elementor-element-populated\">\n\t\t\t\t\t\t<div class=\"elementor-element elementor-element-7a1fcc9 elementor-widget elementor-widget-image\" data-id=\"7a1fcc9\" data-element_type=\"widget\" data-e-type=\"widget\" data-widget_type=\"image.default\">\n\t\t\t\t<div class=\"elementor-widget-container\">\n\t\t\t\t\t\t\t\t\t\t\t\t\t\t\t\t<a href=\"https:\/\/www.iceireland.com\/fr\/cours-d-anglais-dublin\/english-academic-year-dublin\/\">\n\t\t\t\t\t\t\t<img decoding=\"async\" width=\"800\" height=\"534\" src=\"https:\/\/www.iceireland.com\/wp-content\/uploads\/2019\/09\/kathleen-1024x683.jpg\" class=\"elementor-animation-grow attachment-large size-large wp-image-13533\" alt=\"\" srcset=\"https:\/\/www.iceireland.com\/wp-content\/uploads\/2019\/09\/kathleen-1024x683.jpg 1024w, https:\/\/www.iceireland.com\/wp-content\/uploads\/2019\/09\/kathleen-300x200.jpg 300w, https:\/\/www.iceireland.com\/wp-content\/uploads\/2019\/09\/kathleen-768x512.jpg 768w, https:\/\/www.iceireland.com\/wp-content\/uploads\/2019\/09\/kathleen.jpg 1500w\" sizes=\"(max-width: 800px) 100vw, 800px\" \/>\t\t\t\t\t\t\t\t<\/a>\n\t\t\t\t\t\t\t\t\t\t\t\t\t\t\t<\/div>\n\t\t\t\t<\/div>\n\t\t\t\t<div class=\"elementor-element elementor-element-5805fe8 elementor-widget elementor-widget-heading\" data-id=\"5805fe8\" data-element_type=\"widget\" data-e-type=\"widget\" data-widget_type=\"heading.default\">\n\t\t\t\t<div class=\"elementor-widget-container\">\n\t\t\t\t\t<h2 class=\"elementor-heading-title elementor-size-default\"><a href=\"https:\/\/www.iceireland.com\/fr\/cours-d-anglais-dublin\/english-academic-year-dublin\/\" aducattitle=\"\">Programme d'ann\u00e9e acad\u00e9mique<\/br>\n(travail et \u00e9tudes)<\/a><\/h2>\t\t\t\t<\/div>\n\t\t\t\t<\/div>\n\t\t\t\t\t<\/div>\n\t\t<\/div>\n\t\t\t\t<div class=\"elementor-column elementor-col-33 elementor-inner-column elementor-element elementor-element-99ab537\" data-id=\"99ab537\" data-element_type=\"column\" data-e-type=\"column\">\n\t\t\t<div class=\"elementor-widget-wrap elementor-element-populated\">\n\t\t\t\t\t\t<div class=\"elementor-element elementor-element-fd69627 elementor-widget elementor-widget-image\" data-id=\"fd69627\" data-element_type=\"widget\" data-e-type=\"widget\" data-widget_type=\"image.default\">\n\t\t\t\t<div class=\"elementor-widget-container\">\n\t\t\t\t\t\t\t\t\t\t\t\t\t\t\t\t<a href=\"https:\/\/www.iceireland.com\/fr\/cours-d-anglais-dublin\/adults-combination-english-ce20\/\">\n\t\t\t\t\t\t\t<img loading=\"lazy\" decoding=\"async\" width=\"800\" height=\"534\" src=\"https:\/\/www.iceireland.com\/wp-content\/uploads\/2019\/09\/ADULTS-SIMON-1024x683.jpg\" class=\"elementor-animation-grow attachment-large size-large wp-image-13566\" alt=\"\" srcset=\"https:\/\/www.iceireland.com\/wp-content\/uploads\/2019\/09\/ADULTS-SIMON-1024x683.jpg 1024w, https:\/\/www.iceireland.com\/wp-content\/uploads\/2019\/09\/ADULTS-SIMON-300x200.jpg 300w, https:\/\/www.iceireland.com\/wp-content\/uploads\/2019\/09\/ADULTS-SIMON-768x512.jpg 768w, https:\/\/www.iceireland.com\/wp-content\/uploads\/2019\/09\/ADULTS-SIMON.jpg 1500w\" sizes=\"(max-width: 800px) 100vw, 800px\" \/>\t\t\t\t\t\t\t\t<\/a>\n\t\t\t\t\t\t\t\t\t\t\t\t\t\t\t<\/div>\n\t\t\t\t<\/div>\n\t\t\t\t<div class=\"elementor-element elementor-element-798b643 elementor-widget elementor-widget-heading\" data-id=\"798b643\" data-element_type=\"widget\" data-e-type=\"widget\" data-widget_type=\"heading.default\">\n\t\t\t\t<div class=\"elementor-widget-container\">\n\t\t\t\t\t<h2 class=\"elementor-heading-title elementor-size-default\"><a href=\"https:\/\/www.iceireland.com\/fr\/cours-d-anglais-dublin\/adults-combination-english-ce20\/\" aducattitle=\"\">Combinaison anglais CE20<\/a><\/h2>\t\t\t\t<\/div>\n\t\t\t\t<\/div>\n\t\t\t\t\t<\/div>\n\t\t<\/div>\n\t\t\t\t\t<\/div>\n\t\t<\/section>\n\t\t\t\t\t<\/div>\n\t\t<\/div>\n\t\t\t\t\t<\/div>\n\t\t<\/section>\n\t\t\t\t<\/div>\n\t\t","protected":false},"excerpt":{"rendered":"<p>Cours d&rsquo;anglais pour adultes \u00e0 Dublin Nous proposons des cours d&rsquo;anglais pour adultes tout au long de l&rsquo;ann\u00e9e dans notre \u00e9cole d&rsquo;anglais \u00e0 Dublin, en Irlande. Nous sommes reconnus par ACELS, un service de qualit\u00e9 et de qualification irlandais, pour l&rsquo;enseignement de l&rsquo;anglais (ELT), et nous sommes membres de MEI, ce qui offre une protection [&hellip;]<\/p>\n","protected":false},"author":3,"featured_media":0,"parent":0,"menu_order":0,"comment_status":"closed","ping_status":"closed","template":"","meta":{"content-type":"","footnotes":""},"class_list":["post-33120","page","type-page","status-publish","hentry"],"yoast_head":"<!-- This site is optimized with the Yoast SEO plugin v27.3 - https:\/\/yoast.com\/product\/yoast-seo-wordpress\/ -->\n<title>HOME V2 - Irish College of English<\/title>\n<meta name=\"robots\" content=\"index, follow, max-snippet:-1, max-image-preview:large, max-video-preview:-1\" \/>\n<link rel=\"canonical\" href=\"https:\/\/www.iceireland.com\/fr\/home-v2\/\" \/>\n<meta property=\"og:locale\" content=\"fr_FR\" \/>\n<meta property=\"og:type\" content=\"article\" \/>\n<meta property=\"og:title\" content=\"HOME V2 - Irish College of English\" \/>\n<meta property=\"og:description\" content=\"Cours d&rsquo;anglais pour adultes \u00e0 Dublin Nous proposons des cours d&rsquo;anglais pour adultes tout au long de l&rsquo;ann\u00e9e dans notre \u00e9cole d&rsquo;anglais \u00e0 Dublin, en Irlande. Nous sommes reconnus par ACELS, un service de qualit\u00e9 et de qualification irlandais, pour l&rsquo;enseignement de l&rsquo;anglais (ELT), et nous sommes membres de MEI, ce qui offre une protection [&hellip;]\" \/>\n<meta property=\"og:url\" content=\"https:\/\/www.iceireland.com\/fr\/home-v2\/\" \/>\n<meta property=\"og:site_name\" content=\"Irish College of English\" \/>\n<meta property=\"article:modified_time\" content=\"2026-01-30T18:26:03+00:00\" \/>\n<meta property=\"og:image\" content=\"https:\/\/www.iceireland.com\/wp-content\/uploads\/2024\/04\/Best-Language-School-2024-1-e1723471198629.jpg\" \/>\n\t<meta property=\"og:image:width\" content=\"215\" \/>\n\t<meta property=\"og:image:height\" content=\"300\" \/>\n\t<meta property=\"og:image:type\" content=\"image\/jpeg\" \/>\n<script type=\"application\/ld+json\" class=\"yoast-schema-graph\">{\"@context\":\"https:\\\/\\\/schema.org\",\"@graph\":[{\"@type\":\"WebPage\",\"@id\":\"https:\\\/\\\/www.iceireland.com\\\/fr\\\/home-v2\\\/\",\"url\":\"https:\\\/\\\/www.iceireland.com\\\/fr\\\/home-v2\\\/\",\"name\":\"HOME V2 - Irish College of English\",\"isPartOf\":{\"@id\":\"https:\\\/\\\/www.iceireland.com\\\/fr\\\/#website\"},\"primaryImageOfPage\":{\"@id\":\"https:\\\/\\\/www.iceireland.com\\\/fr\\\/home-v2\\\/#primaryimage\"},\"image\":{\"@id\":\"https:\\\/\\\/www.iceireland.com\\\/fr\\\/home-v2\\\/#primaryimage\"},\"thumbnailUrl\":\"https:\\\/\\\/www.iceireland.com\\\/wp-content\\\/uploads\\\/2024\\\/04\\\/Best-Language-School-2024-1-e1723471172950-215x300.jpg\",\"datePublished\":\"2025-05-27T15:16:31+00:00\",\"dateModified\":\"2026-01-30T18:26:03+00:00\",\"breadcrumb\":{\"@id\":\"https:\\\/\\\/www.iceireland.com\\\/fr\\\/home-v2\\\/#breadcrumb\"},\"inLanguage\":\"fr-FR\",\"potentialAction\":[{\"@type\":\"ReadAction\",\"target\":[\"https:\\\/\\\/www.iceireland.com\\\/fr\\\/home-v2\\\/\"]}]},{\"@type\":\"ImageObject\",\"inLanguage\":\"fr-FR\",\"@id\":\"https:\\\/\\\/www.iceireland.com\\\/fr\\\/home-v2\\\/#primaryimage\",\"url\":\"https:\\\/\\\/www.iceireland.com\\\/wp-content\\\/uploads\\\/2024\\\/04\\\/Best-Language-School-2024-1-e1723471172950-215x300.jpg\",\"contentUrl\":\"https:\\\/\\\/www.iceireland.com\\\/wp-content\\\/uploads\\\/2024\\\/04\\\/Best-Language-School-2024-1-e1723471172950-215x300.jpg\"},{\"@type\":\"BreadcrumbList\",\"@id\":\"https:\\\/\\\/www.iceireland.com\\\/fr\\\/home-v2\\\/#breadcrumb\",\"itemListElement\":[{\"@type\":\"ListItem\",\"position\":1,\"name\":\"Home\",\"item\":\"https:\\\/\\\/www.iceireland.com\\\/fr\\\/\"},{\"@type\":\"ListItem\",\"position\":2,\"name\":\"HOME V2\"}]},{\"@type\":\"WebSite\",\"@id\":\"https:\\\/\\\/www.iceireland.com\\\/fr\\\/#website\",\"url\":\"https:\\\/\\\/www.iceireland.com\\\/fr\\\/\",\"name\":\"Irish College of English\",\"description\":\"English School in Dublin, Malahide\",\"publisher\":{\"@id\":\"https:\\\/\\\/www.iceireland.com\\\/fr\\\/#organization\"},\"potentialAction\":[{\"@type\":\"SearchAction\",\"target\":{\"@type\":\"EntryPoint\",\"urlTemplate\":\"https:\\\/\\\/www.iceireland.com\\\/fr\\\/?s={search_term_string}\"},\"query-input\":{\"@type\":\"PropertyValueSpecification\",\"valueRequired\":true,\"valueName\":\"search_term_string\"}}],\"inLanguage\":\"fr-FR\"},{\"@type\":\"Organization\",\"@id\":\"https:\\\/\\\/www.iceireland.com\\\/fr\\\/#organization\",\"name\":\"Irish College of English\",\"url\":\"https:\\\/\\\/www.iceireland.com\\\/fr\\\/\",\"logo\":{\"@type\":\"ImageObject\",\"inLanguage\":\"fr-FR\",\"@id\":\"https:\\\/\\\/www.iceireland.com\\\/fr\\\/#\\\/schema\\\/logo\\\/image\\\/\",\"url\":\"https:\\\/\\\/www.iceireland.com\\\/wp-content\\\/uploads\\\/2022\\\/03\\\/logo.png\",\"contentUrl\":\"https:\\\/\\\/www.iceireland.com\\\/wp-content\\\/uploads\\\/2022\\\/03\\\/logo.png\",\"width\":593,\"height\":92,\"caption\":\"Irish College of English\"},\"image\":{\"@id\":\"https:\\\/\\\/www.iceireland.com\\\/fr\\\/#\\\/schema\\\/logo\\\/image\\\/\"}}]}<\/script>\n<!-- \/ Yoast SEO plugin. -->","yoast_head_json":{"title":"HOME V2 - Irish College of English","robots":{"index":"index","follow":"follow","max-snippet":"max-snippet:-1","max-image-preview":"max-image-preview:large","max-video-preview":"max-video-preview:-1"},"canonical":"https:\/\/www.iceireland.com\/fr\/home-v2\/","og_locale":"fr_FR","og_type":"article","og_title":"HOME V2 - Irish College of English","og_description":"Cours d&rsquo;anglais pour adultes \u00e0 Dublin Nous proposons des cours d&rsquo;anglais pour adultes tout au long de l&rsquo;ann\u00e9e dans notre \u00e9cole d&rsquo;anglais \u00e0 Dublin, en Irlande. Nous sommes reconnus par ACELS, un service de qualit\u00e9 et de qualification irlandais, pour l&rsquo;enseignement de l&rsquo;anglais (ELT), et nous sommes membres de MEI, ce qui offre une protection [&hellip;]","og_url":"https:\/\/www.iceireland.com\/fr\/home-v2\/","og_site_name":"Irish College of English","article_modified_time":"2026-01-30T18:26:03+00:00","og_image":[{"width":215,"height":300,"url":"https:\/\/www.iceireland.com\/wp-content\/uploads\/2024\/04\/Best-Language-School-2024-1-e1723471198629.jpg","type":"image\/jpeg"}],"schema":{"@context":"https:\/\/schema.org","@graph":[{"@type":"WebPage","@id":"https:\/\/www.iceireland.com\/fr\/home-v2\/","url":"https:\/\/www.iceireland.com\/fr\/home-v2\/","name":"HOME V2 - Irish College of English","isPartOf":{"@id":"https:\/\/www.iceireland.com\/fr\/#website"},"primaryImageOfPage":{"@id":"https:\/\/www.iceireland.com\/fr\/home-v2\/#primaryimage"},"image":{"@id":"https:\/\/www.iceireland.com\/fr\/home-v2\/#primaryimage"},"thumbnailUrl":"https:\/\/www.iceireland.com\/wp-content\/uploads\/2024\/04\/Best-Language-School-2024-1-e1723471172950-215x300.jpg","datePublished":"2025-05-27T15:16:31+00:00","dateModified":"2026-01-30T18:26:03+00:00","breadcrumb":{"@id":"https:\/\/www.iceireland.com\/fr\/home-v2\/#breadcrumb"},"inLanguage":"fr-FR","potentialAction":[{"@type":"ReadAction","target":["https:\/\/www.iceireland.com\/fr\/home-v2\/"]}]},{"@type":"ImageObject","inLanguage":"fr-FR","@id":"https:\/\/www.iceireland.com\/fr\/home-v2\/#primaryimage","url":"https:\/\/www.iceireland.com\/wp-content\/uploads\/2024\/04\/Best-Language-School-2024-1-e1723471172950-215x300.jpg","contentUrl":"https:\/\/www.iceireland.com\/wp-content\/uploads\/2024\/04\/Best-Language-School-2024-1-e1723471172950-215x300.jpg"},{"@type":"BreadcrumbList","@id":"https:\/\/www.iceireland.com\/fr\/home-v2\/#breadcrumb","itemListElement":[{"@type":"ListItem","position":1,"name":"Home","item":"https:\/\/www.iceireland.com\/fr\/"},{"@type":"ListItem","position":2,"name":"HOME V2"}]},{"@type":"WebSite","@id":"https:\/\/www.iceireland.com\/fr\/#website","url":"https:\/\/www.iceireland.com\/fr\/","name":"Irish College of English","description":"English School in Dublin, Malahide","publisher":{"@id":"https:\/\/www.iceireland.com\/fr\/#organization"},"potentialAction":[{"@type":"SearchAction","target":{"@type":"EntryPoint","urlTemplate":"https:\/\/www.iceireland.com\/fr\/?s={search_term_string}"},"query-input":{"@type":"PropertyValueSpecification","valueRequired":true,"valueName":"search_term_string"}}],"inLanguage":"fr-FR"},{"@type":"Organization","@id":"https:\/\/www.iceireland.com\/fr\/#organization","name":"Irish College of English","url":"https:\/\/www.iceireland.com\/fr\/","logo":{"@type":"ImageObject","inLanguage":"fr-FR","@id":"https:\/\/www.iceireland.com\/fr\/#\/schema\/logo\/image\/","url":"https:\/\/www.iceireland.com\/wp-content\/uploads\/2022\/03\/logo.png","contentUrl":"https:\/\/www.iceireland.com\/wp-content\/uploads\/2022\/03\/logo.png","width":593,"height":92,"caption":"Irish College of English"},"image":{"@id":"https:\/\/www.iceireland.com\/fr\/#\/schema\/logo\/image\/"}}]}},"_links":{"self":[{"href":"https:\/\/www.iceireland.com\/fr\/wp-json\/wp\/v2\/pages\/33120","targetHints":{"allow":["GET"]}}],"collection":[{"href":"https:\/\/www.iceireland.com\/fr\/wp-json\/wp\/v2\/pages"}],"about":[{"href":"https:\/\/www.iceireland.com\/fr\/wp-json\/wp\/v2\/types\/page"}],"author":[{"embeddable":true,"href":"https:\/\/www.iceireland.com\/fr\/wp-json\/wp\/v2\/users\/3"}],"replies":[{"embeddable":true,"href":"https:\/\/www.iceireland.com\/fr\/wp-json\/wp\/v2\/comments?post=33120"}],"version-history":[{"count":1,"href":"https:\/\/www.iceireland.com\/fr\/wp-json\/wp\/v2\/pages\/33120\/revisions"}],"predecessor-version":[{"id":33121,"href":"https:\/\/www.iceireland.com\/fr\/wp-json\/wp\/v2\/pages\/33120\/revisions\/33121"}],"wp:attachment":[{"href":"https:\/\/www.iceireland.com\/fr\/wp-json\/wp\/v2\/media?parent=33120"}],"curies":[{"name":"wp","href":"https:\/\/api.w.org\/{rel}","templated":true}]}}