{"id":33162,"date":"2024-08-14T09:14:18","date_gmt":"2024-08-14T09:14:18","guid":{"rendered":"https:\/\/www.iceireland.com\/access-transfer-and-progression-adult-courses\/"},"modified":"2026-01-30T18:26:34","modified_gmt":"2026-01-30T18:26:34","slug":"access-transfer-and-progression-adult-courses","status":"publish","type":"page","link":"https:\/\/www.iceireland.com\/fr\/access-transfer-and-progression-adult-courses\/","title":{"rendered":"Acc\u00e8s, transfert et progression &#8211; Cours pour adultes"},"content":{"rendered":"\t\t<div data-elementor-type=\"wp-page\" data-elementor-id=\"33162\" class=\"elementor elementor-33162 elementor-27311\" data-elementor-post-type=\"page\">\n\t\t\t\t\t\t<section class=\"elementor-section elementor-top-section elementor-element elementor-element-3e74ae5 elementor-section-boxed elementor-section-height-default elementor-section-height-default\" data-id=\"3e74ae5\" data-element_type=\"section\" data-e-type=\"section\">\n\t\t\t\t\t\t<div class=\"elementor-container elementor-column-gap-default\">\n\t\t\t\t\t<div class=\"elementor-column elementor-col-100 elementor-top-column elementor-element elementor-element-f15b9c2\" data-id=\"f15b9c2\" data-element_type=\"column\" data-e-type=\"column\">\n\t\t\t<div class=\"elementor-widget-wrap elementor-element-populated\">\n\t\t\t\t\t\t<div class=\"elementor-element elementor-element-de548c2 elementor-widget elementor-widget-text-editor\" data-id=\"de548c2\" data-element_type=\"widget\" data-e-type=\"widget\" data-widget_type=\"text-editor.default\">\n\t\t\t\t<div class=\"elementor-widget-container\">\n\t\t\t\t\t\t\t\t\t<h2><strong>Acc\u00e8s, transfert et progression &#8211; Cours pour adultes<\/strong><\/h2><p><strong>Acc\u00e8s<\/strong><\/p><p>Crit\u00e8res d&rsquo;admission :<\/p><p>Notre processus d&rsquo;admission est con\u00e7u pour \u00eatre inclusif et transparent, en adh\u00e9rant \u00e0 des crit\u00e8res clairs pour les apprenants juniors et adultes, garantissant l&rsquo;\u00e9galit\u00e9 des chances pour tous les candidats. Les informations sur nos programmes et nos proc\u00e9dures d&rsquo;admission sont communiqu\u00e9es clairement et mises \u00e0 la disposition des apprenants potentiels, ce qui garantit la transparence et l&rsquo;accessibilit\u00e9. <\/p><ul><li>Des informations sur nos cours sont disponibles sur notre site web et aupr\u00e8s de notre \u00e9quipe charg\u00e9e des inscriptions.<\/li><li>Les \u00e9tudiants, parents, tuteurs ou organisateurs de groupes peuvent s&rsquo;inscrire en ligne par le biais de notre syst\u00e8me de r\u00e9servation ou du formulaire de demande de renseignements pour les groupes.<\/li><li>Nous acceptons \u00e9galement les demandes directes et les contacts par courrier \u00e9lectronique, par t\u00e9l\u00e9phone ou en personne \u00e0 notre \u00e9cole de Malahide.<\/li><li>Nous fournissons des informations compl\u00e8tes avant la r\u00e9servation, notamment des brochures, des formulaires de r\u00e9servation et des informations compl\u00e9mentaires.<\/li><\/ul><p>Soutien aux apprenants divers :<\/p><p>Nous nous engageons \u00e0 fournir des am\u00e9nagements raisonnables et des services de soutien aux apprenants et nous \u00e9valuerons au cas par cas les besoins suppl\u00e9mentaires que nous pouvons prendre en charge dans le cadre de nos programmes. Notre politique en mati\u00e8re de conditions m\u00e9dicales et de besoins suppl\u00e9mentaires peut \u00eatre consult\u00e9e par toutes les parties prenantes sur notre site web, dans le manuel d&rsquo;assurance qualit\u00e9.   <\/p><p> <\/p><p><strong>Transfert<\/strong><\/p><p>Transfert interne :<\/p><p>Les apprenants peuvent demander un transfert interne entre les cours ou les niveaux, en fonction des disponibilit\u00e9s et des aptitudes d\u00e9montr\u00e9es par l&rsquo;apprenant.<\/p><p>Transfert externe :<\/p><p>Les demandes des apprenants qui nous rejoignent en provenance d&rsquo;autres \u00e9coles de langues ou institutions seront examin\u00e9es au cas par cas, en tenant compte des comp\u00e9tences linguistiques ant\u00e9rieures et du contenu des cours couverts.<\/p><p>Proc\u00e9dures de transfert :<\/p><p>Les apprenants qui souhaitent passer \u00e0 un autre programme ou \u00e0 un autre niveau peuvent en faire part \u00e0 leur enseignant ou au service des admissions\/r\u00e9ception. Le responsable acad\u00e9mique discutera du transfert avec l&rsquo;enseignant en ce qui concerne l&rsquo;aptitude acad\u00e9mique \u00e0 un tel transfert et les op\u00e9rations concernant les places, et prendra une d\u00e9cision qu&rsquo;il communiquera \u00e0 l&rsquo;\u00e9tudiant en expliquant ses raisons. <\/p><p> <\/p><p><strong>Progression<\/strong><\/p><p>Progression acad\u00e9mique :<\/p><p>Nous soutenons la progression acad\u00e9mique des apprenants sur la base de la r\u00e9ussite des objectifs de cours align\u00e9s sur le CECR.<\/p><p>Proc\u00e9dures de progression :<\/p><ul><li>Des \u00e9valuations r\u00e9guli\u00e8res et un retour d&rsquo;information permettront de suivre les progr\u00e8s de l&rsquo;apprenant conform\u00e9ment au CECR. Lorsqu&rsquo;un enseignant estimera qu&rsquo;un \u00e9l\u00e8ve est pr\u00eat \u00e0 passer au niveau suivant, il le lui indiquera et mettra en place un plan d&rsquo;action.<\/li><li>Des affiches concernant la progression sont plac\u00e9es sur les tableaux d&rsquo;affichage des \u00e9tudiants et dans certains manuels.<\/li><li>A l&rsquo;issue de la formation, les apprenants re\u00e7oivent un certificat de comp\u00e9tence et un rapport individuel faisant \u00e9tat de leurs progr\u00e8s par rapport aux descripteurs du CECR.<\/li><\/ul><p>L&rsquo;objectif des programmes de cours et les r\u00e9sultats attendus de l&rsquo;apprentissage sont d\u00e9crits pour chaque programme de cours.<\/p>\t\t\t\t\t\t\t\t<\/div>\n\t\t\t\t<\/div>\n\t\t\t\t\t<\/div>\n\t\t<\/div>\n\t\t\t\t\t<\/div>\n\t\t<\/section>\n\t\t\t\t<section class=\"elementor-section elementor-top-section elementor-element elementor-element-e7e679c elementor-section-boxed elementor-section-height-default elementor-section-height-default\" data-id=\"e7e679c\" data-element_type=\"section\" data-e-type=\"section\">\n\t\t\t\t\t\t<div class=\"elementor-container elementor-column-gap-default\">\n\t\t\t\t\t<div class=\"elementor-column elementor-col-100 elementor-top-column elementor-element elementor-element-c46311f\" data-id=\"c46311f\" data-element_type=\"column\" data-e-type=\"column\">\n\t\t\t<div class=\"elementor-widget-wrap elementor-element-populated\">\n\t\t\t\t\t\t<div class=\"elementor-element elementor-element-d944837 elementor-widget elementor-widget-spacer\" data-id=\"d944837\" data-element_type=\"widget\" data-e-type=\"widget\" data-widget_type=\"spacer.default\">\n\t\t\t\t<div class=\"elementor-widget-container\">\n\t\t\t\t\t\t\t<div class=\"elementor-spacer\">\n\t\t\t<div class=\"elementor-spacer-inner\"><\/div>\n\t\t<\/div>\n\t\t\t\t\t\t<\/div>\n\t\t\t\t<\/div>\n\t\t\t\t\t<\/div>\n\t\t<\/div>\n\t\t\t\t\t<\/div>\n\t\t<\/section>\n\t\t\t\t<section class=\"elementor-section elementor-top-section elementor-element elementor-element-8507fe4 elementor-section-boxed elementor-section-height-default elementor-section-height-default\" data-id=\"8507fe4\" data-element_type=\"section\" data-e-type=\"section\">\n\t\t\t\t\t\t<div class=\"elementor-container elementor-column-gap-default\">\n\t\t\t\t\t<div class=\"elementor-column elementor-col-100 elementor-top-column elementor-element elementor-element-5cedeef\" data-id=\"5cedeef\" data-element_type=\"column\" data-e-type=\"column\">\n\t\t\t<div class=\"elementor-widget-wrap elementor-element-populated\">\n\t\t\t\t\t\t<div class=\"elementor-element elementor-element-67ee8c4 elementor-widget elementor-widget-image\" data-id=\"67ee8c4\" data-element_type=\"widget\" data-e-type=\"widget\" data-widget_type=\"image.default\">\n\t\t\t\t<div class=\"elementor-widget-container\">\n\t\t\t\t\t\t\t\t\t\t\t\t\t\t\t<img fetchpriority=\"high\" decoding=\"async\" width=\"800\" height=\"566\" src=\"https:\/\/www.iceireland.com\/wp-content\/uploads\/2025\/11\/Adult-Student-CEFR-pathway-at-ICE-1024x724.png\" class=\"attachment-large size-large wp-image-31617\" alt=\"\" srcset=\"https:\/\/www.iceireland.com\/wp-content\/uploads\/2025\/11\/Adult-Student-CEFR-pathway-at-ICE-1024x724.png 1024w, https:\/\/www.iceireland.com\/wp-content\/uploads\/2025\/11\/Adult-Student-CEFR-pathway-at-ICE-300x212.png 300w, https:\/\/www.iceireland.com\/wp-content\/uploads\/2025\/11\/Adult-Student-CEFR-pathway-at-ICE-768x543.png 768w, https:\/\/www.iceireland.com\/wp-content\/uploads\/2025\/11\/Adult-Student-CEFR-pathway-at-ICE-1536x1086.png 1536w, https:\/\/www.iceireland.com\/wp-content\/uploads\/2025\/11\/Adult-Student-CEFR-pathway-at-ICE-2048x1448.png 2048w\" sizes=\"(max-width: 800px) 100vw, 800px\" \/>\t\t\t\t\t\t\t\t\t\t\t\t\t\t\t<\/div>\n\t\t\t\t<\/div>\n\t\t\t\t\t<\/div>\n\t\t<\/div>\n\t\t\t\t\t<\/div>\n\t\t<\/section>\n\t\t\t\t<section class=\"elementor-section elementor-top-section elementor-element elementor-element-ca5c80e elementor-section-boxed elementor-section-height-default elementor-section-height-default\" data-id=\"ca5c80e\" data-element_type=\"section\" data-e-type=\"section\">\n\t\t\t\t\t\t<div class=\"elementor-container elementor-column-gap-default\">\n\t\t\t\t\t<div class=\"elementor-column elementor-col-100 elementor-top-column elementor-element elementor-element-856ef30\" data-id=\"856ef30\" data-element_type=\"column\" data-e-type=\"column\">\n\t\t\t<div class=\"elementor-widget-wrap elementor-element-populated\">\n\t\t\t\t\t\t<div class=\"elementor-element elementor-element-dc8efe8 elementor-widget elementor-widget-spacer\" data-id=\"dc8efe8\" data-element_type=\"widget\" data-e-type=\"widget\" data-widget_type=\"spacer.default\">\n\t\t\t\t<div class=\"elementor-widget-container\">\n\t\t\t\t\t\t\t<div class=\"elementor-spacer\">\n\t\t\t<div class=\"elementor-spacer-inner\"><\/div>\n\t\t<\/div>\n\t\t\t\t\t\t<\/div>\n\t\t\t\t<\/div>\n\t\t\t\t\t<\/div>\n\t\t<\/div>\n\t\t\t\t\t<\/div>\n\t\t<\/section>\n\t\t\t\t<\/div>\n\t\t","protected":false},"excerpt":{"rendered":"<p>Acc\u00e8s, transfert et progression &#8211; Cours pour adultes Acc\u00e8s Crit\u00e8res d&rsquo;admission : Notre processus d&rsquo;admission est con\u00e7u pour \u00eatre inclusif et transparent, en adh\u00e9rant \u00e0 des crit\u00e8res clairs pour les apprenants juniors et adultes, garantissant l&rsquo;\u00e9galit\u00e9 des chances pour tous les candidats. Les informations sur nos programmes et nos proc\u00e9dures d&rsquo;admission sont communiqu\u00e9es clairement et [&hellip;]<\/p>\n","protected":false},"author":3,"featured_media":0,"parent":0,"menu_order":0,"comment_status":"closed","ping_status":"closed","template":"","meta":{"content-type":"","footnotes":""},"class_list":["post-33162","page","type-page","status-publish","hentry"],"yoast_head":"<!-- This site is optimized with the Yoast SEO plugin v27.3 - https:\/\/yoast.com\/product\/yoast-seo-wordpress\/ -->\n<title>Acc\u00e8s, transfert et progression - Cours pour adultes - Irish College of English<\/title>\n<meta name=\"robots\" content=\"index, follow, max-snippet:-1, max-image-preview:large, max-video-preview:-1\" \/>\n<link rel=\"canonical\" href=\"https:\/\/www.iceireland.com\/fr\/access-transfer-and-progression-adult-courses\/\" \/>\n<meta property=\"og:locale\" content=\"fr_FR\" \/>\n<meta property=\"og:type\" content=\"article\" \/>\n<meta property=\"og:title\" content=\"Acc\u00e8s, transfert et progression - Cours pour adultes - Irish College of English\" \/>\n<meta property=\"og:description\" content=\"Acc\u00e8s, transfert et progression &#8211; Cours pour adultes Acc\u00e8s Crit\u00e8res d&rsquo;admission : Notre processus d&rsquo;admission est con\u00e7u pour \u00eatre inclusif et transparent, en adh\u00e9rant \u00e0 des crit\u00e8res clairs pour les apprenants juniors et adultes, garantissant l&rsquo;\u00e9galit\u00e9 des chances pour tous les candidats. Les informations sur nos programmes et nos proc\u00e9dures d&rsquo;admission sont communiqu\u00e9es clairement et [&hellip;]\" \/>\n<meta property=\"og:url\" content=\"https:\/\/www.iceireland.com\/fr\/access-transfer-and-progression-adult-courses\/\" \/>\n<meta property=\"og:site_name\" content=\"Irish College of English\" \/>\n<meta property=\"article:modified_time\" content=\"2026-01-30T18:26:34+00:00\" \/>\n<meta property=\"og:image\" content=\"https:\/\/www.iceireland.com\/wp-content\/uploads\/2025\/11\/Adult-Student-CEFR-pathway-at-ICE-scaled.png\" \/>\n\t<meta property=\"og:image:width\" content=\"2560\" \/>\n\t<meta property=\"og:image:height\" content=\"1810\" \/>\n\t<meta property=\"og:image:type\" content=\"image\/png\" \/>\n<meta name=\"twitter:label1\" content=\"Dur\u00e9e de lecture estim\u00e9e\" \/>\n\t<meta name=\"twitter:data1\" content=\"3 minutes\" \/>\n<script type=\"application\/ld+json\" class=\"yoast-schema-graph\">{\"@context\":\"https:\\\/\\\/schema.org\",\"@graph\":[{\"@type\":\"WebPage\",\"@id\":\"https:\\\/\\\/www.iceireland.com\\\/fr\\\/access-transfer-and-progression-adult-courses\\\/\",\"url\":\"https:\\\/\\\/www.iceireland.com\\\/fr\\\/access-transfer-and-progression-adult-courses\\\/\",\"name\":\"Acc\u00e8s, transfert et progression - Cours pour adultes - Irish College of English\",\"isPartOf\":{\"@id\":\"https:\\\/\\\/www.iceireland.com\\\/fr\\\/#website\"},\"primaryImageOfPage\":{\"@id\":\"https:\\\/\\\/www.iceireland.com\\\/fr\\\/access-transfer-and-progression-adult-courses\\\/#primaryimage\"},\"image\":{\"@id\":\"https:\\\/\\\/www.iceireland.com\\\/fr\\\/access-transfer-and-progression-adult-courses\\\/#primaryimage\"},\"thumbnailUrl\":\"https:\\\/\\\/www.iceireland.com\\\/wp-content\\\/uploads\\\/2025\\\/11\\\/Adult-Student-CEFR-pathway-at-ICE-1024x724.png\",\"datePublished\":\"2024-08-14T09:14:18+00:00\",\"dateModified\":\"2026-01-30T18:26:34+00:00\",\"breadcrumb\":{\"@id\":\"https:\\\/\\\/www.iceireland.com\\\/fr\\\/access-transfer-and-progression-adult-courses\\\/#breadcrumb\"},\"inLanguage\":\"fr-FR\",\"potentialAction\":[{\"@type\":\"ReadAction\",\"target\":[\"https:\\\/\\\/www.iceireland.com\\\/fr\\\/access-transfer-and-progression-adult-courses\\\/\"]}]},{\"@type\":\"ImageObject\",\"inLanguage\":\"fr-FR\",\"@id\":\"https:\\\/\\\/www.iceireland.com\\\/fr\\\/access-transfer-and-progression-adult-courses\\\/#primaryimage\",\"url\":\"https:\\\/\\\/www.iceireland.com\\\/wp-content\\\/uploads\\\/2025\\\/11\\\/Adult-Student-CEFR-pathway-at-ICE-1024x724.png\",\"contentUrl\":\"https:\\\/\\\/www.iceireland.com\\\/wp-content\\\/uploads\\\/2025\\\/11\\\/Adult-Student-CEFR-pathway-at-ICE-1024x724.png\"},{\"@type\":\"BreadcrumbList\",\"@id\":\"https:\\\/\\\/www.iceireland.com\\\/fr\\\/access-transfer-and-progression-adult-courses\\\/#breadcrumb\",\"itemListElement\":[{\"@type\":\"ListItem\",\"position\":1,\"name\":\"Home\",\"item\":\"https:\\\/\\\/www.iceireland.com\\\/fr\\\/\"},{\"@type\":\"ListItem\",\"position\":2,\"name\":\"Acc\u00e8s, transfert et progression &#8211; Cours pour adultes\"}]},{\"@type\":\"WebSite\",\"@id\":\"https:\\\/\\\/www.iceireland.com\\\/fr\\\/#website\",\"url\":\"https:\\\/\\\/www.iceireland.com\\\/fr\\\/\",\"name\":\"Irish College of English\",\"description\":\"English School in Dublin, Malahide\",\"publisher\":{\"@id\":\"https:\\\/\\\/www.iceireland.com\\\/fr\\\/#organization\"},\"potentialAction\":[{\"@type\":\"SearchAction\",\"target\":{\"@type\":\"EntryPoint\",\"urlTemplate\":\"https:\\\/\\\/www.iceireland.com\\\/fr\\\/?s={search_term_string}\"},\"query-input\":{\"@type\":\"PropertyValueSpecification\",\"valueRequired\":true,\"valueName\":\"search_term_string\"}}],\"inLanguage\":\"fr-FR\"},{\"@type\":\"Organization\",\"@id\":\"https:\\\/\\\/www.iceireland.com\\\/fr\\\/#organization\",\"name\":\"Irish College of English\",\"url\":\"https:\\\/\\\/www.iceireland.com\\\/fr\\\/\",\"logo\":{\"@type\":\"ImageObject\",\"inLanguage\":\"fr-FR\",\"@id\":\"https:\\\/\\\/www.iceireland.com\\\/fr\\\/#\\\/schema\\\/logo\\\/image\\\/\",\"url\":\"https:\\\/\\\/www.iceireland.com\\\/wp-content\\\/uploads\\\/2022\\\/03\\\/logo.png\",\"contentUrl\":\"https:\\\/\\\/www.iceireland.com\\\/wp-content\\\/uploads\\\/2022\\\/03\\\/logo.png\",\"width\":593,\"height\":92,\"caption\":\"Irish College of English\"},\"image\":{\"@id\":\"https:\\\/\\\/www.iceireland.com\\\/fr\\\/#\\\/schema\\\/logo\\\/image\\\/\"}}]}<\/script>\n<!-- \/ Yoast SEO plugin. -->","yoast_head_json":{"title":"Acc\u00e8s, transfert et progression - Cours pour adultes - Irish College of English","robots":{"index":"index","follow":"follow","max-snippet":"max-snippet:-1","max-image-preview":"max-image-preview:large","max-video-preview":"max-video-preview:-1"},"canonical":"https:\/\/www.iceireland.com\/fr\/access-transfer-and-progression-adult-courses\/","og_locale":"fr_FR","og_type":"article","og_title":"Acc\u00e8s, transfert et progression - Cours pour adultes - Irish College of English","og_description":"Acc\u00e8s, transfert et progression &#8211; Cours pour adultes Acc\u00e8s Crit\u00e8res d&rsquo;admission : Notre processus d&rsquo;admission est con\u00e7u pour \u00eatre inclusif et transparent, en adh\u00e9rant \u00e0 des crit\u00e8res clairs pour les apprenants juniors et adultes, garantissant l&rsquo;\u00e9galit\u00e9 des chances pour tous les candidats. Les informations sur nos programmes et nos proc\u00e9dures d&rsquo;admission sont communiqu\u00e9es clairement et [&hellip;]","og_url":"https:\/\/www.iceireland.com\/fr\/access-transfer-and-progression-adult-courses\/","og_site_name":"Irish College of English","article_modified_time":"2026-01-30T18:26:34+00:00","og_image":[{"width":2560,"height":1810,"url":"https:\/\/www.iceireland.com\/wp-content\/uploads\/2025\/11\/Adult-Student-CEFR-pathway-at-ICE-scaled.png","type":"image\/png"}],"twitter_misc":{"Dur\u00e9e de lecture estim\u00e9e":"3 minutes"},"schema":{"@context":"https:\/\/schema.org","@graph":[{"@type":"WebPage","@id":"https:\/\/www.iceireland.com\/fr\/access-transfer-and-progression-adult-courses\/","url":"https:\/\/www.iceireland.com\/fr\/access-transfer-and-progression-adult-courses\/","name":"Acc\u00e8s, transfert et progression - Cours pour adultes - Irish College of English","isPartOf":{"@id":"https:\/\/www.iceireland.com\/fr\/#website"},"primaryImageOfPage":{"@id":"https:\/\/www.iceireland.com\/fr\/access-transfer-and-progression-adult-courses\/#primaryimage"},"image":{"@id":"https:\/\/www.iceireland.com\/fr\/access-transfer-and-progression-adult-courses\/#primaryimage"},"thumbnailUrl":"https:\/\/www.iceireland.com\/wp-content\/uploads\/2025\/11\/Adult-Student-CEFR-pathway-at-ICE-1024x724.png","datePublished":"2024-08-14T09:14:18+00:00","dateModified":"2026-01-30T18:26:34+00:00","breadcrumb":{"@id":"https:\/\/www.iceireland.com\/fr\/access-transfer-and-progression-adult-courses\/#breadcrumb"},"inLanguage":"fr-FR","potentialAction":[{"@type":"ReadAction","target":["https:\/\/www.iceireland.com\/fr\/access-transfer-and-progression-adult-courses\/"]}]},{"@type":"ImageObject","inLanguage":"fr-FR","@id":"https:\/\/www.iceireland.com\/fr\/access-transfer-and-progression-adult-courses\/#primaryimage","url":"https:\/\/www.iceireland.com\/wp-content\/uploads\/2025\/11\/Adult-Student-CEFR-pathway-at-ICE-1024x724.png","contentUrl":"https:\/\/www.iceireland.com\/wp-content\/uploads\/2025\/11\/Adult-Student-CEFR-pathway-at-ICE-1024x724.png"},{"@type":"BreadcrumbList","@id":"https:\/\/www.iceireland.com\/fr\/access-transfer-and-progression-adult-courses\/#breadcrumb","itemListElement":[{"@type":"ListItem","position":1,"name":"Home","item":"https:\/\/www.iceireland.com\/fr\/"},{"@type":"ListItem","position":2,"name":"Acc\u00e8s, transfert et progression &#8211; Cours pour adultes"}]},{"@type":"WebSite","@id":"https:\/\/www.iceireland.com\/fr\/#website","url":"https:\/\/www.iceireland.com\/fr\/","name":"Irish College of English","description":"English School in Dublin, Malahide","publisher":{"@id":"https:\/\/www.iceireland.com\/fr\/#organization"},"potentialAction":[{"@type":"SearchAction","target":{"@type":"EntryPoint","urlTemplate":"https:\/\/www.iceireland.com\/fr\/?s={search_term_string}"},"query-input":{"@type":"PropertyValueSpecification","valueRequired":true,"valueName":"search_term_string"}}],"inLanguage":"fr-FR"},{"@type":"Organization","@id":"https:\/\/www.iceireland.com\/fr\/#organization","name":"Irish College of English","url":"https:\/\/www.iceireland.com\/fr\/","logo":{"@type":"ImageObject","inLanguage":"fr-FR","@id":"https:\/\/www.iceireland.com\/fr\/#\/schema\/logo\/image\/","url":"https:\/\/www.iceireland.com\/wp-content\/uploads\/2022\/03\/logo.png","contentUrl":"https:\/\/www.iceireland.com\/wp-content\/uploads\/2022\/03\/logo.png","width":593,"height":92,"caption":"Irish College of English"},"image":{"@id":"https:\/\/www.iceireland.com\/fr\/#\/schema\/logo\/image\/"}}]}},"_links":{"self":[{"href":"https:\/\/www.iceireland.com\/fr\/wp-json\/wp\/v2\/pages\/33162","targetHints":{"allow":["GET"]}}],"collection":[{"href":"https:\/\/www.iceireland.com\/fr\/wp-json\/wp\/v2\/pages"}],"about":[{"href":"https:\/\/www.iceireland.com\/fr\/wp-json\/wp\/v2\/types\/page"}],"author":[{"embeddable":true,"href":"https:\/\/www.iceireland.com\/fr\/wp-json\/wp\/v2\/users\/3"}],"replies":[{"embeddable":true,"href":"https:\/\/www.iceireland.com\/fr\/wp-json\/wp\/v2\/comments?post=33162"}],"version-history":[{"count":1,"href":"https:\/\/www.iceireland.com\/fr\/wp-json\/wp\/v2\/pages\/33162\/revisions"}],"predecessor-version":[{"id":33164,"href":"https:\/\/www.iceireland.com\/fr\/wp-json\/wp\/v2\/pages\/33162\/revisions\/33164"}],"wp:attachment":[{"href":"https:\/\/www.iceireland.com\/fr\/wp-json\/wp\/v2\/media?parent=33162"}],"curies":[{"name":"wp","href":"https:\/\/api.w.org\/{rel}","templated":true}]}}