{"id":33171,"date":"2024-08-14T08:50:50","date_gmt":"2024-08-14T08:50:50","guid":{"rendered":"https:\/\/www.iceireland.com\/course-purpose-intended-learning-outcome-junior-students\/"},"modified":"2026-01-30T18:26:34","modified_gmt":"2026-01-30T18:26:34","slug":"course-purpose-intended-learning-outcome-junior-students","status":"publish","type":"page","link":"https:\/\/www.iceireland.com\/fr\/course-purpose-intended-learning-outcome-junior-students\/","title":{"rendered":"Objectif du cours et r\u00e9sultats d&rsquo;apprentissage escompt\u00e9s &#8211; \u00e9tudiants juniors"},"content":{"rendered":"\t\t<div data-elementor-type=\"wp-page\" data-elementor-id=\"33171\" class=\"elementor elementor-33171 elementor-27291\" data-elementor-post-type=\"page\">\n\t\t\t\t\t\t<section class=\"elementor-section elementor-top-section elementor-element elementor-element-4a5cdd0 elementor-section-boxed elementor-section-height-default elementor-section-height-default\" data-id=\"4a5cdd0\" data-element_type=\"section\" data-e-type=\"section\">\n\t\t\t\t\t\t<div class=\"elementor-container elementor-column-gap-default\">\n\t\t\t\t\t<div class=\"elementor-column elementor-col-100 elementor-top-column elementor-element elementor-element-6d05157\" data-id=\"6d05157\" data-element_type=\"column\" data-e-type=\"column\">\n\t\t\t<div class=\"elementor-widget-wrap elementor-element-populated\">\n\t\t\t\t\t\t<div class=\"elementor-element elementor-element-6115213 elementor-widget elementor-widget-text-editor\" data-id=\"6115213\" data-element_type=\"widget\" data-e-type=\"widget\" data-widget_type=\"text-editor.default\">\n\t\t\t\t<div class=\"elementor-widget-container\">\n\t\t\t\t\t\t\t\t\t<h2>Objectif du cours et r\u00e9sultats attendus de l&rsquo;apprentissage &#8211; Camps d&rsquo;\u00e9t\u00e9 pour juniors<\/h2><p>Objectif<\/p><p>L&rsquo;objectif de nos programmes juniors est d&rsquo;offrir aux jeunes apprenants un environnement stimulant et favorable \u00e0 l&rsquo;am\u00e9lioration de leurs comp\u00e9tences linguistiques en anglais. En suivant un programme structur\u00e9 bas\u00e9 sur l&rsquo;\u00e9chelle du CECR, le camp vise \u00e0 aider les \u00e9tudiants \u00e0 r\u00e9aliser des progr\u00e8s mesurables dans leur ma\u00eetrise de la langue. Ces programmes sont con\u00e7us non seulement pour am\u00e9liorer les capacit\u00e9s acad\u00e9miques des \u00e9tudiants, mais aussi pour renforcer leur confiance et leur enthousiasme \u00e0 utiliser l&rsquo;anglais dans les situations de la vie quotidienne. Gr\u00e2ce \u00e0 des activit\u00e9s interactives telles que des discussions de groupe, des jeux de r\u00f4le et des projets, ainsi qu&rsquo;\u00e0 un \u00e9l\u00e9ment interculturel qui expose les \u00e9tudiants \u00e0 diverses cultures et perspectives, le camp cherche \u00e0 cr\u00e9er une exp\u00e9rience d&rsquo;apprentissage holistique. En outre, pour ceux qui s\u00e9journent dans des familles d&rsquo;accueil, l&rsquo;immersion fournira des occasions authentiques de pratiquer l&rsquo;anglais et de s&rsquo;engager dans des \u00e9changes culturels, enrichissant ainsi leur compr\u00e9hension et leur appr\u00e9ciation de la langue et de son contexte culturel.    <\/p><p>Chaque programme comprend un programme d&rsquo;activit\u00e9s diversifi\u00e9, dans le cadre duquel nos animateurs exp\u00e9riment\u00e9s guident les \u00e9tudiants lors de visites de lieux d&rsquo;int\u00e9r\u00eat, facilitant ainsi l&rsquo;apprentissage par l&rsquo;exp\u00e9rience et l&rsquo;appr\u00e9ciation de la culture. Outre la visite de sites culturels, le camp propose des activit\u00e9s sportives et r\u00e9cr\u00e9atives, ainsi que des sessions interactives amusantes con\u00e7ues pour promouvoir le travail d&rsquo;\u00e9quipe, la cr\u00e9ativit\u00e9 et l&rsquo;engagement. <\/p><p>Certains programmes proposent des heures d&rsquo;\u00e9tude suppl\u00e9mentaires, un accent mis sur certains sports tels que l&rsquo;\u00e9quitation ou la voile, ce qui permet une exp\u00e9rience plus personnalis\u00e9e avec un objectif sp\u00e9cifique.<\/p><p> <\/p><p>R\u00e9sultats attendus de l&rsquo;apprentissage<\/p><p>L&rsquo;objectif de nos programmes juniors est d&rsquo;am\u00e9liorer les comp\u00e9tences des \u00e9tudiants en anglais en les faisant progresser sur l&rsquo;\u00e9chelle du Cadre europ\u00e9en commun de r\u00e9f\u00e9rence pour les langues (CECR). Gr\u00e2ce \u00e0 un programme dynamique et immersif, les \u00e9tudiants d\u00e9velopperont leurs capacit\u00e9s de lecture, d&rsquo;\u00e9criture, d&rsquo;expression orale et d&rsquo;\u00e9coute, dans le but de faire progresser leurs comp\u00e9tences linguistiques jusqu&rsquo;au niveau actuel du CECR ou jusqu&rsquo;au niveau suivant du CECR, en fonction de leur niveau d&rsquo;entr\u00e9e et de leur temps de pr\u00e9sence dans le programme. Le cours se concentre sur la communication pratique, l&rsquo;enrichissement du vocabulaire et la pr\u00e9cision grammaticale, afin que les \u00e9tudiants gagnent en confiance et en aisance dans des contextes r\u00e9els, tout en d\u00e9veloppant leur amour de la langue anglaise.  <\/p>\t\t\t\t\t\t\t\t<\/div>\n\t\t\t\t<\/div>\n\t\t\t\t\t<\/div>\n\t\t<\/div>\n\t\t\t\t\t<\/div>\n\t\t<\/section>\n\t\t\t\t<section class=\"elementor-section elementor-top-section elementor-element elementor-element-5afb7b7 elementor-section-boxed elementor-section-height-default elementor-section-height-default\" data-id=\"5afb7b7\" data-element_type=\"section\" data-e-type=\"section\">\n\t\t\t\t\t\t<div class=\"elementor-container elementor-column-gap-default\">\n\t\t\t\t\t<div class=\"elementor-column elementor-col-100 elementor-top-column elementor-element elementor-element-1810e58\" data-id=\"1810e58\" data-element_type=\"column\" data-e-type=\"column\">\n\t\t\t<div class=\"elementor-widget-wrap elementor-element-populated\">\n\t\t\t\t\t\t<div class=\"elementor-element elementor-element-4d2a221 elementor-widget elementor-widget-spacer\" data-id=\"4d2a221\" data-element_type=\"widget\" data-e-type=\"widget\" data-widget_type=\"spacer.default\">\n\t\t\t\t<div class=\"elementor-widget-container\">\n\t\t\t\t\t\t\t<div class=\"elementor-spacer\">\n\t\t\t<div class=\"elementor-spacer-inner\"><\/div>\n\t\t<\/div>\n\t\t\t\t\t\t<\/div>\n\t\t\t\t<\/div>\n\t\t\t\t\t<\/div>\n\t\t<\/div>\n\t\t\t\t\t<\/div>\n\t\t<\/section>\n\t\t\t\t<\/div>\n\t\t","protected":false},"excerpt":{"rendered":"<p>Objectif du cours et r\u00e9sultats attendus de l&rsquo;apprentissage &#8211; Camps d&rsquo;\u00e9t\u00e9 pour juniors Objectif L&rsquo;objectif de nos programmes juniors est d&rsquo;offrir aux jeunes apprenants un environnement stimulant et favorable \u00e0 l&rsquo;am\u00e9lioration de leurs comp\u00e9tences linguistiques en anglais. En suivant un programme structur\u00e9 bas\u00e9 sur l&rsquo;\u00e9chelle du CECR, le camp vise \u00e0 aider les \u00e9tudiants \u00e0 [&hellip;]<\/p>\n","protected":false},"author":3,"featured_media":0,"parent":0,"menu_order":0,"comment_status":"closed","ping_status":"closed","template":"","meta":{"content-type":"","footnotes":""},"class_list":["post-33171","page","type-page","status-publish","hentry"],"yoast_head":"<!-- This site is optimized with the Yoast SEO plugin v27.3 - https:\/\/yoast.com\/product\/yoast-seo-wordpress\/ -->\n<title>Objectif du cours et r\u00e9sultats d&#039;apprentissage escompt\u00e9s - \u00e9tudiants juniors - Irish College of English<\/title>\n<meta name=\"robots\" content=\"index, follow, max-snippet:-1, max-image-preview:large, max-video-preview:-1\" \/>\n<link rel=\"canonical\" href=\"https:\/\/www.iceireland.com\/fr\/course-purpose-intended-learning-outcome-junior-students\/\" \/>\n<meta property=\"og:locale\" content=\"fr_FR\" \/>\n<meta property=\"og:type\" content=\"article\" \/>\n<meta property=\"og:title\" content=\"Objectif du cours et r\u00e9sultats d&#039;apprentissage escompt\u00e9s - \u00e9tudiants juniors - Irish College of English\" \/>\n<meta property=\"og:description\" content=\"Objectif du cours et r\u00e9sultats attendus de l&rsquo;apprentissage &#8211; Camps d&rsquo;\u00e9t\u00e9 pour juniors Objectif L&rsquo;objectif de nos programmes juniors est d&rsquo;offrir aux jeunes apprenants un environnement stimulant et favorable \u00e0 l&rsquo;am\u00e9lioration de leurs comp\u00e9tences linguistiques en anglais. En suivant un programme structur\u00e9 bas\u00e9 sur l&rsquo;\u00e9chelle du CECR, le camp vise \u00e0 aider les \u00e9tudiants \u00e0 [&hellip;]\" \/>\n<meta property=\"og:url\" content=\"https:\/\/www.iceireland.com\/fr\/course-purpose-intended-learning-outcome-junior-students\/\" \/>\n<meta property=\"og:site_name\" content=\"Irish College of English\" \/>\n<meta property=\"article:modified_time\" content=\"2026-01-30T18:26:34+00:00\" \/>\n<meta name=\"twitter:label1\" content=\"Dur\u00e9e de lecture estim\u00e9e\" \/>\n\t<meta name=\"twitter:data1\" content=\"2 minutes\" \/>\n<script type=\"application\/ld+json\" class=\"yoast-schema-graph\">{\"@context\":\"https:\\\/\\\/schema.org\",\"@graph\":[{\"@type\":\"WebPage\",\"@id\":\"https:\\\/\\\/www.iceireland.com\\\/fr\\\/course-purpose-intended-learning-outcome-junior-students\\\/\",\"url\":\"https:\\\/\\\/www.iceireland.com\\\/fr\\\/course-purpose-intended-learning-outcome-junior-students\\\/\",\"name\":\"Objectif du cours et r\u00e9sultats d'apprentissage escompt\u00e9s - \u00e9tudiants juniors - Irish College of English\",\"isPartOf\":{\"@id\":\"https:\\\/\\\/www.iceireland.com\\\/fr\\\/#website\"},\"datePublished\":\"2024-08-14T08:50:50+00:00\",\"dateModified\":\"2026-01-30T18:26:34+00:00\",\"breadcrumb\":{\"@id\":\"https:\\\/\\\/www.iceireland.com\\\/fr\\\/course-purpose-intended-learning-outcome-junior-students\\\/#breadcrumb\"},\"inLanguage\":\"fr-FR\",\"potentialAction\":[{\"@type\":\"ReadAction\",\"target\":[\"https:\\\/\\\/www.iceireland.com\\\/fr\\\/course-purpose-intended-learning-outcome-junior-students\\\/\"]}]},{\"@type\":\"BreadcrumbList\",\"@id\":\"https:\\\/\\\/www.iceireland.com\\\/fr\\\/course-purpose-intended-learning-outcome-junior-students\\\/#breadcrumb\",\"itemListElement\":[{\"@type\":\"ListItem\",\"position\":1,\"name\":\"Home\",\"item\":\"https:\\\/\\\/www.iceireland.com\\\/fr\\\/\"},{\"@type\":\"ListItem\",\"position\":2,\"name\":\"Objectif du cours et r\u00e9sultats d&#8217;apprentissage escompt\u00e9s &#8211; \u00e9tudiants juniors\"}]},{\"@type\":\"WebSite\",\"@id\":\"https:\\\/\\\/www.iceireland.com\\\/fr\\\/#website\",\"url\":\"https:\\\/\\\/www.iceireland.com\\\/fr\\\/\",\"name\":\"Irish College of English\",\"description\":\"English School in Dublin, Malahide\",\"publisher\":{\"@id\":\"https:\\\/\\\/www.iceireland.com\\\/fr\\\/#organization\"},\"potentialAction\":[{\"@type\":\"SearchAction\",\"target\":{\"@type\":\"EntryPoint\",\"urlTemplate\":\"https:\\\/\\\/www.iceireland.com\\\/fr\\\/?s={search_term_string}\"},\"query-input\":{\"@type\":\"PropertyValueSpecification\",\"valueRequired\":true,\"valueName\":\"search_term_string\"}}],\"inLanguage\":\"fr-FR\"},{\"@type\":\"Organization\",\"@id\":\"https:\\\/\\\/www.iceireland.com\\\/fr\\\/#organization\",\"name\":\"Irish College of English\",\"url\":\"https:\\\/\\\/www.iceireland.com\\\/fr\\\/\",\"logo\":{\"@type\":\"ImageObject\",\"inLanguage\":\"fr-FR\",\"@id\":\"https:\\\/\\\/www.iceireland.com\\\/fr\\\/#\\\/schema\\\/logo\\\/image\\\/\",\"url\":\"https:\\\/\\\/www.iceireland.com\\\/wp-content\\\/uploads\\\/2022\\\/03\\\/logo.png\",\"contentUrl\":\"https:\\\/\\\/www.iceireland.com\\\/wp-content\\\/uploads\\\/2022\\\/03\\\/logo.png\",\"width\":593,\"height\":92,\"caption\":\"Irish College of English\"},\"image\":{\"@id\":\"https:\\\/\\\/www.iceireland.com\\\/fr\\\/#\\\/schema\\\/logo\\\/image\\\/\"}}]}<\/script>\n<!-- \/ Yoast SEO plugin. -->","yoast_head_json":{"title":"Objectif du cours et r\u00e9sultats d'apprentissage escompt\u00e9s - \u00e9tudiants juniors - Irish College of English","robots":{"index":"index","follow":"follow","max-snippet":"max-snippet:-1","max-image-preview":"max-image-preview:large","max-video-preview":"max-video-preview:-1"},"canonical":"https:\/\/www.iceireland.com\/fr\/course-purpose-intended-learning-outcome-junior-students\/","og_locale":"fr_FR","og_type":"article","og_title":"Objectif du cours et r\u00e9sultats d'apprentissage escompt\u00e9s - \u00e9tudiants juniors - Irish College of English","og_description":"Objectif du cours et r\u00e9sultats attendus de l&rsquo;apprentissage &#8211; Camps d&rsquo;\u00e9t\u00e9 pour juniors Objectif L&rsquo;objectif de nos programmes juniors est d&rsquo;offrir aux jeunes apprenants un environnement stimulant et favorable \u00e0 l&rsquo;am\u00e9lioration de leurs comp\u00e9tences linguistiques en anglais. En suivant un programme structur\u00e9 bas\u00e9 sur l&rsquo;\u00e9chelle du CECR, le camp vise \u00e0 aider les \u00e9tudiants \u00e0 [&hellip;]","og_url":"https:\/\/www.iceireland.com\/fr\/course-purpose-intended-learning-outcome-junior-students\/","og_site_name":"Irish College of English","article_modified_time":"2026-01-30T18:26:34+00:00","twitter_misc":{"Dur\u00e9e de lecture estim\u00e9e":"2 minutes"},"schema":{"@context":"https:\/\/schema.org","@graph":[{"@type":"WebPage","@id":"https:\/\/www.iceireland.com\/fr\/course-purpose-intended-learning-outcome-junior-students\/","url":"https:\/\/www.iceireland.com\/fr\/course-purpose-intended-learning-outcome-junior-students\/","name":"Objectif du cours et r\u00e9sultats d'apprentissage escompt\u00e9s - \u00e9tudiants juniors - Irish College of English","isPartOf":{"@id":"https:\/\/www.iceireland.com\/fr\/#website"},"datePublished":"2024-08-14T08:50:50+00:00","dateModified":"2026-01-30T18:26:34+00:00","breadcrumb":{"@id":"https:\/\/www.iceireland.com\/fr\/course-purpose-intended-learning-outcome-junior-students\/#breadcrumb"},"inLanguage":"fr-FR","potentialAction":[{"@type":"ReadAction","target":["https:\/\/www.iceireland.com\/fr\/course-purpose-intended-learning-outcome-junior-students\/"]}]},{"@type":"BreadcrumbList","@id":"https:\/\/www.iceireland.com\/fr\/course-purpose-intended-learning-outcome-junior-students\/#breadcrumb","itemListElement":[{"@type":"ListItem","position":1,"name":"Home","item":"https:\/\/www.iceireland.com\/fr\/"},{"@type":"ListItem","position":2,"name":"Objectif du cours et r\u00e9sultats d&#8217;apprentissage escompt\u00e9s &#8211; \u00e9tudiants juniors"}]},{"@type":"WebSite","@id":"https:\/\/www.iceireland.com\/fr\/#website","url":"https:\/\/www.iceireland.com\/fr\/","name":"Irish College of English","description":"English School in Dublin, Malahide","publisher":{"@id":"https:\/\/www.iceireland.com\/fr\/#organization"},"potentialAction":[{"@type":"SearchAction","target":{"@type":"EntryPoint","urlTemplate":"https:\/\/www.iceireland.com\/fr\/?s={search_term_string}"},"query-input":{"@type":"PropertyValueSpecification","valueRequired":true,"valueName":"search_term_string"}}],"inLanguage":"fr-FR"},{"@type":"Organization","@id":"https:\/\/www.iceireland.com\/fr\/#organization","name":"Irish College of English","url":"https:\/\/www.iceireland.com\/fr\/","logo":{"@type":"ImageObject","inLanguage":"fr-FR","@id":"https:\/\/www.iceireland.com\/fr\/#\/schema\/logo\/image\/","url":"https:\/\/www.iceireland.com\/wp-content\/uploads\/2022\/03\/logo.png","contentUrl":"https:\/\/www.iceireland.com\/wp-content\/uploads\/2022\/03\/logo.png","width":593,"height":92,"caption":"Irish College of English"},"image":{"@id":"https:\/\/www.iceireland.com\/fr\/#\/schema\/logo\/image\/"}}]}},"_links":{"self":[{"href":"https:\/\/www.iceireland.com\/fr\/wp-json\/wp\/v2\/pages\/33171","targetHints":{"allow":["GET"]}}],"collection":[{"href":"https:\/\/www.iceireland.com\/fr\/wp-json\/wp\/v2\/pages"}],"about":[{"href":"https:\/\/www.iceireland.com\/fr\/wp-json\/wp\/v2\/types\/page"}],"author":[{"embeddable":true,"href":"https:\/\/www.iceireland.com\/fr\/wp-json\/wp\/v2\/users\/3"}],"replies":[{"embeddable":true,"href":"https:\/\/www.iceireland.com\/fr\/wp-json\/wp\/v2\/comments?post=33171"}],"version-history":[{"count":1,"href":"https:\/\/www.iceireland.com\/fr\/wp-json\/wp\/v2\/pages\/33171\/revisions"}],"predecessor-version":[{"id":33173,"href":"https:\/\/www.iceireland.com\/fr\/wp-json\/wp\/v2\/pages\/33171\/revisions\/33173"}],"wp:attachment":[{"href":"https:\/\/www.iceireland.com\/fr\/wp-json\/wp\/v2\/media?parent=33171"}],"curies":[{"name":"wp","href":"https:\/\/api.w.org\/{rel}","templated":true}]}}