{"id":33199,"date":"2024-08-13T15:03:55","date_gmt":"2024-08-13T15:03:55","guid":{"rendered":"https:\/\/www.iceireland.com\/student-support-and-engagement\/"},"modified":"2026-01-30T18:26:41","modified_gmt":"2026-01-30T18:26:41","slug":"student-support-and-engagement","status":"publish","type":"page","link":"https:\/\/www.iceireland.com\/fr\/student-support-and-engagement\/","title":{"rendered":"Soutien et engagement des \u00e9tudiants"},"content":{"rendered":"\t\t<div data-elementor-type=\"wp-page\" data-elementor-id=\"33199\" class=\"elementor elementor-33199 elementor-27273\" data-elementor-post-type=\"page\">\n\t\t\t\t\t\t<section class=\"elementor-section elementor-top-section elementor-element elementor-element-1e7adfc elementor-section-boxed elementor-section-height-default elementor-section-height-default\" data-id=\"1e7adfc\" data-element_type=\"section\" data-e-type=\"section\">\n\t\t\t\t\t\t<div class=\"elementor-container elementor-column-gap-default\">\n\t\t\t\t\t<div class=\"elementor-column elementor-col-100 elementor-top-column elementor-element elementor-element-46edb3c\" data-id=\"46edb3c\" data-element_type=\"column\" data-e-type=\"column\">\n\t\t\t<div class=\"elementor-widget-wrap elementor-element-populated\">\n\t\t\t\t\t\t<div class=\"elementor-element elementor-element-bace280 elementor-widget elementor-widget-text-editor\" data-id=\"bace280\" data-element_type=\"widget\" data-e-type=\"widget\" data-widget_type=\"text-editor.default\">\n\t\t\t\t<div class=\"elementor-widget-container\">\n\t\t\t\t\t\t\t\t\t<h2><strong>Soutien et engagement des \u00e9tudiants :<\/strong><\/h2><p>L&rsquo;ICE s&rsquo;engage \u00e0 fournir des services de soutien pour aider les \u00e9tudiants \u00e0 atteindre leurs objectifs d&rsquo;apprentissage de la langue. Ces services comprennent des conseils acad\u00e9miques, du tutorat et un soutien suppl\u00e9mentaire pour les \u00e9tudiants ayant des besoins particuliers. Nous soutenons la progression acad\u00e9mique des apprenants en fonction de la r\u00e9ussite des objectifs de cours align\u00e9s sur le CECR.  <\/p><p> <\/p><ul><li>Nous encourageons l&rsquo;engagement actif des \u00e9tudiants par le biais d&rsquo;activit\u00e9s interactives en classe, de projets de groupe et d&rsquo;activit\u00e9s extrascolaires telles que des clubs de langues et des \u00e9v\u00e9nements culturels.<\/li><li>Un retour d&rsquo;information r\u00e9gulier : L&rsquo;ICE encourage une communication ouverte entre les \u00e9tudiants et les enseignants, en recherchant un retour d&rsquo;information sur l&rsquo;efficacit\u00e9 de l&rsquo;enseignement, le contenu des cours et l&rsquo;exp\u00e9rience d&rsquo;apprentissage en g\u00e9n\u00e9ral, afin d&rsquo;alimenter les efforts d&rsquo;am\u00e9lioration continue.<\/li><li>Pour plus d&rsquo;informations sur l&rsquo;aide, y compris sur la vie en Irlande et les \u00e9v\u00e9nements, veuillez consulter le site <a href=\"https:\/\/www.iceireland.com\/fr\/useful-information-and-supports\/\">https:\/\/www.iceireland.com\/useful-information-and-supports\/<\/a>.<\/li><\/ul>\t\t\t\t\t\t\t\t<\/div>\n\t\t\t\t<\/div>\n\t\t\t\t\t<\/div>\n\t\t<\/div>\n\t\t\t\t\t<\/div>\n\t\t<\/section>\n\t\t\t\t<section class=\"elementor-section elementor-top-section elementor-element elementor-element-ed51cea elementor-section-boxed elementor-section-height-default elementor-section-height-default\" data-id=\"ed51cea\" data-element_type=\"section\" data-e-type=\"section\">\n\t\t\t\t\t\t<div class=\"elementor-container elementor-column-gap-default\">\n\t\t\t\t\t<div class=\"elementor-column elementor-col-100 elementor-top-column elementor-element elementor-element-b78c5e0\" data-id=\"b78c5e0\" data-element_type=\"column\" data-e-type=\"column\">\n\t\t\t<div class=\"elementor-widget-wrap elementor-element-populated\">\n\t\t\t\t\t\t<div class=\"elementor-element elementor-element-93c6b21 elementor-widget elementor-widget-spacer\" data-id=\"93c6b21\" data-element_type=\"widget\" data-e-type=\"widget\" data-widget_type=\"spacer.default\">\n\t\t\t\t<div class=\"elementor-widget-container\">\n\t\t\t\t\t\t\t<div class=\"elementor-spacer\">\n\t\t\t<div class=\"elementor-spacer-inner\"><\/div>\n\t\t<\/div>\n\t\t\t\t\t\t<\/div>\n\t\t\t\t<\/div>\n\t\t\t\t\t<\/div>\n\t\t<\/div>\n\t\t\t\t\t<\/div>\n\t\t<\/section>\n\t\t\t\t<\/div>\n\t\t","protected":false},"excerpt":{"rendered":"<p>Soutien et engagement des \u00e9tudiants : L&rsquo;ICE s&rsquo;engage \u00e0 fournir des services de soutien pour aider les \u00e9tudiants \u00e0 atteindre leurs objectifs d&rsquo;apprentissage de la langue. Ces services comprennent des conseils acad\u00e9miques, du tutorat et un soutien suppl\u00e9mentaire pour les \u00e9tudiants ayant des besoins particuliers. Nous soutenons la progression acad\u00e9mique des apprenants en fonction de [&hellip;]<\/p>\n","protected":false},"author":3,"featured_media":0,"parent":0,"menu_order":0,"comment_status":"closed","ping_status":"closed","template":"","meta":{"content-type":"","footnotes":""},"class_list":["post-33199","page","type-page","status-publish","hentry"],"yoast_head":"<!-- This site is optimized with the Yoast SEO plugin v27.3 - https:\/\/yoast.com\/product\/yoast-seo-wordpress\/ -->\n<title>Soutien et engagement des \u00e9tudiants - Irish College of English<\/title>\n<meta name=\"robots\" content=\"index, follow, max-snippet:-1, max-image-preview:large, max-video-preview:-1\" \/>\n<link rel=\"canonical\" href=\"https:\/\/www.iceireland.com\/fr\/student-support-and-engagement\/\" \/>\n<meta property=\"og:locale\" content=\"fr_FR\" \/>\n<meta property=\"og:type\" content=\"article\" \/>\n<meta property=\"og:title\" content=\"Soutien et engagement des \u00e9tudiants - Irish College of English\" \/>\n<meta property=\"og:description\" content=\"Soutien et engagement des \u00e9tudiants : L&rsquo;ICE s&rsquo;engage \u00e0 fournir des services de soutien pour aider les \u00e9tudiants \u00e0 atteindre leurs objectifs d&rsquo;apprentissage de la langue. Ces services comprennent des conseils acad\u00e9miques, du tutorat et un soutien suppl\u00e9mentaire pour les \u00e9tudiants ayant des besoins particuliers. Nous soutenons la progression acad\u00e9mique des apprenants en fonction de [&hellip;]\" \/>\n<meta property=\"og:url\" content=\"https:\/\/www.iceireland.com\/fr\/student-support-and-engagement\/\" \/>\n<meta property=\"og:site_name\" content=\"Irish College of English\" \/>\n<meta property=\"article:modified_time\" content=\"2026-01-30T18:26:41+00:00\" \/>\n<meta name=\"twitter:label1\" content=\"Dur\u00e9e de lecture estim\u00e9e\" \/>\n\t<meta name=\"twitter:data1\" content=\"1 minute\" \/>\n<script type=\"application\/ld+json\" class=\"yoast-schema-graph\">{\"@context\":\"https:\\\/\\\/schema.org\",\"@graph\":[{\"@type\":\"WebPage\",\"@id\":\"https:\\\/\\\/www.iceireland.com\\\/fr\\\/student-support-and-engagement\\\/\",\"url\":\"https:\\\/\\\/www.iceireland.com\\\/fr\\\/student-support-and-engagement\\\/\",\"name\":\"Soutien et engagement des \u00e9tudiants - Irish College of English\",\"isPartOf\":{\"@id\":\"https:\\\/\\\/www.iceireland.com\\\/fr\\\/#website\"},\"datePublished\":\"2024-08-13T15:03:55+00:00\",\"dateModified\":\"2026-01-30T18:26:41+00:00\",\"breadcrumb\":{\"@id\":\"https:\\\/\\\/www.iceireland.com\\\/fr\\\/student-support-and-engagement\\\/#breadcrumb\"},\"inLanguage\":\"fr-FR\",\"potentialAction\":[{\"@type\":\"ReadAction\",\"target\":[\"https:\\\/\\\/www.iceireland.com\\\/fr\\\/student-support-and-engagement\\\/\"]}]},{\"@type\":\"BreadcrumbList\",\"@id\":\"https:\\\/\\\/www.iceireland.com\\\/fr\\\/student-support-and-engagement\\\/#breadcrumb\",\"itemListElement\":[{\"@type\":\"ListItem\",\"position\":1,\"name\":\"Home\",\"item\":\"https:\\\/\\\/www.iceireland.com\\\/fr\\\/\"},{\"@type\":\"ListItem\",\"position\":2,\"name\":\"Soutien et engagement des \u00e9tudiants\"}]},{\"@type\":\"WebSite\",\"@id\":\"https:\\\/\\\/www.iceireland.com\\\/fr\\\/#website\",\"url\":\"https:\\\/\\\/www.iceireland.com\\\/fr\\\/\",\"name\":\"Irish College of English\",\"description\":\"English School in Dublin, Malahide\",\"publisher\":{\"@id\":\"https:\\\/\\\/www.iceireland.com\\\/fr\\\/#organization\"},\"potentialAction\":[{\"@type\":\"SearchAction\",\"target\":{\"@type\":\"EntryPoint\",\"urlTemplate\":\"https:\\\/\\\/www.iceireland.com\\\/fr\\\/?s={search_term_string}\"},\"query-input\":{\"@type\":\"PropertyValueSpecification\",\"valueRequired\":true,\"valueName\":\"search_term_string\"}}],\"inLanguage\":\"fr-FR\"},{\"@type\":\"Organization\",\"@id\":\"https:\\\/\\\/www.iceireland.com\\\/fr\\\/#organization\",\"name\":\"Irish College of English\",\"url\":\"https:\\\/\\\/www.iceireland.com\\\/fr\\\/\",\"logo\":{\"@type\":\"ImageObject\",\"inLanguage\":\"fr-FR\",\"@id\":\"https:\\\/\\\/www.iceireland.com\\\/fr\\\/#\\\/schema\\\/logo\\\/image\\\/\",\"url\":\"https:\\\/\\\/www.iceireland.com\\\/wp-content\\\/uploads\\\/2022\\\/03\\\/logo.png\",\"contentUrl\":\"https:\\\/\\\/www.iceireland.com\\\/wp-content\\\/uploads\\\/2022\\\/03\\\/logo.png\",\"width\":593,\"height\":92,\"caption\":\"Irish College of English\"},\"image\":{\"@id\":\"https:\\\/\\\/www.iceireland.com\\\/fr\\\/#\\\/schema\\\/logo\\\/image\\\/\"}}]}<\/script>\n<!-- \/ Yoast SEO plugin. -->","yoast_head_json":{"title":"Soutien et engagement des \u00e9tudiants - Irish College of English","robots":{"index":"index","follow":"follow","max-snippet":"max-snippet:-1","max-image-preview":"max-image-preview:large","max-video-preview":"max-video-preview:-1"},"canonical":"https:\/\/www.iceireland.com\/fr\/student-support-and-engagement\/","og_locale":"fr_FR","og_type":"article","og_title":"Soutien et engagement des \u00e9tudiants - Irish College of English","og_description":"Soutien et engagement des \u00e9tudiants : L&rsquo;ICE s&rsquo;engage \u00e0 fournir des services de soutien pour aider les \u00e9tudiants \u00e0 atteindre leurs objectifs d&rsquo;apprentissage de la langue. Ces services comprennent des conseils acad\u00e9miques, du tutorat et un soutien suppl\u00e9mentaire pour les \u00e9tudiants ayant des besoins particuliers. Nous soutenons la progression acad\u00e9mique des apprenants en fonction de [&hellip;]","og_url":"https:\/\/www.iceireland.com\/fr\/student-support-and-engagement\/","og_site_name":"Irish College of English","article_modified_time":"2026-01-30T18:26:41+00:00","twitter_misc":{"Dur\u00e9e de lecture estim\u00e9e":"1 minute"},"schema":{"@context":"https:\/\/schema.org","@graph":[{"@type":"WebPage","@id":"https:\/\/www.iceireland.com\/fr\/student-support-and-engagement\/","url":"https:\/\/www.iceireland.com\/fr\/student-support-and-engagement\/","name":"Soutien et engagement des \u00e9tudiants - Irish College of English","isPartOf":{"@id":"https:\/\/www.iceireland.com\/fr\/#website"},"datePublished":"2024-08-13T15:03:55+00:00","dateModified":"2026-01-30T18:26:41+00:00","breadcrumb":{"@id":"https:\/\/www.iceireland.com\/fr\/student-support-and-engagement\/#breadcrumb"},"inLanguage":"fr-FR","potentialAction":[{"@type":"ReadAction","target":["https:\/\/www.iceireland.com\/fr\/student-support-and-engagement\/"]}]},{"@type":"BreadcrumbList","@id":"https:\/\/www.iceireland.com\/fr\/student-support-and-engagement\/#breadcrumb","itemListElement":[{"@type":"ListItem","position":1,"name":"Home","item":"https:\/\/www.iceireland.com\/fr\/"},{"@type":"ListItem","position":2,"name":"Soutien et engagement des \u00e9tudiants"}]},{"@type":"WebSite","@id":"https:\/\/www.iceireland.com\/fr\/#website","url":"https:\/\/www.iceireland.com\/fr\/","name":"Irish College of English","description":"English School in Dublin, Malahide","publisher":{"@id":"https:\/\/www.iceireland.com\/fr\/#organization"},"potentialAction":[{"@type":"SearchAction","target":{"@type":"EntryPoint","urlTemplate":"https:\/\/www.iceireland.com\/fr\/?s={search_term_string}"},"query-input":{"@type":"PropertyValueSpecification","valueRequired":true,"valueName":"search_term_string"}}],"inLanguage":"fr-FR"},{"@type":"Organization","@id":"https:\/\/www.iceireland.com\/fr\/#organization","name":"Irish College of English","url":"https:\/\/www.iceireland.com\/fr\/","logo":{"@type":"ImageObject","inLanguage":"fr-FR","@id":"https:\/\/www.iceireland.com\/fr\/#\/schema\/logo\/image\/","url":"https:\/\/www.iceireland.com\/wp-content\/uploads\/2022\/03\/logo.png","contentUrl":"https:\/\/www.iceireland.com\/wp-content\/uploads\/2022\/03\/logo.png","width":593,"height":92,"caption":"Irish College of English"},"image":{"@id":"https:\/\/www.iceireland.com\/fr\/#\/schema\/logo\/image\/"}}]}},"_links":{"self":[{"href":"https:\/\/www.iceireland.com\/fr\/wp-json\/wp\/v2\/pages\/33199","targetHints":{"allow":["GET"]}}],"collection":[{"href":"https:\/\/www.iceireland.com\/fr\/wp-json\/wp\/v2\/pages"}],"about":[{"href":"https:\/\/www.iceireland.com\/fr\/wp-json\/wp\/v2\/types\/page"}],"author":[{"embeddable":true,"href":"https:\/\/www.iceireland.com\/fr\/wp-json\/wp\/v2\/users\/3"}],"replies":[{"embeddable":true,"href":"https:\/\/www.iceireland.com\/fr\/wp-json\/wp\/v2\/comments?post=33199"}],"version-history":[{"count":1,"href":"https:\/\/www.iceireland.com\/fr\/wp-json\/wp\/v2\/pages\/33199\/revisions"}],"predecessor-version":[{"id":33201,"href":"https:\/\/www.iceireland.com\/fr\/wp-json\/wp\/v2\/pages\/33199\/revisions\/33201"}],"wp:attachment":[{"href":"https:\/\/www.iceireland.com\/fr\/wp-json\/wp\/v2\/media?parent=33199"}],"curies":[{"name":"wp","href":"https:\/\/api.w.org\/{rel}","templated":true}]}}