{"id":33208,"date":"2024-08-13T14:18:49","date_gmt":"2024-08-13T14:18:49","guid":{"rendered":"https:\/\/www.iceireland.com\/course-purpose-intended-learning-outcomes-adult-courses\/"},"modified":"2026-01-30T18:26:48","modified_gmt":"2026-01-30T18:26:48","slug":"course-purpose-intended-learning-outcomes-adult-courses","status":"publish","type":"page","link":"https:\/\/www.iceireland.com\/fr\/course-purpose-intended-learning-outcomes-adult-courses\/","title":{"rendered":"Objectif du cours et r\u00e9sultats attendus de l&rsquo;apprentissage &#8211; Cours pour adultes"},"content":{"rendered":"\t\t<div data-elementor-type=\"wp-page\" data-elementor-id=\"33208\" class=\"elementor elementor-33208 elementor-27245\" data-elementor-post-type=\"page\">\n\t\t\t\t\t\t<section class=\"elementor-section elementor-top-section elementor-element elementor-element-edee056 elementor-section-boxed elementor-section-height-default elementor-section-height-default\" data-id=\"edee056\" data-element_type=\"section\" data-e-type=\"section\">\n\t\t\t\t\t\t<div class=\"elementor-container elementor-column-gap-default\">\n\t\t\t\t\t<div class=\"elementor-column elementor-col-100 elementor-top-column elementor-element elementor-element-7b200fb\" data-id=\"7b200fb\" data-element_type=\"column\" data-e-type=\"column\">\n\t\t\t<div class=\"elementor-widget-wrap elementor-element-populated\">\n\t\t\t\t\t\t<div class=\"elementor-element elementor-element-05f6122 elementor-widget elementor-widget-text-editor\" data-id=\"05f6122\" data-element_type=\"widget\" data-e-type=\"widget\" data-widget_type=\"text-editor.default\">\n\t\t\t\t<div class=\"elementor-widget-container\">\n\t\t\t\t\t\t\t\t\t<h2>Objectif du cours et r\u00e9sultats attendus de l&rsquo;apprentissage &#8211; Cours pour adultes<\/h2><p> <\/p><p>Objectif<\/p><p>L&rsquo;objectif de nos cours pour adultes est de fournir aux apprenants adultes un environnement complet et flexible pour am\u00e9liorer leurs comp\u00e9tences en anglais. En suivant un programme structur\u00e9 bas\u00e9 sur l&rsquo;\u00e9chelle du CECR, le cours vise \u00e0 aider les participants \u00e0 r\u00e9aliser des progr\u00e8s mesurables dans leur ma\u00eetrise de la langue, en fonction de divers objectifs personnels et professionnels. Si notre objectif premier est d&rsquo;am\u00e9liorer la capacit\u00e9 de nos \u00e9tudiants \u00e0 communiquer efficacement en anglais, nous nous attachons \u00e9galement \u00e0 doter les apprenants des comp\u00e9tences linguistiques n\u00e9cessaires pour le monde du travail, les programmes universitaires et l&rsquo;int\u00e9gration sociale. Les adultes peuvent adapter leur programme en ajoutant des cours particuliers suppl\u00e9mentaires, ce qui leur permet d&rsquo;augmenter l&rsquo;intensit\u00e9 de leur programme. Les adultes peuvent \u00e9galement participer \u00e0 nos programmes sociaux et d&rsquo;activit\u00e9s pour adultes, ajoutant ainsi un \u00e9l\u00e9ment interculturel et touristique \u00e0 leur exp\u00e9rience. En outre, le programme offre la possibilit\u00e9 de s\u00e9journer chez des h\u00f4tes locaux, ce qui donne des occasions authentiques de pratiquer l&rsquo;anglais et de faire l&rsquo;exp\u00e9rience de l&rsquo;immersion culturelle, am\u00e9liorant ainsi la compr\u00e9hension globale et l&rsquo;appr\u00e9ciation de la langue dans des contextes r\u00e9els.     <\/p><p> <\/p><p>R\u00e9sultats attendus de l&rsquo;apprentissage<\/p><p>Les objectifs d&rsquo;apprentissage de notre cours d&rsquo;anglais pour adultes sont de s&rsquo;assurer que les apprenants acqui\u00e8rent une ma\u00eetrise compl\u00e8te et pratique de la langue, facilitant ainsi une communication efficace dans une vari\u00e9t\u00e9 de contextes. \u00c0 la fin du cours, les apprenants devraient \u00eatre en mesure de d\u00e9montrer une meilleure ma\u00eetrise de l&rsquo;\u00e9coute, de l&rsquo;expression orale, de la lecture et de l&rsquo;\u00e9criture, en fonction de leur niveau sp\u00e9cifique du CECR. Ils seront en mesure de comprendre et de participer \u00e0 des conversations quotidiennes, d&rsquo;exprimer clairement leurs pens\u00e9es et leurs id\u00e9es et de comprendre des textes \u00e9crits de complexit\u00e9 variable. En outre, les apprenants d\u00e9velopperont leur capacit\u00e9 \u00e0 r\u00e9diger des textes coh\u00e9rents et structur\u00e9s, y compris des courriels, des rapports et des essais, en fonction de leur niveau de comp\u00e9tence.   <\/p><p>Au-del\u00e0 des comp\u00e9tences linguistiques, le cours vise \u00e0 am\u00e9liorer les comp\u00e9tences culturelles des apprenants et leur capacit\u00e9 \u00e0 naviguer dans les milieux sociaux et professionnels dans des environnements anglophones. Les apprenants auront un aper\u00e7u des normes culturelles, des expressions idiomatiques et de l&rsquo;utilisation de la langue en fonction du contexte, ce qui leur permettra d&rsquo;interagir plus efficacement et avec plus d&rsquo;assurance. Le cours vise \u00e9galement \u00e0 am\u00e9liorer l&#8217;employabilit\u00e9 des apprenants en leur fournissant du vocabulaire et des comp\u00e9tences en communication, ce qui leur ouvrira de plus grandes opportunit\u00e9s de carri\u00e8re. Dans l&rsquo;ensemble, le cours vise \u00e0 permettre aux apprenants d&rsquo;atteindre leurs objectifs personnels, professionnels et acad\u00e9miques gr\u00e2ce \u00e0 une base solide en mati\u00e8re de ma\u00eetrise de la langue anglaise et de compr\u00e9hension culturelle.   <\/p>\t\t\t\t\t\t\t\t<\/div>\n\t\t\t\t<\/div>\n\t\t\t\t\t<\/div>\n\t\t<\/div>\n\t\t\t\t\t<\/div>\n\t\t<\/section>\n\t\t\t\t<\/div>\n\t\t","protected":false},"excerpt":{"rendered":"<p>Objectif du cours et r\u00e9sultats attendus de l&rsquo;apprentissage &#8211; Cours pour adultes Objectif L&rsquo;objectif de nos cours pour adultes est de fournir aux apprenants adultes un environnement complet et flexible pour am\u00e9liorer leurs comp\u00e9tences en anglais. En suivant un programme structur\u00e9 bas\u00e9 sur l&rsquo;\u00e9chelle du CECR, le cours vise \u00e0 aider les participants \u00e0 r\u00e9aliser [&hellip;]<\/p>\n","protected":false},"author":3,"featured_media":0,"parent":0,"menu_order":0,"comment_status":"closed","ping_status":"closed","template":"","meta":{"content-type":"","footnotes":""},"class_list":["post-33208","page","type-page","status-publish","hentry"],"yoast_head":"<!-- This site is optimized with the Yoast SEO plugin v27.3 - https:\/\/yoast.com\/product\/yoast-seo-wordpress\/ -->\n<title>Objectif du cours et r\u00e9sultats attendus de l&#039;apprentissage - Cours pour adultes - Irish College of English<\/title>\n<meta name=\"robots\" content=\"index, follow, max-snippet:-1, max-image-preview:large, max-video-preview:-1\" \/>\n<link rel=\"canonical\" href=\"https:\/\/www.iceireland.com\/fr\/course-purpose-intended-learning-outcomes-adult-courses\/\" \/>\n<meta property=\"og:locale\" content=\"fr_FR\" \/>\n<meta property=\"og:type\" content=\"article\" \/>\n<meta property=\"og:title\" content=\"Objectif du cours et r\u00e9sultats attendus de l&#039;apprentissage - Cours pour adultes - Irish College of English\" \/>\n<meta property=\"og:description\" content=\"Objectif du cours et r\u00e9sultats attendus de l&rsquo;apprentissage &#8211; Cours pour adultes Objectif L&rsquo;objectif de nos cours pour adultes est de fournir aux apprenants adultes un environnement complet et flexible pour am\u00e9liorer leurs comp\u00e9tences en anglais. En suivant un programme structur\u00e9 bas\u00e9 sur l&rsquo;\u00e9chelle du CECR, le cours vise \u00e0 aider les participants \u00e0 r\u00e9aliser [&hellip;]\" \/>\n<meta property=\"og:url\" content=\"https:\/\/www.iceireland.com\/fr\/course-purpose-intended-learning-outcomes-adult-courses\/\" \/>\n<meta property=\"og:site_name\" content=\"Irish College of English\" \/>\n<meta property=\"article:modified_time\" content=\"2026-01-30T18:26:48+00:00\" \/>\n<meta name=\"twitter:label1\" content=\"Dur\u00e9e de lecture estim\u00e9e\" \/>\n\t<meta name=\"twitter:data1\" content=\"2 minutes\" \/>\n<script type=\"application\/ld+json\" class=\"yoast-schema-graph\">{\"@context\":\"https:\\\/\\\/schema.org\",\"@graph\":[{\"@type\":\"WebPage\",\"@id\":\"https:\\\/\\\/www.iceireland.com\\\/fr\\\/course-purpose-intended-learning-outcomes-adult-courses\\\/\",\"url\":\"https:\\\/\\\/www.iceireland.com\\\/fr\\\/course-purpose-intended-learning-outcomes-adult-courses\\\/\",\"name\":\"Objectif du cours et r\u00e9sultats attendus de l'apprentissage - Cours pour adultes - Irish College of English\",\"isPartOf\":{\"@id\":\"https:\\\/\\\/www.iceireland.com\\\/fr\\\/#website\"},\"datePublished\":\"2024-08-13T14:18:49+00:00\",\"dateModified\":\"2026-01-30T18:26:48+00:00\",\"breadcrumb\":{\"@id\":\"https:\\\/\\\/www.iceireland.com\\\/fr\\\/course-purpose-intended-learning-outcomes-adult-courses\\\/#breadcrumb\"},\"inLanguage\":\"fr-FR\",\"potentialAction\":[{\"@type\":\"ReadAction\",\"target\":[\"https:\\\/\\\/www.iceireland.com\\\/fr\\\/course-purpose-intended-learning-outcomes-adult-courses\\\/\"]}]},{\"@type\":\"BreadcrumbList\",\"@id\":\"https:\\\/\\\/www.iceireland.com\\\/fr\\\/course-purpose-intended-learning-outcomes-adult-courses\\\/#breadcrumb\",\"itemListElement\":[{\"@type\":\"ListItem\",\"position\":1,\"name\":\"Home\",\"item\":\"https:\\\/\\\/www.iceireland.com\\\/fr\\\/\"},{\"@type\":\"ListItem\",\"position\":2,\"name\":\"Objectif du cours et r\u00e9sultats attendus de l&#8217;apprentissage &#8211; Cours pour adultes\"}]},{\"@type\":\"WebSite\",\"@id\":\"https:\\\/\\\/www.iceireland.com\\\/fr\\\/#website\",\"url\":\"https:\\\/\\\/www.iceireland.com\\\/fr\\\/\",\"name\":\"Irish College of English\",\"description\":\"English School in Dublin, Malahide\",\"publisher\":{\"@id\":\"https:\\\/\\\/www.iceireland.com\\\/fr\\\/#organization\"},\"potentialAction\":[{\"@type\":\"SearchAction\",\"target\":{\"@type\":\"EntryPoint\",\"urlTemplate\":\"https:\\\/\\\/www.iceireland.com\\\/fr\\\/?s={search_term_string}\"},\"query-input\":{\"@type\":\"PropertyValueSpecification\",\"valueRequired\":true,\"valueName\":\"search_term_string\"}}],\"inLanguage\":\"fr-FR\"},{\"@type\":\"Organization\",\"@id\":\"https:\\\/\\\/www.iceireland.com\\\/fr\\\/#organization\",\"name\":\"Irish College of English\",\"url\":\"https:\\\/\\\/www.iceireland.com\\\/fr\\\/\",\"logo\":{\"@type\":\"ImageObject\",\"inLanguage\":\"fr-FR\",\"@id\":\"https:\\\/\\\/www.iceireland.com\\\/fr\\\/#\\\/schema\\\/logo\\\/image\\\/\",\"url\":\"https:\\\/\\\/www.iceireland.com\\\/wp-content\\\/uploads\\\/2022\\\/03\\\/logo.png\",\"contentUrl\":\"https:\\\/\\\/www.iceireland.com\\\/wp-content\\\/uploads\\\/2022\\\/03\\\/logo.png\",\"width\":593,\"height\":92,\"caption\":\"Irish College of English\"},\"image\":{\"@id\":\"https:\\\/\\\/www.iceireland.com\\\/fr\\\/#\\\/schema\\\/logo\\\/image\\\/\"}}]}<\/script>\n<!-- \/ Yoast SEO plugin. -->","yoast_head_json":{"title":"Objectif du cours et r\u00e9sultats attendus de l'apprentissage - Cours pour adultes - Irish College of English","robots":{"index":"index","follow":"follow","max-snippet":"max-snippet:-1","max-image-preview":"max-image-preview:large","max-video-preview":"max-video-preview:-1"},"canonical":"https:\/\/www.iceireland.com\/fr\/course-purpose-intended-learning-outcomes-adult-courses\/","og_locale":"fr_FR","og_type":"article","og_title":"Objectif du cours et r\u00e9sultats attendus de l'apprentissage - Cours pour adultes - Irish College of English","og_description":"Objectif du cours et r\u00e9sultats attendus de l&rsquo;apprentissage &#8211; Cours pour adultes Objectif L&rsquo;objectif de nos cours pour adultes est de fournir aux apprenants adultes un environnement complet et flexible pour am\u00e9liorer leurs comp\u00e9tences en anglais. En suivant un programme structur\u00e9 bas\u00e9 sur l&rsquo;\u00e9chelle du CECR, le cours vise \u00e0 aider les participants \u00e0 r\u00e9aliser [&hellip;]","og_url":"https:\/\/www.iceireland.com\/fr\/course-purpose-intended-learning-outcomes-adult-courses\/","og_site_name":"Irish College of English","article_modified_time":"2026-01-30T18:26:48+00:00","twitter_misc":{"Dur\u00e9e de lecture estim\u00e9e":"2 minutes"},"schema":{"@context":"https:\/\/schema.org","@graph":[{"@type":"WebPage","@id":"https:\/\/www.iceireland.com\/fr\/course-purpose-intended-learning-outcomes-adult-courses\/","url":"https:\/\/www.iceireland.com\/fr\/course-purpose-intended-learning-outcomes-adult-courses\/","name":"Objectif du cours et r\u00e9sultats attendus de l'apprentissage - Cours pour adultes - Irish College of English","isPartOf":{"@id":"https:\/\/www.iceireland.com\/fr\/#website"},"datePublished":"2024-08-13T14:18:49+00:00","dateModified":"2026-01-30T18:26:48+00:00","breadcrumb":{"@id":"https:\/\/www.iceireland.com\/fr\/course-purpose-intended-learning-outcomes-adult-courses\/#breadcrumb"},"inLanguage":"fr-FR","potentialAction":[{"@type":"ReadAction","target":["https:\/\/www.iceireland.com\/fr\/course-purpose-intended-learning-outcomes-adult-courses\/"]}]},{"@type":"BreadcrumbList","@id":"https:\/\/www.iceireland.com\/fr\/course-purpose-intended-learning-outcomes-adult-courses\/#breadcrumb","itemListElement":[{"@type":"ListItem","position":1,"name":"Home","item":"https:\/\/www.iceireland.com\/fr\/"},{"@type":"ListItem","position":2,"name":"Objectif du cours et r\u00e9sultats attendus de l&#8217;apprentissage &#8211; Cours pour adultes"}]},{"@type":"WebSite","@id":"https:\/\/www.iceireland.com\/fr\/#website","url":"https:\/\/www.iceireland.com\/fr\/","name":"Irish College of English","description":"English School in Dublin, Malahide","publisher":{"@id":"https:\/\/www.iceireland.com\/fr\/#organization"},"potentialAction":[{"@type":"SearchAction","target":{"@type":"EntryPoint","urlTemplate":"https:\/\/www.iceireland.com\/fr\/?s={search_term_string}"},"query-input":{"@type":"PropertyValueSpecification","valueRequired":true,"valueName":"search_term_string"}}],"inLanguage":"fr-FR"},{"@type":"Organization","@id":"https:\/\/www.iceireland.com\/fr\/#organization","name":"Irish College of English","url":"https:\/\/www.iceireland.com\/fr\/","logo":{"@type":"ImageObject","inLanguage":"fr-FR","@id":"https:\/\/www.iceireland.com\/fr\/#\/schema\/logo\/image\/","url":"https:\/\/www.iceireland.com\/wp-content\/uploads\/2022\/03\/logo.png","contentUrl":"https:\/\/www.iceireland.com\/wp-content\/uploads\/2022\/03\/logo.png","width":593,"height":92,"caption":"Irish College of English"},"image":{"@id":"https:\/\/www.iceireland.com\/fr\/#\/schema\/logo\/image\/"}}]}},"_links":{"self":[{"href":"https:\/\/www.iceireland.com\/fr\/wp-json\/wp\/v2\/pages\/33208","targetHints":{"allow":["GET"]}}],"collection":[{"href":"https:\/\/www.iceireland.com\/fr\/wp-json\/wp\/v2\/pages"}],"about":[{"href":"https:\/\/www.iceireland.com\/fr\/wp-json\/wp\/v2\/types\/page"}],"author":[{"embeddable":true,"href":"https:\/\/www.iceireland.com\/fr\/wp-json\/wp\/v2\/users\/3"}],"replies":[{"embeddable":true,"href":"https:\/\/www.iceireland.com\/fr\/wp-json\/wp\/v2\/comments?post=33208"}],"version-history":[{"count":1,"href":"https:\/\/www.iceireland.com\/fr\/wp-json\/wp\/v2\/pages\/33208\/revisions"}],"predecessor-version":[{"id":33210,"href":"https:\/\/www.iceireland.com\/fr\/wp-json\/wp\/v2\/pages\/33208\/revisions\/33210"}],"wp:attachment":[{"href":"https:\/\/www.iceireland.com\/fr\/wp-json\/wp\/v2\/media?parent=33208"}],"curies":[{"name":"wp","href":"https:\/\/api.w.org\/{rel}","templated":true}]}}