{"id":33269,"date":"2024-04-30T09:25:48","date_gmt":"2024-04-30T09:25:48","guid":{"rendered":"https:\/\/www.iceireland.com\/ayp-students-information\/"},"modified":"2026-01-30T18:27:13","modified_gmt":"2026-01-30T18:27:13","slug":"ayp-students-information","status":"publish","type":"page","link":"https:\/\/www.iceireland.com\/fr\/ayp-students-information\/","title":{"rendered":"Informations sur les \u00e9tudiants AYP"},"content":{"rendered":"\t\t<div data-elementor-type=\"wp-page\" data-elementor-id=\"33269\" class=\"elementor elementor-33269 elementor-26655\" data-elementor-post-type=\"page\">\n\t\t\t\t\t\t<section class=\"elementor-section elementor-top-section elementor-element elementor-element-243d41d elementor-section-boxed elementor-section-height-default elementor-section-height-default\" data-id=\"243d41d\" data-element_type=\"section\" data-e-type=\"section\">\n\t\t\t\t\t\t<div class=\"elementor-container elementor-column-gap-default\">\n\t\t\t\t\t<div class=\"elementor-column elementor-col-100 elementor-top-column elementor-element elementor-element-676ff18\" data-id=\"676ff18\" data-element_type=\"column\" data-e-type=\"column\">\n\t\t\t<div class=\"elementor-widget-wrap elementor-element-populated\">\n\t\t\t\t\t\t<div class=\"elementor-element elementor-element-bbd609a elementor-widget elementor-widget-heading\" data-id=\"bbd609a\" data-element_type=\"widget\" data-e-type=\"widget\" data-widget_type=\"heading.default\">\n\t\t\t\t<div class=\"elementor-widget-container\">\n\t\t\t\t\t<h2 class=\"elementor-heading-title elementor-size-default\">Informations sur les \u00e9tudiants AYP<\/h2>\t\t\t\t<\/div>\n\t\t\t\t<\/div>\n\t\t\t\t\t<\/div>\n\t\t<\/div>\n\t\t\t\t\t<\/div>\n\t\t<\/section>\n\t\t\t\t<section class=\"elementor-section elementor-top-section elementor-element elementor-element-063f3d2 elementor-section-boxed elementor-section-height-default elementor-section-height-default\" data-id=\"063f3d2\" data-element_type=\"section\" data-e-type=\"section\">\n\t\t\t\t\t\t<div class=\"elementor-container elementor-column-gap-default\">\n\t\t\t\t\t<div class=\"elementor-column elementor-col-100 elementor-top-column elementor-element elementor-element-13de86c\" data-id=\"13de86c\" data-element_type=\"column\" data-e-type=\"column\">\n\t\t\t<div class=\"elementor-widget-wrap elementor-element-populated\">\n\t\t\t\t\t\t<div class=\"elementor-element elementor-element-d1f6baf elementor-widget elementor-widget-text-editor\" data-id=\"d1f6baf\" data-element_type=\"widget\" data-e-type=\"widget\" data-widget_type=\"text-editor.default\">\n\t\t\t\t<div class=\"elementor-widget-container\">\n\t\t\t\t\t\t\t\t\t<p>Le programme d&rsquo;ann\u00e9e universitaire est un cours de 35 semaines (25 semaines de cours) destin\u00e9 aux \u00e9tudiants non ressortissants de l&rsquo;EEE. Ce cours figure sur la liste provisoire des programmes \u00e9ligibles (ILEP) et convient aux \u00e9tudiants non ressortissants de l&rsquo;EEE qui souhaitent travailler et \u00e9tudier. Les \u00e9tudiants passent un examen reconnu \u00e0 la fin de leur cours (IELTS). <\/p><p> <\/p><p><strong>Travail et vacances<\/strong><\/p><p>Ann\u00e9e acad\u00e9mique Les \u00e9tudiants sont autoris\u00e9s \u00e0 travailler jusqu&rsquo;\u00e0 20 heures par semaine pendant leurs cours et jusqu&rsquo;\u00e0 40 heures par semaine pendant les vacances prises de juin \u00e0 septembre et du 15 d\u00e9cembre au 15 janvier.  <\/p><p>Les \u00e9tudiants doivent suivre 25 semaines de cours sur une p\u00e9riode de 8 mois. Les 10 semaines restantes constituent une p\u00e9riode de vacances. Il y a un cong\u00e9 obligatoire de 3 semaines pour les vacances de No\u00ebl, le reste des vacances \u00e9tant pris \u00e0 l&rsquo;issue des 25 semaines de cours. Les vacances que l&rsquo;\u00e9tudiant souhaite prendre en dehors de ces p\u00e9riodes doivent \u00eatre r\u00e9serv\u00e9es au cours de la premi\u00e8re semaine de cours.     <\/p><p> <\/p><p><strong><em>D\u00e9tails du cours<\/em><\/strong><em> <\/em><\/p><p><strong><em>Programme de l&rsquo;ann\u00e9e acad\u00e9mique : Anglais g\u00e9n\u00e9ral + IELTS<\/em><\/strong><em> <\/em><\/p><ul><li><em>25 semaines de cours<\/em><\/li><li><em>15 heures par semaine<\/em><\/li><li><em>Max. 15 \u00e9tudiants par classe<\/em><\/li><li><em>\u00c2ge minimum : 18 ans<\/em><\/li><\/ul><p><em> <\/em><\/p><p><strong>Veuillez noter<\/strong> qu&rsquo;\u00e0 partir du 30 juin 2025, les montants de la preuve de soutien financier pour les ressortissants non soumis \u00e0 l&rsquo;obligation de visa augmenteront comme indiqu\u00e9 ci-dessous, afin de s&rsquo;aligner sur les ressortissants soumis \u00e0 l&rsquo;obligation de visa.<\/p><ul><li>833 \u20ac par mois ou 6 665 \u20ac (au total) pour les cours donnant lieu \u00e0 une r\u00e9sidence de 8 mois ou moins.<\/li><\/ul><p><strong><em>Niveaux<\/em><\/strong><\/p><p><em> <\/em><\/p><table><tbody><tr><td width=\"208\"><p><strong><em>Niveau d&rsquo;entr\u00e9e<\/em><\/strong><\/p><p><strong><em> <\/em><\/strong><\/p><\/td><td width=\"208\"><p><strong><em>Niveau de sortie attendu<\/em><\/strong><\/p><p><strong><em> <\/em><\/strong><\/p><\/td><td width=\"208\"><p><strong><em>Options d&rsquo;examen<\/em><\/strong><\/p><p><strong><em> <\/em><\/strong><\/p><\/td><\/tr><tr><td width=\"208\"><p><em>Pr\u00e9-interm\u00e9diaire (A2)  <\/em><\/p><p><em> <\/em><\/p><\/td><td width=\"208\"><p><em>Interm\u00e9diaire (B1)<\/em><\/p><\/td><td width=\"208\"><p><em>Cambridge PET<\/em><\/p><\/td><\/tr><tr><td width=\"208\"><p><em>Interm\u00e9diaire (B1)<\/em><\/p><p><em> <\/em><\/p><\/td><td width=\"208\"><p><em>Interm\u00e9diaire sup\u00e9rieur (B2)<\/em><\/p><\/td><td width=\"208\"><p><em>IELTS  <\/em><\/p><\/td><\/tr><tr><td width=\"208\"><p><em>Interm\u00e9diaire sup\u00e9rieur (B2)<\/em><\/p><p><em> <\/em><\/p><\/td><td width=\"208\"><p><em>Avanc\u00e9 (C1)<\/em><\/p><\/td><td width=\"208\"><p><em>IELTS<\/em><\/p><\/td><\/tr><tr><td width=\"208\"><p><em>Avanc\u00e9 (C1)<\/em><\/p><p><em> <\/em><\/p><\/td><td width=\"208\"><p><em>Avanc\u00e9 (C1)<\/em><\/p><\/td><td width=\"208\"><p><em>IELTS<\/em><\/p><\/td><\/tr><\/tbody><\/table><p><em>Passez notre <\/em><a href=\"https:\/\/iceireland.typeform.com\/to\/J4KRFk\">test en ligne<\/a> <em>et nous vous confirmerons votre niveau.<\/em><\/p><p> <\/p><p><strong><em>Horaire de la classe : <\/em><\/strong>Du lundi au vendredi : de 9h15 \u00e0 12h30<\/p><p><strong>Vacances de No\u00ebl 2025<\/strong>: 15 d\u00e9cembre au 2 janvier<\/p><p><strong>Jours f\u00e9ri\u00e9s 2025<\/strong>: 3 f\u00e9vrier, 17 mars, 21 avril, 5 mai, 2 juin, 4 ao\u00fbt, 27 octobre<\/p><p> <\/p><p><strong><em>Frais de cours<\/em><\/strong><em> <\/em><\/p><p><em>Frais de cours : 3710<\/em><em> <\/em><\/p><p><em>Les frais comprennent<\/em><em> <\/em><\/p><ul><li>25 semaines de cours<\/li><li>Inscription<\/li><li>Livre de cours<\/li><li>Assurance m\u00e9dicale<\/li><li>Protection des apprenants<\/li><li>IELTS<\/li><\/ul><p><em> <\/em><\/p><p><em> <\/em><\/p><p><strong><em>Examens<\/em><em> <\/em><\/strong><\/p><p>Les \u00e9tudiants passeront l&rsquo;examen IELTS \u00e0 la fin du cours.<\/p><p> <\/p><p><strong><em>Pr\u00e9sence<\/em><\/strong><em> <\/em><\/p><p>Les \u00e9tudiants sont tenus de maintenir un taux d&rsquo;assiduit\u00e9 de 85 %.<em> <\/em><\/p><p><em> <\/em><\/p><p><strong><em>Travail et vacances<\/em><\/strong><em> <\/em><\/p><p>Les \u00e9tudiants en ann\u00e9e acad\u00e9mique doivent suivre 25 semaines de cours sur une p\u00e9riode de 8 mois. Les 10 semaines restantes constituent une p\u00e9riode de vacances. <\/p><p>Il y a un cong\u00e9 obligatoire de 3 semaines pour les vacances de No\u00ebl, le reste des vacances sera pris \u00e0 l&rsquo;issue des 25 semaines de cours, tout cong\u00e9 qu&rsquo;un \u00e9tudiant souhaite prendre en dehors de ces p\u00e9riodes doit \u00eatre r\u00e9serv\u00e9 au cours de la premi\u00e8re semaine de cours.<\/p><p>Les \u00e9tudiants de l&rsquo;ann\u00e9e acad\u00e9mique ont le droit de travailler 20 heures par semaine pendant les cours et 40 heures par semaine pendant les vacances prises de juin \u00e0 septembre et du<sup>15<\/sup> d\u00e9cembre au<sup>15<\/sup> janvier.<\/p><p><em> <\/em><\/p><p><strong><em>H\u00e9bergement<\/em><\/strong><em> <\/em><\/p><p>Nous pouvons vous proposer un h\u00e9bergement en famille d&rsquo;accueil \u00e0 Malahide ou dans l&rsquo;une des villes voisines de Malahide, \u00e0 10 ou 30 minutes de bus ou de train de l&rsquo;\u00e9cole. Le co\u00fbt est de 280 \u20ac par semaine, tous les repas sont inclus. L&rsquo;h\u00e9bergement en famille d&rsquo;accueil est soumis \u00e0 disponibilit\u00e9. La dur\u00e9e maximale de r\u00e9servation est de 4 semaines.  <\/p><p><em>  Ce cours  <\/em><\/p>\t\t\t\t\t\t\t\t<\/div>\n\t\t\t\t<\/div>\n\t\t\t\t\t<\/div>\n\t\t<\/div>\n\t\t\t\t\t<\/div>\n\t\t<\/section>\n\t\t\t\t<section class=\"elementor-section elementor-top-section elementor-element elementor-element-2c19fd8 elementor-section-boxed elementor-section-height-default elementor-section-height-default\" data-id=\"2c19fd8\" data-element_type=\"section\" data-e-type=\"section\">\n\t\t\t\t\t\t<div class=\"elementor-container elementor-column-gap-default\">\n\t\t\t\t\t<div class=\"elementor-column elementor-col-100 elementor-top-column elementor-element elementor-element-8322d7f\" data-id=\"8322d7f\" data-element_type=\"column\" data-e-type=\"column\">\n\t\t\t<div class=\"elementor-widget-wrap elementor-element-populated\">\n\t\t\t\t\t\t<div class=\"elementor-element elementor-element-7a47391 elementor-widget elementor-widget-text-editor\" data-id=\"7a47391\" data-element_type=\"widget\" data-e-type=\"widget\" data-widget_type=\"text-editor.default\">\n\t\t\t\t<div class=\"elementor-widget-container\">\n\t\t\t\t\t\t\t\t\t<div class=\"fusion-text fusion-text-5\"><p><strong>ILEP<\/strong><\/p><p>La liste provisoire des programmes \u00e9ligibles (ILEP) est une liste de programmes d&rsquo;enseignement sup\u00e9rieur approuv\u00e9s, \u00e9tablie par le minist\u00e8re irlandais de la justice et de l&rsquo;immigration.<\/p><p>Les prestataires de services \u00e9ducatifs qui ne sont pas inscrits \u00e0 l&rsquo;ILEP ne peuvent pas proposer de cours aux \u00e9tudiants non ressortissants de l&rsquo;EEE.  <span style=\"color: var( --e-global-color-text ); font-family: var( --e-global-typography-text-font-family ), Sans-serif; font-weight: var( --e-global-typography-text-font-weight );\">Les ressortissants de pays non membres de l&rsquo;EEE qui ont l&rsquo;intention d&rsquo;\u00e9tudier pendant plus de 90 jours doivent s&rsquo;inscrire \u00e0 un cours figurant sur la liste de l&rsquo;ILEP. Il doit s&rsquo;agir d&rsquo;un programme de jour \u00e0 temps plein, et non d&rsquo;un programme \u00e0 temps partiel ou d&rsquo;un programme d&rsquo;enseignement \u00e0 distance. <\/span><\/p><p>Tous les prestataires de services \u00e9ducatifs, y compris les universit\u00e9s, les \u00e9tablissements d&rsquo;enseignement sup\u00e9rieur et les \u00e9coles d&rsquo;anglais, doivent satisfaire \u00e0 certaines normes et exigences pour que leurs cours soient inclus dans l&rsquo;ILEP.<\/p><p>Par exemple, les prestataires de services \u00e9ducatifs doivent mettre en place des politiques ad\u00e9quates pour :<\/p><ul><li>Remboursement des frais de scolarit\u00e9 et autres paiements en cas de refus de votre visa d&rsquo;\u00e9tudiant<\/li><li>Contr\u00f4le de l&rsquo;assiduit\u00e9 et de la ponctualit\u00e9 des \u00e9l\u00e8ves<\/li><li>Gestion de l&rsquo;absent\u00e9isme et de l&rsquo;expulsion<\/li><li>Cong\u00e9 de maladie des \u00e9tudiants<\/li><li>Vacances et cong\u00e9s des \u00e9tudiants<\/li><li>Inscription des \u00e9tudiants aux examens de fin de programme<\/li><li>\u00c9valuations et examens des \u00e9l\u00e8ves<\/li><\/ul><p>En outre, tous les \u00e9tablissements d&rsquo;enseignement doivent offrir \u00e0 leurs \u00e9tudiants une protection des apprenants, \u00e9galement connue sous le nom de protection des apprenants inscrits. Cela signifie que des mesures sont mises en place pour vous permettre de poursuivre vos \u00e9tudes ailleurs ou de recevoir le remboursement de vos frais et honoraires si votre cours prend fin pr\u00e9matur\u00e9ment. <\/p><p>La lettre d&rsquo;acceptation de l&rsquo;\u00e9tablissement d&rsquo;enseignement que vous avez choisi doit indiquer clairement que vous \u00eates prot\u00e9g\u00e9 par des accords de protection des apprenants. Si les accords de protection de l&rsquo;apprenant sont conclus dans le cadre d&rsquo;un r\u00e9gime d&rsquo;assurance, votre \u00e9tablissement d&rsquo;enseignement doit vous remettre un certificat de preuve de protection de l&rsquo;apprenant attestant que vous \u00eates couvert. <\/p><p>Si vous \u00eates inscrit \u00e0 un cours d&rsquo;anglais de l&rsquo;ILEP, vous pouvez b\u00e9n\u00e9ficier d&rsquo;une autorisation d&rsquo;immigration unique d&rsquo;une dur\u00e9e maximale de huit mois.  <span style=\"color: var( --e-global-color-text ); font-family: var( --e-global-typography-text-font-family ), Sans-serif; font-weight: var( --e-global-typography-text-font-weight );\">Vous pouvez suivre jusqu&rsquo;\u00e0 trois cours d&rsquo;anglais au maximum, d&rsquo;une dur\u00e9e de huit mois chacun, pour un total de 24 mois d&rsquo;autorisation d&rsquo;immigration.<\/span><\/p><p>Notez que vous devrez satisfaire aux exigences d&rsquo;assiduit\u00e9 et passer un examen de fin de programme pour chaque cours que vous suivez afin de renouveler votre autorisation d&rsquo;\u00e9tudiant \u00e0 chaque fois.<\/p><p>Si vous souhaitez rester \u00e9tudiant apr\u00e8s l&rsquo;expiration de votre permis de s\u00e9jour, vous devez vous inscrire \u00e0 un programme d&rsquo;enseignement sup\u00e9rieur figurant sur la liste de l&rsquo;ILEP.<\/p><p data-wahfont=\"19\">La liste provisoire des programmes \u00e9ligibles (ILEP) <strong><a role=\"link\" href=\"https:\/\/www.irishimmigration.ie\/coming-to-study-in-ireland\/what-are-my-study-options\/a-third-level-course-or-a-language-course\/\" data-wahfont=\"19\">Liste provisoire des programmes admissibles (ILEP)<\/a><\/strong> contient la liste actuelle des programmes approuv\u00e9s.<\/p><p data-wahfont=\"19\">Une fois que vous vous \u00eates inscrit \u00e0 un programme d&rsquo;\u00e9tudes approuv\u00e9, vous pouvez demander un permis d&rsquo;immigration pour \u00e9tudier en Irlande.  <span style=\"color: var( --e-global-color-text ); font-family: var( --e-global-typography-text-font-family ), Sans-serif; font-weight: var( --e-global-typography-text-font-weight );\">Si vous vous inscrivez \u00e0 un programme de langue anglaise figurant sur la liste de l&rsquo;ILEP, vous pouvez demander un permis d&rsquo;immigration Stamp 2 d&rsquo;une dur\u00e9e maximale de huit mois. Vous devez <\/span><\/p><ul><li data-wahfont=\"19\">s&rsquo;inscrire \u00e0 un programme d&rsquo;une dur\u00e9e d&rsquo;au moins 25 semaines<\/li><li data-wahfont=\"19\">assister aux cours au moins 15 heures par semaine<\/li><li data-wahfont=\"19\">assister \u00e0 au moins 85 % de vos cours<\/li><li data-wahfont=\"19\">passer un examen de fin de programme.<\/li><\/ul><p> <\/p><p data-wahfont=\"19\"><span style=\"color: var( --e-global-color-text ); font-family: var( --e-global-typography-text-font-family ), Sans-serif; font-weight: var( --e-global-typography-text-font-weight );\">Les \u00e9tudiants \u00e9trangers peuvent travailler en Irlande sans avoir \u00e0 demander un visa de travail distinct. Toutefois, il existe des restrictions quant au nombre d&rsquo;heures de travail que vous pouvez effectuer. <\/span><\/p><\/div><p>Pendant l&rsquo;ann\u00e9e scolaire, vous pourrez travailler jusqu&rsquo;\u00e0 20 heures par semaine. Toutefois, pendant les vacances (juin, juillet, ao\u00fbt et septembre, et entre le 15 d\u00e9cembre et le 15 janvier), vous pourrez travailler jusqu&rsquo;\u00e0 40 heures par semaine. <\/p><p data-wahfont=\"19\"> <\/p>\t\t\t\t\t\t\t\t<\/div>\n\t\t\t\t<\/div>\n\t\t\t\t\t<\/div>\n\t\t<\/div>\n\t\t\t\t\t<\/div>\n\t\t<\/section>\n\t\t\t\t<\/div>\n\t\t","protected":false},"excerpt":{"rendered":"<p>Informations sur les \u00e9tudiants AYP Le programme d&rsquo;ann\u00e9e universitaire est un cours de 35 semaines (25 semaines de cours) destin\u00e9 aux \u00e9tudiants non ressortissants de l&rsquo;EEE. Ce cours figure sur la liste provisoire des programmes \u00e9ligibles (ILEP) et convient aux \u00e9tudiants non ressortissants de l&rsquo;EEE qui souhaitent travailler et \u00e9tudier. Les \u00e9tudiants passent un examen [&hellip;]<\/p>\n","protected":false},"author":3,"featured_media":0,"parent":0,"menu_order":0,"comment_status":"closed","ping_status":"closed","template":"","meta":{"content-type":"","footnotes":""},"class_list":["post-33269","page","type-page","status-publish","hentry"],"yoast_head":"<!-- This site is optimized with the Yoast SEO plugin v27.3 - https:\/\/yoast.com\/product\/yoast-seo-wordpress\/ -->\n<title>Informations sur les \u00e9tudiants AYP - Irish College of English<\/title>\n<meta name=\"robots\" content=\"index, follow, max-snippet:-1, max-image-preview:large, max-video-preview:-1\" \/>\n<link rel=\"canonical\" href=\"https:\/\/www.iceireland.com\/fr\/ayp-students-information\/\" \/>\n<meta property=\"og:locale\" content=\"fr_FR\" \/>\n<meta property=\"og:type\" content=\"article\" \/>\n<meta property=\"og:title\" content=\"Informations sur les \u00e9tudiants AYP - Irish College of English\" \/>\n<meta property=\"og:description\" content=\"Informations sur les \u00e9tudiants AYP Le programme d&rsquo;ann\u00e9e universitaire est un cours de 35 semaines (25 semaines de cours) destin\u00e9 aux \u00e9tudiants non ressortissants de l&rsquo;EEE. Ce cours figure sur la liste provisoire des programmes \u00e9ligibles (ILEP) et convient aux \u00e9tudiants non ressortissants de l&rsquo;EEE qui souhaitent travailler et \u00e9tudier. Les \u00e9tudiants passent un examen [&hellip;]\" \/>\n<meta property=\"og:url\" content=\"https:\/\/www.iceireland.com\/fr\/ayp-students-information\/\" \/>\n<meta property=\"og:site_name\" content=\"Irish College of English\" \/>\n<meta property=\"article:modified_time\" content=\"2026-01-30T18:27:13+00:00\" \/>\n<meta name=\"twitter:label1\" content=\"Dur\u00e9e de lecture estim\u00e9e\" \/>\n\t<meta name=\"twitter:data1\" content=\"6 minutes\" \/>\n<script type=\"application\/ld+json\" class=\"yoast-schema-graph\">{\"@context\":\"https:\\\/\\\/schema.org\",\"@graph\":[{\"@type\":\"WebPage\",\"@id\":\"https:\\\/\\\/www.iceireland.com\\\/fr\\\/ayp-students-information\\\/\",\"url\":\"https:\\\/\\\/www.iceireland.com\\\/fr\\\/ayp-students-information\\\/\",\"name\":\"Informations sur les \u00e9tudiants AYP - Irish College of English\",\"isPartOf\":{\"@id\":\"https:\\\/\\\/www.iceireland.com\\\/fr\\\/#website\"},\"datePublished\":\"2024-04-30T09:25:48+00:00\",\"dateModified\":\"2026-01-30T18:27:13+00:00\",\"breadcrumb\":{\"@id\":\"https:\\\/\\\/www.iceireland.com\\\/fr\\\/ayp-students-information\\\/#breadcrumb\"},\"inLanguage\":\"fr-FR\",\"potentialAction\":[{\"@type\":\"ReadAction\",\"target\":[\"https:\\\/\\\/www.iceireland.com\\\/fr\\\/ayp-students-information\\\/\"]}]},{\"@type\":\"BreadcrumbList\",\"@id\":\"https:\\\/\\\/www.iceireland.com\\\/fr\\\/ayp-students-information\\\/#breadcrumb\",\"itemListElement\":[{\"@type\":\"ListItem\",\"position\":1,\"name\":\"Home\",\"item\":\"https:\\\/\\\/www.iceireland.com\\\/fr\\\/\"},{\"@type\":\"ListItem\",\"position\":2,\"name\":\"Informations sur les \u00e9tudiants AYP\"}]},{\"@type\":\"WebSite\",\"@id\":\"https:\\\/\\\/www.iceireland.com\\\/fr\\\/#website\",\"url\":\"https:\\\/\\\/www.iceireland.com\\\/fr\\\/\",\"name\":\"Irish College of English\",\"description\":\"English School in Dublin, Malahide\",\"publisher\":{\"@id\":\"https:\\\/\\\/www.iceireland.com\\\/fr\\\/#organization\"},\"potentialAction\":[{\"@type\":\"SearchAction\",\"target\":{\"@type\":\"EntryPoint\",\"urlTemplate\":\"https:\\\/\\\/www.iceireland.com\\\/fr\\\/?s={search_term_string}\"},\"query-input\":{\"@type\":\"PropertyValueSpecification\",\"valueRequired\":true,\"valueName\":\"search_term_string\"}}],\"inLanguage\":\"fr-FR\"},{\"@type\":\"Organization\",\"@id\":\"https:\\\/\\\/www.iceireland.com\\\/fr\\\/#organization\",\"name\":\"Irish College of English\",\"url\":\"https:\\\/\\\/www.iceireland.com\\\/fr\\\/\",\"logo\":{\"@type\":\"ImageObject\",\"inLanguage\":\"fr-FR\",\"@id\":\"https:\\\/\\\/www.iceireland.com\\\/fr\\\/#\\\/schema\\\/logo\\\/image\\\/\",\"url\":\"https:\\\/\\\/www.iceireland.com\\\/wp-content\\\/uploads\\\/2022\\\/03\\\/logo.png\",\"contentUrl\":\"https:\\\/\\\/www.iceireland.com\\\/wp-content\\\/uploads\\\/2022\\\/03\\\/logo.png\",\"width\":593,\"height\":92,\"caption\":\"Irish College of English\"},\"image\":{\"@id\":\"https:\\\/\\\/www.iceireland.com\\\/fr\\\/#\\\/schema\\\/logo\\\/image\\\/\"}}]}<\/script>\n<!-- \/ Yoast SEO plugin. -->","yoast_head_json":{"title":"Informations sur les \u00e9tudiants AYP - Irish College of English","robots":{"index":"index","follow":"follow","max-snippet":"max-snippet:-1","max-image-preview":"max-image-preview:large","max-video-preview":"max-video-preview:-1"},"canonical":"https:\/\/www.iceireland.com\/fr\/ayp-students-information\/","og_locale":"fr_FR","og_type":"article","og_title":"Informations sur les \u00e9tudiants AYP - Irish College of English","og_description":"Informations sur les \u00e9tudiants AYP Le programme d&rsquo;ann\u00e9e universitaire est un cours de 35 semaines (25 semaines de cours) destin\u00e9 aux \u00e9tudiants non ressortissants de l&rsquo;EEE. Ce cours figure sur la liste provisoire des programmes \u00e9ligibles (ILEP) et convient aux \u00e9tudiants non ressortissants de l&rsquo;EEE qui souhaitent travailler et \u00e9tudier. Les \u00e9tudiants passent un examen [&hellip;]","og_url":"https:\/\/www.iceireland.com\/fr\/ayp-students-information\/","og_site_name":"Irish College of English","article_modified_time":"2026-01-30T18:27:13+00:00","twitter_misc":{"Dur\u00e9e de lecture estim\u00e9e":"6 minutes"},"schema":{"@context":"https:\/\/schema.org","@graph":[{"@type":"WebPage","@id":"https:\/\/www.iceireland.com\/fr\/ayp-students-information\/","url":"https:\/\/www.iceireland.com\/fr\/ayp-students-information\/","name":"Informations sur les \u00e9tudiants AYP - Irish College of English","isPartOf":{"@id":"https:\/\/www.iceireland.com\/fr\/#website"},"datePublished":"2024-04-30T09:25:48+00:00","dateModified":"2026-01-30T18:27:13+00:00","breadcrumb":{"@id":"https:\/\/www.iceireland.com\/fr\/ayp-students-information\/#breadcrumb"},"inLanguage":"fr-FR","potentialAction":[{"@type":"ReadAction","target":["https:\/\/www.iceireland.com\/fr\/ayp-students-information\/"]}]},{"@type":"BreadcrumbList","@id":"https:\/\/www.iceireland.com\/fr\/ayp-students-information\/#breadcrumb","itemListElement":[{"@type":"ListItem","position":1,"name":"Home","item":"https:\/\/www.iceireland.com\/fr\/"},{"@type":"ListItem","position":2,"name":"Informations sur les \u00e9tudiants AYP"}]},{"@type":"WebSite","@id":"https:\/\/www.iceireland.com\/fr\/#website","url":"https:\/\/www.iceireland.com\/fr\/","name":"Irish College of English","description":"English School in Dublin, Malahide","publisher":{"@id":"https:\/\/www.iceireland.com\/fr\/#organization"},"potentialAction":[{"@type":"SearchAction","target":{"@type":"EntryPoint","urlTemplate":"https:\/\/www.iceireland.com\/fr\/?s={search_term_string}"},"query-input":{"@type":"PropertyValueSpecification","valueRequired":true,"valueName":"search_term_string"}}],"inLanguage":"fr-FR"},{"@type":"Organization","@id":"https:\/\/www.iceireland.com\/fr\/#organization","name":"Irish College of English","url":"https:\/\/www.iceireland.com\/fr\/","logo":{"@type":"ImageObject","inLanguage":"fr-FR","@id":"https:\/\/www.iceireland.com\/fr\/#\/schema\/logo\/image\/","url":"https:\/\/www.iceireland.com\/wp-content\/uploads\/2022\/03\/logo.png","contentUrl":"https:\/\/www.iceireland.com\/wp-content\/uploads\/2022\/03\/logo.png","width":593,"height":92,"caption":"Irish College of English"},"image":{"@id":"https:\/\/www.iceireland.com\/fr\/#\/schema\/logo\/image\/"}}]}},"_links":{"self":[{"href":"https:\/\/www.iceireland.com\/fr\/wp-json\/wp\/v2\/pages\/33269","targetHints":{"allow":["GET"]}}],"collection":[{"href":"https:\/\/www.iceireland.com\/fr\/wp-json\/wp\/v2\/pages"}],"about":[{"href":"https:\/\/www.iceireland.com\/fr\/wp-json\/wp\/v2\/types\/page"}],"author":[{"embeddable":true,"href":"https:\/\/www.iceireland.com\/fr\/wp-json\/wp\/v2\/users\/3"}],"replies":[{"embeddable":true,"href":"https:\/\/www.iceireland.com\/fr\/wp-json\/wp\/v2\/comments?post=33269"}],"version-history":[{"count":1,"href":"https:\/\/www.iceireland.com\/fr\/wp-json\/wp\/v2\/pages\/33269\/revisions"}],"predecessor-version":[{"id":33271,"href":"https:\/\/www.iceireland.com\/fr\/wp-json\/wp\/v2\/pages\/33269\/revisions\/33271"}],"wp:attachment":[{"href":"https:\/\/www.iceireland.com\/fr\/wp-json\/wp\/v2\/media?parent=33269"}],"curies":[{"name":"wp","href":"https:\/\/api.w.org\/{rel}","templated":true}]}}