{"id":33314,"date":"2024-04-30T08:28:30","date_gmt":"2024-04-30T08:28:30","guid":{"rendered":"https:\/\/www.iceireland.com\/adult-student-events-activity-programme\/"},"modified":"2026-01-30T18:27:29","modified_gmt":"2026-01-30T18:27:29","slug":"adult-student-events-activity-programme","status":"publish","type":"page","link":"https:\/\/www.iceireland.com\/fr\/adult-student-events-activity-programme\/","title":{"rendered":"Programme d&rsquo;activit\u00e9s et d&rsquo;\u00e9v\u00e9nements pour les \u00e9tudiants adultes"},"content":{"rendered":"\t\t<div data-elementor-type=\"wp-page\" data-elementor-id=\"33314\" class=\"elementor elementor-33314 elementor-26633\" data-elementor-post-type=\"page\">\n\t\t\t\t\t\t<section class=\"elementor-section elementor-top-section elementor-element elementor-element-621842e elementor-section-boxed elementor-section-height-default elementor-section-height-default\" data-id=\"621842e\" data-element_type=\"section\" data-e-type=\"section\">\n\t\t\t\t\t\t<div class=\"elementor-container elementor-column-gap-default\">\n\t\t\t\t\t<div class=\"elementor-column elementor-col-100 elementor-top-column elementor-element elementor-element-9248c5c\" data-id=\"9248c5c\" data-element_type=\"column\" data-e-type=\"column\">\n\t\t\t<div class=\"elementor-widget-wrap elementor-element-populated\">\n\t\t\t\t\t\t<div class=\"elementor-element elementor-element-833c559 elementor-widget elementor-widget-heading\" data-id=\"833c559\" data-element_type=\"widget\" data-e-type=\"widget\" data-widget_type=\"heading.default\">\n\t\t\t\t<div class=\"elementor-widget-container\">\n\t\t\t\t\t<h2 class=\"elementor-heading-title elementor-size-default\">Programme d'activit\u00e9s et d'\u00e9v\u00e9nements pour les \u00e9tudiants adultes<\/h2>\t\t\t\t<\/div>\n\t\t\t\t<\/div>\n\t\t\t\t\t<\/div>\n\t\t<\/div>\n\t\t\t\t\t<\/div>\n\t\t<\/section>\n\t\t\t\t<section class=\"elementor-section elementor-top-section elementor-element elementor-element-cc16b05 elementor-section-boxed elementor-section-height-default elementor-section-height-default\" data-id=\"cc16b05\" data-element_type=\"section\" data-e-type=\"section\">\n\t\t\t\t\t\t<div class=\"elementor-container elementor-column-gap-default\">\n\t\t\t\t\t<div class=\"elementor-column elementor-col-100 elementor-top-column elementor-element elementor-element-af502e2\" data-id=\"af502e2\" data-element_type=\"column\" data-e-type=\"column\">\n\t\t\t<div class=\"elementor-widget-wrap elementor-element-populated\">\n\t\t\t\t\t\t<div class=\"elementor-element elementor-element-6cab296 elementor-widget elementor-widget-text-editor\" data-id=\"6cab296\" data-element_type=\"widget\" data-e-type=\"widget\" data-widget_type=\"text-editor.default\">\n\t\t\t\t<div class=\"elementor-widget-container\">\n\t\t\t\t\t\t\t\t\t<p>Notre programme d&rsquo;activit\u00e9s et d&rsquo;\u00e9v\u00e9nements pour les \u00e9tudiants adultes est un soutien suppl\u00e9mentaire que l&rsquo;ICE offre aux \u00e9tudiants adultes afin d&rsquo;am\u00e9liorer leur s\u00e9jour \u00e0 l&rsquo;\u00e9cole et de les aider \u00e0 s&rsquo;int\u00e9grer aux autres \u00e9tudiants, aux enseignants et \u00e0 la communaut\u00e9 au sens large.<\/p><p>Les proc\u00e9dures administratives relatives aux activit\u00e9s impliquent la formulation d&rsquo;\u00e9valuations des risques, la mise en \u0153uvre de politiques de supervision et de ratio, la gestion des activit\u00e9s et des t\u00e2ches li\u00e9es aux programmes acad\u00e9miques, et l&rsquo;assurance de l&rsquo;assiduit\u00e9.<\/p><p> <\/p><h4 style=\"text-align: center;\"><strong>Programme d&rsquo;activit\u00e9s hebdomadaires<\/strong><\/h4><p>Chaque semaine, une liste d&rsquo;activit\u00e9s et de co\u00fbts sera affich\u00e9e sur le tableau d&rsquo;affichage des \u00e9tudiants. Nous fournissons gratuitement un animateur pour accompagner les \u00e9tudiants. Les \u00e9tudiants doivent payer leur propre transport et les droits d&rsquo;entr\u00e9e, le cas \u00e9ch\u00e9ant. <\/p><p>Il y a une feuille d&rsquo;inscription et les \u00e9l\u00e8ves peuvent faire part de leur int\u00e9r\u00eat \u00e0 participer \u00e0 une activit\u00e9.<\/p>\t\t\t\t\t\t\t\t<\/div>\n\t\t\t\t<\/div>\n\t\t\t\t<div class=\"elementor-element elementor-element-da527fb elementor-widget elementor-widget-image\" data-id=\"da527fb\" data-element_type=\"widget\" data-e-type=\"widget\" data-widget_type=\"image.default\">\n\t\t\t\t<div class=\"elementor-widget-container\">\n\t\t\t\t\t\t\t\t\t\t\t\t\t\t\t<img fetchpriority=\"high\" decoding=\"async\" width=\"800\" height=\"534\" src=\"https:\/\/www.iceireland.com\/wp-content\/uploads\/2024\/10\/30th-Oct-10th-Nov-2-1024x683.png\" class=\"attachment-large size-large wp-image-28134\" alt=\"\" srcset=\"https:\/\/www.iceireland.com\/wp-content\/uploads\/2024\/10\/30th-Oct-10th-Nov-2-1024x683.png 1024w, https:\/\/www.iceireland.com\/wp-content\/uploads\/2024\/10\/30th-Oct-10th-Nov-2-300x200.png 300w, https:\/\/www.iceireland.com\/wp-content\/uploads\/2024\/10\/30th-Oct-10th-Nov-2-768x512.png 768w, https:\/\/www.iceireland.com\/wp-content\/uploads\/2024\/10\/30th-Oct-10th-Nov-2-1536x1024.png 1536w, https:\/\/www.iceireland.com\/wp-content\/uploads\/2024\/10\/30th-Oct-10th-Nov-2-2048x1365.png 2048w\" sizes=\"(max-width: 800px) 100vw, 800px\" \/>\t\t\t\t\t\t\t\t\t\t\t\t\t\t\t<\/div>\n\t\t\t\t<\/div>\n\t\t\t\t\t<\/div>\n\t\t<\/div>\n\t\t\t\t\t<\/div>\n\t\t<\/section>\n\t\t\t\t<section class=\"elementor-section elementor-top-section elementor-element elementor-element-7fdc1ab elementor-section-boxed elementor-section-height-default elementor-section-height-default\" data-id=\"7fdc1ab\" data-element_type=\"section\" data-e-type=\"section\">\n\t\t\t\t\t\t<div class=\"elementor-container elementor-column-gap-default\">\n\t\t\t\t\t<div class=\"elementor-column elementor-col-100 elementor-top-column elementor-element elementor-element-754cf18\" data-id=\"754cf18\" data-element_type=\"column\" data-e-type=\"column\">\n\t\t\t<div class=\"elementor-widget-wrap elementor-element-populated\">\n\t\t\t\t\t\t<div class=\"elementor-element elementor-element-ba17b63 elementor-widget elementor-widget-text-editor\" data-id=\"ba17b63\" data-element_type=\"widget\" data-e-type=\"widget\" data-widget_type=\"text-editor.default\">\n\t\t\t\t<div class=\"elementor-widget-container\">\n\t\t\t\t\t\t\t\t\t<h4 style=\"text-align: center;\"><span style=\"color: #339966;\"><strong>Sensibilisation interculturelle et culturelle \u00e0 l&rsquo;ICE<\/strong><\/span><\/h4><p class=\"cvGsUA direction-ltr align-start para-style-body\"><span class=\"OYPEnA font-feature-liga-off font-feature-clig-off font-feature-calt-off text-decoration-none text-strikethrough-none\">Au Irish College of English, nous pensons que l&rsquo;apprentissage de l&rsquo;anglais va au-del\u00e0 de la salle de classe. Il s&rsquo;agit \u00e9galement de comprendre les diff\u00e9rentes cultures, de se rapprocher des autres et de partager des exp\u00e9riences. Nos modules de culture irlandaise sont con\u00e7us pour vous faire d\u00e9couvrir la richesse de l&rsquo;histoire, des traditions et du mode de vie irlandais &#8211; du folklore et de la musique irlandais \u00e0 la c\u00e9l\u00e9bration de f\u00eates comme la Saint-Patrick et Halloween, toutes deux fortement enracin\u00e9es dans la culture irlandaise.  <\/span><\/p><p class=\"cvGsUA direction-ltr align-start para-style-body\"><span class=\"OYPEnA font-feature-liga-off font-feature-clig-off font-feature-calt-off text-decoration-none text-strikethrough-none\">Pour encourager les interactions sociales et aider les \u00e9tudiants \u00e0 faire connaissance, nous offrons gratuitement du caf\u00e9, du th\u00e9 et des biscuits pendant les pauses. Cela cr\u00e9e un espace accueillant o\u00f9 vous pouvez vous d\u00e9tendre, discuter avec vos camarades de classe et partager des cultures. <\/span><\/p><p class=\"cvGsUA direction-ltr align-start para-style-body\"><span class=\"OYPEnA font-feature-liga-off font-feature-clig-off font-feature-calt-off text-decoration-none text-strikethrough-none\">Nous organisons \u00e9galement toute une s\u00e9rie d&rsquo;\u00e9v\u00e9nements interculturels tout au long de l&rsquo;ann\u00e9e, tels que la Journ\u00e9e mondiale de l&rsquo;alimentation, au cours de laquelle les \u00e9tudiants sont invit\u00e9s \u00e0 apporter un plat de leur pays d&rsquo;origine, et la Journ\u00e9e internationale de la femme, qui c\u00e9l\u00e8bre les contributions des femmes de toutes les cultures. Nous c\u00e9l\u00e9brons les f\u00eates internationales en m\u00eame temps que les f\u00eates irlandaises, comme No\u00ebl, P\u00e2ques et la Journ\u00e9e mondiale de l&rsquo;environnement, favorisant ainsi une communaut\u00e9 qui valorise la diversit\u00e9 et le respect mutuel. <\/span><\/p><p class=\"cvGsUA direction-ltr align-start para-style-body\"><span class=\"OYPEnA font-feature-liga-off font-feature-clig-off font-feature-calt-off text-decoration-none text-strikethrough-none\">A l&rsquo;ICE, l&rsquo;apprentissage de l&rsquo;anglais est un voyage enrichi par les cultures et les amiti\u00e9s que vous rencontrerez en chemin.<\/span><\/p><p> <\/p><p class=\"cvGsUA direction-ltr align-start para-style-body\" style=\"text-align: center;\"><strong><span class=\"OYPEnA font-feature-liga-off font-feature-clig-off font-feature-calt-off text-decoration-none text-strikethrough-none\">Immersion culturelle compl\u00e8te avec des h\u00f4tes irlandais<\/span><\/strong><\/p><p class=\"cvGsUA direction-ltr align-start para-style-body\"><span class=\"OYPEnA font-feature-liga-off font-feature-clig-off font-feature-calt-off text-decoration-none text-strikethrough-none\">Certains \u00e9tudiants ont \u00e9galement l&rsquo;occasion unique de s\u00e9journer dans des familles d&rsquo;accueil irlandaises soigneusement s\u00e9lectionn\u00e9es, ce qui leur permet de s&rsquo;immerger totalement dans la culture locale. Vivre avec des h\u00f4tes irlandais permet aux \u00e9tudiants de faire l&rsquo;exp\u00e9rience directe de la vie quotidienne irlandaise, de mettre en pratique leurs comp\u00e9tences linguistiques dans un contexte r\u00e9el et d&rsquo;acqu\u00e9rir une compr\u00e9hension plus approfondie des coutumes et traditions locales. <\/span><\/p><p> <\/p><p class=\"cvGsUA direction-ltr align-start para-style-body\" style=\"text-align: center;\"><strong><span class=\"OYPEnA font-feature-liga-off font-feature-clig-off font-feature-calt-off text-decoration-none text-strikethrough-none\">Sensibilisation culturelle par le travail et l&rsquo;int\u00e9gration sociale en Irlande<\/span><\/strong><\/p><p class=\"cvGsUA direction-ltr align-start para-style-body\"><span class=\"OYPEnA font-feature-liga-off font-feature-clig-off font-feature-calt-off text-decoration-none text-strikethrough-none\">Pour les adultes qui \u00e9tudient en Irlande, la possibilit\u00e9 de travailler et de s&rsquo;engager dans des groupes sociaux locaux joue un r\u00f4le essentiel dans la sensibilisation \u00e0 la culture. Ces exp\u00e9riences offrent aux \u00e9tudiants une exposition pratique et r\u00e9elle \u00e0 la soci\u00e9t\u00e9 irlandaise, ce qui leur permet d&rsquo;\u00e9tablir des liens plus profonds et de d\u00e9velopper une compr\u00e9hension plus nuanc\u00e9e de la culture locale. <\/span><\/p><h4 style=\"text-align: center;\"><span style=\"color: #339966;\"><strong>\u00c9v\u00e9nements locaux<\/strong><\/span><\/h4><p>Nous avons une page de ressources qui vous donne des liens vers des sites utiles pour vous aider \u00e0 vous tenir au courant des \u00e9v\u00e9nements int\u00e9ressants qui se d\u00e9roulent dans notre localit\u00e9 et \u00e0 Dublin, voir www.iceireland.com\/events.<\/p>\t\t\t\t\t\t\t\t<\/div>\n\t\t\t\t<\/div>\n\t\t\t\t\t<\/div>\n\t\t<\/div>\n\t\t\t\t\t<\/div>\n\t\t<\/section>\n\t\t\t\t<section class=\"elementor-section elementor-top-section elementor-element elementor-element-80cf46b elementor-section-boxed elementor-section-height-default elementor-section-height-default\" data-id=\"80cf46b\" data-element_type=\"section\" data-e-type=\"section\">\n\t\t\t\t\t\t<div class=\"elementor-container elementor-column-gap-default\">\n\t\t\t\t\t<div class=\"elementor-column elementor-col-100 elementor-top-column elementor-element elementor-element-25370cf\" data-id=\"25370cf\" data-element_type=\"column\" data-e-type=\"column\">\n\t\t\t<div class=\"elementor-widget-wrap elementor-element-populated\">\n\t\t\t\t\t\t<div class=\"elementor-element elementor-element-6cfad06 elementor-widget elementor-widget-spacer\" data-id=\"6cfad06\" data-element_type=\"widget\" data-e-type=\"widget\" data-widget_type=\"spacer.default\">\n\t\t\t\t<div class=\"elementor-widget-container\">\n\t\t\t\t\t\t\t<div class=\"elementor-spacer\">\n\t\t\t<div class=\"elementor-spacer-inner\"><\/div>\n\t\t<\/div>\n\t\t\t\t\t\t<\/div>\n\t\t\t\t<\/div>\n\t\t\t\t\t<\/div>\n\t\t<\/div>\n\t\t\t\t\t<\/div>\n\t\t<\/section>\n\t\t\t\t<section class=\"elementor-section elementor-top-section elementor-element elementor-element-475a9f4 elementor-section-boxed elementor-section-height-default elementor-section-height-default\" data-id=\"475a9f4\" data-element_type=\"section\" data-e-type=\"section\">\n\t\t\t\t\t\t<div class=\"elementor-container elementor-column-gap-default\">\n\t\t\t\t\t<div class=\"elementor-column elementor-col-100 elementor-top-column elementor-element elementor-element-f08c36c\" data-id=\"f08c36c\" data-element_type=\"column\" data-e-type=\"column\">\n\t\t\t<div class=\"elementor-widget-wrap elementor-element-populated\">\n\t\t\t\t\t\t<div class=\"elementor-element elementor-element-af1be0d elementor-widget elementor-widget-image\" data-id=\"af1be0d\" data-element_type=\"widget\" data-e-type=\"widget\" data-widget_type=\"image.default\">\n\t\t\t\t<div class=\"elementor-widget-container\">\n\t\t\t\t\t\t\t\t\t\t\t\t\t\t\t<img decoding=\"async\" width=\"724\" height=\"1024\" src=\"https:\/\/www.iceireland.com\/wp-content\/uploads\/2024\/09\/Events-1-724x1024.png\" class=\"attachment-large size-large wp-image-27987\" alt=\"\" srcset=\"https:\/\/www.iceireland.com\/wp-content\/uploads\/2024\/09\/Events-1-724x1024.png 724w, https:\/\/www.iceireland.com\/wp-content\/uploads\/2024\/09\/Events-1-212x300.png 212w, https:\/\/www.iceireland.com\/wp-content\/uploads\/2024\/09\/Events-1-768x1086.png 768w, https:\/\/www.iceireland.com\/wp-content\/uploads\/2024\/09\/Events-1-1086x1536.png 1086w, https:\/\/www.iceireland.com\/wp-content\/uploads\/2024\/09\/Events-1-1448x2048.png 1448w, https:\/\/www.iceireland.com\/wp-content\/uploads\/2024\/09\/Events-1.png 1587w\" sizes=\"(max-width: 724px) 100vw, 724px\" \/>\t\t\t\t\t\t\t\t\t\t\t\t\t\t\t<\/div>\n\t\t\t\t<\/div>\n\t\t\t\t\t<\/div>\n\t\t<\/div>\n\t\t\t\t\t<\/div>\n\t\t<\/section>\n\t\t\t\t<\/div>\n\t\t","protected":false},"excerpt":{"rendered":"<p>Programme d&rsquo;activit\u00e9s et d&rsquo;\u00e9v\u00e9nements pour les \u00e9tudiants adultes Notre programme d&rsquo;activit\u00e9s et d&rsquo;\u00e9v\u00e9nements pour les \u00e9tudiants adultes est un soutien suppl\u00e9mentaire que l&rsquo;ICE offre aux \u00e9tudiants adultes afin d&rsquo;am\u00e9liorer leur s\u00e9jour \u00e0 l&rsquo;\u00e9cole et de les aider \u00e0 s&rsquo;int\u00e9grer aux autres \u00e9tudiants, aux enseignants et \u00e0 la communaut\u00e9 au sens large. Les proc\u00e9dures administratives relatives [&hellip;]<\/p>\n","protected":false},"author":3,"featured_media":0,"parent":0,"menu_order":0,"comment_status":"closed","ping_status":"closed","template":"","meta":{"content-type":"","footnotes":""},"class_list":["post-33314","page","type-page","status-publish","hentry"],"yoast_head":"<!-- This site is optimized with the Yoast SEO plugin v27.3 - https:\/\/yoast.com\/product\/yoast-seo-wordpress\/ -->\n<title>Programme d&#039;activit\u00e9s et d&#039;\u00e9v\u00e9nements pour les \u00e9tudiants adultes - Irish College of English<\/title>\n<meta name=\"robots\" content=\"index, follow, max-snippet:-1, max-image-preview:large, max-video-preview:-1\" \/>\n<link rel=\"canonical\" href=\"https:\/\/www.iceireland.com\/fr\/adult-student-events-activity-programme\/\" \/>\n<meta property=\"og:locale\" content=\"fr_FR\" \/>\n<meta property=\"og:type\" content=\"article\" \/>\n<meta property=\"og:title\" content=\"Programme d&#039;activit\u00e9s et d&#039;\u00e9v\u00e9nements pour les \u00e9tudiants adultes - Irish College of English\" \/>\n<meta property=\"og:description\" content=\"Programme d&rsquo;activit\u00e9s et d&rsquo;\u00e9v\u00e9nements pour les \u00e9tudiants adultes Notre programme d&rsquo;activit\u00e9s et d&rsquo;\u00e9v\u00e9nements pour les \u00e9tudiants adultes est un soutien suppl\u00e9mentaire que l&rsquo;ICE offre aux \u00e9tudiants adultes afin d&rsquo;am\u00e9liorer leur s\u00e9jour \u00e0 l&rsquo;\u00e9cole et de les aider \u00e0 s&rsquo;int\u00e9grer aux autres \u00e9tudiants, aux enseignants et \u00e0 la communaut\u00e9 au sens large. Les proc\u00e9dures administratives relatives [&hellip;]\" \/>\n<meta property=\"og:url\" content=\"https:\/\/www.iceireland.com\/fr\/adult-student-events-activity-programme\/\" \/>\n<meta property=\"og:site_name\" content=\"Irish College of English\" \/>\n<meta property=\"article:modified_time\" content=\"2026-01-30T18:27:29+00:00\" \/>\n<meta property=\"og:image\" content=\"https:\/\/www.iceireland.com\/wp-content\/uploads\/2024\/10\/30th-Oct-10th-Nov-2-1024x683.png\" \/>\n\t<meta property=\"og:image:width\" content=\"1024\" \/>\n\t<meta property=\"og:image:height\" content=\"683\" \/>\n\t<meta property=\"og:image:type\" content=\"image\/png\" \/>\n<meta name=\"twitter:label1\" content=\"Dur\u00e9e de lecture estim\u00e9e\" \/>\n\t<meta name=\"twitter:data1\" content=\"3 minutes\" \/>\n<script type=\"application\/ld+json\" class=\"yoast-schema-graph\">{\"@context\":\"https:\\\/\\\/schema.org\",\"@graph\":[{\"@type\":\"WebPage\",\"@id\":\"https:\\\/\\\/www.iceireland.com\\\/fr\\\/adult-student-events-activity-programme\\\/\",\"url\":\"https:\\\/\\\/www.iceireland.com\\\/fr\\\/adult-student-events-activity-programme\\\/\",\"name\":\"Programme d'activit\u00e9s et d'\u00e9v\u00e9nements pour les \u00e9tudiants adultes - Irish College of English\",\"isPartOf\":{\"@id\":\"https:\\\/\\\/www.iceireland.com\\\/fr\\\/#website\"},\"primaryImageOfPage\":{\"@id\":\"https:\\\/\\\/www.iceireland.com\\\/fr\\\/adult-student-events-activity-programme\\\/#primaryimage\"},\"image\":{\"@id\":\"https:\\\/\\\/www.iceireland.com\\\/fr\\\/adult-student-events-activity-programme\\\/#primaryimage\"},\"thumbnailUrl\":\"https:\\\/\\\/www.iceireland.com\\\/wp-content\\\/uploads\\\/2024\\\/10\\\/30th-Oct-10th-Nov-2-1024x683.png\",\"datePublished\":\"2024-04-30T08:28:30+00:00\",\"dateModified\":\"2026-01-30T18:27:29+00:00\",\"breadcrumb\":{\"@id\":\"https:\\\/\\\/www.iceireland.com\\\/fr\\\/adult-student-events-activity-programme\\\/#breadcrumb\"},\"inLanguage\":\"fr-FR\",\"potentialAction\":[{\"@type\":\"ReadAction\",\"target\":[\"https:\\\/\\\/www.iceireland.com\\\/fr\\\/adult-student-events-activity-programme\\\/\"]}]},{\"@type\":\"ImageObject\",\"inLanguage\":\"fr-FR\",\"@id\":\"https:\\\/\\\/www.iceireland.com\\\/fr\\\/adult-student-events-activity-programme\\\/#primaryimage\",\"url\":\"https:\\\/\\\/www.iceireland.com\\\/wp-content\\\/uploads\\\/2024\\\/10\\\/30th-Oct-10th-Nov-2-1024x683.png\",\"contentUrl\":\"https:\\\/\\\/www.iceireland.com\\\/wp-content\\\/uploads\\\/2024\\\/10\\\/30th-Oct-10th-Nov-2-1024x683.png\"},{\"@type\":\"BreadcrumbList\",\"@id\":\"https:\\\/\\\/www.iceireland.com\\\/fr\\\/adult-student-events-activity-programme\\\/#breadcrumb\",\"itemListElement\":[{\"@type\":\"ListItem\",\"position\":1,\"name\":\"Home\",\"item\":\"https:\\\/\\\/www.iceireland.com\\\/fr\\\/\"},{\"@type\":\"ListItem\",\"position\":2,\"name\":\"Programme d&rsquo;activit\u00e9s et d&rsquo;\u00e9v\u00e9nements pour les \u00e9tudiants adultes\"}]},{\"@type\":\"WebSite\",\"@id\":\"https:\\\/\\\/www.iceireland.com\\\/fr\\\/#website\",\"url\":\"https:\\\/\\\/www.iceireland.com\\\/fr\\\/\",\"name\":\"Irish College of English\",\"description\":\"English School in Dublin, Malahide\",\"publisher\":{\"@id\":\"https:\\\/\\\/www.iceireland.com\\\/fr\\\/#organization\"},\"potentialAction\":[{\"@type\":\"SearchAction\",\"target\":{\"@type\":\"EntryPoint\",\"urlTemplate\":\"https:\\\/\\\/www.iceireland.com\\\/fr\\\/?s={search_term_string}\"},\"query-input\":{\"@type\":\"PropertyValueSpecification\",\"valueRequired\":true,\"valueName\":\"search_term_string\"}}],\"inLanguage\":\"fr-FR\"},{\"@type\":\"Organization\",\"@id\":\"https:\\\/\\\/www.iceireland.com\\\/fr\\\/#organization\",\"name\":\"Irish College of English\",\"url\":\"https:\\\/\\\/www.iceireland.com\\\/fr\\\/\",\"logo\":{\"@type\":\"ImageObject\",\"inLanguage\":\"fr-FR\",\"@id\":\"https:\\\/\\\/www.iceireland.com\\\/fr\\\/#\\\/schema\\\/logo\\\/image\\\/\",\"url\":\"https:\\\/\\\/www.iceireland.com\\\/wp-content\\\/uploads\\\/2022\\\/03\\\/logo.png\",\"contentUrl\":\"https:\\\/\\\/www.iceireland.com\\\/wp-content\\\/uploads\\\/2022\\\/03\\\/logo.png\",\"width\":593,\"height\":92,\"caption\":\"Irish College of English\"},\"image\":{\"@id\":\"https:\\\/\\\/www.iceireland.com\\\/fr\\\/#\\\/schema\\\/logo\\\/image\\\/\"}}]}<\/script>\n<!-- \/ Yoast SEO plugin. -->","yoast_head_json":{"title":"Programme d'activit\u00e9s et d'\u00e9v\u00e9nements pour les \u00e9tudiants adultes - Irish College of English","robots":{"index":"index","follow":"follow","max-snippet":"max-snippet:-1","max-image-preview":"max-image-preview:large","max-video-preview":"max-video-preview:-1"},"canonical":"https:\/\/www.iceireland.com\/fr\/adult-student-events-activity-programme\/","og_locale":"fr_FR","og_type":"article","og_title":"Programme d'activit\u00e9s et d'\u00e9v\u00e9nements pour les \u00e9tudiants adultes - Irish College of English","og_description":"Programme d&rsquo;activit\u00e9s et d&rsquo;\u00e9v\u00e9nements pour les \u00e9tudiants adultes Notre programme d&rsquo;activit\u00e9s et d&rsquo;\u00e9v\u00e9nements pour les \u00e9tudiants adultes est un soutien suppl\u00e9mentaire que l&rsquo;ICE offre aux \u00e9tudiants adultes afin d&rsquo;am\u00e9liorer leur s\u00e9jour \u00e0 l&rsquo;\u00e9cole et de les aider \u00e0 s&rsquo;int\u00e9grer aux autres \u00e9tudiants, aux enseignants et \u00e0 la communaut\u00e9 au sens large. Les proc\u00e9dures administratives relatives [&hellip;]","og_url":"https:\/\/www.iceireland.com\/fr\/adult-student-events-activity-programme\/","og_site_name":"Irish College of English","article_modified_time":"2026-01-30T18:27:29+00:00","og_image":[{"width":1024,"height":683,"url":"https:\/\/www.iceireland.com\/wp-content\/uploads\/2024\/10\/30th-Oct-10th-Nov-2-1024x683.png","type":"image\/png"}],"twitter_misc":{"Dur\u00e9e de lecture estim\u00e9e":"3 minutes"},"schema":{"@context":"https:\/\/schema.org","@graph":[{"@type":"WebPage","@id":"https:\/\/www.iceireland.com\/fr\/adult-student-events-activity-programme\/","url":"https:\/\/www.iceireland.com\/fr\/adult-student-events-activity-programme\/","name":"Programme d'activit\u00e9s et d'\u00e9v\u00e9nements pour les \u00e9tudiants adultes - Irish College of English","isPartOf":{"@id":"https:\/\/www.iceireland.com\/fr\/#website"},"primaryImageOfPage":{"@id":"https:\/\/www.iceireland.com\/fr\/adult-student-events-activity-programme\/#primaryimage"},"image":{"@id":"https:\/\/www.iceireland.com\/fr\/adult-student-events-activity-programme\/#primaryimage"},"thumbnailUrl":"https:\/\/www.iceireland.com\/wp-content\/uploads\/2024\/10\/30th-Oct-10th-Nov-2-1024x683.png","datePublished":"2024-04-30T08:28:30+00:00","dateModified":"2026-01-30T18:27:29+00:00","breadcrumb":{"@id":"https:\/\/www.iceireland.com\/fr\/adult-student-events-activity-programme\/#breadcrumb"},"inLanguage":"fr-FR","potentialAction":[{"@type":"ReadAction","target":["https:\/\/www.iceireland.com\/fr\/adult-student-events-activity-programme\/"]}]},{"@type":"ImageObject","inLanguage":"fr-FR","@id":"https:\/\/www.iceireland.com\/fr\/adult-student-events-activity-programme\/#primaryimage","url":"https:\/\/www.iceireland.com\/wp-content\/uploads\/2024\/10\/30th-Oct-10th-Nov-2-1024x683.png","contentUrl":"https:\/\/www.iceireland.com\/wp-content\/uploads\/2024\/10\/30th-Oct-10th-Nov-2-1024x683.png"},{"@type":"BreadcrumbList","@id":"https:\/\/www.iceireland.com\/fr\/adult-student-events-activity-programme\/#breadcrumb","itemListElement":[{"@type":"ListItem","position":1,"name":"Home","item":"https:\/\/www.iceireland.com\/fr\/"},{"@type":"ListItem","position":2,"name":"Programme d&rsquo;activit\u00e9s et d&rsquo;\u00e9v\u00e9nements pour les \u00e9tudiants adultes"}]},{"@type":"WebSite","@id":"https:\/\/www.iceireland.com\/fr\/#website","url":"https:\/\/www.iceireland.com\/fr\/","name":"Irish College of English","description":"English School in Dublin, Malahide","publisher":{"@id":"https:\/\/www.iceireland.com\/fr\/#organization"},"potentialAction":[{"@type":"SearchAction","target":{"@type":"EntryPoint","urlTemplate":"https:\/\/www.iceireland.com\/fr\/?s={search_term_string}"},"query-input":{"@type":"PropertyValueSpecification","valueRequired":true,"valueName":"search_term_string"}}],"inLanguage":"fr-FR"},{"@type":"Organization","@id":"https:\/\/www.iceireland.com\/fr\/#organization","name":"Irish College of English","url":"https:\/\/www.iceireland.com\/fr\/","logo":{"@type":"ImageObject","inLanguage":"fr-FR","@id":"https:\/\/www.iceireland.com\/fr\/#\/schema\/logo\/image\/","url":"https:\/\/www.iceireland.com\/wp-content\/uploads\/2022\/03\/logo.png","contentUrl":"https:\/\/www.iceireland.com\/wp-content\/uploads\/2022\/03\/logo.png","width":593,"height":92,"caption":"Irish College of English"},"image":{"@id":"https:\/\/www.iceireland.com\/fr\/#\/schema\/logo\/image\/"}}]}},"_links":{"self":[{"href":"https:\/\/www.iceireland.com\/fr\/wp-json\/wp\/v2\/pages\/33314","targetHints":{"allow":["GET"]}}],"collection":[{"href":"https:\/\/www.iceireland.com\/fr\/wp-json\/wp\/v2\/pages"}],"about":[{"href":"https:\/\/www.iceireland.com\/fr\/wp-json\/wp\/v2\/types\/page"}],"author":[{"embeddable":true,"href":"https:\/\/www.iceireland.com\/fr\/wp-json\/wp\/v2\/users\/3"}],"replies":[{"embeddable":true,"href":"https:\/\/www.iceireland.com\/fr\/wp-json\/wp\/v2\/comments?post=33314"}],"version-history":[{"count":1,"href":"https:\/\/www.iceireland.com\/fr\/wp-json\/wp\/v2\/pages\/33314\/revisions"}],"predecessor-version":[{"id":33316,"href":"https:\/\/www.iceireland.com\/fr\/wp-json\/wp\/v2\/pages\/33314\/revisions\/33316"}],"wp:attachment":[{"href":"https:\/\/www.iceireland.com\/fr\/wp-json\/wp\/v2\/media?parent=33314"}],"curies":[{"name":"wp","href":"https:\/\/api.w.org\/{rel}","templated":true}]}}