{"id":33463,"date":"2024-04-29T15:19:22","date_gmt":"2024-04-29T15:19:22","guid":{"rendered":"https:\/\/www.iceireland.com\/student-welfare-officers\/"},"modified":"2026-01-30T18:28:10","modified_gmt":"2026-01-30T18:28:10","slug":"student-welfare-officers","status":"publish","type":"page","link":"https:\/\/www.iceireland.com\/fr\/student-welfare-officers\/","title":{"rendered":"Fonctionnaires charg\u00e9s de l&rsquo;aide sociale aux \u00e9tudiants"},"content":{"rendered":"\t\t<div data-elementor-type=\"wp-page\" data-elementor-id=\"33463\" class=\"elementor elementor-33463 elementor-26570\" data-elementor-post-type=\"page\">\n\t\t\t\t\t\t<section class=\"elementor-section elementor-top-section elementor-element elementor-element-763889f elementor-section-boxed elementor-section-height-default elementor-section-height-default\" data-id=\"763889f\" data-element_type=\"section\" data-e-type=\"section\">\n\t\t\t\t\t\t<div class=\"elementor-container elementor-column-gap-default\">\n\t\t\t\t\t<div class=\"elementor-column elementor-col-100 elementor-top-column elementor-element elementor-element-6be54b6\" data-id=\"6be54b6\" data-element_type=\"column\" data-e-type=\"column\">\n\t\t\t<div class=\"elementor-widget-wrap elementor-element-populated\">\n\t\t\t\t\t\t<div class=\"elementor-element elementor-element-cc41595 elementor-widget elementor-widget-heading\" data-id=\"cc41595\" data-element_type=\"widget\" data-e-type=\"widget\" data-widget_type=\"heading.default\">\n\t\t\t\t<div class=\"elementor-widget-container\">\n\t\t\t\t\t<h2 class=\"elementor-heading-title elementor-size-default\">Agents d'aide sociale aux \u00e9tudiants - Nous sommes l\u00e0 pour vous aider !<\/h2>\t\t\t\t<\/div>\n\t\t\t\t<\/div>\n\t\t\t\t\t<\/div>\n\t\t<\/div>\n\t\t\t\t\t<\/div>\n\t\t<\/section>\n\t\t\t\t<section class=\"elementor-section elementor-top-section elementor-element elementor-element-7f70896 elementor-section-boxed elementor-section-height-default elementor-section-height-default\" data-id=\"7f70896\" data-element_type=\"section\" data-e-type=\"section\">\n\t\t\t\t\t\t<div class=\"elementor-container elementor-column-gap-default\">\n\t\t\t\t\t<div class=\"elementor-column elementor-col-100 elementor-top-column elementor-element elementor-element-2de0e58\" data-id=\"2de0e58\" data-element_type=\"column\" data-e-type=\"column\">\n\t\t\t<div class=\"elementor-widget-wrap elementor-element-populated\">\n\t\t\t\t\t\t<div class=\"elementor-element elementor-element-4aba74e elementor-widget elementor-widget-text-editor\" data-id=\"4aba74e\" data-element_type=\"widget\" data-e-type=\"widget\" data-widget_type=\"text-editor.default\">\n\t\t\t\t<div class=\"elementor-widget-container\">\n\t\t\t\t\t\t\t\t\t<p>\u00c0 l&rsquo;Irish College of English, nous avons des responsables de l&rsquo;aide sociale aux \u00e9tudiants qui sont l\u00e0 pour vous aider.<\/p><p>Au Irish College of English, le bien-\u00eatre des \u00e9tudiants est notre priorit\u00e9 absolue. Nous comprenons qu&rsquo;\u00e9tudier \u00e0 l&rsquo;\u00e9tranger peut \u00eatre \u00e0 la fois excitant et difficile, c&rsquo;est pourquoi nous avons des responsables de l&rsquo;aide sociale aux \u00e9tudiants pr\u00eats \u00e0 vous soutenir \u00e0 chaque \u00e9tape. <\/p><p>Notre \u00e9quipe, compos\u00e9e de responsables sp\u00e9cifiques adultes et juniors, est l\u00e0 pour veiller \u00e0 ce que votre s\u00e9jour parmi nous ne soit pas seulement satisfaisant sur le plan acad\u00e9mique, mais aussi enrichissant sur le plan personnel. Que vous ayez le mal du pays, que vous rencontriez des difficult\u00e9s scolaires ou que vous ayez simplement besoin de parler \u00e0 quelqu&rsquo;un, nos portes &#8211; et nos c\u0153urs &#8211; sont toujours ouverts. <\/p><p>En plus de nos services de soutien habituels, nous disposons de ressources financi\u00e8res pour soutenir les \u00e9tudiants dans des circonstances sp\u00e9cifiques.<\/p><p>Responsable du bien-\u00eatre des \u00e9tudiants adultes &#8211; Ian Mc Elhinney &#8211; <a href=\"mailto:ianmcelhinney@iceireland.com\">ianmcelhinney@iceireland.com<\/a><\/p><p>Principal Junior Welfare Officer et DLP &#8211; Susan Mc Elhinney <a href=\"mailto:info@iceland.com\">info@iceland.com<\/a><\/p><p>Nos r\u00e9sidences disposent d&rsquo;agents de bien-\u00eatre des \u00e9tudiants suppl\u00e9mentaires, dont les coordonn\u00e9es figurent dans le manuel de l&rsquo;\u00e9tudiant de la r\u00e9sidence sp\u00e9cifique.<\/p>\t\t\t\t\t\t\t\t<\/div>\n\t\t\t\t<\/div>\n\t\t\t\t\t<\/div>\n\t\t<\/div>\n\t\t\t\t\t<\/div>\n\t\t<\/section>\n\t\t\t\t<\/div>\n\t\t","protected":false},"excerpt":{"rendered":"<p>Agents d&rsquo;aide sociale aux \u00e9tudiants &#8211; Nous sommes l\u00e0 pour vous aider ! \u00c0 l&rsquo;Irish College of English, nous avons des responsables de l&rsquo;aide sociale aux \u00e9tudiants qui sont l\u00e0 pour vous aider. Au Irish College of English, le bien-\u00eatre des \u00e9tudiants est notre priorit\u00e9 absolue. Nous comprenons qu&rsquo;\u00e9tudier \u00e0 l&rsquo;\u00e9tranger peut \u00eatre \u00e0 la [&hellip;]<\/p>\n","protected":false},"author":3,"featured_media":0,"parent":0,"menu_order":0,"comment_status":"closed","ping_status":"closed","template":"","meta":{"content-type":"","footnotes":""},"class_list":["post-33463","page","type-page","status-publish","hentry"],"yoast_head":"<!-- This site is optimized with the Yoast SEO plugin v27.3 - https:\/\/yoast.com\/product\/yoast-seo-wordpress\/ -->\n<title>Fonctionnaires charg\u00e9s de l&#039;aide sociale aux \u00e9tudiants - Irish College of English<\/title>\n<meta name=\"robots\" content=\"index, follow, max-snippet:-1, max-image-preview:large, max-video-preview:-1\" \/>\n<link rel=\"canonical\" href=\"https:\/\/www.iceireland.com\/fr\/student-welfare-officers\/\" \/>\n<meta property=\"og:locale\" content=\"fr_FR\" \/>\n<meta property=\"og:type\" content=\"article\" \/>\n<meta property=\"og:title\" content=\"Fonctionnaires charg\u00e9s de l&#039;aide sociale aux \u00e9tudiants - Irish College of English\" \/>\n<meta property=\"og:description\" content=\"Agents d&rsquo;aide sociale aux \u00e9tudiants &#8211; Nous sommes l\u00e0 pour vous aider ! \u00c0 l&rsquo;Irish College of English, nous avons des responsables de l&rsquo;aide sociale aux \u00e9tudiants qui sont l\u00e0 pour vous aider. Au Irish College of English, le bien-\u00eatre des \u00e9tudiants est notre priorit\u00e9 absolue. Nous comprenons qu&rsquo;\u00e9tudier \u00e0 l&rsquo;\u00e9tranger peut \u00eatre \u00e0 la [&hellip;]\" \/>\n<meta property=\"og:url\" content=\"https:\/\/www.iceireland.com\/fr\/student-welfare-officers\/\" \/>\n<meta property=\"og:site_name\" content=\"Irish College of English\" \/>\n<meta property=\"article:modified_time\" content=\"2026-01-30T18:28:10+00:00\" \/>\n<meta name=\"twitter:label1\" content=\"Dur\u00e9e de lecture estim\u00e9e\" \/>\n\t<meta name=\"twitter:data1\" content=\"1 minute\" \/>\n<script type=\"application\/ld+json\" class=\"yoast-schema-graph\">{\"@context\":\"https:\\\/\\\/schema.org\",\"@graph\":[{\"@type\":\"WebPage\",\"@id\":\"https:\\\/\\\/www.iceireland.com\\\/fr\\\/student-welfare-officers\\\/\",\"url\":\"https:\\\/\\\/www.iceireland.com\\\/fr\\\/student-welfare-officers\\\/\",\"name\":\"Fonctionnaires charg\u00e9s de l'aide sociale aux \u00e9tudiants - Irish College of English\",\"isPartOf\":{\"@id\":\"https:\\\/\\\/www.iceireland.com\\\/fr\\\/#website\"},\"datePublished\":\"2024-04-29T15:19:22+00:00\",\"dateModified\":\"2026-01-30T18:28:10+00:00\",\"breadcrumb\":{\"@id\":\"https:\\\/\\\/www.iceireland.com\\\/fr\\\/student-welfare-officers\\\/#breadcrumb\"},\"inLanguage\":\"fr-FR\",\"potentialAction\":[{\"@type\":\"ReadAction\",\"target\":[\"https:\\\/\\\/www.iceireland.com\\\/fr\\\/student-welfare-officers\\\/\"]}]},{\"@type\":\"BreadcrumbList\",\"@id\":\"https:\\\/\\\/www.iceireland.com\\\/fr\\\/student-welfare-officers\\\/#breadcrumb\",\"itemListElement\":[{\"@type\":\"ListItem\",\"position\":1,\"name\":\"Home\",\"item\":\"https:\\\/\\\/www.iceireland.com\\\/fr\\\/\"},{\"@type\":\"ListItem\",\"position\":2,\"name\":\"Fonctionnaires charg\u00e9s de l&#8217;aide sociale aux \u00e9tudiants\"}]},{\"@type\":\"WebSite\",\"@id\":\"https:\\\/\\\/www.iceireland.com\\\/fr\\\/#website\",\"url\":\"https:\\\/\\\/www.iceireland.com\\\/fr\\\/\",\"name\":\"Irish College of English\",\"description\":\"English School in Dublin, Malahide\",\"publisher\":{\"@id\":\"https:\\\/\\\/www.iceireland.com\\\/fr\\\/#organization\"},\"potentialAction\":[{\"@type\":\"SearchAction\",\"target\":{\"@type\":\"EntryPoint\",\"urlTemplate\":\"https:\\\/\\\/www.iceireland.com\\\/fr\\\/?s={search_term_string}\"},\"query-input\":{\"@type\":\"PropertyValueSpecification\",\"valueRequired\":true,\"valueName\":\"search_term_string\"}}],\"inLanguage\":\"fr-FR\"},{\"@type\":\"Organization\",\"@id\":\"https:\\\/\\\/www.iceireland.com\\\/fr\\\/#organization\",\"name\":\"Irish College of English\",\"url\":\"https:\\\/\\\/www.iceireland.com\\\/fr\\\/\",\"logo\":{\"@type\":\"ImageObject\",\"inLanguage\":\"fr-FR\",\"@id\":\"https:\\\/\\\/www.iceireland.com\\\/fr\\\/#\\\/schema\\\/logo\\\/image\\\/\",\"url\":\"https:\\\/\\\/www.iceireland.com\\\/wp-content\\\/uploads\\\/2022\\\/03\\\/logo.png\",\"contentUrl\":\"https:\\\/\\\/www.iceireland.com\\\/wp-content\\\/uploads\\\/2022\\\/03\\\/logo.png\",\"width\":593,\"height\":92,\"caption\":\"Irish College of English\"},\"image\":{\"@id\":\"https:\\\/\\\/www.iceireland.com\\\/fr\\\/#\\\/schema\\\/logo\\\/image\\\/\"}}]}<\/script>\n<!-- \/ Yoast SEO plugin. -->","yoast_head_json":{"title":"Fonctionnaires charg\u00e9s de l'aide sociale aux \u00e9tudiants - Irish College of English","robots":{"index":"index","follow":"follow","max-snippet":"max-snippet:-1","max-image-preview":"max-image-preview:large","max-video-preview":"max-video-preview:-1"},"canonical":"https:\/\/www.iceireland.com\/fr\/student-welfare-officers\/","og_locale":"fr_FR","og_type":"article","og_title":"Fonctionnaires charg\u00e9s de l'aide sociale aux \u00e9tudiants - Irish College of English","og_description":"Agents d&rsquo;aide sociale aux \u00e9tudiants &#8211; Nous sommes l\u00e0 pour vous aider ! \u00c0 l&rsquo;Irish College of English, nous avons des responsables de l&rsquo;aide sociale aux \u00e9tudiants qui sont l\u00e0 pour vous aider. Au Irish College of English, le bien-\u00eatre des \u00e9tudiants est notre priorit\u00e9 absolue. Nous comprenons qu&rsquo;\u00e9tudier \u00e0 l&rsquo;\u00e9tranger peut \u00eatre \u00e0 la [&hellip;]","og_url":"https:\/\/www.iceireland.com\/fr\/student-welfare-officers\/","og_site_name":"Irish College of English","article_modified_time":"2026-01-30T18:28:10+00:00","twitter_misc":{"Dur\u00e9e de lecture estim\u00e9e":"1 minute"},"schema":{"@context":"https:\/\/schema.org","@graph":[{"@type":"WebPage","@id":"https:\/\/www.iceireland.com\/fr\/student-welfare-officers\/","url":"https:\/\/www.iceireland.com\/fr\/student-welfare-officers\/","name":"Fonctionnaires charg\u00e9s de l'aide sociale aux \u00e9tudiants - Irish College of English","isPartOf":{"@id":"https:\/\/www.iceireland.com\/fr\/#website"},"datePublished":"2024-04-29T15:19:22+00:00","dateModified":"2026-01-30T18:28:10+00:00","breadcrumb":{"@id":"https:\/\/www.iceireland.com\/fr\/student-welfare-officers\/#breadcrumb"},"inLanguage":"fr-FR","potentialAction":[{"@type":"ReadAction","target":["https:\/\/www.iceireland.com\/fr\/student-welfare-officers\/"]}]},{"@type":"BreadcrumbList","@id":"https:\/\/www.iceireland.com\/fr\/student-welfare-officers\/#breadcrumb","itemListElement":[{"@type":"ListItem","position":1,"name":"Home","item":"https:\/\/www.iceireland.com\/fr\/"},{"@type":"ListItem","position":2,"name":"Fonctionnaires charg\u00e9s de l&#8217;aide sociale aux \u00e9tudiants"}]},{"@type":"WebSite","@id":"https:\/\/www.iceireland.com\/fr\/#website","url":"https:\/\/www.iceireland.com\/fr\/","name":"Irish College of English","description":"English School in Dublin, Malahide","publisher":{"@id":"https:\/\/www.iceireland.com\/fr\/#organization"},"potentialAction":[{"@type":"SearchAction","target":{"@type":"EntryPoint","urlTemplate":"https:\/\/www.iceireland.com\/fr\/?s={search_term_string}"},"query-input":{"@type":"PropertyValueSpecification","valueRequired":true,"valueName":"search_term_string"}}],"inLanguage":"fr-FR"},{"@type":"Organization","@id":"https:\/\/www.iceireland.com\/fr\/#organization","name":"Irish College of English","url":"https:\/\/www.iceireland.com\/fr\/","logo":{"@type":"ImageObject","inLanguage":"fr-FR","@id":"https:\/\/www.iceireland.com\/fr\/#\/schema\/logo\/image\/","url":"https:\/\/www.iceireland.com\/wp-content\/uploads\/2022\/03\/logo.png","contentUrl":"https:\/\/www.iceireland.com\/wp-content\/uploads\/2022\/03\/logo.png","width":593,"height":92,"caption":"Irish College of English"},"image":{"@id":"https:\/\/www.iceireland.com\/fr\/#\/schema\/logo\/image\/"}}]}},"_links":{"self":[{"href":"https:\/\/www.iceireland.com\/fr\/wp-json\/wp\/v2\/pages\/33463","targetHints":{"allow":["GET"]}}],"collection":[{"href":"https:\/\/www.iceireland.com\/fr\/wp-json\/wp\/v2\/pages"}],"about":[{"href":"https:\/\/www.iceireland.com\/fr\/wp-json\/wp\/v2\/types\/page"}],"author":[{"embeddable":true,"href":"https:\/\/www.iceireland.com\/fr\/wp-json\/wp\/v2\/users\/3"}],"replies":[{"embeddable":true,"href":"https:\/\/www.iceireland.com\/fr\/wp-json\/wp\/v2\/comments?post=33463"}],"version-history":[{"count":1,"href":"https:\/\/www.iceireland.com\/fr\/wp-json\/wp\/v2\/pages\/33463\/revisions"}],"predecessor-version":[{"id":33464,"href":"https:\/\/www.iceireland.com\/fr\/wp-json\/wp\/v2\/pages\/33463\/revisions\/33464"}],"wp:attachment":[{"href":"https:\/\/www.iceireland.com\/fr\/wp-json\/wp\/v2\/media?parent=33463"}],"curies":[{"name":"wp","href":"https:\/\/api.w.org\/{rel}","templated":true}]}}