{"id":33498,"date":"2023-12-13T15:55:40","date_gmt":"2023-12-13T15:55:40","guid":{"rendered":"https:\/\/www.iceireland.com\/useful-information-and-supports\/student-conduct-guidelines\/"},"modified":"2026-01-30T18:28:44","modified_gmt":"2026-01-30T18:28:44","slug":"student-conduct-guidelines","status":"publish","type":"page","link":"https:\/\/www.iceireland.com\/fr\/useful-information-and-supports\/student-conduct-guidelines\/","title":{"rendered":"Lignes directrices relatives \u00e0 la conduite des \u00e9tudiants"},"content":{"rendered":"\t\t<div data-elementor-type=\"wp-page\" data-elementor-id=\"33498\" class=\"elementor elementor-33498 elementor-25944\" data-elementor-post-type=\"page\">\n\t\t\t\t\t\t<section class=\"elementor-section elementor-top-section elementor-element elementor-element-aee0803 elementor-section-boxed elementor-section-height-default elementor-section-height-default\" data-id=\"aee0803\" data-element_type=\"section\" data-e-type=\"section\">\n\t\t\t\t\t\t<div class=\"elementor-container elementor-column-gap-default\">\n\t\t\t\t\t<div class=\"elementor-column elementor-col-100 elementor-top-column elementor-element elementor-element-f943711\" data-id=\"f943711\" data-element_type=\"column\" data-e-type=\"column\">\n\t\t\t<div class=\"elementor-widget-wrap elementor-element-populated\">\n\t\t\t\t\t\t<div class=\"elementor-element elementor-element-06255c6 elementor-widget elementor-widget-heading\" data-id=\"06255c6\" data-element_type=\"widget\" data-e-type=\"widget\" data-widget_type=\"heading.default\">\n\t\t\t\t<div class=\"elementor-widget-container\">\n\t\t\t\t\t<h2 class=\"elementor-heading-title elementor-size-default\">Lignes directrices relatives \u00e0 la conduite des \u00e9tudiants<\/h2>\t\t\t\t<\/div>\n\t\t\t\t<\/div>\n\t\t\t\t\t<\/div>\n\t\t<\/div>\n\t\t\t\t\t<\/div>\n\t\t<\/section>\n\t\t\t\t<section class=\"elementor-section elementor-top-section elementor-element elementor-element-7d91f86 elementor-section-boxed elementor-section-height-default elementor-section-height-default\" data-id=\"7d91f86\" data-element_type=\"section\" data-e-type=\"section\">\n\t\t\t\t\t\t<div class=\"elementor-container elementor-column-gap-default\">\n\t\t\t\t\t<div class=\"elementor-column elementor-col-100 elementor-top-column elementor-element elementor-element-9f50e6f\" data-id=\"9f50e6f\" data-element_type=\"column\" data-e-type=\"column\">\n\t\t\t<div class=\"elementor-widget-wrap elementor-element-populated\">\n\t\t\t\t\t\t<div class=\"elementor-element elementor-element-bd6847d elementor-widget elementor-widget-text-editor\" data-id=\"bd6847d\" data-element_type=\"widget\" data-e-type=\"widget\" data-widget_type=\"text-editor.default\">\n\t\t\t\t<div class=\"elementor-widget-container\">\n\t\t\t\t\t\t\t\t\t<p><span style=\"font-weight: 400;\">L&rsquo;Irish College of English s&rsquo;engage \u00e0 fournir un enseignement et un service de formation de qualit\u00e9 dans un environnement qui favorise le respect, la coop\u00e9ration et la diversit\u00e9. Avant leur arriv\u00e9e, tous les \u00e9tudiants recevront un manuel de l&rsquo;\u00e9tudiant.   <\/span><\/p><p>Veuillez consulter votre manuel pour conna\u00eetre le code de conduite applicable.<\/p><p> <\/p><p> <\/p>\t\t\t\t\t\t\t\t<\/div>\n\t\t\t\t<\/div>\n\t\t\t\t\t<\/div>\n\t\t<\/div>\n\t\t\t\t\t<\/div>\n\t\t<\/section>\n\t\t\t\t<\/div>\n\t\t","protected":false},"excerpt":{"rendered":"<p>Lignes directrices relatives \u00e0 la conduite des \u00e9tudiants L&rsquo;Irish College of English s&rsquo;engage \u00e0 fournir un enseignement et un service de formation de qualit\u00e9 dans un environnement qui favorise le respect, la coop\u00e9ration et la diversit\u00e9. Avant leur arriv\u00e9e, tous les \u00e9tudiants recevront un manuel de l&rsquo;\u00e9tudiant. Veuillez consulter votre manuel pour conna\u00eetre le code [&hellip;]<\/p>\n","protected":false},"author":3,"featured_media":0,"parent":32468,"menu_order":0,"comment_status":"closed","ping_status":"closed","template":"","meta":{"content-type":"","footnotes":""},"class_list":["post-33498","page","type-page","status-publish","hentry"],"yoast_head":"<!-- This site is optimized with the Yoast SEO plugin v27.3 - https:\/\/yoast.com\/product\/yoast-seo-wordpress\/ -->\n<title>Lignes directrices relatives \u00e0 la conduite des \u00e9tudiants - Irish College of English<\/title>\n<meta name=\"robots\" content=\"noindex, follow\" \/>\n<meta property=\"og:locale\" content=\"fr_FR\" \/>\n<meta property=\"og:type\" content=\"article\" \/>\n<meta property=\"og:title\" content=\"Lignes directrices relatives \u00e0 la conduite des \u00e9tudiants - Irish College of English\" \/>\n<meta property=\"og:description\" content=\"Lignes directrices relatives \u00e0 la conduite des \u00e9tudiants L&rsquo;Irish College of English s&rsquo;engage \u00e0 fournir un enseignement et un service de formation de qualit\u00e9 dans un environnement qui favorise le respect, la coop\u00e9ration et la diversit\u00e9. Avant leur arriv\u00e9e, tous les \u00e9tudiants recevront un manuel de l&rsquo;\u00e9tudiant. Veuillez consulter votre manuel pour conna\u00eetre le code [&hellip;]\" \/>\n<meta property=\"og:url\" content=\"https:\/\/www.iceireland.com\/fr\/useful-information-and-supports\/student-conduct-guidelines\/\" \/>\n<meta property=\"og:site_name\" content=\"Irish College of English\" \/>\n<meta property=\"article:modified_time\" content=\"2026-01-30T18:28:44+00:00\" \/>\n<script type=\"application\/ld+json\" class=\"yoast-schema-graph\">{\"@context\":\"https:\\\/\\\/schema.org\",\"@graph\":[{\"@type\":\"WebPage\",\"@id\":\"https:\\\/\\\/www.iceireland.com\\\/fr\\\/useful-information-and-supports\\\/student-conduct-guidelines\\\/\",\"url\":\"https:\\\/\\\/www.iceireland.com\\\/fr\\\/useful-information-and-supports\\\/student-conduct-guidelines\\\/\",\"name\":\"Lignes directrices relatives \u00e0 la conduite des \u00e9tudiants - Irish College of English\",\"isPartOf\":{\"@id\":\"https:\\\/\\\/www.iceireland.com\\\/fr\\\/#website\"},\"datePublished\":\"2023-12-13T15:55:40+00:00\",\"dateModified\":\"2026-01-30T18:28:44+00:00\",\"breadcrumb\":{\"@id\":\"https:\\\/\\\/www.iceireland.com\\\/fr\\\/useful-information-and-supports\\\/student-conduct-guidelines\\\/#breadcrumb\"},\"inLanguage\":\"fr-FR\",\"potentialAction\":[{\"@type\":\"ReadAction\",\"target\":[\"https:\\\/\\\/www.iceireland.com\\\/fr\\\/useful-information-and-supports\\\/student-conduct-guidelines\\\/\"]}]},{\"@type\":\"BreadcrumbList\",\"@id\":\"https:\\\/\\\/www.iceireland.com\\\/fr\\\/useful-information-and-supports\\\/student-conduct-guidelines\\\/#breadcrumb\",\"itemListElement\":[{\"@type\":\"ListItem\",\"position\":1,\"name\":\"Home\",\"item\":\"https:\\\/\\\/www.iceireland.com\\\/fr\\\/\"},{\"@type\":\"ListItem\",\"position\":2,\"name\":\"Informations et soutiens utiles\",\"item\":\"https:\\\/\\\/www.iceireland.com\\\/fr\\\/useful-information-and-supports\\\/\"},{\"@type\":\"ListItem\",\"position\":3,\"name\":\"Lignes directrices relatives \u00e0 la conduite des \u00e9tudiants\"}]},{\"@type\":\"WebSite\",\"@id\":\"https:\\\/\\\/www.iceireland.com\\\/fr\\\/#website\",\"url\":\"https:\\\/\\\/www.iceireland.com\\\/fr\\\/\",\"name\":\"Irish College of English\",\"description\":\"English School in Dublin, Malahide\",\"publisher\":{\"@id\":\"https:\\\/\\\/www.iceireland.com\\\/fr\\\/#organization\"},\"potentialAction\":[{\"@type\":\"SearchAction\",\"target\":{\"@type\":\"EntryPoint\",\"urlTemplate\":\"https:\\\/\\\/www.iceireland.com\\\/fr\\\/?s={search_term_string}\"},\"query-input\":{\"@type\":\"PropertyValueSpecification\",\"valueRequired\":true,\"valueName\":\"search_term_string\"}}],\"inLanguage\":\"fr-FR\"},{\"@type\":\"Organization\",\"@id\":\"https:\\\/\\\/www.iceireland.com\\\/fr\\\/#organization\",\"name\":\"Irish College of English\",\"url\":\"https:\\\/\\\/www.iceireland.com\\\/fr\\\/\",\"logo\":{\"@type\":\"ImageObject\",\"inLanguage\":\"fr-FR\",\"@id\":\"https:\\\/\\\/www.iceireland.com\\\/fr\\\/#\\\/schema\\\/logo\\\/image\\\/\",\"url\":\"https:\\\/\\\/www.iceireland.com\\\/wp-content\\\/uploads\\\/2022\\\/03\\\/logo.png\",\"contentUrl\":\"https:\\\/\\\/www.iceireland.com\\\/wp-content\\\/uploads\\\/2022\\\/03\\\/logo.png\",\"width\":593,\"height\":92,\"caption\":\"Irish College of English\"},\"image\":{\"@id\":\"https:\\\/\\\/www.iceireland.com\\\/fr\\\/#\\\/schema\\\/logo\\\/image\\\/\"}}]}<\/script>\n<!-- \/ Yoast SEO plugin. -->","yoast_head_json":{"title":"Lignes directrices relatives \u00e0 la conduite des \u00e9tudiants - Irish College of English","robots":{"index":"noindex","follow":"follow"},"og_locale":"fr_FR","og_type":"article","og_title":"Lignes directrices relatives \u00e0 la conduite des \u00e9tudiants - Irish College of English","og_description":"Lignes directrices relatives \u00e0 la conduite des \u00e9tudiants L&rsquo;Irish College of English s&rsquo;engage \u00e0 fournir un enseignement et un service de formation de qualit\u00e9 dans un environnement qui favorise le respect, la coop\u00e9ration et la diversit\u00e9. Avant leur arriv\u00e9e, tous les \u00e9tudiants recevront un manuel de l&rsquo;\u00e9tudiant. Veuillez consulter votre manuel pour conna\u00eetre le code [&hellip;]","og_url":"https:\/\/www.iceireland.com\/fr\/useful-information-and-supports\/student-conduct-guidelines\/","og_site_name":"Irish College of English","article_modified_time":"2026-01-30T18:28:44+00:00","schema":{"@context":"https:\/\/schema.org","@graph":[{"@type":"WebPage","@id":"https:\/\/www.iceireland.com\/fr\/useful-information-and-supports\/student-conduct-guidelines\/","url":"https:\/\/www.iceireland.com\/fr\/useful-information-and-supports\/student-conduct-guidelines\/","name":"Lignes directrices relatives \u00e0 la conduite des \u00e9tudiants - Irish College of English","isPartOf":{"@id":"https:\/\/www.iceireland.com\/fr\/#website"},"datePublished":"2023-12-13T15:55:40+00:00","dateModified":"2026-01-30T18:28:44+00:00","breadcrumb":{"@id":"https:\/\/www.iceireland.com\/fr\/useful-information-and-supports\/student-conduct-guidelines\/#breadcrumb"},"inLanguage":"fr-FR","potentialAction":[{"@type":"ReadAction","target":["https:\/\/www.iceireland.com\/fr\/useful-information-and-supports\/student-conduct-guidelines\/"]}]},{"@type":"BreadcrumbList","@id":"https:\/\/www.iceireland.com\/fr\/useful-information-and-supports\/student-conduct-guidelines\/#breadcrumb","itemListElement":[{"@type":"ListItem","position":1,"name":"Home","item":"https:\/\/www.iceireland.com\/fr\/"},{"@type":"ListItem","position":2,"name":"Informations et soutiens utiles","item":"https:\/\/www.iceireland.com\/fr\/useful-information-and-supports\/"},{"@type":"ListItem","position":3,"name":"Lignes directrices relatives \u00e0 la conduite des \u00e9tudiants"}]},{"@type":"WebSite","@id":"https:\/\/www.iceireland.com\/fr\/#website","url":"https:\/\/www.iceireland.com\/fr\/","name":"Irish College of English","description":"English School in Dublin, Malahide","publisher":{"@id":"https:\/\/www.iceireland.com\/fr\/#organization"},"potentialAction":[{"@type":"SearchAction","target":{"@type":"EntryPoint","urlTemplate":"https:\/\/www.iceireland.com\/fr\/?s={search_term_string}"},"query-input":{"@type":"PropertyValueSpecification","valueRequired":true,"valueName":"search_term_string"}}],"inLanguage":"fr-FR"},{"@type":"Organization","@id":"https:\/\/www.iceireland.com\/fr\/#organization","name":"Irish College of English","url":"https:\/\/www.iceireland.com\/fr\/","logo":{"@type":"ImageObject","inLanguage":"fr-FR","@id":"https:\/\/www.iceireland.com\/fr\/#\/schema\/logo\/image\/","url":"https:\/\/www.iceireland.com\/wp-content\/uploads\/2022\/03\/logo.png","contentUrl":"https:\/\/www.iceireland.com\/wp-content\/uploads\/2022\/03\/logo.png","width":593,"height":92,"caption":"Irish College of English"},"image":{"@id":"https:\/\/www.iceireland.com\/fr\/#\/schema\/logo\/image\/"}}]}},"_links":{"self":[{"href":"https:\/\/www.iceireland.com\/fr\/wp-json\/wp\/v2\/pages\/33498","targetHints":{"allow":["GET"]}}],"collection":[{"href":"https:\/\/www.iceireland.com\/fr\/wp-json\/wp\/v2\/pages"}],"about":[{"href":"https:\/\/www.iceireland.com\/fr\/wp-json\/wp\/v2\/types\/page"}],"author":[{"embeddable":true,"href":"https:\/\/www.iceireland.com\/fr\/wp-json\/wp\/v2\/users\/3"}],"replies":[{"embeddable":true,"href":"https:\/\/www.iceireland.com\/fr\/wp-json\/wp\/v2\/comments?post=33498"}],"version-history":[{"count":1,"href":"https:\/\/www.iceireland.com\/fr\/wp-json\/wp\/v2\/pages\/33498\/revisions"}],"predecessor-version":[{"id":33499,"href":"https:\/\/www.iceireland.com\/fr\/wp-json\/wp\/v2\/pages\/33498\/revisions\/33499"}],"up":[{"embeddable":true,"href":"https:\/\/www.iceireland.com\/fr\/wp-json\/wp\/v2\/pages\/32468"}],"wp:attachment":[{"href":"https:\/\/www.iceireland.com\/fr\/wp-json\/wp\/v2\/media?parent=33498"}],"curies":[{"name":"wp","href":"https:\/\/api.w.org\/{rel}","templated":true}]}}