{"id":33504,"date":"2023-12-13T15:53:32","date_gmt":"2023-12-13T15:53:32","guid":{"rendered":"https:\/\/www.iceireland.com\/useful-information-and-supports\/join-our-governance-committee\/"},"modified":"2026-01-30T18:28:51","modified_gmt":"2026-01-30T18:28:51","slug":"join-our-governance-committee","status":"publish","type":"page","link":"https:\/\/www.iceireland.com\/fr\/useful-information-and-supports\/join-our-governance-committee\/","title":{"rendered":"Rejoignez notre comit\u00e9 de gouvernance"},"content":{"rendered":"\t\t<div data-elementor-type=\"wp-page\" data-elementor-id=\"33504\" class=\"elementor elementor-33504 elementor-25939\" data-elementor-post-type=\"page\">\n\t\t\t\t\t\t<section class=\"elementor-section elementor-top-section elementor-element elementor-element-27a9624 elementor-section-boxed elementor-section-height-default elementor-section-height-default\" data-id=\"27a9624\" data-element_type=\"section\" data-e-type=\"section\">\n\t\t\t\t\t\t<div class=\"elementor-container elementor-column-gap-default\">\n\t\t\t\t\t<div class=\"elementor-column elementor-col-100 elementor-top-column elementor-element elementor-element-02c8789\" data-id=\"02c8789\" data-element_type=\"column\" data-e-type=\"column\">\n\t\t\t<div class=\"elementor-widget-wrap elementor-element-populated\">\n\t\t\t\t\t\t<div class=\"elementor-element elementor-element-90a231f elementor-widget elementor-widget-heading\" data-id=\"90a231f\" data-element_type=\"widget\" data-e-type=\"widget\" data-widget_type=\"heading.default\">\n\t\t\t\t<div class=\"elementor-widget-container\">\n\t\t\t\t\t<h2 class=\"elementor-heading-title elementor-size-default\">Rejoignez notre comit\u00e9 de gouvernance acad\u00e9mique<\/h2>\t\t\t\t<\/div>\n\t\t\t\t<\/div>\n\t\t\t\t\t<\/div>\n\t\t<\/div>\n\t\t\t\t\t<\/div>\n\t\t<\/section>\n\t\t\t\t<section class=\"elementor-section elementor-top-section elementor-element elementor-element-fb073b1 elementor-section-boxed elementor-section-height-default elementor-section-height-default\" data-id=\"fb073b1\" data-element_type=\"section\" data-e-type=\"section\">\n\t\t\t\t\t\t<div class=\"elementor-container elementor-column-gap-default\">\n\t\t\t\t\t<div class=\"elementor-column elementor-col-100 elementor-top-column elementor-element elementor-element-1ad22e0\" data-id=\"1ad22e0\" data-element_type=\"column\" data-e-type=\"column\">\n\t\t\t<div class=\"elementor-widget-wrap elementor-element-populated\">\n\t\t\t\t\t\t<div class=\"elementor-element elementor-element-2480859 elementor-widget elementor-widget-text-editor\" data-id=\"2480859\" data-element_type=\"widget\" data-e-type=\"widget\" data-widget_type=\"text-editor.default\">\n\t\t\t\t<div class=\"elementor-widget-container\">\n\t\t\t\t\t\t\t\t\t<p>Le comit\u00e9 de gouvernance acad\u00e9mique de l&rsquo;Irish College of English se r\u00e9unit deux fois par an pour superviser et am\u00e9liorer les normes et politiques acad\u00e9miques de notre institution. Compos\u00e9 de membres du corps enseignant, du personnel acad\u00e9mique, d&rsquo;administrateurs et d&rsquo;un repr\u00e9sentant des \u00e9tudiants, ce comit\u00e9 joue un r\u00f4le essentiel dans l&rsquo;\u00e9laboration de l&rsquo;exp\u00e9rience \u00e9ducative de nos \u00e9tudiants. <\/p><p>Faire partie du comit\u00e9 de gouvernance acad\u00e9mique offre aux \u00e9tudiants une occasion unique de.. :<\/p><p>D\u00e9fendre les int\u00e9r\u00eats de leurs pairs : En tant que repr\u00e9sentant des \u00e9tudiants, vous avez la possibilit\u00e9 d&rsquo;exprimer les pr\u00e9occupations, les suggestions et les points de vue de vos camarades de classe, y compris des \u00e9tudiants d\u00e9butants, et de faire en sorte que leur voix soit entendue au plus haut niveau de la prise de d\u00e9cision.<\/p><p>Contribuer \u00e0 l&rsquo;excellence acad\u00e9mique : En participant activement aux discussions et aux d\u00e9cisions concernant l&rsquo;\u00e9laboration des programmes, les m\u00e9thodes d&rsquo;\u00e9valuation et les politiques acad\u00e9miques, les \u00e9tudiants peuvent contribuer au maintien et \u00e0 l&rsquo;am\u00e9lioration de la qualit\u00e9 de l&rsquo;enseignement dispens\u00e9 par l&rsquo;\u00e9tablissement.<\/p><p>Acqu\u00e9rir des comp\u00e9tences en mati\u00e8re de leadership et de gouvernance : La participation au comit\u00e9 de gouvernance acad\u00e9mique permet d&rsquo;acqu\u00e9rir une exp\u00e9rience pr\u00e9cieuse en mati\u00e8re de leadership, de travail d&rsquo;\u00e9quipe et de gouvernance, qui sont des comp\u00e9tences hautement transf\u00e9rables et applicables dans divers contextes personnels et professionnels.<\/p><p>Fa\u00e7onnez l&rsquo;avenir de la CIE : Les \u00e9l\u00e8ves ont la possibilit\u00e9 d&rsquo;influencer l&rsquo;orientation et les initiatives futures de l&rsquo;\u00e9cole, en jouant un r\u00f4le dans la cr\u00e9ation d&rsquo;un environnement qui favorise l&rsquo;apprentissage, l&rsquo;innovation et la r\u00e9ussite des \u00e9l\u00e8ves.<\/p><p>Par essence, faire partie du comit\u00e9 de gouvernance acad\u00e9mique permet aux \u00e9tudiants d&rsquo;avoir un impact significatif sur leur parcours \u00e9ducatif et de contribuer \u00e0 l&rsquo;excellence acad\u00e9mique globale de l&rsquo;Irish College of English.<\/p>\t\t\t\t\t\t\t\t<\/div>\n\t\t\t\t<\/div>\n\t\t\t\t\t<\/div>\n\t\t<\/div>\n\t\t\t\t\t<\/div>\n\t\t<\/section>\n\t\t\t\t<\/div>\n\t\t","protected":false},"excerpt":{"rendered":"<p>Rejoignez notre comit\u00e9 de gouvernance acad\u00e9mique Le comit\u00e9 de gouvernance acad\u00e9mique de l&rsquo;Irish College of English se r\u00e9unit deux fois par an pour superviser et am\u00e9liorer les normes et politiques acad\u00e9miques de notre institution. Compos\u00e9 de membres du corps enseignant, du personnel acad\u00e9mique, d&rsquo;administrateurs et d&rsquo;un repr\u00e9sentant des \u00e9tudiants, ce comit\u00e9 joue un r\u00f4le essentiel [&hellip;]<\/p>\n","protected":false},"author":3,"featured_media":0,"parent":32468,"menu_order":0,"comment_status":"closed","ping_status":"closed","template":"","meta":{"content-type":"","footnotes":""},"class_list":["post-33504","page","type-page","status-publish","hentry"],"yoast_head":"<!-- This site is optimized with the Yoast SEO plugin v27.3 - https:\/\/yoast.com\/product\/yoast-seo-wordpress\/ -->\n<title>Rejoignez notre comit\u00e9 de gouvernance - Irish College of English<\/title>\n<meta name=\"robots\" content=\"noindex, follow\" \/>\n<meta property=\"og:locale\" content=\"fr_FR\" \/>\n<meta property=\"og:type\" content=\"article\" \/>\n<meta property=\"og:title\" content=\"Rejoignez notre comit\u00e9 de gouvernance - Irish College of English\" \/>\n<meta property=\"og:description\" content=\"Rejoignez notre comit\u00e9 de gouvernance acad\u00e9mique Le comit\u00e9 de gouvernance acad\u00e9mique de l&rsquo;Irish College of English se r\u00e9unit deux fois par an pour superviser et am\u00e9liorer les normes et politiques acad\u00e9miques de notre institution. Compos\u00e9 de membres du corps enseignant, du personnel acad\u00e9mique, d&rsquo;administrateurs et d&rsquo;un repr\u00e9sentant des \u00e9tudiants, ce comit\u00e9 joue un r\u00f4le essentiel [&hellip;]\" \/>\n<meta property=\"og:url\" content=\"https:\/\/www.iceireland.com\/fr\/useful-information-and-supports\/join-our-governance-committee\/\" \/>\n<meta property=\"og:site_name\" content=\"Irish College of English\" \/>\n<meta property=\"article:modified_time\" content=\"2026-01-30T18:28:51+00:00\" \/>\n<meta name=\"twitter:label1\" content=\"Dur\u00e9e de lecture estim\u00e9e\" \/>\n\t<meta name=\"twitter:data1\" content=\"2 minutes\" \/>\n<script type=\"application\/ld+json\" class=\"yoast-schema-graph\">{\"@context\":\"https:\\\/\\\/schema.org\",\"@graph\":[{\"@type\":\"WebPage\",\"@id\":\"https:\\\/\\\/www.iceireland.com\\\/fr\\\/useful-information-and-supports\\\/join-our-governance-committee\\\/\",\"url\":\"https:\\\/\\\/www.iceireland.com\\\/fr\\\/useful-information-and-supports\\\/join-our-governance-committee\\\/\",\"name\":\"Rejoignez notre comit\u00e9 de gouvernance - Irish College of English\",\"isPartOf\":{\"@id\":\"https:\\\/\\\/www.iceireland.com\\\/fr\\\/#website\"},\"datePublished\":\"2023-12-13T15:53:32+00:00\",\"dateModified\":\"2026-01-30T18:28:51+00:00\",\"breadcrumb\":{\"@id\":\"https:\\\/\\\/www.iceireland.com\\\/fr\\\/useful-information-and-supports\\\/join-our-governance-committee\\\/#breadcrumb\"},\"inLanguage\":\"fr-FR\",\"potentialAction\":[{\"@type\":\"ReadAction\",\"target\":[\"https:\\\/\\\/www.iceireland.com\\\/fr\\\/useful-information-and-supports\\\/join-our-governance-committee\\\/\"]}]},{\"@type\":\"BreadcrumbList\",\"@id\":\"https:\\\/\\\/www.iceireland.com\\\/fr\\\/useful-information-and-supports\\\/join-our-governance-committee\\\/#breadcrumb\",\"itemListElement\":[{\"@type\":\"ListItem\",\"position\":1,\"name\":\"Home\",\"item\":\"https:\\\/\\\/www.iceireland.com\\\/fr\\\/\"},{\"@type\":\"ListItem\",\"position\":2,\"name\":\"Informations et soutiens utiles\",\"item\":\"https:\\\/\\\/www.iceireland.com\\\/fr\\\/useful-information-and-supports\\\/\"},{\"@type\":\"ListItem\",\"position\":3,\"name\":\"Rejoignez notre comit\u00e9 de gouvernance\"}]},{\"@type\":\"WebSite\",\"@id\":\"https:\\\/\\\/www.iceireland.com\\\/fr\\\/#website\",\"url\":\"https:\\\/\\\/www.iceireland.com\\\/fr\\\/\",\"name\":\"Irish College of English\",\"description\":\"English School in Dublin, Malahide\",\"publisher\":{\"@id\":\"https:\\\/\\\/www.iceireland.com\\\/fr\\\/#organization\"},\"potentialAction\":[{\"@type\":\"SearchAction\",\"target\":{\"@type\":\"EntryPoint\",\"urlTemplate\":\"https:\\\/\\\/www.iceireland.com\\\/fr\\\/?s={search_term_string}\"},\"query-input\":{\"@type\":\"PropertyValueSpecification\",\"valueRequired\":true,\"valueName\":\"search_term_string\"}}],\"inLanguage\":\"fr-FR\"},{\"@type\":\"Organization\",\"@id\":\"https:\\\/\\\/www.iceireland.com\\\/fr\\\/#organization\",\"name\":\"Irish College of English\",\"url\":\"https:\\\/\\\/www.iceireland.com\\\/fr\\\/\",\"logo\":{\"@type\":\"ImageObject\",\"inLanguage\":\"fr-FR\",\"@id\":\"https:\\\/\\\/www.iceireland.com\\\/fr\\\/#\\\/schema\\\/logo\\\/image\\\/\",\"url\":\"https:\\\/\\\/www.iceireland.com\\\/wp-content\\\/uploads\\\/2022\\\/03\\\/logo.png\",\"contentUrl\":\"https:\\\/\\\/www.iceireland.com\\\/wp-content\\\/uploads\\\/2022\\\/03\\\/logo.png\",\"width\":593,\"height\":92,\"caption\":\"Irish College of English\"},\"image\":{\"@id\":\"https:\\\/\\\/www.iceireland.com\\\/fr\\\/#\\\/schema\\\/logo\\\/image\\\/\"}}]}<\/script>\n<!-- \/ Yoast SEO plugin. -->","yoast_head_json":{"title":"Rejoignez notre comit\u00e9 de gouvernance - Irish College of English","robots":{"index":"noindex","follow":"follow"},"og_locale":"fr_FR","og_type":"article","og_title":"Rejoignez notre comit\u00e9 de gouvernance - Irish College of English","og_description":"Rejoignez notre comit\u00e9 de gouvernance acad\u00e9mique Le comit\u00e9 de gouvernance acad\u00e9mique de l&rsquo;Irish College of English se r\u00e9unit deux fois par an pour superviser et am\u00e9liorer les normes et politiques acad\u00e9miques de notre institution. Compos\u00e9 de membres du corps enseignant, du personnel acad\u00e9mique, d&rsquo;administrateurs et d&rsquo;un repr\u00e9sentant des \u00e9tudiants, ce comit\u00e9 joue un r\u00f4le essentiel [&hellip;]","og_url":"https:\/\/www.iceireland.com\/fr\/useful-information-and-supports\/join-our-governance-committee\/","og_site_name":"Irish College of English","article_modified_time":"2026-01-30T18:28:51+00:00","twitter_misc":{"Dur\u00e9e de lecture estim\u00e9e":"2 minutes"},"schema":{"@context":"https:\/\/schema.org","@graph":[{"@type":"WebPage","@id":"https:\/\/www.iceireland.com\/fr\/useful-information-and-supports\/join-our-governance-committee\/","url":"https:\/\/www.iceireland.com\/fr\/useful-information-and-supports\/join-our-governance-committee\/","name":"Rejoignez notre comit\u00e9 de gouvernance - Irish College of English","isPartOf":{"@id":"https:\/\/www.iceireland.com\/fr\/#website"},"datePublished":"2023-12-13T15:53:32+00:00","dateModified":"2026-01-30T18:28:51+00:00","breadcrumb":{"@id":"https:\/\/www.iceireland.com\/fr\/useful-information-and-supports\/join-our-governance-committee\/#breadcrumb"},"inLanguage":"fr-FR","potentialAction":[{"@type":"ReadAction","target":["https:\/\/www.iceireland.com\/fr\/useful-information-and-supports\/join-our-governance-committee\/"]}]},{"@type":"BreadcrumbList","@id":"https:\/\/www.iceireland.com\/fr\/useful-information-and-supports\/join-our-governance-committee\/#breadcrumb","itemListElement":[{"@type":"ListItem","position":1,"name":"Home","item":"https:\/\/www.iceireland.com\/fr\/"},{"@type":"ListItem","position":2,"name":"Informations et soutiens utiles","item":"https:\/\/www.iceireland.com\/fr\/useful-information-and-supports\/"},{"@type":"ListItem","position":3,"name":"Rejoignez notre comit\u00e9 de gouvernance"}]},{"@type":"WebSite","@id":"https:\/\/www.iceireland.com\/fr\/#website","url":"https:\/\/www.iceireland.com\/fr\/","name":"Irish College of English","description":"English School in Dublin, Malahide","publisher":{"@id":"https:\/\/www.iceireland.com\/fr\/#organization"},"potentialAction":[{"@type":"SearchAction","target":{"@type":"EntryPoint","urlTemplate":"https:\/\/www.iceireland.com\/fr\/?s={search_term_string}"},"query-input":{"@type":"PropertyValueSpecification","valueRequired":true,"valueName":"search_term_string"}}],"inLanguage":"fr-FR"},{"@type":"Organization","@id":"https:\/\/www.iceireland.com\/fr\/#organization","name":"Irish College of English","url":"https:\/\/www.iceireland.com\/fr\/","logo":{"@type":"ImageObject","inLanguage":"fr-FR","@id":"https:\/\/www.iceireland.com\/fr\/#\/schema\/logo\/image\/","url":"https:\/\/www.iceireland.com\/wp-content\/uploads\/2022\/03\/logo.png","contentUrl":"https:\/\/www.iceireland.com\/wp-content\/uploads\/2022\/03\/logo.png","width":593,"height":92,"caption":"Irish College of English"},"image":{"@id":"https:\/\/www.iceireland.com\/fr\/#\/schema\/logo\/image\/"}}]}},"_links":{"self":[{"href":"https:\/\/www.iceireland.com\/fr\/wp-json\/wp\/v2\/pages\/33504","targetHints":{"allow":["GET"]}}],"collection":[{"href":"https:\/\/www.iceireland.com\/fr\/wp-json\/wp\/v2\/pages"}],"about":[{"href":"https:\/\/www.iceireland.com\/fr\/wp-json\/wp\/v2\/types\/page"}],"author":[{"embeddable":true,"href":"https:\/\/www.iceireland.com\/fr\/wp-json\/wp\/v2\/users\/3"}],"replies":[{"embeddable":true,"href":"https:\/\/www.iceireland.com\/fr\/wp-json\/wp\/v2\/comments?post=33504"}],"version-history":[{"count":1,"href":"https:\/\/www.iceireland.com\/fr\/wp-json\/wp\/v2\/pages\/33504\/revisions"}],"predecessor-version":[{"id":33507,"href":"https:\/\/www.iceireland.com\/fr\/wp-json\/wp\/v2\/pages\/33504\/revisions\/33507"}],"up":[{"embeddable":true,"href":"https:\/\/www.iceireland.com\/fr\/wp-json\/wp\/v2\/pages\/32468"}],"wp:attachment":[{"href":"https:\/\/www.iceireland.com\/fr\/wp-json\/wp\/v2\/media?parent=33504"}],"curies":[{"name":"wp","href":"https:\/\/api.w.org\/{rel}","templated":true}]}}