{"id":31898,"date":"2014-10-20T08:40:07","date_gmt":"2014-10-20T08:40:07","guid":{"rendered":"https:\/\/www.iceireland.com\/study-english-in-ireland\/"},"modified":"2014-10-20T08:40:07","modified_gmt":"2014-10-20T08:40:07","slug":"study-english-in-ireland","status":"publish","type":"page","link":"https:\/\/www.iceireland.com\/it\/study-english-in-ireland\/","title":{"rendered":"Studia l&#8217;inglese in Irlanda"},"content":{"rendered":"<h2>Studia l&#8217;inglese in Irlanda<\/h2>\n<p>La nostra sede di Malahide \u00e8 a soli 20 minuti dal <strong>centro di Dublino<\/strong> e a 10 minuti dall&#8217;aeroporto. L&#8217;Irish College of English \u00e8 molto comodo e accessibile sia per imparare l&#8217;inglese che per divertirsi a Dublino. Dublino \u00e8 una delle <strong>capitali pi\u00f9 amichevoli del mondo<\/strong> e un luogo fantastico in cui vivere.  <\/p>\n<p><strong>Elevati standard educativi in inglese<\/strong><\/p>\n<p>L&#8217;Irlanda \u00e8 un luogo ideale per studiare l&#8217;inglese ed \u00e8 famosa per essere un paese accogliente e amichevole. L&#8217;Irlanda \u00e8 nota per i suoi <strong>elevati standard di formazione in lingua inglese<\/strong> e per la qualit\u00e0 dell&#8217;istruzione. L&#8217;Irish College of English \u00e8 un&#8217;azienda leader nel settore dell&#8217;istruzione con due sedi a Dublino riconosciute dal Dipartimento dell&#8217;Istruzione e membro del MEI.  <\/p>\n<p><strong>L&#8217;accento irlandese<\/strong><\/p>\n<p>L&#8217;accento irlandese, in particolare quello di Dublino, \u00e8 <strong>chiaro e facile da capire<\/strong>. Questo rende i tuoi studi di inglese pi\u00f9 facili e piacevoli quando usi la lingua con la gente del posto ogni giorno, durante un soggiorno linguistico a Dublino. <\/p>\n<p><strong>Paesaggi rinfrescanti<\/strong><\/p>\n<p>La bellezza rinfrescante del paesaggio naturalmente verde \u00e8 un altro motivo per scegliere di studiare inglese in Irlanda. La campagna incontaminata, le lunghe spiagge sabbiose, la costa spettacolare, i laghi, le colline e i villaggi pittoreschi rendono l&#8217;Irlanda una destinazione imperdibile. L&#8217;Irlanda ha visto una rapida crescita negli ultimi 20 anni e offre strutture e servizi di prim&#8217;ordine. Nonostante questo cambiamento, non ha perso la sua identit\u00e0, la sua cultura e il suo senso dei valori tradizionali.   <\/p>\n<p><strong>Accoglienza calorosa<\/strong><\/p>\n<p>Studia l&#8217;inglese in Irlanda e vivi un&#8217;esperienza senza precedenti: l&#8217;Irlanda ha un&#8217;atmosfera da paese e la gente \u00e8 amichevole e disponibile con gli studenti di lingue straniere e i giovani. Dublino \u00e8 una delle capitali pi\u00f9 interessanti d&#8217;Europa. \u00c8 allegra e vivace e ha una popolazione giovane. Questo rende la scena sociale molto vivace. Dublino \u00e8 nota per la sua ricchezza culturale e musicale. Ad ogni angolo c&#8217;\u00e8 un pub o un club vivace dove puoi gustare una pinta di Guinness e ascoltare musica tradizionale.     <\/p>\n<p>La citt\u00e0 ospita il famoso Trinity College, i Musei Nazionali, la National Gallery e il Temple Bar per un po&#8217; di divertimento. Gli amanti dello shopping apprezzeranno molto l&#8217;esperienza di vendita al dettaglio a Dublino. Il mare, le montagne e la campagna si trovano tutti a un&#8217;ora di macchina dal centro citt\u00e0 e sono accessibili con i mezzi pubblici. I teatri di Dublino sono famosi in tutto il mondo e la National Concert Hall soddisfa tutti i gusti musicali. Gli sport, come il golf, il tennis e l&#8217;equitazione, sono tutti disponibili, facilmente accessibili e vicini alla citt\u00e0. E non dimentichiamo l&#8217;accoglienza: anche se Dublino \u00e8 una capitale, a differenza di altre si sente piccola e sicura, \u00e8 facile spostarsi e ti sentirai subito a casa.     <\/p>\n<p>&nbsp;<\/p>\n<p><a href=\"http:\/\/bit.ly\/30uWaD3\"><img fetchpriority=\"high\" decoding=\"async\" class=\"alignleft wp-image-5111\" style=\"margin-right: 25px;\" src=\"https:\/\/www.iceireland.com\/wp-content\/uploads\/2019\/09\/3-2-182x300.jpg\" alt=\"\" width=\"212\" height=\"350\" srcset=\"https:\/\/www.iceireland.com\/wp-content\/uploads\/2019\/09\/3-2-182x300.jpg 182w, https:\/\/www.iceireland.com\/wp-content\/uploads\/2019\/09\/3-2.jpg 424w\" sizes=\"(max-width: 212px) 100vw, 212px\" \/><\/a> <a href=\"http:\/\/bit.ly\/2kwaCet\"><img decoding=\"async\" class=\"alignleft wp-image-5110\" style=\"margin-right: 25px;\" src=\"https:\/\/www.iceireland.com\/wp-content\/uploads\/2019\/09\/junior-summer-camp-in-dublin-150x150.jpg\" alt=\"\" width=\"212\" height=\"350\"><\/a> <a href=\"http:\/\/bit.ly\/2P6BBvt\"><img decoding=\"async\" class=\"alignleft wp-image-5109\" style=\"margin-right: 25px;\" src=\"https:\/\/www.iceireland.com\/wp-content\/uploads\/2019\/09\/1-1-182x300.jpg\" alt=\"\" width=\"212\" height=\"350\" srcset=\"https:\/\/www.iceireland.com\/wp-content\/uploads\/2019\/09\/1-1-182x300.jpg 182w, https:\/\/www.iceireland.com\/wp-content\/uploads\/2019\/09\/1-1.jpg 424w\" sizes=\"(max-width: 212px) 100vw, 212px\" \/><\/a> <a href=\"https:\/\/www.iceireland.com\/wp-content\/uploads\/2019\/08\/English-Courses-and-Fees-2021.pdf\"><img loading=\"lazy\" decoding=\"async\" class=\"alignleft wp-image-5112\" style=\"margin-right: 25px;\" src=\"https:\/\/www.iceireland.com\/wp-content\/uploads\/2019\/09\/english-courses-dublin-182x300.jpg\" alt=\"\" width=\"212\" height=\"350\" srcset=\"https:\/\/www.iceireland.com\/wp-content\/uploads\/2019\/09\/english-courses-dublin-182x300.jpg 182w, https:\/\/www.iceireland.com\/wp-content\/uploads\/2019\/09\/english-courses-dublin.jpg 424w\" sizes=\"(max-width: 212px) 100vw, 212px\" \/><\/a> <a href=\"mailto:info@iceireland.com\"><img loading=\"lazy\" decoding=\"async\" class=\"alignleft wp-image-4832\" src=\"https:\/\/www.iceireland.com\/wp-content\/uploads\/2019\/08\/BOOK-NOW-e1567611851930.jpg\" alt=\"\" width=\"212\" height=\"300\"><\/a><\/p>\n<p>&nbsp;<\/p>\n<p>&nbsp;<\/p>\n<p>&nbsp;<\/p>\n<p>&nbsp;<\/p>\n<p>&nbsp;<\/p>\n","protected":false},"excerpt":{"rendered":"<p>Studia l&#8217;inglese in Irlanda La nostra sede di Malahide \u00e8 a soli 20 minuti dal centro di Dublino e a 10 minuti dall&#8217;aeroporto. L&#8217;Irish College of English \u00e8 molto comodo e accessibile sia per imparare l&#8217;inglese che per divertirsi a Dublino. Dublino \u00e8 una delle capitali pi\u00f9 amichevoli del mondo e un luogo fantastico in [&hellip;]<\/p>\n","protected":false},"author":1,"featured_media":0,"parent":0,"menu_order":0,"comment_status":"open","ping_status":"closed","template":"","meta":{"content-type":"","footnotes":""},"class_list":["post-31898","page","type-page","status-publish","hentry"],"yoast_head":"<!-- This site is optimized with the Yoast SEO plugin v27.3 - https:\/\/yoast.com\/product\/yoast-seo-wordpress\/ -->\n<title>Studia inglese in Irlanda presso l&#039;Irish College of English - Malahide, Dublino<\/title>\n<meta name=\"description\" content=\"Un paese accogliente e amichevole, noto per i suoi elevati standard di formazione in lingua inglese. Immergiti completamente nell&#039;inglese, scegli l&#039;Irlanda, scegli noi.\" \/>\n<meta name=\"robots\" content=\"index, follow, max-snippet:-1, max-image-preview:large, max-video-preview:-1\" \/>\n<link rel=\"canonical\" href=\"https:\/\/www.iceireland.com\/it\/study-english-in-ireland\/\" \/>\n<meta property=\"og:locale\" content=\"it_IT\" \/>\n<meta property=\"og:type\" content=\"article\" \/>\n<meta property=\"og:title\" content=\"Studia inglese in Irlanda presso l&#039;Irish College of English - Malahide, Dublino\" \/>\n<meta property=\"og:description\" content=\"Un paese accogliente e amichevole, noto per i suoi elevati standard di formazione in lingua inglese. Immergiti completamente nell&#039;inglese, scegli l&#039;Irlanda, scegli noi.\" \/>\n<meta property=\"og:url\" content=\"https:\/\/www.iceireland.com\/it\/study-english-in-ireland\/\" \/>\n<meta property=\"og:site_name\" content=\"Irish College of English\" \/>\n<meta property=\"og:image\" content=\"https:\/\/www.iceireland.com\/wp-content\/uploads\/2019\/09\/3-2.jpg\" \/>\n\t<meta property=\"og:image:width\" content=\"424\" \/>\n\t<meta property=\"og:image:height\" content=\"700\" \/>\n\t<meta property=\"og:image:type\" content=\"image\/jpeg\" \/>\n<meta name=\"twitter:label1\" content=\"Tempo di lettura stimato\" \/>\n\t<meta name=\"twitter:data1\" content=\"2 minuti\" \/>\n<script type=\"application\/ld+json\" class=\"yoast-schema-graph\">{\"@context\":\"https:\\\/\\\/schema.org\",\"@graph\":[{\"@type\":\"WebPage\",\"@id\":\"https:\\\/\\\/www.iceireland.com\\\/it\\\/study-english-in-ireland\\\/\",\"url\":\"https:\\\/\\\/www.iceireland.com\\\/it\\\/study-english-in-ireland\\\/\",\"name\":\"Studia inglese in Irlanda presso l'Irish College of English - Malahide, Dublino\",\"isPartOf\":{\"@id\":\"https:\\\/\\\/www.iceireland.com\\\/it\\\/#website\"},\"primaryImageOfPage\":{\"@id\":\"https:\\\/\\\/www.iceireland.com\\\/it\\\/study-english-in-ireland\\\/#primaryimage\"},\"image\":{\"@id\":\"https:\\\/\\\/www.iceireland.com\\\/it\\\/study-english-in-ireland\\\/#primaryimage\"},\"thumbnailUrl\":\"https:\\\/\\\/www.iceireland.com\\\/wp-content\\\/uploads\\\/2019\\\/09\\\/3-2-182x300.jpg\",\"datePublished\":\"2014-10-20T08:40:07+00:00\",\"description\":\"Un paese accogliente e amichevole, noto per i suoi elevati standard di formazione in lingua inglese. Immergiti completamente nell'inglese, scegli l'Irlanda, scegli noi.\",\"breadcrumb\":{\"@id\":\"https:\\\/\\\/www.iceireland.com\\\/it\\\/study-english-in-ireland\\\/#breadcrumb\"},\"inLanguage\":\"it-IT\",\"potentialAction\":[{\"@type\":\"ReadAction\",\"target\":[\"https:\\\/\\\/www.iceireland.com\\\/it\\\/study-english-in-ireland\\\/\"]}]},{\"@type\":\"ImageObject\",\"inLanguage\":\"it-IT\",\"@id\":\"https:\\\/\\\/www.iceireland.com\\\/it\\\/study-english-in-ireland\\\/#primaryimage\",\"url\":\"https:\\\/\\\/www.iceireland.com\\\/wp-content\\\/uploads\\\/2019\\\/09\\\/3-2-182x300.jpg\",\"contentUrl\":\"https:\\\/\\\/www.iceireland.com\\\/wp-content\\\/uploads\\\/2019\\\/09\\\/3-2-182x300.jpg\"},{\"@type\":\"BreadcrumbList\",\"@id\":\"https:\\\/\\\/www.iceireland.com\\\/it\\\/study-english-in-ireland\\\/#breadcrumb\",\"itemListElement\":[{\"@type\":\"ListItem\",\"position\":1,\"name\":\"Home\",\"item\":\"https:\\\/\\\/www.iceireland.com\\\/it\\\/\"},{\"@type\":\"ListItem\",\"position\":2,\"name\":\"Studia l&#8217;inglese in Irlanda\"}]},{\"@type\":\"WebSite\",\"@id\":\"https:\\\/\\\/www.iceireland.com\\\/it\\\/#website\",\"url\":\"https:\\\/\\\/www.iceireland.com\\\/it\\\/\",\"name\":\"Irish College of English\",\"description\":\"English School in Dublin, Malahide\",\"publisher\":{\"@id\":\"https:\\\/\\\/www.iceireland.com\\\/it\\\/#organization\"},\"potentialAction\":[{\"@type\":\"SearchAction\",\"target\":{\"@type\":\"EntryPoint\",\"urlTemplate\":\"https:\\\/\\\/www.iceireland.com\\\/it\\\/?s={search_term_string}\"},\"query-input\":{\"@type\":\"PropertyValueSpecification\",\"valueRequired\":true,\"valueName\":\"search_term_string\"}}],\"inLanguage\":\"it-IT\"},{\"@type\":\"Organization\",\"@id\":\"https:\\\/\\\/www.iceireland.com\\\/it\\\/#organization\",\"name\":\"Irish College of English\",\"url\":\"https:\\\/\\\/www.iceireland.com\\\/it\\\/\",\"logo\":{\"@type\":\"ImageObject\",\"inLanguage\":\"it-IT\",\"@id\":\"https:\\\/\\\/www.iceireland.com\\\/it\\\/#\\\/schema\\\/logo\\\/image\\\/\",\"url\":\"https:\\\/\\\/www.iceireland.com\\\/wp-content\\\/uploads\\\/2022\\\/03\\\/logo.png\",\"contentUrl\":\"https:\\\/\\\/www.iceireland.com\\\/wp-content\\\/uploads\\\/2022\\\/03\\\/logo.png\",\"width\":593,\"height\":92,\"caption\":\"Irish College of English\"},\"image\":{\"@id\":\"https:\\\/\\\/www.iceireland.com\\\/it\\\/#\\\/schema\\\/logo\\\/image\\\/\"}}]}<\/script>\n<!-- \/ Yoast SEO plugin. -->","yoast_head_json":{"title":"Studia inglese in Irlanda presso l'Irish College of English - Malahide, Dublino","description":"Un paese accogliente e amichevole, noto per i suoi elevati standard di formazione in lingua inglese. Immergiti completamente nell'inglese, scegli l'Irlanda, scegli noi.","robots":{"index":"index","follow":"follow","max-snippet":"max-snippet:-1","max-image-preview":"max-image-preview:large","max-video-preview":"max-video-preview:-1"},"canonical":"https:\/\/www.iceireland.com\/it\/study-english-in-ireland\/","og_locale":"it_IT","og_type":"article","og_title":"Studia inglese in Irlanda presso l'Irish College of English - Malahide, Dublino","og_description":"Un paese accogliente e amichevole, noto per i suoi elevati standard di formazione in lingua inglese. Immergiti completamente nell'inglese, scegli l'Irlanda, scegli noi.","og_url":"https:\/\/www.iceireland.com\/it\/study-english-in-ireland\/","og_site_name":"Irish College of English","og_image":[{"width":424,"height":700,"url":"https:\/\/www.iceireland.com\/wp-content\/uploads\/2019\/09\/3-2.jpg","type":"image\/jpeg"}],"twitter_misc":{"Tempo di lettura stimato":"2 minuti"},"schema":{"@context":"https:\/\/schema.org","@graph":[{"@type":"WebPage","@id":"https:\/\/www.iceireland.com\/it\/study-english-in-ireland\/","url":"https:\/\/www.iceireland.com\/it\/study-english-in-ireland\/","name":"Studia inglese in Irlanda presso l'Irish College of English - Malahide, Dublino","isPartOf":{"@id":"https:\/\/www.iceireland.com\/it\/#website"},"primaryImageOfPage":{"@id":"https:\/\/www.iceireland.com\/it\/study-english-in-ireland\/#primaryimage"},"image":{"@id":"https:\/\/www.iceireland.com\/it\/study-english-in-ireland\/#primaryimage"},"thumbnailUrl":"https:\/\/www.iceireland.com\/wp-content\/uploads\/2019\/09\/3-2-182x300.jpg","datePublished":"2014-10-20T08:40:07+00:00","description":"Un paese accogliente e amichevole, noto per i suoi elevati standard di formazione in lingua inglese. Immergiti completamente nell'inglese, scegli l'Irlanda, scegli noi.","breadcrumb":{"@id":"https:\/\/www.iceireland.com\/it\/study-english-in-ireland\/#breadcrumb"},"inLanguage":"it-IT","potentialAction":[{"@type":"ReadAction","target":["https:\/\/www.iceireland.com\/it\/study-english-in-ireland\/"]}]},{"@type":"ImageObject","inLanguage":"it-IT","@id":"https:\/\/www.iceireland.com\/it\/study-english-in-ireland\/#primaryimage","url":"https:\/\/www.iceireland.com\/wp-content\/uploads\/2019\/09\/3-2-182x300.jpg","contentUrl":"https:\/\/www.iceireland.com\/wp-content\/uploads\/2019\/09\/3-2-182x300.jpg"},{"@type":"BreadcrumbList","@id":"https:\/\/www.iceireland.com\/it\/study-english-in-ireland\/#breadcrumb","itemListElement":[{"@type":"ListItem","position":1,"name":"Home","item":"https:\/\/www.iceireland.com\/it\/"},{"@type":"ListItem","position":2,"name":"Studia l&#8217;inglese in Irlanda"}]},{"@type":"WebSite","@id":"https:\/\/www.iceireland.com\/it\/#website","url":"https:\/\/www.iceireland.com\/it\/","name":"Irish College of English","description":"English School in Dublin, Malahide","publisher":{"@id":"https:\/\/www.iceireland.com\/it\/#organization"},"potentialAction":[{"@type":"SearchAction","target":{"@type":"EntryPoint","urlTemplate":"https:\/\/www.iceireland.com\/it\/?s={search_term_string}"},"query-input":{"@type":"PropertyValueSpecification","valueRequired":true,"valueName":"search_term_string"}}],"inLanguage":"it-IT"},{"@type":"Organization","@id":"https:\/\/www.iceireland.com\/it\/#organization","name":"Irish College of English","url":"https:\/\/www.iceireland.com\/it\/","logo":{"@type":"ImageObject","inLanguage":"it-IT","@id":"https:\/\/www.iceireland.com\/it\/#\/schema\/logo\/image\/","url":"https:\/\/www.iceireland.com\/wp-content\/uploads\/2022\/03\/logo.png","contentUrl":"https:\/\/www.iceireland.com\/wp-content\/uploads\/2022\/03\/logo.png","width":593,"height":92,"caption":"Irish College of English"},"image":{"@id":"https:\/\/www.iceireland.com\/it\/#\/schema\/logo\/image\/"}}]}},"_links":{"self":[{"href":"https:\/\/www.iceireland.com\/it\/wp-json\/wp\/v2\/pages\/31898","targetHints":{"allow":["GET"]}}],"collection":[{"href":"https:\/\/www.iceireland.com\/it\/wp-json\/wp\/v2\/pages"}],"about":[{"href":"https:\/\/www.iceireland.com\/it\/wp-json\/wp\/v2\/types\/page"}],"author":[{"embeddable":true,"href":"https:\/\/www.iceireland.com\/it\/wp-json\/wp\/v2\/users\/1"}],"replies":[{"embeddable":true,"href":"https:\/\/www.iceireland.com\/it\/wp-json\/wp\/v2\/comments?post=31898"}],"version-history":[{"count":0,"href":"https:\/\/www.iceireland.com\/it\/wp-json\/wp\/v2\/pages\/31898\/revisions"}],"wp:attachment":[{"href":"https:\/\/www.iceireland.com\/it\/wp-json\/wp\/v2\/media?parent=31898"}],"curies":[{"name":"wp","href":"https:\/\/api.w.org\/{rel}","templated":true}]}}