{"id":31928,"date":"2014-10-20T13:40:15","date_gmt":"2014-10-20T13:40:15","guid":{"rendered":"https:\/\/www.iceireland.com\/useful-info\/cultural-and-social-programmes\/"},"modified":"2014-10-20T13:40:15","modified_gmt":"2014-10-20T13:40:15","slug":"cultural-and-social-programmes","status":"publish","type":"page","link":"https:\/\/www.iceireland.com\/it\/useful-info\/cultural-and-social-programmes\/","title":{"rendered":"Attivit\u00e0 ed eventi per adulti, programmi culturali e sociali"},"content":{"rendered":"<h3>Programmi culturali e sociali<\/h3>\n<p>All&#8217;Irish College of English promuoviamo una vita sociale attiva per gli studenti, che si mescolano con studenti di tutte le nazionalit\u00e0 e con gli irlandesi e che hanno l&#8217;opportunit\u00e0 di visitare alcuni dei famosi siti culturali, storici e di bellezza naturale dell&#8217;Irlanda.<\/p>\n<p>A scuola organizziamo corsi di conversazione gratuiti, tour della citt\u00e0 un giorno alla settimana, serate nei pub o feste a scuola.<\/p>\n<p>I nostri tour\/viaggi organizzati a cui gli studenti possono partecipare sono gratuiti, oppure gli studenti pagano solo l&#8217;ingresso. Tra queste, l&#8217;orientamento al centro di Dublino, le visite alle attrazioni turistiche come il Trinity College, la Guinness Storehouse, le gite in pullman del sabato fuori Dublino, ecc. <\/p>\n<p>Abbiamo anche una bacheca che elenca gli eventi interessanti che si svolgono a livello nazionale, idee per i viaggi del fine settimana, ecc.<\/p>\n<p>Il nostro staff \u00e8 sempre lieto di aiutare gli studenti a organizzare visite guidate ecc. Seguici sui social media per avere notizie e attivit\u00e0 sempre aggiornate. <\/p>\n<h3>Programma sociale per adulti<\/h3>\n<p>All&#8217;Irish College of English gli studenti godono di una vivace vita sociale. Con tre pub nel raggio di due minuti a piedi dalla scuola, non \u00e8 difficile! Il centro di Dublino \u00e8 a soli 20 minuti di treno, quindi \u00e8 facile godersi le grandi serate nella grande citt\u00e0.  <\/p>\n<p>La scuola gode di un&#8217;atmosfera amichevole ed \u00e8 sempre facile fare nuove amicizie. Anche se non abbiamo un programma sociale organizzato, la scuola dispone di una bacheca per i viaggi e le attivit\u00e0 sociali con eventi e idee. <\/p>\n<p>Durante i mesi estivi, offriamo escursioni settimanali il sabato agli studenti adulti. Le gite includono Kilkenny, Glendalough e Belfast. <\/p>\n","protected":false},"excerpt":{"rendered":"<p>Programmi culturali e sociali All&#8217;Irish College of English promuoviamo una vita sociale attiva per gli studenti, che si mescolano con studenti di tutte le nazionalit\u00e0 e con gli irlandesi e che hanno l&#8217;opportunit\u00e0 di visitare alcuni dei famosi siti culturali, storici e di bellezza naturale dell&#8217;Irlanda. A scuola organizziamo corsi di conversazione gratuiti, tour della [&hellip;]<\/p>\n","protected":false},"author":1,"featured_media":0,"parent":31918,"menu_order":0,"comment_status":"open","ping_status":"open","template":"","meta":{"content-type":"","footnotes":""},"class_list":["post-31928","page","type-page","status-publish","hentry"],"yoast_head":"<!-- This site is optimized with the Yoast SEO plugin v27.3 - https:\/\/yoast.com\/product\/yoast-seo-wordpress\/ -->\n<title>Attivit\u00e0 ed eventi per adulti, programmi culturali e sociali - Irish College of English<\/title>\n<meta name=\"description\" content=\"All&#039;Irish College of English promuoviamo una vita sociale attiva per gli studenti, che si mescolano con studenti di tutte le nazionalit\u00e0 e con gli irlandesi e che hanno l&#039;opportunit\u00e0 di vedere alcuni luoghi dell&#039;Irlanda.\" \/>\n<meta name=\"robots\" content=\"index, follow, max-snippet:-1, max-image-preview:large, max-video-preview:-1\" \/>\n<link rel=\"canonical\" href=\"https:\/\/www.iceireland.com\/it\/useful-info\/cultural-and-social-programmes\/\" \/>\n<meta property=\"og:locale\" content=\"it_IT\" \/>\n<meta property=\"og:type\" content=\"article\" \/>\n<meta property=\"og:title\" content=\"Attivit\u00e0 ed eventi per adulti, programmi culturali e sociali - Irish College of English\" \/>\n<meta property=\"og:description\" content=\"All&#039;Irish College of English promuoviamo una vita sociale attiva per gli studenti, che si mescolano con studenti di tutte le nazionalit\u00e0 e con gli irlandesi e che hanno l&#039;opportunit\u00e0 di vedere alcuni luoghi dell&#039;Irlanda.\" \/>\n<meta property=\"og:url\" content=\"https:\/\/www.iceireland.com\/it\/useful-info\/cultural-and-social-programmes\/\" \/>\n<meta property=\"og:site_name\" content=\"Irish College of English\" \/>\n<meta name=\"twitter:label1\" content=\"Tempo di lettura stimato\" \/>\n\t<meta name=\"twitter:data1\" content=\"1 minuto\" \/>\n<script type=\"application\/ld+json\" class=\"yoast-schema-graph\">{\"@context\":\"https:\\\/\\\/schema.org\",\"@graph\":[{\"@type\":\"WebPage\",\"@id\":\"https:\\\/\\\/www.iceireland.com\\\/it\\\/useful-info\\\/cultural-and-social-programmes\\\/\",\"url\":\"https:\\\/\\\/www.iceireland.com\\\/it\\\/useful-info\\\/cultural-and-social-programmes\\\/\",\"name\":\"Attivit\u00e0 ed eventi per adulti, programmi culturali e sociali - Irish College of English\",\"isPartOf\":{\"@id\":\"https:\\\/\\\/www.iceireland.com\\\/it\\\/#website\"},\"datePublished\":\"2014-10-20T13:40:15+00:00\",\"description\":\"All'Irish College of English promuoviamo una vita sociale attiva per gli studenti, che si mescolano con studenti di tutte le nazionalit\u00e0 e con gli irlandesi e che hanno l'opportunit\u00e0 di vedere alcuni luoghi dell'Irlanda.\",\"breadcrumb\":{\"@id\":\"https:\\\/\\\/www.iceireland.com\\\/it\\\/useful-info\\\/cultural-and-social-programmes\\\/#breadcrumb\"},\"inLanguage\":\"it-IT\",\"potentialAction\":[{\"@type\":\"ReadAction\",\"target\":[\"https:\\\/\\\/www.iceireland.com\\\/it\\\/useful-info\\\/cultural-and-social-programmes\\\/\"]}]},{\"@type\":\"BreadcrumbList\",\"@id\":\"https:\\\/\\\/www.iceireland.com\\\/it\\\/useful-info\\\/cultural-and-social-programmes\\\/#breadcrumb\",\"itemListElement\":[{\"@type\":\"ListItem\",\"position\":1,\"name\":\"Home\",\"item\":\"https:\\\/\\\/www.iceireland.com\\\/it\\\/\"},{\"@type\":\"ListItem\",\"position\":2,\"name\":\"Informazioni utili\",\"item\":\"https:\\\/\\\/www.iceireland.com\\\/it\\\/useful-info\\\/\"},{\"@type\":\"ListItem\",\"position\":3,\"name\":\"Attivit\u00e0 ed eventi per adulti, programmi culturali e sociali\"}]},{\"@type\":\"WebSite\",\"@id\":\"https:\\\/\\\/www.iceireland.com\\\/it\\\/#website\",\"url\":\"https:\\\/\\\/www.iceireland.com\\\/it\\\/\",\"name\":\"Irish College of English\",\"description\":\"English School in Dublin, Malahide\",\"publisher\":{\"@id\":\"https:\\\/\\\/www.iceireland.com\\\/it\\\/#organization\"},\"potentialAction\":[{\"@type\":\"SearchAction\",\"target\":{\"@type\":\"EntryPoint\",\"urlTemplate\":\"https:\\\/\\\/www.iceireland.com\\\/it\\\/?s={search_term_string}\"},\"query-input\":{\"@type\":\"PropertyValueSpecification\",\"valueRequired\":true,\"valueName\":\"search_term_string\"}}],\"inLanguage\":\"it-IT\"},{\"@type\":\"Organization\",\"@id\":\"https:\\\/\\\/www.iceireland.com\\\/it\\\/#organization\",\"name\":\"Irish College of English\",\"url\":\"https:\\\/\\\/www.iceireland.com\\\/it\\\/\",\"logo\":{\"@type\":\"ImageObject\",\"inLanguage\":\"it-IT\",\"@id\":\"https:\\\/\\\/www.iceireland.com\\\/it\\\/#\\\/schema\\\/logo\\\/image\\\/\",\"url\":\"https:\\\/\\\/www.iceireland.com\\\/wp-content\\\/uploads\\\/2022\\\/03\\\/logo.png\",\"contentUrl\":\"https:\\\/\\\/www.iceireland.com\\\/wp-content\\\/uploads\\\/2022\\\/03\\\/logo.png\",\"width\":593,\"height\":92,\"caption\":\"Irish College of English\"},\"image\":{\"@id\":\"https:\\\/\\\/www.iceireland.com\\\/it\\\/#\\\/schema\\\/logo\\\/image\\\/\"}}]}<\/script>\n<!-- \/ Yoast SEO plugin. -->","yoast_head_json":{"title":"Attivit\u00e0 ed eventi per adulti, programmi culturali e sociali - Irish College of English","description":"All'Irish College of English promuoviamo una vita sociale attiva per gli studenti, che si mescolano con studenti di tutte le nazionalit\u00e0 e con gli irlandesi e che hanno l'opportunit\u00e0 di vedere alcuni luoghi dell'Irlanda.","robots":{"index":"index","follow":"follow","max-snippet":"max-snippet:-1","max-image-preview":"max-image-preview:large","max-video-preview":"max-video-preview:-1"},"canonical":"https:\/\/www.iceireland.com\/it\/useful-info\/cultural-and-social-programmes\/","og_locale":"it_IT","og_type":"article","og_title":"Attivit\u00e0 ed eventi per adulti, programmi culturali e sociali - Irish College of English","og_description":"All'Irish College of English promuoviamo una vita sociale attiva per gli studenti, che si mescolano con studenti di tutte le nazionalit\u00e0 e con gli irlandesi e che hanno l'opportunit\u00e0 di vedere alcuni luoghi dell'Irlanda.","og_url":"https:\/\/www.iceireland.com\/it\/useful-info\/cultural-and-social-programmes\/","og_site_name":"Irish College of English","twitter_misc":{"Tempo di lettura stimato":"1 minuto"},"schema":{"@context":"https:\/\/schema.org","@graph":[{"@type":"WebPage","@id":"https:\/\/www.iceireland.com\/it\/useful-info\/cultural-and-social-programmes\/","url":"https:\/\/www.iceireland.com\/it\/useful-info\/cultural-and-social-programmes\/","name":"Attivit\u00e0 ed eventi per adulti, programmi culturali e sociali - Irish College of English","isPartOf":{"@id":"https:\/\/www.iceireland.com\/it\/#website"},"datePublished":"2014-10-20T13:40:15+00:00","description":"All'Irish College of English promuoviamo una vita sociale attiva per gli studenti, che si mescolano con studenti di tutte le nazionalit\u00e0 e con gli irlandesi e che hanno l'opportunit\u00e0 di vedere alcuni luoghi dell'Irlanda.","breadcrumb":{"@id":"https:\/\/www.iceireland.com\/it\/useful-info\/cultural-and-social-programmes\/#breadcrumb"},"inLanguage":"it-IT","potentialAction":[{"@type":"ReadAction","target":["https:\/\/www.iceireland.com\/it\/useful-info\/cultural-and-social-programmes\/"]}]},{"@type":"BreadcrumbList","@id":"https:\/\/www.iceireland.com\/it\/useful-info\/cultural-and-social-programmes\/#breadcrumb","itemListElement":[{"@type":"ListItem","position":1,"name":"Home","item":"https:\/\/www.iceireland.com\/it\/"},{"@type":"ListItem","position":2,"name":"Informazioni utili","item":"https:\/\/www.iceireland.com\/it\/useful-info\/"},{"@type":"ListItem","position":3,"name":"Attivit\u00e0 ed eventi per adulti, programmi culturali e sociali"}]},{"@type":"WebSite","@id":"https:\/\/www.iceireland.com\/it\/#website","url":"https:\/\/www.iceireland.com\/it\/","name":"Irish College of English","description":"English School in Dublin, Malahide","publisher":{"@id":"https:\/\/www.iceireland.com\/it\/#organization"},"potentialAction":[{"@type":"SearchAction","target":{"@type":"EntryPoint","urlTemplate":"https:\/\/www.iceireland.com\/it\/?s={search_term_string}"},"query-input":{"@type":"PropertyValueSpecification","valueRequired":true,"valueName":"search_term_string"}}],"inLanguage":"it-IT"},{"@type":"Organization","@id":"https:\/\/www.iceireland.com\/it\/#organization","name":"Irish College of English","url":"https:\/\/www.iceireland.com\/it\/","logo":{"@type":"ImageObject","inLanguage":"it-IT","@id":"https:\/\/www.iceireland.com\/it\/#\/schema\/logo\/image\/","url":"https:\/\/www.iceireland.com\/wp-content\/uploads\/2022\/03\/logo.png","contentUrl":"https:\/\/www.iceireland.com\/wp-content\/uploads\/2022\/03\/logo.png","width":593,"height":92,"caption":"Irish College of English"},"image":{"@id":"https:\/\/www.iceireland.com\/it\/#\/schema\/logo\/image\/"}}]}},"_links":{"self":[{"href":"https:\/\/www.iceireland.com\/it\/wp-json\/wp\/v2\/pages\/31928","targetHints":{"allow":["GET"]}}],"collection":[{"href":"https:\/\/www.iceireland.com\/it\/wp-json\/wp\/v2\/pages"}],"about":[{"href":"https:\/\/www.iceireland.com\/it\/wp-json\/wp\/v2\/types\/page"}],"author":[{"embeddable":true,"href":"https:\/\/www.iceireland.com\/it\/wp-json\/wp\/v2\/users\/1"}],"replies":[{"embeddable":true,"href":"https:\/\/www.iceireland.com\/it\/wp-json\/wp\/v2\/comments?post=31928"}],"version-history":[{"count":0,"href":"https:\/\/www.iceireland.com\/it\/wp-json\/wp\/v2\/pages\/31928\/revisions"}],"up":[{"embeddable":true,"href":"https:\/\/www.iceireland.com\/it\/wp-json\/wp\/v2\/pages\/31918"}],"wp:attachment":[{"href":"https:\/\/www.iceireland.com\/it\/wp-json\/wp\/v2\/media?parent=31928"}],"curies":[{"name":"wp","href":"https:\/\/api.w.org\/{rel}","templated":true}]}}