{"id":32132,"date":"2014-10-20T09:11:13","date_gmt":"2014-10-20T09:11:13","guid":{"rendered":"https:\/\/www.iceireland.com\/learn-english-ireland-host-family\/"},"modified":"2014-10-20T09:11:13","modified_gmt":"2014-10-20T09:11:13","slug":"learn-english-ireland-host-family","status":"publish","type":"page","link":"https:\/\/www.iceireland.com\/it\/learn-english-ireland-host-family\/","title":{"rendered":"Imparare l&#8217;inglese in Irlanda Famiglia ospitante"},"content":{"rendered":"<h2><strong>Alloggio in famiglia  <\/strong><\/h2>\n<p><strong style=\"color: #339966; line-height: 1.5;\"> <\/strong><\/p>\n<blockquote>\n<h4 style=\"text-align: justify;\"><span style=\"color: #808080;\">Famiglie accoglienti e di qualit\u00e0, tutte raggiungibili a piedi o con un breve tragitto in autobus dalla nostra scuola.<\/span><\/h4>\n<h4 style=\"text-align: justify;\"><span style=\"color: #808080;\">La maggior parte delle famiglie ospita due\/tre studenti<\/span><\/h4>\n<h4 style=\"text-align: justify;\"><span style=\"color: #808080;\">Il coordinatore delle famiglie ospitanti per tutto l&#8217;anno garantisce la qualit\u00e0 e la Carta delle famiglie ospitanti.<\/span><\/h4>\n<\/blockquote>\n<h3 style=\"text-align: justify;\"><\/h3>\n<p style=\"text-align: justify;\"><strong>Famiglie ospitanti di qualit\u00e0 con l&#8217;Irish College of English &#8211;<\/strong> Impara l&#8217;inglese presso la nostra scuola di lingua inglese di qualit\u00e0 e soggiorna presso<strong>famiglie<\/strong> <strong>ospitanti irlandesi amichevoli e accoglienti <\/strong> con camere confortevoli a pochi passi o a un brevissimo viaggio in autobus dalle nostre scuole di inglese.  <strong><br \/>\n<\/strong><\/p>\n<p style=\"text-align: justify;\">Organizziamo soggiorni per gli studenti che desiderano vivere con una famiglia irlandese per un vero e proprio soggiorno linguistico in Irlanda. Gli irlandesi hanno una tradizione di ospitalit\u00e0 e calore. Questa tradizione \u00e8 rinomata in tutto il mondo ed \u00e8 stata un fattore importante nell&#8217;attrarre migliaia di studenti a studiare l&#8217;inglese in Irlanda. La qualit\u00e0 degli alloggi \u00e8 un punto chiave dell&#8217;Irish College of English. Le nostre sedi sono eccellenti e Malahide \u00e8 una delle zone pi\u00f9 prestigiose di Dublino in cui vivere. Utilizziamo solo alloggi di famiglie ospitanti che si trovano a pochi passi o a un brevissimo tragitto in autobus dalle nostre scuole e, dato che operiamo tutto l&#8217;anno, costruiamo solidi rapporti con la comunit\u00e0 e con tutte le nostre famiglie ospitanti. Abbiamo un membro del personale che si occupa a tempo pieno di visitare e garantire la qualit\u00e0 dei nostri soggiorni.      <\/p>\n<p style=\"text-align: justify;\"><strong>Il benessere degli studenti \u00e8 la nostra principale preoccupazione<\/strong> e scegliamo le nostre famiglie con molta attenzione per garantire il massimo comfort. Inoltre, abbiamo una Carta del Soggiorno in Famiglia che stabilisce chiaramente gli standard e le nostre politiche relative a tutti i programmi di famiglie ospitanti di Learn English Ireland. Gli studenti possono essere accolti da altri studenti internazionali, sviluppando cos\u00ec nuove amicizie con giovani provenienti da tutto il mondo. Possiamo garantire agli studenti un eccellente soggiorno in famiglia e il feedback dei nostri studenti lo conferma. Il trattamento di pensione completa prevede colazione, pranzo al sacco e pasto serale, con particolare attenzione a una dieta nutriente. Gli studenti diventano membri della famiglia per tutta la durata del loro soggiorno e si inseriscono nella normale vita familiare. Possiamo garantire agli studenti un eccellente soggiorno in famiglia e il feedback degli studenti lo conferma.      <\/p>\n<p>La maggior parte delle famiglie ospitanti accoglie da 1 a 3 studenti in qualsiasi momento. Se hai richieste particolari   <a href=\"https:\/\/www.iceireland.com\/wp-content\/uploads\/2014\/10\/Homestay-for-Teenagers-on-Junior-English-Summer-Camps-Ireland.jpg\"><img fetchpriority=\"high\" decoding=\"async\" class=\"alignright wp-image-1827\" title=\"Alloggio in famiglia per adolescenti durante i campi estivi di inglese per ragazzi in Irlanda\" src=\"https:\/\/www.iceireland.com\/wp-content\/uploads\/2014\/10\/Homestay-for-Teenagers-on-Junior-English-Summer-Camps-Ireland.jpg\" alt=\"Alloggio in famiglia per adolescenti durante i campi estivi di inglese per ragazzi in Irlanda\" width=\"533\" height=\"445\" srcset=\"https:\/\/www.iceireland.com\/wp-content\/uploads\/2014\/10\/Homestay-for-Teenagers-on-Junior-English-Summer-Camps-Ireland.jpg 572w, https:\/\/www.iceireland.com\/wp-content\/uploads\/2014\/10\/Homestay-for-Teenagers-on-Junior-English-Summer-Camps-Ireland-300x250.jpg 300w\" sizes=\"(max-width: 533px) 100vw, 533px\" \/><\/a>Per quanto riguarda la sistemazione in famiglia ospitante, saremo lieti di cercare di soddisfare questi requisiti, ove possibile. Tutti gli alloggi delle famiglie ospitanti sono raggiungibili a piedi o con un brevissimo tragitto in autobus dalla nostra scuola e sono controllati dal nostro staff. <\/p>\n<h3><\/h3>\n<h3>Una giornata tipo in una famiglia ospitante &#8220;Una casa a partire da casa&#8221;.<\/h3>\n<ul>\n<li><strong><span style=\"color: #808080;\">Gli studenti vengono svegliati dalla mamma ospitante, fanno la doccia e fanno colazione.<\/span><\/strong><\/li>\n<li><strong><span style=\"color: #808080;\">Gli studenti ricevono un pranzo al sacco per la giornata<\/span><\/strong><\/li>\n<li><strong><span style=\"color: #808080;\">Gli studenti vanno a scuola a piedi o con un brevissimo tragitto in autobus e tornano a casa verso le 18:00. <\/span><\/strong><strong><span style=\"color: #808080;\">tornano a casa verso le 18:00 dopo il programma di lezioni e attivit\u00e0.<\/span><\/strong><\/li>\n<li><strong><span style=\"color: #808080;\">Al ritorno a casa, gli studenti cenano con la famiglia ospitante e chiacchierano di quello che \u00e8 successo quel giorno.<\/span><\/strong><\/li>\n<li><strong><span style=\"color: #808080;\">Gli studenti possono trascorrere la serata <\/span><\/strong><strong><span style=\"color: #808080;\">rilassandosi e chiacchierando con la famiglia o incontrando gli amici della zona.<\/span><\/strong><\/li>\n<li><strong><span style=\"color: #808080;\">Il coprifuoco \u00e8 fissato alle 21.30, ora in cui tutti gli studenti devono rientrare a casa.<\/span><\/strong><\/li>\n<li><strong><span style=\"color: #808080;\">Gli studenti e le famiglie hanno accesso 24 ore su 24 a un numero di telefono per le emergenze e un membro del nostro team \u00e8 sempre pronto ad aiutarli.<\/span><\/strong><\/li>\n<\/ul>\n<h2><\/h2>\n","protected":false},"excerpt":{"rendered":"<p>Alloggio in famiglia Famiglie accoglienti e di qualit\u00e0, tutte raggiungibili a piedi o con un breve tragitto in autobus dalla nostra scuola. La maggior parte delle famiglie ospita due\/tre studenti Il coordinatore delle famiglie ospitanti per tutto l&#8217;anno garantisce la qualit\u00e0 e la Carta delle famiglie ospitanti. Famiglie ospitanti di qualit\u00e0 con l&#8217;Irish College of [&hellip;]<\/p>\n","protected":false},"author":1,"featured_media":0,"parent":0,"menu_order":0,"comment_status":"open","ping_status":"open","template":"","meta":{"content-type":"","footnotes":""},"class_list":["post-32132","page","type-page","status-publish","hentry"],"yoast_head":"<!-- This site is optimized with the Yoast SEO plugin v27.3 - https:\/\/yoast.com\/product\/yoast-seo-wordpress\/ -->\n<title>Imparare l&#039;inglese in Irlanda Famiglia ospitante a pochi passi o con un breve tragitto in autobus<\/title>\n<meta name=\"description\" content=\"Prenota un Junior English Summer Camp con l&#039;Irish College of English e assicurati una sistemazione in famiglia di qualit\u00e0 a pochi passi o a un brevissimo tragitto in autobus dalla nostra scuola.\" \/>\n<meta name=\"robots\" content=\"index, follow, max-snippet:-1, max-image-preview:large, max-video-preview:-1\" \/>\n<link rel=\"canonical\" href=\"https:\/\/www.iceireland.com\/it\/learn-english-ireland-host-family\/\" \/>\n<meta property=\"og:locale\" content=\"it_IT\" \/>\n<meta property=\"og:type\" content=\"article\" \/>\n<meta property=\"og:title\" content=\"Imparare l&#039;inglese in Irlanda Famiglia ospitante a pochi passi o con un breve tragitto in autobus\" \/>\n<meta property=\"og:description\" content=\"Prenota un Junior English Summer Camp con l&#039;Irish College of English e assicurati una sistemazione in famiglia di qualit\u00e0 a pochi passi o a un brevissimo tragitto in autobus dalla nostra scuola.\" \/>\n<meta property=\"og:url\" content=\"https:\/\/www.iceireland.com\/it\/learn-english-ireland-host-family\/\" \/>\n<meta property=\"og:site_name\" content=\"Irish College of English\" \/>\n<meta property=\"og:image\" content=\"https:\/\/www.iceireland.com\/wp-content\/uploads\/2014\/10\/Homestay-for-Teenagers-on-Junior-English-Summer-Camps-Ireland.jpg\" \/>\n\t<meta property=\"og:image:width\" content=\"572\" \/>\n\t<meta property=\"og:image:height\" content=\"477\" \/>\n\t<meta property=\"og:image:type\" content=\"image\/jpeg\" \/>\n<meta name=\"twitter:label1\" content=\"Tempo di lettura stimato\" \/>\n\t<meta name=\"twitter:data1\" content=\"3 minuti\" \/>\n<script type=\"application\/ld+json\" class=\"yoast-schema-graph\">{\"@context\":\"https:\\\/\\\/schema.org\",\"@graph\":[{\"@type\":\"WebPage\",\"@id\":\"https:\\\/\\\/www.iceireland.com\\\/it\\\/learn-english-ireland-host-family\\\/\",\"url\":\"https:\\\/\\\/www.iceireland.com\\\/it\\\/learn-english-ireland-host-family\\\/\",\"name\":\"Imparare l'inglese in Irlanda Famiglia ospitante a pochi passi o con un breve tragitto in autobus\",\"isPartOf\":{\"@id\":\"https:\\\/\\\/www.iceireland.com\\\/it\\\/#website\"},\"primaryImageOfPage\":{\"@id\":\"https:\\\/\\\/www.iceireland.com\\\/it\\\/learn-english-ireland-host-family\\\/#primaryimage\"},\"image\":{\"@id\":\"https:\\\/\\\/www.iceireland.com\\\/it\\\/learn-english-ireland-host-family\\\/#primaryimage\"},\"thumbnailUrl\":\"https:\\\/\\\/www.iceireland.com\\\/wp-content\\\/uploads\\\/2014\\\/10\\\/Homestay-for-Teenagers-on-Junior-English-Summer-Camps-Ireland.jpg\",\"datePublished\":\"2014-10-20T09:11:13+00:00\",\"description\":\"Prenota un Junior English Summer Camp con l'Irish College of English e assicurati una sistemazione in famiglia di qualit\u00e0 a pochi passi o a un brevissimo tragitto in autobus dalla nostra scuola.\",\"breadcrumb\":{\"@id\":\"https:\\\/\\\/www.iceireland.com\\\/it\\\/learn-english-ireland-host-family\\\/#breadcrumb\"},\"inLanguage\":\"it-IT\",\"potentialAction\":[{\"@type\":\"ReadAction\",\"target\":[\"https:\\\/\\\/www.iceireland.com\\\/it\\\/learn-english-ireland-host-family\\\/\"]}]},{\"@type\":\"ImageObject\",\"inLanguage\":\"it-IT\",\"@id\":\"https:\\\/\\\/www.iceireland.com\\\/it\\\/learn-english-ireland-host-family\\\/#primaryimage\",\"url\":\"https:\\\/\\\/www.iceireland.com\\\/wp-content\\\/uploads\\\/2014\\\/10\\\/Homestay-for-Teenagers-on-Junior-English-Summer-Camps-Ireland.jpg\",\"contentUrl\":\"https:\\\/\\\/www.iceireland.com\\\/wp-content\\\/uploads\\\/2014\\\/10\\\/Homestay-for-Teenagers-on-Junior-English-Summer-Camps-Ireland.jpg\"},{\"@type\":\"BreadcrumbList\",\"@id\":\"https:\\\/\\\/www.iceireland.com\\\/it\\\/learn-english-ireland-host-family\\\/#breadcrumb\",\"itemListElement\":[{\"@type\":\"ListItem\",\"position\":1,\"name\":\"Home\",\"item\":\"https:\\\/\\\/www.iceireland.com\\\/it\\\/\"},{\"@type\":\"ListItem\",\"position\":2,\"name\":\"Imparare l&#8217;inglese in Irlanda Famiglia ospitante\"}]},{\"@type\":\"WebSite\",\"@id\":\"https:\\\/\\\/www.iceireland.com\\\/it\\\/#website\",\"url\":\"https:\\\/\\\/www.iceireland.com\\\/it\\\/\",\"name\":\"Irish College of English\",\"description\":\"English School in Dublin, Malahide\",\"publisher\":{\"@id\":\"https:\\\/\\\/www.iceireland.com\\\/it\\\/#organization\"},\"potentialAction\":[{\"@type\":\"SearchAction\",\"target\":{\"@type\":\"EntryPoint\",\"urlTemplate\":\"https:\\\/\\\/www.iceireland.com\\\/it\\\/?s={search_term_string}\"},\"query-input\":{\"@type\":\"PropertyValueSpecification\",\"valueRequired\":true,\"valueName\":\"search_term_string\"}}],\"inLanguage\":\"it-IT\"},{\"@type\":\"Organization\",\"@id\":\"https:\\\/\\\/www.iceireland.com\\\/it\\\/#organization\",\"name\":\"Irish College of English\",\"url\":\"https:\\\/\\\/www.iceireland.com\\\/it\\\/\",\"logo\":{\"@type\":\"ImageObject\",\"inLanguage\":\"it-IT\",\"@id\":\"https:\\\/\\\/www.iceireland.com\\\/it\\\/#\\\/schema\\\/logo\\\/image\\\/\",\"url\":\"https:\\\/\\\/www.iceireland.com\\\/wp-content\\\/uploads\\\/2022\\\/03\\\/logo.png\",\"contentUrl\":\"https:\\\/\\\/www.iceireland.com\\\/wp-content\\\/uploads\\\/2022\\\/03\\\/logo.png\",\"width\":593,\"height\":92,\"caption\":\"Irish College of English\"},\"image\":{\"@id\":\"https:\\\/\\\/www.iceireland.com\\\/it\\\/#\\\/schema\\\/logo\\\/image\\\/\"}}]}<\/script>\n<!-- \/ Yoast SEO plugin. -->","yoast_head_json":{"title":"Imparare l'inglese in Irlanda Famiglia ospitante a pochi passi o con un breve tragitto in autobus","description":"Prenota un Junior English Summer Camp con l'Irish College of English e assicurati una sistemazione in famiglia di qualit\u00e0 a pochi passi o a un brevissimo tragitto in autobus dalla nostra scuola.","robots":{"index":"index","follow":"follow","max-snippet":"max-snippet:-1","max-image-preview":"max-image-preview:large","max-video-preview":"max-video-preview:-1"},"canonical":"https:\/\/www.iceireland.com\/it\/learn-english-ireland-host-family\/","og_locale":"it_IT","og_type":"article","og_title":"Imparare l'inglese in Irlanda Famiglia ospitante a pochi passi o con un breve tragitto in autobus","og_description":"Prenota un Junior English Summer Camp con l'Irish College of English e assicurati una sistemazione in famiglia di qualit\u00e0 a pochi passi o a un brevissimo tragitto in autobus dalla nostra scuola.","og_url":"https:\/\/www.iceireland.com\/it\/learn-english-ireland-host-family\/","og_site_name":"Irish College of English","og_image":[{"width":572,"height":477,"url":"https:\/\/www.iceireland.com\/wp-content\/uploads\/2014\/10\/Homestay-for-Teenagers-on-Junior-English-Summer-Camps-Ireland.jpg","type":"image\/jpeg"}],"twitter_misc":{"Tempo di lettura stimato":"3 minuti"},"schema":{"@context":"https:\/\/schema.org","@graph":[{"@type":"WebPage","@id":"https:\/\/www.iceireland.com\/it\/learn-english-ireland-host-family\/","url":"https:\/\/www.iceireland.com\/it\/learn-english-ireland-host-family\/","name":"Imparare l'inglese in Irlanda Famiglia ospitante a pochi passi o con un breve tragitto in autobus","isPartOf":{"@id":"https:\/\/www.iceireland.com\/it\/#website"},"primaryImageOfPage":{"@id":"https:\/\/www.iceireland.com\/it\/learn-english-ireland-host-family\/#primaryimage"},"image":{"@id":"https:\/\/www.iceireland.com\/it\/learn-english-ireland-host-family\/#primaryimage"},"thumbnailUrl":"https:\/\/www.iceireland.com\/wp-content\/uploads\/2014\/10\/Homestay-for-Teenagers-on-Junior-English-Summer-Camps-Ireland.jpg","datePublished":"2014-10-20T09:11:13+00:00","description":"Prenota un Junior English Summer Camp con l'Irish College of English e assicurati una sistemazione in famiglia di qualit\u00e0 a pochi passi o a un brevissimo tragitto in autobus dalla nostra scuola.","breadcrumb":{"@id":"https:\/\/www.iceireland.com\/it\/learn-english-ireland-host-family\/#breadcrumb"},"inLanguage":"it-IT","potentialAction":[{"@type":"ReadAction","target":["https:\/\/www.iceireland.com\/it\/learn-english-ireland-host-family\/"]}]},{"@type":"ImageObject","inLanguage":"it-IT","@id":"https:\/\/www.iceireland.com\/it\/learn-english-ireland-host-family\/#primaryimage","url":"https:\/\/www.iceireland.com\/wp-content\/uploads\/2014\/10\/Homestay-for-Teenagers-on-Junior-English-Summer-Camps-Ireland.jpg","contentUrl":"https:\/\/www.iceireland.com\/wp-content\/uploads\/2014\/10\/Homestay-for-Teenagers-on-Junior-English-Summer-Camps-Ireland.jpg"},{"@type":"BreadcrumbList","@id":"https:\/\/www.iceireland.com\/it\/learn-english-ireland-host-family\/#breadcrumb","itemListElement":[{"@type":"ListItem","position":1,"name":"Home","item":"https:\/\/www.iceireland.com\/it\/"},{"@type":"ListItem","position":2,"name":"Imparare l&#8217;inglese in Irlanda Famiglia ospitante"}]},{"@type":"WebSite","@id":"https:\/\/www.iceireland.com\/it\/#website","url":"https:\/\/www.iceireland.com\/it\/","name":"Irish College of English","description":"English School in Dublin, Malahide","publisher":{"@id":"https:\/\/www.iceireland.com\/it\/#organization"},"potentialAction":[{"@type":"SearchAction","target":{"@type":"EntryPoint","urlTemplate":"https:\/\/www.iceireland.com\/it\/?s={search_term_string}"},"query-input":{"@type":"PropertyValueSpecification","valueRequired":true,"valueName":"search_term_string"}}],"inLanguage":"it-IT"},{"@type":"Organization","@id":"https:\/\/www.iceireland.com\/it\/#organization","name":"Irish College of English","url":"https:\/\/www.iceireland.com\/it\/","logo":{"@type":"ImageObject","inLanguage":"it-IT","@id":"https:\/\/www.iceireland.com\/it\/#\/schema\/logo\/image\/","url":"https:\/\/www.iceireland.com\/wp-content\/uploads\/2022\/03\/logo.png","contentUrl":"https:\/\/www.iceireland.com\/wp-content\/uploads\/2022\/03\/logo.png","width":593,"height":92,"caption":"Irish College of English"},"image":{"@id":"https:\/\/www.iceireland.com\/it\/#\/schema\/logo\/image\/"}}]}},"_links":{"self":[{"href":"https:\/\/www.iceireland.com\/it\/wp-json\/wp\/v2\/pages\/32132","targetHints":{"allow":["GET"]}}],"collection":[{"href":"https:\/\/www.iceireland.com\/it\/wp-json\/wp\/v2\/pages"}],"about":[{"href":"https:\/\/www.iceireland.com\/it\/wp-json\/wp\/v2\/types\/page"}],"author":[{"embeddable":true,"href":"https:\/\/www.iceireland.com\/it\/wp-json\/wp\/v2\/users\/1"}],"replies":[{"embeddable":true,"href":"https:\/\/www.iceireland.com\/it\/wp-json\/wp\/v2\/comments?post=32132"}],"version-history":[{"count":0,"href":"https:\/\/www.iceireland.com\/it\/wp-json\/wp\/v2\/pages\/32132\/revisions"}],"wp:attachment":[{"href":"https:\/\/www.iceireland.com\/it\/wp-json\/wp\/v2\/media?parent=32132"}],"curies":[{"name":"wp","href":"https:\/\/api.w.org\/{rel}","templated":true}]}}