{"id":32243,"date":"2014-10-20T13:45:06","date_gmt":"2014-10-20T13:45:06","guid":{"rendered":"https:\/\/www.iceireland.com\/useful-info\/english-language-school-in-dublin-ireland\/"},"modified":"2014-10-20T13:45:06","modified_gmt":"2014-10-20T13:45:06","slug":"english-language-school-in-dublin-ireland","status":"publish","type":"page","link":"https:\/\/www.iceireland.com\/it\/useful-info\/english-language-school-in-dublin-ireland\/","title":{"rendered":"Scuola di inglese a Dublino Irlanda"},"content":{"rendered":"<h3>Centro di studi inglesi per l&#8217;eccellenza<\/h3>\n<p>Fondato nel 1992 come scuola di lingua inglese a Dublino, in Irlanda, l&#8217;Irish College of English \u00e8 un ente di formazione di qualit\u00e0 ed \u00e8 riconosciuto dal Dipartimento dell&#8217;Istruzione come scuola di inglese aperta tutto l&#8217;anno per l&#8217;insegnamento dell&#8217;inglese come lingua straniera. I nostri programmi sono attentamente studiati per soddisfare le esigenze dei nostri studenti e ogni studente viene valutato all&#8217;arrivo e inserito in una classe adeguata. Al termine del corso, gli studenti ricevono un rapporto di uscita individuale e un certificato di valutazione.  <\/p>\n<h3>Da livello elementare a livello avanzato<\/h3>\n<p>Le classi vanno dal livello elementare a quello avanzato e tutti gli studenti vengono testati all&#8217;arrivo e inseriti nella classe pi\u00f9 adatta al loro livello di conoscenza dell&#8217;inglese. L&#8217;obiettivo principale di tutti i nostri corsi di lingua \u00e8 la comunicazione attraverso l&#8217;inglese parlato e scritto. I nostri insegnanti altamente qualificati fissano agli studenti obiettivi di apprendimento chiari e utilizzano le migliori tecniche per fare pratica di conversazione, scrittura, ascolto, lettura e grammatica della lingua inglese.  <\/p>\n<h3>I fattori delle scuole di lingua inglese ICE che aiutano i nostri studenti a eccellere:<\/h3>\n<ul>\n<li>Gli studenti sono impegnati in attivit\u00e0 comunicative per sviluppare la loro capacit\u00e0 di parlare, ascoltare, leggere e scrivere in inglese. L&#8217;Irish College of English pone l&#8217;accento sull&#8217;uso di testi e materiali autentici per sviluppare la consapevolezza culturale degli studenti durante il loro percorso. <\/li>\n<li>La valutazione continua e il passaggio attraverso i livelli della classe assicurano che gli studenti imparino sempre al ritmo pi\u00f9 adatto alle loro esigenze.<\/li>\n<li>I nostri insegnanti dedicati offrono un eccellente supporto e supervisione agli studenti e sono sempre disponibili ad aiutarli e a fornire loro materiale extra.<\/li>\n<li>Su richiesta, possiamo offrire lezioni individuali personalizzate in base alle esigenze specifiche degli studenti.<\/li>\n<li>Gli studenti hanno a disposizione la biblioteca e l&#8217;accesso gratuito a internet ad alta velocit\u00e0 e alla posta elettronica per sviluppare le loro competenze in inglese.<\/li>\n<\/ul>\n<h3>Insegnanti di inglese professionisti<\/h3>\n<p>Il nostro staff di insegnanti \u00e8 tutto professionalmente qualificato, con una laurea primaria e una qualifica riconosciuta TEFL (Teaching English as a Foreign Language) e sono insegnanti madrelingua con esperienza. L&#8217;eccellente feedback dei nostri studenti testimonia la qualit\u00e0 del nostro insegnamento e l&#8217;impegno che i nostri insegnanti profondono per garantire che ogni studente sia motivato e progredisca bene in classe. La nostra filosofia di insegnamento prevede che le lezioni non siano solo educative, ma anche divertenti e di intrattenimento, favorendo cos\u00ec l&#8217;apprendimento in un&#8217;atmosfera rilassata.  <\/p>\n<h3>Scuola di inglese moderna di Dublino<\/h3>\n<p>Gli studenti che studiano l&#8217;inglese presso l&#8217;Irish College of English possono usufruire delle eccellenti strutture delle moderne scuole di lingua e dei centri di studi di inglese (CES) di alta qualit\u00e0. I centri linguistici sono luminosi e spaziosi e sono stati rinnovati di recente. Le nostre aule possono ospitare un massimo di 15 studenti e tutti gli studenti dispongono di banchi individuali. Abbiamo un&#8217;ampia sala studenti che utilizziamo regolarmente per le attivit\u00e0 di gruppo quando le classi si riuniscono. \u00c8 anche disponibile come area studio per gli studenti. La scuola dispone di un&#8217;area comune per gli studenti con comode sedie e accesso gratuito a internet ad alta velocit\u00e0. \u00c8 un luogo ideale per incontrare altri studenti e rilassarsi tra una lezione e l&#8217;altra.      <\/p>\n<p>Abbiamo anche una biblioteca in cui gli studenti hanno accesso a una variet\u00e0 di libri di inglese, tra cui i graduate learners, i best seller e i libri di interesse irlandese. I nostri insegnanti hanno anche accesso alle pi\u00f9 recenti tecnologie di formazione audiovisiva per l&#8217;insegnamento della lingua in classe. <\/p>\n","protected":false},"excerpt":{"rendered":"<p>Centro di studi inglesi per l&#8217;eccellenza Fondato nel 1992 come scuola di lingua inglese a Dublino, in Irlanda, l&#8217;Irish College of English \u00e8 un ente di formazione di qualit\u00e0 ed \u00e8 riconosciuto dal Dipartimento dell&#8217;Istruzione come scuola di inglese aperta tutto l&#8217;anno per l&#8217;insegnamento dell&#8217;inglese come lingua straniera. I nostri programmi sono attentamente studiati per [&hellip;]<\/p>\n","protected":false},"author":1,"featured_media":0,"parent":31918,"menu_order":0,"comment_status":"open","ping_status":"open","template":"","meta":{"content-type":"","footnotes":""},"class_list":["post-32243","page","type-page","status-publish","hentry"],"yoast_head":"<!-- This site is optimized with the Yoast SEO plugin v27.3 - https:\/\/yoast.com\/product\/yoast-seo-wordpress\/ -->\n<title>Scuola di inglese a Dublino Irlanda<\/title>\n<meta name=\"description\" content=\"Fondato nel 1992 come scuola di lingua inglese a Dublino, in Irlanda, l&#039;Irish College of English \u00e8 un ente di formazione di qualit\u00e0 ed \u00e8 riconosciuto dal Dipartimento dell&#039;Istruzione.\" \/>\n<meta name=\"robots\" content=\"index, follow, max-snippet:-1, max-image-preview:large, max-video-preview:-1\" \/>\n<link rel=\"canonical\" href=\"https:\/\/www.iceireland.com\/it\/useful-info\/english-language-school-in-dublin-ireland\/\" \/>\n<meta property=\"og:locale\" content=\"it_IT\" \/>\n<meta property=\"og:type\" content=\"article\" \/>\n<meta property=\"og:title\" content=\"Scuola di inglese a Dublino Irlanda\" \/>\n<meta property=\"og:description\" content=\"Fondato nel 1992 come scuola di lingua inglese a Dublino, in Irlanda, l&#039;Irish College of English \u00e8 un ente di formazione di qualit\u00e0 ed \u00e8 riconosciuto dal Dipartimento dell&#039;Istruzione.\" \/>\n<meta property=\"og:url\" content=\"https:\/\/www.iceireland.com\/it\/useful-info\/english-language-school-in-dublin-ireland\/\" \/>\n<meta property=\"og:site_name\" content=\"Irish College of English\" \/>\n<meta name=\"twitter:label1\" content=\"Tempo di lettura stimato\" \/>\n\t<meta name=\"twitter:data1\" content=\"3 minuti\" \/>\n<script type=\"application\/ld+json\" class=\"yoast-schema-graph\">{\"@context\":\"https:\\\/\\\/schema.org\",\"@graph\":[{\"@type\":\"WebPage\",\"@id\":\"https:\\\/\\\/www.iceireland.com\\\/it\\\/useful-info\\\/english-language-school-in-dublin-ireland\\\/\",\"url\":\"https:\\\/\\\/www.iceireland.com\\\/it\\\/useful-info\\\/english-language-school-in-dublin-ireland\\\/\",\"name\":\"Scuola di inglese a Dublino Irlanda\",\"isPartOf\":{\"@id\":\"https:\\\/\\\/www.iceireland.com\\\/it\\\/#website\"},\"datePublished\":\"2014-10-20T13:45:06+00:00\",\"description\":\"Fondato nel 1992 come scuola di lingua inglese a Dublino, in Irlanda, l'Irish College of English \u00e8 un ente di formazione di qualit\u00e0 ed \u00e8 riconosciuto dal Dipartimento dell'Istruzione.\",\"breadcrumb\":{\"@id\":\"https:\\\/\\\/www.iceireland.com\\\/it\\\/useful-info\\\/english-language-school-in-dublin-ireland\\\/#breadcrumb\"},\"inLanguage\":\"it-IT\",\"potentialAction\":[{\"@type\":\"ReadAction\",\"target\":[\"https:\\\/\\\/www.iceireland.com\\\/it\\\/useful-info\\\/english-language-school-in-dublin-ireland\\\/\"]}]},{\"@type\":\"BreadcrumbList\",\"@id\":\"https:\\\/\\\/www.iceireland.com\\\/it\\\/useful-info\\\/english-language-school-in-dublin-ireland\\\/#breadcrumb\",\"itemListElement\":[{\"@type\":\"ListItem\",\"position\":1,\"name\":\"Home\",\"item\":\"https:\\\/\\\/www.iceireland.com\\\/it\\\/\"},{\"@type\":\"ListItem\",\"position\":2,\"name\":\"Informazioni utili\",\"item\":\"https:\\\/\\\/www.iceireland.com\\\/it\\\/useful-info\\\/\"},{\"@type\":\"ListItem\",\"position\":3,\"name\":\"Scuola di inglese a Dublino Irlanda\"}]},{\"@type\":\"WebSite\",\"@id\":\"https:\\\/\\\/www.iceireland.com\\\/it\\\/#website\",\"url\":\"https:\\\/\\\/www.iceireland.com\\\/it\\\/\",\"name\":\"Irish College of English\",\"description\":\"English School in Dublin, Malahide\",\"publisher\":{\"@id\":\"https:\\\/\\\/www.iceireland.com\\\/it\\\/#organization\"},\"potentialAction\":[{\"@type\":\"SearchAction\",\"target\":{\"@type\":\"EntryPoint\",\"urlTemplate\":\"https:\\\/\\\/www.iceireland.com\\\/it\\\/?s={search_term_string}\"},\"query-input\":{\"@type\":\"PropertyValueSpecification\",\"valueRequired\":true,\"valueName\":\"search_term_string\"}}],\"inLanguage\":\"it-IT\"},{\"@type\":\"Organization\",\"@id\":\"https:\\\/\\\/www.iceireland.com\\\/it\\\/#organization\",\"name\":\"Irish College of English\",\"url\":\"https:\\\/\\\/www.iceireland.com\\\/it\\\/\",\"logo\":{\"@type\":\"ImageObject\",\"inLanguage\":\"it-IT\",\"@id\":\"https:\\\/\\\/www.iceireland.com\\\/it\\\/#\\\/schema\\\/logo\\\/image\\\/\",\"url\":\"https:\\\/\\\/www.iceireland.com\\\/wp-content\\\/uploads\\\/2022\\\/03\\\/logo.png\",\"contentUrl\":\"https:\\\/\\\/www.iceireland.com\\\/wp-content\\\/uploads\\\/2022\\\/03\\\/logo.png\",\"width\":593,\"height\":92,\"caption\":\"Irish College of English\"},\"image\":{\"@id\":\"https:\\\/\\\/www.iceireland.com\\\/it\\\/#\\\/schema\\\/logo\\\/image\\\/\"}}]}<\/script>\n<!-- \/ Yoast SEO plugin. -->","yoast_head_json":{"title":"Scuola di inglese a Dublino Irlanda","description":"Fondato nel 1992 come scuola di lingua inglese a Dublino, in Irlanda, l'Irish College of English \u00e8 un ente di formazione di qualit\u00e0 ed \u00e8 riconosciuto dal Dipartimento dell'Istruzione.","robots":{"index":"index","follow":"follow","max-snippet":"max-snippet:-1","max-image-preview":"max-image-preview:large","max-video-preview":"max-video-preview:-1"},"canonical":"https:\/\/www.iceireland.com\/it\/useful-info\/english-language-school-in-dublin-ireland\/","og_locale":"it_IT","og_type":"article","og_title":"Scuola di inglese a Dublino Irlanda","og_description":"Fondato nel 1992 come scuola di lingua inglese a Dublino, in Irlanda, l'Irish College of English \u00e8 un ente di formazione di qualit\u00e0 ed \u00e8 riconosciuto dal Dipartimento dell'Istruzione.","og_url":"https:\/\/www.iceireland.com\/it\/useful-info\/english-language-school-in-dublin-ireland\/","og_site_name":"Irish College of English","twitter_misc":{"Tempo di lettura stimato":"3 minuti"},"schema":{"@context":"https:\/\/schema.org","@graph":[{"@type":"WebPage","@id":"https:\/\/www.iceireland.com\/it\/useful-info\/english-language-school-in-dublin-ireland\/","url":"https:\/\/www.iceireland.com\/it\/useful-info\/english-language-school-in-dublin-ireland\/","name":"Scuola di inglese a Dublino Irlanda","isPartOf":{"@id":"https:\/\/www.iceireland.com\/it\/#website"},"datePublished":"2014-10-20T13:45:06+00:00","description":"Fondato nel 1992 come scuola di lingua inglese a Dublino, in Irlanda, l'Irish College of English \u00e8 un ente di formazione di qualit\u00e0 ed \u00e8 riconosciuto dal Dipartimento dell'Istruzione.","breadcrumb":{"@id":"https:\/\/www.iceireland.com\/it\/useful-info\/english-language-school-in-dublin-ireland\/#breadcrumb"},"inLanguage":"it-IT","potentialAction":[{"@type":"ReadAction","target":["https:\/\/www.iceireland.com\/it\/useful-info\/english-language-school-in-dublin-ireland\/"]}]},{"@type":"BreadcrumbList","@id":"https:\/\/www.iceireland.com\/it\/useful-info\/english-language-school-in-dublin-ireland\/#breadcrumb","itemListElement":[{"@type":"ListItem","position":1,"name":"Home","item":"https:\/\/www.iceireland.com\/it\/"},{"@type":"ListItem","position":2,"name":"Informazioni utili","item":"https:\/\/www.iceireland.com\/it\/useful-info\/"},{"@type":"ListItem","position":3,"name":"Scuola di inglese a Dublino Irlanda"}]},{"@type":"WebSite","@id":"https:\/\/www.iceireland.com\/it\/#website","url":"https:\/\/www.iceireland.com\/it\/","name":"Irish College of English","description":"English School in Dublin, Malahide","publisher":{"@id":"https:\/\/www.iceireland.com\/it\/#organization"},"potentialAction":[{"@type":"SearchAction","target":{"@type":"EntryPoint","urlTemplate":"https:\/\/www.iceireland.com\/it\/?s={search_term_string}"},"query-input":{"@type":"PropertyValueSpecification","valueRequired":true,"valueName":"search_term_string"}}],"inLanguage":"it-IT"},{"@type":"Organization","@id":"https:\/\/www.iceireland.com\/it\/#organization","name":"Irish College of English","url":"https:\/\/www.iceireland.com\/it\/","logo":{"@type":"ImageObject","inLanguage":"it-IT","@id":"https:\/\/www.iceireland.com\/it\/#\/schema\/logo\/image\/","url":"https:\/\/www.iceireland.com\/wp-content\/uploads\/2022\/03\/logo.png","contentUrl":"https:\/\/www.iceireland.com\/wp-content\/uploads\/2022\/03\/logo.png","width":593,"height":92,"caption":"Irish College of English"},"image":{"@id":"https:\/\/www.iceireland.com\/it\/#\/schema\/logo\/image\/"}}]}},"_links":{"self":[{"href":"https:\/\/www.iceireland.com\/it\/wp-json\/wp\/v2\/pages\/32243","targetHints":{"allow":["GET"]}}],"collection":[{"href":"https:\/\/www.iceireland.com\/it\/wp-json\/wp\/v2\/pages"}],"about":[{"href":"https:\/\/www.iceireland.com\/it\/wp-json\/wp\/v2\/types\/page"}],"author":[{"embeddable":true,"href":"https:\/\/www.iceireland.com\/it\/wp-json\/wp\/v2\/users\/1"}],"replies":[{"embeddable":true,"href":"https:\/\/www.iceireland.com\/it\/wp-json\/wp\/v2\/comments?post=32243"}],"version-history":[{"count":0,"href":"https:\/\/www.iceireland.com\/it\/wp-json\/wp\/v2\/pages\/32243\/revisions"}],"up":[{"embeddable":true,"href":"https:\/\/www.iceireland.com\/it\/wp-json\/wp\/v2\/pages\/31918"}],"wp:attachment":[{"href":"https:\/\/www.iceireland.com\/it\/wp-json\/wp\/v2\/media?parent=32243"}],"curies":[{"name":"wp","href":"https:\/\/api.w.org\/{rel}","templated":true}]}}