{"id":32446,"date":"2023-11-29T15:32:14","date_gmt":"2023-11-29T15:32:14","guid":{"rendered":"https:\/\/www.iceireland.com\/assessment\/"},"modified":"2026-01-30T16:50:37","modified_gmt":"2026-01-30T16:50:37","slug":"assessment","status":"publish","type":"page","link":"https:\/\/www.iceireland.com\/it\/useful-information-and-supports\/assessment\/","title":{"rendered":"Valutazione"},"content":{"rendered":"\t\t<div data-elementor-type=\"wp-page\" data-elementor-id=\"32446\" class=\"elementor elementor-32446 elementor-25709\" data-elementor-post-type=\"page\">\n\t\t\t\t\t\t<section class=\"elementor-section elementor-top-section elementor-element elementor-element-0b49e11 elementor-section-boxed elementor-section-height-default elementor-section-height-default\" data-id=\"0b49e11\" data-element_type=\"section\" data-e-type=\"section\">\n\t\t\t\t\t\t<div class=\"elementor-container elementor-column-gap-default\">\n\t\t\t\t\t<div class=\"elementor-column elementor-col-100 elementor-top-column elementor-element elementor-element-9d18d67\" data-id=\"9d18d67\" data-element_type=\"column\" data-e-type=\"column\">\n\t\t\t<div class=\"elementor-widget-wrap elementor-element-populated\">\n\t\t\t\t\t\t<div class=\"elementor-element elementor-element-03ed506 elementor-widget elementor-widget-text-editor\" data-id=\"03ed506\" data-element_type=\"widget\" data-e-type=\"widget\" data-widget_type=\"text-editor.default\">\n\t\t\t\t<div class=\"elementor-widget-container\">\n\t\t\t\t\t\t\t\t\t<p class=\"MsoNormal\"><b><span lang=\"EN-GB\">Sviluppo della valutazione<o:p><\/o:p><\/span><\/b><\/p><p class=\"MsoNormal\" style=\"text-align:justify\"><span lang=\"EN-GB\">Le valutazioni sono\nuna parte essenziale del tuo percorso di apprendimento e sono pensate per supportare i tuoi progressi\ne aumentare la tua sicurezza nell&#8217;uso dell&#8217;inglese. Ci concentriamo su tutte le abilit\u00e0 chiave del QCER &#8211;\nascolto, lettura, scrittura e conversazione &#8211; fornendo un approccio\nequilibrato all&#8217;apprendimento della lingua. In questo modo gli studenti sviluppano una competenza a tutto tondo e\nidentificano le aree di miglioramento.  <o:p><\/o:p><\/span><\/p><p class=\"MsoNormal\" style=\"text-align:justify\"><span lang=\"EN-GB\">Il nostro metodo di valutazione\n\u00e8 a bassa posta in gioco, il che significa che l&#8217;attenzione \u00e8 rivolta al tuo apprendimento e alla tua crescita piuttosto che alla\npressione. Dando risalto alla partecipazione e al feedback, creiamo un\nambiente motivante in cui ti sentirai in grado di appropriarti del tuo\napprendimento. <o:p><\/o:p><\/span><\/p><p class=\"MsoNormal\" style=\"text-align:justify\"><span lang=\"EN-GB\">Gli studenti sono\nvalutati inizialmente prima dell&#8217;arrivo per determinare il loro livello di competenza attraverso la valutazione online\nche \u00e8 allineata al QCER.<o:p><\/o:p><\/span><\/p><p class=\"MsoNormal\" style=\"text-align:justify\"><span lang=\"EN-GB\">I nostri studenti sono\npoi valutati attraverso i nostri sistemi di valutazione formativa e sommativa che assicurano\nvalidit\u00e0, affidabilit\u00e0 ed equit\u00e0 nella valutazione dei risultati degli studenti nelle diverse abilit\u00e0 linguistiche\n.<o:p><\/o:p><\/span><\/p><p class=\"MsoNormal\" style=\"line-height:107%\"><b><span lang=\"EN-GB\">Valutazione formativa\n<o:p><\/o:p><\/span><\/b><\/p><p class=\"MsoNormal\" style=\"text-align:justify;line-height:107%\"><span lang=\"EN-GB\">La valutazione formativa \u00e8 un processo continuo che\naiuta a misurare i progressi degli studenti e a fornire un feedback costruttivo durante il loro soggiorno. \n include osservazioni in classe, attivit\u00e0 interattive, quiz e progetti\nsettimanali. Altri esempi di valutazione formativa sono l&#8217;impegno degli studenti\nnelle attivit\u00e0 e la loro capacit\u00e0 di superare gli ostacoli linguistici. Questi aspetti vengono\nregistrati e utilizzati come base per i commenti sulla valutazione nella relazione di\nuscita degli studenti.   <o:p><\/o:p><\/span><\/p><p class=\"MsoNormal\"><b><span lang=\"EN-GB\">Valutazione sommativa<o:p><\/o:p><\/span><\/b><\/p><p>\n\n\n\n\n\n\n\n\n\n\n\n\n\n\n\n<\/p><p class=\"MsoNormal\" style=\"text-align:justify;line-height:107%\"><span lang=\"EN-GB\">Le valutazioni sommative vengono effettuate alla fine di ogni settimana per\nmisurare l&#8217;apprendimento degli studenti in base all&#8217;unit\u00e0 del libro di testo che hanno\nstudiato. Questi test sono standardizzati per garantire coerenza ed equit\u00e0 e\nsono elencati nel programma di studio degli studenti per aiutarli a prepararsi in modo efficace. <o:p><\/o:p><\/span><\/p>\t\t\t\t\t\t\t\t<\/div>\n\t\t\t\t<\/div>\n\t\t\t\t\t<\/div>\n\t\t<\/div>\n\t\t\t\t\t<\/div>\n\t\t<\/section>\n\t\t\t\t<\/div>\n\t\t","protected":false},"excerpt":{"rendered":"<p>Sviluppo della valutazione Le valutazioni sono una parte essenziale del tuo percorso di apprendimento e sono pensate per supportare i tuoi progressi e aumentare la tua sicurezza nell&#8217;uso dell&#8217;inglese. Ci concentriamo su tutte le abilit\u00e0 chiave del QCER &#8211; ascolto, lettura, scrittura e conversazione &#8211; fornendo un approccio equilibrato all&#8217;apprendimento della lingua. In questo modo [&hellip;]<\/p>\n","protected":false},"author":3,"featured_media":0,"parent":32493,"menu_order":0,"comment_status":"closed","ping_status":"closed","template":"","meta":{"content-type":"","footnotes":""},"class_list":["post-32446","page","type-page","status-publish","hentry"],"yoast_head":"<!-- This site is optimized with the Yoast SEO plugin v27.3 - https:\/\/yoast.com\/product\/yoast-seo-wordpress\/ -->\n<title>Valutazione - Irish College of English<\/title>\n<meta name=\"robots\" content=\"noindex, follow\" \/>\n<meta property=\"og:locale\" content=\"it_IT\" \/>\n<meta property=\"og:type\" content=\"article\" \/>\n<meta property=\"og:title\" content=\"Valutazione - Irish College of English\" \/>\n<meta property=\"og:description\" content=\"Sviluppo della valutazione Le valutazioni sono una parte essenziale del tuo percorso di apprendimento e sono pensate per supportare i tuoi progressi e aumentare la tua sicurezza nell&#8217;uso dell&#8217;inglese. Ci concentriamo su tutte le abilit\u00e0 chiave del QCER &#8211; ascolto, lettura, scrittura e conversazione &#8211; fornendo un approccio equilibrato all&#8217;apprendimento della lingua. In questo modo [&hellip;]\" \/>\n<meta property=\"og:url\" content=\"https:\/\/www.iceireland.com\/it\/useful-information-and-supports\/assessment\/\" \/>\n<meta property=\"og:site_name\" content=\"Irish College of English\" \/>\n<meta property=\"article:modified_time\" content=\"2026-01-30T16:50:37+00:00\" \/>\n<meta name=\"twitter:label1\" content=\"Tempo di lettura stimato\" \/>\n\t<meta name=\"twitter:data1\" content=\"1 minuto\" \/>\n<script type=\"application\/ld+json\" class=\"yoast-schema-graph\">{\"@context\":\"https:\\\/\\\/schema.org\",\"@graph\":[{\"@type\":\"WebPage\",\"@id\":\"https:\\\/\\\/www.iceireland.com\\\/it\\\/useful-information-and-supports\\\/assessment\\\/\",\"url\":\"https:\\\/\\\/www.iceireland.com\\\/it\\\/useful-information-and-supports\\\/assessment\\\/\",\"name\":\"Valutazione - Irish College of English\",\"isPartOf\":{\"@id\":\"https:\\\/\\\/www.iceireland.com\\\/it\\\/#website\"},\"datePublished\":\"2023-11-29T15:32:14+00:00\",\"dateModified\":\"2026-01-30T16:50:37+00:00\",\"breadcrumb\":{\"@id\":\"https:\\\/\\\/www.iceireland.com\\\/it\\\/useful-information-and-supports\\\/assessment\\\/#breadcrumb\"},\"inLanguage\":\"it-IT\",\"potentialAction\":[{\"@type\":\"ReadAction\",\"target\":[\"https:\\\/\\\/www.iceireland.com\\\/it\\\/useful-information-and-supports\\\/assessment\\\/\"]}]},{\"@type\":\"BreadcrumbList\",\"@id\":\"https:\\\/\\\/www.iceireland.com\\\/it\\\/useful-information-and-supports\\\/assessment\\\/#breadcrumb\",\"itemListElement\":[{\"@type\":\"ListItem\",\"position\":1,\"name\":\"Home\",\"item\":\"https:\\\/\\\/www.iceireland.com\\\/it\\\/\"},{\"@type\":\"ListItem\",\"position\":2,\"name\":\"Informazioni e supporti utili\",\"item\":\"https:\\\/\\\/www.iceireland.com\\\/it\\\/useful-information-and-supports\\\/\"},{\"@type\":\"ListItem\",\"position\":3,\"name\":\"Valutazione\"}]},{\"@type\":\"WebSite\",\"@id\":\"https:\\\/\\\/www.iceireland.com\\\/it\\\/#website\",\"url\":\"https:\\\/\\\/www.iceireland.com\\\/it\\\/\",\"name\":\"Irish College of English\",\"description\":\"English School in Dublin, Malahide\",\"publisher\":{\"@id\":\"https:\\\/\\\/www.iceireland.com\\\/it\\\/#organization\"},\"potentialAction\":[{\"@type\":\"SearchAction\",\"target\":{\"@type\":\"EntryPoint\",\"urlTemplate\":\"https:\\\/\\\/www.iceireland.com\\\/it\\\/?s={search_term_string}\"},\"query-input\":{\"@type\":\"PropertyValueSpecification\",\"valueRequired\":true,\"valueName\":\"search_term_string\"}}],\"inLanguage\":\"it-IT\"},{\"@type\":\"Organization\",\"@id\":\"https:\\\/\\\/www.iceireland.com\\\/it\\\/#organization\",\"name\":\"Irish College of English\",\"url\":\"https:\\\/\\\/www.iceireland.com\\\/it\\\/\",\"logo\":{\"@type\":\"ImageObject\",\"inLanguage\":\"it-IT\",\"@id\":\"https:\\\/\\\/www.iceireland.com\\\/it\\\/#\\\/schema\\\/logo\\\/image\\\/\",\"url\":\"https:\\\/\\\/www.iceireland.com\\\/wp-content\\\/uploads\\\/2022\\\/03\\\/logo.png\",\"contentUrl\":\"https:\\\/\\\/www.iceireland.com\\\/wp-content\\\/uploads\\\/2022\\\/03\\\/logo.png\",\"width\":593,\"height\":92,\"caption\":\"Irish College of English\"},\"image\":{\"@id\":\"https:\\\/\\\/www.iceireland.com\\\/it\\\/#\\\/schema\\\/logo\\\/image\\\/\"}}]}<\/script>\n<!-- \/ Yoast SEO plugin. -->","yoast_head_json":{"title":"Valutazione - Irish College of English","robots":{"index":"noindex","follow":"follow"},"og_locale":"it_IT","og_type":"article","og_title":"Valutazione - Irish College of English","og_description":"Sviluppo della valutazione Le valutazioni sono una parte essenziale del tuo percorso di apprendimento e sono pensate per supportare i tuoi progressi e aumentare la tua sicurezza nell&#8217;uso dell&#8217;inglese. Ci concentriamo su tutte le abilit\u00e0 chiave del QCER &#8211; ascolto, lettura, scrittura e conversazione &#8211; fornendo un approccio equilibrato all&#8217;apprendimento della lingua. In questo modo [&hellip;]","og_url":"https:\/\/www.iceireland.com\/it\/useful-information-and-supports\/assessment\/","og_site_name":"Irish College of English","article_modified_time":"2026-01-30T16:50:37+00:00","twitter_misc":{"Tempo di lettura stimato":"1 minuto"},"schema":{"@context":"https:\/\/schema.org","@graph":[{"@type":"WebPage","@id":"https:\/\/www.iceireland.com\/it\/useful-information-and-supports\/assessment\/","url":"https:\/\/www.iceireland.com\/it\/useful-information-and-supports\/assessment\/","name":"Valutazione - Irish College of English","isPartOf":{"@id":"https:\/\/www.iceireland.com\/it\/#website"},"datePublished":"2023-11-29T15:32:14+00:00","dateModified":"2026-01-30T16:50:37+00:00","breadcrumb":{"@id":"https:\/\/www.iceireland.com\/it\/useful-information-and-supports\/assessment\/#breadcrumb"},"inLanguage":"it-IT","potentialAction":[{"@type":"ReadAction","target":["https:\/\/www.iceireland.com\/it\/useful-information-and-supports\/assessment\/"]}]},{"@type":"BreadcrumbList","@id":"https:\/\/www.iceireland.com\/it\/useful-information-and-supports\/assessment\/#breadcrumb","itemListElement":[{"@type":"ListItem","position":1,"name":"Home","item":"https:\/\/www.iceireland.com\/it\/"},{"@type":"ListItem","position":2,"name":"Informazioni e supporti utili","item":"https:\/\/www.iceireland.com\/it\/useful-information-and-supports\/"},{"@type":"ListItem","position":3,"name":"Valutazione"}]},{"@type":"WebSite","@id":"https:\/\/www.iceireland.com\/it\/#website","url":"https:\/\/www.iceireland.com\/it\/","name":"Irish College of English","description":"English School in Dublin, Malahide","publisher":{"@id":"https:\/\/www.iceireland.com\/it\/#organization"},"potentialAction":[{"@type":"SearchAction","target":{"@type":"EntryPoint","urlTemplate":"https:\/\/www.iceireland.com\/it\/?s={search_term_string}"},"query-input":{"@type":"PropertyValueSpecification","valueRequired":true,"valueName":"search_term_string"}}],"inLanguage":"it-IT"},{"@type":"Organization","@id":"https:\/\/www.iceireland.com\/it\/#organization","name":"Irish College of English","url":"https:\/\/www.iceireland.com\/it\/","logo":{"@type":"ImageObject","inLanguage":"it-IT","@id":"https:\/\/www.iceireland.com\/it\/#\/schema\/logo\/image\/","url":"https:\/\/www.iceireland.com\/wp-content\/uploads\/2022\/03\/logo.png","contentUrl":"https:\/\/www.iceireland.com\/wp-content\/uploads\/2022\/03\/logo.png","width":593,"height":92,"caption":"Irish College of English"},"image":{"@id":"https:\/\/www.iceireland.com\/it\/#\/schema\/logo\/image\/"}}]}},"_links":{"self":[{"href":"https:\/\/www.iceireland.com\/it\/wp-json\/wp\/v2\/pages\/32446","targetHints":{"allow":["GET"]}}],"collection":[{"href":"https:\/\/www.iceireland.com\/it\/wp-json\/wp\/v2\/pages"}],"about":[{"href":"https:\/\/www.iceireland.com\/it\/wp-json\/wp\/v2\/types\/page"}],"author":[{"embeddable":true,"href":"https:\/\/www.iceireland.com\/it\/wp-json\/wp\/v2\/users\/3"}],"replies":[{"embeddable":true,"href":"https:\/\/www.iceireland.com\/it\/wp-json\/wp\/v2\/comments?post=32446"}],"version-history":[{"count":1,"href":"https:\/\/www.iceireland.com\/it\/wp-json\/wp\/v2\/pages\/32446\/revisions"}],"predecessor-version":[{"id":32448,"href":"https:\/\/www.iceireland.com\/it\/wp-json\/wp\/v2\/pages\/32446\/revisions\/32448"}],"up":[{"embeddable":true,"href":"https:\/\/www.iceireland.com\/it\/wp-json\/wp\/v2\/pages\/32493"}],"wp:attachment":[{"href":"https:\/\/www.iceireland.com\/it\/wp-json\/wp\/v2\/media?parent=32446"}],"curies":[{"name":"wp","href":"https:\/\/api.w.org\/{rel}","templated":true}]}}