{"id":32501,"date":"2023-11-28T14:29:02","date_gmt":"2023-11-28T14:29:02","guid":{"rendered":"https:\/\/www.iceireland.com\/useful-information-and-supports\/learner-protection\/"},"modified":"2026-01-30T16:50:53","modified_gmt":"2026-01-30T16:50:53","slug":"learner-protection","status":"publish","type":"page","link":"https:\/\/www.iceireland.com\/it\/useful-information-and-supports\/learner-protection\/","title":{"rendered":"Protezione degli studenti"},"content":{"rendered":"\t\t<div data-elementor-type=\"wp-page\" data-elementor-id=\"32501\" class=\"elementor elementor-32501 elementor-25634\" data-elementor-post-type=\"page\">\n\t\t\t\t\t\t<section class=\"elementor-section elementor-top-section elementor-element elementor-element-f28b19c elementor-section-boxed elementor-section-height-default elementor-section-height-default\" data-id=\"f28b19c\" data-element_type=\"section\" data-e-type=\"section\">\n\t\t\t\t\t\t<div class=\"elementor-container elementor-column-gap-default\">\n\t\t\t\t\t<div class=\"elementor-column elementor-col-100 elementor-top-column elementor-element elementor-element-f788b3d\" data-id=\"f788b3d\" data-element_type=\"column\" data-e-type=\"column\">\n\t\t\t<div class=\"elementor-widget-wrap elementor-element-populated\">\n\t\t\t\t\t\t<div class=\"elementor-element elementor-element-86ec0a2 elementor-widget elementor-widget-heading\" data-id=\"86ec0a2\" data-element_type=\"widget\" data-e-type=\"widget\" data-widget_type=\"heading.default\">\n\t\t\t\t<div class=\"elementor-widget-container\">\n\t\t\t\t\t<h2 class=\"elementor-heading-title elementor-size-default\">Protezione degli studenti<\/h2>\t\t\t\t<\/div>\n\t\t\t\t<\/div>\n\t\t\t\t\t<\/div>\n\t\t<\/div>\n\t\t\t\t\t<\/div>\n\t\t<\/section>\n\t\t\t\t<section class=\"elementor-section elementor-top-section elementor-element elementor-element-04766b2 elementor-section-boxed elementor-section-height-default elementor-section-height-default\" data-id=\"04766b2\" data-element_type=\"section\" data-e-type=\"section\">\n\t\t\t\t\t\t<div class=\"elementor-container elementor-column-gap-default\">\n\t\t\t\t\t<div class=\"elementor-column elementor-col-100 elementor-top-column elementor-element elementor-element-731c06c\" data-id=\"731c06c\" data-element_type=\"column\" data-e-type=\"column\">\n\t\t\t<div class=\"elementor-widget-wrap elementor-element-populated\">\n\t\t\t\t\t\t<div class=\"elementor-element elementor-element-a4037cf elementor-widget elementor-widget-text-editor\" data-id=\"a4037cf\" data-element_type=\"widget\" data-e-type=\"widget\" data-widget_type=\"text-editor.default\">\n\t\t\t\t<div class=\"elementor-widget-container\">\n\t\t\t\t\t\t\t\t\t<p>All&#8217;Irish College of English diamo priorit\u00e0 al benessere e alla sicurezza dei nostri studenti.<\/p><p>Nell&#8217;ambito del nostro impegno a fornire un ambiente di apprendimento sicuro e solidale, forniamo un&#8217;assicurazione di protezione per gli studenti ILEP attraverso il programma di protezione per gli studenti iscritti Arachas e la protezione per gli studenti MEI a tutti gli studenti.<\/p><p><strong>Programma di protezione degli studenti iscritti di Arachas<\/strong><\/p><p>Questa copertura assicurativa, fornita da Aviva Insurance Ireland DAC, \u00e8 regolamentata dalla Banca Centrale d&#8217;Irlanda e garantisce i pi\u00f9 alti standard di protezione per i nostri studenti. Grazie a questa polizza collettiva, gli studenti sono tutelati nel caso in cui un programma cessi prematuramente. <\/p><p>In conformit\u00e0 con la Sezione 5A14 delle Disposizioni applicabili ai programmi di lingua inglese, garantiamo che le nostre disposizioni in materia di tutela degli studenti soddisfino gli standard necessari indicati dalle autorit\u00e0 di regolamentazione. Questi accordi coprono gli studenti dal momento dell&#8217;iscrizione e del pagamento delle tasse fino al completamento del programma e agli esami di fine programma. <\/p><p><strong>Protezione degli studenti<\/strong><\/p><p>In quanto membri di EEI siamo coperti dal programma di protezione dei discenti EEI attraverso Study &amp; Protect e, in caso di chiusura della scuola, gli studenti potranno completare i loro studi in un&#8217;altra scuola EEI senza costi aggiuntivi. Questo sar\u00e0 facilitato dall&#8217;ufficio EEI e il trasferimento in un&#8217;altra scuola di lingua EEI sar\u00e0 coordinato in modo rapido e senza stress. <\/p><p>I nostri accordi di protezione dei discenti sono strutturati in modo da garantire una copertura completa per ogni singolo studente, con una chiara comunicazione dei dettagli della polizza e delle procedure di reclamo fornite dal fornitore dell&#8217;assicurazione. Inoltre, aderiamo ad accordi di garanzia accademica per garantire la continuit\u00e0 dell&#8217;istruzione in caso di interruzione del programma, con linee guida rigorose per mantenere la trasparenza e la responsabilit\u00e0.   <\/p><p>Siamo consapevoli dell&#8217;importanza della trasparenza e della responsabilit\u00e0 nella salvaguardia degli interessi dei nostri studenti e continuiamo a impegnarci per mantenere i pi\u00f9 alti standard di protezione degli studenti. Qualsiasi modifica proposta alle nostre disposizioni in materia di protezione degli studenti \u00e8 soggetta all&#8217;approvazione delle autorit\u00e0 competenti, per garantire la sicurezza e il benessere della nostra comunit\u00e0 studentesca. <\/p><p>All&#8217;Irish College of English ci impegniamo a garantire non solo un&#8217;istruzione di qualit\u00e0, ma anche la tranquillit\u00e0 dei nostri studenti e delle loro famiglie grazie a solide misure di protezione degli studenti.<\/p>\t\t\t\t\t\t\t\t<\/div>\n\t\t\t\t<\/div>\n\t\t\t\t\t<\/div>\n\t\t<\/div>\n\t\t\t\t\t<\/div>\n\t\t<\/section>\n\t\t\t\t<\/div>\n\t\t","protected":false},"excerpt":{"rendered":"<p>Protezione degli studenti All&#8217;Irish College of English diamo priorit\u00e0 al benessere e alla sicurezza dei nostri studenti. Nell&#8217;ambito del nostro impegno a fornire un ambiente di apprendimento sicuro e solidale, forniamo un&#8217;assicurazione di protezione per gli studenti ILEP attraverso il programma di protezione per gli studenti iscritti Arachas e la protezione per gli studenti MEI [&hellip;]<\/p>\n","protected":false},"author":3,"featured_media":0,"parent":32493,"menu_order":0,"comment_status":"closed","ping_status":"closed","template":"","meta":{"content-type":"","footnotes":""},"class_list":["post-32501","page","type-page","status-publish","hentry"],"yoast_head":"<!-- This site is optimized with the Yoast SEO plugin v27.3 - https:\/\/yoast.com\/product\/yoast-seo-wordpress\/ -->\n<title>Protezione degli studenti - Irish College of English<\/title>\n<meta name=\"robots\" content=\"noindex, follow\" \/>\n<meta property=\"og:locale\" content=\"it_IT\" \/>\n<meta property=\"og:type\" content=\"article\" \/>\n<meta property=\"og:title\" content=\"Protezione degli studenti - Irish College of English\" \/>\n<meta property=\"og:description\" content=\"Protezione degli studenti All&#8217;Irish College of English diamo priorit\u00e0 al benessere e alla sicurezza dei nostri studenti. Nell&#8217;ambito del nostro impegno a fornire un ambiente di apprendimento sicuro e solidale, forniamo un&#8217;assicurazione di protezione per gli studenti ILEP attraverso il programma di protezione per gli studenti iscritti Arachas e la protezione per gli studenti MEI [&hellip;]\" \/>\n<meta property=\"og:url\" content=\"https:\/\/www.iceireland.com\/it\/useful-information-and-supports\/learner-protection\/\" \/>\n<meta property=\"og:site_name\" content=\"Irish College of English\" \/>\n<meta property=\"article:modified_time\" content=\"2026-01-30T16:50:53+00:00\" \/>\n<meta name=\"twitter:label1\" content=\"Tempo di lettura stimato\" \/>\n\t<meta name=\"twitter:data1\" content=\"2 minuti\" \/>\n<script type=\"application\/ld+json\" class=\"yoast-schema-graph\">{\"@context\":\"https:\\\/\\\/schema.org\",\"@graph\":[{\"@type\":\"WebPage\",\"@id\":\"https:\\\/\\\/www.iceireland.com\\\/it\\\/useful-information-and-supports\\\/learner-protection\\\/\",\"url\":\"https:\\\/\\\/www.iceireland.com\\\/it\\\/useful-information-and-supports\\\/learner-protection\\\/\",\"name\":\"Protezione degli studenti - Irish College of English\",\"isPartOf\":{\"@id\":\"https:\\\/\\\/www.iceireland.com\\\/it\\\/#website\"},\"datePublished\":\"2023-11-28T14:29:02+00:00\",\"dateModified\":\"2026-01-30T16:50:53+00:00\",\"breadcrumb\":{\"@id\":\"https:\\\/\\\/www.iceireland.com\\\/it\\\/useful-information-and-supports\\\/learner-protection\\\/#breadcrumb\"},\"inLanguage\":\"it-IT\",\"potentialAction\":[{\"@type\":\"ReadAction\",\"target\":[\"https:\\\/\\\/www.iceireland.com\\\/it\\\/useful-information-and-supports\\\/learner-protection\\\/\"]}]},{\"@type\":\"BreadcrumbList\",\"@id\":\"https:\\\/\\\/www.iceireland.com\\\/it\\\/useful-information-and-supports\\\/learner-protection\\\/#breadcrumb\",\"itemListElement\":[{\"@type\":\"ListItem\",\"position\":1,\"name\":\"Home\",\"item\":\"https:\\\/\\\/www.iceireland.com\\\/it\\\/\"},{\"@type\":\"ListItem\",\"position\":2,\"name\":\"Informazioni e supporti utili\",\"item\":\"https:\\\/\\\/www.iceireland.com\\\/it\\\/useful-information-and-supports\\\/\"},{\"@type\":\"ListItem\",\"position\":3,\"name\":\"Protezione degli studenti\"}]},{\"@type\":\"WebSite\",\"@id\":\"https:\\\/\\\/www.iceireland.com\\\/it\\\/#website\",\"url\":\"https:\\\/\\\/www.iceireland.com\\\/it\\\/\",\"name\":\"Irish College of English\",\"description\":\"English School in Dublin, Malahide\",\"publisher\":{\"@id\":\"https:\\\/\\\/www.iceireland.com\\\/it\\\/#organization\"},\"potentialAction\":[{\"@type\":\"SearchAction\",\"target\":{\"@type\":\"EntryPoint\",\"urlTemplate\":\"https:\\\/\\\/www.iceireland.com\\\/it\\\/?s={search_term_string}\"},\"query-input\":{\"@type\":\"PropertyValueSpecification\",\"valueRequired\":true,\"valueName\":\"search_term_string\"}}],\"inLanguage\":\"it-IT\"},{\"@type\":\"Organization\",\"@id\":\"https:\\\/\\\/www.iceireland.com\\\/it\\\/#organization\",\"name\":\"Irish College of English\",\"url\":\"https:\\\/\\\/www.iceireland.com\\\/it\\\/\",\"logo\":{\"@type\":\"ImageObject\",\"inLanguage\":\"it-IT\",\"@id\":\"https:\\\/\\\/www.iceireland.com\\\/it\\\/#\\\/schema\\\/logo\\\/image\\\/\",\"url\":\"https:\\\/\\\/www.iceireland.com\\\/wp-content\\\/uploads\\\/2022\\\/03\\\/logo.png\",\"contentUrl\":\"https:\\\/\\\/www.iceireland.com\\\/wp-content\\\/uploads\\\/2022\\\/03\\\/logo.png\",\"width\":593,\"height\":92,\"caption\":\"Irish College of English\"},\"image\":{\"@id\":\"https:\\\/\\\/www.iceireland.com\\\/it\\\/#\\\/schema\\\/logo\\\/image\\\/\"}}]}<\/script>\n<!-- \/ Yoast SEO plugin. -->","yoast_head_json":{"title":"Protezione degli studenti - Irish College of English","robots":{"index":"noindex","follow":"follow"},"og_locale":"it_IT","og_type":"article","og_title":"Protezione degli studenti - Irish College of English","og_description":"Protezione degli studenti All&#8217;Irish College of English diamo priorit\u00e0 al benessere e alla sicurezza dei nostri studenti. Nell&#8217;ambito del nostro impegno a fornire un ambiente di apprendimento sicuro e solidale, forniamo un&#8217;assicurazione di protezione per gli studenti ILEP attraverso il programma di protezione per gli studenti iscritti Arachas e la protezione per gli studenti MEI [&hellip;]","og_url":"https:\/\/www.iceireland.com\/it\/useful-information-and-supports\/learner-protection\/","og_site_name":"Irish College of English","article_modified_time":"2026-01-30T16:50:53+00:00","twitter_misc":{"Tempo di lettura stimato":"2 minuti"},"schema":{"@context":"https:\/\/schema.org","@graph":[{"@type":"WebPage","@id":"https:\/\/www.iceireland.com\/it\/useful-information-and-supports\/learner-protection\/","url":"https:\/\/www.iceireland.com\/it\/useful-information-and-supports\/learner-protection\/","name":"Protezione degli studenti - Irish College of English","isPartOf":{"@id":"https:\/\/www.iceireland.com\/it\/#website"},"datePublished":"2023-11-28T14:29:02+00:00","dateModified":"2026-01-30T16:50:53+00:00","breadcrumb":{"@id":"https:\/\/www.iceireland.com\/it\/useful-information-and-supports\/learner-protection\/#breadcrumb"},"inLanguage":"it-IT","potentialAction":[{"@type":"ReadAction","target":["https:\/\/www.iceireland.com\/it\/useful-information-and-supports\/learner-protection\/"]}]},{"@type":"BreadcrumbList","@id":"https:\/\/www.iceireland.com\/it\/useful-information-and-supports\/learner-protection\/#breadcrumb","itemListElement":[{"@type":"ListItem","position":1,"name":"Home","item":"https:\/\/www.iceireland.com\/it\/"},{"@type":"ListItem","position":2,"name":"Informazioni e supporti utili","item":"https:\/\/www.iceireland.com\/it\/useful-information-and-supports\/"},{"@type":"ListItem","position":3,"name":"Protezione degli studenti"}]},{"@type":"WebSite","@id":"https:\/\/www.iceireland.com\/it\/#website","url":"https:\/\/www.iceireland.com\/it\/","name":"Irish College of English","description":"English School in Dublin, Malahide","publisher":{"@id":"https:\/\/www.iceireland.com\/it\/#organization"},"potentialAction":[{"@type":"SearchAction","target":{"@type":"EntryPoint","urlTemplate":"https:\/\/www.iceireland.com\/it\/?s={search_term_string}"},"query-input":{"@type":"PropertyValueSpecification","valueRequired":true,"valueName":"search_term_string"}}],"inLanguage":"it-IT"},{"@type":"Organization","@id":"https:\/\/www.iceireland.com\/it\/#organization","name":"Irish College of English","url":"https:\/\/www.iceireland.com\/it\/","logo":{"@type":"ImageObject","inLanguage":"it-IT","@id":"https:\/\/www.iceireland.com\/it\/#\/schema\/logo\/image\/","url":"https:\/\/www.iceireland.com\/wp-content\/uploads\/2022\/03\/logo.png","contentUrl":"https:\/\/www.iceireland.com\/wp-content\/uploads\/2022\/03\/logo.png","width":593,"height":92,"caption":"Irish College of English"},"image":{"@id":"https:\/\/www.iceireland.com\/it\/#\/schema\/logo\/image\/"}}]}},"_links":{"self":[{"href":"https:\/\/www.iceireland.com\/it\/wp-json\/wp\/v2\/pages\/32501","targetHints":{"allow":["GET"]}}],"collection":[{"href":"https:\/\/www.iceireland.com\/it\/wp-json\/wp\/v2\/pages"}],"about":[{"href":"https:\/\/www.iceireland.com\/it\/wp-json\/wp\/v2\/types\/page"}],"author":[{"embeddable":true,"href":"https:\/\/www.iceireland.com\/it\/wp-json\/wp\/v2\/users\/3"}],"replies":[{"embeddable":true,"href":"https:\/\/www.iceireland.com\/it\/wp-json\/wp\/v2\/comments?post=32501"}],"version-history":[{"count":1,"href":"https:\/\/www.iceireland.com\/it\/wp-json\/wp\/v2\/pages\/32501\/revisions"}],"predecessor-version":[{"id":32502,"href":"https:\/\/www.iceireland.com\/it\/wp-json\/wp\/v2\/pages\/32501\/revisions\/32502"}],"up":[{"embeddable":true,"href":"https:\/\/www.iceireland.com\/it\/wp-json\/wp\/v2\/pages\/32493"}],"wp:attachment":[{"href":"https:\/\/www.iceireland.com\/it\/wp-json\/wp\/v2\/media?parent=32501"}],"curies":[{"name":"wp","href":"https:\/\/api.w.org\/{rel}","templated":true}]}}