{"id":32873,"date":"2022-03-22T11:13:00","date_gmt":"2022-03-22T11:13:00","guid":{"rendered":"https:\/\/www.iceireland.com\/hostfamilycharter\/"},"modified":"2022-03-22T11:13:00","modified_gmt":"2022-03-22T11:13:00","slug":"hostfamilycharter","status":"publish","type":"page","link":"https:\/\/www.iceireland.com\/it\/hostfamilycharter\/","title":{"rendered":"Carta di Soggiorno per Studenti"},"content":{"rendered":"<h2><strong>Carta di Soggiorno per Studenti<\/strong><\/h2>\n<p><strong> <\/strong><\/p>\n<p><strong>Introduzione<\/strong><\/p>\n<p>All&#8217;Irish College of English crediamo che l&#8217;esperienza del soggiorno in famiglia debba essere uno dei punti salienti del tuo soggiorno presso di noi e per questo incoraggiamo tutti gli studenti, adulti e junior, a sfruttare al massimo questa fantastica opportunit\u00e0. Potresti sperimentare la cultura irlandese per la prima volta e dovresti essere pronto a sperimentare e accettare routine, pasti e usanze diverse da quelle a cui sei abituato. <\/p>\n<p>&nbsp;<\/p>\n<p><strong>Numeri importanti:<\/strong><\/p>\n<p>Telefono dell&#8217;ufficio: 00353 1 845 3744 (per richieste generali)<\/p>\n<p>&nbsp;<\/p>\n<p>\u00c8 importante ricordare che l&#8217;alloggio in casa non equivale a un soggiorno in una guest house o in un hotel, bens\u00ec a un soggiorno in una casa accogliente e amichevole dove gli studenti vengono trattati come membri della famiglia e hanno l&#8217;opportunit\u00e0 di parlare inglese e interagire con una famiglia irlandese. L&#8217;obiettivo \u00e8 che gli studenti si uniscano il pi\u00f9 possibile alla vita domestica e migliorino il loro inglese utilizzandolo in situazioni reali. Gli studenti dovranno a loro volta comportarsi con rispetto e cortesia nei confronti di chi li ospita e rispettare le regole della casa. La maggior parte delle famiglie ospitanti ha un proprio regolamento che verr\u00e0 comunicato agli studenti all&#8217;inizio del loro soggiorno e che comprende informazioni sull&#8217;uso della cucina, del bagno, della lavanderia, ecc. Gli studenti sono tenuti a inserirsi nella normale routine domestica. Abbiamo una gamma di case diverse e dinamiche familiari differenti, tra cui famiglie giovani e anziane, con e senza figli e anche donne single di tutte le et\u00e0.     <\/p>\n<p>&nbsp;<\/p>\n<p><strong>Case famiglia di qualit\u00e0:<\/strong><\/p>\n<p>Gli studenti sono ospitati in famiglie accuratamente selezionate nella nostra zona, tutte visitate e controllate da un membro dell&#8217;ICE prima di ospitare gli studenti. Inoltre, effettuiamo una valutazione continua attraverso moduli di feedback scritti che tutti gli studenti compilano prima di partire. Tutti i nostri ospiti in famiglia completano il processo di verifica ufficiale del Garda, organizzato dalla nostra scuola.  <\/p>\n<p>&nbsp;<\/p>\n<p><strong>Arrivo e partenza:<\/strong><\/p>\n<p>Se fai parte di un gruppo, un membro del nostro staff ti accoglier\u00e0 all&#8217;aeroporto e ti porter\u00e0 al punto di raccolta dove verrai prelevato dal tuo ospite. Le persone che hanno richiesto un trasferimento saranno accolte da un membro dello staff e accompagnate alla loro casa. <\/p>\n<p>&nbsp;<\/p>\n<p><strong>Andare e tornare da scuola:<\/strong><\/p>\n<ul>\n<li>Il tuo ospite ti aiuter\u00e0 a raggiungere la scuola la prima mattina, dopodich\u00e9 gli studenti dovranno provvedere da soli all&#8217;andata e al ritorno.<\/li>\n<\/ul>\n<p><strong> <\/strong><\/p>\n<p><strong>Pasti<\/strong><\/p>\n<ul>\n<li>I pasti sono forniti dal padrone di casa secondo la normale routine domestica. Se hai problemi di dieta o allergie, <u>\u00e8 indispensabile che tu ci informi prima del tuo arrivo<\/u> e valuteremo se possiamo soddisfare le tue esigenze. Devi anche sapere che gli orari dei pasti e il cibo in Irlanda possono essere diversi da quelli del tuo paese d&#8217;origine, quindi devi cogliere l&#8217;opportunit\u00e0 di accogliere le differenze culturali. Ti invitiamo a comunicare al tuo ospite se c&#8217;\u00e8 qualche cibo che non ti piace in particolare.   <\/li>\n<li>Colazione continentale (cereali, toast, succo di frutta, t\u00e8\/caff\u00e8).<\/li>\n<li>Un pranzo al sacco (panini, una bevanda, frutta e uno spuntino) &#8211; se si opta per la pensione completa.<\/li>\n<li>La cena sar\u00e0 il normale pasto serale della famiglia (carne\/pesce\/pollo con verdure e patate o pasta con insalata ecc.) Questo \u00e8 un buon momento della giornata per chiacchierare con il padrone di casa e praticare il tuo inglese! Ti preghiamo di avvisare in anticipo il tuo ospitante se non sarai a casa per cena. <\/li>\n<\/ul>\n<p><strong> <\/strong><\/p>\n<p><strong> <\/strong><strong>Lavanderia, biancheria e asciugamani<\/strong><\/p>\n<ul>\n<li>I padroni di casa forniranno agli studenti un asciugamano all&#8217;arrivo e il loro letto sar\u00e0 appena rifatto.<\/li>\n<li>I padroni di casa si occuperanno del bucato degli studenti su base settimanale e la maggior parte di essi mostrer\u00e0 agli studenti dove mettere i vestiti da lavare ogni settimana e spiegher\u00e0 loro come funziona la lavanderia di casa.<\/li>\n<li>Le famiglie non forniscono articoli da toilette, quindi \u00e8 necessario portarli con s\u00e9.<\/li>\n<\/ul>\n<p>&nbsp;<\/p>\n<p><strong>Uso della casa:<\/strong><\/p>\n<ul>\n<li>Gli studenti devono avere accesso a una doccia al giorno in famiglia, ma devono essere rispettosi del tempo che trascorrono in bagno e della quantit\u00e0 di acqua calda che utilizzano, poich\u00e9 le case sono spesso affollate e gli studenti devono essere consapevoli delle esigenze degli altri. \u00c8 inoltre normale pulire il bagno\/doccia\/lavandino dopo ogni utilizzo. <\/li>\n<li>Gli studenti non devono prendere cibo dalla cucina senza permesso.<\/li>\n<li>Gli studenti non hanno il permesso di preparare il cibo in cucina.<\/li>\n<li>Gli studenti devono rispettare l&#8217;uso delle aree comuni, tra cui il soggiorno e la sala TV, e non devono occupare spazi normalmente condivisi da altri membri della famiglia.<\/li>\n<li>Gli studenti non possono portare amici a casa senza un permesso specifico.<\/li>\n<li>L&#8217;assegnazione delle chiavi di casa agli studenti \u00e8 a discrezione dell&#8217;ospitante.<\/li>\n<li>Se uno studente dovesse danneggiare o rompere degli oggetti domestici, il danno dovr\u00e0 essere pagato dallo studente (se maggiorenne) o dai genitori dello studente (se minorenne). L&#8217;Irish College of English non si assume alcuna responsabilit\u00e0 per tali danni. <\/li>\n<\/ul>\n<p>&nbsp;<\/p>\n<p><strong>Ordine e buone maniere<\/strong><\/p>\n<ul>\n<li>Ricorda che vivrai in famiglia come parte integrante del nucleo familiare e quindi dovrai tenere la tua camera da letto pulita e ordinata e offrirti di aiutare il padrone di casa a sparecchiare dopo la cena, ecc.<\/li>\n<li>In Irlanda \u00e8 consuetudine dire sempre &#8220;per favore&#8221;, &#8220;grazie&#8221;, &#8220;buongiorno\/sera&#8221; ecc. e i padroni di casa potrebbero offendersi se non usi questi termini educati.<\/li>\n<li>I livelli di rumore devono essere ridotti al minimo, soprattutto di notte.<\/li>\n<\/ul>\n<p>&nbsp;<\/p>\n<p><strong>Fumo \/ Alcool<\/strong><\/p>\n<ul>\n<li>Agli studenti non \u00e8 consentito fumare all&#8217;interno delle case famiglia.<\/li>\n<li>Gli studenti di et\u00e0 inferiore ai 18 anni o quelli che frequentano programmi scolastici\/estivi non possono consumare alcolici, n\u00e9 in casa n\u00e9 fuori casa, e non devono entrare nei pub. Questo indipendentemente da ci\u00f2 che \u00e8 permesso nelle loro case o nei loro paesi. L&#8217;uso di alcol o droghe comporter\u00e0 l&#8217;immediata espulsione dal programma.  <\/li>\n<\/ul>\n<p>&nbsp;<\/p>\n<p><strong>Tempo libero<\/strong><\/p>\n<ul>\n<li>Sebbene la maggior parte dei nostri programmi all&#8217;ICE preveda un calendario fitto di impegni, gli studenti hanno sempre un certo grado di tempo libero. Gli studenti junior hanno tempo libero per andare e tornare dal loro alloggio, per le pause e il tempo libero durante la scuola e le attivit\u00e0, la sera e la domenica. <\/li>\n<li>Consigliamo ai genitori degli studenti minorenni, prima della partenza, di stabilire i propri limiti per quanto riguarda il tempo libero e la sicurezza, poich\u00e9 questo tempo non \u00e8 supervisionato dal nostro personale. Consigliamo ai genitori di non permettere loro di lasciare l&#8217;area locale durante questo periodo. Gli studenti minorenni non possono recarsi nella citt\u00e0 di Dublino senza supervisione, n\u00e9 partecipare a discoteche o altri eventi simili non organizzati dall&#8217;ICE.  <\/li>\n<li>La domenica \u00e8 il giorno in cui trascorrerai pi\u00f9 tempo con il tuo ospite. Chiediamo agli studenti di collaborare e di mettere da parte del tempo per stare con il loro ospite la domenica. La maggior parte degli studenti trascorrer\u00e0 parte della giornata con il padrone di casa e parte con gli amici.  <\/li>\n<\/ul>\n<p>&nbsp;<\/p>\n<p><strong>Coprifuoco:<\/strong><\/p>\n<ul>\n<li>Abbiamo un severo coprifuoco alle 21:30 per tutti gli studenti che frequentano un programma giovanile, anche se hanno 18 anni.<\/li>\n<li>\u00c8 responsabilit\u00e0 dell&#8217;ospitante assicurarsi che gli studenti siano a casa entro le 21:30; se uno studente non \u00e8 a casa, l&#8217;ospitante informer\u00e0 la scuola utilizzando il numero di emergenza. Gli studenti che non rispettano questa regola del coprifuoco saranno espulsi<strong>.<\/strong> <\/li>\n<li>Gli studenti che frequentano un programma per adulti devono informare il loro ospitante di eventuali arrivi a casa in tarda serata.<\/li>\n<\/ul>\n<p>&nbsp;<\/p>\n<p><strong>Emergenze mediche<\/strong><\/p>\n<ul>\n<li>I padroni di casa si occuperanno di qualsiasi emergenza come farebbero con un membro della propria famiglia. Potrebbe essere necessario chiamare la polizia, l&#8217;ambulanza o il medico. <\/li>\n<li>Nel caso in cui gli studenti abbiano allergie o altre condizioni mediche di cui siamo informati, faremo del nostro meglio per informare gli ospitanti prima dell&#8217;arrivo; tuttavia, gli studenti dovrebbero informare anche i loro ospitanti di eventuali allergie o problemi medici che ritengono opportuni. L&#8217;ICE o i padroni di casa non possono essere ritenuti responsabili per il soddisfacimento delle esigenze mediche degli studenti che si trasferiscono in una famiglia normale. <\/li>\n<li>Esiste un servizio di emergenza fuori orario nel Northside chiamato <strong>D DOC<\/strong>, aperto dal luned\u00ec al venerd\u00ec dalle 18:00 alle 8:00 e 24 ore su 24 nei fine settimana e nei giorni festivi. Con questo servizio puoi parlare con un infermiere o un medico o, se necessario, farti visitare da un medico di base. Il numero \u00e8 <strong>1850 22 4477.<\/strong>  <\/li>\n<li>L&#8217;Irish College of English deve essere informato di tali emergenze.<\/li>\n<li><u>Gli studenti europei devono avere con s\u00e9 la tessera dell&#8217;assicurazione medica europea, che coprir\u00e0 sia le visite in ospedale che quelle in studi privati e alcune prescrizioni mediche.<\/u><\/li>\n<li><u>Gli studenti extracomunitari devono stipulare un&#8217;assicurazione medica privata per la durata del loro soggiorno.<\/u><\/li>\n<li>Tutte le spese mediche e i costi associati devono essere coperti dallo studente nel caso in cui l&#8217;assicurazione non copra i costi. Gli studenti devono disporre di fondi sufficienti per coprire le visite necessarie a medici\/dentisti ecc. <\/li>\n<\/ul>\n<p>&nbsp;<\/p>\n<p><strong>Studenti con allergie e condizioni mediche croniche che frequentano l&#8217;Irish College of English<\/strong><\/p>\n<p><strong>La nostra politica<\/strong><\/p>\n<p>All&#8217;Irish College of English \u00e8 nostra politica agire come qualsiasi genitore ragionevolmente prudente quando si tratta di affrontare una situazione di emergenza. Tuttavia, data la natura a breve termine dei soggiorni (di solito da 1 a 4 settimane), non siamo in grado di addestrare il personale o gli ospitanti a gestire le condizioni mediche di specifici studenti. <\/p>\n<p>Consigliamo ai genitori o ai tutori di studenti con gravi patologie mediche di valutare se il proprio figlio \u00e8 abbastanza maturo per la gestione della propria patologia per frequentare un corso all&#8217;estero. I genitori dovrebbero prendere visione di tutte le informazioni disponibili sul nostro sito web <a href=\"http:\/\/www.iceireland.com\/\">www.iceireland.com.<\/a> Se decidi che il programma non \u00e8 adatto a tuo figlio, saremo lieti di cancellare la sua prenotazione e di rimborsare il corso prima dell&#8217;arrivo.  <\/p>\n<p>Se i genitori o i tutori decidono di mandare i bambini a uno dei nostri campi, riconoscono che il loro bambino \u00e8 in grado di frequentare tale corso. Inoltre, i genitori o i tutori sono consapevoli del fatto che la scuola, il suo staff o i padroni di casa non possono essere responsabili della somministrazione di farmaci o della prevenzione di allergie o altre condizioni. <\/p>\n<p>I genitori devono essere consapevoli che la maggior parte del nostro personale e dei nostri ospiti non ha una formazione medica. In ogni centro sono presenti cassette di pronto soccorso e un membro del personale ne \u00e8 responsabile. Questo non si estende alle attivit\u00e0 del doposcuola. Non c&#8217;\u00e8 alcun obbligo legale o contrattuale per nessun membro del personale o per nessun ospite di somministrare farmaci o di supervisionare uno studente che assume farmaci. In caso di emergenza, ci aspettiamo che tutti i nostri ospiti e il personale agiscano come farebbe un genitore ragionevolmente prudente. Se all&#8217;ICE vengono forniti dettagli sulle condizioni mediche degli studenti, tali informazioni possono essere comunicate, ove possibile, al personale interessato, agli ospitanti, al personale medico ecc.     <\/p>\n<p>&nbsp;<\/p>\n<p><strong>Comunicazione<\/strong><\/p>\n<p>Anche se \u00e8 improbabile che tu possa avere dei problemi durante un soggiorno in famiglia, ecco alcuni consigli da seguire nel caso in cui dovessero sorgere dei problemi. Prima di tutto, discuti di ogni problema e cerca di trovare una soluzione tra studente e ospitante. \u00c8 importante guardare a qualsiasi problema da entrambi i punti di vista per trovare una soluzione. Se il problema persiste o se ritieni di non poterlo affrontare, <u>ti invitiamo a comunicarcelo in modo da poterlo risolvere durante il tuo soggiorno.<\/u> Nel caso in cui l&#8217;ospitante o lo studente non siano soddisfatti dell&#8217;accordo, l&#8217;Irish College of English provveder\u00e0, ove possibile e opportuno, a collocare lo studente in una sistemazione alternativa.   <\/p>\n<p>&nbsp;<\/p>\n<p><strong>Nota bene:<\/strong><\/p>\n<p>L&#8217;Irish College of English organizza un servizio di prenotazione di soggiorni a domicilio per agevolare gli studenti che desiderano studiare presso la nostra scuola. Abbiamo adottato delle politiche per garantire che i padroni di casa abbiano uno standard adeguato e riceviamo un feedback da parte degli studenti su ogni soggiorno in casa; questo feedback, insieme a un&#8217;ispezione da parte di un membro dell&#8217;ICE, ci permette di raccomandare i padroni di casa agli studenti. L&#8217;Irish College of English non si assume alcuna responsabilit\u00e0 per eventuali incidenti che si verifichino durante il soggiorno in casa o per eventuali danni o perdite subite, ecc.  <\/p>\n<p>&nbsp;<\/p>\n<p>&nbsp;<\/p>\n","protected":false},"excerpt":{"rendered":"<p>Carta di Soggiorno per Studenti Introduzione All&#8217;Irish College of English crediamo che l&#8217;esperienza del soggiorno in famiglia debba essere uno dei punti salienti del tuo soggiorno presso di noi e per questo incoraggiamo tutti gli studenti, adulti e junior, a sfruttare al massimo questa fantastica opportunit\u00e0. Potresti sperimentare la cultura irlandese per la prima volta [&hellip;]<\/p>\n","protected":false},"author":3,"featured_media":0,"parent":0,"menu_order":0,"comment_status":"closed","ping_status":"closed","template":"","meta":{"content-type":"","footnotes":""},"class_list":["post-32873","page","type-page","status-publish","hentry"],"yoast_head":"<!-- This site is optimized with the Yoast SEO plugin v27.3 - https:\/\/yoast.com\/product\/yoast-seo-wordpress\/ -->\n<title>Carta di Soggiorno per Studenti - Irish College of English<\/title>\n<meta name=\"robots\" content=\"index, follow, max-snippet:-1, max-image-preview:large, max-video-preview:-1\" \/>\n<link rel=\"canonical\" href=\"https:\/\/www.iceireland.com\/it\/hostfamilycharter\/\" \/>\n<meta property=\"og:locale\" content=\"it_IT\" \/>\n<meta property=\"og:type\" content=\"article\" \/>\n<meta property=\"og:title\" content=\"Carta di Soggiorno per Studenti - Irish College of English\" \/>\n<meta property=\"og:description\" content=\"Carta di Soggiorno per Studenti Introduzione All&#8217;Irish College of English crediamo che l&#8217;esperienza del soggiorno in famiglia debba essere uno dei punti salienti del tuo soggiorno presso di noi e per questo incoraggiamo tutti gli studenti, adulti e junior, a sfruttare al massimo questa fantastica opportunit\u00e0. Potresti sperimentare la cultura irlandese per la prima volta [&hellip;]\" \/>\n<meta property=\"og:url\" content=\"https:\/\/www.iceireland.com\/it\/hostfamilycharter\/\" \/>\n<meta property=\"og:site_name\" content=\"Irish College of English\" \/>\n<meta name=\"twitter:label1\" content=\"Tempo di lettura stimato\" \/>\n\t<meta name=\"twitter:data1\" content=\"10 minuti\" \/>\n<script type=\"application\/ld+json\" class=\"yoast-schema-graph\">{\"@context\":\"https:\\\/\\\/schema.org\",\"@graph\":[{\"@type\":\"WebPage\",\"@id\":\"https:\\\/\\\/www.iceireland.com\\\/it\\\/hostfamilycharter\\\/\",\"url\":\"https:\\\/\\\/www.iceireland.com\\\/it\\\/hostfamilycharter\\\/\",\"name\":\"Carta di Soggiorno per Studenti - Irish College of English\",\"isPartOf\":{\"@id\":\"https:\\\/\\\/www.iceireland.com\\\/it\\\/#website\"},\"datePublished\":\"2022-03-22T11:13:00+00:00\",\"breadcrumb\":{\"@id\":\"https:\\\/\\\/www.iceireland.com\\\/it\\\/hostfamilycharter\\\/#breadcrumb\"},\"inLanguage\":\"it-IT\",\"potentialAction\":[{\"@type\":\"ReadAction\",\"target\":[\"https:\\\/\\\/www.iceireland.com\\\/it\\\/hostfamilycharter\\\/\"]}]},{\"@type\":\"BreadcrumbList\",\"@id\":\"https:\\\/\\\/www.iceireland.com\\\/it\\\/hostfamilycharter\\\/#breadcrumb\",\"itemListElement\":[{\"@type\":\"ListItem\",\"position\":1,\"name\":\"Home\",\"item\":\"https:\\\/\\\/www.iceireland.com\\\/it\\\/\"},{\"@type\":\"ListItem\",\"position\":2,\"name\":\"Carta di Soggiorno per Studenti\"}]},{\"@type\":\"WebSite\",\"@id\":\"https:\\\/\\\/www.iceireland.com\\\/it\\\/#website\",\"url\":\"https:\\\/\\\/www.iceireland.com\\\/it\\\/\",\"name\":\"Irish College of English\",\"description\":\"English School in Dublin, Malahide\",\"publisher\":{\"@id\":\"https:\\\/\\\/www.iceireland.com\\\/it\\\/#organization\"},\"potentialAction\":[{\"@type\":\"SearchAction\",\"target\":{\"@type\":\"EntryPoint\",\"urlTemplate\":\"https:\\\/\\\/www.iceireland.com\\\/it\\\/?s={search_term_string}\"},\"query-input\":{\"@type\":\"PropertyValueSpecification\",\"valueRequired\":true,\"valueName\":\"search_term_string\"}}],\"inLanguage\":\"it-IT\"},{\"@type\":\"Organization\",\"@id\":\"https:\\\/\\\/www.iceireland.com\\\/it\\\/#organization\",\"name\":\"Irish College of English\",\"url\":\"https:\\\/\\\/www.iceireland.com\\\/it\\\/\",\"logo\":{\"@type\":\"ImageObject\",\"inLanguage\":\"it-IT\",\"@id\":\"https:\\\/\\\/www.iceireland.com\\\/it\\\/#\\\/schema\\\/logo\\\/image\\\/\",\"url\":\"https:\\\/\\\/www.iceireland.com\\\/wp-content\\\/uploads\\\/2022\\\/03\\\/logo.png\",\"contentUrl\":\"https:\\\/\\\/www.iceireland.com\\\/wp-content\\\/uploads\\\/2022\\\/03\\\/logo.png\",\"width\":593,\"height\":92,\"caption\":\"Irish College of English\"},\"image\":{\"@id\":\"https:\\\/\\\/www.iceireland.com\\\/it\\\/#\\\/schema\\\/logo\\\/image\\\/\"}}]}<\/script>\n<!-- \/ Yoast SEO plugin. -->","yoast_head_json":{"title":"Carta di Soggiorno per Studenti - Irish College of English","robots":{"index":"index","follow":"follow","max-snippet":"max-snippet:-1","max-image-preview":"max-image-preview:large","max-video-preview":"max-video-preview:-1"},"canonical":"https:\/\/www.iceireland.com\/it\/hostfamilycharter\/","og_locale":"it_IT","og_type":"article","og_title":"Carta di Soggiorno per Studenti - Irish College of English","og_description":"Carta di Soggiorno per Studenti Introduzione All&#8217;Irish College of English crediamo che l&#8217;esperienza del soggiorno in famiglia debba essere uno dei punti salienti del tuo soggiorno presso di noi e per questo incoraggiamo tutti gli studenti, adulti e junior, a sfruttare al massimo questa fantastica opportunit\u00e0. Potresti sperimentare la cultura irlandese per la prima volta [&hellip;]","og_url":"https:\/\/www.iceireland.com\/it\/hostfamilycharter\/","og_site_name":"Irish College of English","twitter_misc":{"Tempo di lettura stimato":"10 minuti"},"schema":{"@context":"https:\/\/schema.org","@graph":[{"@type":"WebPage","@id":"https:\/\/www.iceireland.com\/it\/hostfamilycharter\/","url":"https:\/\/www.iceireland.com\/it\/hostfamilycharter\/","name":"Carta di Soggiorno per Studenti - Irish College of English","isPartOf":{"@id":"https:\/\/www.iceireland.com\/it\/#website"},"datePublished":"2022-03-22T11:13:00+00:00","breadcrumb":{"@id":"https:\/\/www.iceireland.com\/it\/hostfamilycharter\/#breadcrumb"},"inLanguage":"it-IT","potentialAction":[{"@type":"ReadAction","target":["https:\/\/www.iceireland.com\/it\/hostfamilycharter\/"]}]},{"@type":"BreadcrumbList","@id":"https:\/\/www.iceireland.com\/it\/hostfamilycharter\/#breadcrumb","itemListElement":[{"@type":"ListItem","position":1,"name":"Home","item":"https:\/\/www.iceireland.com\/it\/"},{"@type":"ListItem","position":2,"name":"Carta di Soggiorno per Studenti"}]},{"@type":"WebSite","@id":"https:\/\/www.iceireland.com\/it\/#website","url":"https:\/\/www.iceireland.com\/it\/","name":"Irish College of English","description":"English School in Dublin, Malahide","publisher":{"@id":"https:\/\/www.iceireland.com\/it\/#organization"},"potentialAction":[{"@type":"SearchAction","target":{"@type":"EntryPoint","urlTemplate":"https:\/\/www.iceireland.com\/it\/?s={search_term_string}"},"query-input":{"@type":"PropertyValueSpecification","valueRequired":true,"valueName":"search_term_string"}}],"inLanguage":"it-IT"},{"@type":"Organization","@id":"https:\/\/www.iceireland.com\/it\/#organization","name":"Irish College of English","url":"https:\/\/www.iceireland.com\/it\/","logo":{"@type":"ImageObject","inLanguage":"it-IT","@id":"https:\/\/www.iceireland.com\/it\/#\/schema\/logo\/image\/","url":"https:\/\/www.iceireland.com\/wp-content\/uploads\/2022\/03\/logo.png","contentUrl":"https:\/\/www.iceireland.com\/wp-content\/uploads\/2022\/03\/logo.png","width":593,"height":92,"caption":"Irish College of English"},"image":{"@id":"https:\/\/www.iceireland.com\/it\/#\/schema\/logo\/image\/"}}]}},"_links":{"self":[{"href":"https:\/\/www.iceireland.com\/it\/wp-json\/wp\/v2\/pages\/32873","targetHints":{"allow":["GET"]}}],"collection":[{"href":"https:\/\/www.iceireland.com\/it\/wp-json\/wp\/v2\/pages"}],"about":[{"href":"https:\/\/www.iceireland.com\/it\/wp-json\/wp\/v2\/types\/page"}],"author":[{"embeddable":true,"href":"https:\/\/www.iceireland.com\/it\/wp-json\/wp\/v2\/users\/3"}],"replies":[{"embeddable":true,"href":"https:\/\/www.iceireland.com\/it\/wp-json\/wp\/v2\/comments?post=32873"}],"version-history":[{"count":0,"href":"https:\/\/www.iceireland.com\/it\/wp-json\/wp\/v2\/pages\/32873\/revisions"}],"wp:attachment":[{"href":"https:\/\/www.iceireland.com\/it\/wp-json\/wp\/v2\/media?parent=32873"}],"curies":[{"name":"wp","href":"https:\/\/api.w.org\/{rel}","templated":true}]}}