{"id":33099,"date":"2025-08-27T17:58:07","date_gmt":"2025-08-27T17:58:07","guid":{"rendered":"https:\/\/www.iceireland.com\/health-and-wellbeing\/"},"modified":"2026-01-30T18:25:52","modified_gmt":"2026-01-30T18:25:52","slug":"health-and-wellbeing","status":"publish","type":"page","link":"https:\/\/www.iceireland.com\/it\/health-and-wellbeing\/","title":{"rendered":"Salute e benessere"},"content":{"rendered":"\t\t<div data-elementor-type=\"wp-page\" data-elementor-id=\"33099\" class=\"elementor elementor-33099 elementor-31272\" data-elementor-post-type=\"page\">\n\t\t\t\t\t\t<section class=\"elementor-section elementor-top-section elementor-element elementor-element-637dd89 elementor-section-boxed elementor-section-height-default elementor-section-height-default\" data-id=\"637dd89\" data-element_type=\"section\" data-e-type=\"section\">\n\t\t\t\t\t\t<div class=\"elementor-container elementor-column-gap-default\">\n\t\t\t\t\t<div class=\"elementor-column elementor-col-100 elementor-top-column elementor-element elementor-element-2b0fe48\" data-id=\"2b0fe48\" data-element_type=\"column\" data-e-type=\"column\">\n\t\t\t<div class=\"elementor-widget-wrap elementor-element-populated\">\n\t\t\t\t\t\t<div class=\"elementor-element elementor-element-d4a904b elementor-widget elementor-widget-spacer\" data-id=\"d4a904b\" data-element_type=\"widget\" data-e-type=\"widget\" data-widget_type=\"spacer.default\">\n\t\t\t\t<div class=\"elementor-widget-container\">\n\t\t\t\t\t\t\t<div class=\"elementor-spacer\">\n\t\t\t<div class=\"elementor-spacer-inner\"><\/div>\n\t\t<\/div>\n\t\t\t\t\t\t<\/div>\n\t\t\t\t<\/div>\n\t\t\t\t\t<\/div>\n\t\t<\/div>\n\t\t\t\t\t<\/div>\n\t\t<\/section>\n\t\t\t\t<section class=\"elementor-section elementor-top-section elementor-element elementor-element-9817a5e elementor-section-boxed elementor-section-height-default elementor-section-height-default\" data-id=\"9817a5e\" data-element_type=\"section\" data-e-type=\"section\">\n\t\t\t\t\t\t<div class=\"elementor-container elementor-column-gap-default\">\n\t\t\t\t\t<div class=\"elementor-column elementor-col-100 elementor-top-column elementor-element elementor-element-fe0d37a\" data-id=\"fe0d37a\" data-element_type=\"column\" data-e-type=\"column\">\n\t\t\t<div class=\"elementor-widget-wrap elementor-element-populated\">\n\t\t\t\t\t\t<div class=\"elementor-element elementor-element-20e19ca elementor-widget elementor-widget-text-editor\" data-id=\"20e19ca\" data-element_type=\"widget\" data-e-type=\"widget\" data-widget_type=\"text-editor.default\">\n\t\t\t\t<div class=\"elementor-widget-container\">\n\t\t\t\t\t\t\t\t\t<h3><span style=\"color: #808080;\"><strong>Salute e benessere  <\/strong><\/span><\/h3><p><strong> <\/strong><\/p><p><strong>Benessere degli studenti<\/strong><\/p><p>La nostra politica sul benessere degli studenti garantisce la presenza di un responsabile del benessere degli studenti per assistere gli studenti in caso di emergenza e difficolt\u00e0. Fornisce servizi di riferimento per l&#8217;assistenza specialistica in materia di salute mentale, se necessario. <\/p><p>Offriamo indicazioni sull&#8217;accesso ai servizi sanitari in Irlanda e assistiamo gli studenti con informazioni sull&#8217;assicurazione sanitaria e sulle richieste di rimborso.<\/p><p><strong> <\/strong><\/p><p><strong>St<\/strong><strong>Benessere degli studenti<\/strong><\/p><p>Assistiamo i nostri studenti ad ambientarsi nei nostri programmi e campi. Abbiamo un mix eterogeneo di tipologie di studenti e di durata dei soggiorni. La maggior parte dei nostri studenti \u00e8 costituita da studenti Junior con soggiorni brevi. Ci rendiamo conto che, data la brevit\u00e0 dei nostri corsi, potremmo non essere in grado di sostenere gli studenti con esigenze continue, che possono essere superate al meglio cercando il sostegno di amici e familiari. Il nostro team si impegna a essere disponibile e a offrire qualsiasi supporto ragionevolmente pratico. Il nostro responsabile del benessere degli studenti pu\u00f2 offrire supporto per questioni pratiche.     <\/p><p>A volte possono sorgere dei problemi che richiedono un contributo, un supporto o delle conoscenze specialistiche per essere risolti. Parte di questo supporto pu\u00f2 essere fornito all&#8217;interno dell&#8217;organizzazione. Tuttavia, la risoluzione di alcuni tipi di esigenze pu\u00f2 andare oltre le risorse e le capacit\u00e0 interne. In questo caso, la scuola indicher\u00e0 agli studenti il luogo in cui le loro esigenze potranno essere soddisfatte in modo pi\u00f9 appropriato. In alcune circostanze consiglieremo agli studenti\/ai loro genitori di tornare a casa dove potranno ricevere il sostegno di cui hanno bisogno, soprattutto quando gli studenti minorenni hanno problemi di benessere non legati ai nostri programmi.    <\/p><p><strong> <\/strong><\/p><p><strong>Politica sull&#8217;uguaglianza, la diversit\u00e0 e l&#8217;inclusione<\/strong><\/p><p>Siamo fermamente impegnati a promuovere un ambiente di apprendimento e di lavoro inclusivo ed equo, dove la diversit\u00e0 viene celebrata e tutti gli individui sono rispettati, valorizzati e responsabilizzati. Il nostro impegno per l&#8217;uguaglianza, la diversit\u00e0 e l&#8217;inclusione (EDI) permea ogni aspetto delle nostre attivit\u00e0, dal coinvolgimento degli studenti al reclutamento del personale, dallo sviluppo dei programmi di studio all&#8217;impegno nella comunit\u00e0. All&#8217;ICE crediamo che abbracciare la diversit\u00e0 arricchisca l&#8217;esperienza educativa, migliori la comprensione culturale e coltivi un senso di appartenenza per tutti i soggetti coinvolti.  <\/p><p> <\/p><p><strong>Salute e sicurezza<\/strong><strong> <\/strong><\/p><p>Ci impegniamo a garantire, per quanto ragionevolmente possibile, la sicurezza, la salute e il benessere sul lavoro di tutti i membri del personale, degli studenti, degli appaltatori, dei visitatori e di qualsiasi altra persona della scuola che possa essere interessata dal lavoro e dalle attivit\u00e0 scolastiche.<strong> <\/strong><\/p><p><strong> <\/strong><\/p><p><strong>Salvaguardia<\/strong><strong> <\/strong><\/p><p>L&#8217;ICE si impegna a rispettare l&#8217;obbligo di salvaguardare, proteggere e promuovere il benessere dei bambini e si impegna a garantire che le pratiche di salvaguardia rispecchino le responsabilit\u00e0 previste dalla legge, le linee guida governative e siano conformi alle migliori pratiche e ai requisiti QQI.<\/p><p> <\/p><p><strong>Supporto e servizi per gli studenti<\/strong><\/p><p>All&#8217;Irish College of English (ICE) ci impegniamo a fornire un supporto completo e servizi ai nostri studenti internazionali per garantire il loro benessere, il successo accademico e un&#8217;esperienza complessivamente positiva. Questa politica illustra il nostro impegno nell&#8217;offrire processi di ammissione trasparenti, orientamento, supporto accademico, servizi per il benessere degli studenti, assistenza per l&#8217;alloggio, iniziative di integrazione culturale, canali di comunicazione efficaci, rispetto degli obblighi legali e strategie di miglioramento continuo. <\/p><p> <\/p><p><strong>Politica sulle allergie, le condizioni mediche e le esigenze aggiuntive<\/strong><\/p><p>Ci impegniamo a fornire un ambiente inclusivo e accogliente per tutti gli studenti. Ci sforziamo di accogliere una gamma diversificata di esigenze; tuttavia, a causa della natura a breve termine dei nostri programmi (in genere da 1 a 4 settimane), non siamo in grado di fornire assistenza medica specializzata o supervisione a studenti con allergie, condizioni mediche croniche o di altro tipo o esigenze aggiuntive. Anche se adotteremo misure ragionevoli per condividere le informazioni pertinenti con il personale delle case e dei residence, la responsabilit\u00e0 ultima della gestione delle condizioni mediche e delle esigenze aggiuntive spetta agli studenti e ai loro genitori\/tutori\/organizzatori del gruppo.  <\/p><p> <\/p><p><strong>Supervisione<\/strong><\/p><p>I nostri campi incoraggiano gli studenti a immergersi attivamente nella lingua inglese, interagendo con irlandesi e altri adolescenti e divertendosi attraverso attivit\u00e0 e visite culturali.<\/p><p>La supervisione \u00e8 un ruolo che contribuisce a mantenere i nostri studenti al sicuro. La nostra filosofia di supervisione \u00e8 quella di consentire l&#8217;esplorazione e l&#8217;interazione. Gli studenti che frequentano i nostri campi devono essere sufficientemente maturi per la loro et\u00e0, indipendenti, autosufficienti e responsabili. Abbiamo adottato politiche e procedure per creare un&#8217;atmosfera piacevole e sicura, ma la vita ha dei rischi intrinseci e chiediamo a tutti gli studenti di prendere le stesse precauzioni e attenzioni che adotterebbero nel loro paese d&#8217;origine.   <\/p><p>Il nostro modello di supervisione \u00e8 di supporto e interattivo. Non supervisioniamo gli studenti in modo eccessivo o invasivo per consentire loro di beneficiare appieno dell&#8217;esperienza del campo. Pertanto, gli studenti potrebbero essere esposti a rischi, commettere errori o subire infortuni durante il campo.  <\/p><p>In tutti i nostri campi gli studenti avranno tempo libero senza supervisione. Durante questo tempo gli studenti avranno accesso ai membri dello staff o al nostro numero di telefono di emergenza, dove un membro dello staff \u00e8 disponibile 24 ore al giorno. <\/p><p> <\/p><p><strong>Protezione dei bambini<\/strong><\/p><p>Tutto il nostro personale che lavora a diretto contatto con i ragazzi ha seguito un corso sulla protezione dei bambini. La formazione in loco sar\u00e0 un promemoria sulla protezione degli studenti e sulle responsabilit\u00e0 del personale. <\/p><p> <\/p><p><strong>Linee guida per gli alloggi<\/strong><\/p><p>Agli studenti vengono fornite le seguenti linee guida per l&#8217;alloggio:<\/p><p>Soggiorno a casa &#8211; Noleggio a domicilio<\/p><p>Residenziale &#8211; Pensione presso la Guida ai residence nel Manuale dello studente<\/p><p>Il personale che opera nelle nostre residenze pu\u00f2 accedere a queste linee guida nel nostro Manuale del personale.<\/p><p> <\/p><p><strong>Codici di condotta<\/strong><\/p><p>I nostri codici di condotta vengono comunicati ai genitori\/tutori\/capigruppo e agli studenti prima dell&#8217;arrivo tramite il modulo di prenotazione e il manuale dello studente. \u00c8 fondamentale stabilire regole chiare e semplici <\/p>\t\t\t\t\t\t\t\t<\/div>\n\t\t\t\t<\/div>\n\t\t\t\t\t<\/div>\n\t\t<\/div>\n\t\t\t\t\t<\/div>\n\t\t<\/section>\n\t\t\t\t<section class=\"elementor-section elementor-top-section elementor-element elementor-element-78eee0e elementor-section-boxed elementor-section-height-default elementor-section-height-default\" data-id=\"78eee0e\" data-element_type=\"section\" data-e-type=\"section\">\n\t\t\t\t\t\t<div class=\"elementor-container elementor-column-gap-default\">\n\t\t\t\t\t<div class=\"elementor-column elementor-col-100 elementor-top-column elementor-element elementor-element-1cdbbea\" data-id=\"1cdbbea\" data-element_type=\"column\" data-e-type=\"column\">\n\t\t\t<div class=\"elementor-widget-wrap elementor-element-populated\">\n\t\t\t\t\t\t<div class=\"elementor-element elementor-element-ba89721 elementor-widget elementor-widget-spacer\" data-id=\"ba89721\" data-element_type=\"widget\" data-e-type=\"widget\" data-widget_type=\"spacer.default\">\n\t\t\t\t<div class=\"elementor-widget-container\">\n\t\t\t\t\t\t\t<div class=\"elementor-spacer\">\n\t\t\t<div class=\"elementor-spacer-inner\"><\/div>\n\t\t<\/div>\n\t\t\t\t\t\t<\/div>\n\t\t\t\t<\/div>\n\t\t\t\t\t<\/div>\n\t\t<\/div>\n\t\t\t\t\t<\/div>\n\t\t<\/section>\n\t\t\t\t<section class=\"elementor-section elementor-top-section elementor-element elementor-element-d39cfef elementor-section-boxed elementor-section-height-default elementor-section-height-default\" data-id=\"d39cfef\" data-element_type=\"section\" data-e-type=\"section\">\n\t\t\t\t\t\t<div class=\"elementor-container elementor-column-gap-default\">\n\t\t\t\t\t<div class=\"elementor-column elementor-col-100 elementor-top-column elementor-element elementor-element-3ebc0a2\" data-id=\"3ebc0a2\" data-element_type=\"column\" data-e-type=\"column\">\n\t\t\t<div class=\"elementor-widget-wrap elementor-element-populated\">\n\t\t\t\t\t\t<div class=\"elementor-element elementor-element-c4f2735 elementor-widget elementor-widget-image\" data-id=\"c4f2735\" data-element_type=\"widget\" data-e-type=\"widget\" data-widget_type=\"image.default\">\n\t\t\t\t<div class=\"elementor-widget-container\">\n\t\t\t\t\t\t\t\t\t\t\t\t\t\t\t<img fetchpriority=\"high\" decoding=\"async\" width=\"1448\" height=\"2048\" src=\"https:\/\/www.iceireland.com\/wp-content\/uploads\/2025\/11\/Student-Support-ICE-1448x2048.png\" class=\"attachment-2048x2048 size-2048x2048 wp-image-31637\" alt=\"\" srcset=\"https:\/\/www.iceireland.com\/wp-content\/uploads\/2025\/11\/Student-Support-ICE-1448x2048.png 1448w, https:\/\/www.iceireland.com\/wp-content\/uploads\/2025\/11\/Student-Support-ICE-212x300.png 212w, https:\/\/www.iceireland.com\/wp-content\/uploads\/2025\/11\/Student-Support-ICE-724x1024.png 724w, https:\/\/www.iceireland.com\/wp-content\/uploads\/2025\/11\/Student-Support-ICE-768x1086.png 768w, https:\/\/www.iceireland.com\/wp-content\/uploads\/2025\/11\/Student-Support-ICE-1086x1536.png 1086w, https:\/\/www.iceireland.com\/wp-content\/uploads\/2025\/11\/Student-Support-ICE.png 1655w\" sizes=\"(max-width: 1448px) 100vw, 1448px\" \/>\t\t\t\t\t\t\t\t\t\t\t\t\t\t\t<\/div>\n\t\t\t\t<\/div>\n\t\t\t\t\t<\/div>\n\t\t<\/div>\n\t\t\t\t\t<\/div>\n\t\t<\/section>\n\t\t\t\t<section class=\"elementor-section elementor-top-section elementor-element elementor-element-52aebab elementor-section-boxed elementor-section-height-default elementor-section-height-default\" data-id=\"52aebab\" data-element_type=\"section\" data-e-type=\"section\">\n\t\t\t\t\t\t<div class=\"elementor-container elementor-column-gap-default\">\n\t\t\t\t\t<div class=\"elementor-column elementor-col-100 elementor-top-column elementor-element elementor-element-1c80ec8\" data-id=\"1c80ec8\" data-element_type=\"column\" data-e-type=\"column\">\n\t\t\t<div class=\"elementor-widget-wrap elementor-element-populated\">\n\t\t\t\t\t\t<div class=\"elementor-element elementor-element-54893ad elementor-widget elementor-widget-spacer\" data-id=\"54893ad\" data-element_type=\"widget\" data-e-type=\"widget\" data-widget_type=\"spacer.default\">\n\t\t\t\t<div class=\"elementor-widget-container\">\n\t\t\t\t\t\t\t<div class=\"elementor-spacer\">\n\t\t\t<div class=\"elementor-spacer-inner\"><\/div>\n\t\t<\/div>\n\t\t\t\t\t\t<\/div>\n\t\t\t\t<\/div>\n\t\t\t\t\t<\/div>\n\t\t<\/div>\n\t\t\t\t\t<\/div>\n\t\t<\/section>\n\t\t\t\t<\/div>\n\t\t","protected":false},"excerpt":{"rendered":"<p>Salute e benessere Benessere degli studenti La nostra politica sul benessere degli studenti garantisce la presenza di un responsabile del benessere degli studenti per assistere gli studenti in caso di emergenza e difficolt\u00e0. Fornisce servizi di riferimento per l&#8217;assistenza specialistica in materia di salute mentale, se necessario. Offriamo indicazioni sull&#8217;accesso ai servizi sanitari in Irlanda [&hellip;]<\/p>\n","protected":false},"author":3,"featured_media":0,"parent":0,"menu_order":0,"comment_status":"closed","ping_status":"closed","template":"","meta":{"content-type":"","footnotes":""},"class_list":["post-33099","page","type-page","status-publish","hentry"],"yoast_head":"<!-- This site is optimized with the Yoast SEO plugin v27.3 - https:\/\/yoast.com\/product\/yoast-seo-wordpress\/ -->\n<title>Salute e benessere - Irish College of English<\/title>\n<meta name=\"robots\" content=\"index, follow, max-snippet:-1, max-image-preview:large, max-video-preview:-1\" \/>\n<link rel=\"canonical\" href=\"https:\/\/www.iceireland.com\/it\/health-and-wellbeing\/\" \/>\n<meta property=\"og:locale\" content=\"it_IT\" \/>\n<meta property=\"og:type\" content=\"article\" \/>\n<meta property=\"og:title\" content=\"Salute e benessere - Irish College of English\" \/>\n<meta property=\"og:description\" content=\"Salute e benessere Benessere degli studenti La nostra politica sul benessere degli studenti garantisce la presenza di un responsabile del benessere degli studenti per assistere gli studenti in caso di emergenza e difficolt\u00e0. Fornisce servizi di riferimento per l&#8217;assistenza specialistica in materia di salute mentale, se necessario. Offriamo indicazioni sull&#8217;accesso ai servizi sanitari in Irlanda [&hellip;]\" \/>\n<meta property=\"og:url\" content=\"https:\/\/www.iceireland.com\/it\/health-and-wellbeing\/\" \/>\n<meta property=\"og:site_name\" content=\"Irish College of English\" \/>\n<meta property=\"article:modified_time\" content=\"2026-01-30T18:25:52+00:00\" \/>\n<meta property=\"og:image\" content=\"https:\/\/www.iceireland.com\/wp-content\/uploads\/2025\/11\/Student-Support-ICE.png\" \/>\n\t<meta property=\"og:image:width\" content=\"1655\" \/>\n\t<meta property=\"og:image:height\" content=\"2340\" \/>\n\t<meta property=\"og:image:type\" content=\"image\/png\" \/>\n<meta name=\"twitter:label1\" content=\"Tempo di lettura stimato\" \/>\n\t<meta name=\"twitter:data1\" content=\"5 minuti\" \/>\n<script type=\"application\/ld+json\" class=\"yoast-schema-graph\">{\"@context\":\"https:\\\/\\\/schema.org\",\"@graph\":[{\"@type\":\"WebPage\",\"@id\":\"https:\\\/\\\/www.iceireland.com\\\/it\\\/health-and-wellbeing\\\/\",\"url\":\"https:\\\/\\\/www.iceireland.com\\\/it\\\/health-and-wellbeing\\\/\",\"name\":\"Salute e benessere - Irish College of English\",\"isPartOf\":{\"@id\":\"https:\\\/\\\/www.iceireland.com\\\/it\\\/#website\"},\"primaryImageOfPage\":{\"@id\":\"https:\\\/\\\/www.iceireland.com\\\/it\\\/health-and-wellbeing\\\/#primaryimage\"},\"image\":{\"@id\":\"https:\\\/\\\/www.iceireland.com\\\/it\\\/health-and-wellbeing\\\/#primaryimage\"},\"thumbnailUrl\":\"https:\\\/\\\/www.iceireland.com\\\/wp-content\\\/uploads\\\/2025\\\/11\\\/Student-Support-ICE-1448x2048.png\",\"datePublished\":\"2025-08-27T17:58:07+00:00\",\"dateModified\":\"2026-01-30T18:25:52+00:00\",\"breadcrumb\":{\"@id\":\"https:\\\/\\\/www.iceireland.com\\\/it\\\/health-and-wellbeing\\\/#breadcrumb\"},\"inLanguage\":\"it-IT\",\"potentialAction\":[{\"@type\":\"ReadAction\",\"target\":[\"https:\\\/\\\/www.iceireland.com\\\/it\\\/health-and-wellbeing\\\/\"]}]},{\"@type\":\"ImageObject\",\"inLanguage\":\"it-IT\",\"@id\":\"https:\\\/\\\/www.iceireland.com\\\/it\\\/health-and-wellbeing\\\/#primaryimage\",\"url\":\"https:\\\/\\\/www.iceireland.com\\\/wp-content\\\/uploads\\\/2025\\\/11\\\/Student-Support-ICE-1448x2048.png\",\"contentUrl\":\"https:\\\/\\\/www.iceireland.com\\\/wp-content\\\/uploads\\\/2025\\\/11\\\/Student-Support-ICE-1448x2048.png\"},{\"@type\":\"BreadcrumbList\",\"@id\":\"https:\\\/\\\/www.iceireland.com\\\/it\\\/health-and-wellbeing\\\/#breadcrumb\",\"itemListElement\":[{\"@type\":\"ListItem\",\"position\":1,\"name\":\"Home\",\"item\":\"https:\\\/\\\/www.iceireland.com\\\/it\\\/\"},{\"@type\":\"ListItem\",\"position\":2,\"name\":\"Salute e benessere\"}]},{\"@type\":\"WebSite\",\"@id\":\"https:\\\/\\\/www.iceireland.com\\\/it\\\/#website\",\"url\":\"https:\\\/\\\/www.iceireland.com\\\/it\\\/\",\"name\":\"Irish College of English\",\"description\":\"English School in Dublin, Malahide\",\"publisher\":{\"@id\":\"https:\\\/\\\/www.iceireland.com\\\/it\\\/#organization\"},\"potentialAction\":[{\"@type\":\"SearchAction\",\"target\":{\"@type\":\"EntryPoint\",\"urlTemplate\":\"https:\\\/\\\/www.iceireland.com\\\/it\\\/?s={search_term_string}\"},\"query-input\":{\"@type\":\"PropertyValueSpecification\",\"valueRequired\":true,\"valueName\":\"search_term_string\"}}],\"inLanguage\":\"it-IT\"},{\"@type\":\"Organization\",\"@id\":\"https:\\\/\\\/www.iceireland.com\\\/it\\\/#organization\",\"name\":\"Irish College of English\",\"url\":\"https:\\\/\\\/www.iceireland.com\\\/it\\\/\",\"logo\":{\"@type\":\"ImageObject\",\"inLanguage\":\"it-IT\",\"@id\":\"https:\\\/\\\/www.iceireland.com\\\/it\\\/#\\\/schema\\\/logo\\\/image\\\/\",\"url\":\"https:\\\/\\\/www.iceireland.com\\\/wp-content\\\/uploads\\\/2022\\\/03\\\/logo.png\",\"contentUrl\":\"https:\\\/\\\/www.iceireland.com\\\/wp-content\\\/uploads\\\/2022\\\/03\\\/logo.png\",\"width\":593,\"height\":92,\"caption\":\"Irish College of English\"},\"image\":{\"@id\":\"https:\\\/\\\/www.iceireland.com\\\/it\\\/#\\\/schema\\\/logo\\\/image\\\/\"}}]}<\/script>\n<!-- \/ Yoast SEO plugin. -->","yoast_head_json":{"title":"Salute e benessere - Irish College of English","robots":{"index":"index","follow":"follow","max-snippet":"max-snippet:-1","max-image-preview":"max-image-preview:large","max-video-preview":"max-video-preview:-1"},"canonical":"https:\/\/www.iceireland.com\/it\/health-and-wellbeing\/","og_locale":"it_IT","og_type":"article","og_title":"Salute e benessere - Irish College of English","og_description":"Salute e benessere Benessere degli studenti La nostra politica sul benessere degli studenti garantisce la presenza di un responsabile del benessere degli studenti per assistere gli studenti in caso di emergenza e difficolt\u00e0. Fornisce servizi di riferimento per l&#8217;assistenza specialistica in materia di salute mentale, se necessario. Offriamo indicazioni sull&#8217;accesso ai servizi sanitari in Irlanda [&hellip;]","og_url":"https:\/\/www.iceireland.com\/it\/health-and-wellbeing\/","og_site_name":"Irish College of English","article_modified_time":"2026-01-30T18:25:52+00:00","og_image":[{"width":1655,"height":2340,"url":"https:\/\/www.iceireland.com\/wp-content\/uploads\/2025\/11\/Student-Support-ICE.png","type":"image\/png"}],"twitter_misc":{"Tempo di lettura stimato":"5 minuti"},"schema":{"@context":"https:\/\/schema.org","@graph":[{"@type":"WebPage","@id":"https:\/\/www.iceireland.com\/it\/health-and-wellbeing\/","url":"https:\/\/www.iceireland.com\/it\/health-and-wellbeing\/","name":"Salute e benessere - Irish College of English","isPartOf":{"@id":"https:\/\/www.iceireland.com\/it\/#website"},"primaryImageOfPage":{"@id":"https:\/\/www.iceireland.com\/it\/health-and-wellbeing\/#primaryimage"},"image":{"@id":"https:\/\/www.iceireland.com\/it\/health-and-wellbeing\/#primaryimage"},"thumbnailUrl":"https:\/\/www.iceireland.com\/wp-content\/uploads\/2025\/11\/Student-Support-ICE-1448x2048.png","datePublished":"2025-08-27T17:58:07+00:00","dateModified":"2026-01-30T18:25:52+00:00","breadcrumb":{"@id":"https:\/\/www.iceireland.com\/it\/health-and-wellbeing\/#breadcrumb"},"inLanguage":"it-IT","potentialAction":[{"@type":"ReadAction","target":["https:\/\/www.iceireland.com\/it\/health-and-wellbeing\/"]}]},{"@type":"ImageObject","inLanguage":"it-IT","@id":"https:\/\/www.iceireland.com\/it\/health-and-wellbeing\/#primaryimage","url":"https:\/\/www.iceireland.com\/wp-content\/uploads\/2025\/11\/Student-Support-ICE-1448x2048.png","contentUrl":"https:\/\/www.iceireland.com\/wp-content\/uploads\/2025\/11\/Student-Support-ICE-1448x2048.png"},{"@type":"BreadcrumbList","@id":"https:\/\/www.iceireland.com\/it\/health-and-wellbeing\/#breadcrumb","itemListElement":[{"@type":"ListItem","position":1,"name":"Home","item":"https:\/\/www.iceireland.com\/it\/"},{"@type":"ListItem","position":2,"name":"Salute e benessere"}]},{"@type":"WebSite","@id":"https:\/\/www.iceireland.com\/it\/#website","url":"https:\/\/www.iceireland.com\/it\/","name":"Irish College of English","description":"English School in Dublin, Malahide","publisher":{"@id":"https:\/\/www.iceireland.com\/it\/#organization"},"potentialAction":[{"@type":"SearchAction","target":{"@type":"EntryPoint","urlTemplate":"https:\/\/www.iceireland.com\/it\/?s={search_term_string}"},"query-input":{"@type":"PropertyValueSpecification","valueRequired":true,"valueName":"search_term_string"}}],"inLanguage":"it-IT"},{"@type":"Organization","@id":"https:\/\/www.iceireland.com\/it\/#organization","name":"Irish College of English","url":"https:\/\/www.iceireland.com\/it\/","logo":{"@type":"ImageObject","inLanguage":"it-IT","@id":"https:\/\/www.iceireland.com\/it\/#\/schema\/logo\/image\/","url":"https:\/\/www.iceireland.com\/wp-content\/uploads\/2022\/03\/logo.png","contentUrl":"https:\/\/www.iceireland.com\/wp-content\/uploads\/2022\/03\/logo.png","width":593,"height":92,"caption":"Irish College of English"},"image":{"@id":"https:\/\/www.iceireland.com\/it\/#\/schema\/logo\/image\/"}}]}},"_links":{"self":[{"href":"https:\/\/www.iceireland.com\/it\/wp-json\/wp\/v2\/pages\/33099","targetHints":{"allow":["GET"]}}],"collection":[{"href":"https:\/\/www.iceireland.com\/it\/wp-json\/wp\/v2\/pages"}],"about":[{"href":"https:\/\/www.iceireland.com\/it\/wp-json\/wp\/v2\/types\/page"}],"author":[{"embeddable":true,"href":"https:\/\/www.iceireland.com\/it\/wp-json\/wp\/v2\/users\/3"}],"replies":[{"embeddable":true,"href":"https:\/\/www.iceireland.com\/it\/wp-json\/wp\/v2\/comments?post=33099"}],"version-history":[{"count":1,"href":"https:\/\/www.iceireland.com\/it\/wp-json\/wp\/v2\/pages\/33099\/revisions"}],"predecessor-version":[{"id":33101,"href":"https:\/\/www.iceireland.com\/it\/wp-json\/wp\/v2\/pages\/33099\/revisions\/33101"}],"wp:attachment":[{"href":"https:\/\/www.iceireland.com\/it\/wp-json\/wp\/v2\/media?parent=33099"}],"curies":[{"name":"wp","href":"https:\/\/api.w.org\/{rel}","templated":true}]}}