{"id":33160,"date":"2024-08-14T09:14:18","date_gmt":"2024-08-14T09:14:18","guid":{"rendered":"https:\/\/www.iceireland.com\/access-transfer-and-progression-adult-courses\/"},"modified":"2026-01-30T18:26:26","modified_gmt":"2026-01-30T18:26:26","slug":"access-transfer-and-progression-adult-courses","status":"publish","type":"page","link":"https:\/\/www.iceireland.com\/it\/access-transfer-and-progression-adult-courses\/","title":{"rendered":"Accesso, trasferimento e progressione &#8211; Corsi per adulti"},"content":{"rendered":"\t\t<div data-elementor-type=\"wp-page\" data-elementor-id=\"33160\" class=\"elementor elementor-33160 elementor-27311\" data-elementor-post-type=\"page\">\n\t\t\t\t\t\t<section class=\"elementor-section elementor-top-section elementor-element elementor-element-3e74ae5 elementor-section-boxed elementor-section-height-default elementor-section-height-default\" data-id=\"3e74ae5\" data-element_type=\"section\" data-e-type=\"section\">\n\t\t\t\t\t\t<div class=\"elementor-container elementor-column-gap-default\">\n\t\t\t\t\t<div class=\"elementor-column elementor-col-100 elementor-top-column elementor-element elementor-element-f15b9c2\" data-id=\"f15b9c2\" data-element_type=\"column\" data-e-type=\"column\">\n\t\t\t<div class=\"elementor-widget-wrap elementor-element-populated\">\n\t\t\t\t\t\t<div class=\"elementor-element elementor-element-de548c2 elementor-widget elementor-widget-text-editor\" data-id=\"de548c2\" data-element_type=\"widget\" data-e-type=\"widget\" data-widget_type=\"text-editor.default\">\n\t\t\t\t<div class=\"elementor-widget-container\">\n\t\t\t\t\t\t\t\t\t<h2><strong>Accesso, trasferimento e progressione &#8211; Corsi per adulti<\/strong><\/h2><p><strong>Accesso<\/strong><\/p><p>Criteri di ammissione:<\/p><p>Il nostro processo di ammissione \u00e8 concepito per essere inclusivo e trasparente, aderendo a criteri chiari sia per gli studenti junior che per quelli adulti, garantendo pari opportunit\u00e0 a tutti i candidati. Le informazioni sui nostri programmi e sulle procedure di ammissione sono comunicate in modo chiaro e rese immediatamente disponibili ai potenziali studenti, garantendo trasparenza e accessibilit\u00e0. <\/p><ul><li>Le informazioni sui nostri corsi sono disponibili sul nostro sito web e presso il nostro team per le iscrizioni.<\/li><li>Gli studenti\/genitori\/tutori o gli organizzatori di gruppi possono iscriversi on line attraverso il nostro sistema di prenotazione o il modulo di richiesta di gruppo.<\/li><li>Accettiamo anche richieste e contatti diretti via e-mail, telefono o di persona presso la nostra scuola di Malahide.<\/li><li>Forniamo informazioni complete prima della prenotazione, tra cui brochure, moduli di prenotazione e informazioni aggiuntive.<\/li><\/ul><p>Supporto per studenti diversi:<\/p><p>Ci impegniamo a fornire ai discenti sistemazioni ragionevoli e servizi di supporto e valuteremo caso per caso quali esigenze aggiuntive possiamo soddisfare all&#8217;interno dei nostri programmi. La nostra politica sulle condizioni mediche e sulle esigenze aggiuntive \u00e8 disponibile sul nostro sito web, nel Manuale AQ, a disposizione di tutti gli interessati.   <\/p><p> <\/p><p><strong>Trasferimento<\/strong><\/p><p>Trasferimento interno:<\/p><p>Gli studenti possono richiedere trasferimenti interni tra corsi o livelli, in base alla disponibilit\u00e0 e alle capacit\u00e0 dimostrate dall&#8217;allievo.<\/p><p>Trasferimento esterno:<\/p><p>Le richieste di studenti che si uniscono a noi da altre scuole o istituzioni linguistiche saranno prese in considerazione caso per caso, tenendo conto delle competenze linguistiche pregresse e dei contenuti del corso.<\/p><p>Procedure di trasferimento:<\/p><p>Gli studenti che desiderano trasferirsi ad un altro programma o livello possono comunicarlo al proprio insegnante o all&#8217;ufficio ammissioni\/reception. Il Responsabile Accademico discuter\u00e0 il trasferimento con l&#8217;insegnante in merito alla sua idoneit\u00e0 accademica e alle operazioni relative agli spazi e prender\u00e0 una decisione che comunicher\u00e0 allo studente insieme alle sue motivazioni. <\/p><p> <\/p><p><strong>Progressione<\/strong><\/p><p>Progressione accademica:<\/p><p>Sosteniamo la progressione accademica degli studenti in base al completamento degli obiettivi del corso allineati al QCER.<\/p><p>Procedure di progressione:<\/p><ul><li>Valutazioni e feedback regolari terranno traccia dei progressi degli studenti in linea con il QCER e quando l&#8217;insegnante riterr\u00e0 che uno studente sia pronto a passare al livello successivo, glielo comunicher\u00e0 e metter\u00e0 in atto un piano.<\/li><li>I poster sui percorsi di progressione sono affissi nelle bacheche degli studenti e in alcuni manuali.<\/li><li>Al termine del corso, gli studenti ricevono un certificato di competenza e una relazione individuale che tiene conto dei loro progressi rispetto ai descrittori del QCER.<\/li><\/ul><p>Lo scopo dei programmi del corso e i risultati di apprendimento previsti sono delineati per ogni programma del corso.<\/p>\t\t\t\t\t\t\t\t<\/div>\n\t\t\t\t<\/div>\n\t\t\t\t\t<\/div>\n\t\t<\/div>\n\t\t\t\t\t<\/div>\n\t\t<\/section>\n\t\t\t\t<section class=\"elementor-section elementor-top-section elementor-element elementor-element-e7e679c elementor-section-boxed elementor-section-height-default elementor-section-height-default\" data-id=\"e7e679c\" data-element_type=\"section\" data-e-type=\"section\">\n\t\t\t\t\t\t<div class=\"elementor-container elementor-column-gap-default\">\n\t\t\t\t\t<div class=\"elementor-column elementor-col-100 elementor-top-column elementor-element elementor-element-c46311f\" data-id=\"c46311f\" data-element_type=\"column\" data-e-type=\"column\">\n\t\t\t<div class=\"elementor-widget-wrap elementor-element-populated\">\n\t\t\t\t\t\t<div class=\"elementor-element elementor-element-d944837 elementor-widget elementor-widget-spacer\" data-id=\"d944837\" data-element_type=\"widget\" data-e-type=\"widget\" data-widget_type=\"spacer.default\">\n\t\t\t\t<div class=\"elementor-widget-container\">\n\t\t\t\t\t\t\t<div class=\"elementor-spacer\">\n\t\t\t<div class=\"elementor-spacer-inner\"><\/div>\n\t\t<\/div>\n\t\t\t\t\t\t<\/div>\n\t\t\t\t<\/div>\n\t\t\t\t\t<\/div>\n\t\t<\/div>\n\t\t\t\t\t<\/div>\n\t\t<\/section>\n\t\t\t\t<section class=\"elementor-section elementor-top-section elementor-element elementor-element-8507fe4 elementor-section-boxed elementor-section-height-default elementor-section-height-default\" data-id=\"8507fe4\" data-element_type=\"section\" data-e-type=\"section\">\n\t\t\t\t\t\t<div class=\"elementor-container elementor-column-gap-default\">\n\t\t\t\t\t<div class=\"elementor-column elementor-col-100 elementor-top-column elementor-element elementor-element-5cedeef\" data-id=\"5cedeef\" data-element_type=\"column\" data-e-type=\"column\">\n\t\t\t<div class=\"elementor-widget-wrap elementor-element-populated\">\n\t\t\t\t\t\t<div class=\"elementor-element elementor-element-67ee8c4 elementor-widget elementor-widget-image\" data-id=\"67ee8c4\" data-element_type=\"widget\" data-e-type=\"widget\" data-widget_type=\"image.default\">\n\t\t\t\t<div class=\"elementor-widget-container\">\n\t\t\t\t\t\t\t\t\t\t\t\t\t\t\t<img fetchpriority=\"high\" decoding=\"async\" width=\"800\" height=\"566\" src=\"https:\/\/www.iceireland.com\/wp-content\/uploads\/2025\/11\/Adult-Student-CEFR-pathway-at-ICE-1024x724.png\" class=\"attachment-large size-large wp-image-31619\" alt=\"\" srcset=\"https:\/\/www.iceireland.com\/wp-content\/uploads\/2025\/11\/Adult-Student-CEFR-pathway-at-ICE-1024x724.png 1024w, https:\/\/www.iceireland.com\/wp-content\/uploads\/2025\/11\/Adult-Student-CEFR-pathway-at-ICE-300x212.png 300w, https:\/\/www.iceireland.com\/wp-content\/uploads\/2025\/11\/Adult-Student-CEFR-pathway-at-ICE-768x543.png 768w, https:\/\/www.iceireland.com\/wp-content\/uploads\/2025\/11\/Adult-Student-CEFR-pathway-at-ICE-1536x1086.png 1536w, https:\/\/www.iceireland.com\/wp-content\/uploads\/2025\/11\/Adult-Student-CEFR-pathway-at-ICE-2048x1448.png 2048w\" sizes=\"(max-width: 800px) 100vw, 800px\" \/>\t\t\t\t\t\t\t\t\t\t\t\t\t\t\t<\/div>\n\t\t\t\t<\/div>\n\t\t\t\t\t<\/div>\n\t\t<\/div>\n\t\t\t\t\t<\/div>\n\t\t<\/section>\n\t\t\t\t<section class=\"elementor-section elementor-top-section elementor-element elementor-element-ca5c80e elementor-section-boxed elementor-section-height-default elementor-section-height-default\" data-id=\"ca5c80e\" data-element_type=\"section\" data-e-type=\"section\">\n\t\t\t\t\t\t<div class=\"elementor-container elementor-column-gap-default\">\n\t\t\t\t\t<div class=\"elementor-column elementor-col-100 elementor-top-column elementor-element elementor-element-856ef30\" data-id=\"856ef30\" data-element_type=\"column\" data-e-type=\"column\">\n\t\t\t<div class=\"elementor-widget-wrap elementor-element-populated\">\n\t\t\t\t\t\t<div class=\"elementor-element elementor-element-dc8efe8 elementor-widget elementor-widget-spacer\" data-id=\"dc8efe8\" data-element_type=\"widget\" data-e-type=\"widget\" data-widget_type=\"spacer.default\">\n\t\t\t\t<div class=\"elementor-widget-container\">\n\t\t\t\t\t\t\t<div class=\"elementor-spacer\">\n\t\t\t<div class=\"elementor-spacer-inner\"><\/div>\n\t\t<\/div>\n\t\t\t\t\t\t<\/div>\n\t\t\t\t<\/div>\n\t\t\t\t\t<\/div>\n\t\t<\/div>\n\t\t\t\t\t<\/div>\n\t\t<\/section>\n\t\t\t\t<\/div>\n\t\t","protected":false},"excerpt":{"rendered":"<p>Accesso, trasferimento e progressione &#8211; Corsi per adulti Accesso Criteri di ammissione: Il nostro processo di ammissione \u00e8 concepito per essere inclusivo e trasparente, aderendo a criteri chiari sia per gli studenti junior che per quelli adulti, garantendo pari opportunit\u00e0 a tutti i candidati. Le informazioni sui nostri programmi e sulle procedure di ammissione sono [&hellip;]<\/p>\n","protected":false},"author":3,"featured_media":0,"parent":0,"menu_order":0,"comment_status":"closed","ping_status":"closed","template":"","meta":{"content-type":"","footnotes":""},"class_list":["post-33160","page","type-page","status-publish","hentry"],"yoast_head":"<!-- This site is optimized with the Yoast SEO plugin v27.3 - https:\/\/yoast.com\/product\/yoast-seo-wordpress\/ -->\n<title>Accesso, trasferimento e progressione - Corsi per adulti - Irish College of English<\/title>\n<meta name=\"robots\" content=\"index, follow, max-snippet:-1, max-image-preview:large, max-video-preview:-1\" \/>\n<link rel=\"canonical\" href=\"https:\/\/www.iceireland.com\/it\/access-transfer-and-progression-adult-courses\/\" \/>\n<meta property=\"og:locale\" content=\"it_IT\" \/>\n<meta property=\"og:type\" content=\"article\" \/>\n<meta property=\"og:title\" content=\"Accesso, trasferimento e progressione - Corsi per adulti - Irish College of English\" \/>\n<meta property=\"og:description\" content=\"Accesso, trasferimento e progressione &#8211; Corsi per adulti Accesso Criteri di ammissione: Il nostro processo di ammissione \u00e8 concepito per essere inclusivo e trasparente, aderendo a criteri chiari sia per gli studenti junior che per quelli adulti, garantendo pari opportunit\u00e0 a tutti i candidati. Le informazioni sui nostri programmi e sulle procedure di ammissione sono [&hellip;]\" \/>\n<meta property=\"og:url\" content=\"https:\/\/www.iceireland.com\/it\/access-transfer-and-progression-adult-courses\/\" \/>\n<meta property=\"og:site_name\" content=\"Irish College of English\" \/>\n<meta property=\"article:modified_time\" content=\"2026-01-30T18:26:26+00:00\" \/>\n<meta property=\"og:image\" content=\"https:\/\/www.iceireland.com\/wp-content\/uploads\/2025\/11\/Adult-Student-CEFR-pathway-at-ICE-scaled.png\" \/>\n\t<meta property=\"og:image:width\" content=\"2560\" \/>\n\t<meta property=\"og:image:height\" content=\"1810\" \/>\n\t<meta property=\"og:image:type\" content=\"image\/png\" \/>\n<meta name=\"twitter:label1\" content=\"Tempo di lettura stimato\" \/>\n\t<meta name=\"twitter:data1\" content=\"2 minuti\" \/>\n<script type=\"application\/ld+json\" class=\"yoast-schema-graph\">{\"@context\":\"https:\\\/\\\/schema.org\",\"@graph\":[{\"@type\":\"WebPage\",\"@id\":\"https:\\\/\\\/www.iceireland.com\\\/it\\\/access-transfer-and-progression-adult-courses\\\/\",\"url\":\"https:\\\/\\\/www.iceireland.com\\\/it\\\/access-transfer-and-progression-adult-courses\\\/\",\"name\":\"Accesso, trasferimento e progressione - Corsi per adulti - Irish College of English\",\"isPartOf\":{\"@id\":\"https:\\\/\\\/www.iceireland.com\\\/it\\\/#website\"},\"primaryImageOfPage\":{\"@id\":\"https:\\\/\\\/www.iceireland.com\\\/it\\\/access-transfer-and-progression-adult-courses\\\/#primaryimage\"},\"image\":{\"@id\":\"https:\\\/\\\/www.iceireland.com\\\/it\\\/access-transfer-and-progression-adult-courses\\\/#primaryimage\"},\"thumbnailUrl\":\"https:\\\/\\\/www.iceireland.com\\\/wp-content\\\/uploads\\\/2025\\\/11\\\/Adult-Student-CEFR-pathway-at-ICE-1024x724.png\",\"datePublished\":\"2024-08-14T09:14:18+00:00\",\"dateModified\":\"2026-01-30T18:26:26+00:00\",\"breadcrumb\":{\"@id\":\"https:\\\/\\\/www.iceireland.com\\\/it\\\/access-transfer-and-progression-adult-courses\\\/#breadcrumb\"},\"inLanguage\":\"it-IT\",\"potentialAction\":[{\"@type\":\"ReadAction\",\"target\":[\"https:\\\/\\\/www.iceireland.com\\\/it\\\/access-transfer-and-progression-adult-courses\\\/\"]}]},{\"@type\":\"ImageObject\",\"inLanguage\":\"it-IT\",\"@id\":\"https:\\\/\\\/www.iceireland.com\\\/it\\\/access-transfer-and-progression-adult-courses\\\/#primaryimage\",\"url\":\"https:\\\/\\\/www.iceireland.com\\\/wp-content\\\/uploads\\\/2025\\\/11\\\/Adult-Student-CEFR-pathway-at-ICE-1024x724.png\",\"contentUrl\":\"https:\\\/\\\/www.iceireland.com\\\/wp-content\\\/uploads\\\/2025\\\/11\\\/Adult-Student-CEFR-pathway-at-ICE-1024x724.png\"},{\"@type\":\"BreadcrumbList\",\"@id\":\"https:\\\/\\\/www.iceireland.com\\\/it\\\/access-transfer-and-progression-adult-courses\\\/#breadcrumb\",\"itemListElement\":[{\"@type\":\"ListItem\",\"position\":1,\"name\":\"Home\",\"item\":\"https:\\\/\\\/www.iceireland.com\\\/it\\\/\"},{\"@type\":\"ListItem\",\"position\":2,\"name\":\"Accesso, trasferimento e progressione &#8211; Corsi per adulti\"}]},{\"@type\":\"WebSite\",\"@id\":\"https:\\\/\\\/www.iceireland.com\\\/it\\\/#website\",\"url\":\"https:\\\/\\\/www.iceireland.com\\\/it\\\/\",\"name\":\"Irish College of English\",\"description\":\"English School in Dublin, Malahide\",\"publisher\":{\"@id\":\"https:\\\/\\\/www.iceireland.com\\\/it\\\/#organization\"},\"potentialAction\":[{\"@type\":\"SearchAction\",\"target\":{\"@type\":\"EntryPoint\",\"urlTemplate\":\"https:\\\/\\\/www.iceireland.com\\\/it\\\/?s={search_term_string}\"},\"query-input\":{\"@type\":\"PropertyValueSpecification\",\"valueRequired\":true,\"valueName\":\"search_term_string\"}}],\"inLanguage\":\"it-IT\"},{\"@type\":\"Organization\",\"@id\":\"https:\\\/\\\/www.iceireland.com\\\/it\\\/#organization\",\"name\":\"Irish College of English\",\"url\":\"https:\\\/\\\/www.iceireland.com\\\/it\\\/\",\"logo\":{\"@type\":\"ImageObject\",\"inLanguage\":\"it-IT\",\"@id\":\"https:\\\/\\\/www.iceireland.com\\\/it\\\/#\\\/schema\\\/logo\\\/image\\\/\",\"url\":\"https:\\\/\\\/www.iceireland.com\\\/wp-content\\\/uploads\\\/2022\\\/03\\\/logo.png\",\"contentUrl\":\"https:\\\/\\\/www.iceireland.com\\\/wp-content\\\/uploads\\\/2022\\\/03\\\/logo.png\",\"width\":593,\"height\":92,\"caption\":\"Irish College of English\"},\"image\":{\"@id\":\"https:\\\/\\\/www.iceireland.com\\\/it\\\/#\\\/schema\\\/logo\\\/image\\\/\"}}]}<\/script>\n<!-- \/ Yoast SEO plugin. -->","yoast_head_json":{"title":"Accesso, trasferimento e progressione - Corsi per adulti - Irish College of English","robots":{"index":"index","follow":"follow","max-snippet":"max-snippet:-1","max-image-preview":"max-image-preview:large","max-video-preview":"max-video-preview:-1"},"canonical":"https:\/\/www.iceireland.com\/it\/access-transfer-and-progression-adult-courses\/","og_locale":"it_IT","og_type":"article","og_title":"Accesso, trasferimento e progressione - Corsi per adulti - Irish College of English","og_description":"Accesso, trasferimento e progressione &#8211; Corsi per adulti Accesso Criteri di ammissione: Il nostro processo di ammissione \u00e8 concepito per essere inclusivo e trasparente, aderendo a criteri chiari sia per gli studenti junior che per quelli adulti, garantendo pari opportunit\u00e0 a tutti i candidati. Le informazioni sui nostri programmi e sulle procedure di ammissione sono [&hellip;]","og_url":"https:\/\/www.iceireland.com\/it\/access-transfer-and-progression-adult-courses\/","og_site_name":"Irish College of English","article_modified_time":"2026-01-30T18:26:26+00:00","og_image":[{"width":2560,"height":1810,"url":"https:\/\/www.iceireland.com\/wp-content\/uploads\/2025\/11\/Adult-Student-CEFR-pathway-at-ICE-scaled.png","type":"image\/png"}],"twitter_misc":{"Tempo di lettura stimato":"2 minuti"},"schema":{"@context":"https:\/\/schema.org","@graph":[{"@type":"WebPage","@id":"https:\/\/www.iceireland.com\/it\/access-transfer-and-progression-adult-courses\/","url":"https:\/\/www.iceireland.com\/it\/access-transfer-and-progression-adult-courses\/","name":"Accesso, trasferimento e progressione - Corsi per adulti - Irish College of English","isPartOf":{"@id":"https:\/\/www.iceireland.com\/it\/#website"},"primaryImageOfPage":{"@id":"https:\/\/www.iceireland.com\/it\/access-transfer-and-progression-adult-courses\/#primaryimage"},"image":{"@id":"https:\/\/www.iceireland.com\/it\/access-transfer-and-progression-adult-courses\/#primaryimage"},"thumbnailUrl":"https:\/\/www.iceireland.com\/wp-content\/uploads\/2025\/11\/Adult-Student-CEFR-pathway-at-ICE-1024x724.png","datePublished":"2024-08-14T09:14:18+00:00","dateModified":"2026-01-30T18:26:26+00:00","breadcrumb":{"@id":"https:\/\/www.iceireland.com\/it\/access-transfer-and-progression-adult-courses\/#breadcrumb"},"inLanguage":"it-IT","potentialAction":[{"@type":"ReadAction","target":["https:\/\/www.iceireland.com\/it\/access-transfer-and-progression-adult-courses\/"]}]},{"@type":"ImageObject","inLanguage":"it-IT","@id":"https:\/\/www.iceireland.com\/it\/access-transfer-and-progression-adult-courses\/#primaryimage","url":"https:\/\/www.iceireland.com\/wp-content\/uploads\/2025\/11\/Adult-Student-CEFR-pathway-at-ICE-1024x724.png","contentUrl":"https:\/\/www.iceireland.com\/wp-content\/uploads\/2025\/11\/Adult-Student-CEFR-pathway-at-ICE-1024x724.png"},{"@type":"BreadcrumbList","@id":"https:\/\/www.iceireland.com\/it\/access-transfer-and-progression-adult-courses\/#breadcrumb","itemListElement":[{"@type":"ListItem","position":1,"name":"Home","item":"https:\/\/www.iceireland.com\/it\/"},{"@type":"ListItem","position":2,"name":"Accesso, trasferimento e progressione &#8211; Corsi per adulti"}]},{"@type":"WebSite","@id":"https:\/\/www.iceireland.com\/it\/#website","url":"https:\/\/www.iceireland.com\/it\/","name":"Irish College of English","description":"English School in Dublin, Malahide","publisher":{"@id":"https:\/\/www.iceireland.com\/it\/#organization"},"potentialAction":[{"@type":"SearchAction","target":{"@type":"EntryPoint","urlTemplate":"https:\/\/www.iceireland.com\/it\/?s={search_term_string}"},"query-input":{"@type":"PropertyValueSpecification","valueRequired":true,"valueName":"search_term_string"}}],"inLanguage":"it-IT"},{"@type":"Organization","@id":"https:\/\/www.iceireland.com\/it\/#organization","name":"Irish College of English","url":"https:\/\/www.iceireland.com\/it\/","logo":{"@type":"ImageObject","inLanguage":"it-IT","@id":"https:\/\/www.iceireland.com\/it\/#\/schema\/logo\/image\/","url":"https:\/\/www.iceireland.com\/wp-content\/uploads\/2022\/03\/logo.png","contentUrl":"https:\/\/www.iceireland.com\/wp-content\/uploads\/2022\/03\/logo.png","width":593,"height":92,"caption":"Irish College of English"},"image":{"@id":"https:\/\/www.iceireland.com\/it\/#\/schema\/logo\/image\/"}}]}},"_links":{"self":[{"href":"https:\/\/www.iceireland.com\/it\/wp-json\/wp\/v2\/pages\/33160","targetHints":{"allow":["GET"]}}],"collection":[{"href":"https:\/\/www.iceireland.com\/it\/wp-json\/wp\/v2\/pages"}],"about":[{"href":"https:\/\/www.iceireland.com\/it\/wp-json\/wp\/v2\/types\/page"}],"author":[{"embeddable":true,"href":"https:\/\/www.iceireland.com\/it\/wp-json\/wp\/v2\/users\/3"}],"replies":[{"embeddable":true,"href":"https:\/\/www.iceireland.com\/it\/wp-json\/wp\/v2\/comments?post=33160"}],"version-history":[{"count":1,"href":"https:\/\/www.iceireland.com\/it\/wp-json\/wp\/v2\/pages\/33160\/revisions"}],"predecessor-version":[{"id":33161,"href":"https:\/\/www.iceireland.com\/it\/wp-json\/wp\/v2\/pages\/33160\/revisions\/33161"}],"wp:attachment":[{"href":"https:\/\/www.iceireland.com\/it\/wp-json\/wp\/v2\/media?parent=33160"}],"curies":[{"name":"wp","href":"https:\/\/api.w.org\/{rel}","templated":true}]}}