{"id":33204,"date":"2024-08-13T14:18:49","date_gmt":"2024-08-13T14:18:49","guid":{"rendered":"https:\/\/www.iceireland.com\/course-purpose-intended-learning-outcomes-adult-courses\/"},"modified":"2026-01-30T18:26:48","modified_gmt":"2026-01-30T18:26:48","slug":"course-purpose-intended-learning-outcomes-adult-courses","status":"publish","type":"page","link":"https:\/\/www.iceireland.com\/it\/course-purpose-intended-learning-outcomes-adult-courses\/","title":{"rendered":"Scopo del corso e risultati di apprendimento previsti &#8211; Corsi per adulti"},"content":{"rendered":"\t\t<div data-elementor-type=\"wp-page\" data-elementor-id=\"33204\" class=\"elementor elementor-33204 elementor-27245\" data-elementor-post-type=\"page\">\n\t\t\t\t\t\t<section class=\"elementor-section elementor-top-section elementor-element elementor-element-edee056 elementor-section-boxed elementor-section-height-default elementor-section-height-default\" data-id=\"edee056\" data-element_type=\"section\" data-e-type=\"section\">\n\t\t\t\t\t\t<div class=\"elementor-container elementor-column-gap-default\">\n\t\t\t\t\t<div class=\"elementor-column elementor-col-100 elementor-top-column elementor-element elementor-element-7b200fb\" data-id=\"7b200fb\" data-element_type=\"column\" data-e-type=\"column\">\n\t\t\t<div class=\"elementor-widget-wrap elementor-element-populated\">\n\t\t\t\t\t\t<div class=\"elementor-element elementor-element-05f6122 elementor-widget elementor-widget-text-editor\" data-id=\"05f6122\" data-element_type=\"widget\" data-e-type=\"widget\" data-widget_type=\"text-editor.default\">\n\t\t\t\t<div class=\"elementor-widget-container\">\n\t\t\t\t\t\t\t\t\t<h2>Scopo del corso e risultati di apprendimento previsti &#8211; Corsi per adulti<\/h2><p> <\/p><p>Scopo<\/p><p>Lo scopo dei nostri corsi per adulti \u00e8 quello di fornire agli studenti adulti un ambiente completo e flessibile per migliorare le loro competenze linguistiche in inglese. Seguendo un programma strutturato basato sulla scala CEFR, il corso mira ad aiutare i partecipanti a raggiungere progressi misurabili nelle loro competenze linguistiche, rispondendo a diversi obiettivi personali e professionali. Sebbene il nostro obiettivo principale sia quello di migliorare la capacit\u00e0 dei nostri studenti di comunicare efficacemente in inglese, ci concentriamo anche sul fornire agli studenti le competenze linguistiche necessarie per il posto di lavoro, i programmi universitari e l&#8217;integrazione sociale. Gli adulti possono personalizzare il loro programma aggiungendo lezioni individuali aggiuntive, in modo da aumentare l&#8217;intensit\u00e0 del programma. Gli adulti possono anche partecipare ai nostri programmi sociali e di attivit\u00e0 per adulti, aggiungendo un elemento interculturale e turistico alla loro esperienza. Inoltre, il programma offre la possibilit\u00e0 di alloggiare presso persone locali che offrono autentiche opportunit\u00e0 di praticare l&#8217;inglese e di vivere un&#8217;immersione culturale, migliorando la comprensione e l&#8217;apprezzamento della lingua in contesti reali.     <\/p><p> <\/p><p>Risultati di apprendimento previsti<\/p><p>I risultati di apprendimento del nostro corso di inglese per adulti mirano a garantire che gli studenti raggiungano una padronanza completa e pratica della lingua, facilitando una comunicazione efficace in una variet\u00e0 di contesti. Al termine del corso, gli studenti dovranno essere in grado di dimostrare una maggiore competenza nell&#8217;ascolto, nella conversazione, nella lettura e nella scrittura, in base al loro specifico livello CEFR. Saranno in grado di comprendere e partecipare a conversazioni quotidiane, di esprimere chiaramente i loro pensieri e le loro idee e di comprendere testi scritti di varia complessit\u00e0. Inoltre, gli studenti svilupperanno la capacit\u00e0 di scrivere testi coerenti e strutturati, tra cui e-mail, relazioni e saggi, in base al loro livello di competenza.   <\/p><p>Oltre alle competenze linguistiche, il corso mira a migliorare la competenza culturale degli studenti e la loro capacit\u00e0 di orientarsi in contesti sociali e professionali in ambienti di lingua inglese. Gli studenti acquisiranno una conoscenza delle norme culturali, delle espressioni idiomatiche e dell&#8217;uso del linguaggio specifico del contesto, che permetter\u00e0 loro di interagire in modo pi\u00f9 efficace e sicuro. Il corso mira anche a migliorare l&#8217;occupabilit\u00e0 degli studenti fornendo loro un vocabolario e competenze comunicative, aprendo cos\u00ec maggiori opportunit\u00e0 di carriera. Nel complesso, il corso aspira a mettere gli studenti in condizione di raggiungere i loro obiettivi personali, professionali e accademici grazie a una solida base di conoscenza della lingua inglese e di comprensione culturale.   <\/p>\t\t\t\t\t\t\t\t<\/div>\n\t\t\t\t<\/div>\n\t\t\t\t\t<\/div>\n\t\t<\/div>\n\t\t\t\t\t<\/div>\n\t\t<\/section>\n\t\t\t\t<\/div>\n\t\t","protected":false},"excerpt":{"rendered":"<p>Scopo del corso e risultati di apprendimento previsti &#8211; Corsi per adulti Scopo Lo scopo dei nostri corsi per adulti \u00e8 quello di fornire agli studenti adulti un ambiente completo e flessibile per migliorare le loro competenze linguistiche in inglese. Seguendo un programma strutturato basato sulla scala CEFR, il corso mira ad aiutare i partecipanti [&hellip;]<\/p>\n","protected":false},"author":3,"featured_media":0,"parent":0,"menu_order":0,"comment_status":"closed","ping_status":"closed","template":"","meta":{"content-type":"","footnotes":""},"class_list":["post-33204","page","type-page","status-publish","hentry"],"yoast_head":"<!-- This site is optimized with the Yoast SEO plugin v27.3 - https:\/\/yoast.com\/product\/yoast-seo-wordpress\/ -->\n<title>Scopo del corso e risultati di apprendimento previsti - Corsi per adulti - Irish College of English<\/title>\n<meta name=\"robots\" content=\"index, follow, max-snippet:-1, max-image-preview:large, max-video-preview:-1\" \/>\n<link rel=\"canonical\" href=\"https:\/\/www.iceireland.com\/it\/course-purpose-intended-learning-outcomes-adult-courses\/\" \/>\n<meta property=\"og:locale\" content=\"it_IT\" \/>\n<meta property=\"og:type\" content=\"article\" \/>\n<meta property=\"og:title\" content=\"Scopo del corso e risultati di apprendimento previsti - Corsi per adulti - Irish College of English\" \/>\n<meta property=\"og:description\" content=\"Scopo del corso e risultati di apprendimento previsti &#8211; Corsi per adulti Scopo Lo scopo dei nostri corsi per adulti \u00e8 quello di fornire agli studenti adulti un ambiente completo e flessibile per migliorare le loro competenze linguistiche in inglese. Seguendo un programma strutturato basato sulla scala CEFR, il corso mira ad aiutare i partecipanti [&hellip;]\" \/>\n<meta property=\"og:url\" content=\"https:\/\/www.iceireland.com\/it\/course-purpose-intended-learning-outcomes-adult-courses\/\" \/>\n<meta property=\"og:site_name\" content=\"Irish College of English\" \/>\n<meta property=\"article:modified_time\" content=\"2026-01-30T18:26:48+00:00\" \/>\n<meta name=\"twitter:label1\" content=\"Tempo di lettura stimato\" \/>\n\t<meta name=\"twitter:data1\" content=\"2 minuti\" \/>\n<script type=\"application\/ld+json\" class=\"yoast-schema-graph\">{\"@context\":\"https:\\\/\\\/schema.org\",\"@graph\":[{\"@type\":\"WebPage\",\"@id\":\"https:\\\/\\\/www.iceireland.com\\\/it\\\/course-purpose-intended-learning-outcomes-adult-courses\\\/\",\"url\":\"https:\\\/\\\/www.iceireland.com\\\/it\\\/course-purpose-intended-learning-outcomes-adult-courses\\\/\",\"name\":\"Scopo del corso e risultati di apprendimento previsti - Corsi per adulti - Irish College of English\",\"isPartOf\":{\"@id\":\"https:\\\/\\\/www.iceireland.com\\\/it\\\/#website\"},\"datePublished\":\"2024-08-13T14:18:49+00:00\",\"dateModified\":\"2026-01-30T18:26:48+00:00\",\"breadcrumb\":{\"@id\":\"https:\\\/\\\/www.iceireland.com\\\/it\\\/course-purpose-intended-learning-outcomes-adult-courses\\\/#breadcrumb\"},\"inLanguage\":\"it-IT\",\"potentialAction\":[{\"@type\":\"ReadAction\",\"target\":[\"https:\\\/\\\/www.iceireland.com\\\/it\\\/course-purpose-intended-learning-outcomes-adult-courses\\\/\"]}]},{\"@type\":\"BreadcrumbList\",\"@id\":\"https:\\\/\\\/www.iceireland.com\\\/it\\\/course-purpose-intended-learning-outcomes-adult-courses\\\/#breadcrumb\",\"itemListElement\":[{\"@type\":\"ListItem\",\"position\":1,\"name\":\"Home\",\"item\":\"https:\\\/\\\/www.iceireland.com\\\/it\\\/\"},{\"@type\":\"ListItem\",\"position\":2,\"name\":\"Scopo del corso e risultati di apprendimento previsti &#8211; Corsi per adulti\"}]},{\"@type\":\"WebSite\",\"@id\":\"https:\\\/\\\/www.iceireland.com\\\/it\\\/#website\",\"url\":\"https:\\\/\\\/www.iceireland.com\\\/it\\\/\",\"name\":\"Irish College of English\",\"description\":\"English School in Dublin, Malahide\",\"publisher\":{\"@id\":\"https:\\\/\\\/www.iceireland.com\\\/it\\\/#organization\"},\"potentialAction\":[{\"@type\":\"SearchAction\",\"target\":{\"@type\":\"EntryPoint\",\"urlTemplate\":\"https:\\\/\\\/www.iceireland.com\\\/it\\\/?s={search_term_string}\"},\"query-input\":{\"@type\":\"PropertyValueSpecification\",\"valueRequired\":true,\"valueName\":\"search_term_string\"}}],\"inLanguage\":\"it-IT\"},{\"@type\":\"Organization\",\"@id\":\"https:\\\/\\\/www.iceireland.com\\\/it\\\/#organization\",\"name\":\"Irish College of English\",\"url\":\"https:\\\/\\\/www.iceireland.com\\\/it\\\/\",\"logo\":{\"@type\":\"ImageObject\",\"inLanguage\":\"it-IT\",\"@id\":\"https:\\\/\\\/www.iceireland.com\\\/it\\\/#\\\/schema\\\/logo\\\/image\\\/\",\"url\":\"https:\\\/\\\/www.iceireland.com\\\/wp-content\\\/uploads\\\/2022\\\/03\\\/logo.png\",\"contentUrl\":\"https:\\\/\\\/www.iceireland.com\\\/wp-content\\\/uploads\\\/2022\\\/03\\\/logo.png\",\"width\":593,\"height\":92,\"caption\":\"Irish College of English\"},\"image\":{\"@id\":\"https:\\\/\\\/www.iceireland.com\\\/it\\\/#\\\/schema\\\/logo\\\/image\\\/\"}}]}<\/script>\n<!-- \/ Yoast SEO plugin. -->","yoast_head_json":{"title":"Scopo del corso e risultati di apprendimento previsti - Corsi per adulti - Irish College of English","robots":{"index":"index","follow":"follow","max-snippet":"max-snippet:-1","max-image-preview":"max-image-preview:large","max-video-preview":"max-video-preview:-1"},"canonical":"https:\/\/www.iceireland.com\/it\/course-purpose-intended-learning-outcomes-adult-courses\/","og_locale":"it_IT","og_type":"article","og_title":"Scopo del corso e risultati di apprendimento previsti - Corsi per adulti - Irish College of English","og_description":"Scopo del corso e risultati di apprendimento previsti &#8211; Corsi per adulti Scopo Lo scopo dei nostri corsi per adulti \u00e8 quello di fornire agli studenti adulti un ambiente completo e flessibile per migliorare le loro competenze linguistiche in inglese. Seguendo un programma strutturato basato sulla scala CEFR, il corso mira ad aiutare i partecipanti [&hellip;]","og_url":"https:\/\/www.iceireland.com\/it\/course-purpose-intended-learning-outcomes-adult-courses\/","og_site_name":"Irish College of English","article_modified_time":"2026-01-30T18:26:48+00:00","twitter_misc":{"Tempo di lettura stimato":"2 minuti"},"schema":{"@context":"https:\/\/schema.org","@graph":[{"@type":"WebPage","@id":"https:\/\/www.iceireland.com\/it\/course-purpose-intended-learning-outcomes-adult-courses\/","url":"https:\/\/www.iceireland.com\/it\/course-purpose-intended-learning-outcomes-adult-courses\/","name":"Scopo del corso e risultati di apprendimento previsti - Corsi per adulti - Irish College of English","isPartOf":{"@id":"https:\/\/www.iceireland.com\/it\/#website"},"datePublished":"2024-08-13T14:18:49+00:00","dateModified":"2026-01-30T18:26:48+00:00","breadcrumb":{"@id":"https:\/\/www.iceireland.com\/it\/course-purpose-intended-learning-outcomes-adult-courses\/#breadcrumb"},"inLanguage":"it-IT","potentialAction":[{"@type":"ReadAction","target":["https:\/\/www.iceireland.com\/it\/course-purpose-intended-learning-outcomes-adult-courses\/"]}]},{"@type":"BreadcrumbList","@id":"https:\/\/www.iceireland.com\/it\/course-purpose-intended-learning-outcomes-adult-courses\/#breadcrumb","itemListElement":[{"@type":"ListItem","position":1,"name":"Home","item":"https:\/\/www.iceireland.com\/it\/"},{"@type":"ListItem","position":2,"name":"Scopo del corso e risultati di apprendimento previsti &#8211; Corsi per adulti"}]},{"@type":"WebSite","@id":"https:\/\/www.iceireland.com\/it\/#website","url":"https:\/\/www.iceireland.com\/it\/","name":"Irish College of English","description":"English School in Dublin, Malahide","publisher":{"@id":"https:\/\/www.iceireland.com\/it\/#organization"},"potentialAction":[{"@type":"SearchAction","target":{"@type":"EntryPoint","urlTemplate":"https:\/\/www.iceireland.com\/it\/?s={search_term_string}"},"query-input":{"@type":"PropertyValueSpecification","valueRequired":true,"valueName":"search_term_string"}}],"inLanguage":"it-IT"},{"@type":"Organization","@id":"https:\/\/www.iceireland.com\/it\/#organization","name":"Irish College of English","url":"https:\/\/www.iceireland.com\/it\/","logo":{"@type":"ImageObject","inLanguage":"it-IT","@id":"https:\/\/www.iceireland.com\/it\/#\/schema\/logo\/image\/","url":"https:\/\/www.iceireland.com\/wp-content\/uploads\/2022\/03\/logo.png","contentUrl":"https:\/\/www.iceireland.com\/wp-content\/uploads\/2022\/03\/logo.png","width":593,"height":92,"caption":"Irish College of English"},"image":{"@id":"https:\/\/www.iceireland.com\/it\/#\/schema\/logo\/image\/"}}]}},"_links":{"self":[{"href":"https:\/\/www.iceireland.com\/it\/wp-json\/wp\/v2\/pages\/33204","targetHints":{"allow":["GET"]}}],"collection":[{"href":"https:\/\/www.iceireland.com\/it\/wp-json\/wp\/v2\/pages"}],"about":[{"href":"https:\/\/www.iceireland.com\/it\/wp-json\/wp\/v2\/types\/page"}],"author":[{"embeddable":true,"href":"https:\/\/www.iceireland.com\/it\/wp-json\/wp\/v2\/users\/3"}],"replies":[{"embeddable":true,"href":"https:\/\/www.iceireland.com\/it\/wp-json\/wp\/v2\/comments?post=33204"}],"version-history":[{"count":1,"href":"https:\/\/www.iceireland.com\/it\/wp-json\/wp\/v2\/pages\/33204\/revisions"}],"predecessor-version":[{"id":33206,"href":"https:\/\/www.iceireland.com\/it\/wp-json\/wp\/v2\/pages\/33204\/revisions\/33206"}],"wp:attachment":[{"href":"https:\/\/www.iceireland.com\/it\/wp-json\/wp\/v2\/media?parent=33204"}],"curies":[{"name":"wp","href":"https:\/\/api.w.org\/{rel}","templated":true}]}}